{"id":956,"date":"2016-11-27T23:12:39","date_gmt":"2016-11-27T22:12:39","guid":{"rendered":"https:\/\/www.spyshop.info\/shop\/unkategorisiert\/wall-stethoscope-small\/"},"modified":"2019-09-08T23:19:17","modified_gmt":"2019-09-08T21:19:17","slug":"wall-stethoscope-small","status":"publish","type":"product","link":"https:\/\/www.spyshop.info\/en\/shop\/audio-surveillance\/various-audio-tools\/wall-stethoscope-small\/","title":{"rendered":"Wall Stethoscope small"},"content":{"rendered":"<p>1, To ensure proper use, make sure the battery is fully charged<br \/>\n2, Connect the earphones<br \/>\n3, Turn the main switch clockwise to turn the device on<br \/>\n4, you can adjust the volume until you hear a clear voice or a clear sound<br \/>\n5, The device provides the highest audio gain by several 2000 times<br \/>\n6, you can hear through cement walls, steel walls, wooden walls, glass cavity bricks, etc.<\/p>\n<p>Technical data:<\/p>\n<p>\u2022 Silver<br \/>\n\u2022 Dimensions: 43 mm x 36 mm<br \/>\n\u2022 Power supply: Built-in rechargeable battery<\/p>\n","protected":false},"excerpt":{"rendered":"<p>This small wall stethoscope enables you to listen through walls. You just have to hold the device against the wall behind which you would like to listen to a conversation or to other sounds and noises. The stethoscope is small, lightweight and easy to use. It offers you the transmission of voice. By using the volume and loudspeaker control you can also listen to silent conversations by amplifying them. The stethoscope amplifies the sound waves and you can understand and hear everything with your earphones.The stethoscope boosts the acoustic waves and you are able to listen to the conversations with your earphones. The stethoscope runs with a rechargeable battery, you can put it on wooden walls, door frames, steel walls, etc<\/p>\n","protected":false},"featured_media":951,"template":"","meta":[],"product_brand":[],"product_cat":[188,223],"product_tag":[],"class_list":{"0":"post-956","1":"product","2":"type-product","3":"status-publish","4":"has-post-thumbnail","6":"product_cat-audio-surveillance","7":"product_cat-various-audio-tools","9":"first","10":"outofstock","11":"taxable","12":"shipping-taxable","13":"purchasable","14":"product-type-simple"},"yoast_head":"<!-- This site is optimized with the Yoast SEO plugin v27.5 - https:\/\/yoast.com\/product\/yoast-seo-wordpress\/ -->\n<title>Wall Stethoscope small - SpyShop<\/title>\n<meta name=\"robots\" content=\"index, follow, max-snippet:-1, max-image-preview:large, max-video-preview:-1\" \/>\n<link rel=\"canonical\" href=\"https:\/\/www.spyshop.info\/en\/shop\/audio-surveillance\/various-audio-tools\/wall-stethoscope-small\/\" \/>\n<meta property=\"og:locale\" content=\"en_US\" \/>\n<meta property=\"og:type\" content=\"article\" \/>\n<meta property=\"og:title\" content=\"Wall Stethoscope small - SpyShop\" \/>\n<meta property=\"og:description\" content=\"This small wall stethoscope enables you to listen through walls. You just have to hold the device against the wall behind which you would like to listen to a conversation or to other sounds and noises. The stethoscope is small, lightweight and easy to use. It offers you the transmission of voice. By using the volume and loudspeaker control you can also listen to silent conversations by amplifying them. The stethoscope amplifies the sound waves and you can understand and hear everything with your earphones.The stethoscope boosts the acoustic waves and you are able to listen to the conversations with your earphones. The stethoscope runs with a rechargeable battery, you can put it on wooden walls, door frames, steel walls, etc\" \/>\n<meta property=\"og:url\" content=\"https:\/\/www.spyshop.info\/en\/shop\/audio-surveillance\/various-audio-tools\/wall-stethoscope-small\/\" \/>\n<meta property=\"og:site_name\" content=\"SpyShop\" \/>\n<meta property=\"article:modified_time\" content=\"2019-09-08T21:19:17+00:00\" \/>\n<meta property=\"og:image\" content=\"https:\/\/www.spyshop.info\/wp-content\/uploads\/2016\/11\/HY919B1.jpg\" \/>\n\t<meta property=\"og:image:width\" content=\"2239\" \/>\n\t<meta property=\"og:image:height\" content=\"2083\" \/>\n\t<meta property=\"og:image:type\" content=\"image\/jpeg\" \/>\n<meta name=\"twitter:card\" content=\"summary_large_image\" \/>\n<script type=\"application\/ld+json\" class=\"yoast-schema-graph\">{\"@context\":\"https:\\\/\\\/schema.org\",\"@graph\":[{\"@type\":\"WebPage\",\"@id\":\"https:\\\/\\\/www.spyshop.info\\\/en\\\/shop\\\/audio-surveillance\\\/various-audio-tools\\\/wall-stethoscope-small\\\/\",\"url\":\"https:\\\/\\\/www.spyshop.info\\\/en\\\/shop\\\/audio-surveillance\\\/various-audio-tools\\\/wall-stethoscope-small\\\/\",\"name\":\"Wall Stethoscope small - SpyShop\",\"isPartOf\":{\"@id\":\"https:\\\/\\\/www.spyshop.info\\\/#website\"},\"primaryImageOfPage\":{\"@id\":\"https:\\\/\\\/www.spyshop.info\\\/en\\\/shop\\\/audio-surveillance\\\/various-audio-tools\\\/wall-stethoscope-small\\\/#primaryimage\"},\"image\":{\"@id\":\"https:\\\/\\\/www.spyshop.info\\\/en\\\/shop\\\/audio-surveillance\\\/various-audio-tools\\\/wall-stethoscope-small\\\/#primaryimage\"},\"thumbnailUrl\":\"https:\\\/\\\/www.spyshop.info\\\/wp-content\\\/uploads\\\/2016\\\/11\\\/HY919B1.jpg\",\"datePublished\":\"2016-11-27T22:12:39+00:00\",\"dateModified\":\"2019-09-08T21:19:17+00:00\",\"breadcrumb\":{\"@id\":\"https:\\\/\\\/www.spyshop.info\\\/en\\\/shop\\\/audio-surveillance\\\/various-audio-tools\\\/wall-stethoscope-small\\\/#breadcrumb\"},\"inLanguage\":\"en-US\",\"potentialAction\":[{\"@type\":\"ReadAction\",\"target\":[\"https:\\\/\\\/www.spyshop.info\\\/en\\\/shop\\\/audio-surveillance\\\/various-audio-tools\\\/wall-stethoscope-small\\\/\"]}]},{\"@type\":\"ImageObject\",\"inLanguage\":\"en-US\",\"@id\":\"https:\\\/\\\/www.spyshop.info\\\/en\\\/shop\\\/audio-surveillance\\\/various-audio-tools\\\/wall-stethoscope-small\\\/#primaryimage\",\"url\":\"https:\\\/\\\/www.spyshop.info\\\/wp-content\\\/uploads\\\/2016\\\/11\\\/HY919B1.jpg\",\"contentUrl\":\"https:\\\/\\\/www.spyshop.info\\\/wp-content\\\/uploads\\\/2016\\\/11\\\/HY919B1.jpg\",\"width\":2239,\"height\":2083},{\"@type\":\"BreadcrumbList\",\"@id\":\"https:\\\/\\\/www.spyshop.info\\\/en\\\/shop\\\/audio-surveillance\\\/various-audio-tools\\\/wall-stethoscope-small\\\/#breadcrumb\",\"itemListElement\":[{\"@type\":\"ListItem\",\"position\":1,\"name\":\"Startseite\",\"item\":\"https:\\\/\\\/www.spyshop.info\\\/en\\\/\"},{\"@type\":\"ListItem\",\"position\":2,\"name\":\"Shop\",\"item\":\"https:\\\/\\\/www.spyshop.info\\\/en\\\/shop\\\/\"},{\"@type\":\"ListItem\",\"position\":3,\"name\":\"Wall Stethoscope small\"}]},{\"@type\":\"WebSite\",\"@id\":\"https:\\\/\\\/www.spyshop.info\\\/#website\",\"url\":\"https:\\\/\\\/www.spyshop.info\\\/\",\"name\":\"SpyShop\",\"description\":\"Abh\u00f6rger\u00e4te, GPS Sender, \u00dcberwachungskameras\",\"publisher\":{\"@id\":\"https:\\\/\\\/www.spyshop.info\\\/#organization\"},\"potentialAction\":[{\"@type\":\"SearchAction\",\"target\":{\"@type\":\"EntryPoint\",\"urlTemplate\":\"https:\\\/\\\/www.spyshop.info\\\/?s={search_term_string}\"},\"query-input\":{\"@type\":\"PropertyValueSpecification\",\"valueRequired\":true,\"valueName\":\"search_term_string\"}}],\"inLanguage\":\"en-US\"},{\"@type\":\"Organization\",\"@id\":\"https:\\\/\\\/www.spyshop.info\\\/#organization\",\"name\":\"SpyShop\",\"url\":\"https:\\\/\\\/www.spyshop.info\\\/\",\"logo\":{\"@type\":\"ImageObject\",\"inLanguage\":\"en-US\",\"@id\":\"https:\\\/\\\/www.spyshop.info\\\/#\\\/schema\\\/logo\\\/image\\\/\",\"url\":\"https:\\\/\\\/www.spyshop.info\\\/wp-content\\\/uploads\\\/2016\\\/11\\\/cropped-logo-spyshop-02-1-3.jpg\",\"contentUrl\":\"https:\\\/\\\/www.spyshop.info\\\/wp-content\\\/uploads\\\/2016\\\/11\\\/cropped-logo-spyshop-02-1-3.jpg\",\"width\":1522,\"height\":435,\"caption\":\"SpyShop\"},\"image\":{\"@id\":\"https:\\\/\\\/www.spyshop.info\\\/#\\\/schema\\\/logo\\\/image\\\/\"}}]}<\/script>\n<!-- \/ Yoast SEO plugin. -->","yoast_head_json":{"title":"Wall Stethoscope small - SpyShop","robots":{"index":"index","follow":"follow","max-snippet":"max-snippet:-1","max-image-preview":"max-image-preview:large","max-video-preview":"max-video-preview:-1"},"canonical":"https:\/\/www.spyshop.info\/en\/shop\/audio-surveillance\/various-audio-tools\/wall-stethoscope-small\/","og_locale":"en_US","og_type":"article","og_title":"Wall Stethoscope small - SpyShop","og_description":"This small wall stethoscope enables you to listen through walls. You just have to hold the device against the wall behind which you would like to listen to a conversation or to other sounds and noises. The stethoscope is small, lightweight and easy to use. It offers you the transmission of voice. By using the volume and loudspeaker control you can also listen to silent conversations by amplifying them. The stethoscope amplifies the sound waves and you can understand and hear everything with your earphones.The stethoscope boosts the acoustic waves and you are able to listen to the conversations with your earphones. The stethoscope runs with a rechargeable battery, you can put it on wooden walls, door frames, steel walls, etc","og_url":"https:\/\/www.spyshop.info\/en\/shop\/audio-surveillance\/various-audio-tools\/wall-stethoscope-small\/","og_site_name":"SpyShop","article_modified_time":"2019-09-08T21:19:17+00:00","og_image":[{"width":2239,"height":2083,"url":"https:\/\/www.spyshop.info\/wp-content\/uploads\/2016\/11\/HY919B1.jpg","type":"image\/jpeg"}],"twitter_card":"summary_large_image","schema":{"@context":"https:\/\/schema.org","@graph":[{"@type":"WebPage","@id":"https:\/\/www.spyshop.info\/en\/shop\/audio-surveillance\/various-audio-tools\/wall-stethoscope-small\/","url":"https:\/\/www.spyshop.info\/en\/shop\/audio-surveillance\/various-audio-tools\/wall-stethoscope-small\/","name":"Wall Stethoscope small - SpyShop","isPartOf":{"@id":"https:\/\/www.spyshop.info\/#website"},"primaryImageOfPage":{"@id":"https:\/\/www.spyshop.info\/en\/shop\/audio-surveillance\/various-audio-tools\/wall-stethoscope-small\/#primaryimage"},"image":{"@id":"https:\/\/www.spyshop.info\/en\/shop\/audio-surveillance\/various-audio-tools\/wall-stethoscope-small\/#primaryimage"},"thumbnailUrl":"https:\/\/www.spyshop.info\/wp-content\/uploads\/2016\/11\/HY919B1.jpg","datePublished":"2016-11-27T22:12:39+00:00","dateModified":"2019-09-08T21:19:17+00:00","breadcrumb":{"@id":"https:\/\/www.spyshop.info\/en\/shop\/audio-surveillance\/various-audio-tools\/wall-stethoscope-small\/#breadcrumb"},"inLanguage":"en-US","potentialAction":[{"@type":"ReadAction","target":["https:\/\/www.spyshop.info\/en\/shop\/audio-surveillance\/various-audio-tools\/wall-stethoscope-small\/"]}]},{"@type":"ImageObject","inLanguage":"en-US","@id":"https:\/\/www.spyshop.info\/en\/shop\/audio-surveillance\/various-audio-tools\/wall-stethoscope-small\/#primaryimage","url":"https:\/\/www.spyshop.info\/wp-content\/uploads\/2016\/11\/HY919B1.jpg","contentUrl":"https:\/\/www.spyshop.info\/wp-content\/uploads\/2016\/11\/HY919B1.jpg","width":2239,"height":2083},{"@type":"BreadcrumbList","@id":"https:\/\/www.spyshop.info\/en\/shop\/audio-surveillance\/various-audio-tools\/wall-stethoscope-small\/#breadcrumb","itemListElement":[{"@type":"ListItem","position":1,"name":"Startseite","item":"https:\/\/www.spyshop.info\/en\/"},{"@type":"ListItem","position":2,"name":"Shop","item":"https:\/\/www.spyshop.info\/en\/shop\/"},{"@type":"ListItem","position":3,"name":"Wall Stethoscope small"}]},{"@type":"WebSite","@id":"https:\/\/www.spyshop.info\/#website","url":"https:\/\/www.spyshop.info\/","name":"SpyShop","description":"Abh\u00f6rger\u00e4te, GPS Sender, \u00dcberwachungskameras","publisher":{"@id":"https:\/\/www.spyshop.info\/#organization"},"potentialAction":[{"@type":"SearchAction","target":{"@type":"EntryPoint","urlTemplate":"https:\/\/www.spyshop.info\/?s={search_term_string}"},"query-input":{"@type":"PropertyValueSpecification","valueRequired":true,"valueName":"search_term_string"}}],"inLanguage":"en-US"},{"@type":"Organization","@id":"https:\/\/www.spyshop.info\/#organization","name":"SpyShop","url":"https:\/\/www.spyshop.info\/","logo":{"@type":"ImageObject","inLanguage":"en-US","@id":"https:\/\/www.spyshop.info\/#\/schema\/logo\/image\/","url":"https:\/\/www.spyshop.info\/wp-content\/uploads\/2016\/11\/cropped-logo-spyshop-02-1-3.jpg","contentUrl":"https:\/\/www.spyshop.info\/wp-content\/uploads\/2016\/11\/cropped-logo-spyshop-02-1-3.jpg","width":1522,"height":435,"caption":"SpyShop"},"image":{"@id":"https:\/\/www.spyshop.info\/#\/schema\/logo\/image\/"}}]}},"_links":{"self":[{"href":"https:\/\/www.spyshop.info\/en\/wp-json\/wp\/v2\/product\/956","targetHints":{"allow":["GET"]}}],"collection":[{"href":"https:\/\/www.spyshop.info\/en\/wp-json\/wp\/v2\/product"}],"about":[{"href":"https:\/\/www.spyshop.info\/en\/wp-json\/wp\/v2\/types\/product"}],"version-history":[{"count":0,"href":"https:\/\/www.spyshop.info\/en\/wp-json\/wp\/v2\/product\/956\/revisions"}],"wp:featuredmedia":[{"embeddable":true,"href":"https:\/\/www.spyshop.info\/en\/wp-json\/wp\/v2\/media\/951"}],"wp:attachment":[{"href":"https:\/\/www.spyshop.info\/en\/wp-json\/wp\/v2\/media?parent=956"}],"wp:term":[{"taxonomy":"product_brand","embeddable":true,"href":"https:\/\/www.spyshop.info\/en\/wp-json\/wp\/v2\/product_brand?post=956"},{"taxonomy":"product_cat","embeddable":true,"href":"https:\/\/www.spyshop.info\/en\/wp-json\/wp\/v2\/product_cat?post=956"},{"taxonomy":"product_tag","embeddable":true,"href":"https:\/\/www.spyshop.info\/en\/wp-json\/wp\/v2\/product_tag?post=956"}],"curies":[{"name":"wp","href":"https:\/\/api.w.org\/{rel}","templated":true}]}}