{"id":910,"date":"2016-11-18T10:26:08","date_gmt":"2016-11-18T09:26:08","guid":{"rendered":"https:\/\/www.spyshop.info\/shop\/unkategorisiert\/stronic-urp-450-2\/"},"modified":"2019-05-05T10:02:12","modified_gmt":"2019-05-05T08:02:12","slug":"stronic-urp-450","status":"publish","type":"product","link":"https:\/\/www.spyshop.info\/en\/shop\/audio-surveillance\/recorders\/stronic-urp-450\/","title":{"rendered":"STronic URP-450"},"content":{"rendered":"<p>The STronic URP-450 offers an incredible voice detection mode of 450 days. It is the best of the STronic UR series. It uses the NEW chipset with the ability to set time and a larger storage capacity.<br \/>\nAnother key feature of this device is the simple and easy to use design, it has one switch that you can put into two positions. The first is for continuous recording and the second one is for voice activated recording.<br \/>\nIt features proprietary software for time setting, which is something that was omitted in the lower modules. It\u2018s a professional device, highly recommended for in field police tasks. It is an ideal voice recorder for the everyday usage, especially for long operations.<br \/>\nThe recording time goes up to incredible 240 hours when you take the size of the device into consideration. The device comes equipped with great microphones, which give you the ability to listen to up to a distance of 10 meters.<\/p>\n<p>Functions:<br \/>\nControl Simple control ( 3 positional systems, ON\/OFF and Voice activation)<br \/>\nMicrophones Very sensitive microphones which are able to recognize and record voices or noises in a radius of up to 10 meters.<br \/>\nBattery life the device offers an incredible battery life; this spy recorder can operate up to 450 days in voice detection and 240 hours of continuous recording.<br \/>\nThese values can vary based on the battery type used.<\/p>\n<p>Package contents:<br \/>\n\u2022\tSTronic URP-450<br \/>\n\u2022\tCharging cable<br \/>\n\u2022\tCharger<\/p>\n","protected":false},"excerpt":{"rendered":"<p>\u2022\tPossibility to set time<br \/>\n\u2022\t8 GB internal memory<br \/>\n\u2022\tVery long voice activation period of 450 days<br \/>\n\u2022\tHQ audio using Mp3 codec for HQ compression<\/p>\n","protected":false},"featured_media":907,"template":"","meta":[],"product_brand":[],"product_cat":[188,190],"product_tag":[],"class_list":{"0":"post-910","1":"product","2":"type-product","3":"status-publish","4":"has-post-thumbnail","6":"product_cat-audio-surveillance","7":"product_cat-recorders","9":"first","10":"instock","11":"sale","12":"taxable","13":"shipping-taxable","14":"purchasable","15":"product-type-simple"},"yoast_head":"<!-- This site is optimized with the Yoast SEO plugin v27.5 - https:\/\/yoast.com\/product\/yoast-seo-wordpress\/ -->\n<title>STronic URP-450 - SpyShop<\/title>\n<meta name=\"robots\" content=\"index, follow, max-snippet:-1, max-image-preview:large, max-video-preview:-1\" \/>\n<link rel=\"canonical\" href=\"https:\/\/www.spyshop.info\/shop\/audioueberwachung\/aufnahmegeraete\/stronic-urp-450\/\" \/>\n<meta property=\"og:locale\" content=\"en_US\" \/>\n<meta property=\"og:type\" content=\"article\" \/>\n<meta property=\"og:title\" content=\"STronic URP-450 - SpyShop\" \/>\n<meta property=\"og:description\" content=\"\u2022 Possibility to set time \u2022 8 GB internal memory \u2022 Very long voice activation period of 450 days \u2022 HQ audio using Mp3 codec for HQ compression\" \/>\n<meta property=\"og:url\" content=\"https:\/\/www.spyshop.info\/shop\/audioueberwachung\/aufnahmegeraete\/stronic-urp-450\/\" \/>\n<meta property=\"og:site_name\" content=\"SpyShop\" \/>\n<meta property=\"article:modified_time\" content=\"2019-05-05T08:02:12+00:00\" \/>\n<meta property=\"og:image\" content=\"https:\/\/www.spyshop.info\/wp-content\/uploads\/2016\/11\/stronic-urp-450.jpg\" \/>\n\t<meta property=\"og:image:width\" content=\"800\" \/>\n\t<meta property=\"og:image:height\" content=\"800\" \/>\n\t<meta property=\"og:image:type\" content=\"image\/jpeg\" \/>\n<meta name=\"twitter:card\" content=\"summary_large_image\" \/>\n<meta name=\"twitter:label1\" content=\"Est. reading time\" \/>\n\t<meta name=\"twitter:data1\" content=\"1 minute\" \/>\n<script type=\"application\/ld+json\" class=\"yoast-schema-graph\">{\"@context\":\"https:\\\/\\\/schema.org\",\"@graph\":[{\"@type\":\"WebPage\",\"@id\":\"https:\\\/\\\/www.spyshop.info\\\/shop\\\/audioueberwachung\\\/aufnahmegeraete\\\/stronic-urp-450\\\/\",\"url\":\"https:\\\/\\\/www.spyshop.info\\\/shop\\\/audioueberwachung\\\/aufnahmegeraete\\\/stronic-urp-450\\\/\",\"name\":\"STronic URP-450 - SpyShop\",\"isPartOf\":{\"@id\":\"https:\\\/\\\/www.spyshop.info\\\/#website\"},\"primaryImageOfPage\":{\"@id\":\"https:\\\/\\\/www.spyshop.info\\\/shop\\\/audioueberwachung\\\/aufnahmegeraete\\\/stronic-urp-450\\\/#primaryimage\"},\"image\":{\"@id\":\"https:\\\/\\\/www.spyshop.info\\\/shop\\\/audioueberwachung\\\/aufnahmegeraete\\\/stronic-urp-450\\\/#primaryimage\"},\"thumbnailUrl\":\"https:\\\/\\\/www.spyshop.info\\\/wp-content\\\/uploads\\\/2016\\\/11\\\/stronic-urp-450.jpg\",\"datePublished\":\"2016-11-18T09:26:08+00:00\",\"dateModified\":\"2019-05-05T08:02:12+00:00\",\"breadcrumb\":{\"@id\":\"https:\\\/\\\/www.spyshop.info\\\/shop\\\/audioueberwachung\\\/aufnahmegeraete\\\/stronic-urp-450\\\/#breadcrumb\"},\"inLanguage\":\"en-US\",\"potentialAction\":[{\"@type\":\"ReadAction\",\"target\":[\"https:\\\/\\\/www.spyshop.info\\\/shop\\\/audioueberwachung\\\/aufnahmegeraete\\\/stronic-urp-450\\\/\"]}]},{\"@type\":\"ImageObject\",\"inLanguage\":\"en-US\",\"@id\":\"https:\\\/\\\/www.spyshop.info\\\/shop\\\/audioueberwachung\\\/aufnahmegeraete\\\/stronic-urp-450\\\/#primaryimage\",\"url\":\"https:\\\/\\\/www.spyshop.info\\\/wp-content\\\/uploads\\\/2016\\\/11\\\/stronic-urp-450.jpg\",\"contentUrl\":\"https:\\\/\\\/www.spyshop.info\\\/wp-content\\\/uploads\\\/2016\\\/11\\\/stronic-urp-450.jpg\",\"width\":800,\"height\":800},{\"@type\":\"BreadcrumbList\",\"@id\":\"https:\\\/\\\/www.spyshop.info\\\/shop\\\/audioueberwachung\\\/aufnahmegeraete\\\/stronic-urp-450\\\/#breadcrumb\",\"itemListElement\":[{\"@type\":\"ListItem\",\"position\":1,\"name\":\"Startseite\",\"item\":\"https:\\\/\\\/www.spyshop.info\\\/en\\\/\"},{\"@type\":\"ListItem\",\"position\":2,\"name\":\"Shop\",\"item\":\"https:\\\/\\\/www.spyshop.info\\\/en\\\/shop\\\/\"},{\"@type\":\"ListItem\",\"position\":3,\"name\":\"STronic URP-450\"}]},{\"@type\":\"WebSite\",\"@id\":\"https:\\\/\\\/www.spyshop.info\\\/#website\",\"url\":\"https:\\\/\\\/www.spyshop.info\\\/\",\"name\":\"SpyShop\",\"description\":\"Abh\u00f6rger\u00e4te, GPS Sender, \u00dcberwachungskameras\",\"publisher\":{\"@id\":\"https:\\\/\\\/www.spyshop.info\\\/#organization\"},\"potentialAction\":[{\"@type\":\"SearchAction\",\"target\":{\"@type\":\"EntryPoint\",\"urlTemplate\":\"https:\\\/\\\/www.spyshop.info\\\/?s={search_term_string}\"},\"query-input\":{\"@type\":\"PropertyValueSpecification\",\"valueRequired\":true,\"valueName\":\"search_term_string\"}}],\"inLanguage\":\"en-US\"},{\"@type\":\"Organization\",\"@id\":\"https:\\\/\\\/www.spyshop.info\\\/#organization\",\"name\":\"SpyShop\",\"url\":\"https:\\\/\\\/www.spyshop.info\\\/\",\"logo\":{\"@type\":\"ImageObject\",\"inLanguage\":\"en-US\",\"@id\":\"https:\\\/\\\/www.spyshop.info\\\/#\\\/schema\\\/logo\\\/image\\\/\",\"url\":\"https:\\\/\\\/www.spyshop.info\\\/wp-content\\\/uploads\\\/2016\\\/11\\\/cropped-logo-spyshop-02-1-3.jpg\",\"contentUrl\":\"https:\\\/\\\/www.spyshop.info\\\/wp-content\\\/uploads\\\/2016\\\/11\\\/cropped-logo-spyshop-02-1-3.jpg\",\"width\":1522,\"height\":435,\"caption\":\"SpyShop\"},\"image\":{\"@id\":\"https:\\\/\\\/www.spyshop.info\\\/#\\\/schema\\\/logo\\\/image\\\/\"}}]}<\/script>\n<!-- \/ Yoast SEO plugin. -->","yoast_head_json":{"title":"STronic URP-450 - SpyShop","robots":{"index":"index","follow":"follow","max-snippet":"max-snippet:-1","max-image-preview":"max-image-preview:large","max-video-preview":"max-video-preview:-1"},"canonical":"https:\/\/www.spyshop.info\/shop\/audioueberwachung\/aufnahmegeraete\/stronic-urp-450\/","og_locale":"en_US","og_type":"article","og_title":"STronic URP-450 - SpyShop","og_description":"\u2022 Possibility to set time \u2022 8 GB internal memory \u2022 Very long voice activation period of 450 days \u2022 HQ audio using Mp3 codec for HQ compression","og_url":"https:\/\/www.spyshop.info\/shop\/audioueberwachung\/aufnahmegeraete\/stronic-urp-450\/","og_site_name":"SpyShop","article_modified_time":"2019-05-05T08:02:12+00:00","og_image":[{"width":800,"height":800,"url":"https:\/\/www.spyshop.info\/wp-content\/uploads\/2016\/11\/stronic-urp-450.jpg","type":"image\/jpeg"}],"twitter_card":"summary_large_image","twitter_misc":{"Est. reading time":"1 minute"},"schema":{"@context":"https:\/\/schema.org","@graph":[{"@type":"WebPage","@id":"https:\/\/www.spyshop.info\/shop\/audioueberwachung\/aufnahmegeraete\/stronic-urp-450\/","url":"https:\/\/www.spyshop.info\/shop\/audioueberwachung\/aufnahmegeraete\/stronic-urp-450\/","name":"STronic URP-450 - SpyShop","isPartOf":{"@id":"https:\/\/www.spyshop.info\/#website"},"primaryImageOfPage":{"@id":"https:\/\/www.spyshop.info\/shop\/audioueberwachung\/aufnahmegeraete\/stronic-urp-450\/#primaryimage"},"image":{"@id":"https:\/\/www.spyshop.info\/shop\/audioueberwachung\/aufnahmegeraete\/stronic-urp-450\/#primaryimage"},"thumbnailUrl":"https:\/\/www.spyshop.info\/wp-content\/uploads\/2016\/11\/stronic-urp-450.jpg","datePublished":"2016-11-18T09:26:08+00:00","dateModified":"2019-05-05T08:02:12+00:00","breadcrumb":{"@id":"https:\/\/www.spyshop.info\/shop\/audioueberwachung\/aufnahmegeraete\/stronic-urp-450\/#breadcrumb"},"inLanguage":"en-US","potentialAction":[{"@type":"ReadAction","target":["https:\/\/www.spyshop.info\/shop\/audioueberwachung\/aufnahmegeraete\/stronic-urp-450\/"]}]},{"@type":"ImageObject","inLanguage":"en-US","@id":"https:\/\/www.spyshop.info\/shop\/audioueberwachung\/aufnahmegeraete\/stronic-urp-450\/#primaryimage","url":"https:\/\/www.spyshop.info\/wp-content\/uploads\/2016\/11\/stronic-urp-450.jpg","contentUrl":"https:\/\/www.spyshop.info\/wp-content\/uploads\/2016\/11\/stronic-urp-450.jpg","width":800,"height":800},{"@type":"BreadcrumbList","@id":"https:\/\/www.spyshop.info\/shop\/audioueberwachung\/aufnahmegeraete\/stronic-urp-450\/#breadcrumb","itemListElement":[{"@type":"ListItem","position":1,"name":"Startseite","item":"https:\/\/www.spyshop.info\/en\/"},{"@type":"ListItem","position":2,"name":"Shop","item":"https:\/\/www.spyshop.info\/en\/shop\/"},{"@type":"ListItem","position":3,"name":"STronic URP-450"}]},{"@type":"WebSite","@id":"https:\/\/www.spyshop.info\/#website","url":"https:\/\/www.spyshop.info\/","name":"SpyShop","description":"Abh\u00f6rger\u00e4te, GPS Sender, \u00dcberwachungskameras","publisher":{"@id":"https:\/\/www.spyshop.info\/#organization"},"potentialAction":[{"@type":"SearchAction","target":{"@type":"EntryPoint","urlTemplate":"https:\/\/www.spyshop.info\/?s={search_term_string}"},"query-input":{"@type":"PropertyValueSpecification","valueRequired":true,"valueName":"search_term_string"}}],"inLanguage":"en-US"},{"@type":"Organization","@id":"https:\/\/www.spyshop.info\/#organization","name":"SpyShop","url":"https:\/\/www.spyshop.info\/","logo":{"@type":"ImageObject","inLanguage":"en-US","@id":"https:\/\/www.spyshop.info\/#\/schema\/logo\/image\/","url":"https:\/\/www.spyshop.info\/wp-content\/uploads\/2016\/11\/cropped-logo-spyshop-02-1-3.jpg","contentUrl":"https:\/\/www.spyshop.info\/wp-content\/uploads\/2016\/11\/cropped-logo-spyshop-02-1-3.jpg","width":1522,"height":435,"caption":"SpyShop"},"image":{"@id":"https:\/\/www.spyshop.info\/#\/schema\/logo\/image\/"}}]}},"_links":{"self":[{"href":"https:\/\/www.spyshop.info\/en\/wp-json\/wp\/v2\/product\/910","targetHints":{"allow":["GET"]}}],"collection":[{"href":"https:\/\/www.spyshop.info\/en\/wp-json\/wp\/v2\/product"}],"about":[{"href":"https:\/\/www.spyshop.info\/en\/wp-json\/wp\/v2\/types\/product"}],"version-history":[{"count":0,"href":"https:\/\/www.spyshop.info\/en\/wp-json\/wp\/v2\/product\/910\/revisions"}],"wp:featuredmedia":[{"embeddable":true,"href":"https:\/\/www.spyshop.info\/en\/wp-json\/wp\/v2\/media\/907"}],"wp:attachment":[{"href":"https:\/\/www.spyshop.info\/en\/wp-json\/wp\/v2\/media?parent=910"}],"wp:term":[{"taxonomy":"product_brand","embeddable":true,"href":"https:\/\/www.spyshop.info\/en\/wp-json\/wp\/v2\/product_brand?post=910"},{"taxonomy":"product_cat","embeddable":true,"href":"https:\/\/www.spyshop.info\/en\/wp-json\/wp\/v2\/product_cat?post=910"},{"taxonomy":"product_tag","embeddable":true,"href":"https:\/\/www.spyshop.info\/en\/wp-json\/wp\/v2\/product_tag?post=910"}],"curies":[{"name":"wp","href":"https:\/\/api.w.org\/{rel}","templated":true}]}}