{"id":866,"date":"2016-10-26T12:11:21","date_gmt":"2016-10-26T10:11:21","guid":{"rendered":"https:\/\/www.spyshop.info\/shop\/unkategorisiert\/doculus-lumus-bag\/"},"modified":"2021-05-26T22:31:53","modified_gmt":"2021-05-26T20:31:53","slug":"doculus-lumus-bag","status":"publish","type":"product","link":"https:\/\/www.spyshop.info\/en\/shop\/other\/forensics\/doculus-lumus-bag\/","title":{"rendered":"Doculus Lumus Bag"},"content":{"rendered":"<ul>\n<li>Water resistant and persistent\u00a0 bag made of Nylon<\/li>\n<li>Strong Velcro fastener belt attachment<\/li>\n<li>Snap button closure<\/li>\n<li>1 main compartment for the device<\/li>\n<li>1 small compartment in the size of a business card e.g. for a cleaning towel<\/li>\n<li>1 side compartment for spare batteries<\/li>\n<\/ul>\n","protected":false},"excerpt":{"rendered":"<ul>\n<li>Waterresistant and persistent\u00a0 bag made of Nylon<\/li>\n<li>Strong Velcro fastener belt attachment<\/li>\n<li>Snap button closure<\/li>\n<li>1 main compartment for the device<\/li>\n<li>1 small compartment in the size of a business card e.g. for a cleaning towel<\/li>\n<li>1 side compartment for spare batteries<\/li>\n<\/ul>\n","protected":false},"featured_media":863,"template":"","meta":[],"product_brand":[],"product_cat":[221,155],"product_tag":[],"class_list":{"0":"post-866","1":"product","2":"type-product","3":"status-publish","4":"has-post-thumbnail","6":"product_cat-forensics","7":"product_cat-other","9":"first","10":"outofstock","11":"taxable","12":"shipping-taxable","13":"purchasable","14":"product-type-simple"},"yoast_head":"<!-- This site is optimized with the Yoast SEO plugin v27.3 - https:\/\/yoast.com\/product\/yoast-seo-wordpress\/ -->\n<title>Case for Doculus Lumus - SpyShop<\/title>\n<meta name=\"description\" content=\"Small, durable bag for the Doculus Lumus. The waterproof bag is made of durable nylon. The material is very robust. The bag is attached with a practical belt loop.\" \/>\n<meta name=\"robots\" content=\"index, follow, max-snippet:-1, max-image-preview:large, max-video-preview:-1\" \/>\n<link rel=\"canonical\" href=\"https:\/\/www.spyshop.info\/en\/shop\/other\/forensics\/doculus-lumus-bag\/\" \/>\n<meta property=\"og:locale\" content=\"en_US\" \/>\n<meta property=\"og:type\" content=\"article\" \/>\n<meta property=\"og:title\" content=\"Case for Doculus Lumus - SpyShop\" \/>\n<meta property=\"og:description\" content=\"Small, durable bag for the Doculus Lumus. The waterproof bag is made of durable nylon. The material is very robust. The bag is attached with a practical belt loop.\" \/>\n<meta property=\"og:url\" content=\"https:\/\/www.spyshop.info\/en\/shop\/other\/forensics\/doculus-lumus-bag\/\" \/>\n<meta property=\"og:site_name\" content=\"SpyShop\" \/>\n<meta property=\"article:modified_time\" content=\"2021-05-26T20:31:53+00:00\" \/>\n<meta property=\"og:image\" content=\"https:\/\/www.spyshop.info\/wp-content\/uploads\/2016\/10\/csm_bag_56d7620318.jpg\" \/>\n\t<meta property=\"og:image:width\" content=\"600\" \/>\n\t<meta property=\"og:image:height\" content=\"600\" \/>\n\t<meta property=\"og:image:type\" content=\"image\/jpeg\" \/>\n<meta name=\"twitter:card\" content=\"summary_large_image\" \/>\n<script type=\"application\/ld+json\" class=\"yoast-schema-graph\">{\"@context\":\"https:\\\/\\\/schema.org\",\"@graph\":[{\"@type\":\"WebPage\",\"@id\":\"https:\\\/\\\/www.spyshop.info\\\/en\\\/shop\\\/other\\\/forensics\\\/doculus-lumus-bag\\\/\",\"url\":\"https:\\\/\\\/www.spyshop.info\\\/en\\\/shop\\\/other\\\/forensics\\\/doculus-lumus-bag\\\/\",\"name\":\"Case for Doculus Lumus - SpyShop\",\"isPartOf\":{\"@id\":\"https:\\\/\\\/www.spyshop.info\\\/#website\"},\"primaryImageOfPage\":{\"@id\":\"https:\\\/\\\/www.spyshop.info\\\/en\\\/shop\\\/other\\\/forensics\\\/doculus-lumus-bag\\\/#primaryimage\"},\"image\":{\"@id\":\"https:\\\/\\\/www.spyshop.info\\\/en\\\/shop\\\/other\\\/forensics\\\/doculus-lumus-bag\\\/#primaryimage\"},\"thumbnailUrl\":\"https:\\\/\\\/www.spyshop.info\\\/wp-content\\\/uploads\\\/2016\\\/10\\\/csm_bag_56d7620318.jpg\",\"datePublished\":\"2016-10-26T10:11:21+00:00\",\"dateModified\":\"2021-05-26T20:31:53+00:00\",\"description\":\"Small, durable bag for the Doculus Lumus. The waterproof bag is made of durable nylon. The material is very robust. The bag is attached with a practical belt loop.\",\"breadcrumb\":{\"@id\":\"https:\\\/\\\/www.spyshop.info\\\/en\\\/shop\\\/other\\\/forensics\\\/doculus-lumus-bag\\\/#breadcrumb\"},\"inLanguage\":\"en-US\",\"potentialAction\":[{\"@type\":\"ReadAction\",\"target\":[\"https:\\\/\\\/www.spyshop.info\\\/en\\\/shop\\\/other\\\/forensics\\\/doculus-lumus-bag\\\/\"]}]},{\"@type\":\"ImageObject\",\"inLanguage\":\"en-US\",\"@id\":\"https:\\\/\\\/www.spyshop.info\\\/en\\\/shop\\\/other\\\/forensics\\\/doculus-lumus-bag\\\/#primaryimage\",\"url\":\"https:\\\/\\\/www.spyshop.info\\\/wp-content\\\/uploads\\\/2016\\\/10\\\/csm_bag_56d7620318.jpg\",\"contentUrl\":\"https:\\\/\\\/www.spyshop.info\\\/wp-content\\\/uploads\\\/2016\\\/10\\\/csm_bag_56d7620318.jpg\",\"width\":600,\"height\":600},{\"@type\":\"BreadcrumbList\",\"@id\":\"https:\\\/\\\/www.spyshop.info\\\/en\\\/shop\\\/other\\\/forensics\\\/doculus-lumus-bag\\\/#breadcrumb\",\"itemListElement\":[{\"@type\":\"ListItem\",\"position\":1,\"name\":\"Startseite\",\"item\":\"https:\\\/\\\/www.spyshop.info\\\/en\\\/\"},{\"@type\":\"ListItem\",\"position\":2,\"name\":\"Shop\",\"item\":\"https:\\\/\\\/www.spyshop.info\\\/en\\\/shop\\\/\"},{\"@type\":\"ListItem\",\"position\":3,\"name\":\"Doculus Lumus Bag\"}]},{\"@type\":\"WebSite\",\"@id\":\"https:\\\/\\\/www.spyshop.info\\\/#website\",\"url\":\"https:\\\/\\\/www.spyshop.info\\\/\",\"name\":\"SpyShop\",\"description\":\"Abh\u00f6rger\u00e4te, GPS Sender, \u00dcberwachungskameras\",\"publisher\":{\"@id\":\"https:\\\/\\\/www.spyshop.info\\\/#organization\"},\"potentialAction\":[{\"@type\":\"SearchAction\",\"target\":{\"@type\":\"EntryPoint\",\"urlTemplate\":\"https:\\\/\\\/www.spyshop.info\\\/?s={search_term_string}\"},\"query-input\":{\"@type\":\"PropertyValueSpecification\",\"valueRequired\":true,\"valueName\":\"search_term_string\"}}],\"inLanguage\":\"en-US\"},{\"@type\":\"Organization\",\"@id\":\"https:\\\/\\\/www.spyshop.info\\\/#organization\",\"name\":\"SpyShop\",\"url\":\"https:\\\/\\\/www.spyshop.info\\\/\",\"logo\":{\"@type\":\"ImageObject\",\"inLanguage\":\"en-US\",\"@id\":\"https:\\\/\\\/www.spyshop.info\\\/#\\\/schema\\\/logo\\\/image\\\/\",\"url\":\"https:\\\/\\\/www.spyshop.info\\\/wp-content\\\/uploads\\\/2016\\\/11\\\/cropped-logo-spyshop-02-1-3.jpg\",\"contentUrl\":\"https:\\\/\\\/www.spyshop.info\\\/wp-content\\\/uploads\\\/2016\\\/11\\\/cropped-logo-spyshop-02-1-3.jpg\",\"width\":1522,\"height\":435,\"caption\":\"SpyShop\"},\"image\":{\"@id\":\"https:\\\/\\\/www.spyshop.info\\\/#\\\/schema\\\/logo\\\/image\\\/\"}}]}<\/script>\n<!-- \/ Yoast SEO plugin. -->","yoast_head_json":{"title":"Case for Doculus Lumus - SpyShop","description":"Small, durable bag for the Doculus Lumus. The waterproof bag is made of durable nylon. The material is very robust. The bag is attached with a practical belt loop.","robots":{"index":"index","follow":"follow","max-snippet":"max-snippet:-1","max-image-preview":"max-image-preview:large","max-video-preview":"max-video-preview:-1"},"canonical":"https:\/\/www.spyshop.info\/en\/shop\/other\/forensics\/doculus-lumus-bag\/","og_locale":"en_US","og_type":"article","og_title":"Case for Doculus Lumus - SpyShop","og_description":"Small, durable bag for the Doculus Lumus. The waterproof bag is made of durable nylon. The material is very robust. The bag is attached with a practical belt loop.","og_url":"https:\/\/www.spyshop.info\/en\/shop\/other\/forensics\/doculus-lumus-bag\/","og_site_name":"SpyShop","article_modified_time":"2021-05-26T20:31:53+00:00","og_image":[{"width":600,"height":600,"url":"https:\/\/www.spyshop.info\/wp-content\/uploads\/2016\/10\/csm_bag_56d7620318.jpg","type":"image\/jpeg"}],"twitter_card":"summary_large_image","schema":{"@context":"https:\/\/schema.org","@graph":[{"@type":"WebPage","@id":"https:\/\/www.spyshop.info\/en\/shop\/other\/forensics\/doculus-lumus-bag\/","url":"https:\/\/www.spyshop.info\/en\/shop\/other\/forensics\/doculus-lumus-bag\/","name":"Case for Doculus Lumus - SpyShop","isPartOf":{"@id":"https:\/\/www.spyshop.info\/#website"},"primaryImageOfPage":{"@id":"https:\/\/www.spyshop.info\/en\/shop\/other\/forensics\/doculus-lumus-bag\/#primaryimage"},"image":{"@id":"https:\/\/www.spyshop.info\/en\/shop\/other\/forensics\/doculus-lumus-bag\/#primaryimage"},"thumbnailUrl":"https:\/\/www.spyshop.info\/wp-content\/uploads\/2016\/10\/csm_bag_56d7620318.jpg","datePublished":"2016-10-26T10:11:21+00:00","dateModified":"2021-05-26T20:31:53+00:00","description":"Small, durable bag for the Doculus Lumus. The waterproof bag is made of durable nylon. The material is very robust. The bag is attached with a practical belt loop.","breadcrumb":{"@id":"https:\/\/www.spyshop.info\/en\/shop\/other\/forensics\/doculus-lumus-bag\/#breadcrumb"},"inLanguage":"en-US","potentialAction":[{"@type":"ReadAction","target":["https:\/\/www.spyshop.info\/en\/shop\/other\/forensics\/doculus-lumus-bag\/"]}]},{"@type":"ImageObject","inLanguage":"en-US","@id":"https:\/\/www.spyshop.info\/en\/shop\/other\/forensics\/doculus-lumus-bag\/#primaryimage","url":"https:\/\/www.spyshop.info\/wp-content\/uploads\/2016\/10\/csm_bag_56d7620318.jpg","contentUrl":"https:\/\/www.spyshop.info\/wp-content\/uploads\/2016\/10\/csm_bag_56d7620318.jpg","width":600,"height":600},{"@type":"BreadcrumbList","@id":"https:\/\/www.spyshop.info\/en\/shop\/other\/forensics\/doculus-lumus-bag\/#breadcrumb","itemListElement":[{"@type":"ListItem","position":1,"name":"Startseite","item":"https:\/\/www.spyshop.info\/en\/"},{"@type":"ListItem","position":2,"name":"Shop","item":"https:\/\/www.spyshop.info\/en\/shop\/"},{"@type":"ListItem","position":3,"name":"Doculus Lumus Bag"}]},{"@type":"WebSite","@id":"https:\/\/www.spyshop.info\/#website","url":"https:\/\/www.spyshop.info\/","name":"SpyShop","description":"Abh\u00f6rger\u00e4te, GPS Sender, \u00dcberwachungskameras","publisher":{"@id":"https:\/\/www.spyshop.info\/#organization"},"potentialAction":[{"@type":"SearchAction","target":{"@type":"EntryPoint","urlTemplate":"https:\/\/www.spyshop.info\/?s={search_term_string}"},"query-input":{"@type":"PropertyValueSpecification","valueRequired":true,"valueName":"search_term_string"}}],"inLanguage":"en-US"},{"@type":"Organization","@id":"https:\/\/www.spyshop.info\/#organization","name":"SpyShop","url":"https:\/\/www.spyshop.info\/","logo":{"@type":"ImageObject","inLanguage":"en-US","@id":"https:\/\/www.spyshop.info\/#\/schema\/logo\/image\/","url":"https:\/\/www.spyshop.info\/wp-content\/uploads\/2016\/11\/cropped-logo-spyshop-02-1-3.jpg","contentUrl":"https:\/\/www.spyshop.info\/wp-content\/uploads\/2016\/11\/cropped-logo-spyshop-02-1-3.jpg","width":1522,"height":435,"caption":"SpyShop"},"image":{"@id":"https:\/\/www.spyshop.info\/#\/schema\/logo\/image\/"}}]}},"_links":{"self":[{"href":"https:\/\/www.spyshop.info\/en\/wp-json\/wp\/v2\/product\/866","targetHints":{"allow":["GET"]}}],"collection":[{"href":"https:\/\/www.spyshop.info\/en\/wp-json\/wp\/v2\/product"}],"about":[{"href":"https:\/\/www.spyshop.info\/en\/wp-json\/wp\/v2\/types\/product"}],"version-history":[{"count":0,"href":"https:\/\/www.spyshop.info\/en\/wp-json\/wp\/v2\/product\/866\/revisions"}],"wp:featuredmedia":[{"embeddable":true,"href":"https:\/\/www.spyshop.info\/en\/wp-json\/wp\/v2\/media\/863"}],"wp:attachment":[{"href":"https:\/\/www.spyshop.info\/en\/wp-json\/wp\/v2\/media?parent=866"}],"wp:term":[{"taxonomy":"product_brand","embeddable":true,"href":"https:\/\/www.spyshop.info\/en\/wp-json\/wp\/v2\/product_brand?post=866"},{"taxonomy":"product_cat","embeddable":true,"href":"https:\/\/www.spyshop.info\/en\/wp-json\/wp\/v2\/product_cat?post=866"},{"taxonomy":"product_tag","embeddable":true,"href":"https:\/\/www.spyshop.info\/en\/wp-json\/wp\/v2\/product_tag?post=866"}],"curies":[{"name":"wp","href":"https:\/\/api.w.org\/{rel}","templated":true}]}}