{"id":801,"date":"2016-10-05T23:29:54","date_gmt":"2016-10-05T21:29:54","guid":{"rendered":"https:\/\/www.spyshop.info\/shop\/unkategorisiert\/iphone-power-case-camera-1080p\/"},"modified":"2022-02-02T22:08:01","modified_gmt":"2022-02-02T21:08:01","slug":"iphone-power-case-camera-1080p","status":"publish","type":"product","link":"https:\/\/www.spyshop.info\/en\/shop\/video-surveillance\/hidden-cameras-with-recording\/iphone-power-case-camera-1080p\/","title":{"rendered":"IPhone Power-Case Camera 1080p"},"content":{"rendered":"<p>&nbsp;<\/p>\n<table width=\"568\">\n<tbody>\n<tr>\n<td width=\"199\">Pixel<\/td>\n<td width=\"369\">5.0 Mega CMOS<\/td>\n<\/tr>\n<tr>\n<td width=\"199\">Resolution Ratio<\/td>\n<td width=\"369\">1920*1080P<\/td>\n<\/tr>\n<tr>\n<td width=\"199\">Video Format<\/td>\n<td width=\"369\">AVI<\/td>\n<\/tr>\n<tr>\n<td width=\"199\">Frame Number<\/td>\n<td width=\"369\">30fps<\/td>\n<\/tr>\n<tr>\n<td width=\"199\">Visual Angle<\/td>\n<td width=\"369\">90 degree<\/td>\n<\/tr>\n<tr>\n<td width=\"199\">Motion Detection Camera Shooting<\/td>\n<td width=\"369\">Straight line 6 meters<\/td>\n<\/tr>\n<tr>\n<td width=\"199\">Minimal Illumination<\/td>\n<td width=\"369\">1LUX<\/td>\n<\/tr>\n<tr>\n<td width=\"199\">Battery Capacity<\/td>\n<td width=\"369\">10000MA<\/td>\n<\/tr>\n<tr>\n<td width=\"199\">Battery Video Recorder<\/td>\n<td width=\"369\">10 Hours<\/td>\n<\/tr>\n<tr>\n<td width=\"199\">Battery motion detection<\/td>\n<td width=\"369\">40 hours<\/td>\n<\/tr>\n<tr>\n<td width=\"199\">Voice Recording Range<\/td>\n<td width=\"369\">40\u33a1<\/td>\n<\/tr>\n<tr>\n<td width=\"199\">Consumption<\/td>\n<td width=\"369\">240MA\/3.7V<\/td>\n<\/tr>\n<tr>\n<td width=\"199\">Storage Temperature<\/td>\n<td width=\"369\">-20-80 degree centigrade<\/td>\n<\/tr>\n<tr>\n<td width=\"199\">Operating Temperature<\/td>\n<td width=\"369\">-10-60 degree centigrade<\/td>\n<\/tr>\n<tr>\n<td width=\"199\">Operation Humidity<\/td>\n<td width=\"369\">15-85%RH<\/td>\n<\/tr>\n<tr>\n<td width=\"199\">Memory Card Type<\/td>\n<td width=\"369\">Internal 8GB<\/td>\n<\/tr>\n<tr>\n<td width=\"199\">Player Software<\/td>\n<td width=\"369\">VLC-Player\/SM-Player<\/td>\n<\/tr>\n<\/tbody>\n<\/table>\n<p>&nbsp;<\/p>\n","protected":false},"excerpt":{"rendered":"<p>The IPhone Charge Jacket can not only charge the mobile phone. It also contains a hidden camera whose lenses are adjacent to the charging plug. Put the phone on your table and the camcorder records in perfect video and audio quality.<\/p>\n","protected":false},"featured_media":794,"template":"","meta":[],"product_brand":[],"product_cat":[167,164],"product_tag":[],"class_list":{"0":"post-801","1":"product","2":"type-product","3":"status-publish","4":"has-post-thumbnail","6":"product_cat-hidden-cameras-with-recording","7":"product_cat-video-surveillance","9":"first","10":"outofstock","11":"taxable","12":"shipping-taxable","13":"purchasable","14":"product-type-simple"},"yoast_head":"<!-- This site is optimized with the Yoast SEO plugin v27.4 - https:\/\/yoast.com\/product\/yoast-seo-wordpress\/ -->\n<title>IPhone Power-Case Camera 1080p - SpyShop<\/title>\n<meta name=\"robots\" content=\"index, follow, max-snippet:-1, max-image-preview:large, max-video-preview:-1\" \/>\n<link rel=\"canonical\" href=\"https:\/\/www.spyshop.info\/en\/shop\/video-surveillance\/hidden-cameras-with-recording\/iphone-power-case-camera-1080p\/\" \/>\n<meta property=\"og:locale\" content=\"en_US\" \/>\n<meta property=\"og:type\" content=\"article\" \/>\n<meta property=\"og:title\" content=\"IPhone Power-Case Camera 1080p - SpyShop\" \/>\n<meta property=\"og:description\" content=\"The IPhone Charge Jacket can not only charge the mobile phone. It also contains a hidden camera whose lenses are adjacent to the charging plug. Put the phone on your table and the camcorder records in perfect video and audio quality.\" \/>\n<meta property=\"og:url\" content=\"https:\/\/www.spyshop.info\/en\/shop\/video-surveillance\/hidden-cameras-with-recording\/iphone-power-case-camera-1080p\/\" \/>\n<meta property=\"og:site_name\" content=\"SpyShop\" \/>\n<meta property=\"article:modified_time\" content=\"2022-02-02T21:08:01+00:00\" \/>\n<meta property=\"og:image\" content=\"https:\/\/www.spyshop.info\/wp-content\/uploads\/2016\/10\/A7-black.jpg\" \/>\n\t<meta property=\"og:image:width\" content=\"1500\" \/>\n\t<meta property=\"og:image:height\" content=\"1244\" \/>\n\t<meta property=\"og:image:type\" content=\"image\/jpeg\" \/>\n<meta name=\"twitter:card\" content=\"summary_large_image\" \/>\n<script type=\"application\/ld+json\" class=\"yoast-schema-graph\">{\"@context\":\"https:\\\/\\\/schema.org\",\"@graph\":[{\"@type\":\"WebPage\",\"@id\":\"https:\\\/\\\/www.spyshop.info\\\/en\\\/shop\\\/video-surveillance\\\/hidden-cameras-with-recording\\\/iphone-power-case-camera-1080p\\\/\",\"url\":\"https:\\\/\\\/www.spyshop.info\\\/en\\\/shop\\\/video-surveillance\\\/hidden-cameras-with-recording\\\/iphone-power-case-camera-1080p\\\/\",\"name\":\"IPhone Power-Case Camera 1080p - SpyShop\",\"isPartOf\":{\"@id\":\"https:\\\/\\\/www.spyshop.info\\\/#website\"},\"primaryImageOfPage\":{\"@id\":\"https:\\\/\\\/www.spyshop.info\\\/en\\\/shop\\\/video-surveillance\\\/hidden-cameras-with-recording\\\/iphone-power-case-camera-1080p\\\/#primaryimage\"},\"image\":{\"@id\":\"https:\\\/\\\/www.spyshop.info\\\/en\\\/shop\\\/video-surveillance\\\/hidden-cameras-with-recording\\\/iphone-power-case-camera-1080p\\\/#primaryimage\"},\"thumbnailUrl\":\"https:\\\/\\\/www.spyshop.info\\\/wp-content\\\/uploads\\\/2016\\\/10\\\/A7-black.jpg\",\"datePublished\":\"2016-10-05T21:29:54+00:00\",\"dateModified\":\"2022-02-02T21:08:01+00:00\",\"breadcrumb\":{\"@id\":\"https:\\\/\\\/www.spyshop.info\\\/en\\\/shop\\\/video-surveillance\\\/hidden-cameras-with-recording\\\/iphone-power-case-camera-1080p\\\/#breadcrumb\"},\"inLanguage\":\"en-US\",\"potentialAction\":[{\"@type\":\"ReadAction\",\"target\":[\"https:\\\/\\\/www.spyshop.info\\\/en\\\/shop\\\/video-surveillance\\\/hidden-cameras-with-recording\\\/iphone-power-case-camera-1080p\\\/\"]}]},{\"@type\":\"ImageObject\",\"inLanguage\":\"en-US\",\"@id\":\"https:\\\/\\\/www.spyshop.info\\\/en\\\/shop\\\/video-surveillance\\\/hidden-cameras-with-recording\\\/iphone-power-case-camera-1080p\\\/#primaryimage\",\"url\":\"https:\\\/\\\/www.spyshop.info\\\/wp-content\\\/uploads\\\/2016\\\/10\\\/A7-black.jpg\",\"contentUrl\":\"https:\\\/\\\/www.spyshop.info\\\/wp-content\\\/uploads\\\/2016\\\/10\\\/A7-black.jpg\",\"width\":1500,\"height\":1244},{\"@type\":\"BreadcrumbList\",\"@id\":\"https:\\\/\\\/www.spyshop.info\\\/en\\\/shop\\\/video-surveillance\\\/hidden-cameras-with-recording\\\/iphone-power-case-camera-1080p\\\/#breadcrumb\",\"itemListElement\":[{\"@type\":\"ListItem\",\"position\":1,\"name\":\"Startseite\",\"item\":\"https:\\\/\\\/www.spyshop.info\\\/en\\\/\"},{\"@type\":\"ListItem\",\"position\":2,\"name\":\"Shop\",\"item\":\"https:\\\/\\\/www.spyshop.info\\\/en\\\/shop\\\/\"},{\"@type\":\"ListItem\",\"position\":3,\"name\":\"IPhone Power-Case Camera 1080p\"}]},{\"@type\":\"WebSite\",\"@id\":\"https:\\\/\\\/www.spyshop.info\\\/#website\",\"url\":\"https:\\\/\\\/www.spyshop.info\\\/\",\"name\":\"SpyShop\",\"description\":\"Abh\u00f6rger\u00e4te, GPS Sender, \u00dcberwachungskameras\",\"publisher\":{\"@id\":\"https:\\\/\\\/www.spyshop.info\\\/#organization\"},\"potentialAction\":[{\"@type\":\"SearchAction\",\"target\":{\"@type\":\"EntryPoint\",\"urlTemplate\":\"https:\\\/\\\/www.spyshop.info\\\/?s={search_term_string}\"},\"query-input\":{\"@type\":\"PropertyValueSpecification\",\"valueRequired\":true,\"valueName\":\"search_term_string\"}}],\"inLanguage\":\"en-US\"},{\"@type\":\"Organization\",\"@id\":\"https:\\\/\\\/www.spyshop.info\\\/#organization\",\"name\":\"SpyShop\",\"url\":\"https:\\\/\\\/www.spyshop.info\\\/\",\"logo\":{\"@type\":\"ImageObject\",\"inLanguage\":\"en-US\",\"@id\":\"https:\\\/\\\/www.spyshop.info\\\/#\\\/schema\\\/logo\\\/image\\\/\",\"url\":\"https:\\\/\\\/www.spyshop.info\\\/wp-content\\\/uploads\\\/2016\\\/11\\\/cropped-logo-spyshop-02-1-3.jpg\",\"contentUrl\":\"https:\\\/\\\/www.spyshop.info\\\/wp-content\\\/uploads\\\/2016\\\/11\\\/cropped-logo-spyshop-02-1-3.jpg\",\"width\":1522,\"height\":435,\"caption\":\"SpyShop\"},\"image\":{\"@id\":\"https:\\\/\\\/www.spyshop.info\\\/#\\\/schema\\\/logo\\\/image\\\/\"}}]}<\/script>\n<!-- \/ Yoast SEO plugin. -->","yoast_head_json":{"title":"IPhone Power-Case Camera 1080p - SpyShop","robots":{"index":"index","follow":"follow","max-snippet":"max-snippet:-1","max-image-preview":"max-image-preview:large","max-video-preview":"max-video-preview:-1"},"canonical":"https:\/\/www.spyshop.info\/en\/shop\/video-surveillance\/hidden-cameras-with-recording\/iphone-power-case-camera-1080p\/","og_locale":"en_US","og_type":"article","og_title":"IPhone Power-Case Camera 1080p - SpyShop","og_description":"The IPhone Charge Jacket can not only charge the mobile phone. It also contains a hidden camera whose lenses are adjacent to the charging plug. Put the phone on your table and the camcorder records in perfect video and audio quality.","og_url":"https:\/\/www.spyshop.info\/en\/shop\/video-surveillance\/hidden-cameras-with-recording\/iphone-power-case-camera-1080p\/","og_site_name":"SpyShop","article_modified_time":"2022-02-02T21:08:01+00:00","og_image":[{"width":1500,"height":1244,"url":"https:\/\/www.spyshop.info\/wp-content\/uploads\/2016\/10\/A7-black.jpg","type":"image\/jpeg"}],"twitter_card":"summary_large_image","schema":{"@context":"https:\/\/schema.org","@graph":[{"@type":"WebPage","@id":"https:\/\/www.spyshop.info\/en\/shop\/video-surveillance\/hidden-cameras-with-recording\/iphone-power-case-camera-1080p\/","url":"https:\/\/www.spyshop.info\/en\/shop\/video-surveillance\/hidden-cameras-with-recording\/iphone-power-case-camera-1080p\/","name":"IPhone Power-Case Camera 1080p - SpyShop","isPartOf":{"@id":"https:\/\/www.spyshop.info\/#website"},"primaryImageOfPage":{"@id":"https:\/\/www.spyshop.info\/en\/shop\/video-surveillance\/hidden-cameras-with-recording\/iphone-power-case-camera-1080p\/#primaryimage"},"image":{"@id":"https:\/\/www.spyshop.info\/en\/shop\/video-surveillance\/hidden-cameras-with-recording\/iphone-power-case-camera-1080p\/#primaryimage"},"thumbnailUrl":"https:\/\/www.spyshop.info\/wp-content\/uploads\/2016\/10\/A7-black.jpg","datePublished":"2016-10-05T21:29:54+00:00","dateModified":"2022-02-02T21:08:01+00:00","breadcrumb":{"@id":"https:\/\/www.spyshop.info\/en\/shop\/video-surveillance\/hidden-cameras-with-recording\/iphone-power-case-camera-1080p\/#breadcrumb"},"inLanguage":"en-US","potentialAction":[{"@type":"ReadAction","target":["https:\/\/www.spyshop.info\/en\/shop\/video-surveillance\/hidden-cameras-with-recording\/iphone-power-case-camera-1080p\/"]}]},{"@type":"ImageObject","inLanguage":"en-US","@id":"https:\/\/www.spyshop.info\/en\/shop\/video-surveillance\/hidden-cameras-with-recording\/iphone-power-case-camera-1080p\/#primaryimage","url":"https:\/\/www.spyshop.info\/wp-content\/uploads\/2016\/10\/A7-black.jpg","contentUrl":"https:\/\/www.spyshop.info\/wp-content\/uploads\/2016\/10\/A7-black.jpg","width":1500,"height":1244},{"@type":"BreadcrumbList","@id":"https:\/\/www.spyshop.info\/en\/shop\/video-surveillance\/hidden-cameras-with-recording\/iphone-power-case-camera-1080p\/#breadcrumb","itemListElement":[{"@type":"ListItem","position":1,"name":"Startseite","item":"https:\/\/www.spyshop.info\/en\/"},{"@type":"ListItem","position":2,"name":"Shop","item":"https:\/\/www.spyshop.info\/en\/shop\/"},{"@type":"ListItem","position":3,"name":"IPhone Power-Case Camera 1080p"}]},{"@type":"WebSite","@id":"https:\/\/www.spyshop.info\/#website","url":"https:\/\/www.spyshop.info\/","name":"SpyShop","description":"Abh\u00f6rger\u00e4te, GPS Sender, \u00dcberwachungskameras","publisher":{"@id":"https:\/\/www.spyshop.info\/#organization"},"potentialAction":[{"@type":"SearchAction","target":{"@type":"EntryPoint","urlTemplate":"https:\/\/www.spyshop.info\/?s={search_term_string}"},"query-input":{"@type":"PropertyValueSpecification","valueRequired":true,"valueName":"search_term_string"}}],"inLanguage":"en-US"},{"@type":"Organization","@id":"https:\/\/www.spyshop.info\/#organization","name":"SpyShop","url":"https:\/\/www.spyshop.info\/","logo":{"@type":"ImageObject","inLanguage":"en-US","@id":"https:\/\/www.spyshop.info\/#\/schema\/logo\/image\/","url":"https:\/\/www.spyshop.info\/wp-content\/uploads\/2016\/11\/cropped-logo-spyshop-02-1-3.jpg","contentUrl":"https:\/\/www.spyshop.info\/wp-content\/uploads\/2016\/11\/cropped-logo-spyshop-02-1-3.jpg","width":1522,"height":435,"caption":"SpyShop"},"image":{"@id":"https:\/\/www.spyshop.info\/#\/schema\/logo\/image\/"}}]}},"_links":{"self":[{"href":"https:\/\/www.spyshop.info\/en\/wp-json\/wp\/v2\/product\/801","targetHints":{"allow":["GET"]}}],"collection":[{"href":"https:\/\/www.spyshop.info\/en\/wp-json\/wp\/v2\/product"}],"about":[{"href":"https:\/\/www.spyshop.info\/en\/wp-json\/wp\/v2\/types\/product"}],"version-history":[{"count":0,"href":"https:\/\/www.spyshop.info\/en\/wp-json\/wp\/v2\/product\/801\/revisions"}],"wp:featuredmedia":[{"embeddable":true,"href":"https:\/\/www.spyshop.info\/en\/wp-json\/wp\/v2\/media\/794"}],"wp:attachment":[{"href":"https:\/\/www.spyshop.info\/en\/wp-json\/wp\/v2\/media?parent=801"}],"wp:term":[{"taxonomy":"product_brand","embeddable":true,"href":"https:\/\/www.spyshop.info\/en\/wp-json\/wp\/v2\/product_brand?post=801"},{"taxonomy":"product_cat","embeddable":true,"href":"https:\/\/www.spyshop.info\/en\/wp-json\/wp\/v2\/product_cat?post=801"},{"taxonomy":"product_tag","embeddable":true,"href":"https:\/\/www.spyshop.info\/en\/wp-json\/wp\/v2\/product_tag?post=801"}],"curies":[{"name":"wp","href":"https:\/\/api.w.org\/{rel}","templated":true}]}}