{"id":790,"date":"2016-10-05T23:03:55","date_gmt":"2016-10-05T21:03:55","guid":{"rendered":"https:\/\/www.spyshop.info\/shop\/unkategorisiert\/tissue-box-wifi-camera-1080p\/"},"modified":"2019-04-08T22:35:46","modified_gmt":"2019-04-08T20:35:46","slug":"tissue-box-wifi-camera-1080p","status":"publish","type":"product","link":"https:\/\/www.spyshop.info\/en\/shop\/video-surveillance\/hidden-cameras-with-recording\/tissue-box-wifi-camera-1080p\/","title":{"rendered":"Tissue Box WIFI Camera 1080p"},"content":{"rendered":"<p>Product Features<\/p>\n<ul>\n<li>Flexible appearance and easy to carry;<\/li>\n<li>Large battery capacity can work long hours;<\/li>\n<li>With hidden video function;<\/li>\n<li>Working while charging;<\/li>\n<\/ul>\n<p>&nbsp;<\/p>\n<table width=\"568\">\n<tbody>\n<tr>\n<td width=\"199\">Pixel<\/td>\n<td width=\"369\">5 megapixel CMOS<\/td>\n<\/tr>\n<tr>\n<td width=\"199\">Resolution<\/td>\n<td width=\"369\">1080P\/720P\/480P Selectable<\/td>\n<\/tr>\n<tr>\n<td width=\"199\">Video format<\/td>\n<td width=\"369\">AVI<\/td>\n<\/tr>\n<tr>\n<td width=\"199\">Frames<\/td>\n<td width=\"369\">25<\/td>\n<\/tr>\n<tr>\n<td width=\"199\">View angle<\/td>\n<td width=\"369\">90\u00b0<\/td>\n<\/tr>\n<tr>\n<td width=\"199\">Distance of motion detection shooting<\/td>\n<td width=\"369\">6 m straight-line distance<\/td>\n<\/tr>\n<tr>\n<td width=\"199\">Minimum illumination<\/td>\n<td width=\"369\">1LUX<\/td>\n<\/tr>\n<tr>\n<td width=\"199\">Battery capacity<\/td>\n<td width=\"369\">4000MA<\/td>\n<\/tr>\n<tr>\n<td width=\"199\">Continuous shooting time<\/td>\n<td width=\"369\">More than 24 hours<\/td>\n<\/tr>\n<tr>\n<td width=\"199\">Compressed format<\/td>\n<td width=\"369\">H.264<\/td>\n<\/tr>\n<tr>\n<td width=\"199\">Sound recording range<\/td>\n<td width=\"369\">5\u33a1<\/td>\n<\/tr>\n<tr>\n<td width=\"199\">Power consumption<\/td>\n<td width=\"369\">260MA\/3.7V<\/td>\n<\/tr>\n<tr>\n<td width=\"199\">Storage temperature<\/td>\n<td width=\"369\">-20-80\u2103<\/td>\n<\/tr>\n<tr>\n<td width=\"199\">Operating temperature<\/td>\n<td width=\"369\">-10-60\u2103<\/td>\n<\/tr>\n<tr>\n<td width=\"199\">Operating humidity<\/td>\n<td width=\"369\">15-85%RH<\/td>\n<\/tr>\n<tr>\n<td width=\"199\">Type of memory card<\/td>\n<td width=\"369\">TF card<\/td>\n<\/tr>\n<tr>\n<td width=\"199\">Maximum capacity of memory card<\/td>\n<td width=\"369\">32GB<\/td>\n<\/tr>\n<tr>\n<td width=\"199\">Play software<\/td>\n<td width=\"369\">VLC-Player \/ SM-Player<\/td>\n<\/tr>\n<tr>\n<td width=\"199\">Computer operation system<\/td>\n<td width=\"369\">Windows\/Mac OS X<\/td>\n<\/tr>\n<tr>\n<td width=\"199\">Mobile phone operation system<\/td>\n<td width=\"369\">Android \/ iOS<\/td>\n<\/tr>\n<tr>\n<td width=\"199\">Web browser<\/td>\n<td width=\"369\">IE7 and above,chrome,firefox safari, etc<\/td>\n<\/tr>\n<\/tbody>\n<\/table>\n<p>&nbsp;<\/p>\n","protected":false},"excerpt":{"rendered":"<p>This product is a HD (1080P @ 25FPS) network camera monitoring module, with external TF card memory. It is a multi-functional high-tech product which integrates functions of video recording, photographing, motion detection alarm and APP real-time monitoring etc. This product is equipped with a high-capacity battery and a 5 million-pixel high-definition video function. It supports a up to 32GB TF card; long-time work and APP operation, which makes it more convenient. Moreover, it works as the best anti-theft and evidence-gathering tool with strong concealment.<\/p>\n","protected":false},"featured_media":787,"template":"","meta":[],"product_brand":[],"product_cat":[167,164,168],"product_tag":[],"class_list":{"0":"post-790","1":"product","2":"type-product","3":"status-publish","4":"has-post-thumbnail","6":"product_cat-hidden-cameras-with-recording","7":"product_cat-video-surveillance","8":"product_cat-hidden-wifi-radio-and-gsm-cameras","10":"first","11":"outofstock","12":"taxable","13":"shipping-taxable","14":"purchasable","15":"product-type-simple"},"yoast_head":"<!-- This site is optimized with the Yoast SEO plugin v27.5 - https:\/\/yoast.com\/product\/yoast-seo-wordpress\/ -->\n<title>Tissue Box WIFI Camera 1080p - SpyShop<\/title>\n<meta name=\"robots\" content=\"index, follow, max-snippet:-1, max-image-preview:large, max-video-preview:-1\" \/>\n<link rel=\"canonical\" href=\"https:\/\/www.spyshop.info\/en\/shop\/video-surveillance\/hidden-cameras-with-recording\/tissue-box-wifi-camera-1080p\/\" \/>\n<meta property=\"og:locale\" content=\"en_US\" \/>\n<meta property=\"og:type\" content=\"article\" \/>\n<meta property=\"og:title\" content=\"Tissue Box WIFI Camera 1080p - SpyShop\" \/>\n<meta property=\"og:description\" content=\"This product is a HD (1080P @ 25FPS) network camera monitoring module, with external TF card memory. It is a multi-functional high-tech product which integrates functions of video recording, photographing, motion detection alarm and APP real-time monitoring etc. This product is equipped with a high-capacity battery and a 5 million-pixel high-definition video function. It supports a up to 32GB TF card; long-time work and APP operation, which makes it more convenient. Moreover, it works as the best anti-theft and evidence-gathering tool with strong concealment.\" \/>\n<meta property=\"og:url\" content=\"https:\/\/www.spyshop.info\/en\/shop\/video-surveillance\/hidden-cameras-with-recording\/tissue-box-wifi-camera-1080p\/\" \/>\n<meta property=\"og:site_name\" content=\"SpyShop\" \/>\n<meta property=\"article:modified_time\" content=\"2019-04-08T20:35:46+00:00\" \/>\n<meta property=\"og:image\" content=\"https:\/\/www.spyshop.info\/wp-content\/uploads\/2016\/10\/WI-E5-tissue-WIFI-Box-1.jpg\" \/>\n\t<meta property=\"og:image:width\" content=\"4288\" \/>\n\t<meta property=\"og:image:height\" content=\"2848\" \/>\n\t<meta property=\"og:image:type\" content=\"image\/jpeg\" \/>\n<meta name=\"twitter:card\" content=\"summary_large_image\" \/>\n<meta name=\"twitter:label1\" content=\"Est. reading time\" \/>\n\t<meta name=\"twitter:data1\" content=\"1 minute\" \/>\n<script type=\"application\/ld+json\" class=\"yoast-schema-graph\">{\"@context\":\"https:\\\/\\\/schema.org\",\"@graph\":[{\"@type\":\"WebPage\",\"@id\":\"https:\\\/\\\/www.spyshop.info\\\/en\\\/shop\\\/video-surveillance\\\/hidden-cameras-with-recording\\\/tissue-box-wifi-camera-1080p\\\/\",\"url\":\"https:\\\/\\\/www.spyshop.info\\\/en\\\/shop\\\/video-surveillance\\\/hidden-cameras-with-recording\\\/tissue-box-wifi-camera-1080p\\\/\",\"name\":\"Tissue Box WIFI Camera 1080p - SpyShop\",\"isPartOf\":{\"@id\":\"https:\\\/\\\/www.spyshop.info\\\/#website\"},\"primaryImageOfPage\":{\"@id\":\"https:\\\/\\\/www.spyshop.info\\\/en\\\/shop\\\/video-surveillance\\\/hidden-cameras-with-recording\\\/tissue-box-wifi-camera-1080p\\\/#primaryimage\"},\"image\":{\"@id\":\"https:\\\/\\\/www.spyshop.info\\\/en\\\/shop\\\/video-surveillance\\\/hidden-cameras-with-recording\\\/tissue-box-wifi-camera-1080p\\\/#primaryimage\"},\"thumbnailUrl\":\"https:\\\/\\\/www.spyshop.info\\\/wp-content\\\/uploads\\\/2016\\\/10\\\/WI-E5-tissue-WIFI-Box-1.jpg\",\"datePublished\":\"2016-10-05T21:03:55+00:00\",\"dateModified\":\"2019-04-08T20:35:46+00:00\",\"breadcrumb\":{\"@id\":\"https:\\\/\\\/www.spyshop.info\\\/en\\\/shop\\\/video-surveillance\\\/hidden-cameras-with-recording\\\/tissue-box-wifi-camera-1080p\\\/#breadcrumb\"},\"inLanguage\":\"en-US\",\"potentialAction\":[{\"@type\":\"ReadAction\",\"target\":[\"https:\\\/\\\/www.spyshop.info\\\/en\\\/shop\\\/video-surveillance\\\/hidden-cameras-with-recording\\\/tissue-box-wifi-camera-1080p\\\/\"]}]},{\"@type\":\"ImageObject\",\"inLanguage\":\"en-US\",\"@id\":\"https:\\\/\\\/www.spyshop.info\\\/en\\\/shop\\\/video-surveillance\\\/hidden-cameras-with-recording\\\/tissue-box-wifi-camera-1080p\\\/#primaryimage\",\"url\":\"https:\\\/\\\/www.spyshop.info\\\/wp-content\\\/uploads\\\/2016\\\/10\\\/WI-E5-tissue-WIFI-Box-1.jpg\",\"contentUrl\":\"https:\\\/\\\/www.spyshop.info\\\/wp-content\\\/uploads\\\/2016\\\/10\\\/WI-E5-tissue-WIFI-Box-1.jpg\",\"width\":4288,\"height\":2848},{\"@type\":\"BreadcrumbList\",\"@id\":\"https:\\\/\\\/www.spyshop.info\\\/en\\\/shop\\\/video-surveillance\\\/hidden-cameras-with-recording\\\/tissue-box-wifi-camera-1080p\\\/#breadcrumb\",\"itemListElement\":[{\"@type\":\"ListItem\",\"position\":1,\"name\":\"Startseite\",\"item\":\"https:\\\/\\\/www.spyshop.info\\\/en\\\/\"},{\"@type\":\"ListItem\",\"position\":2,\"name\":\"Shop\",\"item\":\"https:\\\/\\\/www.spyshop.info\\\/en\\\/shop\\\/\"},{\"@type\":\"ListItem\",\"position\":3,\"name\":\"Tissue Box WIFI Camera 1080p\"}]},{\"@type\":\"WebSite\",\"@id\":\"https:\\\/\\\/www.spyshop.info\\\/#website\",\"url\":\"https:\\\/\\\/www.spyshop.info\\\/\",\"name\":\"SpyShop\",\"description\":\"Abh\u00f6rger\u00e4te, GPS Sender, \u00dcberwachungskameras\",\"publisher\":{\"@id\":\"https:\\\/\\\/www.spyshop.info\\\/#organization\"},\"potentialAction\":[{\"@type\":\"SearchAction\",\"target\":{\"@type\":\"EntryPoint\",\"urlTemplate\":\"https:\\\/\\\/www.spyshop.info\\\/?s={search_term_string}\"},\"query-input\":{\"@type\":\"PropertyValueSpecification\",\"valueRequired\":true,\"valueName\":\"search_term_string\"}}],\"inLanguage\":\"en-US\"},{\"@type\":\"Organization\",\"@id\":\"https:\\\/\\\/www.spyshop.info\\\/#organization\",\"name\":\"SpyShop\",\"url\":\"https:\\\/\\\/www.spyshop.info\\\/\",\"logo\":{\"@type\":\"ImageObject\",\"inLanguage\":\"en-US\",\"@id\":\"https:\\\/\\\/www.spyshop.info\\\/#\\\/schema\\\/logo\\\/image\\\/\",\"url\":\"https:\\\/\\\/www.spyshop.info\\\/wp-content\\\/uploads\\\/2016\\\/11\\\/cropped-logo-spyshop-02-1-3.jpg\",\"contentUrl\":\"https:\\\/\\\/www.spyshop.info\\\/wp-content\\\/uploads\\\/2016\\\/11\\\/cropped-logo-spyshop-02-1-3.jpg\",\"width\":1522,\"height\":435,\"caption\":\"SpyShop\"},\"image\":{\"@id\":\"https:\\\/\\\/www.spyshop.info\\\/#\\\/schema\\\/logo\\\/image\\\/\"}}]}<\/script>\n<!-- \/ Yoast SEO plugin. -->","yoast_head_json":{"title":"Tissue Box WIFI Camera 1080p - SpyShop","robots":{"index":"index","follow":"follow","max-snippet":"max-snippet:-1","max-image-preview":"max-image-preview:large","max-video-preview":"max-video-preview:-1"},"canonical":"https:\/\/www.spyshop.info\/en\/shop\/video-surveillance\/hidden-cameras-with-recording\/tissue-box-wifi-camera-1080p\/","og_locale":"en_US","og_type":"article","og_title":"Tissue Box WIFI Camera 1080p - SpyShop","og_description":"This product is a HD (1080P @ 25FPS) network camera monitoring module, with external TF card memory. It is a multi-functional high-tech product which integrates functions of video recording, photographing, motion detection alarm and APP real-time monitoring etc. This product is equipped with a high-capacity battery and a 5 million-pixel high-definition video function. It supports a up to 32GB TF card; long-time work and APP operation, which makes it more convenient. Moreover, it works as the best anti-theft and evidence-gathering tool with strong concealment.","og_url":"https:\/\/www.spyshop.info\/en\/shop\/video-surveillance\/hidden-cameras-with-recording\/tissue-box-wifi-camera-1080p\/","og_site_name":"SpyShop","article_modified_time":"2019-04-08T20:35:46+00:00","og_image":[{"width":4288,"height":2848,"url":"https:\/\/www.spyshop.info\/wp-content\/uploads\/2016\/10\/WI-E5-tissue-WIFI-Box-1.jpg","type":"image\/jpeg"}],"twitter_card":"summary_large_image","twitter_misc":{"Est. reading time":"1 minute"},"schema":{"@context":"https:\/\/schema.org","@graph":[{"@type":"WebPage","@id":"https:\/\/www.spyshop.info\/en\/shop\/video-surveillance\/hidden-cameras-with-recording\/tissue-box-wifi-camera-1080p\/","url":"https:\/\/www.spyshop.info\/en\/shop\/video-surveillance\/hidden-cameras-with-recording\/tissue-box-wifi-camera-1080p\/","name":"Tissue Box WIFI Camera 1080p - SpyShop","isPartOf":{"@id":"https:\/\/www.spyshop.info\/#website"},"primaryImageOfPage":{"@id":"https:\/\/www.spyshop.info\/en\/shop\/video-surveillance\/hidden-cameras-with-recording\/tissue-box-wifi-camera-1080p\/#primaryimage"},"image":{"@id":"https:\/\/www.spyshop.info\/en\/shop\/video-surveillance\/hidden-cameras-with-recording\/tissue-box-wifi-camera-1080p\/#primaryimage"},"thumbnailUrl":"https:\/\/www.spyshop.info\/wp-content\/uploads\/2016\/10\/WI-E5-tissue-WIFI-Box-1.jpg","datePublished":"2016-10-05T21:03:55+00:00","dateModified":"2019-04-08T20:35:46+00:00","breadcrumb":{"@id":"https:\/\/www.spyshop.info\/en\/shop\/video-surveillance\/hidden-cameras-with-recording\/tissue-box-wifi-camera-1080p\/#breadcrumb"},"inLanguage":"en-US","potentialAction":[{"@type":"ReadAction","target":["https:\/\/www.spyshop.info\/en\/shop\/video-surveillance\/hidden-cameras-with-recording\/tissue-box-wifi-camera-1080p\/"]}]},{"@type":"ImageObject","inLanguage":"en-US","@id":"https:\/\/www.spyshop.info\/en\/shop\/video-surveillance\/hidden-cameras-with-recording\/tissue-box-wifi-camera-1080p\/#primaryimage","url":"https:\/\/www.spyshop.info\/wp-content\/uploads\/2016\/10\/WI-E5-tissue-WIFI-Box-1.jpg","contentUrl":"https:\/\/www.spyshop.info\/wp-content\/uploads\/2016\/10\/WI-E5-tissue-WIFI-Box-1.jpg","width":4288,"height":2848},{"@type":"BreadcrumbList","@id":"https:\/\/www.spyshop.info\/en\/shop\/video-surveillance\/hidden-cameras-with-recording\/tissue-box-wifi-camera-1080p\/#breadcrumb","itemListElement":[{"@type":"ListItem","position":1,"name":"Startseite","item":"https:\/\/www.spyshop.info\/en\/"},{"@type":"ListItem","position":2,"name":"Shop","item":"https:\/\/www.spyshop.info\/en\/shop\/"},{"@type":"ListItem","position":3,"name":"Tissue Box WIFI Camera 1080p"}]},{"@type":"WebSite","@id":"https:\/\/www.spyshop.info\/#website","url":"https:\/\/www.spyshop.info\/","name":"SpyShop","description":"Abh\u00f6rger\u00e4te, GPS Sender, \u00dcberwachungskameras","publisher":{"@id":"https:\/\/www.spyshop.info\/#organization"},"potentialAction":[{"@type":"SearchAction","target":{"@type":"EntryPoint","urlTemplate":"https:\/\/www.spyshop.info\/?s={search_term_string}"},"query-input":{"@type":"PropertyValueSpecification","valueRequired":true,"valueName":"search_term_string"}}],"inLanguage":"en-US"},{"@type":"Organization","@id":"https:\/\/www.spyshop.info\/#organization","name":"SpyShop","url":"https:\/\/www.spyshop.info\/","logo":{"@type":"ImageObject","inLanguage":"en-US","@id":"https:\/\/www.spyshop.info\/#\/schema\/logo\/image\/","url":"https:\/\/www.spyshop.info\/wp-content\/uploads\/2016\/11\/cropped-logo-spyshop-02-1-3.jpg","contentUrl":"https:\/\/www.spyshop.info\/wp-content\/uploads\/2016\/11\/cropped-logo-spyshop-02-1-3.jpg","width":1522,"height":435,"caption":"SpyShop"},"image":{"@id":"https:\/\/www.spyshop.info\/#\/schema\/logo\/image\/"}}]}},"_links":{"self":[{"href":"https:\/\/www.spyshop.info\/en\/wp-json\/wp\/v2\/product\/790","targetHints":{"allow":["GET"]}}],"collection":[{"href":"https:\/\/www.spyshop.info\/en\/wp-json\/wp\/v2\/product"}],"about":[{"href":"https:\/\/www.spyshop.info\/en\/wp-json\/wp\/v2\/types\/product"}],"version-history":[{"count":0,"href":"https:\/\/www.spyshop.info\/en\/wp-json\/wp\/v2\/product\/790\/revisions"}],"wp:featuredmedia":[{"embeddable":true,"href":"https:\/\/www.spyshop.info\/en\/wp-json\/wp\/v2\/media\/787"}],"wp:attachment":[{"href":"https:\/\/www.spyshop.info\/en\/wp-json\/wp\/v2\/media?parent=790"}],"wp:term":[{"taxonomy":"product_brand","embeddable":true,"href":"https:\/\/www.spyshop.info\/en\/wp-json\/wp\/v2\/product_brand?post=790"},{"taxonomy":"product_cat","embeddable":true,"href":"https:\/\/www.spyshop.info\/en\/wp-json\/wp\/v2\/product_cat?post=790"},{"taxonomy":"product_tag","embeddable":true,"href":"https:\/\/www.spyshop.info\/en\/wp-json\/wp\/v2\/product_tag?post=790"}],"curies":[{"name":"wp","href":"https:\/\/api.w.org\/{rel}","templated":true}]}}