{"id":781,"date":"2016-10-05T22:20:12","date_gmt":"2016-10-05T20:20:12","guid":{"rendered":"https:\/\/www.spyshop.info\/shop\/unkategorisiert\/vario-pro-k-2\/"},"modified":"2019-05-05T10:02:54","modified_gmt":"2019-05-05T08:02:54","slug":"vario-pro-k","status":"publish","type":"product","link":"https:\/\/www.spyshop.info\/en\/shop\/audio-surveillance\/gsm-bugs\/vario-pro-k\/","title":{"rendered":"Vario PRO k+"},"content":{"rendered":"<p>The Vario PRO K+ can last for up to 180 days in standby mode, depending on the battery that you have selected. It is a very reliable listening device with easy installation and very good quality in standby mode and in call-back performance. The design is similar to the rest of our other LongLife units, focusing on a minimalistic look, so the device can be disguised very easily.<\/p>\n<p>The sound quality is very similar to the Glite series where we are using a similar microphone but a more advanced chip structure, this unit stays very basic in terms of commands. Callback activation is the only possible command.<\/p>\n<p>External battery:<\/p>\n<p>With the Vario PRO K+ you can select different battery sizes, starting from 800mAh to 12800 mAh, depending on your needs. This device works a as a charger for the batteries but you can also get an external battery charger.<\/p>\n<p>Functions:<\/p>\n<ul>\n<li>extremely clear sound<\/li>\n<li>up to 180 days standby depending on the battery<\/li>\n<li>VOX call back function<\/li>\n<li><\/li>\n<\/ul>\n<p>Package contents:<\/p>\n<ul>\n<li>GSM Spy Bug Vario PRO K+<\/li>\n<li>charging adaptor<\/li>\n<li>50 cm extended microphone<\/li>\n<li>charging cable<\/li>\n<li>3M mounting system<\/li>\n<\/ul>\n","protected":false},"excerpt":{"rendered":"<p>The Vario PRO K+ is an upgraded version of the Vario series, due to a surge in demand for even better sound quality we have decided to use a Knowles Microphone on the device which offers competitive edge at an affordable price. Vario is a series with external battery that can be changed according to your needs.<\/p>\n","protected":false},"featured_media":776,"template":"","meta":[],"product_brand":[],"product_cat":[188,192],"product_tag":[],"class_list":{"0":"post-781","1":"product","2":"type-product","3":"status-publish","4":"has-post-thumbnail","6":"product_cat-audio-surveillance","7":"product_cat-gsm-bugs","9":"first","10":"instock","11":"taxable","12":"shipping-taxable","13":"purchasable","14":"product-type-simple"},"yoast_head":"<!-- This site is optimized with the Yoast SEO plugin v27.4 - https:\/\/yoast.com\/product\/yoast-seo-wordpress\/ -->\n<title>Vario PRO k+ - SpyShop<\/title>\n<meta name=\"robots\" content=\"index, follow, max-snippet:-1, max-image-preview:large, max-video-preview:-1\" \/>\n<link rel=\"canonical\" href=\"https:\/\/www.spyshop.info\/en\/shop\/audio-surveillance\/gsm-bugs\/vario-pro-k\/\" \/>\n<meta property=\"og:locale\" content=\"en_US\" \/>\n<meta property=\"og:type\" content=\"article\" \/>\n<meta property=\"og:title\" content=\"Vario PRO k+ - SpyShop\" \/>\n<meta property=\"og:description\" content=\"The Vario PRO K+ is an upgraded version of the Vario series, due to a surge in demand for even better sound quality we have decided to use a Knowles Microphone on the device which offers competitive edge at an affordable price. Vario is a series with external battery that can be changed according to your needs.\" \/>\n<meta property=\"og:url\" content=\"https:\/\/www.spyshop.info\/en\/shop\/audio-surveillance\/gsm-bugs\/vario-pro-k\/\" \/>\n<meta property=\"og:site_name\" content=\"SpyShop\" \/>\n<meta property=\"article:modified_time\" content=\"2019-05-05T08:02:54+00:00\" \/>\n<meta property=\"og:image\" content=\"https:\/\/www.spyshop.info\/wp-content\/uploads\/2016\/10\/vario-pro-k.jpg\" \/>\n\t<meta property=\"og:image:width\" content=\"800\" \/>\n\t<meta property=\"og:image:height\" content=\"800\" \/>\n\t<meta property=\"og:image:type\" content=\"image\/jpeg\" \/>\n<meta name=\"twitter:card\" content=\"summary_large_image\" \/>\n<meta name=\"twitter:label1\" content=\"Est. reading time\" \/>\n\t<meta name=\"twitter:data1\" content=\"1 minute\" \/>\n<script type=\"application\/ld+json\" class=\"yoast-schema-graph\">{\"@context\":\"https:\\\/\\\/schema.org\",\"@graph\":[{\"@type\":\"WebPage\",\"@id\":\"https:\\\/\\\/www.spyshop.info\\\/en\\\/shop\\\/audio-surveillance\\\/gsm-bugs\\\/vario-pro-k\\\/\",\"url\":\"https:\\\/\\\/www.spyshop.info\\\/en\\\/shop\\\/audio-surveillance\\\/gsm-bugs\\\/vario-pro-k\\\/\",\"name\":\"Vario PRO k+ - SpyShop\",\"isPartOf\":{\"@id\":\"https:\\\/\\\/www.spyshop.info\\\/#website\"},\"primaryImageOfPage\":{\"@id\":\"https:\\\/\\\/www.spyshop.info\\\/en\\\/shop\\\/audio-surveillance\\\/gsm-bugs\\\/vario-pro-k\\\/#primaryimage\"},\"image\":{\"@id\":\"https:\\\/\\\/www.spyshop.info\\\/en\\\/shop\\\/audio-surveillance\\\/gsm-bugs\\\/vario-pro-k\\\/#primaryimage\"},\"thumbnailUrl\":\"https:\\\/\\\/www.spyshop.info\\\/wp-content\\\/uploads\\\/2016\\\/10\\\/vario-pro-k.jpg\",\"datePublished\":\"2016-10-05T20:20:12+00:00\",\"dateModified\":\"2019-05-05T08:02:54+00:00\",\"breadcrumb\":{\"@id\":\"https:\\\/\\\/www.spyshop.info\\\/en\\\/shop\\\/audio-surveillance\\\/gsm-bugs\\\/vario-pro-k\\\/#breadcrumb\"},\"inLanguage\":\"en-US\",\"potentialAction\":[{\"@type\":\"ReadAction\",\"target\":[\"https:\\\/\\\/www.spyshop.info\\\/en\\\/shop\\\/audio-surveillance\\\/gsm-bugs\\\/vario-pro-k\\\/\"]}]},{\"@type\":\"ImageObject\",\"inLanguage\":\"en-US\",\"@id\":\"https:\\\/\\\/www.spyshop.info\\\/en\\\/shop\\\/audio-surveillance\\\/gsm-bugs\\\/vario-pro-k\\\/#primaryimage\",\"url\":\"https:\\\/\\\/www.spyshop.info\\\/wp-content\\\/uploads\\\/2016\\\/10\\\/vario-pro-k.jpg\",\"contentUrl\":\"https:\\\/\\\/www.spyshop.info\\\/wp-content\\\/uploads\\\/2016\\\/10\\\/vario-pro-k.jpg\",\"width\":800,\"height\":800},{\"@type\":\"BreadcrumbList\",\"@id\":\"https:\\\/\\\/www.spyshop.info\\\/en\\\/shop\\\/audio-surveillance\\\/gsm-bugs\\\/vario-pro-k\\\/#breadcrumb\",\"itemListElement\":[{\"@type\":\"ListItem\",\"position\":1,\"name\":\"Startseite\",\"item\":\"https:\\\/\\\/www.spyshop.info\\\/en\\\/\"},{\"@type\":\"ListItem\",\"position\":2,\"name\":\"Shop\",\"item\":\"https:\\\/\\\/www.spyshop.info\\\/en\\\/shop\\\/\"},{\"@type\":\"ListItem\",\"position\":3,\"name\":\"Vario PRO k+\"}]},{\"@type\":\"WebSite\",\"@id\":\"https:\\\/\\\/www.spyshop.info\\\/#website\",\"url\":\"https:\\\/\\\/www.spyshop.info\\\/\",\"name\":\"SpyShop\",\"description\":\"Abh\u00f6rger\u00e4te, GPS Sender, \u00dcberwachungskameras\",\"publisher\":{\"@id\":\"https:\\\/\\\/www.spyshop.info\\\/#organization\"},\"potentialAction\":[{\"@type\":\"SearchAction\",\"target\":{\"@type\":\"EntryPoint\",\"urlTemplate\":\"https:\\\/\\\/www.spyshop.info\\\/?s={search_term_string}\"},\"query-input\":{\"@type\":\"PropertyValueSpecification\",\"valueRequired\":true,\"valueName\":\"search_term_string\"}}],\"inLanguage\":\"en-US\"},{\"@type\":\"Organization\",\"@id\":\"https:\\\/\\\/www.spyshop.info\\\/#organization\",\"name\":\"SpyShop\",\"url\":\"https:\\\/\\\/www.spyshop.info\\\/\",\"logo\":{\"@type\":\"ImageObject\",\"inLanguage\":\"en-US\",\"@id\":\"https:\\\/\\\/www.spyshop.info\\\/#\\\/schema\\\/logo\\\/image\\\/\",\"url\":\"https:\\\/\\\/www.spyshop.info\\\/wp-content\\\/uploads\\\/2016\\\/11\\\/cropped-logo-spyshop-02-1-3.jpg\",\"contentUrl\":\"https:\\\/\\\/www.spyshop.info\\\/wp-content\\\/uploads\\\/2016\\\/11\\\/cropped-logo-spyshop-02-1-3.jpg\",\"width\":1522,\"height\":435,\"caption\":\"SpyShop\"},\"image\":{\"@id\":\"https:\\\/\\\/www.spyshop.info\\\/#\\\/schema\\\/logo\\\/image\\\/\"}}]}<\/script>\n<!-- \/ Yoast SEO plugin. -->","yoast_head_json":{"title":"Vario PRO k+ - SpyShop","robots":{"index":"index","follow":"follow","max-snippet":"max-snippet:-1","max-image-preview":"max-image-preview:large","max-video-preview":"max-video-preview:-1"},"canonical":"https:\/\/www.spyshop.info\/en\/shop\/audio-surveillance\/gsm-bugs\/vario-pro-k\/","og_locale":"en_US","og_type":"article","og_title":"Vario PRO k+ - SpyShop","og_description":"The Vario PRO K+ is an upgraded version of the Vario series, due to a surge in demand for even better sound quality we have decided to use a Knowles Microphone on the device which offers competitive edge at an affordable price. Vario is a series with external battery that can be changed according to your needs.","og_url":"https:\/\/www.spyshop.info\/en\/shop\/audio-surveillance\/gsm-bugs\/vario-pro-k\/","og_site_name":"SpyShop","article_modified_time":"2019-05-05T08:02:54+00:00","og_image":[{"width":800,"height":800,"url":"https:\/\/www.spyshop.info\/wp-content\/uploads\/2016\/10\/vario-pro-k.jpg","type":"image\/jpeg"}],"twitter_card":"summary_large_image","twitter_misc":{"Est. reading time":"1 minute"},"schema":{"@context":"https:\/\/schema.org","@graph":[{"@type":"WebPage","@id":"https:\/\/www.spyshop.info\/en\/shop\/audio-surveillance\/gsm-bugs\/vario-pro-k\/","url":"https:\/\/www.spyshop.info\/en\/shop\/audio-surveillance\/gsm-bugs\/vario-pro-k\/","name":"Vario PRO k+ - SpyShop","isPartOf":{"@id":"https:\/\/www.spyshop.info\/#website"},"primaryImageOfPage":{"@id":"https:\/\/www.spyshop.info\/en\/shop\/audio-surveillance\/gsm-bugs\/vario-pro-k\/#primaryimage"},"image":{"@id":"https:\/\/www.spyshop.info\/en\/shop\/audio-surveillance\/gsm-bugs\/vario-pro-k\/#primaryimage"},"thumbnailUrl":"https:\/\/www.spyshop.info\/wp-content\/uploads\/2016\/10\/vario-pro-k.jpg","datePublished":"2016-10-05T20:20:12+00:00","dateModified":"2019-05-05T08:02:54+00:00","breadcrumb":{"@id":"https:\/\/www.spyshop.info\/en\/shop\/audio-surveillance\/gsm-bugs\/vario-pro-k\/#breadcrumb"},"inLanguage":"en-US","potentialAction":[{"@type":"ReadAction","target":["https:\/\/www.spyshop.info\/en\/shop\/audio-surveillance\/gsm-bugs\/vario-pro-k\/"]}]},{"@type":"ImageObject","inLanguage":"en-US","@id":"https:\/\/www.spyshop.info\/en\/shop\/audio-surveillance\/gsm-bugs\/vario-pro-k\/#primaryimage","url":"https:\/\/www.spyshop.info\/wp-content\/uploads\/2016\/10\/vario-pro-k.jpg","contentUrl":"https:\/\/www.spyshop.info\/wp-content\/uploads\/2016\/10\/vario-pro-k.jpg","width":800,"height":800},{"@type":"BreadcrumbList","@id":"https:\/\/www.spyshop.info\/en\/shop\/audio-surveillance\/gsm-bugs\/vario-pro-k\/#breadcrumb","itemListElement":[{"@type":"ListItem","position":1,"name":"Startseite","item":"https:\/\/www.spyshop.info\/en\/"},{"@type":"ListItem","position":2,"name":"Shop","item":"https:\/\/www.spyshop.info\/en\/shop\/"},{"@type":"ListItem","position":3,"name":"Vario PRO k+"}]},{"@type":"WebSite","@id":"https:\/\/www.spyshop.info\/#website","url":"https:\/\/www.spyshop.info\/","name":"SpyShop","description":"Abh\u00f6rger\u00e4te, GPS Sender, \u00dcberwachungskameras","publisher":{"@id":"https:\/\/www.spyshop.info\/#organization"},"potentialAction":[{"@type":"SearchAction","target":{"@type":"EntryPoint","urlTemplate":"https:\/\/www.spyshop.info\/?s={search_term_string}"},"query-input":{"@type":"PropertyValueSpecification","valueRequired":true,"valueName":"search_term_string"}}],"inLanguage":"en-US"},{"@type":"Organization","@id":"https:\/\/www.spyshop.info\/#organization","name":"SpyShop","url":"https:\/\/www.spyshop.info\/","logo":{"@type":"ImageObject","inLanguage":"en-US","@id":"https:\/\/www.spyshop.info\/#\/schema\/logo\/image\/","url":"https:\/\/www.spyshop.info\/wp-content\/uploads\/2016\/11\/cropped-logo-spyshop-02-1-3.jpg","contentUrl":"https:\/\/www.spyshop.info\/wp-content\/uploads\/2016\/11\/cropped-logo-spyshop-02-1-3.jpg","width":1522,"height":435,"caption":"SpyShop"},"image":{"@id":"https:\/\/www.spyshop.info\/#\/schema\/logo\/image\/"}}]}},"_links":{"self":[{"href":"https:\/\/www.spyshop.info\/en\/wp-json\/wp\/v2\/product\/781","targetHints":{"allow":["GET"]}}],"collection":[{"href":"https:\/\/www.spyshop.info\/en\/wp-json\/wp\/v2\/product"}],"about":[{"href":"https:\/\/www.spyshop.info\/en\/wp-json\/wp\/v2\/types\/product"}],"version-history":[{"count":0,"href":"https:\/\/www.spyshop.info\/en\/wp-json\/wp\/v2\/product\/781\/revisions"}],"wp:featuredmedia":[{"embeddable":true,"href":"https:\/\/www.spyshop.info\/en\/wp-json\/wp\/v2\/media\/776"}],"wp:attachment":[{"href":"https:\/\/www.spyshop.info\/en\/wp-json\/wp\/v2\/media?parent=781"}],"wp:term":[{"taxonomy":"product_brand","embeddable":true,"href":"https:\/\/www.spyshop.info\/en\/wp-json\/wp\/v2\/product_brand?post=781"},{"taxonomy":"product_cat","embeddable":true,"href":"https:\/\/www.spyshop.info\/en\/wp-json\/wp\/v2\/product_cat?post=781"},{"taxonomy":"product_tag","embeddable":true,"href":"https:\/\/www.spyshop.info\/en\/wp-json\/wp\/v2\/product_tag?post=781"}],"curies":[{"name":"wp","href":"https:\/\/api.w.org\/{rel}","templated":true}]}}