{"id":705,"date":"2016-08-30T12:06:11","date_gmt":"2016-08-30T10:06:11","guid":{"rendered":"https:\/\/www.spyshop.info\/shop\/unkategorisiert\/ultralife-spy-camera-in-junction-box\/"},"modified":"2021-05-12T12:34:36","modified_gmt":"2021-05-12T10:34:36","slug":"ultralife-spy-camera-in-junction-box","status":"publish","type":"product","link":"https:\/\/www.spyshop.info\/en\/shop\/video-surveillance\/hidden-cameras-with-recording\/ultralife-spy-camera-in-junction-box\/","title":{"rendered":"UltraLife spy camera in Junction box"},"content":{"rendered":"<p>The UltraLife small spy camera in a Junction box is another great addition of the UltraLife monitoring series. As you can see from the series, many of the cameras are for indoor usage, we have had several requests for a small outdoor spy camera. This junction box looks like an ordinary object on your house or in your backyard.<br \/>\nThanks to the size of the box the small hidden camera is virtually invisible. You do not need any cables or anything, you simply attach the box to the wall outside or inside and you use remote to control it. The Ultralife Junction box offers the possibiliy of battery switching, that means that you can order an extra battery with a BEC charger.<\/p>\n<p>Functions:<br \/>\n\u2022\trecords in HD resolution<br \/>\n\u2022\t55 days in the PIR detection mode<br \/>\n\u2022\t50 hours of continuous recording<br \/>\n\u2022\tEasy installation<br \/>\n\u2022\t3 modes of recording: PIR detection \/ movement detection \/ manual recording<br \/>\n\u2022\tRemote control<br \/>\n\u2022\tVideo out for control of the monitored area<\/p>\n<p>Consumption in different recording modes<br \/>\nBattery capacity\t11 000 mAh<br \/>\nConsumption in PIR mode\t7mA<br \/>\nConsumption when recording\t200 &#8211; 250mA<\/p>\n<p>Package contents:<br \/>\n\u2022\tHidden spy camera UltraLife in a junction box<br \/>\n\u2022\tRemote control<br \/>\n\u2022\tVideo cable<br \/>\n\u2022\tCharger<br \/>\n\u2022\t11 000mAh battery <\/p>\n","protected":false},"excerpt":{"rendered":"<p>The UltraLife spy camera in a Junction box has the ability to stay in PIR detection mode for up to 54 days. It offers HD resolution and is designed for outside usage. Its angle goes up to 130 degrees, that gives you a wide field of view for such a small disguised minicamera. <\/p>\n","protected":false},"featured_media":700,"template":"","meta":[],"product_brand":[],"product_cat":[167,164],"product_tag":[],"class_list":{"0":"post-705","1":"product","2":"type-product","3":"status-publish","4":"has-post-thumbnail","6":"product_cat-hidden-cameras-with-recording","7":"product_cat-video-surveillance","9":"first","10":"outofstock","11":"taxable","12":"shipping-taxable","13":"purchasable","14":"product-type-simple"},"yoast_head":"<!-- This site is optimized with the Yoast SEO plugin v27.5 - https:\/\/yoast.com\/product\/yoast-seo-wordpress\/ -->\n<title>UltraLife spy camera in Junction box - SpyShop<\/title>\n<meta name=\"robots\" content=\"index, follow, max-snippet:-1, max-image-preview:large, max-video-preview:-1\" \/>\n<link rel=\"canonical\" href=\"https:\/\/www.spyshop.info\/en\/shop\/video-surveillance\/hidden-cameras-with-recording\/ultralife-spy-camera-in-junction-box\/\" \/>\n<meta property=\"og:locale\" content=\"en_US\" \/>\n<meta property=\"og:type\" content=\"article\" \/>\n<meta property=\"og:title\" content=\"UltraLife spy camera in Junction box - SpyShop\" \/>\n<meta property=\"og:description\" content=\"The UltraLife spy camera in a Junction box has the ability to stay in PIR detection mode for up to 54 days. It offers HD resolution and is designed for outside usage. Its angle goes up to 130 degrees, that gives you a wide field of view for such a small disguised minicamera.\" \/>\n<meta property=\"og:url\" content=\"https:\/\/www.spyshop.info\/en\/shop\/video-surveillance\/hidden-cameras-with-recording\/ultralife-spy-camera-in-junction-box\/\" \/>\n<meta property=\"og:site_name\" content=\"SpyShop\" \/>\n<meta property=\"article:modified_time\" content=\"2021-05-12T10:34:36+00:00\" \/>\n<meta property=\"og:image\" content=\"https:\/\/www.spyshop.info\/wp-content\/uploads\/2016\/08\/ultralife-spy-camera-in-junction-box.jpg\" \/>\n\t<meta property=\"og:image:width\" content=\"800\" \/>\n\t<meta property=\"og:image:height\" content=\"800\" \/>\n\t<meta property=\"og:image:type\" content=\"image\/jpeg\" \/>\n<meta name=\"twitter:card\" content=\"summary_large_image\" \/>\n<meta name=\"twitter:label1\" content=\"Est. reading time\" \/>\n\t<meta name=\"twitter:data1\" content=\"1 minute\" \/>\n<script type=\"application\/ld+json\" class=\"yoast-schema-graph\">{\"@context\":\"https:\\\/\\\/schema.org\",\"@graph\":[{\"@type\":\"WebPage\",\"@id\":\"https:\\\/\\\/www.spyshop.info\\\/en\\\/shop\\\/video-surveillance\\\/hidden-cameras-with-recording\\\/ultralife-spy-camera-in-junction-box\\\/\",\"url\":\"https:\\\/\\\/www.spyshop.info\\\/en\\\/shop\\\/video-surveillance\\\/hidden-cameras-with-recording\\\/ultralife-spy-camera-in-junction-box\\\/\",\"name\":\"UltraLife spy camera in Junction box - SpyShop\",\"isPartOf\":{\"@id\":\"https:\\\/\\\/www.spyshop.info\\\/#website\"},\"primaryImageOfPage\":{\"@id\":\"https:\\\/\\\/www.spyshop.info\\\/en\\\/shop\\\/video-surveillance\\\/hidden-cameras-with-recording\\\/ultralife-spy-camera-in-junction-box\\\/#primaryimage\"},\"image\":{\"@id\":\"https:\\\/\\\/www.spyshop.info\\\/en\\\/shop\\\/video-surveillance\\\/hidden-cameras-with-recording\\\/ultralife-spy-camera-in-junction-box\\\/#primaryimage\"},\"thumbnailUrl\":\"https:\\\/\\\/www.spyshop.info\\\/wp-content\\\/uploads\\\/2016\\\/08\\\/ultralife-spy-camera-in-junction-box.jpg\",\"datePublished\":\"2016-08-30T10:06:11+00:00\",\"dateModified\":\"2021-05-12T10:34:36+00:00\",\"breadcrumb\":{\"@id\":\"https:\\\/\\\/www.spyshop.info\\\/en\\\/shop\\\/video-surveillance\\\/hidden-cameras-with-recording\\\/ultralife-spy-camera-in-junction-box\\\/#breadcrumb\"},\"inLanguage\":\"en-US\",\"potentialAction\":[{\"@type\":\"ReadAction\",\"target\":[\"https:\\\/\\\/www.spyshop.info\\\/en\\\/shop\\\/video-surveillance\\\/hidden-cameras-with-recording\\\/ultralife-spy-camera-in-junction-box\\\/\"]}]},{\"@type\":\"ImageObject\",\"inLanguage\":\"en-US\",\"@id\":\"https:\\\/\\\/www.spyshop.info\\\/en\\\/shop\\\/video-surveillance\\\/hidden-cameras-with-recording\\\/ultralife-spy-camera-in-junction-box\\\/#primaryimage\",\"url\":\"https:\\\/\\\/www.spyshop.info\\\/wp-content\\\/uploads\\\/2016\\\/08\\\/ultralife-spy-camera-in-junction-box.jpg\",\"contentUrl\":\"https:\\\/\\\/www.spyshop.info\\\/wp-content\\\/uploads\\\/2016\\\/08\\\/ultralife-spy-camera-in-junction-box.jpg\",\"width\":800,\"height\":800},{\"@type\":\"BreadcrumbList\",\"@id\":\"https:\\\/\\\/www.spyshop.info\\\/en\\\/shop\\\/video-surveillance\\\/hidden-cameras-with-recording\\\/ultralife-spy-camera-in-junction-box\\\/#breadcrumb\",\"itemListElement\":[{\"@type\":\"ListItem\",\"position\":1,\"name\":\"Startseite\",\"item\":\"https:\\\/\\\/www.spyshop.info\\\/en\\\/\"},{\"@type\":\"ListItem\",\"position\":2,\"name\":\"Shop\",\"item\":\"https:\\\/\\\/www.spyshop.info\\\/en\\\/shop\\\/\"},{\"@type\":\"ListItem\",\"position\":3,\"name\":\"UltraLife spy camera in Junction box\"}]},{\"@type\":\"WebSite\",\"@id\":\"https:\\\/\\\/www.spyshop.info\\\/#website\",\"url\":\"https:\\\/\\\/www.spyshop.info\\\/\",\"name\":\"SpyShop\",\"description\":\"Abh\u00f6rger\u00e4te, GPS Sender, \u00dcberwachungskameras\",\"publisher\":{\"@id\":\"https:\\\/\\\/www.spyshop.info\\\/#organization\"},\"potentialAction\":[{\"@type\":\"SearchAction\",\"target\":{\"@type\":\"EntryPoint\",\"urlTemplate\":\"https:\\\/\\\/www.spyshop.info\\\/?s={search_term_string}\"},\"query-input\":{\"@type\":\"PropertyValueSpecification\",\"valueRequired\":true,\"valueName\":\"search_term_string\"}}],\"inLanguage\":\"en-US\"},{\"@type\":\"Organization\",\"@id\":\"https:\\\/\\\/www.spyshop.info\\\/#organization\",\"name\":\"SpyShop\",\"url\":\"https:\\\/\\\/www.spyshop.info\\\/\",\"logo\":{\"@type\":\"ImageObject\",\"inLanguage\":\"en-US\",\"@id\":\"https:\\\/\\\/www.spyshop.info\\\/#\\\/schema\\\/logo\\\/image\\\/\",\"url\":\"https:\\\/\\\/www.spyshop.info\\\/wp-content\\\/uploads\\\/2016\\\/11\\\/cropped-logo-spyshop-02-1-3.jpg\",\"contentUrl\":\"https:\\\/\\\/www.spyshop.info\\\/wp-content\\\/uploads\\\/2016\\\/11\\\/cropped-logo-spyshop-02-1-3.jpg\",\"width\":1522,\"height\":435,\"caption\":\"SpyShop\"},\"image\":{\"@id\":\"https:\\\/\\\/www.spyshop.info\\\/#\\\/schema\\\/logo\\\/image\\\/\"}}]}<\/script>\n<!-- \/ Yoast SEO plugin. -->","yoast_head_json":{"title":"UltraLife spy camera in Junction box - SpyShop","robots":{"index":"index","follow":"follow","max-snippet":"max-snippet:-1","max-image-preview":"max-image-preview:large","max-video-preview":"max-video-preview:-1"},"canonical":"https:\/\/www.spyshop.info\/en\/shop\/video-surveillance\/hidden-cameras-with-recording\/ultralife-spy-camera-in-junction-box\/","og_locale":"en_US","og_type":"article","og_title":"UltraLife spy camera in Junction box - SpyShop","og_description":"The UltraLife spy camera in a Junction box has the ability to stay in PIR detection mode for up to 54 days. It offers HD resolution and is designed for outside usage. Its angle goes up to 130 degrees, that gives you a wide field of view for such a small disguised minicamera.","og_url":"https:\/\/www.spyshop.info\/en\/shop\/video-surveillance\/hidden-cameras-with-recording\/ultralife-spy-camera-in-junction-box\/","og_site_name":"SpyShop","article_modified_time":"2021-05-12T10:34:36+00:00","og_image":[{"width":800,"height":800,"url":"https:\/\/www.spyshop.info\/wp-content\/uploads\/2016\/08\/ultralife-spy-camera-in-junction-box.jpg","type":"image\/jpeg"}],"twitter_card":"summary_large_image","twitter_misc":{"Est. reading time":"1 minute"},"schema":{"@context":"https:\/\/schema.org","@graph":[{"@type":"WebPage","@id":"https:\/\/www.spyshop.info\/en\/shop\/video-surveillance\/hidden-cameras-with-recording\/ultralife-spy-camera-in-junction-box\/","url":"https:\/\/www.spyshop.info\/en\/shop\/video-surveillance\/hidden-cameras-with-recording\/ultralife-spy-camera-in-junction-box\/","name":"UltraLife spy camera in Junction box - SpyShop","isPartOf":{"@id":"https:\/\/www.spyshop.info\/#website"},"primaryImageOfPage":{"@id":"https:\/\/www.spyshop.info\/en\/shop\/video-surveillance\/hidden-cameras-with-recording\/ultralife-spy-camera-in-junction-box\/#primaryimage"},"image":{"@id":"https:\/\/www.spyshop.info\/en\/shop\/video-surveillance\/hidden-cameras-with-recording\/ultralife-spy-camera-in-junction-box\/#primaryimage"},"thumbnailUrl":"https:\/\/www.spyshop.info\/wp-content\/uploads\/2016\/08\/ultralife-spy-camera-in-junction-box.jpg","datePublished":"2016-08-30T10:06:11+00:00","dateModified":"2021-05-12T10:34:36+00:00","breadcrumb":{"@id":"https:\/\/www.spyshop.info\/en\/shop\/video-surveillance\/hidden-cameras-with-recording\/ultralife-spy-camera-in-junction-box\/#breadcrumb"},"inLanguage":"en-US","potentialAction":[{"@type":"ReadAction","target":["https:\/\/www.spyshop.info\/en\/shop\/video-surveillance\/hidden-cameras-with-recording\/ultralife-spy-camera-in-junction-box\/"]}]},{"@type":"ImageObject","inLanguage":"en-US","@id":"https:\/\/www.spyshop.info\/en\/shop\/video-surveillance\/hidden-cameras-with-recording\/ultralife-spy-camera-in-junction-box\/#primaryimage","url":"https:\/\/www.spyshop.info\/wp-content\/uploads\/2016\/08\/ultralife-spy-camera-in-junction-box.jpg","contentUrl":"https:\/\/www.spyshop.info\/wp-content\/uploads\/2016\/08\/ultralife-spy-camera-in-junction-box.jpg","width":800,"height":800},{"@type":"BreadcrumbList","@id":"https:\/\/www.spyshop.info\/en\/shop\/video-surveillance\/hidden-cameras-with-recording\/ultralife-spy-camera-in-junction-box\/#breadcrumb","itemListElement":[{"@type":"ListItem","position":1,"name":"Startseite","item":"https:\/\/www.spyshop.info\/en\/"},{"@type":"ListItem","position":2,"name":"Shop","item":"https:\/\/www.spyshop.info\/en\/shop\/"},{"@type":"ListItem","position":3,"name":"UltraLife spy camera in Junction box"}]},{"@type":"WebSite","@id":"https:\/\/www.spyshop.info\/#website","url":"https:\/\/www.spyshop.info\/","name":"SpyShop","description":"Abh\u00f6rger\u00e4te, GPS Sender, \u00dcberwachungskameras","publisher":{"@id":"https:\/\/www.spyshop.info\/#organization"},"potentialAction":[{"@type":"SearchAction","target":{"@type":"EntryPoint","urlTemplate":"https:\/\/www.spyshop.info\/?s={search_term_string}"},"query-input":{"@type":"PropertyValueSpecification","valueRequired":true,"valueName":"search_term_string"}}],"inLanguage":"en-US"},{"@type":"Organization","@id":"https:\/\/www.spyshop.info\/#organization","name":"SpyShop","url":"https:\/\/www.spyshop.info\/","logo":{"@type":"ImageObject","inLanguage":"en-US","@id":"https:\/\/www.spyshop.info\/#\/schema\/logo\/image\/","url":"https:\/\/www.spyshop.info\/wp-content\/uploads\/2016\/11\/cropped-logo-spyshop-02-1-3.jpg","contentUrl":"https:\/\/www.spyshop.info\/wp-content\/uploads\/2016\/11\/cropped-logo-spyshop-02-1-3.jpg","width":1522,"height":435,"caption":"SpyShop"},"image":{"@id":"https:\/\/www.spyshop.info\/#\/schema\/logo\/image\/"}}]}},"_links":{"self":[{"href":"https:\/\/www.spyshop.info\/en\/wp-json\/wp\/v2\/product\/705","targetHints":{"allow":["GET"]}}],"collection":[{"href":"https:\/\/www.spyshop.info\/en\/wp-json\/wp\/v2\/product"}],"about":[{"href":"https:\/\/www.spyshop.info\/en\/wp-json\/wp\/v2\/types\/product"}],"version-history":[{"count":0,"href":"https:\/\/www.spyshop.info\/en\/wp-json\/wp\/v2\/product\/705\/revisions"}],"wp:featuredmedia":[{"embeddable":true,"href":"https:\/\/www.spyshop.info\/en\/wp-json\/wp\/v2\/media\/700"}],"wp:attachment":[{"href":"https:\/\/www.spyshop.info\/en\/wp-json\/wp\/v2\/media?parent=705"}],"wp:term":[{"taxonomy":"product_brand","embeddable":true,"href":"https:\/\/www.spyshop.info\/en\/wp-json\/wp\/v2\/product_brand?post=705"},{"taxonomy":"product_cat","embeddable":true,"href":"https:\/\/www.spyshop.info\/en\/wp-json\/wp\/v2\/product_cat?post=705"},{"taxonomy":"product_tag","embeddable":true,"href":"https:\/\/www.spyshop.info\/en\/wp-json\/wp\/v2\/product_tag?post=705"}],"curies":[{"name":"wp","href":"https:\/\/api.w.org\/{rel}","templated":true}]}}