{"id":689,"date":"2016-08-30T11:51:39","date_gmt":"2016-08-30T09:51:39","guid":{"rendered":"https:\/\/www.spyshop.info\/shop\/unkategorisiert\/ultralife-camera-in-a-smoke-sensor\/"},"modified":"2019-05-05T10:03:40","modified_gmt":"2019-05-05T08:03:40","slug":"ultralife-camera-in-a-smoke-sensor","status":"publish","type":"product","link":"https:\/\/www.spyshop.info\/en\/shop\/video-surveillance\/hidden-cameras-with-recording\/ultralife-camera-in-a-smoke-sensor\/","title":{"rendered":"UltraLife Camera in a Smoke Sensor"},"content":{"rendered":"<p>The hidden smoke camera UltraLife is the latest addition to our growing UltraLife monitoring series. The Ultralife smoke detector camera has an integrated battery of high capacity, that is all assembled in an ordinary looking smoke detector. One of the main benefits of this product is that we are using real life smoke detectors in which we install the surveillance module.<\/p>\n<p>The Hidden camera in this smoke detector can be used for office buildings or homes, in order to assure your safety. The hidden smoke camera UltraLife is designed to be plug and play friendly. In other words you do not need to attach long cables to the battery. Another advantage is the replaceable battery, you get this unit together with 1 battery and a BIC charger.<br \/>\nThe Ultralife Smoke Detector is equipped with a 130 degree angle camera with HD resolution.<\/p>\n<p>Functions:<br \/>\n\u2022\trecords in HD resolution<br \/>\n\u2022\t30 days in the PIR detection mode<br \/>\n\u2022\t50 hours of continuous recording<br \/>\n\u2022\tEasy installation<br \/>\n\u2022\t3 modes of recording: PIR detection \/ movement detection \/ manual recording<br \/>\n\u2022\tRemote control<br \/>\n\u2022\tVideo out for control of the monitored area<\/p>\n<p>Consumption in different recording modes<br \/>\nBattery capacity\t5000 mAh<br \/>\nConsumption in PIR mode\t7mA<br \/>\nConsumption when recording\t200 &#8211; 250mA<\/p>\n<p>Package contents:<br \/>\n\u2022\tHidden smoke camera UltraLife<br \/>\n\u2022\tRemote control<br \/>\n\u2022\tVideo cable<br \/>\n\u2022\tCharger<br \/>\n\u2022\t5000mAh \/ 9000mAh battery<\/p>\n","protected":false},"excerpt":{"rendered":"<p>The Ultralife Smoke Detector camera has the ability to stay in PIR detection mode for 30 days. It has a Li-Pol longlasting battery and great motion detection system.<\/p>\n","protected":false},"featured_media":720,"template":"","meta":[],"product_brand":[],"product_cat":[167,164],"product_tag":[],"class_list":{"0":"post-689","1":"product","2":"type-product","3":"status-publish","4":"has-post-thumbnail","6":"product_cat-hidden-cameras-with-recording","7":"product_cat-video-surveillance","9":"first","10":"outofstock","11":"taxable","12":"shipping-taxable","13":"purchasable","14":"product-type-simple"},"yoast_head":"<!-- This site is optimized with the Yoast SEO plugin v27.4 - https:\/\/yoast.com\/product\/yoast-seo-wordpress\/ -->\n<title>UltraLife Camera in a Smoke Sensor - SpyShop<\/title>\n<meta name=\"robots\" content=\"index, follow, max-snippet:-1, max-image-preview:large, max-video-preview:-1\" \/>\n<link rel=\"canonical\" href=\"https:\/\/www.spyshop.info\/en\/shop\/video-surveillance\/hidden-cameras-with-recording\/ultralife-camera-in-a-smoke-sensor\/\" \/>\n<meta property=\"og:locale\" content=\"en_US\" \/>\n<meta property=\"og:type\" content=\"article\" \/>\n<meta property=\"og:title\" content=\"UltraLife Camera in a Smoke Sensor - SpyShop\" \/>\n<meta property=\"og:description\" content=\"The Ultralife Smoke Detector camera has the ability to stay in PIR detection mode for 30 days. It has a Li-Pol longlasting battery and great motion detection system.\" \/>\n<meta property=\"og:url\" content=\"https:\/\/www.spyshop.info\/en\/shop\/video-surveillance\/hidden-cameras-with-recording\/ultralife-camera-in-a-smoke-sensor\/\" \/>\n<meta property=\"og:site_name\" content=\"SpyShop\" \/>\n<meta property=\"article:modified_time\" content=\"2019-05-05T08:03:40+00:00\" \/>\n<meta property=\"og:image\" content=\"https:\/\/www.spyshop.info\/wp-content\/uploads\/2016\/08\/ultralife-camera-in-a-smoke-sensor.jpg\" \/>\n\t<meta property=\"og:image:width\" content=\"800\" \/>\n\t<meta property=\"og:image:height\" content=\"800\" \/>\n\t<meta property=\"og:image:type\" content=\"image\/jpeg\" \/>\n<meta name=\"twitter:card\" content=\"summary_large_image\" \/>\n<meta name=\"twitter:label1\" content=\"Est. reading time\" \/>\n\t<meta name=\"twitter:data1\" content=\"1 minute\" \/>\n<script type=\"application\/ld+json\" class=\"yoast-schema-graph\">{\"@context\":\"https:\\\/\\\/schema.org\",\"@graph\":[{\"@type\":\"WebPage\",\"@id\":\"https:\\\/\\\/www.spyshop.info\\\/en\\\/shop\\\/video-surveillance\\\/hidden-cameras-with-recording\\\/ultralife-camera-in-a-smoke-sensor\\\/\",\"url\":\"https:\\\/\\\/www.spyshop.info\\\/en\\\/shop\\\/video-surveillance\\\/hidden-cameras-with-recording\\\/ultralife-camera-in-a-smoke-sensor\\\/\",\"name\":\"UltraLife Camera in a Smoke Sensor - SpyShop\",\"isPartOf\":{\"@id\":\"https:\\\/\\\/www.spyshop.info\\\/#website\"},\"primaryImageOfPage\":{\"@id\":\"https:\\\/\\\/www.spyshop.info\\\/en\\\/shop\\\/video-surveillance\\\/hidden-cameras-with-recording\\\/ultralife-camera-in-a-smoke-sensor\\\/#primaryimage\"},\"image\":{\"@id\":\"https:\\\/\\\/www.spyshop.info\\\/en\\\/shop\\\/video-surveillance\\\/hidden-cameras-with-recording\\\/ultralife-camera-in-a-smoke-sensor\\\/#primaryimage\"},\"thumbnailUrl\":\"https:\\\/\\\/www.spyshop.info\\\/wp-content\\\/uploads\\\/2016\\\/08\\\/ultralife-camera-in-a-smoke-sensor.jpg\",\"datePublished\":\"2016-08-30T09:51:39+00:00\",\"dateModified\":\"2019-05-05T08:03:40+00:00\",\"breadcrumb\":{\"@id\":\"https:\\\/\\\/www.spyshop.info\\\/en\\\/shop\\\/video-surveillance\\\/hidden-cameras-with-recording\\\/ultralife-camera-in-a-smoke-sensor\\\/#breadcrumb\"},\"inLanguage\":\"en-US\",\"potentialAction\":[{\"@type\":\"ReadAction\",\"target\":[\"https:\\\/\\\/www.spyshop.info\\\/en\\\/shop\\\/video-surveillance\\\/hidden-cameras-with-recording\\\/ultralife-camera-in-a-smoke-sensor\\\/\"]}]},{\"@type\":\"ImageObject\",\"inLanguage\":\"en-US\",\"@id\":\"https:\\\/\\\/www.spyshop.info\\\/en\\\/shop\\\/video-surveillance\\\/hidden-cameras-with-recording\\\/ultralife-camera-in-a-smoke-sensor\\\/#primaryimage\",\"url\":\"https:\\\/\\\/www.spyshop.info\\\/wp-content\\\/uploads\\\/2016\\\/08\\\/ultralife-camera-in-a-smoke-sensor.jpg\",\"contentUrl\":\"https:\\\/\\\/www.spyshop.info\\\/wp-content\\\/uploads\\\/2016\\\/08\\\/ultralife-camera-in-a-smoke-sensor.jpg\",\"width\":800,\"height\":800},{\"@type\":\"BreadcrumbList\",\"@id\":\"https:\\\/\\\/www.spyshop.info\\\/en\\\/shop\\\/video-surveillance\\\/hidden-cameras-with-recording\\\/ultralife-camera-in-a-smoke-sensor\\\/#breadcrumb\",\"itemListElement\":[{\"@type\":\"ListItem\",\"position\":1,\"name\":\"Startseite\",\"item\":\"https:\\\/\\\/www.spyshop.info\\\/en\\\/\"},{\"@type\":\"ListItem\",\"position\":2,\"name\":\"Shop\",\"item\":\"https:\\\/\\\/www.spyshop.info\\\/en\\\/shop\\\/\"},{\"@type\":\"ListItem\",\"position\":3,\"name\":\"UltraLife Camera in a Smoke Sensor\"}]},{\"@type\":\"WebSite\",\"@id\":\"https:\\\/\\\/www.spyshop.info\\\/#website\",\"url\":\"https:\\\/\\\/www.spyshop.info\\\/\",\"name\":\"SpyShop\",\"description\":\"Abh\u00f6rger\u00e4te, GPS Sender, \u00dcberwachungskameras\",\"publisher\":{\"@id\":\"https:\\\/\\\/www.spyshop.info\\\/#organization\"},\"potentialAction\":[{\"@type\":\"SearchAction\",\"target\":{\"@type\":\"EntryPoint\",\"urlTemplate\":\"https:\\\/\\\/www.spyshop.info\\\/?s={search_term_string}\"},\"query-input\":{\"@type\":\"PropertyValueSpecification\",\"valueRequired\":true,\"valueName\":\"search_term_string\"}}],\"inLanguage\":\"en-US\"},{\"@type\":\"Organization\",\"@id\":\"https:\\\/\\\/www.spyshop.info\\\/#organization\",\"name\":\"SpyShop\",\"url\":\"https:\\\/\\\/www.spyshop.info\\\/\",\"logo\":{\"@type\":\"ImageObject\",\"inLanguage\":\"en-US\",\"@id\":\"https:\\\/\\\/www.spyshop.info\\\/#\\\/schema\\\/logo\\\/image\\\/\",\"url\":\"https:\\\/\\\/www.spyshop.info\\\/wp-content\\\/uploads\\\/2016\\\/11\\\/cropped-logo-spyshop-02-1-3.jpg\",\"contentUrl\":\"https:\\\/\\\/www.spyshop.info\\\/wp-content\\\/uploads\\\/2016\\\/11\\\/cropped-logo-spyshop-02-1-3.jpg\",\"width\":1522,\"height\":435,\"caption\":\"SpyShop\"},\"image\":{\"@id\":\"https:\\\/\\\/www.spyshop.info\\\/#\\\/schema\\\/logo\\\/image\\\/\"}}]}<\/script>\n<!-- \/ Yoast SEO plugin. -->","yoast_head_json":{"title":"UltraLife Camera in a Smoke Sensor - SpyShop","robots":{"index":"index","follow":"follow","max-snippet":"max-snippet:-1","max-image-preview":"max-image-preview:large","max-video-preview":"max-video-preview:-1"},"canonical":"https:\/\/www.spyshop.info\/en\/shop\/video-surveillance\/hidden-cameras-with-recording\/ultralife-camera-in-a-smoke-sensor\/","og_locale":"en_US","og_type":"article","og_title":"UltraLife Camera in a Smoke Sensor - SpyShop","og_description":"The Ultralife Smoke Detector camera has the ability to stay in PIR detection mode for 30 days. It has a Li-Pol longlasting battery and great motion detection system.","og_url":"https:\/\/www.spyshop.info\/en\/shop\/video-surveillance\/hidden-cameras-with-recording\/ultralife-camera-in-a-smoke-sensor\/","og_site_name":"SpyShop","article_modified_time":"2019-05-05T08:03:40+00:00","og_image":[{"width":800,"height":800,"url":"https:\/\/www.spyshop.info\/wp-content\/uploads\/2016\/08\/ultralife-camera-in-a-smoke-sensor.jpg","type":"image\/jpeg"}],"twitter_card":"summary_large_image","twitter_misc":{"Est. reading time":"1 minute"},"schema":{"@context":"https:\/\/schema.org","@graph":[{"@type":"WebPage","@id":"https:\/\/www.spyshop.info\/en\/shop\/video-surveillance\/hidden-cameras-with-recording\/ultralife-camera-in-a-smoke-sensor\/","url":"https:\/\/www.spyshop.info\/en\/shop\/video-surveillance\/hidden-cameras-with-recording\/ultralife-camera-in-a-smoke-sensor\/","name":"UltraLife Camera in a Smoke Sensor - SpyShop","isPartOf":{"@id":"https:\/\/www.spyshop.info\/#website"},"primaryImageOfPage":{"@id":"https:\/\/www.spyshop.info\/en\/shop\/video-surveillance\/hidden-cameras-with-recording\/ultralife-camera-in-a-smoke-sensor\/#primaryimage"},"image":{"@id":"https:\/\/www.spyshop.info\/en\/shop\/video-surveillance\/hidden-cameras-with-recording\/ultralife-camera-in-a-smoke-sensor\/#primaryimage"},"thumbnailUrl":"https:\/\/www.spyshop.info\/wp-content\/uploads\/2016\/08\/ultralife-camera-in-a-smoke-sensor.jpg","datePublished":"2016-08-30T09:51:39+00:00","dateModified":"2019-05-05T08:03:40+00:00","breadcrumb":{"@id":"https:\/\/www.spyshop.info\/en\/shop\/video-surveillance\/hidden-cameras-with-recording\/ultralife-camera-in-a-smoke-sensor\/#breadcrumb"},"inLanguage":"en-US","potentialAction":[{"@type":"ReadAction","target":["https:\/\/www.spyshop.info\/en\/shop\/video-surveillance\/hidden-cameras-with-recording\/ultralife-camera-in-a-smoke-sensor\/"]}]},{"@type":"ImageObject","inLanguage":"en-US","@id":"https:\/\/www.spyshop.info\/en\/shop\/video-surveillance\/hidden-cameras-with-recording\/ultralife-camera-in-a-smoke-sensor\/#primaryimage","url":"https:\/\/www.spyshop.info\/wp-content\/uploads\/2016\/08\/ultralife-camera-in-a-smoke-sensor.jpg","contentUrl":"https:\/\/www.spyshop.info\/wp-content\/uploads\/2016\/08\/ultralife-camera-in-a-smoke-sensor.jpg","width":800,"height":800},{"@type":"BreadcrumbList","@id":"https:\/\/www.spyshop.info\/en\/shop\/video-surveillance\/hidden-cameras-with-recording\/ultralife-camera-in-a-smoke-sensor\/#breadcrumb","itemListElement":[{"@type":"ListItem","position":1,"name":"Startseite","item":"https:\/\/www.spyshop.info\/en\/"},{"@type":"ListItem","position":2,"name":"Shop","item":"https:\/\/www.spyshop.info\/en\/shop\/"},{"@type":"ListItem","position":3,"name":"UltraLife Camera in a Smoke Sensor"}]},{"@type":"WebSite","@id":"https:\/\/www.spyshop.info\/#website","url":"https:\/\/www.spyshop.info\/","name":"SpyShop","description":"Abh\u00f6rger\u00e4te, GPS Sender, \u00dcberwachungskameras","publisher":{"@id":"https:\/\/www.spyshop.info\/#organization"},"potentialAction":[{"@type":"SearchAction","target":{"@type":"EntryPoint","urlTemplate":"https:\/\/www.spyshop.info\/?s={search_term_string}"},"query-input":{"@type":"PropertyValueSpecification","valueRequired":true,"valueName":"search_term_string"}}],"inLanguage":"en-US"},{"@type":"Organization","@id":"https:\/\/www.spyshop.info\/#organization","name":"SpyShop","url":"https:\/\/www.spyshop.info\/","logo":{"@type":"ImageObject","inLanguage":"en-US","@id":"https:\/\/www.spyshop.info\/#\/schema\/logo\/image\/","url":"https:\/\/www.spyshop.info\/wp-content\/uploads\/2016\/11\/cropped-logo-spyshop-02-1-3.jpg","contentUrl":"https:\/\/www.spyshop.info\/wp-content\/uploads\/2016\/11\/cropped-logo-spyshop-02-1-3.jpg","width":1522,"height":435,"caption":"SpyShop"},"image":{"@id":"https:\/\/www.spyshop.info\/#\/schema\/logo\/image\/"}}]}},"_links":{"self":[{"href":"https:\/\/www.spyshop.info\/en\/wp-json\/wp\/v2\/product\/689","targetHints":{"allow":["GET"]}}],"collection":[{"href":"https:\/\/www.spyshop.info\/en\/wp-json\/wp\/v2\/product"}],"about":[{"href":"https:\/\/www.spyshop.info\/en\/wp-json\/wp\/v2\/types\/product"}],"version-history":[{"count":0,"href":"https:\/\/www.spyshop.info\/en\/wp-json\/wp\/v2\/product\/689\/revisions"}],"wp:featuredmedia":[{"embeddable":true,"href":"https:\/\/www.spyshop.info\/en\/wp-json\/wp\/v2\/media\/720"}],"wp:attachment":[{"href":"https:\/\/www.spyshop.info\/en\/wp-json\/wp\/v2\/media?parent=689"}],"wp:term":[{"taxonomy":"product_brand","embeddable":true,"href":"https:\/\/www.spyshop.info\/en\/wp-json\/wp\/v2\/product_brand?post=689"},{"taxonomy":"product_cat","embeddable":true,"href":"https:\/\/www.spyshop.info\/en\/wp-json\/wp\/v2\/product_cat?post=689"},{"taxonomy":"product_tag","embeddable":true,"href":"https:\/\/www.spyshop.info\/en\/wp-json\/wp\/v2\/product_tag?post=689"}],"curies":[{"name":"wp","href":"https:\/\/api.w.org\/{rel}","templated":true}]}}