{"id":6666,"date":"2023-10-27T17:13:41","date_gmt":"2023-10-27T15:13:41","guid":{"rendered":"https:\/\/www.spyshop.info\/shop\/uncategorized\/1080hd-wifi-gooseneck-camera\/"},"modified":"2026-04-04T09:47:15","modified_gmt":"2026-04-04T07:47:15","slug":"1080hd-wifi-gooseneck-camera","status":"publish","type":"product","link":"https:\/\/www.spyshop.info\/en\/shop\/video-surveillance\/hidden-cameras-with-recording\/1080hd-wifi-gooseneck-camera\/","title":{"rendered":"1080HD WiFi gooseneck camera"},"content":{"rendered":"<p style=\"font-weight: 400;\">You can\u2019t go wrong with this camera! Simply insert a microSD card (up to 64GB), plug it into a power bank or a USB port, and the device is ready to go. Using the free app for iOS\/Android, you can view the action via P2P or connect the camera to a router, allowing you to monitor everything within the camera\u2019s field of view from anywhere in the world where you have WiFi access \u2013 all in impeccable 640p quality! You also have access to push notifications for motion or sound. Both can be adjusted across 7 levels. Whether you want to record continuously or only when motion or sound is detected can also be set on your smartphone. Loop recording and night vision can be configured in the settings if desired. Of course, you can also record directly to your smartphone from the app. On your smartphone, you\u2019ll see flawless Full HD videos, whilst the memory card in the camera stores footage in good resolution. On your smartphone screen, you can also see the Wi-Fi signal strength and the camera\u2019s battery level. With the small power bank (item number VZB-0008), the spycam can be operated for up to 18 hours. The advantage of this device is that you can pan the camera to the viewing angle you require. Whether you use the device for surveillance, home security, or to be informed if the golden hamster eats the dog in your absence, the possible applications are manifold.             <\/p>\n<p style=\"font-weight: 400;\">Technical details:<\/p>\n<p style=\"font-weight: 400;\">17 cm \u00d7 2.3 cm \u00d7 1.5 cm<\/p>\n<p style=\"font-weight: 400;\">Power supply via USB<\/p>\n<p style=\"font-weight: 400;\">1080HD Streaming<\/p>\n<p style=\"font-weight: 400;\">640p recording<\/p>\n<p style=\"font-weight: 400;\">2.4 GHz Wi-Fi<\/p>\n<p style=\"font-weight: 400;\">MicroSD card (not included) up to 64GB<\/p>\n<p style=\"font-weight: 400;\">Loop recording<\/p>\n<p style=\"font-weight: 400;\">Motion detection<\/p>\n<p style=\"font-weight: 400;\">Noise detection<\/p>\n<p style=\"font-weight: 400;\">Night vision<\/p>\n","protected":false},"excerpt":{"rendered":"<p style=\"font-weight: 400;\">Oft mu\u00df man kleine Kameras platzieren, um aufzunehmen oder \u00fcber Bewegungen informiert zu sein, wenn es nicht m\u00f6glich ist, auf Sicht Observationsstellung zu beziehen. Nicht immer ist dabei garantiert, da\u00df die Ger\u00e4te nicht entwendet werden. Das Kostenrisiko durch Verlust sollte also gering gehalten werden.  <\/p>\n","protected":false},"featured_media":4665,"template":"","meta":[],"product_brand":[],"product_cat":[167,164,168],"product_tag":[],"class_list":{"0":"post-6666","1":"product","2":"type-product","3":"status-publish","4":"has-post-thumbnail","6":"product_cat-hidden-cameras-with-recording","7":"product_cat-video-surveillance","8":"product_cat-hidden-wifi-radio-and-gsm-cameras","10":"first","11":"instock","12":"sale","13":"taxable","14":"shipping-taxable","15":"purchasable","16":"product-type-simple"},"yoast_head":"<!-- This site is optimized with the Yoast SEO plugin v27.5 - https:\/\/yoast.com\/product\/yoast-seo-wordpress\/ -->\n<title>1080HD WiFi gooseneck camera - SpyShop<\/title>\n<meta name=\"robots\" content=\"index, follow, max-snippet:-1, max-image-preview:large, max-video-preview:-1\" \/>\n<link rel=\"canonical\" href=\"https:\/\/www.spyshop.info\/en\/shop\/video-surveillance\/hidden-cameras-with-recording\/1080hd-wifi-gooseneck-camera\/\" \/>\n<meta property=\"og:locale\" content=\"en_US\" \/>\n<meta property=\"og:type\" content=\"article\" \/>\n<meta property=\"og:title\" content=\"1080HD WiFi gooseneck camera - SpyShop\" \/>\n<meta property=\"og:description\" content=\"Oft mu\u00df man kleine Kameras platzieren, um aufzunehmen oder \u00fcber Bewegungen informiert zu sein, wenn es nicht m\u00f6glich ist, auf Sicht Observationsstellung zu beziehen. Nicht immer ist dabei garantiert, da\u00df die Ger\u00e4te nicht entwendet werden. Das Kostenrisiko durch Verlust sollte also gering gehalten werden.\" \/>\n<meta property=\"og:url\" content=\"https:\/\/www.spyshop.info\/en\/shop\/video-surveillance\/hidden-cameras-with-recording\/1080hd-wifi-gooseneck-camera\/\" \/>\n<meta property=\"og:site_name\" content=\"SpyShop\" \/>\n<meta property=\"article:modified_time\" content=\"2026-04-04T07:47:15+00:00\" \/>\n<meta property=\"og:image\" content=\"https:\/\/www.spyshop.info\/wp-content\/uploads\/2023\/10\/01-3.jpg\" \/>\n\t<meta property=\"og:image:width\" content=\"1290\" \/>\n\t<meta property=\"og:image:height\" content=\"1270\" \/>\n\t<meta property=\"og:image:type\" content=\"image\/jpeg\" \/>\n<meta name=\"twitter:card\" content=\"summary_large_image\" \/>\n<meta name=\"twitter:label1\" content=\"Est. reading time\" \/>\n\t<meta name=\"twitter:data1\" content=\"1 minute\" \/>\n<script type=\"application\/ld+json\" class=\"yoast-schema-graph\">{\"@context\":\"https:\\\/\\\/schema.org\",\"@graph\":[{\"@type\":\"WebPage\",\"@id\":\"https:\\\/\\\/www.spyshop.info\\\/en\\\/shop\\\/video-surveillance\\\/hidden-cameras-with-recording\\\/1080hd-wifi-gooseneck-camera\\\/\",\"url\":\"https:\\\/\\\/www.spyshop.info\\\/en\\\/shop\\\/video-surveillance\\\/hidden-cameras-with-recording\\\/1080hd-wifi-gooseneck-camera\\\/\",\"name\":\"1080HD WiFi gooseneck camera - SpyShop\",\"isPartOf\":{\"@id\":\"https:\\\/\\\/www.spyshop.info\\\/#website\"},\"primaryImageOfPage\":{\"@id\":\"https:\\\/\\\/www.spyshop.info\\\/en\\\/shop\\\/video-surveillance\\\/hidden-cameras-with-recording\\\/1080hd-wifi-gooseneck-camera\\\/#primaryimage\"},\"image\":{\"@id\":\"https:\\\/\\\/www.spyshop.info\\\/en\\\/shop\\\/video-surveillance\\\/hidden-cameras-with-recording\\\/1080hd-wifi-gooseneck-camera\\\/#primaryimage\"},\"thumbnailUrl\":\"https:\\\/\\\/www.spyshop.info\\\/wp-content\\\/uploads\\\/2023\\\/10\\\/01-3.jpg\",\"datePublished\":\"2023-10-27T15:13:41+00:00\",\"dateModified\":\"2026-04-04T07:47:15+00:00\",\"breadcrumb\":{\"@id\":\"https:\\\/\\\/www.spyshop.info\\\/en\\\/shop\\\/video-surveillance\\\/hidden-cameras-with-recording\\\/1080hd-wifi-gooseneck-camera\\\/#breadcrumb\"},\"inLanguage\":\"en-US\",\"potentialAction\":[{\"@type\":\"ReadAction\",\"target\":[\"https:\\\/\\\/www.spyshop.info\\\/en\\\/shop\\\/video-surveillance\\\/hidden-cameras-with-recording\\\/1080hd-wifi-gooseneck-camera\\\/\"]}]},{\"@type\":\"ImageObject\",\"inLanguage\":\"en-US\",\"@id\":\"https:\\\/\\\/www.spyshop.info\\\/en\\\/shop\\\/video-surveillance\\\/hidden-cameras-with-recording\\\/1080hd-wifi-gooseneck-camera\\\/#primaryimage\",\"url\":\"https:\\\/\\\/www.spyshop.info\\\/wp-content\\\/uploads\\\/2023\\\/10\\\/01-3.jpg\",\"contentUrl\":\"https:\\\/\\\/www.spyshop.info\\\/wp-content\\\/uploads\\\/2023\\\/10\\\/01-3.jpg\",\"width\":1290,\"height\":1270},{\"@type\":\"BreadcrumbList\",\"@id\":\"https:\\\/\\\/www.spyshop.info\\\/en\\\/shop\\\/video-surveillance\\\/hidden-cameras-with-recording\\\/1080hd-wifi-gooseneck-camera\\\/#breadcrumb\",\"itemListElement\":[{\"@type\":\"ListItem\",\"position\":1,\"name\":\"Startseite\",\"item\":\"https:\\\/\\\/www.spyshop.info\\\/en\\\/\"},{\"@type\":\"ListItem\",\"position\":2,\"name\":\"Shop\",\"item\":\"https:\\\/\\\/www.spyshop.info\\\/en\\\/shop\\\/\"},{\"@type\":\"ListItem\",\"position\":3,\"name\":\"1080HD WiFi gooseneck camera\"}]},{\"@type\":\"WebSite\",\"@id\":\"https:\\\/\\\/www.spyshop.info\\\/#website\",\"url\":\"https:\\\/\\\/www.spyshop.info\\\/\",\"name\":\"SpyShop\",\"description\":\"Abh\u00f6rger\u00e4te, GPS Sender, \u00dcberwachungskameras\",\"publisher\":{\"@id\":\"https:\\\/\\\/www.spyshop.info\\\/#organization\"},\"potentialAction\":[{\"@type\":\"SearchAction\",\"target\":{\"@type\":\"EntryPoint\",\"urlTemplate\":\"https:\\\/\\\/www.spyshop.info\\\/?s={search_term_string}\"},\"query-input\":{\"@type\":\"PropertyValueSpecification\",\"valueRequired\":true,\"valueName\":\"search_term_string\"}}],\"inLanguage\":\"en-US\"},{\"@type\":\"Organization\",\"@id\":\"https:\\\/\\\/www.spyshop.info\\\/#organization\",\"name\":\"SpyShop\",\"url\":\"https:\\\/\\\/www.spyshop.info\\\/\",\"logo\":{\"@type\":\"ImageObject\",\"inLanguage\":\"en-US\",\"@id\":\"https:\\\/\\\/www.spyshop.info\\\/#\\\/schema\\\/logo\\\/image\\\/\",\"url\":\"https:\\\/\\\/www.spyshop.info\\\/wp-content\\\/uploads\\\/2016\\\/11\\\/cropped-logo-spyshop-02-1-3.jpg\",\"contentUrl\":\"https:\\\/\\\/www.spyshop.info\\\/wp-content\\\/uploads\\\/2016\\\/11\\\/cropped-logo-spyshop-02-1-3.jpg\",\"width\":1522,\"height\":435,\"caption\":\"SpyShop\"},\"image\":{\"@id\":\"https:\\\/\\\/www.spyshop.info\\\/#\\\/schema\\\/logo\\\/image\\\/\"}}]}<\/script>\n<!-- \/ Yoast SEO plugin. -->","yoast_head_json":{"title":"1080HD WiFi gooseneck camera - SpyShop","robots":{"index":"index","follow":"follow","max-snippet":"max-snippet:-1","max-image-preview":"max-image-preview:large","max-video-preview":"max-video-preview:-1"},"canonical":"https:\/\/www.spyshop.info\/en\/shop\/video-surveillance\/hidden-cameras-with-recording\/1080hd-wifi-gooseneck-camera\/","og_locale":"en_US","og_type":"article","og_title":"1080HD WiFi gooseneck camera - SpyShop","og_description":"Oft mu\u00df man kleine Kameras platzieren, um aufzunehmen oder \u00fcber Bewegungen informiert zu sein, wenn es nicht m\u00f6glich ist, auf Sicht Observationsstellung zu beziehen. Nicht immer ist dabei garantiert, da\u00df die Ger\u00e4te nicht entwendet werden. Das Kostenrisiko durch Verlust sollte also gering gehalten werden.","og_url":"https:\/\/www.spyshop.info\/en\/shop\/video-surveillance\/hidden-cameras-with-recording\/1080hd-wifi-gooseneck-camera\/","og_site_name":"SpyShop","article_modified_time":"2026-04-04T07:47:15+00:00","og_image":[{"width":1290,"height":1270,"url":"https:\/\/www.spyshop.info\/wp-content\/uploads\/2023\/10\/01-3.jpg","type":"image\/jpeg"}],"twitter_card":"summary_large_image","twitter_misc":{"Est. reading time":"1 minute"},"schema":{"@context":"https:\/\/schema.org","@graph":[{"@type":"WebPage","@id":"https:\/\/www.spyshop.info\/en\/shop\/video-surveillance\/hidden-cameras-with-recording\/1080hd-wifi-gooseneck-camera\/","url":"https:\/\/www.spyshop.info\/en\/shop\/video-surveillance\/hidden-cameras-with-recording\/1080hd-wifi-gooseneck-camera\/","name":"1080HD WiFi gooseneck camera - SpyShop","isPartOf":{"@id":"https:\/\/www.spyshop.info\/#website"},"primaryImageOfPage":{"@id":"https:\/\/www.spyshop.info\/en\/shop\/video-surveillance\/hidden-cameras-with-recording\/1080hd-wifi-gooseneck-camera\/#primaryimage"},"image":{"@id":"https:\/\/www.spyshop.info\/en\/shop\/video-surveillance\/hidden-cameras-with-recording\/1080hd-wifi-gooseneck-camera\/#primaryimage"},"thumbnailUrl":"https:\/\/www.spyshop.info\/wp-content\/uploads\/2023\/10\/01-3.jpg","datePublished":"2023-10-27T15:13:41+00:00","dateModified":"2026-04-04T07:47:15+00:00","breadcrumb":{"@id":"https:\/\/www.spyshop.info\/en\/shop\/video-surveillance\/hidden-cameras-with-recording\/1080hd-wifi-gooseneck-camera\/#breadcrumb"},"inLanguage":"en-US","potentialAction":[{"@type":"ReadAction","target":["https:\/\/www.spyshop.info\/en\/shop\/video-surveillance\/hidden-cameras-with-recording\/1080hd-wifi-gooseneck-camera\/"]}]},{"@type":"ImageObject","inLanguage":"en-US","@id":"https:\/\/www.spyshop.info\/en\/shop\/video-surveillance\/hidden-cameras-with-recording\/1080hd-wifi-gooseneck-camera\/#primaryimage","url":"https:\/\/www.spyshop.info\/wp-content\/uploads\/2023\/10\/01-3.jpg","contentUrl":"https:\/\/www.spyshop.info\/wp-content\/uploads\/2023\/10\/01-3.jpg","width":1290,"height":1270},{"@type":"BreadcrumbList","@id":"https:\/\/www.spyshop.info\/en\/shop\/video-surveillance\/hidden-cameras-with-recording\/1080hd-wifi-gooseneck-camera\/#breadcrumb","itemListElement":[{"@type":"ListItem","position":1,"name":"Startseite","item":"https:\/\/www.spyshop.info\/en\/"},{"@type":"ListItem","position":2,"name":"Shop","item":"https:\/\/www.spyshop.info\/en\/shop\/"},{"@type":"ListItem","position":3,"name":"1080HD WiFi gooseneck camera"}]},{"@type":"WebSite","@id":"https:\/\/www.spyshop.info\/#website","url":"https:\/\/www.spyshop.info\/","name":"SpyShop","description":"Abh\u00f6rger\u00e4te, GPS Sender, \u00dcberwachungskameras","publisher":{"@id":"https:\/\/www.spyshop.info\/#organization"},"potentialAction":[{"@type":"SearchAction","target":{"@type":"EntryPoint","urlTemplate":"https:\/\/www.spyshop.info\/?s={search_term_string}"},"query-input":{"@type":"PropertyValueSpecification","valueRequired":true,"valueName":"search_term_string"}}],"inLanguage":"en-US"},{"@type":"Organization","@id":"https:\/\/www.spyshop.info\/#organization","name":"SpyShop","url":"https:\/\/www.spyshop.info\/","logo":{"@type":"ImageObject","inLanguage":"en-US","@id":"https:\/\/www.spyshop.info\/#\/schema\/logo\/image\/","url":"https:\/\/www.spyshop.info\/wp-content\/uploads\/2016\/11\/cropped-logo-spyshop-02-1-3.jpg","contentUrl":"https:\/\/www.spyshop.info\/wp-content\/uploads\/2016\/11\/cropped-logo-spyshop-02-1-3.jpg","width":1522,"height":435,"caption":"SpyShop"},"image":{"@id":"https:\/\/www.spyshop.info\/#\/schema\/logo\/image\/"}}]}},"_links":{"self":[{"href":"https:\/\/www.spyshop.info\/en\/wp-json\/wp\/v2\/product\/6666","targetHints":{"allow":["GET"]}}],"collection":[{"href":"https:\/\/www.spyshop.info\/en\/wp-json\/wp\/v2\/product"}],"about":[{"href":"https:\/\/www.spyshop.info\/en\/wp-json\/wp\/v2\/types\/product"}],"version-history":[{"count":1,"href":"https:\/\/www.spyshop.info\/en\/wp-json\/wp\/v2\/product\/6666\/revisions"}],"predecessor-version":[{"id":6667,"href":"https:\/\/www.spyshop.info\/en\/wp-json\/wp\/v2\/product\/6666\/revisions\/6667"}],"wp:featuredmedia":[{"embeddable":true,"href":"https:\/\/www.spyshop.info\/en\/wp-json\/wp\/v2\/media\/4665"}],"wp:attachment":[{"href":"https:\/\/www.spyshop.info\/en\/wp-json\/wp\/v2\/media?parent=6666"}],"wp:term":[{"taxonomy":"product_brand","embeddable":true,"href":"https:\/\/www.spyshop.info\/en\/wp-json\/wp\/v2\/product_brand?post=6666"},{"taxonomy":"product_cat","embeddable":true,"href":"https:\/\/www.spyshop.info\/en\/wp-json\/wp\/v2\/product_cat?post=6666"},{"taxonomy":"product_tag","embeddable":true,"href":"https:\/\/www.spyshop.info\/en\/wp-json\/wp\/v2\/product_tag?post=6666"}],"curies":[{"name":"wp","href":"https:\/\/api.w.org\/{rel}","templated":true}]}}