{"id":664,"date":"2016-08-30T11:12:51","date_gmt":"2016-08-30T09:12:51","guid":{"rendered":"https:\/\/www.spyshop.info\/?post_type=product&#038;p=664"},"modified":"2019-09-24T11:46:05","modified_gmt":"2019-09-24T09:46:05","slug":"stronic-ur125-075","status":"publish","type":"product","link":"https:\/\/www.spyshop.info\/en\/shop\/audio-surveillance\/recorders\/stronic-ur125-075\/","title":{"rendered":"STronic UR125-075"},"content":{"rendered":"<p>The STronic UR125-075 has an incredible voice detection mode of 125 days. This is more than almost any other device available. It comes at an affordable price and meets needs of many of your customers.<br \/>\nOther features definitely worth mentioning are the easiness with which this device is operated, it has one switch which you can put into two positions.<br \/>\nOne position is for continuous recording and the other one is for voice activated recording.<br \/>\nThe recording time goes up to 75 hours which is an incredible time when you take the size of the device into consideration. The device comes already equipped with great microphones, which gives you the ability to listen to up to 10 meters in distance.<\/p>\n<p>Functions:<br \/>\nControl<br \/>\nSimple control (3 positional system, ON\/OFF and voice activation)<br \/>\nMicrophones<br \/>\nVery sensitive microphones which are able to pick up voice or noises in a radius up to 10 meters.<br \/>\nSize<br \/>\nThe miniature size (50 x 21 x 10mm) makes this device ideal for pocket usage. It is easily operated with a tip of your finger.<br \/>\nBattery life<br \/>\nIncredible battery life, this spy recorder can go up to 125 days in voice detection and 75 hours of continuous recording. This data can vary based on the battery type used.<\/p>\n<p>Package contents:<br \/>\n1 Stronic UR 125-75<br \/>\n2 Charging cable<br \/>\n3 Charger<\/p>\n","protected":false},"excerpt":{"rendered":"<p>The STronic UR125-075 (ultimate record) is one of the best voice recorders available on the market. It has a microphone located at the bottom of the device. It has a connector that can easily be attached by cable to a PC. The main advantage is the supreme sound quality and the low battery consumption.<\/p>\n","protected":false},"featured_media":659,"template":"","meta":[],"product_brand":[],"product_cat":[188,190],"product_tag":[],"class_list":{"0":"post-664","1":"product","2":"type-product","3":"status-publish","4":"has-post-thumbnail","6":"product_cat-audio-surveillance","7":"product_cat-recorders","9":"first","10":"instock","11":"sale","12":"taxable","13":"shipping-taxable","14":"purchasable","15":"product-type-simple"},"yoast_head":"<!-- This site is optimized with the Yoast SEO plugin v27.4 - https:\/\/yoast.com\/product\/yoast-seo-wordpress\/ -->\n<title>STronic UR125-075 - SpyShop<\/title>\n<meta name=\"description\" content=\"The recording time is up to 75 hours, an incredible time if you consider the size of the device.\" \/>\n<meta name=\"robots\" content=\"index, follow, max-snippet:-1, max-image-preview:large, max-video-preview:-1\" \/>\n<link rel=\"canonical\" href=\"https:\/\/www.spyshop.info\/shop\/audioueberwachung\/aufnahmegeraete\/stronic-ur125-075\/\" \/>\n<meta property=\"og:locale\" content=\"en_US\" \/>\n<meta property=\"og:type\" content=\"article\" \/>\n<meta property=\"og:title\" content=\"STronic UR125-075 - SpyShop\" \/>\n<meta property=\"og:description\" content=\"The recording time is up to 75 hours, an incredible time if you consider the size of the device.\" \/>\n<meta property=\"og:url\" content=\"https:\/\/www.spyshop.info\/shop\/audioueberwachung\/aufnahmegeraete\/stronic-ur125-075\/\" \/>\n<meta property=\"og:site_name\" content=\"SpyShop\" \/>\n<meta property=\"article:modified_time\" content=\"2019-09-24T09:46:05+00:00\" \/>\n<meta property=\"og:image\" content=\"https:\/\/www.spyshop.info\/wp-content\/uploads\/2016\/08\/stronic-ur125-075.jpg\" \/>\n\t<meta property=\"og:image:width\" content=\"800\" \/>\n\t<meta property=\"og:image:height\" content=\"800\" \/>\n\t<meta property=\"og:image:type\" content=\"image\/jpeg\" \/>\n<meta name=\"twitter:card\" content=\"summary_large_image\" \/>\n<meta name=\"twitter:label1\" content=\"Est. reading time\" \/>\n\t<meta name=\"twitter:data1\" content=\"1 minute\" \/>\n<script type=\"application\/ld+json\" class=\"yoast-schema-graph\">{\"@context\":\"https:\\\/\\\/schema.org\",\"@graph\":[{\"@type\":\"WebPage\",\"@id\":\"https:\\\/\\\/www.spyshop.info\\\/shop\\\/audioueberwachung\\\/aufnahmegeraete\\\/stronic-ur125-075\\\/\",\"url\":\"https:\\\/\\\/www.spyshop.info\\\/shop\\\/audioueberwachung\\\/aufnahmegeraete\\\/stronic-ur125-075\\\/\",\"name\":\"STronic UR125-075 - SpyShop\",\"isPartOf\":{\"@id\":\"https:\\\/\\\/www.spyshop.info\\\/#website\"},\"primaryImageOfPage\":{\"@id\":\"https:\\\/\\\/www.spyshop.info\\\/shop\\\/audioueberwachung\\\/aufnahmegeraete\\\/stronic-ur125-075\\\/#primaryimage\"},\"image\":{\"@id\":\"https:\\\/\\\/www.spyshop.info\\\/shop\\\/audioueberwachung\\\/aufnahmegeraete\\\/stronic-ur125-075\\\/#primaryimage\"},\"thumbnailUrl\":\"https:\\\/\\\/www.spyshop.info\\\/wp-content\\\/uploads\\\/2016\\\/08\\\/stronic-ur125-075.jpg\",\"datePublished\":\"2016-08-30T09:12:51+00:00\",\"dateModified\":\"2019-09-24T09:46:05+00:00\",\"description\":\"The recording time is up to 75 hours, an incredible time if you consider the size of the device.\",\"breadcrumb\":{\"@id\":\"https:\\\/\\\/www.spyshop.info\\\/shop\\\/audioueberwachung\\\/aufnahmegeraete\\\/stronic-ur125-075\\\/#breadcrumb\"},\"inLanguage\":\"en-US\",\"potentialAction\":[{\"@type\":\"ReadAction\",\"target\":[\"https:\\\/\\\/www.spyshop.info\\\/shop\\\/audioueberwachung\\\/aufnahmegeraete\\\/stronic-ur125-075\\\/\"]}]},{\"@type\":\"ImageObject\",\"inLanguage\":\"en-US\",\"@id\":\"https:\\\/\\\/www.spyshop.info\\\/shop\\\/audioueberwachung\\\/aufnahmegeraete\\\/stronic-ur125-075\\\/#primaryimage\",\"url\":\"https:\\\/\\\/www.spyshop.info\\\/wp-content\\\/uploads\\\/2016\\\/08\\\/stronic-ur125-075.jpg\",\"contentUrl\":\"https:\\\/\\\/www.spyshop.info\\\/wp-content\\\/uploads\\\/2016\\\/08\\\/stronic-ur125-075.jpg\",\"width\":800,\"height\":800},{\"@type\":\"BreadcrumbList\",\"@id\":\"https:\\\/\\\/www.spyshop.info\\\/shop\\\/audioueberwachung\\\/aufnahmegeraete\\\/stronic-ur125-075\\\/#breadcrumb\",\"itemListElement\":[{\"@type\":\"ListItem\",\"position\":1,\"name\":\"Startseite\",\"item\":\"https:\\\/\\\/www.spyshop.info\\\/en\\\/\"},{\"@type\":\"ListItem\",\"position\":2,\"name\":\"Shop\",\"item\":\"https:\\\/\\\/www.spyshop.info\\\/en\\\/shop\\\/\"},{\"@type\":\"ListItem\",\"position\":3,\"name\":\"STronic UR125-075\"}]},{\"@type\":\"WebSite\",\"@id\":\"https:\\\/\\\/www.spyshop.info\\\/#website\",\"url\":\"https:\\\/\\\/www.spyshop.info\\\/\",\"name\":\"SpyShop\",\"description\":\"Abh\u00f6rger\u00e4te, GPS Sender, \u00dcberwachungskameras\",\"publisher\":{\"@id\":\"https:\\\/\\\/www.spyshop.info\\\/#organization\"},\"potentialAction\":[{\"@type\":\"SearchAction\",\"target\":{\"@type\":\"EntryPoint\",\"urlTemplate\":\"https:\\\/\\\/www.spyshop.info\\\/?s={search_term_string}\"},\"query-input\":{\"@type\":\"PropertyValueSpecification\",\"valueRequired\":true,\"valueName\":\"search_term_string\"}}],\"inLanguage\":\"en-US\"},{\"@type\":\"Organization\",\"@id\":\"https:\\\/\\\/www.spyshop.info\\\/#organization\",\"name\":\"SpyShop\",\"url\":\"https:\\\/\\\/www.spyshop.info\\\/\",\"logo\":{\"@type\":\"ImageObject\",\"inLanguage\":\"en-US\",\"@id\":\"https:\\\/\\\/www.spyshop.info\\\/#\\\/schema\\\/logo\\\/image\\\/\",\"url\":\"https:\\\/\\\/www.spyshop.info\\\/wp-content\\\/uploads\\\/2016\\\/11\\\/cropped-logo-spyshop-02-1-3.jpg\",\"contentUrl\":\"https:\\\/\\\/www.spyshop.info\\\/wp-content\\\/uploads\\\/2016\\\/11\\\/cropped-logo-spyshop-02-1-3.jpg\",\"width\":1522,\"height\":435,\"caption\":\"SpyShop\"},\"image\":{\"@id\":\"https:\\\/\\\/www.spyshop.info\\\/#\\\/schema\\\/logo\\\/image\\\/\"}}]}<\/script>\n<!-- \/ Yoast SEO plugin. -->","yoast_head_json":{"title":"STronic UR125-075 - SpyShop","description":"The recording time is up to 75 hours, an incredible time if you consider the size of the device.","robots":{"index":"index","follow":"follow","max-snippet":"max-snippet:-1","max-image-preview":"max-image-preview:large","max-video-preview":"max-video-preview:-1"},"canonical":"https:\/\/www.spyshop.info\/shop\/audioueberwachung\/aufnahmegeraete\/stronic-ur125-075\/","og_locale":"en_US","og_type":"article","og_title":"STronic UR125-075 - SpyShop","og_description":"The recording time is up to 75 hours, an incredible time if you consider the size of the device.","og_url":"https:\/\/www.spyshop.info\/shop\/audioueberwachung\/aufnahmegeraete\/stronic-ur125-075\/","og_site_name":"SpyShop","article_modified_time":"2019-09-24T09:46:05+00:00","og_image":[{"width":800,"height":800,"url":"https:\/\/www.spyshop.info\/wp-content\/uploads\/2016\/08\/stronic-ur125-075.jpg","type":"image\/jpeg"}],"twitter_card":"summary_large_image","twitter_misc":{"Est. reading time":"1 minute"},"schema":{"@context":"https:\/\/schema.org","@graph":[{"@type":"WebPage","@id":"https:\/\/www.spyshop.info\/shop\/audioueberwachung\/aufnahmegeraete\/stronic-ur125-075\/","url":"https:\/\/www.spyshop.info\/shop\/audioueberwachung\/aufnahmegeraete\/stronic-ur125-075\/","name":"STronic UR125-075 - SpyShop","isPartOf":{"@id":"https:\/\/www.spyshop.info\/#website"},"primaryImageOfPage":{"@id":"https:\/\/www.spyshop.info\/shop\/audioueberwachung\/aufnahmegeraete\/stronic-ur125-075\/#primaryimage"},"image":{"@id":"https:\/\/www.spyshop.info\/shop\/audioueberwachung\/aufnahmegeraete\/stronic-ur125-075\/#primaryimage"},"thumbnailUrl":"https:\/\/www.spyshop.info\/wp-content\/uploads\/2016\/08\/stronic-ur125-075.jpg","datePublished":"2016-08-30T09:12:51+00:00","dateModified":"2019-09-24T09:46:05+00:00","description":"The recording time is up to 75 hours, an incredible time if you consider the size of the device.","breadcrumb":{"@id":"https:\/\/www.spyshop.info\/shop\/audioueberwachung\/aufnahmegeraete\/stronic-ur125-075\/#breadcrumb"},"inLanguage":"en-US","potentialAction":[{"@type":"ReadAction","target":["https:\/\/www.spyshop.info\/shop\/audioueberwachung\/aufnahmegeraete\/stronic-ur125-075\/"]}]},{"@type":"ImageObject","inLanguage":"en-US","@id":"https:\/\/www.spyshop.info\/shop\/audioueberwachung\/aufnahmegeraete\/stronic-ur125-075\/#primaryimage","url":"https:\/\/www.spyshop.info\/wp-content\/uploads\/2016\/08\/stronic-ur125-075.jpg","contentUrl":"https:\/\/www.spyshop.info\/wp-content\/uploads\/2016\/08\/stronic-ur125-075.jpg","width":800,"height":800},{"@type":"BreadcrumbList","@id":"https:\/\/www.spyshop.info\/shop\/audioueberwachung\/aufnahmegeraete\/stronic-ur125-075\/#breadcrumb","itemListElement":[{"@type":"ListItem","position":1,"name":"Startseite","item":"https:\/\/www.spyshop.info\/en\/"},{"@type":"ListItem","position":2,"name":"Shop","item":"https:\/\/www.spyshop.info\/en\/shop\/"},{"@type":"ListItem","position":3,"name":"STronic UR125-075"}]},{"@type":"WebSite","@id":"https:\/\/www.spyshop.info\/#website","url":"https:\/\/www.spyshop.info\/","name":"SpyShop","description":"Abh\u00f6rger\u00e4te, GPS Sender, \u00dcberwachungskameras","publisher":{"@id":"https:\/\/www.spyshop.info\/#organization"},"potentialAction":[{"@type":"SearchAction","target":{"@type":"EntryPoint","urlTemplate":"https:\/\/www.spyshop.info\/?s={search_term_string}"},"query-input":{"@type":"PropertyValueSpecification","valueRequired":true,"valueName":"search_term_string"}}],"inLanguage":"en-US"},{"@type":"Organization","@id":"https:\/\/www.spyshop.info\/#organization","name":"SpyShop","url":"https:\/\/www.spyshop.info\/","logo":{"@type":"ImageObject","inLanguage":"en-US","@id":"https:\/\/www.spyshop.info\/#\/schema\/logo\/image\/","url":"https:\/\/www.spyshop.info\/wp-content\/uploads\/2016\/11\/cropped-logo-spyshop-02-1-3.jpg","contentUrl":"https:\/\/www.spyshop.info\/wp-content\/uploads\/2016\/11\/cropped-logo-spyshop-02-1-3.jpg","width":1522,"height":435,"caption":"SpyShop"},"image":{"@id":"https:\/\/www.spyshop.info\/#\/schema\/logo\/image\/"}}]}},"_links":{"self":[{"href":"https:\/\/www.spyshop.info\/en\/wp-json\/wp\/v2\/product\/664","targetHints":{"allow":["GET"]}}],"collection":[{"href":"https:\/\/www.spyshop.info\/en\/wp-json\/wp\/v2\/product"}],"about":[{"href":"https:\/\/www.spyshop.info\/en\/wp-json\/wp\/v2\/types\/product"}],"version-history":[{"count":0,"href":"https:\/\/www.spyshop.info\/en\/wp-json\/wp\/v2\/product\/664\/revisions"}],"wp:featuredmedia":[{"embeddable":true,"href":"https:\/\/www.spyshop.info\/en\/wp-json\/wp\/v2\/media\/659"}],"wp:attachment":[{"href":"https:\/\/www.spyshop.info\/en\/wp-json\/wp\/v2\/media?parent=664"}],"wp:term":[{"taxonomy":"product_brand","embeddable":true,"href":"https:\/\/www.spyshop.info\/en\/wp-json\/wp\/v2\/product_brand?post=664"},{"taxonomy":"product_cat","embeddable":true,"href":"https:\/\/www.spyshop.info\/en\/wp-json\/wp\/v2\/product_cat?post=664"},{"taxonomy":"product_tag","embeddable":true,"href":"https:\/\/www.spyshop.info\/en\/wp-json\/wp\/v2\/product_tag?post=664"}],"curies":[{"name":"wp","href":"https:\/\/api.w.org\/{rel}","templated":true}]}}