{"id":6634,"date":"2026-04-01T17:36:09","date_gmt":"2026-04-01T15:36:09","guid":{"rendered":"https:\/\/www.spyshop.info\/shop\/uncategorized\/wi-fi-hd-camera-in-a-power-strip\/"},"modified":"2026-04-01T17:46:20","modified_gmt":"2026-04-01T15:46:20","slug":"wi-fi-hd-camera-in-a-power-strip","status":"publish","type":"product","link":"https:\/\/www.spyshop.info\/en\/shop\/video-surveillance\/hidden-cameras-with-recording\/wi-fi-hd-camera-in-a-power-strip\/","title":{"rendered":"Wi-Fi HD camera in a power strip"},"content":{"rendered":"<p style=\"font-weight: 400;\">On the underside of the power strip there is a microSD slot into which you can insert a memory card of up to 128GB. Using the free app for iOS\/Android, you can connect the device to your Wi-Fi network (2.4GHz) and go online straight away. In the app, you can set all the parameters to suit your requirements. If you are unable to view the feed continuously via the app, the footage is saved to the inserted memory card in high-quality MP4 files. You can adjust the trigger sensitivity as well as set restricted monitoring periods. If desired, you can upload the recordings to a (paid) cloud service and then view or download them remotely. As this device is designed to be permanently connected to the mains, it operates indefinitely without the need for an additional power supply.      <\/p>\n<p style=\"font-weight: 400;\">How can the device help you?<\/p>\n<p style=\"font-weight: 400;\">If you want to know,<\/p>\n<p style=\"font-weight: 400;\">-) whether the hotel maid actually just cleans the dirt out of your room.<\/p>\n<p style=\"font-weight: 400;\">-) whether the cleaner actually works the hours she claims to have worked.<\/p>\n<p style=\"font-weight: 400;\">-) whether your staff are actually hard-working<\/p>\n<p style=\"font-weight: 400;\">-) whether your partner actually uses the shared bedroom on their own when you are away<\/p>\n<p style=\"font-weight: 400;\">-) whether goods are going missing from your warehouse<\/p>\n<p style=\"font-weight: 400;\">etc..<\/p>\n<p style=\"font-weight: 400;\">Product features<\/p>\n<p style=\"font-weight: 400;\">Video resolution: 1920\u00d71080, 25 fps<\/p>\n<p style=\"font-weight: 400;\">Internal video resolution: 720HD<\/p>\n<p style=\"font-weight: 400;\">Recording time: unlimited<\/p>\n<p style=\"font-weight: 400;\">App for iOS\/Android<\/p>\n<p style=\"font-weight: 400;\">Wifi: 2,4 GHz<\/p>\n<p style=\"font-weight: 400;\">Memory cards: up to 128GB MicroSD<\/p>\n<p style=\"font-weight: 400;\">Motion detection<\/p>\n<p style=\"font-weight: 400;\">Operating temperature: -10 to +60 degrees<\/p>\n<p style=\"font-weight: 400;\">Built-in microphone<\/p>\n<p style=\"font-weight: 400;\">Lens angle 90 degrees<\/p>\n<p style=\"font-weight: 400;\">Cable length: 2.5 metres<\/p>\n<p style=\"font-weight: 400;\">Dimensions: 27 x 5.5 x 4 cm<\/p>\n<p style=\"font-weight: 400;\">Weight: 240 g<\/p>\n","protected":false},"excerpt":{"rendered":"<p style=\"font-weight: 400;\">Wir waren skeptisch, sind aber nun nach dreit\u00e4gigem Test begeistert. Die Kamera ist tadellos getarnt, zeichnet intern auf und l\u00e4\u00dft Live-Einblick von au\u00dfen via kostenloser App f\u00fcr iOS\/Android zu. Push-Benachrichtigungen aufs Smartphone sorgen daf\u00fcr, da\u00df Sie minutenaktuell auf dem Laufenden sind.  <\/p>\n","protected":false},"featured_media":6628,"template":"","meta":[],"product_brand":[],"product_cat":[167,164,168],"product_tag":[],"class_list":{"0":"post-6634","1":"product","2":"type-product","3":"status-publish","4":"has-post-thumbnail","6":"product_cat-hidden-cameras-with-recording","7":"product_cat-video-surveillance","8":"product_cat-hidden-wifi-radio-and-gsm-cameras","10":"first","11":"instock","12":"taxable","13":"shipping-taxable","14":"purchasable","15":"product-type-simple"},"yoast_head":"<!-- This site is optimized with the Yoast SEO plugin v27.3 - https:\/\/yoast.com\/product\/yoast-seo-wordpress\/ -->\n<title>Wi-Fi HD camera in a power strip - SpyShop<\/title>\n<meta name=\"robots\" content=\"index, follow, max-snippet:-1, max-image-preview:large, max-video-preview:-1\" \/>\n<link rel=\"canonical\" href=\"https:\/\/www.spyshop.info\/en\/shop\/video-surveillance\/hidden-cameras-with-recording\/wi-fi-hd-camera-in-a-power-strip\/\" \/>\n<meta property=\"og:locale\" content=\"en_US\" \/>\n<meta property=\"og:type\" content=\"article\" \/>\n<meta property=\"og:title\" content=\"Wi-Fi HD camera in a power strip - SpyShop\" \/>\n<meta property=\"og:description\" content=\"Wir waren skeptisch, sind aber nun nach dreit\u00e4gigem Test begeistert. Die Kamera ist tadellos getarnt, zeichnet intern auf und l\u00e4\u00dft Live-Einblick von au\u00dfen via kostenloser App f\u00fcr iOS\/Android zu. Push-Benachrichtigungen aufs Smartphone sorgen daf\u00fcr, da\u00df Sie minutenaktuell auf dem Laufenden sind.\" \/>\n<meta property=\"og:url\" content=\"https:\/\/www.spyshop.info\/en\/shop\/video-surveillance\/hidden-cameras-with-recording\/wi-fi-hd-camera-in-a-power-strip\/\" \/>\n<meta property=\"og:site_name\" content=\"SpyShop\" \/>\n<meta property=\"article:modified_time\" content=\"2026-04-01T15:46:20+00:00\" \/>\n<meta property=\"og:image\" content=\"https:\/\/www.spyshop.info\/wp-content\/uploads\/2026\/04\/image-scaled.jpg\" \/>\n\t<meta property=\"og:image:width\" content=\"2560\" \/>\n\t<meta property=\"og:image:height\" content=\"1317\" \/>\n\t<meta property=\"og:image:type\" content=\"image\/jpeg\" \/>\n<meta name=\"twitter:card\" content=\"summary_large_image\" \/>\n<meta name=\"twitter:label1\" content=\"Est. reading time\" \/>\n\t<meta name=\"twitter:data1\" content=\"1 minute\" \/>\n<script type=\"application\/ld+json\" class=\"yoast-schema-graph\">{\"@context\":\"https:\\\/\\\/schema.org\",\"@graph\":[{\"@type\":\"WebPage\",\"@id\":\"https:\\\/\\\/www.spyshop.info\\\/en\\\/shop\\\/video-surveillance\\\/hidden-cameras-with-recording\\\/wi-fi-hd-camera-in-a-power-strip\\\/\",\"url\":\"https:\\\/\\\/www.spyshop.info\\\/en\\\/shop\\\/video-surveillance\\\/hidden-cameras-with-recording\\\/wi-fi-hd-camera-in-a-power-strip\\\/\",\"name\":\"Wi-Fi HD camera in a power strip - SpyShop\",\"isPartOf\":{\"@id\":\"https:\\\/\\\/www.spyshop.info\\\/#website\"},\"primaryImageOfPage\":{\"@id\":\"https:\\\/\\\/www.spyshop.info\\\/en\\\/shop\\\/video-surveillance\\\/hidden-cameras-with-recording\\\/wi-fi-hd-camera-in-a-power-strip\\\/#primaryimage\"},\"image\":{\"@id\":\"https:\\\/\\\/www.spyshop.info\\\/en\\\/shop\\\/video-surveillance\\\/hidden-cameras-with-recording\\\/wi-fi-hd-camera-in-a-power-strip\\\/#primaryimage\"},\"thumbnailUrl\":\"https:\\\/\\\/www.spyshop.info\\\/wp-content\\\/uploads\\\/2026\\\/04\\\/image-scaled.jpg\",\"datePublished\":\"2026-04-01T15:36:09+00:00\",\"dateModified\":\"2026-04-01T15:46:20+00:00\",\"breadcrumb\":{\"@id\":\"https:\\\/\\\/www.spyshop.info\\\/en\\\/shop\\\/video-surveillance\\\/hidden-cameras-with-recording\\\/wi-fi-hd-camera-in-a-power-strip\\\/#breadcrumb\"},\"inLanguage\":\"en-US\",\"potentialAction\":[{\"@type\":\"ReadAction\",\"target\":[\"https:\\\/\\\/www.spyshop.info\\\/en\\\/shop\\\/video-surveillance\\\/hidden-cameras-with-recording\\\/wi-fi-hd-camera-in-a-power-strip\\\/\"]}]},{\"@type\":\"ImageObject\",\"inLanguage\":\"en-US\",\"@id\":\"https:\\\/\\\/www.spyshop.info\\\/en\\\/shop\\\/video-surveillance\\\/hidden-cameras-with-recording\\\/wi-fi-hd-camera-in-a-power-strip\\\/#primaryimage\",\"url\":\"https:\\\/\\\/www.spyshop.info\\\/wp-content\\\/uploads\\\/2026\\\/04\\\/image-scaled.jpg\",\"contentUrl\":\"https:\\\/\\\/www.spyshop.info\\\/wp-content\\\/uploads\\\/2026\\\/04\\\/image-scaled.jpg\",\"width\":2560,\"height\":1317},{\"@type\":\"BreadcrumbList\",\"@id\":\"https:\\\/\\\/www.spyshop.info\\\/en\\\/shop\\\/video-surveillance\\\/hidden-cameras-with-recording\\\/wi-fi-hd-camera-in-a-power-strip\\\/#breadcrumb\",\"itemListElement\":[{\"@type\":\"ListItem\",\"position\":1,\"name\":\"Startseite\",\"item\":\"https:\\\/\\\/www.spyshop.info\\\/en\\\/\"},{\"@type\":\"ListItem\",\"position\":2,\"name\":\"Shop\",\"item\":\"https:\\\/\\\/www.spyshop.info\\\/en\\\/shop\\\/\"},{\"@type\":\"ListItem\",\"position\":3,\"name\":\"Wi-Fi HD camera in a power strip\"}]},{\"@type\":\"WebSite\",\"@id\":\"https:\\\/\\\/www.spyshop.info\\\/#website\",\"url\":\"https:\\\/\\\/www.spyshop.info\\\/\",\"name\":\"SpyShop\",\"description\":\"Abh\u00f6rger\u00e4te, GPS Sender, \u00dcberwachungskameras\",\"publisher\":{\"@id\":\"https:\\\/\\\/www.spyshop.info\\\/#organization\"},\"potentialAction\":[{\"@type\":\"SearchAction\",\"target\":{\"@type\":\"EntryPoint\",\"urlTemplate\":\"https:\\\/\\\/www.spyshop.info\\\/?s={search_term_string}\"},\"query-input\":{\"@type\":\"PropertyValueSpecification\",\"valueRequired\":true,\"valueName\":\"search_term_string\"}}],\"inLanguage\":\"en-US\"},{\"@type\":\"Organization\",\"@id\":\"https:\\\/\\\/www.spyshop.info\\\/#organization\",\"name\":\"SpyShop\",\"url\":\"https:\\\/\\\/www.spyshop.info\\\/\",\"logo\":{\"@type\":\"ImageObject\",\"inLanguage\":\"en-US\",\"@id\":\"https:\\\/\\\/www.spyshop.info\\\/#\\\/schema\\\/logo\\\/image\\\/\",\"url\":\"https:\\\/\\\/www.spyshop.info\\\/wp-content\\\/uploads\\\/2016\\\/11\\\/cropped-logo-spyshop-02-1-3.jpg\",\"contentUrl\":\"https:\\\/\\\/www.spyshop.info\\\/wp-content\\\/uploads\\\/2016\\\/11\\\/cropped-logo-spyshop-02-1-3.jpg\",\"width\":1522,\"height\":435,\"caption\":\"SpyShop\"},\"image\":{\"@id\":\"https:\\\/\\\/www.spyshop.info\\\/#\\\/schema\\\/logo\\\/image\\\/\"}}]}<\/script>\n<!-- \/ Yoast SEO plugin. -->","yoast_head_json":{"title":"Wi-Fi HD camera in a power strip - SpyShop","robots":{"index":"index","follow":"follow","max-snippet":"max-snippet:-1","max-image-preview":"max-image-preview:large","max-video-preview":"max-video-preview:-1"},"canonical":"https:\/\/www.spyshop.info\/en\/shop\/video-surveillance\/hidden-cameras-with-recording\/wi-fi-hd-camera-in-a-power-strip\/","og_locale":"en_US","og_type":"article","og_title":"Wi-Fi HD camera in a power strip - SpyShop","og_description":"Wir waren skeptisch, sind aber nun nach dreit\u00e4gigem Test begeistert. Die Kamera ist tadellos getarnt, zeichnet intern auf und l\u00e4\u00dft Live-Einblick von au\u00dfen via kostenloser App f\u00fcr iOS\/Android zu. Push-Benachrichtigungen aufs Smartphone sorgen daf\u00fcr, da\u00df Sie minutenaktuell auf dem Laufenden sind.","og_url":"https:\/\/www.spyshop.info\/en\/shop\/video-surveillance\/hidden-cameras-with-recording\/wi-fi-hd-camera-in-a-power-strip\/","og_site_name":"SpyShop","article_modified_time":"2026-04-01T15:46:20+00:00","og_image":[{"width":2560,"height":1317,"url":"https:\/\/www.spyshop.info\/wp-content\/uploads\/2026\/04\/image-scaled.jpg","type":"image\/jpeg"}],"twitter_card":"summary_large_image","twitter_misc":{"Est. reading time":"1 minute"},"schema":{"@context":"https:\/\/schema.org","@graph":[{"@type":"WebPage","@id":"https:\/\/www.spyshop.info\/en\/shop\/video-surveillance\/hidden-cameras-with-recording\/wi-fi-hd-camera-in-a-power-strip\/","url":"https:\/\/www.spyshop.info\/en\/shop\/video-surveillance\/hidden-cameras-with-recording\/wi-fi-hd-camera-in-a-power-strip\/","name":"Wi-Fi HD camera in a power strip - SpyShop","isPartOf":{"@id":"https:\/\/www.spyshop.info\/#website"},"primaryImageOfPage":{"@id":"https:\/\/www.spyshop.info\/en\/shop\/video-surveillance\/hidden-cameras-with-recording\/wi-fi-hd-camera-in-a-power-strip\/#primaryimage"},"image":{"@id":"https:\/\/www.spyshop.info\/en\/shop\/video-surveillance\/hidden-cameras-with-recording\/wi-fi-hd-camera-in-a-power-strip\/#primaryimage"},"thumbnailUrl":"https:\/\/www.spyshop.info\/wp-content\/uploads\/2026\/04\/image-scaled.jpg","datePublished":"2026-04-01T15:36:09+00:00","dateModified":"2026-04-01T15:46:20+00:00","breadcrumb":{"@id":"https:\/\/www.spyshop.info\/en\/shop\/video-surveillance\/hidden-cameras-with-recording\/wi-fi-hd-camera-in-a-power-strip\/#breadcrumb"},"inLanguage":"en-US","potentialAction":[{"@type":"ReadAction","target":["https:\/\/www.spyshop.info\/en\/shop\/video-surveillance\/hidden-cameras-with-recording\/wi-fi-hd-camera-in-a-power-strip\/"]}]},{"@type":"ImageObject","inLanguage":"en-US","@id":"https:\/\/www.spyshop.info\/en\/shop\/video-surveillance\/hidden-cameras-with-recording\/wi-fi-hd-camera-in-a-power-strip\/#primaryimage","url":"https:\/\/www.spyshop.info\/wp-content\/uploads\/2026\/04\/image-scaled.jpg","contentUrl":"https:\/\/www.spyshop.info\/wp-content\/uploads\/2026\/04\/image-scaled.jpg","width":2560,"height":1317},{"@type":"BreadcrumbList","@id":"https:\/\/www.spyshop.info\/en\/shop\/video-surveillance\/hidden-cameras-with-recording\/wi-fi-hd-camera-in-a-power-strip\/#breadcrumb","itemListElement":[{"@type":"ListItem","position":1,"name":"Startseite","item":"https:\/\/www.spyshop.info\/en\/"},{"@type":"ListItem","position":2,"name":"Shop","item":"https:\/\/www.spyshop.info\/en\/shop\/"},{"@type":"ListItem","position":3,"name":"Wi-Fi HD camera in a power strip"}]},{"@type":"WebSite","@id":"https:\/\/www.spyshop.info\/#website","url":"https:\/\/www.spyshop.info\/","name":"SpyShop","description":"Abh\u00f6rger\u00e4te, GPS Sender, \u00dcberwachungskameras","publisher":{"@id":"https:\/\/www.spyshop.info\/#organization"},"potentialAction":[{"@type":"SearchAction","target":{"@type":"EntryPoint","urlTemplate":"https:\/\/www.spyshop.info\/?s={search_term_string}"},"query-input":{"@type":"PropertyValueSpecification","valueRequired":true,"valueName":"search_term_string"}}],"inLanguage":"en-US"},{"@type":"Organization","@id":"https:\/\/www.spyshop.info\/#organization","name":"SpyShop","url":"https:\/\/www.spyshop.info\/","logo":{"@type":"ImageObject","inLanguage":"en-US","@id":"https:\/\/www.spyshop.info\/#\/schema\/logo\/image\/","url":"https:\/\/www.spyshop.info\/wp-content\/uploads\/2016\/11\/cropped-logo-spyshop-02-1-3.jpg","contentUrl":"https:\/\/www.spyshop.info\/wp-content\/uploads\/2016\/11\/cropped-logo-spyshop-02-1-3.jpg","width":1522,"height":435,"caption":"SpyShop"},"image":{"@id":"https:\/\/www.spyshop.info\/#\/schema\/logo\/image\/"}}]}},"_links":{"self":[{"href":"https:\/\/www.spyshop.info\/en\/wp-json\/wp\/v2\/product\/6634","targetHints":{"allow":["GET"]}}],"collection":[{"href":"https:\/\/www.spyshop.info\/en\/wp-json\/wp\/v2\/product"}],"about":[{"href":"https:\/\/www.spyshop.info\/en\/wp-json\/wp\/v2\/types\/product"}],"version-history":[{"count":0,"href":"https:\/\/www.spyshop.info\/en\/wp-json\/wp\/v2\/product\/6634\/revisions"}],"wp:featuredmedia":[{"embeddable":true,"href":"https:\/\/www.spyshop.info\/en\/wp-json\/wp\/v2\/media\/6628"}],"wp:attachment":[{"href":"https:\/\/www.spyshop.info\/en\/wp-json\/wp\/v2\/media?parent=6634"}],"wp:term":[{"taxonomy":"product_brand","embeddable":true,"href":"https:\/\/www.spyshop.info\/en\/wp-json\/wp\/v2\/product_brand?post=6634"},{"taxonomy":"product_cat","embeddable":true,"href":"https:\/\/www.spyshop.info\/en\/wp-json\/wp\/v2\/product_cat?post=6634"},{"taxonomy":"product_tag","embeddable":true,"href":"https:\/\/www.spyshop.info\/en\/wp-json\/wp\/v2\/product_tag?post=6634"}],"curies":[{"name":"wp","href":"https:\/\/api.w.org\/{rel}","templated":true}]}}