{"id":6617,"date":"2023-12-29T14:53:46","date_gmt":"2023-12-29T13:53:46","guid":{"rendered":"https:\/\/www.spyshop.info\/shop\/uncategorized\/power-bank-with-2k-video-camera\/"},"modified":"2026-03-30T15:32:54","modified_gmt":"2026-03-30T13:32:54","slug":"power-bank-with-2k-video-camera","status":"publish","type":"product","link":"https:\/\/www.spyshop.info\/en\/shop\/video-surveillance\/hidden-cameras-with-recording\/power-bank-with-2k-video-camera\/","title":{"rendered":"Power bank with 2K video camera"},"content":{"rendered":"<p style=\"font-weight: 400;\">We put the device through its paces time and time again because we couldn\u2019t believe what we were looking at. A power bank for charging smartphones and cameras is nothing out of the ordinary these days. But the fact that it also secretly records videos in 2K quality is something special. It\u2019s extremely easy to use and requires no great technical knowledge. We managed just under 35 hours of recording on a single charge. In night vision mode, which works just as crisply, we got 16 hours. The built-in flip function automatically straightens the video recordings, even if the power bank is placed upside down. A percentage display provides precise information on the battery level. The date and time can be displayed in the video if desired, or taken from the computer. It couldn\u2019t be simpler or more reliable.          <\/p>\n<p style=\"font-weight: 400;\">We have now started using this device in every surveillance team, and many colleagues are already placing orders. This may occasionally lead to delivery delays, but we will resolve these within a maximum of two weeks. <\/p>\n<p style=\"font-weight: 400;\">Please note the accessories:<\/p>\n<p style=\"font-weight: 400;\">Under the \u2018Video Accessories\u2019 section, you will find a weatherproof housing (item no. VZB-008), which allows you to deploy the powerbank camera and retrieve it again after 34 hours. If you order a 128GB microSD card (item no. VZB-009) with it, we will fully charge the powerbank for you and set the date and time. Simply unpack it upon receipt and start using it straight away!  <\/p>\n<p style=\"font-weight: 400;\">Product features<\/p>\n<table style=\"font-weight: 400;\" width=\"1140\">\n<tbody>\n<tr>\n<td width=\"570\">VIDEO FORMAT<\/td>\n<td>MP4<\/td>\n<\/tr>\n<tr>\n<td width=\"570\">VIDEO ENCODING<\/td>\n<td>H.264<\/td>\n<\/tr>\n<tr>\n<td width=\"570\">RESOLUTION,FRAME RATE<\/td>\n<td>4K\/2<\/td>\n<\/tr>\n<tr>\n<td width=\"570\">FRAME RATE<\/td>\n<td>30 Frames<\/td>\n<\/tr>\n<tr>\n<td width=\"570\">SUPPORT SYSTEM<\/td>\n<td>Windows\/Mac<\/td>\n<\/tr>\n<tr>\n<td width=\"570\">FULL BATTERY LIFE<\/td>\n<td>About 34 hours<\/td>\n<\/tr>\n<tr>\n<td width=\"570\">BATTERY CAPACITY<\/td>\n<td>10.000mah<\/td>\n<\/tr>\n<tr>\n<td width=\"570\">CHARGING VOLTAGE<\/td>\n<td>DC-5V<\/td>\n<\/tr>\n<tr>\n<td width=\"570\">INTERFACE TYPE<\/td>\n<td>Micro USB<\/td>\n<\/tr>\n<tr>\n<td width=\"570\">STORAGE SUPPORT<\/td>\n<td>TF Card(16-128G,FAT32 format)<\/td>\n<\/tr>\n<tr>\n<td width=\"570\">BATTERY TYPE<\/td>\n<td>Lithium-ion polymer battery<\/td>\n<\/tr>\n<\/tbody>\n<\/table>\n<p style=\"font-weight: 400;\">Norm<\/p>\n<table style=\"font-weight: 400;\" width=\"1140\">\n<tbody>\n<tr>\n<td width=\"570\">MOTHERBOARD MODELQD-16-V2<\/td>\n<td>QD-16-V2<\/td>\n<\/tr>\n<tr>\n<td width=\"570\">PROCESSOR<\/td>\n<td>Main control L333<\/td>\n<\/tr>\n<tr>\n<td width=\"570\">COMS SENSOR CHIP<\/td>\n<td>GC2083<\/td>\n<\/tr>\n<tr>\n<td width=\"570\">OPERATING TEMPERATURE<\/td>\n<td>About 45\u00b0<\/td>\n<\/tr>\n<tr>\n<td width=\"570\">LENS FIELD OF VIEW<\/td>\n<td>Diagonal D=75\uff1bHorizontal H= 60\uff1bVertical V= 45<\/td>\n<\/tr>\n<\/tbody>\n<\/table>\n<p style=\"font-weight: 400;\">Software Support<\/p>\n<table style=\"font-weight: 400;\" width=\"1140\">\n<tbody>\n<tr>\n<td width=\"570\">USB DRIVERLESS SUPPORT<\/td>\n<td>WinXP\uff1bWin7\uff1bWin8\uff1bWin10\uff1bMacOS; Linux\uff1bUbuntu ; Android<\/td>\n<\/tr>\n<tr>\n<td width=\"570\">POWER FREQUENCY SUPPORT<\/td>\n<td>50Hz; 60Hz<\/td>\n<\/tr>\n<\/tbody>\n<\/table>\n<p style=\"font-weight: 400;\">Output Support<\/p>\n<table style=\"font-weight: 400;\" width=\"1140\">\n<tbody>\n<tr>\n<td width=\"570\">VIDEO OUTPUT RESOLUTION<\/td>\n<td>2048*1152<\/td>\n<\/tr>\n<tr>\n<td width=\"570\">VIDEO OUTPUT FORMAT<\/td>\n<td>MP4<\/td>\n<\/tr>\n<tr>\n<td width=\"570\">PHOTO RESOLUTION<\/td>\n<td>3840*2160<\/td>\n<\/tr>\n<\/tbody>\n<\/table>\n<p style=\"font-weight: 400;\">\n","protected":false},"excerpt":{"rendered":"<p style=\"font-weight: 400;\">Wir hatten schon viele Video-Powerbanks im Einsatz, aber noch keine hat uns so begeistert wie diese. Abgesehen von der ausgezeichneten Qualit\u00e4t der Videoaufnahmen und der Laufzeit ist sie auch einfach zu bedienen. Selbst in der Aufregung mancher Observationseins\u00e4tze.  <\/p>\n","protected":false},"featured_media":4750,"template":"","meta":[],"product_brand":[],"product_cat":[167,164],"product_tag":[],"class_list":{"0":"post-6617","1":"product","2":"type-product","3":"status-publish","4":"has-post-thumbnail","6":"product_cat-hidden-cameras-with-recording","7":"product_cat-video-surveillance","9":"first","10":"instock","11":"taxable","12":"shipping-taxable","13":"purchasable","14":"product-type-simple"},"yoast_head":"<!-- This site is optimized with the Yoast SEO plugin v27.3 - https:\/\/yoast.com\/product\/yoast-seo-wordpress\/ -->\n<title>Power bank with 2K video camera - SpyShop<\/title>\n<meta name=\"robots\" content=\"index, follow, max-snippet:-1, max-image-preview:large, max-video-preview:-1\" \/>\n<link rel=\"canonical\" href=\"https:\/\/www.spyshop.info\/en\/shop\/video-surveillance\/hidden-cameras-with-recording\/power-bank-with-2k-video-camera\/\" \/>\n<meta property=\"og:locale\" content=\"en_US\" \/>\n<meta property=\"og:type\" content=\"article\" \/>\n<meta property=\"og:title\" content=\"Power bank with 2K video camera - SpyShop\" \/>\n<meta property=\"og:description\" content=\"Wir hatten schon viele Video-Powerbanks im Einsatz, aber noch keine hat uns so begeistert wie diese. Abgesehen von der ausgezeichneten Qualit\u00e4t der Videoaufnahmen und der Laufzeit ist sie auch einfach zu bedienen. Selbst in der Aufregung mancher Observationseins\u00e4tze.\" \/>\n<meta property=\"og:url\" content=\"https:\/\/www.spyshop.info\/en\/shop\/video-surveillance\/hidden-cameras-with-recording\/power-bank-with-2k-video-camera\/\" \/>\n<meta property=\"og:site_name\" content=\"SpyShop\" \/>\n<meta property=\"article:modified_time\" content=\"2026-03-30T13:32:54+00:00\" \/>\n<meta property=\"og:image\" content=\"https:\/\/www.spyshop.info\/wp-content\/uploads\/2023\/12\/001.jpg\" \/>\n\t<meta property=\"og:image:width\" content=\"800\" \/>\n\t<meta property=\"og:image:height\" content=\"800\" \/>\n\t<meta property=\"og:image:type\" content=\"image\/jpeg\" \/>\n<meta name=\"twitter:card\" content=\"summary_large_image\" \/>\n<meta name=\"twitter:label1\" content=\"Est. reading time\" \/>\n\t<meta name=\"twitter:data1\" content=\"2 minutes\" \/>\n<script type=\"application\/ld+json\" class=\"yoast-schema-graph\">{\"@context\":\"https:\\\/\\\/schema.org\",\"@graph\":[{\"@type\":\"WebPage\",\"@id\":\"https:\\\/\\\/www.spyshop.info\\\/en\\\/shop\\\/video-surveillance\\\/hidden-cameras-with-recording\\\/power-bank-with-2k-video-camera\\\/\",\"url\":\"https:\\\/\\\/www.spyshop.info\\\/en\\\/shop\\\/video-surveillance\\\/hidden-cameras-with-recording\\\/power-bank-with-2k-video-camera\\\/\",\"name\":\"Power bank with 2K video camera - SpyShop\",\"isPartOf\":{\"@id\":\"https:\\\/\\\/www.spyshop.info\\\/#website\"},\"primaryImageOfPage\":{\"@id\":\"https:\\\/\\\/www.spyshop.info\\\/en\\\/shop\\\/video-surveillance\\\/hidden-cameras-with-recording\\\/power-bank-with-2k-video-camera\\\/#primaryimage\"},\"image\":{\"@id\":\"https:\\\/\\\/www.spyshop.info\\\/en\\\/shop\\\/video-surveillance\\\/hidden-cameras-with-recording\\\/power-bank-with-2k-video-camera\\\/#primaryimage\"},\"thumbnailUrl\":\"https:\\\/\\\/www.spyshop.info\\\/wp-content\\\/uploads\\\/2023\\\/12\\\/001.jpg\",\"datePublished\":\"2023-12-29T13:53:46+00:00\",\"dateModified\":\"2026-03-30T13:32:54+00:00\",\"breadcrumb\":{\"@id\":\"https:\\\/\\\/www.spyshop.info\\\/en\\\/shop\\\/video-surveillance\\\/hidden-cameras-with-recording\\\/power-bank-with-2k-video-camera\\\/#breadcrumb\"},\"inLanguage\":\"en-US\",\"potentialAction\":[{\"@type\":\"ReadAction\",\"target\":[\"https:\\\/\\\/www.spyshop.info\\\/en\\\/shop\\\/video-surveillance\\\/hidden-cameras-with-recording\\\/power-bank-with-2k-video-camera\\\/\"]}]},{\"@type\":\"ImageObject\",\"inLanguage\":\"en-US\",\"@id\":\"https:\\\/\\\/www.spyshop.info\\\/en\\\/shop\\\/video-surveillance\\\/hidden-cameras-with-recording\\\/power-bank-with-2k-video-camera\\\/#primaryimage\",\"url\":\"https:\\\/\\\/www.spyshop.info\\\/wp-content\\\/uploads\\\/2023\\\/12\\\/001.jpg\",\"contentUrl\":\"https:\\\/\\\/www.spyshop.info\\\/wp-content\\\/uploads\\\/2023\\\/12\\\/001.jpg\",\"width\":800,\"height\":800},{\"@type\":\"BreadcrumbList\",\"@id\":\"https:\\\/\\\/www.spyshop.info\\\/en\\\/shop\\\/video-surveillance\\\/hidden-cameras-with-recording\\\/power-bank-with-2k-video-camera\\\/#breadcrumb\",\"itemListElement\":[{\"@type\":\"ListItem\",\"position\":1,\"name\":\"Startseite\",\"item\":\"https:\\\/\\\/www.spyshop.info\\\/en\\\/\"},{\"@type\":\"ListItem\",\"position\":2,\"name\":\"Shop\",\"item\":\"https:\\\/\\\/www.spyshop.info\\\/en\\\/shop\\\/\"},{\"@type\":\"ListItem\",\"position\":3,\"name\":\"Power bank with 2K video camera\"}]},{\"@type\":\"WebSite\",\"@id\":\"https:\\\/\\\/www.spyshop.info\\\/#website\",\"url\":\"https:\\\/\\\/www.spyshop.info\\\/\",\"name\":\"SpyShop\",\"description\":\"Abh\u00f6rger\u00e4te, GPS Sender, \u00dcberwachungskameras\",\"publisher\":{\"@id\":\"https:\\\/\\\/www.spyshop.info\\\/#organization\"},\"potentialAction\":[{\"@type\":\"SearchAction\",\"target\":{\"@type\":\"EntryPoint\",\"urlTemplate\":\"https:\\\/\\\/www.spyshop.info\\\/?s={search_term_string}\"},\"query-input\":{\"@type\":\"PropertyValueSpecification\",\"valueRequired\":true,\"valueName\":\"search_term_string\"}}],\"inLanguage\":\"en-US\"},{\"@type\":\"Organization\",\"@id\":\"https:\\\/\\\/www.spyshop.info\\\/#organization\",\"name\":\"SpyShop\",\"url\":\"https:\\\/\\\/www.spyshop.info\\\/\",\"logo\":{\"@type\":\"ImageObject\",\"inLanguage\":\"en-US\",\"@id\":\"https:\\\/\\\/www.spyshop.info\\\/#\\\/schema\\\/logo\\\/image\\\/\",\"url\":\"https:\\\/\\\/www.spyshop.info\\\/wp-content\\\/uploads\\\/2016\\\/11\\\/cropped-logo-spyshop-02-1-3.jpg\",\"contentUrl\":\"https:\\\/\\\/www.spyshop.info\\\/wp-content\\\/uploads\\\/2016\\\/11\\\/cropped-logo-spyshop-02-1-3.jpg\",\"width\":1522,\"height\":435,\"caption\":\"SpyShop\"},\"image\":{\"@id\":\"https:\\\/\\\/www.spyshop.info\\\/#\\\/schema\\\/logo\\\/image\\\/\"}}]}<\/script>\n<!-- \/ Yoast SEO plugin. -->","yoast_head_json":{"title":"Power bank with 2K video camera - SpyShop","robots":{"index":"index","follow":"follow","max-snippet":"max-snippet:-1","max-image-preview":"max-image-preview:large","max-video-preview":"max-video-preview:-1"},"canonical":"https:\/\/www.spyshop.info\/en\/shop\/video-surveillance\/hidden-cameras-with-recording\/power-bank-with-2k-video-camera\/","og_locale":"en_US","og_type":"article","og_title":"Power bank with 2K video camera - SpyShop","og_description":"Wir hatten schon viele Video-Powerbanks im Einsatz, aber noch keine hat uns so begeistert wie diese. Abgesehen von der ausgezeichneten Qualit\u00e4t der Videoaufnahmen und der Laufzeit ist sie auch einfach zu bedienen. Selbst in der Aufregung mancher Observationseins\u00e4tze.","og_url":"https:\/\/www.spyshop.info\/en\/shop\/video-surveillance\/hidden-cameras-with-recording\/power-bank-with-2k-video-camera\/","og_site_name":"SpyShop","article_modified_time":"2026-03-30T13:32:54+00:00","og_image":[{"width":800,"height":800,"url":"https:\/\/www.spyshop.info\/wp-content\/uploads\/2023\/12\/001.jpg","type":"image\/jpeg"}],"twitter_card":"summary_large_image","twitter_misc":{"Est. reading time":"2 minutes"},"schema":{"@context":"https:\/\/schema.org","@graph":[{"@type":"WebPage","@id":"https:\/\/www.spyshop.info\/en\/shop\/video-surveillance\/hidden-cameras-with-recording\/power-bank-with-2k-video-camera\/","url":"https:\/\/www.spyshop.info\/en\/shop\/video-surveillance\/hidden-cameras-with-recording\/power-bank-with-2k-video-camera\/","name":"Power bank with 2K video camera - SpyShop","isPartOf":{"@id":"https:\/\/www.spyshop.info\/#website"},"primaryImageOfPage":{"@id":"https:\/\/www.spyshop.info\/en\/shop\/video-surveillance\/hidden-cameras-with-recording\/power-bank-with-2k-video-camera\/#primaryimage"},"image":{"@id":"https:\/\/www.spyshop.info\/en\/shop\/video-surveillance\/hidden-cameras-with-recording\/power-bank-with-2k-video-camera\/#primaryimage"},"thumbnailUrl":"https:\/\/www.spyshop.info\/wp-content\/uploads\/2023\/12\/001.jpg","datePublished":"2023-12-29T13:53:46+00:00","dateModified":"2026-03-30T13:32:54+00:00","breadcrumb":{"@id":"https:\/\/www.spyshop.info\/en\/shop\/video-surveillance\/hidden-cameras-with-recording\/power-bank-with-2k-video-camera\/#breadcrumb"},"inLanguage":"en-US","potentialAction":[{"@type":"ReadAction","target":["https:\/\/www.spyshop.info\/en\/shop\/video-surveillance\/hidden-cameras-with-recording\/power-bank-with-2k-video-camera\/"]}]},{"@type":"ImageObject","inLanguage":"en-US","@id":"https:\/\/www.spyshop.info\/en\/shop\/video-surveillance\/hidden-cameras-with-recording\/power-bank-with-2k-video-camera\/#primaryimage","url":"https:\/\/www.spyshop.info\/wp-content\/uploads\/2023\/12\/001.jpg","contentUrl":"https:\/\/www.spyshop.info\/wp-content\/uploads\/2023\/12\/001.jpg","width":800,"height":800},{"@type":"BreadcrumbList","@id":"https:\/\/www.spyshop.info\/en\/shop\/video-surveillance\/hidden-cameras-with-recording\/power-bank-with-2k-video-camera\/#breadcrumb","itemListElement":[{"@type":"ListItem","position":1,"name":"Startseite","item":"https:\/\/www.spyshop.info\/en\/"},{"@type":"ListItem","position":2,"name":"Shop","item":"https:\/\/www.spyshop.info\/en\/shop\/"},{"@type":"ListItem","position":3,"name":"Power bank with 2K video camera"}]},{"@type":"WebSite","@id":"https:\/\/www.spyshop.info\/#website","url":"https:\/\/www.spyshop.info\/","name":"SpyShop","description":"Abh\u00f6rger\u00e4te, GPS Sender, \u00dcberwachungskameras","publisher":{"@id":"https:\/\/www.spyshop.info\/#organization"},"potentialAction":[{"@type":"SearchAction","target":{"@type":"EntryPoint","urlTemplate":"https:\/\/www.spyshop.info\/?s={search_term_string}"},"query-input":{"@type":"PropertyValueSpecification","valueRequired":true,"valueName":"search_term_string"}}],"inLanguage":"en-US"},{"@type":"Organization","@id":"https:\/\/www.spyshop.info\/#organization","name":"SpyShop","url":"https:\/\/www.spyshop.info\/","logo":{"@type":"ImageObject","inLanguage":"en-US","@id":"https:\/\/www.spyshop.info\/#\/schema\/logo\/image\/","url":"https:\/\/www.spyshop.info\/wp-content\/uploads\/2016\/11\/cropped-logo-spyshop-02-1-3.jpg","contentUrl":"https:\/\/www.spyshop.info\/wp-content\/uploads\/2016\/11\/cropped-logo-spyshop-02-1-3.jpg","width":1522,"height":435,"caption":"SpyShop"},"image":{"@id":"https:\/\/www.spyshop.info\/#\/schema\/logo\/image\/"}}]}},"_links":{"self":[{"href":"https:\/\/www.spyshop.info\/en\/wp-json\/wp\/v2\/product\/6617","targetHints":{"allow":["GET"]}}],"collection":[{"href":"https:\/\/www.spyshop.info\/en\/wp-json\/wp\/v2\/product"}],"about":[{"href":"https:\/\/www.spyshop.info\/en\/wp-json\/wp\/v2\/types\/product"}],"version-history":[{"count":0,"href":"https:\/\/www.spyshop.info\/en\/wp-json\/wp\/v2\/product\/6617\/revisions"}],"wp:featuredmedia":[{"embeddable":true,"href":"https:\/\/www.spyshop.info\/en\/wp-json\/wp\/v2\/media\/4750"}],"wp:attachment":[{"href":"https:\/\/www.spyshop.info\/en\/wp-json\/wp\/v2\/media?parent=6617"}],"wp:term":[{"taxonomy":"product_brand","embeddable":true,"href":"https:\/\/www.spyshop.info\/en\/wp-json\/wp\/v2\/product_brand?post=6617"},{"taxonomy":"product_cat","embeddable":true,"href":"https:\/\/www.spyshop.info\/en\/wp-json\/wp\/v2\/product_cat?post=6617"},{"taxonomy":"product_tag","embeddable":true,"href":"https:\/\/www.spyshop.info\/en\/wp-json\/wp\/v2\/product_tag?post=6617"}],"curies":[{"name":"wp","href":"https:\/\/api.w.org\/{rel}","templated":true}]}}