{"id":6593,"date":"2024-02-20T09:16:01","date_gmt":"2024-02-20T08:16:01","guid":{"rendered":"https:\/\/www.spyshop.info\/shop\/uncategorized\/discreet-gsm-headset-the-exam-aid\/"},"modified":"2026-03-23T07:11:44","modified_gmt":"2026-03-23T06:11:44","slug":"discreet-gsm-headset-the-exam-aid","status":"publish","type":"product","link":"https:\/\/www.spyshop.info\/en\/shop\/audio-surveillance\/gsm-bugs\/discreet-gsm-headset-the-exam-aid\/","title":{"rendered":"Discreet GSM headset \u2013 the exam aid"},"content":{"rendered":"<p style=\"font-weight: 400;\">After putting the device through its paces, we immediately removed the three previous models from our range and sent them for recycling. In light of the new headset, they are simply no longer viable. How does it work? You wear the main unit \u2013 the heart of the device \u2013 discreetly on your body (we recommend using the supplied cord to wear it around your neck). This contains a SIM card (make sure the PIN is deactivated!). You \u2018tuck\u2019 the small speaker into your ear; with a diameter of 6 millimetres, it is so small that it is undetectable to those around you. The main unit also houses the microphone, through which your \u2018announcer\u2019 can hear what is going on around you.      <\/p>\n<p style=\"font-weight: 400;\">It couldn\u2019t be simpler to use, as it operates with just a single button. This button allows you to check the battery level, adjust the volume (which has three settings), and, if desired, restrict automatic call forwarding to a specific caller only. <\/p>\n<p>In principle, you can also use the device as a GSM listening device by placing the main unit somewhere and listening in remotely via a GSM call.<\/p>\n<p style=\"font-weight: 400;\">The main unit and a button cell battery in the small earpiece provide up to 4 hours of talk time. But no oral exam is likely to last any longer than that. The only exceptions would be interrogations in Siberia \u2013 and we don\u2019t deliver there.  <\/p>\n<p style=\"font-weight: 400;\">Product features<\/p>\n<p style=\"font-weight: 400;\">Microphone sensitivity: 32 dB<\/p>\n<p style=\"font-weight: 400;\">Distance from the main unit to the earpiece: up to 10 metres<\/p>\n<p style=\"font-weight: 400;\">SIM support: 2G 850\/900\/1800\/1900 MHz, 4G TD-LTE\/LTE-FDD<\/p>\n<p style=\"font-weight: 400;\">Battery in the main unit: 650mAh rechargeable<\/p>\n<p style=\"font-weight: 400;\">Battery in the earpiece: SR421SW<\/p>\n<p style=\"font-weight: 400;\">Duration: approx. 4 hours<\/p>\n<p style=\"font-weight: 400;\">Dimensions of main unit: 55 x 18 mm<\/p>\n<p style=\"font-weight: 400;\">Dimensions of the earpiece: 11 x 5 mm<\/p>\n<p style=\"font-weight: 400;\">Contents of the package<\/p>\n<p style=\"font-weight: 400;\">1 x main unit<\/p>\n<p style=\"font-weight: 400;\">1 x earphone<\/p>\n<p style=\"font-weight: 400;\">1 x charging cable<\/p>\n<p style=\"font-weight: 400;\">1 x lanyard<\/p>\n<p style=\"font-weight: 400;\">3 x SR421SW batteries<\/p>\n<p style=\"font-weight: 400;\">1 x Description<\/p>\n","protected":false},"excerpt":{"rendered":"<p style=\"font-weight: 400;\">Admittedly, this device is likely to be used more often by unprepared examinees than by professional detectives. And yet it is also of significance to our profession. You wear a completely invisible earpiece and can communicate with the person you are speaking to without being noticed. They hear what is being said around you, and you hear what they are saying. Those around you are completely unaware of it.    <\/p>\n","protected":false},"featured_media":4907,"template":"","meta":[],"product_brand":[],"product_cat":[188,192,223],"product_tag":[],"class_list":{"0":"post-6593","1":"product","2":"type-product","3":"status-publish","4":"has-post-thumbnail","6":"product_cat-audio-surveillance","7":"product_cat-gsm-bugs","8":"product_cat-various-audio-tools","10":"first","11":"outofstock","12":"taxable","13":"shipping-taxable","14":"purchasable","15":"product-type-simple"},"yoast_head":"<!-- This site is optimized with the Yoast SEO plugin v27.3 - https:\/\/yoast.com\/product\/yoast-seo-wordpress\/ -->\n<title>Discreet GSM headset \u2013 the exam aid - SpyShop<\/title>\n<meta name=\"robots\" content=\"index, follow, max-snippet:-1, max-image-preview:large, max-video-preview:-1\" \/>\n<link rel=\"canonical\" href=\"https:\/\/www.spyshop.info\/en\/shop\/audio-surveillance\/gsm-bugs\/discreet-gsm-headset-the-exam-aid\/\" \/>\n<meta property=\"og:locale\" content=\"en_US\" \/>\n<meta property=\"og:type\" content=\"article\" \/>\n<meta property=\"og:title\" content=\"Discreet GSM headset \u2013 the exam aid - SpyShop\" \/>\n<meta property=\"og:description\" content=\"Admittedly, this device is likely to be used more often by unprepared examinees than by professional detectives. And yet it is also of significance to our profession. You wear a completely invisible earpiece and can communicate with the person you are speaking to without being noticed. They hear what is being said around you, and you hear what they are saying. Those around you are completely unaware of it.\" \/>\n<meta property=\"og:url\" content=\"https:\/\/www.spyshop.info\/en\/shop\/audio-surveillance\/gsm-bugs\/discreet-gsm-headset-the-exam-aid\/\" \/>\n<meta property=\"og:site_name\" content=\"SpyShop\" \/>\n<meta property=\"article:modified_time\" content=\"2026-03-23T06:11:44+00:00\" \/>\n<meta property=\"og:image\" content=\"https:\/\/www.spyshop.info\/wp-content\/uploads\/2024\/02\/01.jpg\" \/>\n\t<meta property=\"og:image:width\" content=\"1024\" \/>\n\t<meta property=\"og:image:height\" content=\"768\" \/>\n\t<meta property=\"og:image:type\" content=\"image\/jpeg\" \/>\n<meta name=\"twitter:card\" content=\"summary_large_image\" \/>\n<meta name=\"twitter:label1\" content=\"Est. reading time\" \/>\n\t<meta name=\"twitter:data1\" content=\"2 minutes\" \/>\n<script type=\"application\/ld+json\" class=\"yoast-schema-graph\">{\"@context\":\"https:\\\/\\\/schema.org\",\"@graph\":[{\"@type\":\"WebPage\",\"@id\":\"https:\\\/\\\/www.spyshop.info\\\/en\\\/shop\\\/audio-surveillance\\\/gsm-bugs\\\/discreet-gsm-headset-the-exam-aid\\\/\",\"url\":\"https:\\\/\\\/www.spyshop.info\\\/en\\\/shop\\\/audio-surveillance\\\/gsm-bugs\\\/discreet-gsm-headset-the-exam-aid\\\/\",\"name\":\"Discreet GSM headset \u2013 the exam aid - SpyShop\",\"isPartOf\":{\"@id\":\"https:\\\/\\\/www.spyshop.info\\\/#website\"},\"primaryImageOfPage\":{\"@id\":\"https:\\\/\\\/www.spyshop.info\\\/en\\\/shop\\\/audio-surveillance\\\/gsm-bugs\\\/discreet-gsm-headset-the-exam-aid\\\/#primaryimage\"},\"image\":{\"@id\":\"https:\\\/\\\/www.spyshop.info\\\/en\\\/shop\\\/audio-surveillance\\\/gsm-bugs\\\/discreet-gsm-headset-the-exam-aid\\\/#primaryimage\"},\"thumbnailUrl\":\"https:\\\/\\\/www.spyshop.info\\\/wp-content\\\/uploads\\\/2024\\\/02\\\/01.jpg\",\"datePublished\":\"2024-02-20T08:16:01+00:00\",\"dateModified\":\"2026-03-23T06:11:44+00:00\",\"breadcrumb\":{\"@id\":\"https:\\\/\\\/www.spyshop.info\\\/en\\\/shop\\\/audio-surveillance\\\/gsm-bugs\\\/discreet-gsm-headset-the-exam-aid\\\/#breadcrumb\"},\"inLanguage\":\"en-US\",\"potentialAction\":[{\"@type\":\"ReadAction\",\"target\":[\"https:\\\/\\\/www.spyshop.info\\\/en\\\/shop\\\/audio-surveillance\\\/gsm-bugs\\\/discreet-gsm-headset-the-exam-aid\\\/\"]}]},{\"@type\":\"ImageObject\",\"inLanguage\":\"en-US\",\"@id\":\"https:\\\/\\\/www.spyshop.info\\\/en\\\/shop\\\/audio-surveillance\\\/gsm-bugs\\\/discreet-gsm-headset-the-exam-aid\\\/#primaryimage\",\"url\":\"https:\\\/\\\/www.spyshop.info\\\/wp-content\\\/uploads\\\/2024\\\/02\\\/01.jpg\",\"contentUrl\":\"https:\\\/\\\/www.spyshop.info\\\/wp-content\\\/uploads\\\/2024\\\/02\\\/01.jpg\",\"width\":1024,\"height\":768},{\"@type\":\"BreadcrumbList\",\"@id\":\"https:\\\/\\\/www.spyshop.info\\\/en\\\/shop\\\/audio-surveillance\\\/gsm-bugs\\\/discreet-gsm-headset-the-exam-aid\\\/#breadcrumb\",\"itemListElement\":[{\"@type\":\"ListItem\",\"position\":1,\"name\":\"Startseite\",\"item\":\"https:\\\/\\\/www.spyshop.info\\\/en\\\/\"},{\"@type\":\"ListItem\",\"position\":2,\"name\":\"Shop\",\"item\":\"https:\\\/\\\/www.spyshop.info\\\/en\\\/shop\\\/\"},{\"@type\":\"ListItem\",\"position\":3,\"name\":\"Discreet GSM headset \u2013 the exam aid\"}]},{\"@type\":\"WebSite\",\"@id\":\"https:\\\/\\\/www.spyshop.info\\\/#website\",\"url\":\"https:\\\/\\\/www.spyshop.info\\\/\",\"name\":\"SpyShop\",\"description\":\"Abh\u00f6rger\u00e4te, GPS Sender, \u00dcberwachungskameras\",\"publisher\":{\"@id\":\"https:\\\/\\\/www.spyshop.info\\\/#organization\"},\"potentialAction\":[{\"@type\":\"SearchAction\",\"target\":{\"@type\":\"EntryPoint\",\"urlTemplate\":\"https:\\\/\\\/www.spyshop.info\\\/?s={search_term_string}\"},\"query-input\":{\"@type\":\"PropertyValueSpecification\",\"valueRequired\":true,\"valueName\":\"search_term_string\"}}],\"inLanguage\":\"en-US\"},{\"@type\":\"Organization\",\"@id\":\"https:\\\/\\\/www.spyshop.info\\\/#organization\",\"name\":\"SpyShop\",\"url\":\"https:\\\/\\\/www.spyshop.info\\\/\",\"logo\":{\"@type\":\"ImageObject\",\"inLanguage\":\"en-US\",\"@id\":\"https:\\\/\\\/www.spyshop.info\\\/#\\\/schema\\\/logo\\\/image\\\/\",\"url\":\"https:\\\/\\\/www.spyshop.info\\\/wp-content\\\/uploads\\\/2016\\\/11\\\/cropped-logo-spyshop-02-1-3.jpg\",\"contentUrl\":\"https:\\\/\\\/www.spyshop.info\\\/wp-content\\\/uploads\\\/2016\\\/11\\\/cropped-logo-spyshop-02-1-3.jpg\",\"width\":1522,\"height\":435,\"caption\":\"SpyShop\"},\"image\":{\"@id\":\"https:\\\/\\\/www.spyshop.info\\\/#\\\/schema\\\/logo\\\/image\\\/\"}}]}<\/script>\n<!-- \/ Yoast SEO plugin. -->","yoast_head_json":{"title":"Discreet GSM headset \u2013 the exam aid - SpyShop","robots":{"index":"index","follow":"follow","max-snippet":"max-snippet:-1","max-image-preview":"max-image-preview:large","max-video-preview":"max-video-preview:-1"},"canonical":"https:\/\/www.spyshop.info\/en\/shop\/audio-surveillance\/gsm-bugs\/discreet-gsm-headset-the-exam-aid\/","og_locale":"en_US","og_type":"article","og_title":"Discreet GSM headset \u2013 the exam aid - SpyShop","og_description":"Admittedly, this device is likely to be used more often by unprepared examinees than by professional detectives. And yet it is also of significance to our profession. You wear a completely invisible earpiece and can communicate with the person you are speaking to without being noticed. They hear what is being said around you, and you hear what they are saying. Those around you are completely unaware of it.","og_url":"https:\/\/www.spyshop.info\/en\/shop\/audio-surveillance\/gsm-bugs\/discreet-gsm-headset-the-exam-aid\/","og_site_name":"SpyShop","article_modified_time":"2026-03-23T06:11:44+00:00","og_image":[{"width":1024,"height":768,"url":"https:\/\/www.spyshop.info\/wp-content\/uploads\/2024\/02\/01.jpg","type":"image\/jpeg"}],"twitter_card":"summary_large_image","twitter_misc":{"Est. reading time":"2 minutes"},"schema":{"@context":"https:\/\/schema.org","@graph":[{"@type":"WebPage","@id":"https:\/\/www.spyshop.info\/en\/shop\/audio-surveillance\/gsm-bugs\/discreet-gsm-headset-the-exam-aid\/","url":"https:\/\/www.spyshop.info\/en\/shop\/audio-surveillance\/gsm-bugs\/discreet-gsm-headset-the-exam-aid\/","name":"Discreet GSM headset \u2013 the exam aid - SpyShop","isPartOf":{"@id":"https:\/\/www.spyshop.info\/#website"},"primaryImageOfPage":{"@id":"https:\/\/www.spyshop.info\/en\/shop\/audio-surveillance\/gsm-bugs\/discreet-gsm-headset-the-exam-aid\/#primaryimage"},"image":{"@id":"https:\/\/www.spyshop.info\/en\/shop\/audio-surveillance\/gsm-bugs\/discreet-gsm-headset-the-exam-aid\/#primaryimage"},"thumbnailUrl":"https:\/\/www.spyshop.info\/wp-content\/uploads\/2024\/02\/01.jpg","datePublished":"2024-02-20T08:16:01+00:00","dateModified":"2026-03-23T06:11:44+00:00","breadcrumb":{"@id":"https:\/\/www.spyshop.info\/en\/shop\/audio-surveillance\/gsm-bugs\/discreet-gsm-headset-the-exam-aid\/#breadcrumb"},"inLanguage":"en-US","potentialAction":[{"@type":"ReadAction","target":["https:\/\/www.spyshop.info\/en\/shop\/audio-surveillance\/gsm-bugs\/discreet-gsm-headset-the-exam-aid\/"]}]},{"@type":"ImageObject","inLanguage":"en-US","@id":"https:\/\/www.spyshop.info\/en\/shop\/audio-surveillance\/gsm-bugs\/discreet-gsm-headset-the-exam-aid\/#primaryimage","url":"https:\/\/www.spyshop.info\/wp-content\/uploads\/2024\/02\/01.jpg","contentUrl":"https:\/\/www.spyshop.info\/wp-content\/uploads\/2024\/02\/01.jpg","width":1024,"height":768},{"@type":"BreadcrumbList","@id":"https:\/\/www.spyshop.info\/en\/shop\/audio-surveillance\/gsm-bugs\/discreet-gsm-headset-the-exam-aid\/#breadcrumb","itemListElement":[{"@type":"ListItem","position":1,"name":"Startseite","item":"https:\/\/www.spyshop.info\/en\/"},{"@type":"ListItem","position":2,"name":"Shop","item":"https:\/\/www.spyshop.info\/en\/shop\/"},{"@type":"ListItem","position":3,"name":"Discreet GSM headset \u2013 the exam aid"}]},{"@type":"WebSite","@id":"https:\/\/www.spyshop.info\/#website","url":"https:\/\/www.spyshop.info\/","name":"SpyShop","description":"Abh\u00f6rger\u00e4te, GPS Sender, \u00dcberwachungskameras","publisher":{"@id":"https:\/\/www.spyshop.info\/#organization"},"potentialAction":[{"@type":"SearchAction","target":{"@type":"EntryPoint","urlTemplate":"https:\/\/www.spyshop.info\/?s={search_term_string}"},"query-input":{"@type":"PropertyValueSpecification","valueRequired":true,"valueName":"search_term_string"}}],"inLanguage":"en-US"},{"@type":"Organization","@id":"https:\/\/www.spyshop.info\/#organization","name":"SpyShop","url":"https:\/\/www.spyshop.info\/","logo":{"@type":"ImageObject","inLanguage":"en-US","@id":"https:\/\/www.spyshop.info\/#\/schema\/logo\/image\/","url":"https:\/\/www.spyshop.info\/wp-content\/uploads\/2016\/11\/cropped-logo-spyshop-02-1-3.jpg","contentUrl":"https:\/\/www.spyshop.info\/wp-content\/uploads\/2016\/11\/cropped-logo-spyshop-02-1-3.jpg","width":1522,"height":435,"caption":"SpyShop"},"image":{"@id":"https:\/\/www.spyshop.info\/#\/schema\/logo\/image\/"}}]}},"_links":{"self":[{"href":"https:\/\/www.spyshop.info\/en\/wp-json\/wp\/v2\/product\/6593","targetHints":{"allow":["GET"]}}],"collection":[{"href":"https:\/\/www.spyshop.info\/en\/wp-json\/wp\/v2\/product"}],"about":[{"href":"https:\/\/www.spyshop.info\/en\/wp-json\/wp\/v2\/types\/product"}],"version-history":[{"count":0,"href":"https:\/\/www.spyshop.info\/en\/wp-json\/wp\/v2\/product\/6593\/revisions"}],"wp:featuredmedia":[{"embeddable":true,"href":"https:\/\/www.spyshop.info\/en\/wp-json\/wp\/v2\/media\/4907"}],"wp:attachment":[{"href":"https:\/\/www.spyshop.info\/en\/wp-json\/wp\/v2\/media?parent=6593"}],"wp:term":[{"taxonomy":"product_brand","embeddable":true,"href":"https:\/\/www.spyshop.info\/en\/wp-json\/wp\/v2\/product_brand?post=6593"},{"taxonomy":"product_cat","embeddable":true,"href":"https:\/\/www.spyshop.info\/en\/wp-json\/wp\/v2\/product_cat?post=6593"},{"taxonomy":"product_tag","embeddable":true,"href":"https:\/\/www.spyshop.info\/en\/wp-json\/wp\/v2\/product_tag?post=6593"}],"curies":[{"name":"wp","href":"https:\/\/api.w.org\/{rel}","templated":true}]}}