{"id":6592,"date":"2024-03-02T20:21:39","date_gmt":"2024-03-02T19:21:39","guid":{"rendered":"https:\/\/www.spyshop.info\/shop\/uncategorized\/car-key-with-a-hidden-full-hd-camera-over-10-hours-of-battery-life-and-a-64gb-tf-card\/"},"modified":"2026-03-22T08:53:06","modified_gmt":"2026-03-22T07:53:06","slug":"car-key-with-a-hidden-full-hd-camera-over-10-hours-of-battery-life-and-a-64gb-tf-card","status":"publish","type":"product","link":"https:\/\/www.spyshop.info\/en\/shop\/video-surveillance\/hidden-cameras-with-recording\/car-key-with-a-hidden-full-hd-camera-over-10-hours-of-battery-life-and-a-64gb-tf-card\/","title":{"rendered":"Car key with a hidden Full HD camera, over 10 hours of battery life and a 64GB tf-card"},"content":{"rendered":"<p style=\"font-weight: 400;\">We\u2019ve put the device through its paces and it\u2019s already proving hugely popular with professional detectives. It records onto tf-cards with a maximum capacity of 256GB. We\u2019ll provide a 64GB tf-card for you, charge the device and set the date and time. All you need to do is unpack it and start using it. It\u2019s incredibly easy to use. There\u2019s a button for switching it on and off, and another for start and stop. That\u2019s it. You really can\u2019t go wrong if you can flick a light switch at home. Once you\u2019ve recorded video and audio, remove the tf-card, insert it into a card reader and review the footage on your computer. Of course, you can also leave the memory card in the device and transfer the data to your computer via a USB connection.         <\/p>\n<p style=\"font-weight: 400;\">Apart from its Full HD quality, however, the device has a feature that we really don\u2019t often come across in a device of this size and design: a battery life of over 10 hours on a single charge! No, that\u2019s not a typo. <\/p>\n<p style=\"font-weight: 400;\">WARNING: The device must NEVER be charged using a charger with an output exceeding 5 volts and 1 ampere!!! We will not accept claims under warranty for battery damage caused in this way! For your safety, we test each of these devices for battery and storage life before dispatch. <\/p>\n<p style=\"font-weight: 400;\">Product features<\/p>\n<p style=\"font-weight: 400;\">Car key camera<\/p>\n<p style=\"font-weight: 400;\">Video resolution: 1920\u00d71080, 25 fps<\/p>\n<p style=\"font-weight: 400;\">Duration: approx. 10 hours<\/p>\n<p style=\"font-weight: 400;\">Charging time: approx. 4\u20135 hours<\/p>\n<p style=\"font-weight: 400;\">Internal battery: Li-ion polymer 3.7V 800mAh<\/p>\n<p style=\"font-weight: 400;\">Supported systems: Windows XP\/7\/8\/10 and Mac<\/p>\n<p style=\"font-weight: 400;\">tf-support: up to 256GB<\/p>\n<p style=\"font-weight: 400;\">Dimensions: 30 x 20 x 40 mm<\/p>\n<p style=\"font-weight: 400;\">Contents of the package<\/p>\n<p style=\"font-weight: 400;\">1 x car key camera<\/p>\n<p style=\"font-weight: 400;\">1 x Description<\/p>\n<p style=\"font-weight: 400;\">1 x USB cable<\/p>\n<p style=\"font-weight: 400;\">1 x USM card reader<\/p>\n","protected":false},"excerpt":{"rendered":"<p style=\"font-weight: 400;\">There are plenty of car key cases that conceal cameras. However, most of them are clearly unusual in design and therefore stand out. After a long search, we found a supplier whose cases are also used for real keys and remote controls. Now it fits perfectly. But what fits even better is the quality of the footage.    <\/p>\n","protected":false},"featured_media":4933,"template":"","meta":[],"product_brand":[],"product_cat":[167,164],"product_tag":[],"class_list":{"0":"post-6592","1":"product","2":"type-product","3":"status-publish","4":"has-post-thumbnail","6":"product_cat-hidden-cameras-with-recording","7":"product_cat-video-surveillance","9":"first","10":"instock","11":"taxable","12":"shipping-taxable","13":"purchasable","14":"product-type-simple"},"yoast_head":"<!-- This site is optimized with the Yoast SEO plugin v27.3 - https:\/\/yoast.com\/product\/yoast-seo-wordpress\/ -->\n<title>Car key with a hidden Full HD camera, over 10 hours of battery life and a 64GB tf-card - SpyShop<\/title>\n<meta name=\"robots\" content=\"index, follow, max-snippet:-1, max-image-preview:large, max-video-preview:-1\" \/>\n<link rel=\"canonical\" href=\"https:\/\/www.spyshop.info\/en\/shop\/video-surveillance\/hidden-cameras-with-recording\/car-key-with-a-hidden-full-hd-camera-over-10-hours-of-battery-life-and-a-64gb-tf-card\/\" \/>\n<meta property=\"og:locale\" content=\"en_US\" \/>\n<meta property=\"og:type\" content=\"article\" \/>\n<meta property=\"og:title\" content=\"Car key with a hidden Full HD camera, over 10 hours of battery life and a 64GB tf-card - SpyShop\" \/>\n<meta property=\"og:description\" content=\"There are plenty of car key cases that conceal cameras. However, most of them are clearly unusual in design and therefore stand out. After a long search, we found a supplier whose cases are also used for real keys and remote controls. Now it fits perfectly. But what fits even better is the quality of the footage.\" \/>\n<meta property=\"og:url\" content=\"https:\/\/www.spyshop.info\/en\/shop\/video-surveillance\/hidden-cameras-with-recording\/car-key-with-a-hidden-full-hd-camera-over-10-hours-of-battery-life-and-a-64gb-tf-card\/\" \/>\n<meta property=\"og:site_name\" content=\"SpyShop\" \/>\n<meta property=\"article:modified_time\" content=\"2026-03-22T07:53:06+00:00\" \/>\n<meta property=\"og:image\" content=\"https:\/\/www.spyshop.info\/wp-content\/uploads\/2024\/03\/01.jpg\" \/>\n\t<meta property=\"og:image:width\" content=\"1500\" \/>\n\t<meta property=\"og:image:height\" content=\"1436\" \/>\n\t<meta property=\"og:image:type\" content=\"image\/jpeg\" \/>\n<meta name=\"twitter:card\" content=\"summary_large_image\" \/>\n<meta name=\"twitter:label1\" content=\"Est. reading time\" \/>\n\t<meta name=\"twitter:data1\" content=\"1 minute\" \/>\n<script type=\"application\/ld+json\" class=\"yoast-schema-graph\">{\"@context\":\"https:\\\/\\\/schema.org\",\"@graph\":[{\"@type\":\"WebPage\",\"@id\":\"https:\\\/\\\/www.spyshop.info\\\/en\\\/shop\\\/video-surveillance\\\/hidden-cameras-with-recording\\\/car-key-with-a-hidden-full-hd-camera-over-10-hours-of-battery-life-and-a-64gb-tf-card\\\/\",\"url\":\"https:\\\/\\\/www.spyshop.info\\\/en\\\/shop\\\/video-surveillance\\\/hidden-cameras-with-recording\\\/car-key-with-a-hidden-full-hd-camera-over-10-hours-of-battery-life-and-a-64gb-tf-card\\\/\",\"name\":\"Car key with a hidden Full HD camera, over 10 hours of battery life and a 64GB tf-card - SpyShop\",\"isPartOf\":{\"@id\":\"https:\\\/\\\/www.spyshop.info\\\/#website\"},\"primaryImageOfPage\":{\"@id\":\"https:\\\/\\\/www.spyshop.info\\\/en\\\/shop\\\/video-surveillance\\\/hidden-cameras-with-recording\\\/car-key-with-a-hidden-full-hd-camera-over-10-hours-of-battery-life-and-a-64gb-tf-card\\\/#primaryimage\"},\"image\":{\"@id\":\"https:\\\/\\\/www.spyshop.info\\\/en\\\/shop\\\/video-surveillance\\\/hidden-cameras-with-recording\\\/car-key-with-a-hidden-full-hd-camera-over-10-hours-of-battery-life-and-a-64gb-tf-card\\\/#primaryimage\"},\"thumbnailUrl\":\"https:\\\/\\\/www.spyshop.info\\\/wp-content\\\/uploads\\\/2024\\\/03\\\/01.jpg\",\"datePublished\":\"2024-03-02T19:21:39+00:00\",\"dateModified\":\"2026-03-22T07:53:06+00:00\",\"breadcrumb\":{\"@id\":\"https:\\\/\\\/www.spyshop.info\\\/en\\\/shop\\\/video-surveillance\\\/hidden-cameras-with-recording\\\/car-key-with-a-hidden-full-hd-camera-over-10-hours-of-battery-life-and-a-64gb-tf-card\\\/#breadcrumb\"},\"inLanguage\":\"en-US\",\"potentialAction\":[{\"@type\":\"ReadAction\",\"target\":[\"https:\\\/\\\/www.spyshop.info\\\/en\\\/shop\\\/video-surveillance\\\/hidden-cameras-with-recording\\\/car-key-with-a-hidden-full-hd-camera-over-10-hours-of-battery-life-and-a-64gb-tf-card\\\/\"]}]},{\"@type\":\"ImageObject\",\"inLanguage\":\"en-US\",\"@id\":\"https:\\\/\\\/www.spyshop.info\\\/en\\\/shop\\\/video-surveillance\\\/hidden-cameras-with-recording\\\/car-key-with-a-hidden-full-hd-camera-over-10-hours-of-battery-life-and-a-64gb-tf-card\\\/#primaryimage\",\"url\":\"https:\\\/\\\/www.spyshop.info\\\/wp-content\\\/uploads\\\/2024\\\/03\\\/01.jpg\",\"contentUrl\":\"https:\\\/\\\/www.spyshop.info\\\/wp-content\\\/uploads\\\/2024\\\/03\\\/01.jpg\",\"width\":1500,\"height\":1436},{\"@type\":\"BreadcrumbList\",\"@id\":\"https:\\\/\\\/www.spyshop.info\\\/en\\\/shop\\\/video-surveillance\\\/hidden-cameras-with-recording\\\/car-key-with-a-hidden-full-hd-camera-over-10-hours-of-battery-life-and-a-64gb-tf-card\\\/#breadcrumb\",\"itemListElement\":[{\"@type\":\"ListItem\",\"position\":1,\"name\":\"Startseite\",\"item\":\"https:\\\/\\\/www.spyshop.info\\\/en\\\/\"},{\"@type\":\"ListItem\",\"position\":2,\"name\":\"Shop\",\"item\":\"https:\\\/\\\/www.spyshop.info\\\/en\\\/shop\\\/\"},{\"@type\":\"ListItem\",\"position\":3,\"name\":\"Car key with a hidden Full HD camera, over 10 hours of battery life and a 64GB tf-card\"}]},{\"@type\":\"WebSite\",\"@id\":\"https:\\\/\\\/www.spyshop.info\\\/#website\",\"url\":\"https:\\\/\\\/www.spyshop.info\\\/\",\"name\":\"SpyShop\",\"description\":\"Abh\u00f6rger\u00e4te, GPS Sender, \u00dcberwachungskameras\",\"publisher\":{\"@id\":\"https:\\\/\\\/www.spyshop.info\\\/#organization\"},\"potentialAction\":[{\"@type\":\"SearchAction\",\"target\":{\"@type\":\"EntryPoint\",\"urlTemplate\":\"https:\\\/\\\/www.spyshop.info\\\/?s={search_term_string}\"},\"query-input\":{\"@type\":\"PropertyValueSpecification\",\"valueRequired\":true,\"valueName\":\"search_term_string\"}}],\"inLanguage\":\"en-US\"},{\"@type\":\"Organization\",\"@id\":\"https:\\\/\\\/www.spyshop.info\\\/#organization\",\"name\":\"SpyShop\",\"url\":\"https:\\\/\\\/www.spyshop.info\\\/\",\"logo\":{\"@type\":\"ImageObject\",\"inLanguage\":\"en-US\",\"@id\":\"https:\\\/\\\/www.spyshop.info\\\/#\\\/schema\\\/logo\\\/image\\\/\",\"url\":\"https:\\\/\\\/www.spyshop.info\\\/wp-content\\\/uploads\\\/2016\\\/11\\\/cropped-logo-spyshop-02-1-3.jpg\",\"contentUrl\":\"https:\\\/\\\/www.spyshop.info\\\/wp-content\\\/uploads\\\/2016\\\/11\\\/cropped-logo-spyshop-02-1-3.jpg\",\"width\":1522,\"height\":435,\"caption\":\"SpyShop\"},\"image\":{\"@id\":\"https:\\\/\\\/www.spyshop.info\\\/#\\\/schema\\\/logo\\\/image\\\/\"}}]}<\/script>\n<!-- \/ Yoast SEO plugin. -->","yoast_head_json":{"title":"Car key with a hidden Full HD camera, over 10 hours of battery life and a 64GB tf-card - SpyShop","robots":{"index":"index","follow":"follow","max-snippet":"max-snippet:-1","max-image-preview":"max-image-preview:large","max-video-preview":"max-video-preview:-1"},"canonical":"https:\/\/www.spyshop.info\/en\/shop\/video-surveillance\/hidden-cameras-with-recording\/car-key-with-a-hidden-full-hd-camera-over-10-hours-of-battery-life-and-a-64gb-tf-card\/","og_locale":"en_US","og_type":"article","og_title":"Car key with a hidden Full HD camera, over 10 hours of battery life and a 64GB tf-card - SpyShop","og_description":"There are plenty of car key cases that conceal cameras. However, most of them are clearly unusual in design and therefore stand out. After a long search, we found a supplier whose cases are also used for real keys and remote controls. Now it fits perfectly. But what fits even better is the quality of the footage.","og_url":"https:\/\/www.spyshop.info\/en\/shop\/video-surveillance\/hidden-cameras-with-recording\/car-key-with-a-hidden-full-hd-camera-over-10-hours-of-battery-life-and-a-64gb-tf-card\/","og_site_name":"SpyShop","article_modified_time":"2026-03-22T07:53:06+00:00","og_image":[{"width":1500,"height":1436,"url":"https:\/\/www.spyshop.info\/wp-content\/uploads\/2024\/03\/01.jpg","type":"image\/jpeg"}],"twitter_card":"summary_large_image","twitter_misc":{"Est. reading time":"1 minute"},"schema":{"@context":"https:\/\/schema.org","@graph":[{"@type":"WebPage","@id":"https:\/\/www.spyshop.info\/en\/shop\/video-surveillance\/hidden-cameras-with-recording\/car-key-with-a-hidden-full-hd-camera-over-10-hours-of-battery-life-and-a-64gb-tf-card\/","url":"https:\/\/www.spyshop.info\/en\/shop\/video-surveillance\/hidden-cameras-with-recording\/car-key-with-a-hidden-full-hd-camera-over-10-hours-of-battery-life-and-a-64gb-tf-card\/","name":"Car key with a hidden Full HD camera, over 10 hours of battery life and a 64GB tf-card - SpyShop","isPartOf":{"@id":"https:\/\/www.spyshop.info\/#website"},"primaryImageOfPage":{"@id":"https:\/\/www.spyshop.info\/en\/shop\/video-surveillance\/hidden-cameras-with-recording\/car-key-with-a-hidden-full-hd-camera-over-10-hours-of-battery-life-and-a-64gb-tf-card\/#primaryimage"},"image":{"@id":"https:\/\/www.spyshop.info\/en\/shop\/video-surveillance\/hidden-cameras-with-recording\/car-key-with-a-hidden-full-hd-camera-over-10-hours-of-battery-life-and-a-64gb-tf-card\/#primaryimage"},"thumbnailUrl":"https:\/\/www.spyshop.info\/wp-content\/uploads\/2024\/03\/01.jpg","datePublished":"2024-03-02T19:21:39+00:00","dateModified":"2026-03-22T07:53:06+00:00","breadcrumb":{"@id":"https:\/\/www.spyshop.info\/en\/shop\/video-surveillance\/hidden-cameras-with-recording\/car-key-with-a-hidden-full-hd-camera-over-10-hours-of-battery-life-and-a-64gb-tf-card\/#breadcrumb"},"inLanguage":"en-US","potentialAction":[{"@type":"ReadAction","target":["https:\/\/www.spyshop.info\/en\/shop\/video-surveillance\/hidden-cameras-with-recording\/car-key-with-a-hidden-full-hd-camera-over-10-hours-of-battery-life-and-a-64gb-tf-card\/"]}]},{"@type":"ImageObject","inLanguage":"en-US","@id":"https:\/\/www.spyshop.info\/en\/shop\/video-surveillance\/hidden-cameras-with-recording\/car-key-with-a-hidden-full-hd-camera-over-10-hours-of-battery-life-and-a-64gb-tf-card\/#primaryimage","url":"https:\/\/www.spyshop.info\/wp-content\/uploads\/2024\/03\/01.jpg","contentUrl":"https:\/\/www.spyshop.info\/wp-content\/uploads\/2024\/03\/01.jpg","width":1500,"height":1436},{"@type":"BreadcrumbList","@id":"https:\/\/www.spyshop.info\/en\/shop\/video-surveillance\/hidden-cameras-with-recording\/car-key-with-a-hidden-full-hd-camera-over-10-hours-of-battery-life-and-a-64gb-tf-card\/#breadcrumb","itemListElement":[{"@type":"ListItem","position":1,"name":"Startseite","item":"https:\/\/www.spyshop.info\/en\/"},{"@type":"ListItem","position":2,"name":"Shop","item":"https:\/\/www.spyshop.info\/en\/shop\/"},{"@type":"ListItem","position":3,"name":"Car key with a hidden Full HD camera, over 10 hours of battery life and a 64GB tf-card"}]},{"@type":"WebSite","@id":"https:\/\/www.spyshop.info\/#website","url":"https:\/\/www.spyshop.info\/","name":"SpyShop","description":"Abh\u00f6rger\u00e4te, GPS Sender, \u00dcberwachungskameras","publisher":{"@id":"https:\/\/www.spyshop.info\/#organization"},"potentialAction":[{"@type":"SearchAction","target":{"@type":"EntryPoint","urlTemplate":"https:\/\/www.spyshop.info\/?s={search_term_string}"},"query-input":{"@type":"PropertyValueSpecification","valueRequired":true,"valueName":"search_term_string"}}],"inLanguage":"en-US"},{"@type":"Organization","@id":"https:\/\/www.spyshop.info\/#organization","name":"SpyShop","url":"https:\/\/www.spyshop.info\/","logo":{"@type":"ImageObject","inLanguage":"en-US","@id":"https:\/\/www.spyshop.info\/#\/schema\/logo\/image\/","url":"https:\/\/www.spyshop.info\/wp-content\/uploads\/2016\/11\/cropped-logo-spyshop-02-1-3.jpg","contentUrl":"https:\/\/www.spyshop.info\/wp-content\/uploads\/2016\/11\/cropped-logo-spyshop-02-1-3.jpg","width":1522,"height":435,"caption":"SpyShop"},"image":{"@id":"https:\/\/www.spyshop.info\/#\/schema\/logo\/image\/"}}]}},"_links":{"self":[{"href":"https:\/\/www.spyshop.info\/en\/wp-json\/wp\/v2\/product\/6592","targetHints":{"allow":["GET"]}}],"collection":[{"href":"https:\/\/www.spyshop.info\/en\/wp-json\/wp\/v2\/product"}],"about":[{"href":"https:\/\/www.spyshop.info\/en\/wp-json\/wp\/v2\/types\/product"}],"version-history":[{"count":0,"href":"https:\/\/www.spyshop.info\/en\/wp-json\/wp\/v2\/product\/6592\/revisions"}],"wp:featuredmedia":[{"embeddable":true,"href":"https:\/\/www.spyshop.info\/en\/wp-json\/wp\/v2\/media\/4933"}],"wp:attachment":[{"href":"https:\/\/www.spyshop.info\/en\/wp-json\/wp\/v2\/media?parent=6592"}],"wp:term":[{"taxonomy":"product_brand","embeddable":true,"href":"https:\/\/www.spyshop.info\/en\/wp-json\/wp\/v2\/product_brand?post=6592"},{"taxonomy":"product_cat","embeddable":true,"href":"https:\/\/www.spyshop.info\/en\/wp-json\/wp\/v2\/product_cat?post=6592"},{"taxonomy":"product_tag","embeddable":true,"href":"https:\/\/www.spyshop.info\/en\/wp-json\/wp\/v2\/product_tag?post=6592"}],"curies":[{"name":"wp","href":"https:\/\/api.w.org\/{rel}","templated":true}]}}