{"id":6586,"date":"2024-05-25T11:37:48","date_gmt":"2024-05-25T09:37:48","guid":{"rendered":"https:\/\/www.spyshop.info\/shop\/uncategorized\/door-peephole-reverser\/"},"modified":"2026-03-22T08:14:31","modified_gmt":"2026-03-22T07:14:31","slug":"door-peephole-reverser","status":"publish","type":"product","link":"https:\/\/www.spyshop.info\/en\/shop\/other\/forensics\/door-peephole-reverser\/","title":{"rendered":"Door peephole reverser"},"content":{"rendered":"<p style=\"font-weight: 400;\">The door peephole reverser does more than just provide information. It can also save lives: \u201cWhat\u2019s waiting for me if I knock now?\u201d. The device\u2019s lenses flip the door peephole round, providing a view of the situation on the other side. Naturally, this only works if the door peephole on the inside of the property does not have a cover. This device was developed for public authorities and is growing in popularity. We have managed to secure a supply of this device, and the first units have already sold out even before we put them online.     <\/p>\n<p style=\"font-weight: 400;\">PLEASE NOTE: We do not sell this device anonymously for collection with cash payment! It is sold online only, with payment by credit card or bank transfer. Exception: You are a member of the security industry or a law enforcement agency and can provide proof of your status.  <\/p>\n<p style=\"font-weight: 400;\">Product features:<\/p>\n<p style=\"font-weight: 400;\">Weight: 63 grams<\/p>\n<p style=\"font-weight: 400;\">Length: 7 cm<\/p>\n<p style=\"font-weight: 400;\">Viewing angle: 15 degrees<\/p>\n","protected":false},"excerpt":{"rendered":"<p style=\"font-weight: 400;\">Sie wollen wissen, was sich hinter einer Wohnungst\u00fcre verbirgt? Sie sind Vollstrecker oder Ermittler, dem Informationen lieber sind als b\u00f6se \u00dcberraschungen? Dann haben wir das passende Werkzeug f\u00fcr Sie!  <\/p>\n","protected":false},"featured_media":5121,"template":"","meta":[],"product_brand":[],"product_cat":[221,155],"product_tag":[],"class_list":{"0":"post-6586","1":"product","2":"type-product","3":"status-publish","4":"has-post-thumbnail","6":"product_cat-forensics","7":"product_cat-other","9":"first","10":"instock","11":"taxable","12":"shipping-taxable","13":"purchasable","14":"product-type-simple"},"yoast_head":"<!-- This site is optimized with the Yoast SEO plugin v27.5 - https:\/\/yoast.com\/product\/yoast-seo-wordpress\/ -->\n<title>Door peephole reverser - SpyShop<\/title>\n<meta name=\"robots\" content=\"index, follow, max-snippet:-1, max-image-preview:large, max-video-preview:-1\" \/>\n<link rel=\"canonical\" href=\"https:\/\/www.spyshop.info\/en\/shop\/other\/forensics\/door-peephole-reverser\/\" \/>\n<meta property=\"og:locale\" content=\"en_US\" \/>\n<meta property=\"og:type\" content=\"article\" \/>\n<meta property=\"og:title\" content=\"Door peephole reverser - SpyShop\" \/>\n<meta property=\"og:description\" content=\"Sie wollen wissen, was sich hinter einer Wohnungst\u00fcre verbirgt? Sie sind Vollstrecker oder Ermittler, dem Informationen lieber sind als b\u00f6se \u00dcberraschungen? Dann haben wir das passende Werkzeug f\u00fcr Sie!\" \/>\n<meta property=\"og:url\" content=\"https:\/\/www.spyshop.info\/en\/shop\/other\/forensics\/door-peephole-reverser\/\" \/>\n<meta property=\"og:site_name\" content=\"SpyShop\" \/>\n<meta property=\"article:modified_time\" content=\"2026-03-22T07:14:31+00:00\" \/>\n<meta property=\"og:image\" content=\"https:\/\/www.spyshop.info\/wp-content\/uploads\/2024\/05\/IMG_9563.jpg\" \/>\n\t<meta property=\"og:image:width\" content=\"334\" \/>\n\t<meta property=\"og:image:height\" content=\"500\" \/>\n\t<meta property=\"og:image:type\" content=\"image\/jpeg\" \/>\n<meta name=\"twitter:card\" content=\"summary_large_image\" \/>\n<meta name=\"twitter:label1\" content=\"Est. reading time\" \/>\n\t<meta name=\"twitter:data1\" content=\"1 minute\" \/>\n<script type=\"application\/ld+json\" class=\"yoast-schema-graph\">{\"@context\":\"https:\\\/\\\/schema.org\",\"@graph\":[{\"@type\":\"WebPage\",\"@id\":\"https:\\\/\\\/www.spyshop.info\\\/en\\\/shop\\\/other\\\/forensics\\\/door-peephole-reverser\\\/\",\"url\":\"https:\\\/\\\/www.spyshop.info\\\/en\\\/shop\\\/other\\\/forensics\\\/door-peephole-reverser\\\/\",\"name\":\"Door peephole reverser - SpyShop\",\"isPartOf\":{\"@id\":\"https:\\\/\\\/www.spyshop.info\\\/#website\"},\"primaryImageOfPage\":{\"@id\":\"https:\\\/\\\/www.spyshop.info\\\/en\\\/shop\\\/other\\\/forensics\\\/door-peephole-reverser\\\/#primaryimage\"},\"image\":{\"@id\":\"https:\\\/\\\/www.spyshop.info\\\/en\\\/shop\\\/other\\\/forensics\\\/door-peephole-reverser\\\/#primaryimage\"},\"thumbnailUrl\":\"https:\\\/\\\/www.spyshop.info\\\/wp-content\\\/uploads\\\/2024\\\/05\\\/IMG_9563.jpg\",\"datePublished\":\"2024-05-25T09:37:48+00:00\",\"dateModified\":\"2026-03-22T07:14:31+00:00\",\"breadcrumb\":{\"@id\":\"https:\\\/\\\/www.spyshop.info\\\/en\\\/shop\\\/other\\\/forensics\\\/door-peephole-reverser\\\/#breadcrumb\"},\"inLanguage\":\"en-US\",\"potentialAction\":[{\"@type\":\"ReadAction\",\"target\":[\"https:\\\/\\\/www.spyshop.info\\\/en\\\/shop\\\/other\\\/forensics\\\/door-peephole-reverser\\\/\"]}]},{\"@type\":\"ImageObject\",\"inLanguage\":\"en-US\",\"@id\":\"https:\\\/\\\/www.spyshop.info\\\/en\\\/shop\\\/other\\\/forensics\\\/door-peephole-reverser\\\/#primaryimage\",\"url\":\"https:\\\/\\\/www.spyshop.info\\\/wp-content\\\/uploads\\\/2024\\\/05\\\/IMG_9563.jpg\",\"contentUrl\":\"https:\\\/\\\/www.spyshop.info\\\/wp-content\\\/uploads\\\/2024\\\/05\\\/IMG_9563.jpg\",\"width\":334,\"height\":500},{\"@type\":\"BreadcrumbList\",\"@id\":\"https:\\\/\\\/www.spyshop.info\\\/en\\\/shop\\\/other\\\/forensics\\\/door-peephole-reverser\\\/#breadcrumb\",\"itemListElement\":[{\"@type\":\"ListItem\",\"position\":1,\"name\":\"Startseite\",\"item\":\"https:\\\/\\\/www.spyshop.info\\\/en\\\/\"},{\"@type\":\"ListItem\",\"position\":2,\"name\":\"Shop\",\"item\":\"https:\\\/\\\/www.spyshop.info\\\/en\\\/shop\\\/\"},{\"@type\":\"ListItem\",\"position\":3,\"name\":\"Door peephole reverser\"}]},{\"@type\":\"WebSite\",\"@id\":\"https:\\\/\\\/www.spyshop.info\\\/#website\",\"url\":\"https:\\\/\\\/www.spyshop.info\\\/\",\"name\":\"SpyShop\",\"description\":\"Abh\u00f6rger\u00e4te, GPS Sender, \u00dcberwachungskameras\",\"publisher\":{\"@id\":\"https:\\\/\\\/www.spyshop.info\\\/#organization\"},\"potentialAction\":[{\"@type\":\"SearchAction\",\"target\":{\"@type\":\"EntryPoint\",\"urlTemplate\":\"https:\\\/\\\/www.spyshop.info\\\/?s={search_term_string}\"},\"query-input\":{\"@type\":\"PropertyValueSpecification\",\"valueRequired\":true,\"valueName\":\"search_term_string\"}}],\"inLanguage\":\"en-US\"},{\"@type\":\"Organization\",\"@id\":\"https:\\\/\\\/www.spyshop.info\\\/#organization\",\"name\":\"SpyShop\",\"url\":\"https:\\\/\\\/www.spyshop.info\\\/\",\"logo\":{\"@type\":\"ImageObject\",\"inLanguage\":\"en-US\",\"@id\":\"https:\\\/\\\/www.spyshop.info\\\/#\\\/schema\\\/logo\\\/image\\\/\",\"url\":\"https:\\\/\\\/www.spyshop.info\\\/wp-content\\\/uploads\\\/2016\\\/11\\\/cropped-logo-spyshop-02-1-3.jpg\",\"contentUrl\":\"https:\\\/\\\/www.spyshop.info\\\/wp-content\\\/uploads\\\/2016\\\/11\\\/cropped-logo-spyshop-02-1-3.jpg\",\"width\":1522,\"height\":435,\"caption\":\"SpyShop\"},\"image\":{\"@id\":\"https:\\\/\\\/www.spyshop.info\\\/#\\\/schema\\\/logo\\\/image\\\/\"}}]}<\/script>\n<!-- \/ Yoast SEO plugin. -->","yoast_head_json":{"title":"Door peephole reverser - SpyShop","robots":{"index":"index","follow":"follow","max-snippet":"max-snippet:-1","max-image-preview":"max-image-preview:large","max-video-preview":"max-video-preview:-1"},"canonical":"https:\/\/www.spyshop.info\/en\/shop\/other\/forensics\/door-peephole-reverser\/","og_locale":"en_US","og_type":"article","og_title":"Door peephole reverser - SpyShop","og_description":"Sie wollen wissen, was sich hinter einer Wohnungst\u00fcre verbirgt? Sie sind Vollstrecker oder Ermittler, dem Informationen lieber sind als b\u00f6se \u00dcberraschungen? Dann haben wir das passende Werkzeug f\u00fcr Sie!","og_url":"https:\/\/www.spyshop.info\/en\/shop\/other\/forensics\/door-peephole-reverser\/","og_site_name":"SpyShop","article_modified_time":"2026-03-22T07:14:31+00:00","og_image":[{"width":334,"height":500,"url":"https:\/\/www.spyshop.info\/wp-content\/uploads\/2024\/05\/IMG_9563.jpg","type":"image\/jpeg"}],"twitter_card":"summary_large_image","twitter_misc":{"Est. reading time":"1 minute"},"schema":{"@context":"https:\/\/schema.org","@graph":[{"@type":"WebPage","@id":"https:\/\/www.spyshop.info\/en\/shop\/other\/forensics\/door-peephole-reverser\/","url":"https:\/\/www.spyshop.info\/en\/shop\/other\/forensics\/door-peephole-reverser\/","name":"Door peephole reverser - SpyShop","isPartOf":{"@id":"https:\/\/www.spyshop.info\/#website"},"primaryImageOfPage":{"@id":"https:\/\/www.spyshop.info\/en\/shop\/other\/forensics\/door-peephole-reverser\/#primaryimage"},"image":{"@id":"https:\/\/www.spyshop.info\/en\/shop\/other\/forensics\/door-peephole-reverser\/#primaryimage"},"thumbnailUrl":"https:\/\/www.spyshop.info\/wp-content\/uploads\/2024\/05\/IMG_9563.jpg","datePublished":"2024-05-25T09:37:48+00:00","dateModified":"2026-03-22T07:14:31+00:00","breadcrumb":{"@id":"https:\/\/www.spyshop.info\/en\/shop\/other\/forensics\/door-peephole-reverser\/#breadcrumb"},"inLanguage":"en-US","potentialAction":[{"@type":"ReadAction","target":["https:\/\/www.spyshop.info\/en\/shop\/other\/forensics\/door-peephole-reverser\/"]}]},{"@type":"ImageObject","inLanguage":"en-US","@id":"https:\/\/www.spyshop.info\/en\/shop\/other\/forensics\/door-peephole-reverser\/#primaryimage","url":"https:\/\/www.spyshop.info\/wp-content\/uploads\/2024\/05\/IMG_9563.jpg","contentUrl":"https:\/\/www.spyshop.info\/wp-content\/uploads\/2024\/05\/IMG_9563.jpg","width":334,"height":500},{"@type":"BreadcrumbList","@id":"https:\/\/www.spyshop.info\/en\/shop\/other\/forensics\/door-peephole-reverser\/#breadcrumb","itemListElement":[{"@type":"ListItem","position":1,"name":"Startseite","item":"https:\/\/www.spyshop.info\/en\/"},{"@type":"ListItem","position":2,"name":"Shop","item":"https:\/\/www.spyshop.info\/en\/shop\/"},{"@type":"ListItem","position":3,"name":"Door peephole reverser"}]},{"@type":"WebSite","@id":"https:\/\/www.spyshop.info\/#website","url":"https:\/\/www.spyshop.info\/","name":"SpyShop","description":"Abh\u00f6rger\u00e4te, GPS Sender, \u00dcberwachungskameras","publisher":{"@id":"https:\/\/www.spyshop.info\/#organization"},"potentialAction":[{"@type":"SearchAction","target":{"@type":"EntryPoint","urlTemplate":"https:\/\/www.spyshop.info\/?s={search_term_string}"},"query-input":{"@type":"PropertyValueSpecification","valueRequired":true,"valueName":"search_term_string"}}],"inLanguage":"en-US"},{"@type":"Organization","@id":"https:\/\/www.spyshop.info\/#organization","name":"SpyShop","url":"https:\/\/www.spyshop.info\/","logo":{"@type":"ImageObject","inLanguage":"en-US","@id":"https:\/\/www.spyshop.info\/#\/schema\/logo\/image\/","url":"https:\/\/www.spyshop.info\/wp-content\/uploads\/2016\/11\/cropped-logo-spyshop-02-1-3.jpg","contentUrl":"https:\/\/www.spyshop.info\/wp-content\/uploads\/2016\/11\/cropped-logo-spyshop-02-1-3.jpg","width":1522,"height":435,"caption":"SpyShop"},"image":{"@id":"https:\/\/www.spyshop.info\/#\/schema\/logo\/image\/"}}]}},"_links":{"self":[{"href":"https:\/\/www.spyshop.info\/en\/wp-json\/wp\/v2\/product\/6586","targetHints":{"allow":["GET"]}}],"collection":[{"href":"https:\/\/www.spyshop.info\/en\/wp-json\/wp\/v2\/product"}],"about":[{"href":"https:\/\/www.spyshop.info\/en\/wp-json\/wp\/v2\/types\/product"}],"version-history":[{"count":0,"href":"https:\/\/www.spyshop.info\/en\/wp-json\/wp\/v2\/product\/6586\/revisions"}],"wp:featuredmedia":[{"embeddable":true,"href":"https:\/\/www.spyshop.info\/en\/wp-json\/wp\/v2\/media\/5121"}],"wp:attachment":[{"href":"https:\/\/www.spyshop.info\/en\/wp-json\/wp\/v2\/media?parent=6586"}],"wp:term":[{"taxonomy":"product_brand","embeddable":true,"href":"https:\/\/www.spyshop.info\/en\/wp-json\/wp\/v2\/product_brand?post=6586"},{"taxonomy":"product_cat","embeddable":true,"href":"https:\/\/www.spyshop.info\/en\/wp-json\/wp\/v2\/product_cat?post=6586"},{"taxonomy":"product_tag","embeddable":true,"href":"https:\/\/www.spyshop.info\/en\/wp-json\/wp\/v2\/product_tag?post=6586"}],"curies":[{"name":"wp","href":"https:\/\/api.w.org\/{rel}","templated":true}]}}