{"id":6584,"date":"2024-05-28T10:46:16","date_gmt":"2024-05-28T08:46:16","guid":{"rendered":"https:\/\/www.spyshop.info\/shop\/uncategorized\/cube-camera-in-full-hd\/"},"modified":"2026-03-22T08:07:40","modified_gmt":"2026-03-22T07:07:40","slug":"cube-camera-in-full-hd","status":"publish","type":"product","link":"https:\/\/www.spyshop.info\/en\/shop\/video-surveillance\/hidden-cameras-with-recording\/cube-camera-in-full-hd\/","title":{"rendered":"Cube camera in Full HD"},"content":{"rendered":"<p style=\"font-weight: 400;\">This hard-working little camera measures just under 3 by 3 by 3 centimetres. It\u2019s easy to slip into a pocket and works reliably. We tested the device and found that it exceeded the manufacturer\u2019s specifications by 12 minutes. The camera therefore records for over 4 hours. The quality is impeccable at 1080 Full HD, and the sound quality leaves nothing to be desired either. You can set the date and time via a text file and also specify whether this information should be displayed on the video. The camera can also be set to continuous power. It doesn\u2019t matter whether this is done using a power bank or a mains adapter. The package also includes, amongst other things, a gooseneck USB connector, so you can adjust the camera whilst it is connected to the power source. There is a magnet on the back, though this is not a neodymium magnet but a ferrite magnet. You simply cannot go wrong when operating it. One press to enter standby mode and another to start recording. You can view the recordings by connecting the camera to your PC or Mac via a USB cable, or by removing the microSD card and inserting it into your computer.            <\/p>\n<p style=\"font-weight: 400;\">However, we want to spare you two misconceptions: the infrared mode isn\u2019t particularly good, and the motion detection isn\u2019t exactly the epitome of reliability either. This camera is designed for continuous recording, and as mentioned, it can manage this for four hours. We don\u2019t want to sugarcoat anything, and we won\u2019t accept any of the manufacturer\u2019s claims that we haven\u2019t been able to confirm during our stress tests.  <\/p>\n<p style=\"font-weight: 400;\">Product features:<\/p>\n<p style=\"font-weight: 400;\">Video resolution: 1920 x 1080p<\/p>\n<p style=\"font-weight: 400;\">Frames per second: 25\/30<\/p>\n<p style=\"font-weight: 400;\">Video compression: H.264<\/p>\n<p style=\"font-weight: 400;\">Memory card: tf-card up to 128GB<\/p>\n<p style=\"font-weight: 400;\">Video format: AVI\/M-JPEG<\/p>\n<p style=\"font-weight: 400;\">Viewing angle: 90 degrees<\/p>\n<p style=\"font-weight: 400;\">Charging time: 4 hours<\/p>\n<p style=\"font-weight: 400;\">Recording time: 4 hours<\/p>\n<p style=\"font-weight: 400;\">Charging current: 5V\/1A<\/p>\n<p style=\"font-weight: 400;\">Charging cable: Micro-USB<\/p>\n<p style=\"font-weight: 400;\">Dimensions: 29 x 29 x 28 mm<\/p>\n<p style=\"font-weight: 400;\">Weight: 120 grams<\/p>\n<p style=\"font-weight: 400;\">Contents:<\/p>\n<p style=\"font-weight: 400;\">Camera<\/p>\n<p style=\"font-weight: 400;\">charging cable<\/p>\n<p style=\"font-weight: 400;\">magnetic base<\/p>\n<p style=\"font-weight: 400;\">Gooseneck USB connector<\/p>\n<p style=\"font-weight: 400;\">User manual<\/p>\n","protected":false},"excerpt":{"rendered":"<p style=\"font-weight: 400;\">Surveillance operators often have to set up several cameras so that they can record whatever moves within their field of view for a few hours. They stick them under rubbish bins or fire extinguishers, or place them on the tyres of vehicles parked in front of the target. This carries the risk of the recording device being lost or damaged. At this price, that is irrelevant, and yet you still get impeccable quality.   <\/p>\n","protected":false},"featured_media":5150,"template":"","meta":[],"product_brand":[],"product_cat":[167,164],"product_tag":[],"class_list":{"0":"post-6584","1":"product","2":"type-product","3":"status-publish","4":"has-post-thumbnail","6":"product_cat-hidden-cameras-with-recording","7":"product_cat-video-surveillance","9":"first","10":"instock","11":"taxable","12":"shipping-taxable","13":"purchasable","14":"product-type-simple"},"yoast_head":"<!-- This site is optimized with the Yoast SEO plugin v27.3 - https:\/\/yoast.com\/product\/yoast-seo-wordpress\/ -->\n<title>Cube camera in Full HD - SpyShop<\/title>\n<meta name=\"robots\" content=\"index, follow, max-snippet:-1, max-image-preview:large, max-video-preview:-1\" \/>\n<link rel=\"canonical\" href=\"https:\/\/www.spyshop.info\/en\/shop\/video-surveillance\/hidden-cameras-with-recording\/cube-camera-in-full-hd\/\" \/>\n<meta property=\"og:locale\" content=\"en_US\" \/>\n<meta property=\"og:type\" content=\"article\" \/>\n<meta property=\"og:title\" content=\"Cube camera in Full HD - SpyShop\" \/>\n<meta property=\"og:description\" content=\"Surveillance operators often have to set up several cameras so that they can record whatever moves within their field of view for a few hours. They stick them under rubbish bins or fire extinguishers, or place them on the tyres of vehicles parked in front of the target. This carries the risk of the recording device being lost or damaged. At this price, that is irrelevant, and yet you still get impeccable quality.\" \/>\n<meta property=\"og:url\" content=\"https:\/\/www.spyshop.info\/en\/shop\/video-surveillance\/hidden-cameras-with-recording\/cube-camera-in-full-hd\/\" \/>\n<meta property=\"og:site_name\" content=\"SpyShop\" \/>\n<meta property=\"article:modified_time\" content=\"2026-03-22T07:07:40+00:00\" \/>\n<meta property=\"og:image\" content=\"https:\/\/www.spyshop.info\/wp-content\/uploads\/2024\/05\/01-1.jpg\" \/>\n\t<meta property=\"og:image:width\" content=\"970\" \/>\n\t<meta property=\"og:image:height\" content=\"600\" \/>\n\t<meta property=\"og:image:type\" content=\"image\/jpeg\" \/>\n<meta name=\"twitter:card\" content=\"summary_large_image\" \/>\n<meta name=\"twitter:label1\" content=\"Est. reading time\" \/>\n\t<meta name=\"twitter:data1\" content=\"2 minutes\" \/>\n<script type=\"application\/ld+json\" class=\"yoast-schema-graph\">{\"@context\":\"https:\\\/\\\/schema.org\",\"@graph\":[{\"@type\":\"WebPage\",\"@id\":\"https:\\\/\\\/www.spyshop.info\\\/en\\\/shop\\\/video-surveillance\\\/hidden-cameras-with-recording\\\/cube-camera-in-full-hd\\\/\",\"url\":\"https:\\\/\\\/www.spyshop.info\\\/en\\\/shop\\\/video-surveillance\\\/hidden-cameras-with-recording\\\/cube-camera-in-full-hd\\\/\",\"name\":\"Cube camera in Full HD - SpyShop\",\"isPartOf\":{\"@id\":\"https:\\\/\\\/www.spyshop.info\\\/#website\"},\"primaryImageOfPage\":{\"@id\":\"https:\\\/\\\/www.spyshop.info\\\/en\\\/shop\\\/video-surveillance\\\/hidden-cameras-with-recording\\\/cube-camera-in-full-hd\\\/#primaryimage\"},\"image\":{\"@id\":\"https:\\\/\\\/www.spyshop.info\\\/en\\\/shop\\\/video-surveillance\\\/hidden-cameras-with-recording\\\/cube-camera-in-full-hd\\\/#primaryimage\"},\"thumbnailUrl\":\"https:\\\/\\\/www.spyshop.info\\\/wp-content\\\/uploads\\\/2024\\\/05\\\/01-1.jpg\",\"datePublished\":\"2024-05-28T08:46:16+00:00\",\"dateModified\":\"2026-03-22T07:07:40+00:00\",\"breadcrumb\":{\"@id\":\"https:\\\/\\\/www.spyshop.info\\\/en\\\/shop\\\/video-surveillance\\\/hidden-cameras-with-recording\\\/cube-camera-in-full-hd\\\/#breadcrumb\"},\"inLanguage\":\"en-US\",\"potentialAction\":[{\"@type\":\"ReadAction\",\"target\":[\"https:\\\/\\\/www.spyshop.info\\\/en\\\/shop\\\/video-surveillance\\\/hidden-cameras-with-recording\\\/cube-camera-in-full-hd\\\/\"]}]},{\"@type\":\"ImageObject\",\"inLanguage\":\"en-US\",\"@id\":\"https:\\\/\\\/www.spyshop.info\\\/en\\\/shop\\\/video-surveillance\\\/hidden-cameras-with-recording\\\/cube-camera-in-full-hd\\\/#primaryimage\",\"url\":\"https:\\\/\\\/www.spyshop.info\\\/wp-content\\\/uploads\\\/2024\\\/05\\\/01-1.jpg\",\"contentUrl\":\"https:\\\/\\\/www.spyshop.info\\\/wp-content\\\/uploads\\\/2024\\\/05\\\/01-1.jpg\",\"width\":970,\"height\":600},{\"@type\":\"BreadcrumbList\",\"@id\":\"https:\\\/\\\/www.spyshop.info\\\/en\\\/shop\\\/video-surveillance\\\/hidden-cameras-with-recording\\\/cube-camera-in-full-hd\\\/#breadcrumb\",\"itemListElement\":[{\"@type\":\"ListItem\",\"position\":1,\"name\":\"Startseite\",\"item\":\"https:\\\/\\\/www.spyshop.info\\\/en\\\/\"},{\"@type\":\"ListItem\",\"position\":2,\"name\":\"Shop\",\"item\":\"https:\\\/\\\/www.spyshop.info\\\/en\\\/shop\\\/\"},{\"@type\":\"ListItem\",\"position\":3,\"name\":\"Cube camera in Full HD\"}]},{\"@type\":\"WebSite\",\"@id\":\"https:\\\/\\\/www.spyshop.info\\\/#website\",\"url\":\"https:\\\/\\\/www.spyshop.info\\\/\",\"name\":\"SpyShop\",\"description\":\"Abh\u00f6rger\u00e4te, GPS Sender, \u00dcberwachungskameras\",\"publisher\":{\"@id\":\"https:\\\/\\\/www.spyshop.info\\\/#organization\"},\"potentialAction\":[{\"@type\":\"SearchAction\",\"target\":{\"@type\":\"EntryPoint\",\"urlTemplate\":\"https:\\\/\\\/www.spyshop.info\\\/?s={search_term_string}\"},\"query-input\":{\"@type\":\"PropertyValueSpecification\",\"valueRequired\":true,\"valueName\":\"search_term_string\"}}],\"inLanguage\":\"en-US\"},{\"@type\":\"Organization\",\"@id\":\"https:\\\/\\\/www.spyshop.info\\\/#organization\",\"name\":\"SpyShop\",\"url\":\"https:\\\/\\\/www.spyshop.info\\\/\",\"logo\":{\"@type\":\"ImageObject\",\"inLanguage\":\"en-US\",\"@id\":\"https:\\\/\\\/www.spyshop.info\\\/#\\\/schema\\\/logo\\\/image\\\/\",\"url\":\"https:\\\/\\\/www.spyshop.info\\\/wp-content\\\/uploads\\\/2016\\\/11\\\/cropped-logo-spyshop-02-1-3.jpg\",\"contentUrl\":\"https:\\\/\\\/www.spyshop.info\\\/wp-content\\\/uploads\\\/2016\\\/11\\\/cropped-logo-spyshop-02-1-3.jpg\",\"width\":1522,\"height\":435,\"caption\":\"SpyShop\"},\"image\":{\"@id\":\"https:\\\/\\\/www.spyshop.info\\\/#\\\/schema\\\/logo\\\/image\\\/\"}}]}<\/script>\n<!-- \/ Yoast SEO plugin. -->","yoast_head_json":{"title":"Cube camera in Full HD - SpyShop","robots":{"index":"index","follow":"follow","max-snippet":"max-snippet:-1","max-image-preview":"max-image-preview:large","max-video-preview":"max-video-preview:-1"},"canonical":"https:\/\/www.spyshop.info\/en\/shop\/video-surveillance\/hidden-cameras-with-recording\/cube-camera-in-full-hd\/","og_locale":"en_US","og_type":"article","og_title":"Cube camera in Full HD - SpyShop","og_description":"Surveillance operators often have to set up several cameras so that they can record whatever moves within their field of view for a few hours. They stick them under rubbish bins or fire extinguishers, or place them on the tyres of vehicles parked in front of the target. This carries the risk of the recording device being lost or damaged. At this price, that is irrelevant, and yet you still get impeccable quality.","og_url":"https:\/\/www.spyshop.info\/en\/shop\/video-surveillance\/hidden-cameras-with-recording\/cube-camera-in-full-hd\/","og_site_name":"SpyShop","article_modified_time":"2026-03-22T07:07:40+00:00","og_image":[{"width":970,"height":600,"url":"https:\/\/www.spyshop.info\/wp-content\/uploads\/2024\/05\/01-1.jpg","type":"image\/jpeg"}],"twitter_card":"summary_large_image","twitter_misc":{"Est. reading time":"2 minutes"},"schema":{"@context":"https:\/\/schema.org","@graph":[{"@type":"WebPage","@id":"https:\/\/www.spyshop.info\/en\/shop\/video-surveillance\/hidden-cameras-with-recording\/cube-camera-in-full-hd\/","url":"https:\/\/www.spyshop.info\/en\/shop\/video-surveillance\/hidden-cameras-with-recording\/cube-camera-in-full-hd\/","name":"Cube camera in Full HD - SpyShop","isPartOf":{"@id":"https:\/\/www.spyshop.info\/#website"},"primaryImageOfPage":{"@id":"https:\/\/www.spyshop.info\/en\/shop\/video-surveillance\/hidden-cameras-with-recording\/cube-camera-in-full-hd\/#primaryimage"},"image":{"@id":"https:\/\/www.spyshop.info\/en\/shop\/video-surveillance\/hidden-cameras-with-recording\/cube-camera-in-full-hd\/#primaryimage"},"thumbnailUrl":"https:\/\/www.spyshop.info\/wp-content\/uploads\/2024\/05\/01-1.jpg","datePublished":"2024-05-28T08:46:16+00:00","dateModified":"2026-03-22T07:07:40+00:00","breadcrumb":{"@id":"https:\/\/www.spyshop.info\/en\/shop\/video-surveillance\/hidden-cameras-with-recording\/cube-camera-in-full-hd\/#breadcrumb"},"inLanguage":"en-US","potentialAction":[{"@type":"ReadAction","target":["https:\/\/www.spyshop.info\/en\/shop\/video-surveillance\/hidden-cameras-with-recording\/cube-camera-in-full-hd\/"]}]},{"@type":"ImageObject","inLanguage":"en-US","@id":"https:\/\/www.spyshop.info\/en\/shop\/video-surveillance\/hidden-cameras-with-recording\/cube-camera-in-full-hd\/#primaryimage","url":"https:\/\/www.spyshop.info\/wp-content\/uploads\/2024\/05\/01-1.jpg","contentUrl":"https:\/\/www.spyshop.info\/wp-content\/uploads\/2024\/05\/01-1.jpg","width":970,"height":600},{"@type":"BreadcrumbList","@id":"https:\/\/www.spyshop.info\/en\/shop\/video-surveillance\/hidden-cameras-with-recording\/cube-camera-in-full-hd\/#breadcrumb","itemListElement":[{"@type":"ListItem","position":1,"name":"Startseite","item":"https:\/\/www.spyshop.info\/en\/"},{"@type":"ListItem","position":2,"name":"Shop","item":"https:\/\/www.spyshop.info\/en\/shop\/"},{"@type":"ListItem","position":3,"name":"Cube camera in Full HD"}]},{"@type":"WebSite","@id":"https:\/\/www.spyshop.info\/#website","url":"https:\/\/www.spyshop.info\/","name":"SpyShop","description":"Abh\u00f6rger\u00e4te, GPS Sender, \u00dcberwachungskameras","publisher":{"@id":"https:\/\/www.spyshop.info\/#organization"},"potentialAction":[{"@type":"SearchAction","target":{"@type":"EntryPoint","urlTemplate":"https:\/\/www.spyshop.info\/?s={search_term_string}"},"query-input":{"@type":"PropertyValueSpecification","valueRequired":true,"valueName":"search_term_string"}}],"inLanguage":"en-US"},{"@type":"Organization","@id":"https:\/\/www.spyshop.info\/#organization","name":"SpyShop","url":"https:\/\/www.spyshop.info\/","logo":{"@type":"ImageObject","inLanguage":"en-US","@id":"https:\/\/www.spyshop.info\/#\/schema\/logo\/image\/","url":"https:\/\/www.spyshop.info\/wp-content\/uploads\/2016\/11\/cropped-logo-spyshop-02-1-3.jpg","contentUrl":"https:\/\/www.spyshop.info\/wp-content\/uploads\/2016\/11\/cropped-logo-spyshop-02-1-3.jpg","width":1522,"height":435,"caption":"SpyShop"},"image":{"@id":"https:\/\/www.spyshop.info\/#\/schema\/logo\/image\/"}}]}},"_links":{"self":[{"href":"https:\/\/www.spyshop.info\/en\/wp-json\/wp\/v2\/product\/6584","targetHints":{"allow":["GET"]}}],"collection":[{"href":"https:\/\/www.spyshop.info\/en\/wp-json\/wp\/v2\/product"}],"about":[{"href":"https:\/\/www.spyshop.info\/en\/wp-json\/wp\/v2\/types\/product"}],"version-history":[{"count":0,"href":"https:\/\/www.spyshop.info\/en\/wp-json\/wp\/v2\/product\/6584\/revisions"}],"wp:featuredmedia":[{"embeddable":true,"href":"https:\/\/www.spyshop.info\/en\/wp-json\/wp\/v2\/media\/5150"}],"wp:attachment":[{"href":"https:\/\/www.spyshop.info\/en\/wp-json\/wp\/v2\/media?parent=6584"}],"wp:term":[{"taxonomy":"product_brand","embeddable":true,"href":"https:\/\/www.spyshop.info\/en\/wp-json\/wp\/v2\/product_brand?post=6584"},{"taxonomy":"product_cat","embeddable":true,"href":"https:\/\/www.spyshop.info\/en\/wp-json\/wp\/v2\/product_cat?post=6584"},{"taxonomy":"product_tag","embeddable":true,"href":"https:\/\/www.spyshop.info\/en\/wp-json\/wp\/v2\/product_tag?post=6584"}],"curies":[{"name":"wp","href":"https:\/\/api.w.org\/{rel}","templated":true}]}}