{"id":6583,"date":"2024-06-26T07:57:32","date_gmt":"2024-06-26T05:57:32","guid":{"rendered":"https:\/\/www.spyshop.info\/shop\/uncategorized\/ultra-hd-wifi-camcorder\/"},"modified":"2026-03-22T08:02:01","modified_gmt":"2026-03-22T07:02:01","slug":"ultra-hd-wifi-camcorder","status":"publish","type":"product","link":"https:\/\/www.spyshop.info\/en\/shop\/video-surveillance\/ultra-hd-wifi-camcorder\/","title":{"rendered":"Ultra HD WiFi camcorder"},"content":{"rendered":"<p style=\"font-weight: 400;\">Whether you want to find out who is scratching your car; whether, as a department store detective, you want to keep an eye on key areas on the spot; whether you want to record who enters or leaves a premises; or whether you want to know who is desperately trying to photograph your company signs; there are already many situations in which professional detectives use this device. Possible uses that we hadn\u2019t even considered in some cases. <\/p>\n<p style=\"font-weight: 400;\">The camcorder features a high-quality camera sensor with a resolution of 5 megapixels. This falls between 2K and 4K. It also includes a PIR sensor with a detection range of 7 metres and invisible infrared lights with a beam range of 12 metres. However, you only need the infrared mode in complete darkness, as in normal mode a little ambient light, such as from a street lamp, is sufficient. With a camera angle of 140 degrees, you won\u2019t miss a thing and you can also make use of the 5x digital zoom. There is a microSD slot (up to 128GB) on the back of the camera. Live videos are transmitted to your smartphone via a Wi-Fi network, and you can also view and download historical recordings using the free app for iOS\/Android. If that\u2019s not enough for you, you can subscribe to a (paid) cloud service where the videos are uploaded. In PIR mode, you naturally also receive a motion notification on your mobile phone. The H.265 compression format not only ensures the highest recording quality but also provides enough space on a 128GB card for 28 days of continuous recording. In PIR mode, the manufacturer promises a runtime of just under 60 days based on 10 triggers per day. This seems realistic to us, although so far we have only tested the continuous recording mode with WiFi transmission, which lasts 10 hours on a single battery charge. Of course, you can also power the device using a car cigarette lighter, a power bank or mains power. When used autonomously, the app displays the camera\u2019s current battery level, so you know when to retrieve the camera or swap it for another one.             <\/p>\n<p style=\"font-weight: 400;\">You can\u2019t go wrong when using the camera. There\u2019s just a power button and a reset button. All other settings are configured in the app, which is self-explanatory but also features a wizard to guide you through the various functions and settings.  <\/p>\n<p style=\"font-weight: 400;\">Product features:<\/p>\n<p style=\"font-weight: 400;\">Wi-Fi network: 2.4 GHz IEEE 802.11b, 802.11g, 802.11n<\/p>\n<p style=\"font-weight: 400;\">Sensor: Ingenic T31ZL+2063<\/p>\n<p style=\"font-weight: 400;\">Compression format: H.265<\/p>\n<p style=\"font-weight: 400;\">Video format: MP4<\/p>\n<p style=\"font-weight: 400;\">Streaming: 5 megapixels<\/p>\n<p style=\"font-weight: 400;\">Internal recording: 1080 Full HD<\/p>\n<p style=\"font-weight: 400;\">Lens: 3.2 mm, f\/2.0, low-light<\/p>\n<p style=\"font-weight: 400;\">Zoom: 5x digital<\/p>\n<p style=\"font-weight: 400;\">Field of view: 135 degrees<\/p>\n<p style=\"font-weight: 400;\">Night vision: 6 infrared LEDs (invisible), 12-metre range<\/p>\n<p style=\"font-weight: 400;\">Audio: 2-way via built-in microphone and speaker<\/p>\n<p style=\"font-weight: 400;\">Audio compression: G.726\/AAC, bit rate 8 kbps, 16-bit<\/p>\n<p style=\"font-weight: 400;\">PIR: 7-metre range, alarm recording &amp; push notifications<\/p>\n<p style=\"font-weight: 400;\">Storage: tf-cards up to 128GB; historical videos can be downloaded from the memory card via the app<\/p>\n<p style=\"font-weight: 400;\">Cloud storage: available for a fee via the app<\/p>\n<p style=\"font-weight: 400;\">Battery: 3,800 mAh<\/p>\n<p style=\"font-weight: 400;\">Connection: USB-C<\/p>\n<p style=\"font-weight: 400;\">Charging current: DC 5V 2A<\/p>\n<p style=\"font-weight: 400;\">Ambient temperature: -20 to +60 degrees Celsius<\/p>\n<p style=\"font-weight: 400;\">Dimensions: 3.5 x 3.5 x 5 cm<\/p>\n<p style=\"font-weight: 400;\">Weight: 86 grams<\/p>\n<p style=\"font-weight: 400;\">Contents:<\/p>\n<p style=\"font-weight: 400;\">Camera<\/p>\n<p style=\"font-weight: 400;\">USB-C cable<\/p>\n<p style=\"font-weight: 400;\">User manual<\/p>\n<p style=\"font-weight: 400;\">tripod<\/p>\n","protected":false},"excerpt":{"rendered":"<p style=\"font-weight: 400;\">Just a few months ago, a device in this category (albeit with \u2018only\u2019 1080 Full HD) measured 12 x 9 x 5 cm and cost more than twice as much. Now we can offer a top-of-the-range camera measuring 3.5 x 3.5 x 5 cm. With even greater performance and even greater ease of use. The possible applications are manifold. In the private sector, but also in professional reconnaissance.    <\/p>\n","protected":false},"featured_media":5212,"template":"","meta":[],"product_brand":[],"product_cat":[164,168],"product_tag":[],"class_list":{"0":"post-6583","1":"product","2":"type-product","3":"status-publish","4":"has-post-thumbnail","6":"product_cat-video-surveillance","7":"product_cat-hidden-wifi-radio-and-gsm-cameras","9":"first","10":"instock","11":"taxable","12":"shipping-taxable","13":"purchasable","14":"product-type-simple"},"yoast_head":"<!-- This site is optimized with the Yoast SEO plugin v27.3 - https:\/\/yoast.com\/product\/yoast-seo-wordpress\/ -->\n<title>Ultra HD WiFi camcorder - SpyShop<\/title>\n<meta name=\"robots\" content=\"index, follow, max-snippet:-1, max-image-preview:large, max-video-preview:-1\" \/>\n<link rel=\"canonical\" href=\"https:\/\/www.spyshop.info\/en\/shop\/video-surveillance\/ultra-hd-wifi-camcorder\/\" \/>\n<meta property=\"og:locale\" content=\"en_US\" \/>\n<meta property=\"og:type\" content=\"article\" \/>\n<meta property=\"og:title\" content=\"Ultra HD WiFi camcorder - SpyShop\" \/>\n<meta property=\"og:description\" content=\"Just a few months ago, a device in this category (albeit with \u2018only\u2019 1080 Full HD) measured 12 x 9 x 5 cm and cost more than twice as much. Now we can offer a top-of-the-range camera measuring 3.5 x 3.5 x 5 cm. With even greater performance and even greater ease of use. The possible applications are manifold. In the private sector, but also in professional reconnaissance.\" \/>\n<meta property=\"og:url\" content=\"https:\/\/www.spyshop.info\/en\/shop\/video-surveillance\/ultra-hd-wifi-camcorder\/\" \/>\n<meta property=\"og:site_name\" content=\"SpyShop\" \/>\n<meta property=\"article:modified_time\" content=\"2026-03-22T07:02:01+00:00\" \/>\n<meta property=\"og:image\" content=\"https:\/\/www.spyshop.info\/wp-content\/uploads\/2024\/06\/01.jpg\" \/>\n\t<meta property=\"og:image:width\" content=\"960\" \/>\n\t<meta property=\"og:image:height\" content=\"960\" \/>\n\t<meta property=\"og:image:type\" content=\"image\/jpeg\" \/>\n<meta name=\"twitter:card\" content=\"summary_large_image\" \/>\n<meta name=\"twitter:label1\" content=\"Est. reading time\" \/>\n\t<meta name=\"twitter:data1\" content=\"3 minutes\" \/>\n<script type=\"application\/ld+json\" class=\"yoast-schema-graph\">{\"@context\":\"https:\\\/\\\/schema.org\",\"@graph\":[{\"@type\":\"WebPage\",\"@id\":\"https:\\\/\\\/www.spyshop.info\\\/en\\\/shop\\\/video-surveillance\\\/ultra-hd-wifi-camcorder\\\/\",\"url\":\"https:\\\/\\\/www.spyshop.info\\\/en\\\/shop\\\/video-surveillance\\\/ultra-hd-wifi-camcorder\\\/\",\"name\":\"Ultra HD WiFi camcorder - SpyShop\",\"isPartOf\":{\"@id\":\"https:\\\/\\\/www.spyshop.info\\\/#website\"},\"primaryImageOfPage\":{\"@id\":\"https:\\\/\\\/www.spyshop.info\\\/en\\\/shop\\\/video-surveillance\\\/ultra-hd-wifi-camcorder\\\/#primaryimage\"},\"image\":{\"@id\":\"https:\\\/\\\/www.spyshop.info\\\/en\\\/shop\\\/video-surveillance\\\/ultra-hd-wifi-camcorder\\\/#primaryimage\"},\"thumbnailUrl\":\"https:\\\/\\\/www.spyshop.info\\\/wp-content\\\/uploads\\\/2024\\\/06\\\/01.jpg\",\"datePublished\":\"2024-06-26T05:57:32+00:00\",\"dateModified\":\"2026-03-22T07:02:01+00:00\",\"breadcrumb\":{\"@id\":\"https:\\\/\\\/www.spyshop.info\\\/en\\\/shop\\\/video-surveillance\\\/ultra-hd-wifi-camcorder\\\/#breadcrumb\"},\"inLanguage\":\"en-US\",\"potentialAction\":[{\"@type\":\"ReadAction\",\"target\":[\"https:\\\/\\\/www.spyshop.info\\\/en\\\/shop\\\/video-surveillance\\\/ultra-hd-wifi-camcorder\\\/\"]}]},{\"@type\":\"ImageObject\",\"inLanguage\":\"en-US\",\"@id\":\"https:\\\/\\\/www.spyshop.info\\\/en\\\/shop\\\/video-surveillance\\\/ultra-hd-wifi-camcorder\\\/#primaryimage\",\"url\":\"https:\\\/\\\/www.spyshop.info\\\/wp-content\\\/uploads\\\/2024\\\/06\\\/01.jpg\",\"contentUrl\":\"https:\\\/\\\/www.spyshop.info\\\/wp-content\\\/uploads\\\/2024\\\/06\\\/01.jpg\",\"width\":960,\"height\":960},{\"@type\":\"BreadcrumbList\",\"@id\":\"https:\\\/\\\/www.spyshop.info\\\/en\\\/shop\\\/video-surveillance\\\/ultra-hd-wifi-camcorder\\\/#breadcrumb\",\"itemListElement\":[{\"@type\":\"ListItem\",\"position\":1,\"name\":\"Startseite\",\"item\":\"https:\\\/\\\/www.spyshop.info\\\/en\\\/\"},{\"@type\":\"ListItem\",\"position\":2,\"name\":\"Shop\",\"item\":\"https:\\\/\\\/www.spyshop.info\\\/en\\\/shop\\\/\"},{\"@type\":\"ListItem\",\"position\":3,\"name\":\"Ultra HD WiFi camcorder\"}]},{\"@type\":\"WebSite\",\"@id\":\"https:\\\/\\\/www.spyshop.info\\\/#website\",\"url\":\"https:\\\/\\\/www.spyshop.info\\\/\",\"name\":\"SpyShop\",\"description\":\"Abh\u00f6rger\u00e4te, GPS Sender, \u00dcberwachungskameras\",\"publisher\":{\"@id\":\"https:\\\/\\\/www.spyshop.info\\\/#organization\"},\"potentialAction\":[{\"@type\":\"SearchAction\",\"target\":{\"@type\":\"EntryPoint\",\"urlTemplate\":\"https:\\\/\\\/www.spyshop.info\\\/?s={search_term_string}\"},\"query-input\":{\"@type\":\"PropertyValueSpecification\",\"valueRequired\":true,\"valueName\":\"search_term_string\"}}],\"inLanguage\":\"en-US\"},{\"@type\":\"Organization\",\"@id\":\"https:\\\/\\\/www.spyshop.info\\\/#organization\",\"name\":\"SpyShop\",\"url\":\"https:\\\/\\\/www.spyshop.info\\\/\",\"logo\":{\"@type\":\"ImageObject\",\"inLanguage\":\"en-US\",\"@id\":\"https:\\\/\\\/www.spyshop.info\\\/#\\\/schema\\\/logo\\\/image\\\/\",\"url\":\"https:\\\/\\\/www.spyshop.info\\\/wp-content\\\/uploads\\\/2016\\\/11\\\/cropped-logo-spyshop-02-1-3.jpg\",\"contentUrl\":\"https:\\\/\\\/www.spyshop.info\\\/wp-content\\\/uploads\\\/2016\\\/11\\\/cropped-logo-spyshop-02-1-3.jpg\",\"width\":1522,\"height\":435,\"caption\":\"SpyShop\"},\"image\":{\"@id\":\"https:\\\/\\\/www.spyshop.info\\\/#\\\/schema\\\/logo\\\/image\\\/\"}}]}<\/script>\n<!-- \/ Yoast SEO plugin. -->","yoast_head_json":{"title":"Ultra HD WiFi camcorder - SpyShop","robots":{"index":"index","follow":"follow","max-snippet":"max-snippet:-1","max-image-preview":"max-image-preview:large","max-video-preview":"max-video-preview:-1"},"canonical":"https:\/\/www.spyshop.info\/en\/shop\/video-surveillance\/ultra-hd-wifi-camcorder\/","og_locale":"en_US","og_type":"article","og_title":"Ultra HD WiFi camcorder - SpyShop","og_description":"Just a few months ago, a device in this category (albeit with \u2018only\u2019 1080 Full HD) measured 12 x 9 x 5 cm and cost more than twice as much. Now we can offer a top-of-the-range camera measuring 3.5 x 3.5 x 5 cm. With even greater performance and even greater ease of use. The possible applications are manifold. In the private sector, but also in professional reconnaissance.","og_url":"https:\/\/www.spyshop.info\/en\/shop\/video-surveillance\/ultra-hd-wifi-camcorder\/","og_site_name":"SpyShop","article_modified_time":"2026-03-22T07:02:01+00:00","og_image":[{"width":960,"height":960,"url":"https:\/\/www.spyshop.info\/wp-content\/uploads\/2024\/06\/01.jpg","type":"image\/jpeg"}],"twitter_card":"summary_large_image","twitter_misc":{"Est. reading time":"3 minutes"},"schema":{"@context":"https:\/\/schema.org","@graph":[{"@type":"WebPage","@id":"https:\/\/www.spyshop.info\/en\/shop\/video-surveillance\/ultra-hd-wifi-camcorder\/","url":"https:\/\/www.spyshop.info\/en\/shop\/video-surveillance\/ultra-hd-wifi-camcorder\/","name":"Ultra HD WiFi camcorder - SpyShop","isPartOf":{"@id":"https:\/\/www.spyshop.info\/#website"},"primaryImageOfPage":{"@id":"https:\/\/www.spyshop.info\/en\/shop\/video-surveillance\/ultra-hd-wifi-camcorder\/#primaryimage"},"image":{"@id":"https:\/\/www.spyshop.info\/en\/shop\/video-surveillance\/ultra-hd-wifi-camcorder\/#primaryimage"},"thumbnailUrl":"https:\/\/www.spyshop.info\/wp-content\/uploads\/2024\/06\/01.jpg","datePublished":"2024-06-26T05:57:32+00:00","dateModified":"2026-03-22T07:02:01+00:00","breadcrumb":{"@id":"https:\/\/www.spyshop.info\/en\/shop\/video-surveillance\/ultra-hd-wifi-camcorder\/#breadcrumb"},"inLanguage":"en-US","potentialAction":[{"@type":"ReadAction","target":["https:\/\/www.spyshop.info\/en\/shop\/video-surveillance\/ultra-hd-wifi-camcorder\/"]}]},{"@type":"ImageObject","inLanguage":"en-US","@id":"https:\/\/www.spyshop.info\/en\/shop\/video-surveillance\/ultra-hd-wifi-camcorder\/#primaryimage","url":"https:\/\/www.spyshop.info\/wp-content\/uploads\/2024\/06\/01.jpg","contentUrl":"https:\/\/www.spyshop.info\/wp-content\/uploads\/2024\/06\/01.jpg","width":960,"height":960},{"@type":"BreadcrumbList","@id":"https:\/\/www.spyshop.info\/en\/shop\/video-surveillance\/ultra-hd-wifi-camcorder\/#breadcrumb","itemListElement":[{"@type":"ListItem","position":1,"name":"Startseite","item":"https:\/\/www.spyshop.info\/en\/"},{"@type":"ListItem","position":2,"name":"Shop","item":"https:\/\/www.spyshop.info\/en\/shop\/"},{"@type":"ListItem","position":3,"name":"Ultra HD WiFi camcorder"}]},{"@type":"WebSite","@id":"https:\/\/www.spyshop.info\/#website","url":"https:\/\/www.spyshop.info\/","name":"SpyShop","description":"Abh\u00f6rger\u00e4te, GPS Sender, \u00dcberwachungskameras","publisher":{"@id":"https:\/\/www.spyshop.info\/#organization"},"potentialAction":[{"@type":"SearchAction","target":{"@type":"EntryPoint","urlTemplate":"https:\/\/www.spyshop.info\/?s={search_term_string}"},"query-input":{"@type":"PropertyValueSpecification","valueRequired":true,"valueName":"search_term_string"}}],"inLanguage":"en-US"},{"@type":"Organization","@id":"https:\/\/www.spyshop.info\/#organization","name":"SpyShop","url":"https:\/\/www.spyshop.info\/","logo":{"@type":"ImageObject","inLanguage":"en-US","@id":"https:\/\/www.spyshop.info\/#\/schema\/logo\/image\/","url":"https:\/\/www.spyshop.info\/wp-content\/uploads\/2016\/11\/cropped-logo-spyshop-02-1-3.jpg","contentUrl":"https:\/\/www.spyshop.info\/wp-content\/uploads\/2016\/11\/cropped-logo-spyshop-02-1-3.jpg","width":1522,"height":435,"caption":"SpyShop"},"image":{"@id":"https:\/\/www.spyshop.info\/#\/schema\/logo\/image\/"}}]}},"_links":{"self":[{"href":"https:\/\/www.spyshop.info\/en\/wp-json\/wp\/v2\/product\/6583","targetHints":{"allow":["GET"]}}],"collection":[{"href":"https:\/\/www.spyshop.info\/en\/wp-json\/wp\/v2\/product"}],"about":[{"href":"https:\/\/www.spyshop.info\/en\/wp-json\/wp\/v2\/types\/product"}],"version-history":[{"count":0,"href":"https:\/\/www.spyshop.info\/en\/wp-json\/wp\/v2\/product\/6583\/revisions"}],"wp:featuredmedia":[{"embeddable":true,"href":"https:\/\/www.spyshop.info\/en\/wp-json\/wp\/v2\/media\/5212"}],"wp:attachment":[{"href":"https:\/\/www.spyshop.info\/en\/wp-json\/wp\/v2\/media?parent=6583"}],"wp:term":[{"taxonomy":"product_brand","embeddable":true,"href":"https:\/\/www.spyshop.info\/en\/wp-json\/wp\/v2\/product_brand?post=6583"},{"taxonomy":"product_cat","embeddable":true,"href":"https:\/\/www.spyshop.info\/en\/wp-json\/wp\/v2\/product_cat?post=6583"},{"taxonomy":"product_tag","embeddable":true,"href":"https:\/\/www.spyshop.info\/en\/wp-json\/wp\/v2\/product_tag?post=6583"}],"curies":[{"name":"wp","href":"https:\/\/api.w.org\/{rel}","templated":true}]}}