{"id":6582,"date":"2024-07-29T09:58:36","date_gmt":"2024-07-29T07:58:36","guid":{"rendered":"https:\/\/www.spyshop.info\/shop\/uncategorized\/4g-video-camcorder-with-remote-transmission-and-6x-optical-zoom-in-ultra-hd\/"},"modified":"2026-03-22T07:39:15","modified_gmt":"2026-03-22T06:39:15","slug":"4g-video-camcorder-with-remote-transmission-and-6x-optical-zoom-in-ultra-hd","status":"publish","type":"product","link":"https:\/\/www.spyshop.info\/en\/shop\/video-surveillance\/4g-video-camcorder-with-remote-transmission-and-6x-optical-zoom-in-ultra-hd\/","title":{"rendered":"4G video camcorder with remote transmission and 6x optical zoom in Ultra HD"},"content":{"rendered":"<p style=\"font-weight: 400;\">Whether you want to find out who is scratching your car; whether, as a department store detective, you want to keep an eye on key areas on the spot; whether you want to record who enters or leaves a premises; or whether you want to know who is desperately trying to photograph your company signs; there are already many situations in which professional detectives use this device. Possible uses that we hadn\u2019t even considered in some cases. <\/p>\n<p style=\"font-weight: 400;\">The camcorder features a high-quality camera sensor delivering 5 megapixels. This falls between 2K and 4K resolution. It includes a motion sensor that you can adjust to three sensitivity levels and three detection ranges. The device is, of course, also fitted with invisible infrared lights with a range of around 10 metres. However, you only need the infrared mode in complete darkness, as in normal mode a little ambient light, such as from a street lamp, is sufficient. With a camera angle of 135 degrees, you won\u2019t miss a thing and you can also make use of the optical (!!!) 6x zoom (35 degrees). The zoom\u2019s image sharpness is impressive, and if you wish, we\u2019d be happy to send you sample images from our stress test. You can also set the zoom setting so that the last selected focal length appears every time you open the app. On the back of the camera, there is a microSD slot (up to 256GB) and a SIM slot. Live video is transmitted to your smartphone via the 4G mobile network, and you can also view and download historical recordings via the free app for iOS\/Android. If that\u2019s not enough for you, you can subscribe to a (paid) cloud service where the videos are uploaded. In motion detection mode, you will of course also receive a motion notification on your mobile phone. The H.264 compression format not only ensures the highest recording quality but also provides enough space on a 128GB card for 28 days of continuous recording. In motion mode, the manufacturer promises a runtime of just under 60 days at 10 triggers per day. This seems realistic to us, although so far we have only tested the continuous recording mode with 4G transmission, which lasts 8 hours on a single battery charge. Naturally, you can also power the device using a car power supply, a power bank or mains power. When used autonomously, the app displays the camera\u2019s current battery level, so you know when to retrieve the camera or swap it for another. In continuous recording mode, the camera operates autonomously for 8 hours. Of course, you can also connect it to a power source (mains power, car power, power bank, etc.) to achieve even longer running times.                  <\/p>\n<p style=\"font-weight: 400;\">You can\u2019t go wrong when using the camera. There is just an on\/off switch, a record\/transmit switch and a reset button. All other settings are configured in the app, which is self-explanatory but also features a wizard to guide you through the various functions and settings. Another particular plus is the standard tripod socket on the underside of the camera. This means you can use any tripod.    <\/p>\n<p style=\"font-weight: 400;\">Product features:<\/p>\n<p style=\"font-weight: 400;\">4G network: B1\/B3\/B7\/B8\/B20\/B28A\/B38\/B40\/B41<\/p>\n<p style=\"font-weight: 400;\">Sensor: GC2083, 1\/3-inch CMOS<\/p>\n<p style=\"font-weight: 400;\">Processor: Beijing Junzheng T31 chip<\/p>\n<p style=\"font-weight: 400;\">Compression format: H.264<\/p>\n<p style=\"font-weight: 400;\">App: O-Kam Pro<\/p>\n<p style=\"font-weight: 400;\">Video format: MPEG<\/p>\n<p style=\"font-weight: 400;\">Streaming: 5 megapixels<\/p>\n<p style=\"font-weight: 400;\">Internal recording: 1296p HD<\/p>\n<p style=\"font-weight: 400;\">Lens: 2.8 mm \u2013 12 mm, f\/2.0, low-light<\/p>\n<p style=\"font-weight: 400;\">Zoom: 6x optical<\/p>\n<p style=\"font-weight: 400;\">Viewing angle: 135 degrees to 35 degrees<\/p>\n<p style=\"font-weight: 400;\">Night vision: 6 infrared 940 nm LEDs (invisible), 10-metre range<\/p>\n<p style=\"font-weight: 400;\">Audio: 2-way via built-in microphone and speaker<\/p>\n<p style=\"font-weight: 400;\">Audio compression: G.726\/AAC, bit rate 8 kbps, 16-bit<\/p>\n<p style=\"font-weight: 400;\">PIR: 7-metre range, alarm recording &amp; push notifications<\/p>\n<p style=\"font-weight: 400;\">Storage: tf-cards up to 256GB; historical videos can be downloaded from the memory card via the app<\/p>\n<p style=\"font-weight: 400;\">Cloud storage: available for a fee via the app<\/p>\n<p style=\"font-weight: 400;\">Battery: 4,000 mAh<\/p>\n<p style=\"font-weight: 400;\">Connection: USB-C<\/p>\n<p style=\"font-weight: 400;\">Charging current: DC 5V 2A<\/p>\n<p style=\"font-weight: 400;\">Ambient temperature: -10 to +55 degrees Celsius<\/p>\n<p style=\"font-weight: 400;\">Dimensions: 5.7 x 4.8 x 4.5 cm<\/p>\n<p style=\"font-weight: 400;\">Weight: 116 grams<\/p>\n<p style=\"font-weight: 400;\">Contents:<\/p>\n<p style=\"font-weight: 400;\">Camera<\/p>\n<p style=\"font-weight: 400;\">USB-C cable<\/p>\n<p style=\"font-weight: 400;\">User manual<\/p>\n<p style=\"font-weight: 400;\">tripod<\/p>\n","protected":false},"excerpt":{"rendered":"<p style=\"font-weight: 400;\">Just a few months after we launched the 4G cube camcorder, which has been flying off the shelves, the manufacturer is unveiling another model. The existing features of the 4G cube cam are now complemented by a powerful 6x zoom and a special energy-saving mode. Even before the device was listed online here, we had already sold more than 10 units to professional detectives. Read more:   <\/p>\n","protected":false},"featured_media":5340,"template":"","meta":[],"product_brand":[],"product_cat":[164,168],"product_tag":[],"class_list":{"0":"post-6582","1":"product","2":"type-product","3":"status-publish","4":"has-post-thumbnail","6":"product_cat-video-surveillance","7":"product_cat-hidden-wifi-radio-and-gsm-cameras","9":"first","10":"instock","11":"taxable","12":"shipping-taxable","13":"purchasable","14":"product-type-simple"},"yoast_head":"<!-- This site is optimized with the Yoast SEO plugin v27.3 - https:\/\/yoast.com\/product\/yoast-seo-wordpress\/ -->\n<title>4G video camcorder with remote transmission and 6x optical zoom in Ultra HD - SpyShop<\/title>\n<meta name=\"robots\" content=\"index, follow, max-snippet:-1, max-image-preview:large, max-video-preview:-1\" \/>\n<link rel=\"canonical\" href=\"https:\/\/www.spyshop.info\/en\/shop\/video-surveillance\/4g-video-camcorder-with-remote-transmission-and-6x-optical-zoom-in-ultra-hd\/\" \/>\n<meta property=\"og:locale\" content=\"en_US\" \/>\n<meta property=\"og:type\" content=\"article\" \/>\n<meta property=\"og:title\" content=\"4G video camcorder with remote transmission and 6x optical zoom in Ultra HD - SpyShop\" \/>\n<meta property=\"og:description\" content=\"Just a few months after we launched the 4G cube camcorder, which has been flying off the shelves, the manufacturer is unveiling another model. The existing features of the 4G cube cam are now complemented by a powerful 6x zoom and a special energy-saving mode. Even before the device was listed online here, we had already sold more than 10 units to professional detectives. Read more:\" \/>\n<meta property=\"og:url\" content=\"https:\/\/www.spyshop.info\/en\/shop\/video-surveillance\/4g-video-camcorder-with-remote-transmission-and-6x-optical-zoom-in-ultra-hd\/\" \/>\n<meta property=\"og:site_name\" content=\"SpyShop\" \/>\n<meta property=\"article:modified_time\" content=\"2026-03-22T06:39:15+00:00\" \/>\n<meta property=\"og:image\" content=\"https:\/\/www.spyshop.info\/wp-content\/uploads\/2024\/07\/01.jpg\" \/>\n\t<meta property=\"og:image:width\" content=\"959\" \/>\n\t<meta property=\"og:image:height\" content=\"809\" \/>\n\t<meta property=\"og:image:type\" content=\"image\/jpeg\" \/>\n<meta name=\"twitter:card\" content=\"summary_large_image\" \/>\n<meta name=\"twitter:label1\" content=\"Est. reading time\" \/>\n\t<meta name=\"twitter:data1\" content=\"3 minutes\" \/>\n<script type=\"application\/ld+json\" class=\"yoast-schema-graph\">{\"@context\":\"https:\\\/\\\/schema.org\",\"@graph\":[{\"@type\":\"WebPage\",\"@id\":\"https:\\\/\\\/www.spyshop.info\\\/en\\\/shop\\\/video-surveillance\\\/4g-video-camcorder-with-remote-transmission-and-6x-optical-zoom-in-ultra-hd\\\/\",\"url\":\"https:\\\/\\\/www.spyshop.info\\\/en\\\/shop\\\/video-surveillance\\\/4g-video-camcorder-with-remote-transmission-and-6x-optical-zoom-in-ultra-hd\\\/\",\"name\":\"4G video camcorder with remote transmission and 6x optical zoom in Ultra HD - SpyShop\",\"isPartOf\":{\"@id\":\"https:\\\/\\\/www.spyshop.info\\\/#website\"},\"primaryImageOfPage\":{\"@id\":\"https:\\\/\\\/www.spyshop.info\\\/en\\\/shop\\\/video-surveillance\\\/4g-video-camcorder-with-remote-transmission-and-6x-optical-zoom-in-ultra-hd\\\/#primaryimage\"},\"image\":{\"@id\":\"https:\\\/\\\/www.spyshop.info\\\/en\\\/shop\\\/video-surveillance\\\/4g-video-camcorder-with-remote-transmission-and-6x-optical-zoom-in-ultra-hd\\\/#primaryimage\"},\"thumbnailUrl\":\"https:\\\/\\\/www.spyshop.info\\\/wp-content\\\/uploads\\\/2024\\\/07\\\/01.jpg\",\"datePublished\":\"2024-07-29T07:58:36+00:00\",\"dateModified\":\"2026-03-22T06:39:15+00:00\",\"breadcrumb\":{\"@id\":\"https:\\\/\\\/www.spyshop.info\\\/en\\\/shop\\\/video-surveillance\\\/4g-video-camcorder-with-remote-transmission-and-6x-optical-zoom-in-ultra-hd\\\/#breadcrumb\"},\"inLanguage\":\"en-US\",\"potentialAction\":[{\"@type\":\"ReadAction\",\"target\":[\"https:\\\/\\\/www.spyshop.info\\\/en\\\/shop\\\/video-surveillance\\\/4g-video-camcorder-with-remote-transmission-and-6x-optical-zoom-in-ultra-hd\\\/\"]}]},{\"@type\":\"ImageObject\",\"inLanguage\":\"en-US\",\"@id\":\"https:\\\/\\\/www.spyshop.info\\\/en\\\/shop\\\/video-surveillance\\\/4g-video-camcorder-with-remote-transmission-and-6x-optical-zoom-in-ultra-hd\\\/#primaryimage\",\"url\":\"https:\\\/\\\/www.spyshop.info\\\/wp-content\\\/uploads\\\/2024\\\/07\\\/01.jpg\",\"contentUrl\":\"https:\\\/\\\/www.spyshop.info\\\/wp-content\\\/uploads\\\/2024\\\/07\\\/01.jpg\",\"width\":959,\"height\":809},{\"@type\":\"BreadcrumbList\",\"@id\":\"https:\\\/\\\/www.spyshop.info\\\/en\\\/shop\\\/video-surveillance\\\/4g-video-camcorder-with-remote-transmission-and-6x-optical-zoom-in-ultra-hd\\\/#breadcrumb\",\"itemListElement\":[{\"@type\":\"ListItem\",\"position\":1,\"name\":\"Startseite\",\"item\":\"https:\\\/\\\/www.spyshop.info\\\/en\\\/\"},{\"@type\":\"ListItem\",\"position\":2,\"name\":\"Shop\",\"item\":\"https:\\\/\\\/www.spyshop.info\\\/en\\\/shop\\\/\"},{\"@type\":\"ListItem\",\"position\":3,\"name\":\"4G video camcorder with remote transmission and 6x optical zoom in Ultra HD\"}]},{\"@type\":\"WebSite\",\"@id\":\"https:\\\/\\\/www.spyshop.info\\\/#website\",\"url\":\"https:\\\/\\\/www.spyshop.info\\\/\",\"name\":\"SpyShop\",\"description\":\"Abh\u00f6rger\u00e4te, GPS Sender, \u00dcberwachungskameras\",\"publisher\":{\"@id\":\"https:\\\/\\\/www.spyshop.info\\\/#organization\"},\"potentialAction\":[{\"@type\":\"SearchAction\",\"target\":{\"@type\":\"EntryPoint\",\"urlTemplate\":\"https:\\\/\\\/www.spyshop.info\\\/?s={search_term_string}\"},\"query-input\":{\"@type\":\"PropertyValueSpecification\",\"valueRequired\":true,\"valueName\":\"search_term_string\"}}],\"inLanguage\":\"en-US\"},{\"@type\":\"Organization\",\"@id\":\"https:\\\/\\\/www.spyshop.info\\\/#organization\",\"name\":\"SpyShop\",\"url\":\"https:\\\/\\\/www.spyshop.info\\\/\",\"logo\":{\"@type\":\"ImageObject\",\"inLanguage\":\"en-US\",\"@id\":\"https:\\\/\\\/www.spyshop.info\\\/#\\\/schema\\\/logo\\\/image\\\/\",\"url\":\"https:\\\/\\\/www.spyshop.info\\\/wp-content\\\/uploads\\\/2016\\\/11\\\/cropped-logo-spyshop-02-1-3.jpg\",\"contentUrl\":\"https:\\\/\\\/www.spyshop.info\\\/wp-content\\\/uploads\\\/2016\\\/11\\\/cropped-logo-spyshop-02-1-3.jpg\",\"width\":1522,\"height\":435,\"caption\":\"SpyShop\"},\"image\":{\"@id\":\"https:\\\/\\\/www.spyshop.info\\\/#\\\/schema\\\/logo\\\/image\\\/\"}}]}<\/script>\n<!-- \/ Yoast SEO plugin. -->","yoast_head_json":{"title":"4G video camcorder with remote transmission and 6x optical zoom in Ultra HD - SpyShop","robots":{"index":"index","follow":"follow","max-snippet":"max-snippet:-1","max-image-preview":"max-image-preview:large","max-video-preview":"max-video-preview:-1"},"canonical":"https:\/\/www.spyshop.info\/en\/shop\/video-surveillance\/4g-video-camcorder-with-remote-transmission-and-6x-optical-zoom-in-ultra-hd\/","og_locale":"en_US","og_type":"article","og_title":"4G video camcorder with remote transmission and 6x optical zoom in Ultra HD - SpyShop","og_description":"Just a few months after we launched the 4G cube camcorder, which has been flying off the shelves, the manufacturer is unveiling another model. The existing features of the 4G cube cam are now complemented by a powerful 6x zoom and a special energy-saving mode. Even before the device was listed online here, we had already sold more than 10 units to professional detectives. Read more:","og_url":"https:\/\/www.spyshop.info\/en\/shop\/video-surveillance\/4g-video-camcorder-with-remote-transmission-and-6x-optical-zoom-in-ultra-hd\/","og_site_name":"SpyShop","article_modified_time":"2026-03-22T06:39:15+00:00","og_image":[{"width":959,"height":809,"url":"https:\/\/www.spyshop.info\/wp-content\/uploads\/2024\/07\/01.jpg","type":"image\/jpeg"}],"twitter_card":"summary_large_image","twitter_misc":{"Est. reading time":"3 minutes"},"schema":{"@context":"https:\/\/schema.org","@graph":[{"@type":"WebPage","@id":"https:\/\/www.spyshop.info\/en\/shop\/video-surveillance\/4g-video-camcorder-with-remote-transmission-and-6x-optical-zoom-in-ultra-hd\/","url":"https:\/\/www.spyshop.info\/en\/shop\/video-surveillance\/4g-video-camcorder-with-remote-transmission-and-6x-optical-zoom-in-ultra-hd\/","name":"4G video camcorder with remote transmission and 6x optical zoom in Ultra HD - SpyShop","isPartOf":{"@id":"https:\/\/www.spyshop.info\/#website"},"primaryImageOfPage":{"@id":"https:\/\/www.spyshop.info\/en\/shop\/video-surveillance\/4g-video-camcorder-with-remote-transmission-and-6x-optical-zoom-in-ultra-hd\/#primaryimage"},"image":{"@id":"https:\/\/www.spyshop.info\/en\/shop\/video-surveillance\/4g-video-camcorder-with-remote-transmission-and-6x-optical-zoom-in-ultra-hd\/#primaryimage"},"thumbnailUrl":"https:\/\/www.spyshop.info\/wp-content\/uploads\/2024\/07\/01.jpg","datePublished":"2024-07-29T07:58:36+00:00","dateModified":"2026-03-22T06:39:15+00:00","breadcrumb":{"@id":"https:\/\/www.spyshop.info\/en\/shop\/video-surveillance\/4g-video-camcorder-with-remote-transmission-and-6x-optical-zoom-in-ultra-hd\/#breadcrumb"},"inLanguage":"en-US","potentialAction":[{"@type":"ReadAction","target":["https:\/\/www.spyshop.info\/en\/shop\/video-surveillance\/4g-video-camcorder-with-remote-transmission-and-6x-optical-zoom-in-ultra-hd\/"]}]},{"@type":"ImageObject","inLanguage":"en-US","@id":"https:\/\/www.spyshop.info\/en\/shop\/video-surveillance\/4g-video-camcorder-with-remote-transmission-and-6x-optical-zoom-in-ultra-hd\/#primaryimage","url":"https:\/\/www.spyshop.info\/wp-content\/uploads\/2024\/07\/01.jpg","contentUrl":"https:\/\/www.spyshop.info\/wp-content\/uploads\/2024\/07\/01.jpg","width":959,"height":809},{"@type":"BreadcrumbList","@id":"https:\/\/www.spyshop.info\/en\/shop\/video-surveillance\/4g-video-camcorder-with-remote-transmission-and-6x-optical-zoom-in-ultra-hd\/#breadcrumb","itemListElement":[{"@type":"ListItem","position":1,"name":"Startseite","item":"https:\/\/www.spyshop.info\/en\/"},{"@type":"ListItem","position":2,"name":"Shop","item":"https:\/\/www.spyshop.info\/en\/shop\/"},{"@type":"ListItem","position":3,"name":"4G video camcorder with remote transmission and 6x optical zoom in Ultra HD"}]},{"@type":"WebSite","@id":"https:\/\/www.spyshop.info\/#website","url":"https:\/\/www.spyshop.info\/","name":"SpyShop","description":"Abh\u00f6rger\u00e4te, GPS Sender, \u00dcberwachungskameras","publisher":{"@id":"https:\/\/www.spyshop.info\/#organization"},"potentialAction":[{"@type":"SearchAction","target":{"@type":"EntryPoint","urlTemplate":"https:\/\/www.spyshop.info\/?s={search_term_string}"},"query-input":{"@type":"PropertyValueSpecification","valueRequired":true,"valueName":"search_term_string"}}],"inLanguage":"en-US"},{"@type":"Organization","@id":"https:\/\/www.spyshop.info\/#organization","name":"SpyShop","url":"https:\/\/www.spyshop.info\/","logo":{"@type":"ImageObject","inLanguage":"en-US","@id":"https:\/\/www.spyshop.info\/#\/schema\/logo\/image\/","url":"https:\/\/www.spyshop.info\/wp-content\/uploads\/2016\/11\/cropped-logo-spyshop-02-1-3.jpg","contentUrl":"https:\/\/www.spyshop.info\/wp-content\/uploads\/2016\/11\/cropped-logo-spyshop-02-1-3.jpg","width":1522,"height":435,"caption":"SpyShop"},"image":{"@id":"https:\/\/www.spyshop.info\/#\/schema\/logo\/image\/"}}]}},"_links":{"self":[{"href":"https:\/\/www.spyshop.info\/en\/wp-json\/wp\/v2\/product\/6582","targetHints":{"allow":["GET"]}}],"collection":[{"href":"https:\/\/www.spyshop.info\/en\/wp-json\/wp\/v2\/product"}],"about":[{"href":"https:\/\/www.spyshop.info\/en\/wp-json\/wp\/v2\/types\/product"}],"version-history":[{"count":0,"href":"https:\/\/www.spyshop.info\/en\/wp-json\/wp\/v2\/product\/6582\/revisions"}],"wp:featuredmedia":[{"embeddable":true,"href":"https:\/\/www.spyshop.info\/en\/wp-json\/wp\/v2\/media\/5340"}],"wp:attachment":[{"href":"https:\/\/www.spyshop.info\/en\/wp-json\/wp\/v2\/media?parent=6582"}],"wp:term":[{"taxonomy":"product_brand","embeddable":true,"href":"https:\/\/www.spyshop.info\/en\/wp-json\/wp\/v2\/product_brand?post=6582"},{"taxonomy":"product_cat","embeddable":true,"href":"https:\/\/www.spyshop.info\/en\/wp-json\/wp\/v2\/product_cat?post=6582"},{"taxonomy":"product_tag","embeddable":true,"href":"https:\/\/www.spyshop.info\/en\/wp-json\/wp\/v2\/product_tag?post=6582"}],"curies":[{"name":"wp","href":"https:\/\/api.w.org\/{rel}","templated":true}]}}