{"id":6560,"date":"2026-03-19T11:11:18","date_gmt":"2026-03-19T10:11:18","guid":{"rendered":"https:\/\/www.spyshop.info\/shop\/uncategorized\/sr-600-audio-recorder-in-a-wristwatch\/"},"modified":"2026-03-19T14:37:47","modified_gmt":"2026-03-19T13:37:47","slug":"sr-600-audio-recorder-in-a-wristwatch","status":"publish","type":"product","link":"https:\/\/www.spyshop.info\/en\/shop\/audio-surveillance\/recorders\/sr-600-audio-recorder-in-a-wristwatch\/","title":{"rendered":"SR-600 audio recorder in a wristwatch"},"content":{"rendered":"<p style=\"font-weight: 400;\">The device is discreetly disguised as a wristwatch. If you switch to sound activation, the recorder turns on when it detects noise and returns to standby mode when it is quiet, to save power. The internal 8GB memory allows for up to 1,152 hours of continuous recording (depending on the audio quality setting). Do they take your smartphone and other devices away from you before meetings? Well, they\u2019ll leave you with the wristwatch, and it\u2019s always with you anyway, as it\u2019s a perfectly plausible everyday item.    <\/p>\n<p style=\"font-weight: 400;\">Of course, the watch also saves the date and time of the recording in the files. However, you can only set the date and time (as well as the sound quality settings and voice activation) on a Windows computer. You can, of course, listen to and back up the files on a Mac as well.  <\/p>\n<p style=\"font-weight: 400;\">Features:<\/p>\n<p style=\"font-weight: 400;\">-) Control: easy one-button operation<\/p>\n<p style=\"font-weight: 400;\">-) Microphone:<br \/>\nA highly sensitive microphone capable of picking up and recording voices or sounds within a radius of up to 8 metres<\/p>\n<p style=\"font-weight: 400;\">-) Sound quality\/recording capacity:<\/p>\n<p style=\"font-weight: 400;\">LP (32 kbps)\/1,152 hours\/33 hours<\/p>\n<p style=\"font-weight: 400;\">HQ (64 kbps)\/288 hours\/33 hours<\/p>\n<p style=\"font-weight: 400;\">XHQ (128 kbps)\/144 hours\/27 hours<\/p>\n<p style=\"font-weight: 400;\">PCM (705 kbps)\/24 hours\/27 hours<\/p>\n<p style=\"font-weight: 400;\">-) Sound activation: Can be set to \u201coff\u201d or \u201con\u201d via Windows (5 sensitivity levels)<\/p>\n<p style=\"font-weight: 400;\">-) Microphone sensitivity: Adjustable via Windows in 3 quality levels<\/p>\n<p style=\"font-weight: 400;\">-)Date\/time: Can be set via Windows<\/p>\n<p style=\"font-weight: 400;\">-) Battery charging time: 1 hour<\/p>\n<p style=\"font-weight: 400;\">Dimensions: 27 x 43 x 13 mm<\/p>\n<p style=\"font-weight: 400;\">Weight: 27g<\/p>\n","protected":false},"excerpt":{"rendered":"<p style=\"font-weight: 400;\">The SR-600 is a covert audio recorder that is discreetly disguised, offers excellent quality and is available at an unbeatable price. You can activate the device at the touch of a button and record for up to 33 hours on a single battery charge. <\/p>\n","protected":false},"featured_media":6551,"template":"","meta":[],"product_brand":[],"product_cat":[188,190],"product_tag":[],"class_list":{"0":"post-6560","1":"product","2":"type-product","3":"status-publish","4":"has-post-thumbnail","6":"product_cat-audio-surveillance","7":"product_cat-recorders","9":"first","10":"instock","11":"sale","12":"taxable","13":"shipping-taxable","14":"purchasable","15":"product-type-simple"},"yoast_head":"<!-- This site is optimized with the Yoast SEO plugin v27.6 - https:\/\/yoast.com\/product\/yoast-seo-wordpress\/ -->\n<title>SR-600 audio recorder in a wristwatch - SpyShop<\/title>\n<meta name=\"robots\" content=\"index, follow, max-snippet:-1, max-image-preview:large, max-video-preview:-1\" \/>\n<link rel=\"canonical\" href=\"https:\/\/www.spyshop.info\/en\/shop\/audio-surveillance\/recorders\/sr-600-audio-recorder-in-a-wristwatch\/\" \/>\n<meta property=\"og:locale\" content=\"en_US\" \/>\n<meta property=\"og:type\" content=\"article\" \/>\n<meta property=\"og:title\" content=\"SR-600 audio recorder in a wristwatch - SpyShop\" \/>\n<meta property=\"og:description\" content=\"The SR-600 is a covert audio recorder that is discreetly disguised, offers excellent quality and is available at an unbeatable price. You can activate the device at the touch of a button and record for up to 33 hours on a single battery charge.\" \/>\n<meta property=\"og:url\" content=\"https:\/\/www.spyshop.info\/en\/shop\/audio-surveillance\/recorders\/sr-600-audio-recorder-in-a-wristwatch\/\" \/>\n<meta property=\"og:site_name\" content=\"SpyShop\" \/>\n<meta property=\"article:modified_time\" content=\"2026-03-19T13:37:47+00:00\" \/>\n<meta property=\"og:image\" content=\"https:\/\/www.spyshop.info\/wp-content\/uploads\/2026\/03\/SR-600.85.jpg\" \/>\n\t<meta property=\"og:image:width\" content=\"1627\" \/>\n\t<meta property=\"og:image:height\" content=\"1828\" \/>\n\t<meta property=\"og:image:type\" content=\"image\/jpeg\" \/>\n<meta name=\"twitter:card\" content=\"summary_large_image\" \/>\n<meta name=\"twitter:label1\" content=\"Est. reading time\" \/>\n\t<meta name=\"twitter:data1\" content=\"1 minute\" \/>\n<script type=\"application\/ld+json\" class=\"yoast-schema-graph\">{\"@context\":\"https:\\\/\\\/schema.org\",\"@graph\":[{\"@type\":\"WebPage\",\"@id\":\"https:\\\/\\\/www.spyshop.info\\\/en\\\/shop\\\/audio-surveillance\\\/recorders\\\/sr-600-audio-recorder-in-a-wristwatch\\\/\",\"url\":\"https:\\\/\\\/www.spyshop.info\\\/en\\\/shop\\\/audio-surveillance\\\/recorders\\\/sr-600-audio-recorder-in-a-wristwatch\\\/\",\"name\":\"SR-600 audio recorder in a wristwatch - SpyShop\",\"isPartOf\":{\"@id\":\"https:\\\/\\\/www.spyshop.info\\\/#website\"},\"primaryImageOfPage\":{\"@id\":\"https:\\\/\\\/www.spyshop.info\\\/en\\\/shop\\\/audio-surveillance\\\/recorders\\\/sr-600-audio-recorder-in-a-wristwatch\\\/#primaryimage\"},\"image\":{\"@id\":\"https:\\\/\\\/www.spyshop.info\\\/en\\\/shop\\\/audio-surveillance\\\/recorders\\\/sr-600-audio-recorder-in-a-wristwatch\\\/#primaryimage\"},\"thumbnailUrl\":\"https:\\\/\\\/www.spyshop.info\\\/wp-content\\\/uploads\\\/2026\\\/03\\\/SR-600.85.jpg\",\"datePublished\":\"2026-03-19T10:11:18+00:00\",\"dateModified\":\"2026-03-19T13:37:47+00:00\",\"breadcrumb\":{\"@id\":\"https:\\\/\\\/www.spyshop.info\\\/en\\\/shop\\\/audio-surveillance\\\/recorders\\\/sr-600-audio-recorder-in-a-wristwatch\\\/#breadcrumb\"},\"inLanguage\":\"en-US\",\"potentialAction\":[{\"@type\":\"ReadAction\",\"target\":[\"https:\\\/\\\/www.spyshop.info\\\/en\\\/shop\\\/audio-surveillance\\\/recorders\\\/sr-600-audio-recorder-in-a-wristwatch\\\/\"]}]},{\"@type\":\"ImageObject\",\"inLanguage\":\"en-US\",\"@id\":\"https:\\\/\\\/www.spyshop.info\\\/en\\\/shop\\\/audio-surveillance\\\/recorders\\\/sr-600-audio-recorder-in-a-wristwatch\\\/#primaryimage\",\"url\":\"https:\\\/\\\/www.spyshop.info\\\/wp-content\\\/uploads\\\/2026\\\/03\\\/SR-600.85.jpg\",\"contentUrl\":\"https:\\\/\\\/www.spyshop.info\\\/wp-content\\\/uploads\\\/2026\\\/03\\\/SR-600.85.jpg\",\"width\":1627,\"height\":1828},{\"@type\":\"BreadcrumbList\",\"@id\":\"https:\\\/\\\/www.spyshop.info\\\/en\\\/shop\\\/audio-surveillance\\\/recorders\\\/sr-600-audio-recorder-in-a-wristwatch\\\/#breadcrumb\",\"itemListElement\":[{\"@type\":\"ListItem\",\"position\":1,\"name\":\"Startseite\",\"item\":\"https:\\\/\\\/www.spyshop.info\\\/en\\\/\"},{\"@type\":\"ListItem\",\"position\":2,\"name\":\"Shop\",\"item\":\"https:\\\/\\\/www.spyshop.info\\\/en\\\/shop\\\/\"},{\"@type\":\"ListItem\",\"position\":3,\"name\":\"SR-600 audio recorder in a wristwatch\"}]},{\"@type\":\"WebSite\",\"@id\":\"https:\\\/\\\/www.spyshop.info\\\/#website\",\"url\":\"https:\\\/\\\/www.spyshop.info\\\/\",\"name\":\"SpyShop\",\"description\":\"Abh\u00f6rger\u00e4te, GPS Sender, \u00dcberwachungskameras\",\"publisher\":{\"@id\":\"https:\\\/\\\/www.spyshop.info\\\/#organization\"},\"potentialAction\":[{\"@type\":\"SearchAction\",\"target\":{\"@type\":\"EntryPoint\",\"urlTemplate\":\"https:\\\/\\\/www.spyshop.info\\\/?s={search_term_string}\"},\"query-input\":{\"@type\":\"PropertyValueSpecification\",\"valueRequired\":true,\"valueName\":\"search_term_string\"}}],\"inLanguage\":\"en-US\"},{\"@type\":\"Organization\",\"@id\":\"https:\\\/\\\/www.spyshop.info\\\/#organization\",\"name\":\"SpyShop\",\"url\":\"https:\\\/\\\/www.spyshop.info\\\/\",\"logo\":{\"@type\":\"ImageObject\",\"inLanguage\":\"en-US\",\"@id\":\"https:\\\/\\\/www.spyshop.info\\\/#\\\/schema\\\/logo\\\/image\\\/\",\"url\":\"https:\\\/\\\/www.spyshop.info\\\/wp-content\\\/uploads\\\/2016\\\/11\\\/cropped-logo-spyshop-02-1-3.jpg\",\"contentUrl\":\"https:\\\/\\\/www.spyshop.info\\\/wp-content\\\/uploads\\\/2016\\\/11\\\/cropped-logo-spyshop-02-1-3.jpg\",\"width\":1522,\"height\":435,\"caption\":\"SpyShop\"},\"image\":{\"@id\":\"https:\\\/\\\/www.spyshop.info\\\/#\\\/schema\\\/logo\\\/image\\\/\"}}]}<\/script>\n<!-- \/ Yoast SEO plugin. -->","yoast_head_json":{"title":"SR-600 audio recorder in a wristwatch - SpyShop","robots":{"index":"index","follow":"follow","max-snippet":"max-snippet:-1","max-image-preview":"max-image-preview:large","max-video-preview":"max-video-preview:-1"},"canonical":"https:\/\/www.spyshop.info\/en\/shop\/audio-surveillance\/recorders\/sr-600-audio-recorder-in-a-wristwatch\/","og_locale":"en_US","og_type":"article","og_title":"SR-600 audio recorder in a wristwatch - SpyShop","og_description":"The SR-600 is a covert audio recorder that is discreetly disguised, offers excellent quality and is available at an unbeatable price. You can activate the device at the touch of a button and record for up to 33 hours on a single battery charge.","og_url":"https:\/\/www.spyshop.info\/en\/shop\/audio-surveillance\/recorders\/sr-600-audio-recorder-in-a-wristwatch\/","og_site_name":"SpyShop","article_modified_time":"2026-03-19T13:37:47+00:00","og_image":[{"width":1627,"height":1828,"url":"https:\/\/www.spyshop.info\/wp-content\/uploads\/2026\/03\/SR-600.85.jpg","type":"image\/jpeg"}],"twitter_card":"summary_large_image","twitter_misc":{"Est. reading time":"1 minute"},"schema":{"@context":"https:\/\/schema.org","@graph":[{"@type":"WebPage","@id":"https:\/\/www.spyshop.info\/en\/shop\/audio-surveillance\/recorders\/sr-600-audio-recorder-in-a-wristwatch\/","url":"https:\/\/www.spyshop.info\/en\/shop\/audio-surveillance\/recorders\/sr-600-audio-recorder-in-a-wristwatch\/","name":"SR-600 audio recorder in a wristwatch - SpyShop","isPartOf":{"@id":"https:\/\/www.spyshop.info\/#website"},"primaryImageOfPage":{"@id":"https:\/\/www.spyshop.info\/en\/shop\/audio-surveillance\/recorders\/sr-600-audio-recorder-in-a-wristwatch\/#primaryimage"},"image":{"@id":"https:\/\/www.spyshop.info\/en\/shop\/audio-surveillance\/recorders\/sr-600-audio-recorder-in-a-wristwatch\/#primaryimage"},"thumbnailUrl":"https:\/\/www.spyshop.info\/wp-content\/uploads\/2026\/03\/SR-600.85.jpg","datePublished":"2026-03-19T10:11:18+00:00","dateModified":"2026-03-19T13:37:47+00:00","breadcrumb":{"@id":"https:\/\/www.spyshop.info\/en\/shop\/audio-surveillance\/recorders\/sr-600-audio-recorder-in-a-wristwatch\/#breadcrumb"},"inLanguage":"en-US","potentialAction":[{"@type":"ReadAction","target":["https:\/\/www.spyshop.info\/en\/shop\/audio-surveillance\/recorders\/sr-600-audio-recorder-in-a-wristwatch\/"]}]},{"@type":"ImageObject","inLanguage":"en-US","@id":"https:\/\/www.spyshop.info\/en\/shop\/audio-surveillance\/recorders\/sr-600-audio-recorder-in-a-wristwatch\/#primaryimage","url":"https:\/\/www.spyshop.info\/wp-content\/uploads\/2026\/03\/SR-600.85.jpg","contentUrl":"https:\/\/www.spyshop.info\/wp-content\/uploads\/2026\/03\/SR-600.85.jpg","width":1627,"height":1828},{"@type":"BreadcrumbList","@id":"https:\/\/www.spyshop.info\/en\/shop\/audio-surveillance\/recorders\/sr-600-audio-recorder-in-a-wristwatch\/#breadcrumb","itemListElement":[{"@type":"ListItem","position":1,"name":"Startseite","item":"https:\/\/www.spyshop.info\/en\/"},{"@type":"ListItem","position":2,"name":"Shop","item":"https:\/\/www.spyshop.info\/en\/shop\/"},{"@type":"ListItem","position":3,"name":"SR-600 audio recorder in a wristwatch"}]},{"@type":"WebSite","@id":"https:\/\/www.spyshop.info\/#website","url":"https:\/\/www.spyshop.info\/","name":"SpyShop","description":"Abh\u00f6rger\u00e4te, GPS Sender, \u00dcberwachungskameras","publisher":{"@id":"https:\/\/www.spyshop.info\/#organization"},"potentialAction":[{"@type":"SearchAction","target":{"@type":"EntryPoint","urlTemplate":"https:\/\/www.spyshop.info\/?s={search_term_string}"},"query-input":{"@type":"PropertyValueSpecification","valueRequired":true,"valueName":"search_term_string"}}],"inLanguage":"en-US"},{"@type":"Organization","@id":"https:\/\/www.spyshop.info\/#organization","name":"SpyShop","url":"https:\/\/www.spyshop.info\/","logo":{"@type":"ImageObject","inLanguage":"en-US","@id":"https:\/\/www.spyshop.info\/#\/schema\/logo\/image\/","url":"https:\/\/www.spyshop.info\/wp-content\/uploads\/2016\/11\/cropped-logo-spyshop-02-1-3.jpg","contentUrl":"https:\/\/www.spyshop.info\/wp-content\/uploads\/2016\/11\/cropped-logo-spyshop-02-1-3.jpg","width":1522,"height":435,"caption":"SpyShop"},"image":{"@id":"https:\/\/www.spyshop.info\/#\/schema\/logo\/image\/"}}]}},"_links":{"self":[{"href":"https:\/\/www.spyshop.info\/en\/wp-json\/wp\/v2\/product\/6560","targetHints":{"allow":["GET"]}}],"collection":[{"href":"https:\/\/www.spyshop.info\/en\/wp-json\/wp\/v2\/product"}],"about":[{"href":"https:\/\/www.spyshop.info\/en\/wp-json\/wp\/v2\/types\/product"}],"version-history":[{"count":0,"href":"https:\/\/www.spyshop.info\/en\/wp-json\/wp\/v2\/product\/6560\/revisions"}],"wp:featuredmedia":[{"embeddable":true,"href":"https:\/\/www.spyshop.info\/en\/wp-json\/wp\/v2\/media\/6551"}],"wp:attachment":[{"href":"https:\/\/www.spyshop.info\/en\/wp-json\/wp\/v2\/media?parent=6560"}],"wp:term":[{"taxonomy":"product_brand","embeddable":true,"href":"https:\/\/www.spyshop.info\/en\/wp-json\/wp\/v2\/product_brand?post=6560"},{"taxonomy":"product_cat","embeddable":true,"href":"https:\/\/www.spyshop.info\/en\/wp-json\/wp\/v2\/product_cat?post=6560"},{"taxonomy":"product_tag","embeddable":true,"href":"https:\/\/www.spyshop.info\/en\/wp-json\/wp\/v2\/product_tag?post=6560"}],"curies":[{"name":"wp","href":"https:\/\/api.w.org\/{rel}","templated":true}]}}