{"id":6547,"date":"2025-04-22T11:02:24","date_gmt":"2025-04-22T09:02:24","guid":{"rendered":"https:\/\/www.spyshop.info\/shop\/uncategorized\/small-fire-resistant-battery-bag\/"},"modified":"2026-03-19T08:35:33","modified_gmt":"2026-03-19T07:35:33","slug":"small-fire-resistant-battery-bag","status":"publish","type":"product","link":"https:\/\/www.spyshop.info\/en\/shop\/audio-surveillance\/audio-accessoires\/small-fire-resistant-battery-bag\/","title":{"rendered":"Small fire-resistant battery bag"},"content":{"rendered":"<p style=\"font-weight: 400;\">In early summer 2024, as part of a surveillance operation, we measured the temperature inside the surveillance vehicle, which had been parked in the sun. By 11 am, the interior had already reached 51 degrees. The thermometer could not go any higher, so we were unable to measure the temperature at its peak, around 1 pm. High-capacity batteries, such as those used in power banks and GPS trackers, also carry a high risk of fire and explosion. YouTube videos show what a car looks like after a battery fire. Trying to claim on the vehicle owner\u2019s insurance is often just as futile as it is with manufacturers\u2019 insurance. Key phrase: \u2018proper storage of large batteries\u2019! However, insurance experts report that even in a well-tempered house or flat, large batteries can explode for no apparent reason, particularly during the charging process.       <\/p>\n<p style=\"font-weight: 400;\">With this protective cover made from fibreglass fabric, you can ensure the best possible protection. Protect your office, flat, house or vehicle from unpleasant surprises! <\/p>\n<p style=\"font-weight: 400;\">Product features:<\/p>\n<p style=\"font-weight: 400;\">Material: fibreglass fabric<\/p>\n<p style=\"font-weight: 400;\">Dimensions: 23 x 18.5 cm<\/p>\n<p style=\"font-weight: 400;\">Weight: 75 g<\/p>\n","protected":false},"excerpt":{"rendered":"<p style=\"font-weight: 400;\">It is often recommended to carry power banks or other devices with powerful batteries if you want to use equipment such as GPS transmitters and time-lapse cameras flexibly and spontaneously. This can have serious consequences if you fail to take precautions. <\/p>\n","protected":false},"featured_media":5935,"template":"","meta":[],"product_brand":[],"product_cat":[188,189,152,197,249,164],"product_tag":[],"class_list":{"0":"post-6547","1":"product","2":"type-product","3":"status-publish","4":"has-post-thumbnail","6":"product_cat-audio-surveillance","7":"product_cat-audio-accessoires","8":"product_cat-gps-surveillance","9":"product_cat-gps-accessoires","10":"product_cat-video-accessories","11":"product_cat-video-surveillance","13":"first","14":"instock","15":"taxable","16":"shipping-taxable","17":"purchasable","18":"product-type-simple"},"yoast_head":"<!-- This site is optimized with the Yoast SEO plugin v27.5 - https:\/\/yoast.com\/product\/yoast-seo-wordpress\/ -->\n<title>Small fire-resistant battery bag - SpyShop<\/title>\n<meta name=\"robots\" content=\"index, follow, max-snippet:-1, max-image-preview:large, max-video-preview:-1\" \/>\n<link rel=\"canonical\" href=\"https:\/\/www.spyshop.info\/en\/shop\/audio-surveillance\/audio-accessoires\/small-fire-resistant-battery-bag\/\" \/>\n<meta property=\"og:locale\" content=\"en_US\" \/>\n<meta property=\"og:type\" content=\"article\" \/>\n<meta property=\"og:title\" content=\"Small fire-resistant battery bag - SpyShop\" \/>\n<meta property=\"og:description\" content=\"It is often recommended to carry power banks or other devices with powerful batteries if you want to use equipment such as GPS transmitters and time-lapse cameras flexibly and spontaneously. This can have serious consequences if you fail to take precautions.\" \/>\n<meta property=\"og:url\" content=\"https:\/\/www.spyshop.info\/en\/shop\/audio-surveillance\/audio-accessoires\/small-fire-resistant-battery-bag\/\" \/>\n<meta property=\"og:site_name\" content=\"SpyShop\" \/>\n<meta property=\"article:modified_time\" content=\"2026-03-19T07:35:33+00:00\" \/>\n<meta property=\"og:image\" content=\"https:\/\/www.spyshop.info\/wp-content\/uploads\/2025\/04\/01-3.jpeg\" \/>\n\t<meta property=\"og:image:width\" content=\"1290\" \/>\n\t<meta property=\"og:image:height\" content=\"1061\" \/>\n\t<meta property=\"og:image:type\" content=\"image\/jpeg\" \/>\n<meta name=\"twitter:card\" content=\"summary_large_image\" \/>\n<meta name=\"twitter:label1\" content=\"Est. reading time\" \/>\n\t<meta name=\"twitter:data1\" content=\"1 minute\" \/>\n<script type=\"application\/ld+json\" class=\"yoast-schema-graph\">{\"@context\":\"https:\\\/\\\/schema.org\",\"@graph\":[{\"@type\":\"WebPage\",\"@id\":\"https:\\\/\\\/www.spyshop.info\\\/en\\\/shop\\\/audio-surveillance\\\/audio-accessoires\\\/small-fire-resistant-battery-bag\\\/\",\"url\":\"https:\\\/\\\/www.spyshop.info\\\/en\\\/shop\\\/audio-surveillance\\\/audio-accessoires\\\/small-fire-resistant-battery-bag\\\/\",\"name\":\"Small fire-resistant battery bag - SpyShop\",\"isPartOf\":{\"@id\":\"https:\\\/\\\/www.spyshop.info\\\/#website\"},\"primaryImageOfPage\":{\"@id\":\"https:\\\/\\\/www.spyshop.info\\\/en\\\/shop\\\/audio-surveillance\\\/audio-accessoires\\\/small-fire-resistant-battery-bag\\\/#primaryimage\"},\"image\":{\"@id\":\"https:\\\/\\\/www.spyshop.info\\\/en\\\/shop\\\/audio-surveillance\\\/audio-accessoires\\\/small-fire-resistant-battery-bag\\\/#primaryimage\"},\"thumbnailUrl\":\"https:\\\/\\\/www.spyshop.info\\\/wp-content\\\/uploads\\\/2025\\\/04\\\/01-3.jpeg\",\"datePublished\":\"2025-04-22T09:02:24+00:00\",\"dateModified\":\"2026-03-19T07:35:33+00:00\",\"breadcrumb\":{\"@id\":\"https:\\\/\\\/www.spyshop.info\\\/en\\\/shop\\\/audio-surveillance\\\/audio-accessoires\\\/small-fire-resistant-battery-bag\\\/#breadcrumb\"},\"inLanguage\":\"en-US\",\"potentialAction\":[{\"@type\":\"ReadAction\",\"target\":[\"https:\\\/\\\/www.spyshop.info\\\/en\\\/shop\\\/audio-surveillance\\\/audio-accessoires\\\/small-fire-resistant-battery-bag\\\/\"]}]},{\"@type\":\"ImageObject\",\"inLanguage\":\"en-US\",\"@id\":\"https:\\\/\\\/www.spyshop.info\\\/en\\\/shop\\\/audio-surveillance\\\/audio-accessoires\\\/small-fire-resistant-battery-bag\\\/#primaryimage\",\"url\":\"https:\\\/\\\/www.spyshop.info\\\/wp-content\\\/uploads\\\/2025\\\/04\\\/01-3.jpeg\",\"contentUrl\":\"https:\\\/\\\/www.spyshop.info\\\/wp-content\\\/uploads\\\/2025\\\/04\\\/01-3.jpeg\",\"width\":1290,\"height\":1061},{\"@type\":\"BreadcrumbList\",\"@id\":\"https:\\\/\\\/www.spyshop.info\\\/en\\\/shop\\\/audio-surveillance\\\/audio-accessoires\\\/small-fire-resistant-battery-bag\\\/#breadcrumb\",\"itemListElement\":[{\"@type\":\"ListItem\",\"position\":1,\"name\":\"Startseite\",\"item\":\"https:\\\/\\\/www.spyshop.info\\\/en\\\/\"},{\"@type\":\"ListItem\",\"position\":2,\"name\":\"Shop\",\"item\":\"https:\\\/\\\/www.spyshop.info\\\/en\\\/shop\\\/\"},{\"@type\":\"ListItem\",\"position\":3,\"name\":\"Small fire-resistant battery bag\"}]},{\"@type\":\"WebSite\",\"@id\":\"https:\\\/\\\/www.spyshop.info\\\/#website\",\"url\":\"https:\\\/\\\/www.spyshop.info\\\/\",\"name\":\"SpyShop\",\"description\":\"Abh\u00f6rger\u00e4te, GPS Sender, \u00dcberwachungskameras\",\"publisher\":{\"@id\":\"https:\\\/\\\/www.spyshop.info\\\/#organization\"},\"potentialAction\":[{\"@type\":\"SearchAction\",\"target\":{\"@type\":\"EntryPoint\",\"urlTemplate\":\"https:\\\/\\\/www.spyshop.info\\\/?s={search_term_string}\"},\"query-input\":{\"@type\":\"PropertyValueSpecification\",\"valueRequired\":true,\"valueName\":\"search_term_string\"}}],\"inLanguage\":\"en-US\"},{\"@type\":\"Organization\",\"@id\":\"https:\\\/\\\/www.spyshop.info\\\/#organization\",\"name\":\"SpyShop\",\"url\":\"https:\\\/\\\/www.spyshop.info\\\/\",\"logo\":{\"@type\":\"ImageObject\",\"inLanguage\":\"en-US\",\"@id\":\"https:\\\/\\\/www.spyshop.info\\\/#\\\/schema\\\/logo\\\/image\\\/\",\"url\":\"https:\\\/\\\/www.spyshop.info\\\/wp-content\\\/uploads\\\/2016\\\/11\\\/cropped-logo-spyshop-02-1-3.jpg\",\"contentUrl\":\"https:\\\/\\\/www.spyshop.info\\\/wp-content\\\/uploads\\\/2016\\\/11\\\/cropped-logo-spyshop-02-1-3.jpg\",\"width\":1522,\"height\":435,\"caption\":\"SpyShop\"},\"image\":{\"@id\":\"https:\\\/\\\/www.spyshop.info\\\/#\\\/schema\\\/logo\\\/image\\\/\"}}]}<\/script>\n<!-- \/ Yoast SEO plugin. -->","yoast_head_json":{"title":"Small fire-resistant battery bag - SpyShop","robots":{"index":"index","follow":"follow","max-snippet":"max-snippet:-1","max-image-preview":"max-image-preview:large","max-video-preview":"max-video-preview:-1"},"canonical":"https:\/\/www.spyshop.info\/en\/shop\/audio-surveillance\/audio-accessoires\/small-fire-resistant-battery-bag\/","og_locale":"en_US","og_type":"article","og_title":"Small fire-resistant battery bag - SpyShop","og_description":"It is often recommended to carry power banks or other devices with powerful batteries if you want to use equipment such as GPS transmitters and time-lapse cameras flexibly and spontaneously. This can have serious consequences if you fail to take precautions.","og_url":"https:\/\/www.spyshop.info\/en\/shop\/audio-surveillance\/audio-accessoires\/small-fire-resistant-battery-bag\/","og_site_name":"SpyShop","article_modified_time":"2026-03-19T07:35:33+00:00","og_image":[{"width":1290,"height":1061,"url":"https:\/\/www.spyshop.info\/wp-content\/uploads\/2025\/04\/01-3.jpeg","type":"image\/jpeg"}],"twitter_card":"summary_large_image","twitter_misc":{"Est. reading time":"1 minute"},"schema":{"@context":"https:\/\/schema.org","@graph":[{"@type":"WebPage","@id":"https:\/\/www.spyshop.info\/en\/shop\/audio-surveillance\/audio-accessoires\/small-fire-resistant-battery-bag\/","url":"https:\/\/www.spyshop.info\/en\/shop\/audio-surveillance\/audio-accessoires\/small-fire-resistant-battery-bag\/","name":"Small fire-resistant battery bag - SpyShop","isPartOf":{"@id":"https:\/\/www.spyshop.info\/#website"},"primaryImageOfPage":{"@id":"https:\/\/www.spyshop.info\/en\/shop\/audio-surveillance\/audio-accessoires\/small-fire-resistant-battery-bag\/#primaryimage"},"image":{"@id":"https:\/\/www.spyshop.info\/en\/shop\/audio-surveillance\/audio-accessoires\/small-fire-resistant-battery-bag\/#primaryimage"},"thumbnailUrl":"https:\/\/www.spyshop.info\/wp-content\/uploads\/2025\/04\/01-3.jpeg","datePublished":"2025-04-22T09:02:24+00:00","dateModified":"2026-03-19T07:35:33+00:00","breadcrumb":{"@id":"https:\/\/www.spyshop.info\/en\/shop\/audio-surveillance\/audio-accessoires\/small-fire-resistant-battery-bag\/#breadcrumb"},"inLanguage":"en-US","potentialAction":[{"@type":"ReadAction","target":["https:\/\/www.spyshop.info\/en\/shop\/audio-surveillance\/audio-accessoires\/small-fire-resistant-battery-bag\/"]}]},{"@type":"ImageObject","inLanguage":"en-US","@id":"https:\/\/www.spyshop.info\/en\/shop\/audio-surveillance\/audio-accessoires\/small-fire-resistant-battery-bag\/#primaryimage","url":"https:\/\/www.spyshop.info\/wp-content\/uploads\/2025\/04\/01-3.jpeg","contentUrl":"https:\/\/www.spyshop.info\/wp-content\/uploads\/2025\/04\/01-3.jpeg","width":1290,"height":1061},{"@type":"BreadcrumbList","@id":"https:\/\/www.spyshop.info\/en\/shop\/audio-surveillance\/audio-accessoires\/small-fire-resistant-battery-bag\/#breadcrumb","itemListElement":[{"@type":"ListItem","position":1,"name":"Startseite","item":"https:\/\/www.spyshop.info\/en\/"},{"@type":"ListItem","position":2,"name":"Shop","item":"https:\/\/www.spyshop.info\/en\/shop\/"},{"@type":"ListItem","position":3,"name":"Small fire-resistant battery bag"}]},{"@type":"WebSite","@id":"https:\/\/www.spyshop.info\/#website","url":"https:\/\/www.spyshop.info\/","name":"SpyShop","description":"Abh\u00f6rger\u00e4te, GPS Sender, \u00dcberwachungskameras","publisher":{"@id":"https:\/\/www.spyshop.info\/#organization"},"potentialAction":[{"@type":"SearchAction","target":{"@type":"EntryPoint","urlTemplate":"https:\/\/www.spyshop.info\/?s={search_term_string}"},"query-input":{"@type":"PropertyValueSpecification","valueRequired":true,"valueName":"search_term_string"}}],"inLanguage":"en-US"},{"@type":"Organization","@id":"https:\/\/www.spyshop.info\/#organization","name":"SpyShop","url":"https:\/\/www.spyshop.info\/","logo":{"@type":"ImageObject","inLanguage":"en-US","@id":"https:\/\/www.spyshop.info\/#\/schema\/logo\/image\/","url":"https:\/\/www.spyshop.info\/wp-content\/uploads\/2016\/11\/cropped-logo-spyshop-02-1-3.jpg","contentUrl":"https:\/\/www.spyshop.info\/wp-content\/uploads\/2016\/11\/cropped-logo-spyshop-02-1-3.jpg","width":1522,"height":435,"caption":"SpyShop"},"image":{"@id":"https:\/\/www.spyshop.info\/#\/schema\/logo\/image\/"}}]}},"_links":{"self":[{"href":"https:\/\/www.spyshop.info\/en\/wp-json\/wp\/v2\/product\/6547","targetHints":{"allow":["GET"]}}],"collection":[{"href":"https:\/\/www.spyshop.info\/en\/wp-json\/wp\/v2\/product"}],"about":[{"href":"https:\/\/www.spyshop.info\/en\/wp-json\/wp\/v2\/types\/product"}],"version-history":[{"count":0,"href":"https:\/\/www.spyshop.info\/en\/wp-json\/wp\/v2\/product\/6547\/revisions"}],"wp:featuredmedia":[{"embeddable":true,"href":"https:\/\/www.spyshop.info\/en\/wp-json\/wp\/v2\/media\/5935"}],"wp:attachment":[{"href":"https:\/\/www.spyshop.info\/en\/wp-json\/wp\/v2\/media?parent=6547"}],"wp:term":[{"taxonomy":"product_brand","embeddable":true,"href":"https:\/\/www.spyshop.info\/en\/wp-json\/wp\/v2\/product_brand?post=6547"},{"taxonomy":"product_cat","embeddable":true,"href":"https:\/\/www.spyshop.info\/en\/wp-json\/wp\/v2\/product_cat?post=6547"},{"taxonomy":"product_tag","embeddable":true,"href":"https:\/\/www.spyshop.info\/en\/wp-json\/wp\/v2\/product_tag?post=6547"}],"curies":[{"name":"wp","href":"https:\/\/api.w.org\/{rel}","templated":true}]}}