{"id":6532,"date":"2026-01-31T11:43:56","date_gmt":"2026-01-31T10:43:56","guid":{"rendered":"https:\/\/www.spyshop.info\/shop\/uncategorized\/gtracker-gt-3-4g\/"},"modified":"2026-03-17T10:26:59","modified_gmt":"2026-03-17T09:26:59","slug":"gtracker-gt-3-4g","status":"publish","type":"product","link":"https:\/\/www.spyshop.info\/en\/shop\/gps-surveillance\/gps-trackers\/gtracker-gt-3-4g\/","title":{"rendered":"Gtracker GT-3 4G"},"content":{"rendered":"<p style=\"font-weight: 400;\">Install the GPS tracker easily and hassle-free \u2013 you\u2019ll be delighted! Track cars, lorries, freight containers, construction machinery, agricultural machinery, freight pallets, trailers and more. Switch on, position and track. Nothing could be simpler, and no technical knowledge is required. There is just a slide switch to activate it and a charging socket \u2013 that\u2019s all. The GT-3 offers better tracking accuracy and a longer battery life than equivalent trackers from the 2G range. Our comparative tests are clear. Impressive! All you need for tracking is a GTracker portal and a SIM card (see accessories).<\/p>\n<p style=\"font-weight: 400;\">Further features:<\/p>\n<p style=\"font-weight: 400;\">-) Settings can be changed remotely via text message<\/p>\n<p style=\"font-weight: 400;\">-) Geofencing (you define a radius if you wish to receive a notification when the transmitter enters or leaves this area)<\/p>\n<p style=\"font-weight: 400;\">-) Motion alarm<\/p>\n<p style=\"font-weight: 400;\">-) Checking the battery level<\/p>\n<p style=\"font-weight: 400;\">-) Battery-saving sleep mode when there is no movement<\/p>\n<p style=\"font-weight: 400;\">-) Range when operating at full power in 15-second intervals (adjustable): 1,300 kilometres and 23 days<\/p>\n<p>&nbsp;<\/p>\n<p style=\"font-weight: 400;\">Technical specifications:<\/p>\n<p style=\"font-weight: 400;\">Dimensions: 77 mm x 49 mm x 26 mm<\/p>\n<p style=\"font-weight: 400;\">Weight: 130g<\/p>\n<p style=\"font-weight: 400;\">Network: GSM\/GPRS<\/p>\n<p style=\"font-weight: 400;\">Frequency bands: 850\/900\/1800\/1900 MHz<\/p>\n<p style=\"font-weight: 400;\">GPS chip: AT6558R<\/p>\n<p style=\"font-weight: 400;\">GPS sensitivity: -162 dBm<\/p>\n<p style=\"font-weight: 400;\">GPS accuracy: 2.5 m<\/p>\n<p style=\"font-weight: 400;\">Start-up parameters: Cold: 32 seconds, Warm: 1 second, Hot: 1 second<\/p>\n<p style=\"font-weight: 400;\">Car charger: 12\u201324 V input \/ 5 V output<\/p>\n<p style=\"font-weight: 400;\">Mains charger: 110\u2013220 V input \/ 5 V output<\/p>\n<p style=\"font-weight: 400;\">Akku: wiederaufladbar 3,7V 3.000mAh Li-Ion-Akku<\/p>\n<p style=\"font-weight: 400;\">Standby: 80 days<\/p>\n<p style=\"font-weight: 400;\">Operating temperature: -20 to +70 degrees<\/p>\n<p style=\"font-weight: 400;\">Humidity: 20%\u201380%<\/p>\n","protected":false},"excerpt":{"rendered":"<p style=\"font-weight: 400;\">Install the GPS tracker easily and hassle-free \u2013 you\u2019ll be delighted! Track cars, lorries, freight containers, construction machinery, agricultural machinery, freight pallets, trailers and more. Switch on, position and track. Nothing could be simpler, and no technical knowledge is required. There is just a slide switch to activate it and a charging socket \u2013 that\u2019s all. The GT-3 offers better tracking accuracy and a longer battery life than equivalent trackers from the 2G range. Our comparative tests are clear. Impressive! All you need for tracking is a GTracker portal and a SIM card (see accessories).<\/p>\n<p style=\"font-weight: 400;\">Further features:<\/p>\n<p style=\"font-weight: 400;\">-) Settings can be changed remotely via text message<\/p>\n<p style=\"font-weight: 400;\">-) Geofencing (you define a radius if you wish to receive a notification when the transmitter enters or leaves this area)<\/p>\n<p style=\"font-weight: 400;\">-) Motion alarm<\/p>\n<p style=\"font-weight: 400;\">-) Checking the battery level<\/p>\n<p style=\"font-weight: 400;\">-) Battery-saving sleep mode when there is no movement<\/p>\n<p style=\"font-weight: 400;\">-) Range when operating at full power in 15-second intervals (adjustable): 1,300 kilometers and 23 days<\/p>\n<p style=\"font-weight: 400;\">Technical specifications:<\/p>\n<p style=\"font-weight: 400;\">Dimensions: 76 mm x 45 mm x 25 mm<\/p>\n<p style=\"font-weight: 400;\">Weight: 130g<\/p>\n<p style=\"font-weight: 400;\">Network: GSM\/GPRS<\/p>\n<p style=\"font-weight: 400;\">Frequency bands: 850\/900\/1800\/1900 MHz<\/p>\n<p style=\"font-weight: 400;\">GPS chip: AT6558R<\/p>\n<p style=\"font-weight: 400;\">GPS sensitivity: -162 dBm<\/p>\n<p style=\"font-weight: 400;\">GPS accuracy: 2.5 m<\/p>\n<p style=\"font-weight: 400;\">Start-up parameters: Cold: 32 seconds, Warm: 1 second, Hot: 1 second<\/p>\n<p style=\"font-weight: 400;\">Car charger: 12\u201324 V input \/ 5 V output<\/p>\n<p style=\"font-weight: 400;\">Mains charger: 110\u2013220 V input \/ 5 V output<\/p>\n<p style=\"font-weight: 400;\">Battery: rechargeable 3.7V 3,000mAh lithium-ion battery<\/p>\n<p style=\"font-weight: 400;\">Standby: 80 days<\/p>\n<p style=\"font-weight: 400;\">Operating temperature: -20 to +70 degrees<\/p>\n<p style=\"font-weight: 400;\">Humidity: 20%\u201380%<\/p>\n","protected":false},"featured_media":6339,"template":"","meta":[],"product_brand":[],"product_cat":[152,153],"product_tag":[],"class_list":{"0":"post-6532","1":"product","2":"type-product","3":"status-publish","4":"has-post-thumbnail","6":"product_cat-gps-surveillance","7":"product_cat-gps-trackers","9":"first","10":"instock","11":"taxable","12":"shipping-taxable","13":"purchasable","14":"product-type-simple"},"yoast_head":"<!-- This site is optimized with the Yoast SEO plugin v27.5 - https:\/\/yoast.com\/product\/yoast-seo-wordpress\/ -->\n<title>Gtracker GT-3 4G - SpyShop<\/title>\n<meta name=\"robots\" content=\"index, follow, max-snippet:-1, max-image-preview:large, max-video-preview:-1\" \/>\n<link rel=\"canonical\" href=\"https:\/\/www.spyshop.info\/en\/shop\/gps-surveillance\/gps-trackers\/gtracker-gt-3-4g\/\" \/>\n<meta property=\"og:locale\" content=\"en_US\" \/>\n<meta property=\"og:type\" content=\"article\" \/>\n<meta property=\"og:title\" content=\"Gtracker GT-3 4G - SpyShop\" \/>\n<meta property=\"og:description\" content=\"Install the GPS tracker easily and hassle-free \u2013 you\u2019ll be delighted! Track cars, lorries, freight containers, construction machinery, agricultural machinery, freight pallets, trailers and more. Switch on, position and track. Nothing could be simpler, and no technical knowledge is required. There is just a slide switch to activate it and a charging socket \u2013 that\u2019s all. The GT-3 offers better tracking accuracy and a longer battery life than equivalent trackers from the 2G range. Our comparative tests are clear. Impressive! All you need for tracking is a GTracker portal and a SIM card (see accessories). Further features: -) Settings can be changed remotely via text message -) Geofencing (you define a radius if you wish to receive a notification when the transmitter enters or leaves this area) -) Motion alarm -) Checking the battery level -) Battery-saving sleep mode when there is no movement -) Range when operating at full power in 15-second intervals (adjustable): 1,300 kilometers and 23 days Technical specifications: Dimensions: 76 mm x 45 mm x 25 mm Weight: 130g Network: GSM\/GPRS Frequency bands: 850\/900\/1800\/1900 MHz GPS chip: AT6558R GPS sensitivity: -162 dBm GPS accuracy: 2.5 m Start-up parameters: Cold: 32 seconds, Warm: 1 second, Hot: 1 second Car charger: 12\u201324 V input \/ 5 V output Mains charger: 110\u2013220 V input \/ 5 V output Battery: rechargeable 3.7V 3,000mAh lithium-ion battery Standby: 80 days Operating temperature: -20 to +70 degrees Humidity: 20%\u201380%\" \/>\n<meta property=\"og:url\" content=\"https:\/\/www.spyshop.info\/en\/shop\/gps-surveillance\/gps-trackers\/gtracker-gt-3-4g\/\" \/>\n<meta property=\"og:site_name\" content=\"SpyShop\" \/>\n<meta property=\"article:modified_time\" content=\"2026-03-17T09:26:59+00:00\" \/>\n<meta property=\"og:image\" content=\"https:\/\/www.spyshop.info\/wp-content\/uploads\/2026\/01\/02.jpg\" \/>\n\t<meta property=\"og:image:width\" content=\"1600\" \/>\n\t<meta property=\"og:image:height\" content=\"1600\" \/>\n\t<meta property=\"og:image:type\" content=\"image\/jpeg\" \/>\n<meta name=\"twitter:card\" content=\"summary_large_image\" \/>\n<meta name=\"twitter:label1\" content=\"Est. reading time\" \/>\n\t<meta name=\"twitter:data1\" content=\"1 minute\" \/>\n<script type=\"application\/ld+json\" class=\"yoast-schema-graph\">{\"@context\":\"https:\\\/\\\/schema.org\",\"@graph\":[{\"@type\":\"WebPage\",\"@id\":\"https:\\\/\\\/www.spyshop.info\\\/en\\\/shop\\\/gps-surveillance\\\/gps-trackers\\\/gtracker-gt-3-4g\\\/\",\"url\":\"https:\\\/\\\/www.spyshop.info\\\/en\\\/shop\\\/gps-surveillance\\\/gps-trackers\\\/gtracker-gt-3-4g\\\/\",\"name\":\"Gtracker GT-3 4G - SpyShop\",\"isPartOf\":{\"@id\":\"https:\\\/\\\/www.spyshop.info\\\/#website\"},\"primaryImageOfPage\":{\"@id\":\"https:\\\/\\\/www.spyshop.info\\\/en\\\/shop\\\/gps-surveillance\\\/gps-trackers\\\/gtracker-gt-3-4g\\\/#primaryimage\"},\"image\":{\"@id\":\"https:\\\/\\\/www.spyshop.info\\\/en\\\/shop\\\/gps-surveillance\\\/gps-trackers\\\/gtracker-gt-3-4g\\\/#primaryimage\"},\"thumbnailUrl\":\"https:\\\/\\\/www.spyshop.info\\\/wp-content\\\/uploads\\\/2026\\\/01\\\/02.jpg\",\"datePublished\":\"2026-01-31T10:43:56+00:00\",\"dateModified\":\"2026-03-17T09:26:59+00:00\",\"breadcrumb\":{\"@id\":\"https:\\\/\\\/www.spyshop.info\\\/en\\\/shop\\\/gps-surveillance\\\/gps-trackers\\\/gtracker-gt-3-4g\\\/#breadcrumb\"},\"inLanguage\":\"en-US\",\"potentialAction\":[{\"@type\":\"ReadAction\",\"target\":[\"https:\\\/\\\/www.spyshop.info\\\/en\\\/shop\\\/gps-surveillance\\\/gps-trackers\\\/gtracker-gt-3-4g\\\/\"]}]},{\"@type\":\"ImageObject\",\"inLanguage\":\"en-US\",\"@id\":\"https:\\\/\\\/www.spyshop.info\\\/en\\\/shop\\\/gps-surveillance\\\/gps-trackers\\\/gtracker-gt-3-4g\\\/#primaryimage\",\"url\":\"https:\\\/\\\/www.spyshop.info\\\/wp-content\\\/uploads\\\/2026\\\/01\\\/02.jpg\",\"contentUrl\":\"https:\\\/\\\/www.spyshop.info\\\/wp-content\\\/uploads\\\/2026\\\/01\\\/02.jpg\",\"width\":1600,\"height\":1600},{\"@type\":\"BreadcrumbList\",\"@id\":\"https:\\\/\\\/www.spyshop.info\\\/en\\\/shop\\\/gps-surveillance\\\/gps-trackers\\\/gtracker-gt-3-4g\\\/#breadcrumb\",\"itemListElement\":[{\"@type\":\"ListItem\",\"position\":1,\"name\":\"Startseite\",\"item\":\"https:\\\/\\\/www.spyshop.info\\\/en\\\/\"},{\"@type\":\"ListItem\",\"position\":2,\"name\":\"Shop\",\"item\":\"https:\\\/\\\/www.spyshop.info\\\/en\\\/shop\\\/\"},{\"@type\":\"ListItem\",\"position\":3,\"name\":\"Gtracker GT-3 4G\"}]},{\"@type\":\"WebSite\",\"@id\":\"https:\\\/\\\/www.spyshop.info\\\/#website\",\"url\":\"https:\\\/\\\/www.spyshop.info\\\/\",\"name\":\"SpyShop\",\"description\":\"Abh\u00f6rger\u00e4te, GPS Sender, \u00dcberwachungskameras\",\"publisher\":{\"@id\":\"https:\\\/\\\/www.spyshop.info\\\/#organization\"},\"potentialAction\":[{\"@type\":\"SearchAction\",\"target\":{\"@type\":\"EntryPoint\",\"urlTemplate\":\"https:\\\/\\\/www.spyshop.info\\\/?s={search_term_string}\"},\"query-input\":{\"@type\":\"PropertyValueSpecification\",\"valueRequired\":true,\"valueName\":\"search_term_string\"}}],\"inLanguage\":\"en-US\"},{\"@type\":\"Organization\",\"@id\":\"https:\\\/\\\/www.spyshop.info\\\/#organization\",\"name\":\"SpyShop\",\"url\":\"https:\\\/\\\/www.spyshop.info\\\/\",\"logo\":{\"@type\":\"ImageObject\",\"inLanguage\":\"en-US\",\"@id\":\"https:\\\/\\\/www.spyshop.info\\\/#\\\/schema\\\/logo\\\/image\\\/\",\"url\":\"https:\\\/\\\/www.spyshop.info\\\/wp-content\\\/uploads\\\/2016\\\/11\\\/cropped-logo-spyshop-02-1-3.jpg\",\"contentUrl\":\"https:\\\/\\\/www.spyshop.info\\\/wp-content\\\/uploads\\\/2016\\\/11\\\/cropped-logo-spyshop-02-1-3.jpg\",\"width\":1522,\"height\":435,\"caption\":\"SpyShop\"},\"image\":{\"@id\":\"https:\\\/\\\/www.spyshop.info\\\/#\\\/schema\\\/logo\\\/image\\\/\"}}]}<\/script>\n<!-- \/ Yoast SEO plugin. -->","yoast_head_json":{"title":"Gtracker GT-3 4G - SpyShop","robots":{"index":"index","follow":"follow","max-snippet":"max-snippet:-1","max-image-preview":"max-image-preview:large","max-video-preview":"max-video-preview:-1"},"canonical":"https:\/\/www.spyshop.info\/en\/shop\/gps-surveillance\/gps-trackers\/gtracker-gt-3-4g\/","og_locale":"en_US","og_type":"article","og_title":"Gtracker GT-3 4G - SpyShop","og_description":"Install the GPS tracker easily and hassle-free \u2013 you\u2019ll be delighted! Track cars, lorries, freight containers, construction machinery, agricultural machinery, freight pallets, trailers and more. Switch on, position and track. Nothing could be simpler, and no technical knowledge is required. There is just a slide switch to activate it and a charging socket \u2013 that\u2019s all. The GT-3 offers better tracking accuracy and a longer battery life than equivalent trackers from the 2G range. Our comparative tests are clear. Impressive! All you need for tracking is a GTracker portal and a SIM card (see accessories). Further features: -) Settings can be changed remotely via text message -) Geofencing (you define a radius if you wish to receive a notification when the transmitter enters or leaves this area) -) Motion alarm -) Checking the battery level -) Battery-saving sleep mode when there is no movement -) Range when operating at full power in 15-second intervals (adjustable): 1,300 kilometers and 23 days Technical specifications: Dimensions: 76 mm x 45 mm x 25 mm Weight: 130g Network: GSM\/GPRS Frequency bands: 850\/900\/1800\/1900 MHz GPS chip: AT6558R GPS sensitivity: -162 dBm GPS accuracy: 2.5 m Start-up parameters: Cold: 32 seconds, Warm: 1 second, Hot: 1 second Car charger: 12\u201324 V input \/ 5 V output Mains charger: 110\u2013220 V input \/ 5 V output Battery: rechargeable 3.7V 3,000mAh lithium-ion battery Standby: 80 days Operating temperature: -20 to +70 degrees Humidity: 20%\u201380%","og_url":"https:\/\/www.spyshop.info\/en\/shop\/gps-surveillance\/gps-trackers\/gtracker-gt-3-4g\/","og_site_name":"SpyShop","article_modified_time":"2026-03-17T09:26:59+00:00","og_image":[{"width":1600,"height":1600,"url":"https:\/\/www.spyshop.info\/wp-content\/uploads\/2026\/01\/02.jpg","type":"image\/jpeg"}],"twitter_card":"summary_large_image","twitter_misc":{"Est. reading time":"1 minute"},"schema":{"@context":"https:\/\/schema.org","@graph":[{"@type":"WebPage","@id":"https:\/\/www.spyshop.info\/en\/shop\/gps-surveillance\/gps-trackers\/gtracker-gt-3-4g\/","url":"https:\/\/www.spyshop.info\/en\/shop\/gps-surveillance\/gps-trackers\/gtracker-gt-3-4g\/","name":"Gtracker GT-3 4G - SpyShop","isPartOf":{"@id":"https:\/\/www.spyshop.info\/#website"},"primaryImageOfPage":{"@id":"https:\/\/www.spyshop.info\/en\/shop\/gps-surveillance\/gps-trackers\/gtracker-gt-3-4g\/#primaryimage"},"image":{"@id":"https:\/\/www.spyshop.info\/en\/shop\/gps-surveillance\/gps-trackers\/gtracker-gt-3-4g\/#primaryimage"},"thumbnailUrl":"https:\/\/www.spyshop.info\/wp-content\/uploads\/2026\/01\/02.jpg","datePublished":"2026-01-31T10:43:56+00:00","dateModified":"2026-03-17T09:26:59+00:00","breadcrumb":{"@id":"https:\/\/www.spyshop.info\/en\/shop\/gps-surveillance\/gps-trackers\/gtracker-gt-3-4g\/#breadcrumb"},"inLanguage":"en-US","potentialAction":[{"@type":"ReadAction","target":["https:\/\/www.spyshop.info\/en\/shop\/gps-surveillance\/gps-trackers\/gtracker-gt-3-4g\/"]}]},{"@type":"ImageObject","inLanguage":"en-US","@id":"https:\/\/www.spyshop.info\/en\/shop\/gps-surveillance\/gps-trackers\/gtracker-gt-3-4g\/#primaryimage","url":"https:\/\/www.spyshop.info\/wp-content\/uploads\/2026\/01\/02.jpg","contentUrl":"https:\/\/www.spyshop.info\/wp-content\/uploads\/2026\/01\/02.jpg","width":1600,"height":1600},{"@type":"BreadcrumbList","@id":"https:\/\/www.spyshop.info\/en\/shop\/gps-surveillance\/gps-trackers\/gtracker-gt-3-4g\/#breadcrumb","itemListElement":[{"@type":"ListItem","position":1,"name":"Startseite","item":"https:\/\/www.spyshop.info\/en\/"},{"@type":"ListItem","position":2,"name":"Shop","item":"https:\/\/www.spyshop.info\/en\/shop\/"},{"@type":"ListItem","position":3,"name":"Gtracker GT-3 4G"}]},{"@type":"WebSite","@id":"https:\/\/www.spyshop.info\/#website","url":"https:\/\/www.spyshop.info\/","name":"SpyShop","description":"Abh\u00f6rger\u00e4te, GPS Sender, \u00dcberwachungskameras","publisher":{"@id":"https:\/\/www.spyshop.info\/#organization"},"potentialAction":[{"@type":"SearchAction","target":{"@type":"EntryPoint","urlTemplate":"https:\/\/www.spyshop.info\/?s={search_term_string}"},"query-input":{"@type":"PropertyValueSpecification","valueRequired":true,"valueName":"search_term_string"}}],"inLanguage":"en-US"},{"@type":"Organization","@id":"https:\/\/www.spyshop.info\/#organization","name":"SpyShop","url":"https:\/\/www.spyshop.info\/","logo":{"@type":"ImageObject","inLanguage":"en-US","@id":"https:\/\/www.spyshop.info\/#\/schema\/logo\/image\/","url":"https:\/\/www.spyshop.info\/wp-content\/uploads\/2016\/11\/cropped-logo-spyshop-02-1-3.jpg","contentUrl":"https:\/\/www.spyshop.info\/wp-content\/uploads\/2016\/11\/cropped-logo-spyshop-02-1-3.jpg","width":1522,"height":435,"caption":"SpyShop"},"image":{"@id":"https:\/\/www.spyshop.info\/#\/schema\/logo\/image\/"}}]}},"_links":{"self":[{"href":"https:\/\/www.spyshop.info\/en\/wp-json\/wp\/v2\/product\/6532","targetHints":{"allow":["GET"]}}],"collection":[{"href":"https:\/\/www.spyshop.info\/en\/wp-json\/wp\/v2\/product"}],"about":[{"href":"https:\/\/www.spyshop.info\/en\/wp-json\/wp\/v2\/types\/product"}],"version-history":[{"count":0,"href":"https:\/\/www.spyshop.info\/en\/wp-json\/wp\/v2\/product\/6532\/revisions"}],"wp:featuredmedia":[{"embeddable":true,"href":"https:\/\/www.spyshop.info\/en\/wp-json\/wp\/v2\/media\/6339"}],"wp:attachment":[{"href":"https:\/\/www.spyshop.info\/en\/wp-json\/wp\/v2\/media?parent=6532"}],"wp:term":[{"taxonomy":"product_brand","embeddable":true,"href":"https:\/\/www.spyshop.info\/en\/wp-json\/wp\/v2\/product_brand?post=6532"},{"taxonomy":"product_cat","embeddable":true,"href":"https:\/\/www.spyshop.info\/en\/wp-json\/wp\/v2\/product_cat?post=6532"},{"taxonomy":"product_tag","embeddable":true,"href":"https:\/\/www.spyshop.info\/en\/wp-json\/wp\/v2\/product_tag?post=6532"}],"curies":[{"name":"wp","href":"https:\/\/api.w.org\/{rel}","templated":true}]}}