{"id":6074,"date":"2025-07-07T18:40:15","date_gmt":"2025-07-07T16:40:15","guid":{"rendered":"https:\/\/www.spyshop.info\/shop\/uncategorized\/ble-location-sticker-with-over-2-months-battery-life\/"},"modified":"2026-03-13T07:49:18","modified_gmt":"2026-03-13T06:49:18","slug":"ble-location-sticker-with-over-2-months-battery-life","status":"publish","type":"product","link":"https:\/\/www.spyshop.info\/en\/shop\/gps-surveillance\/gps-trackers\/ble-location-sticker-with-over-2-months-battery-life\/","title":{"rendered":"Location tracker tag as sticker (BLE) \u2013 ultra-flat, 2+ months battery life"},"content":{"rendered":"<h2>Location tracker stickers \u2013 what are they suitable for?<\/h2>\n<p>This tracking sticker is ideal if you want to mark items discreetly \u2013 e.g. suitcases, parcels\/shipments, toolboxes, sports bags or inventory. It is silent (no sound\/light signals) and extremely flat. <\/p>\n<h2>Looking for GPS tracker stickers? How this BLE differs from GPS <\/h2>\n<p>Many people search for a GPS tracker sticker, but what they really mean is: \u2018thin, adhesive, without a large transmitter\u2019.<br \/>\nGPS trackers determine the position via satellites (GPS) and usually send it via mobile phone\/SIM \u2013 this can be very accurate and (almost) in real time, but often requires more height, energy and running costs.<br \/>\nThis sticker uses BLE (Bluetooth Low Energy): the position is determined via Bluetooth gateways\/end devices in the vicinity. This means that updates are typically possible with a delay of a few minutes, often very good in busy areas. <\/p>\n<h2>Advantages of the sticker-format tracker tag<\/h2>\n<ul>\n<li data-start=\"3757\" data-end=\"3846\">\n<p data-start=\"3759\" data-end=\"3846\">Ultra-thin: approx. 65\u00d755\u00d71 mm, only 4 g<\/p>\n<\/li>\n<li data-start=\"3847\" data-end=\"3945\">\n<p data-start=\"3849\" data-end=\"3945\">Easy to apply: peel off the protective film and stick it on.<\/p>\n<\/li>\n<li data-start=\"3946\" data-end=\"4036\">\n<p data-start=\"3948\" data-end=\"4036\">Free: App (iOS\/Android) + browser portal<\/p>\n<\/li>\n<li data-start=\"4037\" data-end=\"4110\">\n<p data-start=\"4039\" data-end=\"4110\">Duration: over 2 months<\/p>\n<\/li>\n<li data-start=\"4111\" data-end=\"4197\">\n<p data-start=\"4113\" data-end=\"4197\">Alarms: Geofences + Push Notification<\/p>\n<\/li>\n<\/ul>\n<h2 style=\"font-weight: 400;\">How our tracking sticker works:<\/h2>\n<p style=\"font-weight: 400;\">The device does not locate via GPS, but via BLE. It therefore uses Bluetooth end devices and gateways for orientation. This infrastructure network is constantly growing. You cannot (yet) expect complete real-time location tracking, as with GPS, but with a small time delay of a few minutes, you can see the position of the sticker, which is so accurate that GPS sometimes cannot keep up. We have put the device through its paces and are already using it ourselves as professional detectives. Of course, you can check the movement history via browser and app and also set up several geofences, which will trigger an alarm via push notification on your smartphone when they are entered and\/or exited. Don&#8217;t worry: the device does not emit any sound or light signals!      <\/p>\n<h3 style=\"font-weight: 400;\">Where can you use these devices?<\/h3>\n<p style=\"font-weight: 400;\">Everywhere. There are no limits to your imagination.<\/p>\n<ul>\n<li data-start=\"5206\" data-end=\"5263\">\n<p data-start=\"5208\" data-end=\"5263\">Suitcases &amp; luggage tracking (e.g. at the airport)<\/p>\n<\/li>\n<li data-start=\"5264\" data-end=\"5309\">\n<p data-start=\"5266\" data-end=\"5309\">Packages\/shipments in transit<\/p>\n<\/li>\n<li data-start=\"5310\" data-end=\"5353\">\n<p data-start=\"5312\" data-end=\"5353\"><strong data-start=\"5312\" data-end=\"5351\">Toolbox, equipment, stored goods<\/strong><\/p>\n<\/li>\n<li data-start=\"5354\" data-end=\"5419\">\n<p data-start=\"5356\" data-end=\"5419\"><strong data-start=\"5356\" data-end=\"5391\">Bicycle accessories \/ Bags \/ Case<\/strong><\/p>\n<\/li>\n<li data-start=\"5420\" data-end=\"5471\">\n<p data-start=\"5422\" data-end=\"5471\"><strong data-start=\"5422\" data-end=\"5471\">Sports bags, rucksacks, musical instrument cases<\/strong><\/p>\n<\/li>\n<\/ul>\n<p style=\"font-weight: 400;\"><em>When the operator of our online shop started out as a professional investigator over 40 years ago, he used to laugh at James Bond. Today, the film has been partially overtaken by reality. <\/em><\/p>\n<h3 style=\"font-weight: 400;\">Technical specifications<\/h3>\n<ul>\n<li data-start=\"4733\" data-end=\"4750\">\n<p data-start=\"4735\" data-end=\"4750\">Network: BLE<\/p>\n<\/li>\n<li data-start=\"4751\" data-end=\"4777\">\n<p data-start=\"4753\" data-end=\"4777\">Operating voltage: 1.5V<\/p>\n<\/li>\n<li data-start=\"4778\" data-end=\"4802\">\n<p data-start=\"4780\" data-end=\"4802\">Battery capacity: 40mAh<\/p>\n<\/li>\n<li data-start=\"4803\" data-end=\"4836\">\n<p data-start=\"4805\" data-end=\"4836\">Temperature: \u221225 \u00b0C to +55 \u00b0C<\/p>\n<\/li>\n<li data-start=\"4837\" data-end=\"4852\">\n<p data-start=\"4839\" data-end=\"4852\">Colour: White<\/p>\n<\/li>\n<li data-start=\"4853\" data-end=\"4880\">\n<p data-start=\"4855\" data-end=\"4880\">Dimensions: 65\u00d755\u00d71 mm<\/p>\n<\/li>\n<li data-start=\"4881\" data-end=\"4896\">\n<p data-start=\"4883\" data-end=\"4896\">Weight: 4g<\/p>\n<\/li>\n<\/ul>\n","protected":false},"excerpt":{"rendered":"<p style=\"font-weight: 400;\">Location tracker tag in sticker format \u2013 ultra-flat and discreet. The sticker is affixed and locates via BLE (Bluetooth Low Energy) using a growing network of gateways\/end devices. You can see locations with a short time delay (typically a few minutes). Free app (iOS\/Android) + browser portal, runtime over 2 months. <\/p>\n","protected":false},"featured_media":6307,"template":"","meta":[],"product_brand":[],"product_cat":[152,153],"product_tag":[],"class_list":{"0":"post-6074","1":"product","2":"type-product","3":"status-publish","4":"has-post-thumbnail","6":"product_cat-gps-surveillance","7":"product_cat-gps-trackers","9":"first","10":"instock","11":"sale","12":"taxable","13":"shipping-taxable","14":"purchasable","15":"product-type-simple"},"yoast_head":"<!-- This site is optimized with the Yoast SEO plugin v27.4 - https:\/\/yoast.com\/product\/yoast-seo-wordpress\/ -->\n<title>Location tracker tag as a sticker \u2013 ultra-flat | SpyShop<\/title>\n<meta name=\"description\" content=\"Ultra-slim tracking sticker (BLE\/Bluetooth): position updates every few minutes, free app and web portal, 2+ months&#039; battery life. Please note: this is not a GPS tracker.\" \/>\n<meta name=\"robots\" content=\"index, follow, max-snippet:-1, max-image-preview:large, max-video-preview:-1\" \/>\n<link rel=\"canonical\" href=\"https:\/\/www.spyshop.info\/en\/shop\/gps-surveillance\/gps-trackers\/ble-location-sticker-with-over-2-months-battery-life\/\" \/>\n<meta property=\"og:locale\" content=\"en_US\" \/>\n<meta property=\"og:type\" content=\"article\" \/>\n<meta property=\"og:title\" content=\"Location tracker tag as a sticker \u2013 ultra-flat | SpyShop\" \/>\n<meta property=\"og:description\" content=\"Ultra-slim tracking sticker (BLE\/Bluetooth): position updates every few minutes, free app and web portal, 2+ months&#039; battery life. Please note: this is not a GPS tracker.\" \/>\n<meta property=\"og:url\" content=\"https:\/\/www.spyshop.info\/en\/shop\/gps-surveillance\/gps-trackers\/ble-location-sticker-with-over-2-months-battery-life\/\" \/>\n<meta property=\"og:site_name\" content=\"SpyShop\" \/>\n<meta property=\"article:modified_time\" content=\"2026-03-13T06:49:18+00:00\" \/>\n<meta property=\"og:image\" content=\"https:\/\/www.spyshop.info\/wp-content\/uploads\/2025\/07\/01-1.jpg\" \/>\n\t<meta property=\"og:image:width\" content=\"578\" \/>\n\t<meta property=\"og:image:height\" content=\"640\" \/>\n\t<meta property=\"og:image:type\" content=\"image\/jpeg\" \/>\n<meta name=\"twitter:card\" content=\"summary_large_image\" \/>\n<meta name=\"twitter:label1\" content=\"Est. reading time\" \/>\n\t<meta name=\"twitter:data1\" content=\"2 minutes\" \/>\n<script type=\"application\/ld+json\" class=\"yoast-schema-graph\">{\"@context\":\"https:\\\/\\\/schema.org\",\"@graph\":[{\"@type\":\"WebPage\",\"@id\":\"https:\\\/\\\/www.spyshop.info\\\/en\\\/shop\\\/gps-surveillance\\\/gps-trackers\\\/ble-location-sticker-with-over-2-months-battery-life\\\/\",\"url\":\"https:\\\/\\\/www.spyshop.info\\\/en\\\/shop\\\/gps-surveillance\\\/gps-trackers\\\/ble-location-sticker-with-over-2-months-battery-life\\\/\",\"name\":\"Location tracker tag as a sticker \u2013 ultra-flat | SpyShop\",\"isPartOf\":{\"@id\":\"https:\\\/\\\/www.spyshop.info\\\/#website\"},\"primaryImageOfPage\":{\"@id\":\"https:\\\/\\\/www.spyshop.info\\\/en\\\/shop\\\/gps-surveillance\\\/gps-trackers\\\/ble-location-sticker-with-over-2-months-battery-life\\\/#primaryimage\"},\"image\":{\"@id\":\"https:\\\/\\\/www.spyshop.info\\\/en\\\/shop\\\/gps-surveillance\\\/gps-trackers\\\/ble-location-sticker-with-over-2-months-battery-life\\\/#primaryimage\"},\"thumbnailUrl\":\"https:\\\/\\\/www.spyshop.info\\\/wp-content\\\/uploads\\\/2025\\\/07\\\/01-1.jpg\",\"datePublished\":\"2025-07-07T16:40:15+00:00\",\"dateModified\":\"2026-03-13T06:49:18+00:00\",\"description\":\"Ultra-slim tracking sticker (BLE\\\/Bluetooth): position updates every few minutes, free app and web portal, 2+ months' battery life. Please note: this is not a GPS tracker.\",\"breadcrumb\":{\"@id\":\"https:\\\/\\\/www.spyshop.info\\\/en\\\/shop\\\/gps-surveillance\\\/gps-trackers\\\/ble-location-sticker-with-over-2-months-battery-life\\\/#breadcrumb\"},\"inLanguage\":\"en-US\",\"potentialAction\":[{\"@type\":\"ReadAction\",\"target\":[\"https:\\\/\\\/www.spyshop.info\\\/en\\\/shop\\\/gps-surveillance\\\/gps-trackers\\\/ble-location-sticker-with-over-2-months-battery-life\\\/\"]}]},{\"@type\":\"ImageObject\",\"inLanguage\":\"en-US\",\"@id\":\"https:\\\/\\\/www.spyshop.info\\\/en\\\/shop\\\/gps-surveillance\\\/gps-trackers\\\/ble-location-sticker-with-over-2-months-battery-life\\\/#primaryimage\",\"url\":\"https:\\\/\\\/www.spyshop.info\\\/wp-content\\\/uploads\\\/2025\\\/07\\\/01-1.jpg\",\"contentUrl\":\"https:\\\/\\\/www.spyshop.info\\\/wp-content\\\/uploads\\\/2025\\\/07\\\/01-1.jpg\",\"width\":578,\"height\":640,\"caption\":\"GPS Tracker Aufkleber Alternative (BLE)\"},{\"@type\":\"BreadcrumbList\",\"@id\":\"https:\\\/\\\/www.spyshop.info\\\/en\\\/shop\\\/gps-surveillance\\\/gps-trackers\\\/ble-location-sticker-with-over-2-months-battery-life\\\/#breadcrumb\",\"itemListElement\":[{\"@type\":\"ListItem\",\"position\":1,\"name\":\"Startseite\",\"item\":\"https:\\\/\\\/www.spyshop.info\\\/en\\\/\"},{\"@type\":\"ListItem\",\"position\":2,\"name\":\"Shop\",\"item\":\"https:\\\/\\\/www.spyshop.info\\\/en\\\/shop\\\/\"},{\"@type\":\"ListItem\",\"position\":3,\"name\":\"Location tracker tag as sticker (BLE) \u2013 ultra-flat, 2+ months battery life\"}]},{\"@type\":\"WebSite\",\"@id\":\"https:\\\/\\\/www.spyshop.info\\\/#website\",\"url\":\"https:\\\/\\\/www.spyshop.info\\\/\",\"name\":\"SpyShop\",\"description\":\"Abh\u00f6rger\u00e4te, GPS Sender, \u00dcberwachungskameras\",\"publisher\":{\"@id\":\"https:\\\/\\\/www.spyshop.info\\\/#organization\"},\"potentialAction\":[{\"@type\":\"SearchAction\",\"target\":{\"@type\":\"EntryPoint\",\"urlTemplate\":\"https:\\\/\\\/www.spyshop.info\\\/?s={search_term_string}\"},\"query-input\":{\"@type\":\"PropertyValueSpecification\",\"valueRequired\":true,\"valueName\":\"search_term_string\"}}],\"inLanguage\":\"en-US\"},{\"@type\":\"Organization\",\"@id\":\"https:\\\/\\\/www.spyshop.info\\\/#organization\",\"name\":\"SpyShop\",\"url\":\"https:\\\/\\\/www.spyshop.info\\\/\",\"logo\":{\"@type\":\"ImageObject\",\"inLanguage\":\"en-US\",\"@id\":\"https:\\\/\\\/www.spyshop.info\\\/#\\\/schema\\\/logo\\\/image\\\/\",\"url\":\"https:\\\/\\\/www.spyshop.info\\\/wp-content\\\/uploads\\\/2016\\\/11\\\/cropped-logo-spyshop-02-1-3.jpg\",\"contentUrl\":\"https:\\\/\\\/www.spyshop.info\\\/wp-content\\\/uploads\\\/2016\\\/11\\\/cropped-logo-spyshop-02-1-3.jpg\",\"width\":1522,\"height\":435,\"caption\":\"SpyShop\"},\"image\":{\"@id\":\"https:\\\/\\\/www.spyshop.info\\\/#\\\/schema\\\/logo\\\/image\\\/\"}}]}<\/script>\n<!-- \/ Yoast SEO plugin. -->","yoast_head_json":{"title":"Location tracker tag as a sticker \u2013 ultra-flat | SpyShop","description":"Ultra-slim tracking sticker (BLE\/Bluetooth): position updates every few minutes, free app and web portal, 2+ months' battery life. Please note: this is not a GPS tracker.","robots":{"index":"index","follow":"follow","max-snippet":"max-snippet:-1","max-image-preview":"max-image-preview:large","max-video-preview":"max-video-preview:-1"},"canonical":"https:\/\/www.spyshop.info\/en\/shop\/gps-surveillance\/gps-trackers\/ble-location-sticker-with-over-2-months-battery-life\/","og_locale":"en_US","og_type":"article","og_title":"Location tracker tag as a sticker \u2013 ultra-flat | SpyShop","og_description":"Ultra-slim tracking sticker (BLE\/Bluetooth): position updates every few minutes, free app and web portal, 2+ months' battery life. Please note: this is not a GPS tracker.","og_url":"https:\/\/www.spyshop.info\/en\/shop\/gps-surveillance\/gps-trackers\/ble-location-sticker-with-over-2-months-battery-life\/","og_site_name":"SpyShop","article_modified_time":"2026-03-13T06:49:18+00:00","og_image":[{"width":578,"height":640,"url":"https:\/\/www.spyshop.info\/wp-content\/uploads\/2025\/07\/01-1.jpg","type":"image\/jpeg"}],"twitter_card":"summary_large_image","twitter_misc":{"Est. reading time":"2 minutes"},"schema":{"@context":"https:\/\/schema.org","@graph":[{"@type":"WebPage","@id":"https:\/\/www.spyshop.info\/en\/shop\/gps-surveillance\/gps-trackers\/ble-location-sticker-with-over-2-months-battery-life\/","url":"https:\/\/www.spyshop.info\/en\/shop\/gps-surveillance\/gps-trackers\/ble-location-sticker-with-over-2-months-battery-life\/","name":"Location tracker tag as a sticker \u2013 ultra-flat | SpyShop","isPartOf":{"@id":"https:\/\/www.spyshop.info\/#website"},"primaryImageOfPage":{"@id":"https:\/\/www.spyshop.info\/en\/shop\/gps-surveillance\/gps-trackers\/ble-location-sticker-with-over-2-months-battery-life\/#primaryimage"},"image":{"@id":"https:\/\/www.spyshop.info\/en\/shop\/gps-surveillance\/gps-trackers\/ble-location-sticker-with-over-2-months-battery-life\/#primaryimage"},"thumbnailUrl":"https:\/\/www.spyshop.info\/wp-content\/uploads\/2025\/07\/01-1.jpg","datePublished":"2025-07-07T16:40:15+00:00","dateModified":"2026-03-13T06:49:18+00:00","description":"Ultra-slim tracking sticker (BLE\/Bluetooth): position updates every few minutes, free app and web portal, 2+ months' battery life. Please note: this is not a GPS tracker.","breadcrumb":{"@id":"https:\/\/www.spyshop.info\/en\/shop\/gps-surveillance\/gps-trackers\/ble-location-sticker-with-over-2-months-battery-life\/#breadcrumb"},"inLanguage":"en-US","potentialAction":[{"@type":"ReadAction","target":["https:\/\/www.spyshop.info\/en\/shop\/gps-surveillance\/gps-trackers\/ble-location-sticker-with-over-2-months-battery-life\/"]}]},{"@type":"ImageObject","inLanguage":"en-US","@id":"https:\/\/www.spyshop.info\/en\/shop\/gps-surveillance\/gps-trackers\/ble-location-sticker-with-over-2-months-battery-life\/#primaryimage","url":"https:\/\/www.spyshop.info\/wp-content\/uploads\/2025\/07\/01-1.jpg","contentUrl":"https:\/\/www.spyshop.info\/wp-content\/uploads\/2025\/07\/01-1.jpg","width":578,"height":640,"caption":"GPS Tracker Aufkleber Alternative (BLE)"},{"@type":"BreadcrumbList","@id":"https:\/\/www.spyshop.info\/en\/shop\/gps-surveillance\/gps-trackers\/ble-location-sticker-with-over-2-months-battery-life\/#breadcrumb","itemListElement":[{"@type":"ListItem","position":1,"name":"Startseite","item":"https:\/\/www.spyshop.info\/en\/"},{"@type":"ListItem","position":2,"name":"Shop","item":"https:\/\/www.spyshop.info\/en\/shop\/"},{"@type":"ListItem","position":3,"name":"Location tracker tag as sticker (BLE) \u2013 ultra-flat, 2+ months battery life"}]},{"@type":"WebSite","@id":"https:\/\/www.spyshop.info\/#website","url":"https:\/\/www.spyshop.info\/","name":"SpyShop","description":"Abh\u00f6rger\u00e4te, GPS Sender, \u00dcberwachungskameras","publisher":{"@id":"https:\/\/www.spyshop.info\/#organization"},"potentialAction":[{"@type":"SearchAction","target":{"@type":"EntryPoint","urlTemplate":"https:\/\/www.spyshop.info\/?s={search_term_string}"},"query-input":{"@type":"PropertyValueSpecification","valueRequired":true,"valueName":"search_term_string"}}],"inLanguage":"en-US"},{"@type":"Organization","@id":"https:\/\/www.spyshop.info\/#organization","name":"SpyShop","url":"https:\/\/www.spyshop.info\/","logo":{"@type":"ImageObject","inLanguage":"en-US","@id":"https:\/\/www.spyshop.info\/#\/schema\/logo\/image\/","url":"https:\/\/www.spyshop.info\/wp-content\/uploads\/2016\/11\/cropped-logo-spyshop-02-1-3.jpg","contentUrl":"https:\/\/www.spyshop.info\/wp-content\/uploads\/2016\/11\/cropped-logo-spyshop-02-1-3.jpg","width":1522,"height":435,"caption":"SpyShop"},"image":{"@id":"https:\/\/www.spyshop.info\/#\/schema\/logo\/image\/"}}]}},"_links":{"self":[{"href":"https:\/\/www.spyshop.info\/en\/wp-json\/wp\/v2\/product\/6074","targetHints":{"allow":["GET"]}}],"collection":[{"href":"https:\/\/www.spyshop.info\/en\/wp-json\/wp\/v2\/product"}],"about":[{"href":"https:\/\/www.spyshop.info\/en\/wp-json\/wp\/v2\/types\/product"}],"version-history":[{"count":2,"href":"https:\/\/www.spyshop.info\/en\/wp-json\/wp\/v2\/product\/6074\/revisions"}],"predecessor-version":[{"id":6526,"href":"https:\/\/www.spyshop.info\/en\/wp-json\/wp\/v2\/product\/6074\/revisions\/6526"}],"wp:featuredmedia":[{"embeddable":true,"href":"https:\/\/www.spyshop.info\/en\/wp-json\/wp\/v2\/media\/6307"}],"wp:attachment":[{"href":"https:\/\/www.spyshop.info\/en\/wp-json\/wp\/v2\/media?parent=6074"}],"wp:term":[{"taxonomy":"product_brand","embeddable":true,"href":"https:\/\/www.spyshop.info\/en\/wp-json\/wp\/v2\/product_brand?post=6074"},{"taxonomy":"product_cat","embeddable":true,"href":"https:\/\/www.spyshop.info\/en\/wp-json\/wp\/v2\/product_cat?post=6074"},{"taxonomy":"product_tag","embeddable":true,"href":"https:\/\/www.spyshop.info\/en\/wp-json\/wp\/v2\/product_tag?post=6074"}],"curies":[{"name":"wp","href":"https:\/\/api.w.org\/{rel}","templated":true}]}}