{"id":389,"date":"2016-07-20T23:26:19","date_gmt":"2016-07-20T21:26:19","guid":{"rendered":"https:\/\/www.spyshop.info\/shop\/unkategorisiert\/keyboard-with-keylogger-and-spybug\/"},"modified":"2019-05-05T10:07:16","modified_gmt":"2019-05-05T08:07:16","slug":"keyboard-with-keylogger-and-spybug","status":"publish","type":"product","link":"https:\/\/www.spyshop.info\/en\/shop\/audio-surveillance\/gsm-bugs\/keyboard-with-keylogger-and-spybug\/","title":{"rendered":"Keyboard with keylogger and spybug"},"content":{"rendered":"<p>The USB Keylogger with 4MB capacity is built directly into a keyboard for even greater discretion. (<strong>IMPORTANT<\/strong>: We have only US\/ENG keyboards, if you need a specific language keyboard please consult our sales representative before ordering)<\/p>\n<p>This device represents a unique combination of a <strong>listening covert device<\/strong> as well as a <strong>keylogger<\/strong>. It will allow you to listen to the conversations around the monitored place as well as to get the keystrokes that were pushed. In this way you can get complete surveillance.<\/p>\n<p>The Keylogger records all button presses, so you will always have an overview of all activities on the computer. The Keylogger can help you to monitor your employees. Thanks to the keylogger you can also discover all forms of login data.<\/p>\n<p><strong>Functions:<\/strong><\/p>\n<ul>\n<li>Records all keystrokes<\/li>\n<li>Built in GSM module for remote voice monitoring<\/li>\n<li>Internal capacity for 4 000 000 keystrokes<\/li>\n<li>Not detectable by any antivirus<\/li>\n<li>Does not affect the computer&#8217;s behaviour<\/li>\n<\/ul>\n<p><strong>Main difference to similar products:<\/strong><\/p>\n<ul>\n<li>Supports numerical keyboard<\/li>\n<\/ul>\n<p><strong>Package contents:<\/strong><\/p>\n<ul>\n<li>Keylogger Keyboard<\/li>\n<li>User Manual<\/li>\n<li>USB Keylogger in Keyboard<\/li>\n<\/ul>\n","protected":false},"excerpt":{"rendered":"<p>The USB Keylogger with 4MB capacity is built directly into a keyboard for even greater discretion. (<strong>IMPORTANT<\/strong>: We have only US\/ENG keyboards, if you need a specific language keyboard please consult our sales representative before ordering) This device represents a unique combination of a <strong>listening covert device<\/strong> as well as a <strong>keylogger<\/strong>. It will allow you to listen to the conversations around the monitored place as well as to get the keystrokes that were pushed. In this way you can get complete surveillance. The Keylogger records all button presses, so you will always have an overview of all activities on the computer. The Keylogger can help you to monitor your employees. Thanks to the keylogger you can also discover all forms of login data.<\/p>\n","protected":false},"featured_media":388,"template":"","meta":[],"product_brand":[],"product_cat":[188,156,192,155],"product_tag":[],"class_list":{"0":"post-389","1":"product","2":"type-product","3":"status-publish","4":"has-post-thumbnail","6":"product_cat-audio-surveillance","7":"product_cat-computer-surveillance","8":"product_cat-gsm-bugs","9":"product_cat-other","11":"first","12":"instock","13":"taxable","14":"shipping-taxable","15":"purchasable","16":"product-type-simple"},"yoast_head":"<!-- This site is optimized with the Yoast SEO plugin v27.3 - https:\/\/yoast.com\/product\/yoast-seo-wordpress\/ -->\n<title>Keyboard with keylogger and spybug - SpyShop<\/title>\n<meta name=\"robots\" content=\"index, follow, max-snippet:-1, max-image-preview:large, max-video-preview:-1\" \/>\n<link rel=\"canonical\" href=\"https:\/\/www.spyshop.info\/en\/shop\/audio-surveillance\/gsm-bugs\/keyboard-with-keylogger-and-spybug\/\" \/>\n<meta property=\"og:locale\" content=\"en_US\" \/>\n<meta property=\"og:type\" content=\"article\" \/>\n<meta property=\"og:title\" content=\"Keyboard with keylogger and spybug - SpyShop\" \/>\n<meta property=\"og:description\" content=\"The USB Keylogger with 4MB capacity is built directly into a keyboard for even greater discretion. (IMPORTANT: We have only US\/ENG keyboards, if you need a specific language keyboard please consult our sales representative before ordering) This device represents a unique combination of a listening covert device as well as a keylogger. It will allow you to listen to the conversations around the monitored place as well as to get the keystrokes that were pushed. In this way you can get complete surveillance. The Keylogger records all button presses, so you will always have an overview of all activities on the computer. The Keylogger can help you to monitor your employees. Thanks to the keylogger you can also discover all forms of login data.\" \/>\n<meta property=\"og:url\" content=\"https:\/\/www.spyshop.info\/en\/shop\/audio-surveillance\/gsm-bugs\/keyboard-with-keylogger-and-spybug\/\" \/>\n<meta property=\"og:site_name\" content=\"SpyShop\" \/>\n<meta property=\"article:modified_time\" content=\"2019-05-05T08:07:16+00:00\" \/>\n<meta property=\"og:image\" content=\"https:\/\/www.spyshop.info\/wp-content\/uploads\/2016\/07\/keylogger-keyboard-keystrokes-recording-voice-monitoring.jpg\" \/>\n\t<meta property=\"og:image:width\" content=\"800\" \/>\n\t<meta property=\"og:image:height\" content=\"800\" \/>\n\t<meta property=\"og:image:type\" content=\"image\/jpeg\" \/>\n<meta name=\"twitter:card\" content=\"summary_large_image\" \/>\n<meta name=\"twitter:label1\" content=\"Est. reading time\" \/>\n\t<meta name=\"twitter:data1\" content=\"1 minute\" \/>\n<script type=\"application\/ld+json\" class=\"yoast-schema-graph\">{\"@context\":\"https:\\\/\\\/schema.org\",\"@graph\":[{\"@type\":\"WebPage\",\"@id\":\"https:\\\/\\\/www.spyshop.info\\\/en\\\/shop\\\/audio-surveillance\\\/gsm-bugs\\\/keyboard-with-keylogger-and-spybug\\\/\",\"url\":\"https:\\\/\\\/www.spyshop.info\\\/en\\\/shop\\\/audio-surveillance\\\/gsm-bugs\\\/keyboard-with-keylogger-and-spybug\\\/\",\"name\":\"Keyboard with keylogger and spybug - SpyShop\",\"isPartOf\":{\"@id\":\"https:\\\/\\\/www.spyshop.info\\\/#website\"},\"primaryImageOfPage\":{\"@id\":\"https:\\\/\\\/www.spyshop.info\\\/en\\\/shop\\\/audio-surveillance\\\/gsm-bugs\\\/keyboard-with-keylogger-and-spybug\\\/#primaryimage\"},\"image\":{\"@id\":\"https:\\\/\\\/www.spyshop.info\\\/en\\\/shop\\\/audio-surveillance\\\/gsm-bugs\\\/keyboard-with-keylogger-and-spybug\\\/#primaryimage\"},\"thumbnailUrl\":\"https:\\\/\\\/www.spyshop.info\\\/wp-content\\\/uploads\\\/2016\\\/07\\\/keylogger-keyboard-keystrokes-recording-voice-monitoring.jpg\",\"datePublished\":\"2016-07-20T21:26:19+00:00\",\"dateModified\":\"2019-05-05T08:07:16+00:00\",\"breadcrumb\":{\"@id\":\"https:\\\/\\\/www.spyshop.info\\\/en\\\/shop\\\/audio-surveillance\\\/gsm-bugs\\\/keyboard-with-keylogger-and-spybug\\\/#breadcrumb\"},\"inLanguage\":\"en-US\",\"potentialAction\":[{\"@type\":\"ReadAction\",\"target\":[\"https:\\\/\\\/www.spyshop.info\\\/en\\\/shop\\\/audio-surveillance\\\/gsm-bugs\\\/keyboard-with-keylogger-and-spybug\\\/\"]}]},{\"@type\":\"ImageObject\",\"inLanguage\":\"en-US\",\"@id\":\"https:\\\/\\\/www.spyshop.info\\\/en\\\/shop\\\/audio-surveillance\\\/gsm-bugs\\\/keyboard-with-keylogger-and-spybug\\\/#primaryimage\",\"url\":\"https:\\\/\\\/www.spyshop.info\\\/wp-content\\\/uploads\\\/2016\\\/07\\\/keylogger-keyboard-keystrokes-recording-voice-monitoring.jpg\",\"contentUrl\":\"https:\\\/\\\/www.spyshop.info\\\/wp-content\\\/uploads\\\/2016\\\/07\\\/keylogger-keyboard-keystrokes-recording-voice-monitoring.jpg\",\"width\":800,\"height\":800,\"caption\":\"keylogger-keyboard-keystrokes-recording-voice-monitoring\"},{\"@type\":\"BreadcrumbList\",\"@id\":\"https:\\\/\\\/www.spyshop.info\\\/en\\\/shop\\\/audio-surveillance\\\/gsm-bugs\\\/keyboard-with-keylogger-and-spybug\\\/#breadcrumb\",\"itemListElement\":[{\"@type\":\"ListItem\",\"position\":1,\"name\":\"Startseite\",\"item\":\"https:\\\/\\\/www.spyshop.info\\\/en\\\/\"},{\"@type\":\"ListItem\",\"position\":2,\"name\":\"Shop\",\"item\":\"https:\\\/\\\/www.spyshop.info\\\/en\\\/shop\\\/\"},{\"@type\":\"ListItem\",\"position\":3,\"name\":\"Keyboard with keylogger and spybug\"}]},{\"@type\":\"WebSite\",\"@id\":\"https:\\\/\\\/www.spyshop.info\\\/#website\",\"url\":\"https:\\\/\\\/www.spyshop.info\\\/\",\"name\":\"SpyShop\",\"description\":\"Abh\u00f6rger\u00e4te, GPS Sender, \u00dcberwachungskameras\",\"publisher\":{\"@id\":\"https:\\\/\\\/www.spyshop.info\\\/#organization\"},\"potentialAction\":[{\"@type\":\"SearchAction\",\"target\":{\"@type\":\"EntryPoint\",\"urlTemplate\":\"https:\\\/\\\/www.spyshop.info\\\/?s={search_term_string}\"},\"query-input\":{\"@type\":\"PropertyValueSpecification\",\"valueRequired\":true,\"valueName\":\"search_term_string\"}}],\"inLanguage\":\"en-US\"},{\"@type\":\"Organization\",\"@id\":\"https:\\\/\\\/www.spyshop.info\\\/#organization\",\"name\":\"SpyShop\",\"url\":\"https:\\\/\\\/www.spyshop.info\\\/\",\"logo\":{\"@type\":\"ImageObject\",\"inLanguage\":\"en-US\",\"@id\":\"https:\\\/\\\/www.spyshop.info\\\/#\\\/schema\\\/logo\\\/image\\\/\",\"url\":\"https:\\\/\\\/www.spyshop.info\\\/wp-content\\\/uploads\\\/2016\\\/11\\\/cropped-logo-spyshop-02-1-3.jpg\",\"contentUrl\":\"https:\\\/\\\/www.spyshop.info\\\/wp-content\\\/uploads\\\/2016\\\/11\\\/cropped-logo-spyshop-02-1-3.jpg\",\"width\":1522,\"height\":435,\"caption\":\"SpyShop\"},\"image\":{\"@id\":\"https:\\\/\\\/www.spyshop.info\\\/#\\\/schema\\\/logo\\\/image\\\/\"}}]}<\/script>\n<!-- \/ Yoast SEO plugin. -->","yoast_head_json":{"title":"Keyboard with keylogger and spybug - SpyShop","robots":{"index":"index","follow":"follow","max-snippet":"max-snippet:-1","max-image-preview":"max-image-preview:large","max-video-preview":"max-video-preview:-1"},"canonical":"https:\/\/www.spyshop.info\/en\/shop\/audio-surveillance\/gsm-bugs\/keyboard-with-keylogger-and-spybug\/","og_locale":"en_US","og_type":"article","og_title":"Keyboard with keylogger and spybug - SpyShop","og_description":"The USB Keylogger with 4MB capacity is built directly into a keyboard for even greater discretion. (IMPORTANT: We have only US\/ENG keyboards, if you need a specific language keyboard please consult our sales representative before ordering) This device represents a unique combination of a listening covert device as well as a keylogger. It will allow you to listen to the conversations around the monitored place as well as to get the keystrokes that were pushed. In this way you can get complete surveillance. The Keylogger records all button presses, so you will always have an overview of all activities on the computer. The Keylogger can help you to monitor your employees. Thanks to the keylogger you can also discover all forms of login data.","og_url":"https:\/\/www.spyshop.info\/en\/shop\/audio-surveillance\/gsm-bugs\/keyboard-with-keylogger-and-spybug\/","og_site_name":"SpyShop","article_modified_time":"2019-05-05T08:07:16+00:00","og_image":[{"width":800,"height":800,"url":"https:\/\/www.spyshop.info\/wp-content\/uploads\/2016\/07\/keylogger-keyboard-keystrokes-recording-voice-monitoring.jpg","type":"image\/jpeg"}],"twitter_card":"summary_large_image","twitter_misc":{"Est. reading time":"1 minute"},"schema":{"@context":"https:\/\/schema.org","@graph":[{"@type":"WebPage","@id":"https:\/\/www.spyshop.info\/en\/shop\/audio-surveillance\/gsm-bugs\/keyboard-with-keylogger-and-spybug\/","url":"https:\/\/www.spyshop.info\/en\/shop\/audio-surveillance\/gsm-bugs\/keyboard-with-keylogger-and-spybug\/","name":"Keyboard with keylogger and spybug - SpyShop","isPartOf":{"@id":"https:\/\/www.spyshop.info\/#website"},"primaryImageOfPage":{"@id":"https:\/\/www.spyshop.info\/en\/shop\/audio-surveillance\/gsm-bugs\/keyboard-with-keylogger-and-spybug\/#primaryimage"},"image":{"@id":"https:\/\/www.spyshop.info\/en\/shop\/audio-surveillance\/gsm-bugs\/keyboard-with-keylogger-and-spybug\/#primaryimage"},"thumbnailUrl":"https:\/\/www.spyshop.info\/wp-content\/uploads\/2016\/07\/keylogger-keyboard-keystrokes-recording-voice-monitoring.jpg","datePublished":"2016-07-20T21:26:19+00:00","dateModified":"2019-05-05T08:07:16+00:00","breadcrumb":{"@id":"https:\/\/www.spyshop.info\/en\/shop\/audio-surveillance\/gsm-bugs\/keyboard-with-keylogger-and-spybug\/#breadcrumb"},"inLanguage":"en-US","potentialAction":[{"@type":"ReadAction","target":["https:\/\/www.spyshop.info\/en\/shop\/audio-surveillance\/gsm-bugs\/keyboard-with-keylogger-and-spybug\/"]}]},{"@type":"ImageObject","inLanguage":"en-US","@id":"https:\/\/www.spyshop.info\/en\/shop\/audio-surveillance\/gsm-bugs\/keyboard-with-keylogger-and-spybug\/#primaryimage","url":"https:\/\/www.spyshop.info\/wp-content\/uploads\/2016\/07\/keylogger-keyboard-keystrokes-recording-voice-monitoring.jpg","contentUrl":"https:\/\/www.spyshop.info\/wp-content\/uploads\/2016\/07\/keylogger-keyboard-keystrokes-recording-voice-monitoring.jpg","width":800,"height":800,"caption":"keylogger-keyboard-keystrokes-recording-voice-monitoring"},{"@type":"BreadcrumbList","@id":"https:\/\/www.spyshop.info\/en\/shop\/audio-surveillance\/gsm-bugs\/keyboard-with-keylogger-and-spybug\/#breadcrumb","itemListElement":[{"@type":"ListItem","position":1,"name":"Startseite","item":"https:\/\/www.spyshop.info\/en\/"},{"@type":"ListItem","position":2,"name":"Shop","item":"https:\/\/www.spyshop.info\/en\/shop\/"},{"@type":"ListItem","position":3,"name":"Keyboard with keylogger and spybug"}]},{"@type":"WebSite","@id":"https:\/\/www.spyshop.info\/#website","url":"https:\/\/www.spyshop.info\/","name":"SpyShop","description":"Abh\u00f6rger\u00e4te, GPS Sender, \u00dcberwachungskameras","publisher":{"@id":"https:\/\/www.spyshop.info\/#organization"},"potentialAction":[{"@type":"SearchAction","target":{"@type":"EntryPoint","urlTemplate":"https:\/\/www.spyshop.info\/?s={search_term_string}"},"query-input":{"@type":"PropertyValueSpecification","valueRequired":true,"valueName":"search_term_string"}}],"inLanguage":"en-US"},{"@type":"Organization","@id":"https:\/\/www.spyshop.info\/#organization","name":"SpyShop","url":"https:\/\/www.spyshop.info\/","logo":{"@type":"ImageObject","inLanguage":"en-US","@id":"https:\/\/www.spyshop.info\/#\/schema\/logo\/image\/","url":"https:\/\/www.spyshop.info\/wp-content\/uploads\/2016\/11\/cropped-logo-spyshop-02-1-3.jpg","contentUrl":"https:\/\/www.spyshop.info\/wp-content\/uploads\/2016\/11\/cropped-logo-spyshop-02-1-3.jpg","width":1522,"height":435,"caption":"SpyShop"},"image":{"@id":"https:\/\/www.spyshop.info\/#\/schema\/logo\/image\/"}}]}},"_links":{"self":[{"href":"https:\/\/www.spyshop.info\/en\/wp-json\/wp\/v2\/product\/389","targetHints":{"allow":["GET"]}}],"collection":[{"href":"https:\/\/www.spyshop.info\/en\/wp-json\/wp\/v2\/product"}],"about":[{"href":"https:\/\/www.spyshop.info\/en\/wp-json\/wp\/v2\/types\/product"}],"version-history":[{"count":0,"href":"https:\/\/www.spyshop.info\/en\/wp-json\/wp\/v2\/product\/389\/revisions"}],"wp:featuredmedia":[{"embeddable":true,"href":"https:\/\/www.spyshop.info\/en\/wp-json\/wp\/v2\/media\/388"}],"wp:attachment":[{"href":"https:\/\/www.spyshop.info\/en\/wp-json\/wp\/v2\/media?parent=389"}],"wp:term":[{"taxonomy":"product_brand","embeddable":true,"href":"https:\/\/www.spyshop.info\/en\/wp-json\/wp\/v2\/product_brand?post=389"},{"taxonomy":"product_cat","embeddable":true,"href":"https:\/\/www.spyshop.info\/en\/wp-json\/wp\/v2\/product_cat?post=389"},{"taxonomy":"product_tag","embeddable":true,"href":"https:\/\/www.spyshop.info\/en\/wp-json\/wp\/v2\/product_tag?post=389"}],"curies":[{"name":"wp","href":"https:\/\/api.w.org\/{rel}","templated":true}]}}