{"id":273,"date":"2016-07-20T18:37:41","date_gmt":"2016-07-20T16:37:41","guid":{"rendered":"https:\/\/www.spyshop.info\/en\/shop\/unkategorisiert\/glite-220v-bis-3-7v-ups-adapter-2\/"},"modified":"2019-05-05T10:09:08","modified_gmt":"2019-05-05T08:09:08","slug":"glite-220v-bis-3-7v-ups-adapter","status":"publish","type":"product","link":"https:\/\/www.spyshop.info\/en\/shop\/audio-surveillance\/audio-accessoires\/glite-220v-bis-3-7v-ups-adapter\/","title":{"rendered":"Glite 220V bis 3.7V UPS Adapter"},"content":{"rendered":"<h3>(24\/7 surveillance)<\/h3>\n<p>The Glite 220V to 3.7V UPS adapter allows you to work with a Glite PRO module in a more comfortable way. With our UPS you can connect and have 24\/7 surveillance turned on. In this way you can place the listening device onto any power grid up to 220 Volts. This UPS Glite 12V to 3.7V UPS adapter has a built-in rechargeable battery of 400mAh which gives the Glite PRO or the GLite PRO+ the ability to run for a few hours in case that there is an electricity shortage.<\/p>\n<p>The GLite series of listening devices was developed so the device can be easily placed anywhere. There are 2 different UPS types, firstly we have the type for cars that transforms from 12V to 3.7V and secondly the one for appliances.The majority of home appliances or plugs contain enough spare room for such a small device.<br \/>\nThis device was designed for professional usage, therefore we advise you to consult an electrician before purchase and installation.<\/p>\n<p>&nbsp;<\/p>\n","protected":false},"excerpt":{"rendered":"<h3>(24\/7 surveillance)<\/h3>\n<p>The Glite 220V to 3.7V UPS adapter allows you to work with a Glite PRO module in a more comfortable way. With our UPS you can connect and have 24\/7 surveillance turned on. In this way you can place the listening device onto any power grid up to 220 Volts. This UPS Glite 12V to 3.7V UPS adapter has a built-in rechargeable battery of 400mAh which gives the Glite PRO or the GLite PRO+ the ability to run for a few hours in case that there is an electricity shortage.<\/p>\n","protected":false},"featured_media":270,"template":"","meta":[],"product_brand":[],"product_cat":[188,189],"product_tag":[],"class_list":{"0":"post-273","1":"product","2":"type-product","3":"status-publish","4":"has-post-thumbnail","6":"product_cat-audio-surveillance","7":"product_cat-audio-accessoires","9":"first","10":"instock","11":"taxable","12":"shipping-taxable","13":"purchasable","14":"product-type-simple"},"yoast_head":"<!-- This site is optimized with the Yoast SEO plugin v27.5 - https:\/\/yoast.com\/product\/yoast-seo-wordpress\/ -->\n<title>Glite 220V bis 3.7V UPS Adapter - SpyShop<\/title>\n<meta name=\"robots\" content=\"index, follow, max-snippet:-1, max-image-preview:large, max-video-preview:-1\" \/>\n<link rel=\"canonical\" href=\"https:\/\/www.spyshop.info\/en\/shop\/audio-surveillance\/audio-accessoires\/glite-220v-bis-3-7v-ups-adapter\/\" \/>\n<meta property=\"og:locale\" content=\"en_US\" \/>\n<meta property=\"og:type\" content=\"article\" \/>\n<meta property=\"og:title\" content=\"Glite 220V bis 3.7V UPS Adapter - SpyShop\" \/>\n<meta property=\"og:description\" content=\"(24\/7 surveillance) The Glite 220V to 3.7V UPS adapter allows you to work with a Glite PRO module in a more comfortable way. With our UPS you can connect and have 24\/7 surveillance turned on. In this way you can place the listening device onto any power grid up to 220 Volts. This UPS Glite 12V to 3.7V UPS adapter has a built-in rechargeable battery of 400mAh which gives the Glite PRO or the GLite PRO+ the ability to run for a few hours in case that there is an electricity shortage.\" \/>\n<meta property=\"og:url\" content=\"https:\/\/www.spyshop.info\/en\/shop\/audio-surveillance\/audio-accessoires\/glite-220v-bis-3-7v-ups-adapter\/\" \/>\n<meta property=\"og:site_name\" content=\"SpyShop\" \/>\n<meta property=\"article:modified_time\" content=\"2019-05-05T08:09:08+00:00\" \/>\n<meta property=\"og:image\" content=\"https:\/\/www.spyshop.info\/wp-content\/uploads\/2016\/07\/glite-220v-to-37v-ups-adapter-247-surveillance.jpg\" \/>\n\t<meta property=\"og:image:width\" content=\"800\" \/>\n\t<meta property=\"og:image:height\" content=\"800\" \/>\n\t<meta property=\"og:image:type\" content=\"image\/jpeg\" \/>\n<meta name=\"twitter:card\" content=\"summary_large_image\" \/>\n<meta name=\"twitter:label1\" content=\"Est. reading time\" \/>\n\t<meta name=\"twitter:data1\" content=\"1 minute\" \/>\n<script type=\"application\/ld+json\" class=\"yoast-schema-graph\">{\"@context\":\"https:\\\/\\\/schema.org\",\"@graph\":[{\"@type\":\"WebPage\",\"@id\":\"https:\\\/\\\/www.spyshop.info\\\/en\\\/shop\\\/audio-surveillance\\\/audio-accessoires\\\/glite-220v-bis-3-7v-ups-adapter\\\/\",\"url\":\"https:\\\/\\\/www.spyshop.info\\\/en\\\/shop\\\/audio-surveillance\\\/audio-accessoires\\\/glite-220v-bis-3-7v-ups-adapter\\\/\",\"name\":\"Glite 220V bis 3.7V UPS Adapter - SpyShop\",\"isPartOf\":{\"@id\":\"https:\\\/\\\/www.spyshop.info\\\/#website\"},\"primaryImageOfPage\":{\"@id\":\"https:\\\/\\\/www.spyshop.info\\\/en\\\/shop\\\/audio-surveillance\\\/audio-accessoires\\\/glite-220v-bis-3-7v-ups-adapter\\\/#primaryimage\"},\"image\":{\"@id\":\"https:\\\/\\\/www.spyshop.info\\\/en\\\/shop\\\/audio-surveillance\\\/audio-accessoires\\\/glite-220v-bis-3-7v-ups-adapter\\\/#primaryimage\"},\"thumbnailUrl\":\"https:\\\/\\\/www.spyshop.info\\\/wp-content\\\/uploads\\\/2016\\\/07\\\/glite-220v-to-37v-ups-adapter-247-surveillance.jpg\",\"datePublished\":\"2016-07-20T16:37:41+00:00\",\"dateModified\":\"2019-05-05T08:09:08+00:00\",\"breadcrumb\":{\"@id\":\"https:\\\/\\\/www.spyshop.info\\\/en\\\/shop\\\/audio-surveillance\\\/audio-accessoires\\\/glite-220v-bis-3-7v-ups-adapter\\\/#breadcrumb\"},\"inLanguage\":\"en-US\",\"potentialAction\":[{\"@type\":\"ReadAction\",\"target\":[\"https:\\\/\\\/www.spyshop.info\\\/en\\\/shop\\\/audio-surveillance\\\/audio-accessoires\\\/glite-220v-bis-3-7v-ups-adapter\\\/\"]}]},{\"@type\":\"ImageObject\",\"inLanguage\":\"en-US\",\"@id\":\"https:\\\/\\\/www.spyshop.info\\\/en\\\/shop\\\/audio-surveillance\\\/audio-accessoires\\\/glite-220v-bis-3-7v-ups-adapter\\\/#primaryimage\",\"url\":\"https:\\\/\\\/www.spyshop.info\\\/wp-content\\\/uploads\\\/2016\\\/07\\\/glite-220v-to-37v-ups-adapter-247-surveillance.jpg\",\"contentUrl\":\"https:\\\/\\\/www.spyshop.info\\\/wp-content\\\/uploads\\\/2016\\\/07\\\/glite-220v-to-37v-ups-adapter-247-surveillance.jpg\",\"width\":800,\"height\":800,\"caption\":\"glite-220v-to-37v-ups-adapter-247-surveillance\"},{\"@type\":\"BreadcrumbList\",\"@id\":\"https:\\\/\\\/www.spyshop.info\\\/en\\\/shop\\\/audio-surveillance\\\/audio-accessoires\\\/glite-220v-bis-3-7v-ups-adapter\\\/#breadcrumb\",\"itemListElement\":[{\"@type\":\"ListItem\",\"position\":1,\"name\":\"Startseite\",\"item\":\"https:\\\/\\\/www.spyshop.info\\\/en\\\/\"},{\"@type\":\"ListItem\",\"position\":2,\"name\":\"Shop\",\"item\":\"https:\\\/\\\/www.spyshop.info\\\/en\\\/shop\\\/\"},{\"@type\":\"ListItem\",\"position\":3,\"name\":\"Glite 220V bis 3.7V UPS Adapter\"}]},{\"@type\":\"WebSite\",\"@id\":\"https:\\\/\\\/www.spyshop.info\\\/#website\",\"url\":\"https:\\\/\\\/www.spyshop.info\\\/\",\"name\":\"SpyShop\",\"description\":\"Abh\u00f6rger\u00e4te, GPS Sender, \u00dcberwachungskameras\",\"publisher\":{\"@id\":\"https:\\\/\\\/www.spyshop.info\\\/#organization\"},\"potentialAction\":[{\"@type\":\"SearchAction\",\"target\":{\"@type\":\"EntryPoint\",\"urlTemplate\":\"https:\\\/\\\/www.spyshop.info\\\/?s={search_term_string}\"},\"query-input\":{\"@type\":\"PropertyValueSpecification\",\"valueRequired\":true,\"valueName\":\"search_term_string\"}}],\"inLanguage\":\"en-US\"},{\"@type\":\"Organization\",\"@id\":\"https:\\\/\\\/www.spyshop.info\\\/#organization\",\"name\":\"SpyShop\",\"url\":\"https:\\\/\\\/www.spyshop.info\\\/\",\"logo\":{\"@type\":\"ImageObject\",\"inLanguage\":\"en-US\",\"@id\":\"https:\\\/\\\/www.spyshop.info\\\/#\\\/schema\\\/logo\\\/image\\\/\",\"url\":\"https:\\\/\\\/www.spyshop.info\\\/wp-content\\\/uploads\\\/2016\\\/11\\\/cropped-logo-spyshop-02-1-3.jpg\",\"contentUrl\":\"https:\\\/\\\/www.spyshop.info\\\/wp-content\\\/uploads\\\/2016\\\/11\\\/cropped-logo-spyshop-02-1-3.jpg\",\"width\":1522,\"height\":435,\"caption\":\"SpyShop\"},\"image\":{\"@id\":\"https:\\\/\\\/www.spyshop.info\\\/#\\\/schema\\\/logo\\\/image\\\/\"}}]}<\/script>\n<!-- \/ Yoast SEO plugin. -->","yoast_head_json":{"title":"Glite 220V bis 3.7V UPS Adapter - SpyShop","robots":{"index":"index","follow":"follow","max-snippet":"max-snippet:-1","max-image-preview":"max-image-preview:large","max-video-preview":"max-video-preview:-1"},"canonical":"https:\/\/www.spyshop.info\/en\/shop\/audio-surveillance\/audio-accessoires\/glite-220v-bis-3-7v-ups-adapter\/","og_locale":"en_US","og_type":"article","og_title":"Glite 220V bis 3.7V UPS Adapter - SpyShop","og_description":"(24\/7 surveillance) The Glite 220V to 3.7V UPS adapter allows you to work with a Glite PRO module in a more comfortable way. With our UPS you can connect and have 24\/7 surveillance turned on. In this way you can place the listening device onto any power grid up to 220 Volts. This UPS Glite 12V to 3.7V UPS adapter has a built-in rechargeable battery of 400mAh which gives the Glite PRO or the GLite PRO+ the ability to run for a few hours in case that there is an electricity shortage.","og_url":"https:\/\/www.spyshop.info\/en\/shop\/audio-surveillance\/audio-accessoires\/glite-220v-bis-3-7v-ups-adapter\/","og_site_name":"SpyShop","article_modified_time":"2019-05-05T08:09:08+00:00","og_image":[{"width":800,"height":800,"url":"https:\/\/www.spyshop.info\/wp-content\/uploads\/2016\/07\/glite-220v-to-37v-ups-adapter-247-surveillance.jpg","type":"image\/jpeg"}],"twitter_card":"summary_large_image","twitter_misc":{"Est. reading time":"1 minute"},"schema":{"@context":"https:\/\/schema.org","@graph":[{"@type":"WebPage","@id":"https:\/\/www.spyshop.info\/en\/shop\/audio-surveillance\/audio-accessoires\/glite-220v-bis-3-7v-ups-adapter\/","url":"https:\/\/www.spyshop.info\/en\/shop\/audio-surveillance\/audio-accessoires\/glite-220v-bis-3-7v-ups-adapter\/","name":"Glite 220V bis 3.7V UPS Adapter - SpyShop","isPartOf":{"@id":"https:\/\/www.spyshop.info\/#website"},"primaryImageOfPage":{"@id":"https:\/\/www.spyshop.info\/en\/shop\/audio-surveillance\/audio-accessoires\/glite-220v-bis-3-7v-ups-adapter\/#primaryimage"},"image":{"@id":"https:\/\/www.spyshop.info\/en\/shop\/audio-surveillance\/audio-accessoires\/glite-220v-bis-3-7v-ups-adapter\/#primaryimage"},"thumbnailUrl":"https:\/\/www.spyshop.info\/wp-content\/uploads\/2016\/07\/glite-220v-to-37v-ups-adapter-247-surveillance.jpg","datePublished":"2016-07-20T16:37:41+00:00","dateModified":"2019-05-05T08:09:08+00:00","breadcrumb":{"@id":"https:\/\/www.spyshop.info\/en\/shop\/audio-surveillance\/audio-accessoires\/glite-220v-bis-3-7v-ups-adapter\/#breadcrumb"},"inLanguage":"en-US","potentialAction":[{"@type":"ReadAction","target":["https:\/\/www.spyshop.info\/en\/shop\/audio-surveillance\/audio-accessoires\/glite-220v-bis-3-7v-ups-adapter\/"]}]},{"@type":"ImageObject","inLanguage":"en-US","@id":"https:\/\/www.spyshop.info\/en\/shop\/audio-surveillance\/audio-accessoires\/glite-220v-bis-3-7v-ups-adapter\/#primaryimage","url":"https:\/\/www.spyshop.info\/wp-content\/uploads\/2016\/07\/glite-220v-to-37v-ups-adapter-247-surveillance.jpg","contentUrl":"https:\/\/www.spyshop.info\/wp-content\/uploads\/2016\/07\/glite-220v-to-37v-ups-adapter-247-surveillance.jpg","width":800,"height":800,"caption":"glite-220v-to-37v-ups-adapter-247-surveillance"},{"@type":"BreadcrumbList","@id":"https:\/\/www.spyshop.info\/en\/shop\/audio-surveillance\/audio-accessoires\/glite-220v-bis-3-7v-ups-adapter\/#breadcrumb","itemListElement":[{"@type":"ListItem","position":1,"name":"Startseite","item":"https:\/\/www.spyshop.info\/en\/"},{"@type":"ListItem","position":2,"name":"Shop","item":"https:\/\/www.spyshop.info\/en\/shop\/"},{"@type":"ListItem","position":3,"name":"Glite 220V bis 3.7V UPS Adapter"}]},{"@type":"WebSite","@id":"https:\/\/www.spyshop.info\/#website","url":"https:\/\/www.spyshop.info\/","name":"SpyShop","description":"Abh\u00f6rger\u00e4te, GPS Sender, \u00dcberwachungskameras","publisher":{"@id":"https:\/\/www.spyshop.info\/#organization"},"potentialAction":[{"@type":"SearchAction","target":{"@type":"EntryPoint","urlTemplate":"https:\/\/www.spyshop.info\/?s={search_term_string}"},"query-input":{"@type":"PropertyValueSpecification","valueRequired":true,"valueName":"search_term_string"}}],"inLanguage":"en-US"},{"@type":"Organization","@id":"https:\/\/www.spyshop.info\/#organization","name":"SpyShop","url":"https:\/\/www.spyshop.info\/","logo":{"@type":"ImageObject","inLanguage":"en-US","@id":"https:\/\/www.spyshop.info\/#\/schema\/logo\/image\/","url":"https:\/\/www.spyshop.info\/wp-content\/uploads\/2016\/11\/cropped-logo-spyshop-02-1-3.jpg","contentUrl":"https:\/\/www.spyshop.info\/wp-content\/uploads\/2016\/11\/cropped-logo-spyshop-02-1-3.jpg","width":1522,"height":435,"caption":"SpyShop"},"image":{"@id":"https:\/\/www.spyshop.info\/#\/schema\/logo\/image\/"}}]}},"_links":{"self":[{"href":"https:\/\/www.spyshop.info\/en\/wp-json\/wp\/v2\/product\/273","targetHints":{"allow":["GET"]}}],"collection":[{"href":"https:\/\/www.spyshop.info\/en\/wp-json\/wp\/v2\/product"}],"about":[{"href":"https:\/\/www.spyshop.info\/en\/wp-json\/wp\/v2\/types\/product"}],"version-history":[{"count":0,"href":"https:\/\/www.spyshop.info\/en\/wp-json\/wp\/v2\/product\/273\/revisions"}],"wp:featuredmedia":[{"embeddable":true,"href":"https:\/\/www.spyshop.info\/en\/wp-json\/wp\/v2\/media\/270"}],"wp:attachment":[{"href":"https:\/\/www.spyshop.info\/en\/wp-json\/wp\/v2\/media?parent=273"}],"wp:term":[{"taxonomy":"product_brand","embeddable":true,"href":"https:\/\/www.spyshop.info\/en\/wp-json\/wp\/v2\/product_brand?post=273"},{"taxonomy":"product_cat","embeddable":true,"href":"https:\/\/www.spyshop.info\/en\/wp-json\/wp\/v2\/product_cat?post=273"},{"taxonomy":"product_tag","embeddable":true,"href":"https:\/\/www.spyshop.info\/en\/wp-json\/wp\/v2\/product_tag?post=273"}],"curies":[{"name":"wp","href":"https:\/\/api.w.org\/{rel}","templated":true}]}}