{"id":2709,"date":"2019-05-07T10:00:47","date_gmt":"2019-05-07T08:00:47","guid":{"rendered":"https:\/\/www.spyshop.info\/shop\/unkategorisiert\/mounting-kit-for-gps-transmitter\/"},"modified":"2020-01-21T15:11:12","modified_gmt":"2020-01-21T14:11:12","slug":"mounting-kit-for-gps-transmitter","status":"publish","type":"product","link":"https:\/\/www.spyshop.info\/en\/shop\/gps-surveillance\/gps-accessoires\/mounting-kit-for-gps-transmitter\/","title":{"rendered":"Mounting kit for GPS transmitter"},"content":{"rendered":"<p>So far, government and private sector investigators had to make enormous<br \/>\nefforts when it comes to attaching GPS transmitters under vehicles whose bottom is<br \/>\nmade entirely of aluminum and \/ or plastic. The special kneading compounds which<br \/>\ncould only be touched with rubber gloves and had to be brought to a suitable<br \/>\ntemperature by the means of a hair dryer, caused enormous expenditure of time<br \/>\nduring installation. Effort that was often not possible, because a procedure based<br \/>\non the principle &#8220;hit and run&#8221; was the only solution.<\/p>\n<p>The Sanoj tape is a double-sided foam tape that sticks to it. We have<br \/>\nextensively tested it and may report that it withstands any wet weather as well as<br \/>\ntemperature differences of 25 degrees. The manufacturer recommends a mounting not<br \/>\nless than 10 degrees plus &#8211; we have successfully installed the tape even at<br \/>\ntemperatures far below. You only need to clean the subfloor for a short time. All<br \/>\nyou need is a tar and tree resin remover or a silicone spray. Spray briefly on a<br \/>\ncloth, wipe over the subfloor, then wipe dry again and apply the tape. Whether you<br \/>\nstick this directly to the transmitter or on a small metal plate (on which the<br \/>\nmagnetic transmitter is then grafted), is up to you and your requirements.<\/p>\n<p>Contents of the kit:<\/p>\n<p>-) double sided Sanoj tape (25mm x 10m)<\/p>\n<p>-) 3 pieces of black lacquered metal plates in the dimensions 70mm x 70mm x 0.5mm<\/p>\n","protected":false},"excerpt":{"rendered":"<p>You are an investigator and desperate because of the fact that more and<br \/>\nmore vehicle manufacturers manufacture their vehicle underbody made of aluminum<br \/>\nand \/ or plastic, so that no magnetic transmitter adheres? Forget about your<br \/>\nworries &#8211; we have the solution!<\/p>\n","protected":false},"featured_media":2653,"template":"","meta":[],"product_brand":[],"product_cat":[152,197],"product_tag":[],"class_list":{"0":"post-2709","1":"product","2":"type-product","3":"status-publish","4":"has-post-thumbnail","6":"product_cat-gps-surveillance","7":"product_cat-gps-accessoires","9":"first","10":"outofstock","11":"taxable","12":"shipping-taxable","13":"purchasable","14":"product-type-simple"},"yoast_head":"<!-- This site is optimized with the Yoast SEO plugin v27.3 - https:\/\/yoast.com\/product\/yoast-seo-wordpress\/ -->\n<title>Mounting kit for GPS transmitter - SpyShop<\/title>\n<meta name=\"robots\" content=\"index, follow, max-snippet:-1, max-image-preview:large, max-video-preview:-1\" \/>\n<link rel=\"canonical\" href=\"https:\/\/www.spyshop.info\/en\/shop\/gps-surveillance\/gps-accessoires\/mounting-kit-for-gps-transmitter\/\" \/>\n<meta property=\"og:locale\" content=\"en_US\" \/>\n<meta property=\"og:type\" content=\"article\" \/>\n<meta property=\"og:title\" content=\"Mounting kit for GPS transmitter - SpyShop\" \/>\n<meta property=\"og:description\" content=\"You are an investigator and desperate because of the fact that more and more vehicle manufacturers manufacture their vehicle underbody made of aluminum and \/ or plastic, so that no magnetic transmitter adheres? Forget about your worries - we have the solution!\" \/>\n<meta property=\"og:url\" content=\"https:\/\/www.spyshop.info\/en\/shop\/gps-surveillance\/gps-accessoires\/mounting-kit-for-gps-transmitter\/\" \/>\n<meta property=\"og:site_name\" content=\"SpyShop\" \/>\n<meta property=\"article:modified_time\" content=\"2020-01-21T14:11:12+00:00\" \/>\n<meta property=\"og:image\" content=\"https:\/\/www.spyshop.info\/wp-content\/uploads\/2019\/05\/1-1.jpg\" \/>\n\t<meta property=\"og:image:width\" content=\"598\" \/>\n\t<meta property=\"og:image:height\" content=\"640\" \/>\n\t<meta property=\"og:image:type\" content=\"image\/jpeg\" \/>\n<meta name=\"twitter:card\" content=\"summary_large_image\" \/>\n<meta name=\"twitter:label1\" content=\"Est. reading time\" \/>\n\t<meta name=\"twitter:data1\" content=\"1 minute\" \/>\n<script type=\"application\/ld+json\" class=\"yoast-schema-graph\">{\"@context\":\"https:\\\/\\\/schema.org\",\"@graph\":[{\"@type\":\"WebPage\",\"@id\":\"https:\\\/\\\/www.spyshop.info\\\/en\\\/shop\\\/gps-surveillance\\\/gps-accessoires\\\/mounting-kit-for-gps-transmitter\\\/\",\"url\":\"https:\\\/\\\/www.spyshop.info\\\/en\\\/shop\\\/gps-surveillance\\\/gps-accessoires\\\/mounting-kit-for-gps-transmitter\\\/\",\"name\":\"Mounting kit for GPS transmitter - SpyShop\",\"isPartOf\":{\"@id\":\"https:\\\/\\\/www.spyshop.info\\\/#website\"},\"primaryImageOfPage\":{\"@id\":\"https:\\\/\\\/www.spyshop.info\\\/en\\\/shop\\\/gps-surveillance\\\/gps-accessoires\\\/mounting-kit-for-gps-transmitter\\\/#primaryimage\"},\"image\":{\"@id\":\"https:\\\/\\\/www.spyshop.info\\\/en\\\/shop\\\/gps-surveillance\\\/gps-accessoires\\\/mounting-kit-for-gps-transmitter\\\/#primaryimage\"},\"thumbnailUrl\":\"https:\\\/\\\/www.spyshop.info\\\/wp-content\\\/uploads\\\/2019\\\/05\\\/1-1.jpg\",\"datePublished\":\"2019-05-07T08:00:47+00:00\",\"dateModified\":\"2020-01-21T14:11:12+00:00\",\"breadcrumb\":{\"@id\":\"https:\\\/\\\/www.spyshop.info\\\/en\\\/shop\\\/gps-surveillance\\\/gps-accessoires\\\/mounting-kit-for-gps-transmitter\\\/#breadcrumb\"},\"inLanguage\":\"en-US\",\"potentialAction\":[{\"@type\":\"ReadAction\",\"target\":[\"https:\\\/\\\/www.spyshop.info\\\/en\\\/shop\\\/gps-surveillance\\\/gps-accessoires\\\/mounting-kit-for-gps-transmitter\\\/\"]}]},{\"@type\":\"ImageObject\",\"inLanguage\":\"en-US\",\"@id\":\"https:\\\/\\\/www.spyshop.info\\\/en\\\/shop\\\/gps-surveillance\\\/gps-accessoires\\\/mounting-kit-for-gps-transmitter\\\/#primaryimage\",\"url\":\"https:\\\/\\\/www.spyshop.info\\\/wp-content\\\/uploads\\\/2019\\\/05\\\/1-1.jpg\",\"contentUrl\":\"https:\\\/\\\/www.spyshop.info\\\/wp-content\\\/uploads\\\/2019\\\/05\\\/1-1.jpg\",\"width\":598,\"height\":640,\"caption\":\"Befestigungsmaterial f\u00fcr GPS-Ortung\"},{\"@type\":\"BreadcrumbList\",\"@id\":\"https:\\\/\\\/www.spyshop.info\\\/en\\\/shop\\\/gps-surveillance\\\/gps-accessoires\\\/mounting-kit-for-gps-transmitter\\\/#breadcrumb\",\"itemListElement\":[{\"@type\":\"ListItem\",\"position\":1,\"name\":\"Startseite\",\"item\":\"https:\\\/\\\/www.spyshop.info\\\/en\\\/\"},{\"@type\":\"ListItem\",\"position\":2,\"name\":\"Shop\",\"item\":\"https:\\\/\\\/www.spyshop.info\\\/en\\\/shop\\\/\"},{\"@type\":\"ListItem\",\"position\":3,\"name\":\"Mounting kit for GPS transmitter\"}]},{\"@type\":\"WebSite\",\"@id\":\"https:\\\/\\\/www.spyshop.info\\\/#website\",\"url\":\"https:\\\/\\\/www.spyshop.info\\\/\",\"name\":\"SpyShop\",\"description\":\"Abh\u00f6rger\u00e4te, GPS Sender, \u00dcberwachungskameras\",\"publisher\":{\"@id\":\"https:\\\/\\\/www.spyshop.info\\\/#organization\"},\"potentialAction\":[{\"@type\":\"SearchAction\",\"target\":{\"@type\":\"EntryPoint\",\"urlTemplate\":\"https:\\\/\\\/www.spyshop.info\\\/?s={search_term_string}\"},\"query-input\":{\"@type\":\"PropertyValueSpecification\",\"valueRequired\":true,\"valueName\":\"search_term_string\"}}],\"inLanguage\":\"en-US\"},{\"@type\":\"Organization\",\"@id\":\"https:\\\/\\\/www.spyshop.info\\\/#organization\",\"name\":\"SpyShop\",\"url\":\"https:\\\/\\\/www.spyshop.info\\\/\",\"logo\":{\"@type\":\"ImageObject\",\"inLanguage\":\"en-US\",\"@id\":\"https:\\\/\\\/www.spyshop.info\\\/#\\\/schema\\\/logo\\\/image\\\/\",\"url\":\"https:\\\/\\\/www.spyshop.info\\\/wp-content\\\/uploads\\\/2016\\\/11\\\/cropped-logo-spyshop-02-1-3.jpg\",\"contentUrl\":\"https:\\\/\\\/www.spyshop.info\\\/wp-content\\\/uploads\\\/2016\\\/11\\\/cropped-logo-spyshop-02-1-3.jpg\",\"width\":1522,\"height\":435,\"caption\":\"SpyShop\"},\"image\":{\"@id\":\"https:\\\/\\\/www.spyshop.info\\\/#\\\/schema\\\/logo\\\/image\\\/\"}}]}<\/script>\n<!-- \/ Yoast SEO plugin. -->","yoast_head_json":{"title":"Mounting kit for GPS transmitter - SpyShop","robots":{"index":"index","follow":"follow","max-snippet":"max-snippet:-1","max-image-preview":"max-image-preview:large","max-video-preview":"max-video-preview:-1"},"canonical":"https:\/\/www.spyshop.info\/en\/shop\/gps-surveillance\/gps-accessoires\/mounting-kit-for-gps-transmitter\/","og_locale":"en_US","og_type":"article","og_title":"Mounting kit for GPS transmitter - SpyShop","og_description":"You are an investigator and desperate because of the fact that more and more vehicle manufacturers manufacture their vehicle underbody made of aluminum and \/ or plastic, so that no magnetic transmitter adheres? Forget about your worries - we have the solution!","og_url":"https:\/\/www.spyshop.info\/en\/shop\/gps-surveillance\/gps-accessoires\/mounting-kit-for-gps-transmitter\/","og_site_name":"SpyShop","article_modified_time":"2020-01-21T14:11:12+00:00","og_image":[{"width":598,"height":640,"url":"https:\/\/www.spyshop.info\/wp-content\/uploads\/2019\/05\/1-1.jpg","type":"image\/jpeg"}],"twitter_card":"summary_large_image","twitter_misc":{"Est. reading time":"1 minute"},"schema":{"@context":"https:\/\/schema.org","@graph":[{"@type":"WebPage","@id":"https:\/\/www.spyshop.info\/en\/shop\/gps-surveillance\/gps-accessoires\/mounting-kit-for-gps-transmitter\/","url":"https:\/\/www.spyshop.info\/en\/shop\/gps-surveillance\/gps-accessoires\/mounting-kit-for-gps-transmitter\/","name":"Mounting kit for GPS transmitter - SpyShop","isPartOf":{"@id":"https:\/\/www.spyshop.info\/#website"},"primaryImageOfPage":{"@id":"https:\/\/www.spyshop.info\/en\/shop\/gps-surveillance\/gps-accessoires\/mounting-kit-for-gps-transmitter\/#primaryimage"},"image":{"@id":"https:\/\/www.spyshop.info\/en\/shop\/gps-surveillance\/gps-accessoires\/mounting-kit-for-gps-transmitter\/#primaryimage"},"thumbnailUrl":"https:\/\/www.spyshop.info\/wp-content\/uploads\/2019\/05\/1-1.jpg","datePublished":"2019-05-07T08:00:47+00:00","dateModified":"2020-01-21T14:11:12+00:00","breadcrumb":{"@id":"https:\/\/www.spyshop.info\/en\/shop\/gps-surveillance\/gps-accessoires\/mounting-kit-for-gps-transmitter\/#breadcrumb"},"inLanguage":"en-US","potentialAction":[{"@type":"ReadAction","target":["https:\/\/www.spyshop.info\/en\/shop\/gps-surveillance\/gps-accessoires\/mounting-kit-for-gps-transmitter\/"]}]},{"@type":"ImageObject","inLanguage":"en-US","@id":"https:\/\/www.spyshop.info\/en\/shop\/gps-surveillance\/gps-accessoires\/mounting-kit-for-gps-transmitter\/#primaryimage","url":"https:\/\/www.spyshop.info\/wp-content\/uploads\/2019\/05\/1-1.jpg","contentUrl":"https:\/\/www.spyshop.info\/wp-content\/uploads\/2019\/05\/1-1.jpg","width":598,"height":640,"caption":"Befestigungsmaterial f\u00fcr GPS-Ortung"},{"@type":"BreadcrumbList","@id":"https:\/\/www.spyshop.info\/en\/shop\/gps-surveillance\/gps-accessoires\/mounting-kit-for-gps-transmitter\/#breadcrumb","itemListElement":[{"@type":"ListItem","position":1,"name":"Startseite","item":"https:\/\/www.spyshop.info\/en\/"},{"@type":"ListItem","position":2,"name":"Shop","item":"https:\/\/www.spyshop.info\/en\/shop\/"},{"@type":"ListItem","position":3,"name":"Mounting kit for GPS transmitter"}]},{"@type":"WebSite","@id":"https:\/\/www.spyshop.info\/#website","url":"https:\/\/www.spyshop.info\/","name":"SpyShop","description":"Abh\u00f6rger\u00e4te, GPS Sender, \u00dcberwachungskameras","publisher":{"@id":"https:\/\/www.spyshop.info\/#organization"},"potentialAction":[{"@type":"SearchAction","target":{"@type":"EntryPoint","urlTemplate":"https:\/\/www.spyshop.info\/?s={search_term_string}"},"query-input":{"@type":"PropertyValueSpecification","valueRequired":true,"valueName":"search_term_string"}}],"inLanguage":"en-US"},{"@type":"Organization","@id":"https:\/\/www.spyshop.info\/#organization","name":"SpyShop","url":"https:\/\/www.spyshop.info\/","logo":{"@type":"ImageObject","inLanguage":"en-US","@id":"https:\/\/www.spyshop.info\/#\/schema\/logo\/image\/","url":"https:\/\/www.spyshop.info\/wp-content\/uploads\/2016\/11\/cropped-logo-spyshop-02-1-3.jpg","contentUrl":"https:\/\/www.spyshop.info\/wp-content\/uploads\/2016\/11\/cropped-logo-spyshop-02-1-3.jpg","width":1522,"height":435,"caption":"SpyShop"},"image":{"@id":"https:\/\/www.spyshop.info\/#\/schema\/logo\/image\/"}}]}},"_links":{"self":[{"href":"https:\/\/www.spyshop.info\/en\/wp-json\/wp\/v2\/product\/2709","targetHints":{"allow":["GET"]}}],"collection":[{"href":"https:\/\/www.spyshop.info\/en\/wp-json\/wp\/v2\/product"}],"about":[{"href":"https:\/\/www.spyshop.info\/en\/wp-json\/wp\/v2\/types\/product"}],"version-history":[{"count":0,"href":"https:\/\/www.spyshop.info\/en\/wp-json\/wp\/v2\/product\/2709\/revisions"}],"wp:featuredmedia":[{"embeddable":true,"href":"https:\/\/www.spyshop.info\/en\/wp-json\/wp\/v2\/media\/2653"}],"wp:attachment":[{"href":"https:\/\/www.spyshop.info\/en\/wp-json\/wp\/v2\/media?parent=2709"}],"wp:term":[{"taxonomy":"product_brand","embeddable":true,"href":"https:\/\/www.spyshop.info\/en\/wp-json\/wp\/v2\/product_brand?post=2709"},{"taxonomy":"product_cat","embeddable":true,"href":"https:\/\/www.spyshop.info\/en\/wp-json\/wp\/v2\/product_cat?post=2709"},{"taxonomy":"product_tag","embeddable":true,"href":"https:\/\/www.spyshop.info\/en\/wp-json\/wp\/v2\/product_tag?post=2709"}],"curies":[{"name":"wp","href":"https:\/\/api.w.org\/{rel}","templated":true}]}}