{"id":2708,"date":"2019-07-01T08:19:08","date_gmt":"2019-07-01T06:19:08","guid":{"rendered":"https:\/\/www.spyshop.info\/shop\/unkategorisiert\/wifi-cube-camera-in-1080-full-hd\/"},"modified":"2020-01-21T15:10:24","modified_gmt":"2020-01-21T14:10:24","slug":"wifi-cube-camera-in-1080-full-hd","status":"publish","type":"product","link":"https:\/\/www.spyshop.info\/en\/shop\/video-surveillance\/wifi-cube-camera-in-1080-full-hd\/","title":{"rendered":"WiFi cube camera in 1080 Full HD"},"content":{"rendered":"<p>WiFi cube camera in 1080 Full HD<\/p>\n<p>This product is a HD (1080p @ 25FPS) camera surveillance module, with MicroSD card memory. It&#8217;s a multi-functional, high-tech product that includes surveillance features such as video recording, photos, motion detection, alarm, and more. This product is equipped with a high capacity battery; It offers 1080 FullHD resolution. The device supports up to 32GB TF or MicroSD memory card. Via Wifi you can watch from the distance what is happening via the App for iOS or Android or you can control the camera remotely.<br \/>\nAs soon as the camera detects a movement, it informs you immediately by push message to your smartphone. Of course, you can also use the app to take photos and videos with the smartphone immediately. Professional observers already have this device in their fixed inventory. Switch on, deposit and watch from afar. Then pick it up again. Investigators often have to prove that certain people are leaving a home or hotel room and cannot stand by themselves without attracting attention. There are hardly any local circumstances in which this little dwarf cannot be used. Investigators \/ customers who already have the BlackBox WiFi PRO can also integrate this device in the (free) app &#8220;Pro iCam&#8221; &#8211; we even recommend this app explicitly.<br \/>\nOur endurance tests resulted in a continuous runtime of almost 7 hours with WiFi connection behind a window in bright sun and outside temperatures of almost 40 degrees. It may not be a complete replacement for the BlackBox WiFi PRO, but it&#8217;s an extra tool you&#8217;ll want to keep with you on the job. If you order our 10-hour mobile router (article number VZB-0002), we will match the two devices for you. You only need to turn on the devices after receipt and get started.<\/p>\n<p>Disguise the device by placing it in a file folder or a tissue box or leave it lying on the table or on the shelf. Put it on the dashboard of your vehicle or put it in a spectacle case. The device does all monitoring tasks for you and will completely satisfy you. The device works and you can watch it remotely via the app.<\/p>\n<p>Product features:<\/p>\n<p>Easy to hide or camouflage<br \/>\nRemote control and viewing via app for iOS and Android<br \/>\nCMOS sensor HI3818E V200 chip<br \/>\nHD 1080P @ 30fps or 720P @ 60fps<br \/>\nMotion sensor<br \/>\nVideo format AVI<br \/>\nViewing angle 140 degrees<br \/>\n4 pieces 940nm infrared diodes (range without low light up to 5 &#8211; 8 meters)<br \/>\nVideo, audio, motion detection<br \/>\nMemory Card: max. 32GB microSD card<br \/>\n2000mAh battery<br \/>\nCharging time 3 to 4 hours<br \/>\nNearly 7 hours recording time at full charge<br \/>\nProduct size: 45 x 44 x 33 mm<\/p>\n<p>Delivery contents:<\/p>\n<p>1 x camera<br \/>\n1 x user manual<br \/>\n1 x power adapter<br \/>\n1 x MicroSD card USB adapter<br \/>\n1 x USB cable<br \/>\n1 x magnetic holder<\/p>\n","protected":false},"excerpt":{"rendered":"<p>Disguise the device by placing it in a file folder or a tissue box<br \/>\nor leave it lying on the table or on the shelf. Put it on the<br \/>\ndashboard of your vehicle or put it in a spectacle case. The<br \/>\ndevice does all monitoring tasks for you and will completely<br \/>\nsatisfy you. The device works and you can watch it remotely via<br \/>\nthe app.<\/p>\n","protected":false},"featured_media":2690,"template":"","meta":[],"product_brand":[],"product_cat":[164,168],"product_tag":[],"class_list":{"0":"post-2708","1":"product","2":"type-product","3":"status-publish","4":"has-post-thumbnail","6":"product_cat-video-surveillance","7":"product_cat-hidden-wifi-radio-and-gsm-cameras","9":"first","10":"outofstock","11":"taxable","12":"shipping-taxable","13":"purchasable","14":"product-type-simple"},"yoast_head":"<!-- This site is optimized with the Yoast SEO plugin v27.3 - https:\/\/yoast.com\/product\/yoast-seo-wordpress\/ -->\n<title>WiFi cube camera in 1080 Full HD - SpyShop<\/title>\n<meta name=\"robots\" content=\"index, follow, max-snippet:-1, max-image-preview:large, max-video-preview:-1\" \/>\n<link rel=\"canonical\" href=\"https:\/\/www.spyshop.info\/en\/shop\/video-surveillance\/wifi-cube-camera-in-1080-full-hd\/\" \/>\n<meta property=\"og:locale\" content=\"en_US\" \/>\n<meta property=\"og:type\" content=\"article\" \/>\n<meta property=\"og:title\" content=\"WiFi cube camera in 1080 Full HD - SpyShop\" \/>\n<meta property=\"og:description\" content=\"Disguise the device by placing it in a file folder or a tissue box or leave it lying on the table or on the shelf. Put it on the dashboard of your vehicle or put it in a spectacle case. The device does all monitoring tasks for you and will completely satisfy you. The device works and you can watch it remotely via the app.\" \/>\n<meta property=\"og:url\" content=\"https:\/\/www.spyshop.info\/en\/shop\/video-surveillance\/wifi-cube-camera-in-1080-full-hd\/\" \/>\n<meta property=\"og:site_name\" content=\"SpyShop\" \/>\n<meta property=\"article:modified_time\" content=\"2020-01-21T14:10:24+00:00\" \/>\n<meta property=\"og:image\" content=\"https:\/\/www.spyshop.info\/wp-content\/uploads\/2019\/07\/1.jpg\" \/>\n\t<meta property=\"og:image:width\" content=\"2488\" \/>\n\t<meta property=\"og:image:height\" content=\"2348\" \/>\n\t<meta property=\"og:image:type\" content=\"image\/jpeg\" \/>\n<meta name=\"twitter:card\" content=\"summary_large_image\" \/>\n<meta name=\"twitter:label1\" content=\"Est. reading time\" \/>\n\t<meta name=\"twitter:data1\" content=\"2 minutes\" \/>\n<script type=\"application\/ld+json\" class=\"yoast-schema-graph\">{\"@context\":\"https:\\\/\\\/schema.org\",\"@graph\":[{\"@type\":\"WebPage\",\"@id\":\"https:\\\/\\\/www.spyshop.info\\\/en\\\/shop\\\/video-surveillance\\\/wifi-cube-camera-in-1080-full-hd\\\/\",\"url\":\"https:\\\/\\\/www.spyshop.info\\\/en\\\/shop\\\/video-surveillance\\\/wifi-cube-camera-in-1080-full-hd\\\/\",\"name\":\"WiFi cube camera in 1080 Full HD - SpyShop\",\"isPartOf\":{\"@id\":\"https:\\\/\\\/www.spyshop.info\\\/#website\"},\"primaryImageOfPage\":{\"@id\":\"https:\\\/\\\/www.spyshop.info\\\/en\\\/shop\\\/video-surveillance\\\/wifi-cube-camera-in-1080-full-hd\\\/#primaryimage\"},\"image\":{\"@id\":\"https:\\\/\\\/www.spyshop.info\\\/en\\\/shop\\\/video-surveillance\\\/wifi-cube-camera-in-1080-full-hd\\\/#primaryimage\"},\"thumbnailUrl\":\"https:\\\/\\\/www.spyshop.info\\\/wp-content\\\/uploads\\\/2019\\\/07\\\/1.jpg\",\"datePublished\":\"2019-07-01T06:19:08+00:00\",\"dateModified\":\"2020-01-21T14:10:24+00:00\",\"breadcrumb\":{\"@id\":\"https:\\\/\\\/www.spyshop.info\\\/en\\\/shop\\\/video-surveillance\\\/wifi-cube-camera-in-1080-full-hd\\\/#breadcrumb\"},\"inLanguage\":\"en-US\",\"potentialAction\":[{\"@type\":\"ReadAction\",\"target\":[\"https:\\\/\\\/www.spyshop.info\\\/en\\\/shop\\\/video-surveillance\\\/wifi-cube-camera-in-1080-full-hd\\\/\"]}]},{\"@type\":\"ImageObject\",\"inLanguage\":\"en-US\",\"@id\":\"https:\\\/\\\/www.spyshop.info\\\/en\\\/shop\\\/video-surveillance\\\/wifi-cube-camera-in-1080-full-hd\\\/#primaryimage\",\"url\":\"https:\\\/\\\/www.spyshop.info\\\/wp-content\\\/uploads\\\/2019\\\/07\\\/1.jpg\",\"contentUrl\":\"https:\\\/\\\/www.spyshop.info\\\/wp-content\\\/uploads\\\/2019\\\/07\\\/1.jpg\",\"width\":2488,\"height\":2348,\"caption\":\"Getarnte \u00dcberwachungskamera im W\u00fcrfelformat\"},{\"@type\":\"BreadcrumbList\",\"@id\":\"https:\\\/\\\/www.spyshop.info\\\/en\\\/shop\\\/video-surveillance\\\/wifi-cube-camera-in-1080-full-hd\\\/#breadcrumb\",\"itemListElement\":[{\"@type\":\"ListItem\",\"position\":1,\"name\":\"Startseite\",\"item\":\"https:\\\/\\\/www.spyshop.info\\\/en\\\/\"},{\"@type\":\"ListItem\",\"position\":2,\"name\":\"Shop\",\"item\":\"https:\\\/\\\/www.spyshop.info\\\/en\\\/shop\\\/\"},{\"@type\":\"ListItem\",\"position\":3,\"name\":\"WiFi cube camera in 1080 Full HD\"}]},{\"@type\":\"WebSite\",\"@id\":\"https:\\\/\\\/www.spyshop.info\\\/#website\",\"url\":\"https:\\\/\\\/www.spyshop.info\\\/\",\"name\":\"SpyShop\",\"description\":\"Abh\u00f6rger\u00e4te, GPS Sender, \u00dcberwachungskameras\",\"publisher\":{\"@id\":\"https:\\\/\\\/www.spyshop.info\\\/#organization\"},\"potentialAction\":[{\"@type\":\"SearchAction\",\"target\":{\"@type\":\"EntryPoint\",\"urlTemplate\":\"https:\\\/\\\/www.spyshop.info\\\/?s={search_term_string}\"},\"query-input\":{\"@type\":\"PropertyValueSpecification\",\"valueRequired\":true,\"valueName\":\"search_term_string\"}}],\"inLanguage\":\"en-US\"},{\"@type\":\"Organization\",\"@id\":\"https:\\\/\\\/www.spyshop.info\\\/#organization\",\"name\":\"SpyShop\",\"url\":\"https:\\\/\\\/www.spyshop.info\\\/\",\"logo\":{\"@type\":\"ImageObject\",\"inLanguage\":\"en-US\",\"@id\":\"https:\\\/\\\/www.spyshop.info\\\/#\\\/schema\\\/logo\\\/image\\\/\",\"url\":\"https:\\\/\\\/www.spyshop.info\\\/wp-content\\\/uploads\\\/2016\\\/11\\\/cropped-logo-spyshop-02-1-3.jpg\",\"contentUrl\":\"https:\\\/\\\/www.spyshop.info\\\/wp-content\\\/uploads\\\/2016\\\/11\\\/cropped-logo-spyshop-02-1-3.jpg\",\"width\":1522,\"height\":435,\"caption\":\"SpyShop\"},\"image\":{\"@id\":\"https:\\\/\\\/www.spyshop.info\\\/#\\\/schema\\\/logo\\\/image\\\/\"}}]}<\/script>\n<!-- \/ Yoast SEO plugin. -->","yoast_head_json":{"title":"WiFi cube camera in 1080 Full HD - SpyShop","robots":{"index":"index","follow":"follow","max-snippet":"max-snippet:-1","max-image-preview":"max-image-preview:large","max-video-preview":"max-video-preview:-1"},"canonical":"https:\/\/www.spyshop.info\/en\/shop\/video-surveillance\/wifi-cube-camera-in-1080-full-hd\/","og_locale":"en_US","og_type":"article","og_title":"WiFi cube camera in 1080 Full HD - SpyShop","og_description":"Disguise the device by placing it in a file folder or a tissue box or leave it lying on the table or on the shelf. Put it on the dashboard of your vehicle or put it in a spectacle case. The device does all monitoring tasks for you and will completely satisfy you. The device works and you can watch it remotely via the app.","og_url":"https:\/\/www.spyshop.info\/en\/shop\/video-surveillance\/wifi-cube-camera-in-1080-full-hd\/","og_site_name":"SpyShop","article_modified_time":"2020-01-21T14:10:24+00:00","og_image":[{"width":2488,"height":2348,"url":"https:\/\/www.spyshop.info\/wp-content\/uploads\/2019\/07\/1.jpg","type":"image\/jpeg"}],"twitter_card":"summary_large_image","twitter_misc":{"Est. reading time":"2 minutes"},"schema":{"@context":"https:\/\/schema.org","@graph":[{"@type":"WebPage","@id":"https:\/\/www.spyshop.info\/en\/shop\/video-surveillance\/wifi-cube-camera-in-1080-full-hd\/","url":"https:\/\/www.spyshop.info\/en\/shop\/video-surveillance\/wifi-cube-camera-in-1080-full-hd\/","name":"WiFi cube camera in 1080 Full HD - SpyShop","isPartOf":{"@id":"https:\/\/www.spyshop.info\/#website"},"primaryImageOfPage":{"@id":"https:\/\/www.spyshop.info\/en\/shop\/video-surveillance\/wifi-cube-camera-in-1080-full-hd\/#primaryimage"},"image":{"@id":"https:\/\/www.spyshop.info\/en\/shop\/video-surveillance\/wifi-cube-camera-in-1080-full-hd\/#primaryimage"},"thumbnailUrl":"https:\/\/www.spyshop.info\/wp-content\/uploads\/2019\/07\/1.jpg","datePublished":"2019-07-01T06:19:08+00:00","dateModified":"2020-01-21T14:10:24+00:00","breadcrumb":{"@id":"https:\/\/www.spyshop.info\/en\/shop\/video-surveillance\/wifi-cube-camera-in-1080-full-hd\/#breadcrumb"},"inLanguage":"en-US","potentialAction":[{"@type":"ReadAction","target":["https:\/\/www.spyshop.info\/en\/shop\/video-surveillance\/wifi-cube-camera-in-1080-full-hd\/"]}]},{"@type":"ImageObject","inLanguage":"en-US","@id":"https:\/\/www.spyshop.info\/en\/shop\/video-surveillance\/wifi-cube-camera-in-1080-full-hd\/#primaryimage","url":"https:\/\/www.spyshop.info\/wp-content\/uploads\/2019\/07\/1.jpg","contentUrl":"https:\/\/www.spyshop.info\/wp-content\/uploads\/2019\/07\/1.jpg","width":2488,"height":2348,"caption":"Getarnte \u00dcberwachungskamera im W\u00fcrfelformat"},{"@type":"BreadcrumbList","@id":"https:\/\/www.spyshop.info\/en\/shop\/video-surveillance\/wifi-cube-camera-in-1080-full-hd\/#breadcrumb","itemListElement":[{"@type":"ListItem","position":1,"name":"Startseite","item":"https:\/\/www.spyshop.info\/en\/"},{"@type":"ListItem","position":2,"name":"Shop","item":"https:\/\/www.spyshop.info\/en\/shop\/"},{"@type":"ListItem","position":3,"name":"WiFi cube camera in 1080 Full HD"}]},{"@type":"WebSite","@id":"https:\/\/www.spyshop.info\/#website","url":"https:\/\/www.spyshop.info\/","name":"SpyShop","description":"Abh\u00f6rger\u00e4te, GPS Sender, \u00dcberwachungskameras","publisher":{"@id":"https:\/\/www.spyshop.info\/#organization"},"potentialAction":[{"@type":"SearchAction","target":{"@type":"EntryPoint","urlTemplate":"https:\/\/www.spyshop.info\/?s={search_term_string}"},"query-input":{"@type":"PropertyValueSpecification","valueRequired":true,"valueName":"search_term_string"}}],"inLanguage":"en-US"},{"@type":"Organization","@id":"https:\/\/www.spyshop.info\/#organization","name":"SpyShop","url":"https:\/\/www.spyshop.info\/","logo":{"@type":"ImageObject","inLanguage":"en-US","@id":"https:\/\/www.spyshop.info\/#\/schema\/logo\/image\/","url":"https:\/\/www.spyshop.info\/wp-content\/uploads\/2016\/11\/cropped-logo-spyshop-02-1-3.jpg","contentUrl":"https:\/\/www.spyshop.info\/wp-content\/uploads\/2016\/11\/cropped-logo-spyshop-02-1-3.jpg","width":1522,"height":435,"caption":"SpyShop"},"image":{"@id":"https:\/\/www.spyshop.info\/#\/schema\/logo\/image\/"}}]}},"_links":{"self":[{"href":"https:\/\/www.spyshop.info\/en\/wp-json\/wp\/v2\/product\/2708","targetHints":{"allow":["GET"]}}],"collection":[{"href":"https:\/\/www.spyshop.info\/en\/wp-json\/wp\/v2\/product"}],"about":[{"href":"https:\/\/www.spyshop.info\/en\/wp-json\/wp\/v2\/types\/product"}],"version-history":[{"count":0,"href":"https:\/\/www.spyshop.info\/en\/wp-json\/wp\/v2\/product\/2708\/revisions"}],"wp:featuredmedia":[{"embeddable":true,"href":"https:\/\/www.spyshop.info\/en\/wp-json\/wp\/v2\/media\/2690"}],"wp:attachment":[{"href":"https:\/\/www.spyshop.info\/en\/wp-json\/wp\/v2\/media?parent=2708"}],"wp:term":[{"taxonomy":"product_brand","embeddable":true,"href":"https:\/\/www.spyshop.info\/en\/wp-json\/wp\/v2\/product_brand?post=2708"},{"taxonomy":"product_cat","embeddable":true,"href":"https:\/\/www.spyshop.info\/en\/wp-json\/wp\/v2\/product_cat?post=2708"},{"taxonomy":"product_tag","embeddable":true,"href":"https:\/\/www.spyshop.info\/en\/wp-json\/wp\/v2\/product_tag?post=2708"}],"curies":[{"name":"wp","href":"https:\/\/api.w.org\/{rel}","templated":true}]}}