{"id":2644,"date":"2018-10-03T10:51:16","date_gmt":"2018-10-03T08:51:16","guid":{"rendered":"https:\/\/www.spyshop.info\/shop\/unkategorisiert\/wall-clock-with-disguised-camera-and-integrated-recording\/"},"modified":"2020-01-21T10:41:18","modified_gmt":"2020-01-21T09:41:18","slug":"wall-clock-with-disguised-camera-and-integrated-recording","status":"publish","type":"product","link":"https:\/\/www.spyshop.info\/en\/shop\/video-surveillance\/hidden-cameras-with-recording\/wall-clock-with-disguised-camera-and-integrated-recording\/","title":{"rendered":"Wall clock with disguised camera and integrated recording"},"content":{"rendered":"<pre>You can simply install and activate this device. Once you have saved all the basic settings and set to motion detection, the device records video and audio in full quality. Then you simply remove the microSD card and evaluate the data on the computer. The device can be permanently connected to the power supply and has a ring data memory, which means that it overwrites the oldest video \/ audio data when the memory card is full.<\/pre>\n<pre><\/pre>\n<pre>Product features:<\/pre>\n<pre>Wall clock<\/pre>\n<pre>2.0 Mega pixels CMOS<\/pre>\n<pre>Video resolution: 1920 * 1080,30bps<\/pre>\n<pre>Photo resolution: 4032 * 3024<\/pre>\n<pre>Video format AVI<\/pre>\n<pre>Image sequence 30fps<\/pre>\n<pre>Viewing angle 90 \u00b0<\/pre>\n<pre>Motion detection<\/pre>\n<pre>The Lowest light requirement 1LUX<\/pre>\n<pre>Ring data storage &amp; and recording during the charging process<\/pre>\n<pre>Battery life about 6 hours<\/pre>\n<pre>Battery capacity 3000mAh<\/pre>\n<pre>Continuous recording time 24 hours and more<\/pre>\n<pre>Remote control distance maximum 8 meters<\/pre>\n<pre>Memory card microSD card<\/pre>\n<pre>Maximum card size 32GB<\/pre>\n<pre>Recording: 1min \/ about 153MB<\/pre>\n<pre>Charging time about 5 hours<\/pre>\n<pre><\/pre>\n<pre>Delivery contents:<\/pre>\n<pre>1 x camera<\/pre>\n<pre>1 x remote control<\/pre>\n<pre>1 x user manual<\/pre>\n<pre>1 x 1.5m USB cable<\/pre>\n<pre>1 x AC power adapter<\/pre>\n","protected":false},"excerpt":{"rendered":"<pre>This product is a HD (1080p @ 25FPS) camera monitoring module with TF card memory. It is a multifunctional high-tech product that includes surveillance features such as video recording, photos, motion detection and more. Via radio remote control you can discretely activate or deactivate it at any time.<\/pre>\n","protected":false},"featured_media":2347,"template":"","meta":[],"product_brand":[],"product_cat":[167,164],"product_tag":[],"class_list":{"0":"post-2644","1":"product","2":"type-product","3":"status-publish","4":"has-post-thumbnail","6":"product_cat-hidden-cameras-with-recording","7":"product_cat-video-surveillance","9":"first","10":"outofstock","11":"taxable","12":"shipping-taxable","13":"purchasable","14":"product-type-simple"},"yoast_head":"<!-- This site is optimized with the Yoast SEO plugin v27.4 - https:\/\/yoast.com\/product\/yoast-seo-wordpress\/ -->\n<title>Wall clock with disguised camera \u26a1 Camouflaged hidden cameras<\/title>\n<meta name=\"description\" content=\"Wall clock with disguised camera and integrated recording. You can simply install and activate this device.\" \/>\n<meta name=\"robots\" content=\"index, follow, max-snippet:-1, max-image-preview:large, max-video-preview:-1\" \/>\n<link rel=\"canonical\" href=\"https:\/\/www.spyshop.info\/en\/shop\/video-surveillance\/hidden-cameras-with-recording\/wall-clock-with-disguised-camera-and-integrated-recording\/\" \/>\n<meta property=\"og:locale\" content=\"en_US\" \/>\n<meta property=\"og:type\" content=\"article\" \/>\n<meta property=\"og:title\" content=\"Wall clock with disguised camera \u26a1 Camouflaged hidden cameras\" \/>\n<meta property=\"og:description\" content=\"Wall clock with disguised camera and integrated recording. You can simply install and activate this device.\" \/>\n<meta property=\"og:url\" content=\"https:\/\/www.spyshop.info\/en\/shop\/video-surveillance\/hidden-cameras-with-recording\/wall-clock-with-disguised-camera-and-integrated-recording\/\" \/>\n<meta property=\"og:site_name\" content=\"SpyShop\" \/>\n<meta property=\"article:modified_time\" content=\"2020-01-21T09:41:18+00:00\" \/>\n<meta property=\"og:image\" content=\"https:\/\/www.spyshop.info\/wp-content\/uploads\/2018\/10\/1.jpg\" \/>\n\t<meta property=\"og:image:width\" content=\"437\" \/>\n\t<meta property=\"og:image:height\" content=\"424\" \/>\n\t<meta property=\"og:image:type\" content=\"image\/jpeg\" \/>\n<meta name=\"twitter:card\" content=\"summary_large_image\" \/>\n<meta name=\"twitter:label1\" content=\"Est. reading time\" \/>\n\t<meta name=\"twitter:data1\" content=\"1 minute\" \/>\n<script type=\"application\/ld+json\" class=\"yoast-schema-graph\">{\"@context\":\"https:\\\/\\\/schema.org\",\"@graph\":[{\"@type\":\"WebPage\",\"@id\":\"https:\\\/\\\/www.spyshop.info\\\/en\\\/shop\\\/video-surveillance\\\/hidden-cameras-with-recording\\\/wall-clock-with-disguised-camera-and-integrated-recording\\\/\",\"url\":\"https:\\\/\\\/www.spyshop.info\\\/en\\\/shop\\\/video-surveillance\\\/hidden-cameras-with-recording\\\/wall-clock-with-disguised-camera-and-integrated-recording\\\/\",\"name\":\"Wall clock with disguised camera \u26a1 Camouflaged hidden cameras\",\"isPartOf\":{\"@id\":\"https:\\\/\\\/www.spyshop.info\\\/#website\"},\"primaryImageOfPage\":{\"@id\":\"https:\\\/\\\/www.spyshop.info\\\/en\\\/shop\\\/video-surveillance\\\/hidden-cameras-with-recording\\\/wall-clock-with-disguised-camera-and-integrated-recording\\\/#primaryimage\"},\"image\":{\"@id\":\"https:\\\/\\\/www.spyshop.info\\\/en\\\/shop\\\/video-surveillance\\\/hidden-cameras-with-recording\\\/wall-clock-with-disguised-camera-and-integrated-recording\\\/#primaryimage\"},\"thumbnailUrl\":\"https:\\\/\\\/www.spyshop.info\\\/wp-content\\\/uploads\\\/2018\\\/10\\\/1.jpg\",\"datePublished\":\"2018-10-03T08:51:16+00:00\",\"dateModified\":\"2020-01-21T09:41:18+00:00\",\"description\":\"Wall clock with disguised camera and integrated recording. You can simply install and activate this device.\",\"breadcrumb\":{\"@id\":\"https:\\\/\\\/www.spyshop.info\\\/en\\\/shop\\\/video-surveillance\\\/hidden-cameras-with-recording\\\/wall-clock-with-disguised-camera-and-integrated-recording\\\/#breadcrumb\"},\"inLanguage\":\"en-US\",\"potentialAction\":[{\"@type\":\"ReadAction\",\"target\":[\"https:\\\/\\\/www.spyshop.info\\\/en\\\/shop\\\/video-surveillance\\\/hidden-cameras-with-recording\\\/wall-clock-with-disguised-camera-and-integrated-recording\\\/\"]}]},{\"@type\":\"ImageObject\",\"inLanguage\":\"en-US\",\"@id\":\"https:\\\/\\\/www.spyshop.info\\\/en\\\/shop\\\/video-surveillance\\\/hidden-cameras-with-recording\\\/wall-clock-with-disguised-camera-and-integrated-recording\\\/#primaryimage\",\"url\":\"https:\\\/\\\/www.spyshop.info\\\/wp-content\\\/uploads\\\/2018\\\/10\\\/1.jpg\",\"contentUrl\":\"https:\\\/\\\/www.spyshop.info\\\/wp-content\\\/uploads\\\/2018\\\/10\\\/1.jpg\",\"width\":437,\"height\":424,\"caption\":\"Video\u00fcberwachung | Wanduhr mit getarnter Kamera und integrierter Aufzeichnung\"},{\"@type\":\"BreadcrumbList\",\"@id\":\"https:\\\/\\\/www.spyshop.info\\\/en\\\/shop\\\/video-surveillance\\\/hidden-cameras-with-recording\\\/wall-clock-with-disguised-camera-and-integrated-recording\\\/#breadcrumb\",\"itemListElement\":[{\"@type\":\"ListItem\",\"position\":1,\"name\":\"Startseite\",\"item\":\"https:\\\/\\\/www.spyshop.info\\\/en\\\/\"},{\"@type\":\"ListItem\",\"position\":2,\"name\":\"Shop\",\"item\":\"https:\\\/\\\/www.spyshop.info\\\/en\\\/shop\\\/\"},{\"@type\":\"ListItem\",\"position\":3,\"name\":\"Wall clock with disguised camera and integrated recording\"}]},{\"@type\":\"WebSite\",\"@id\":\"https:\\\/\\\/www.spyshop.info\\\/#website\",\"url\":\"https:\\\/\\\/www.spyshop.info\\\/\",\"name\":\"SpyShop\",\"description\":\"Abh\u00f6rger\u00e4te, GPS Sender, \u00dcberwachungskameras\",\"publisher\":{\"@id\":\"https:\\\/\\\/www.spyshop.info\\\/#organization\"},\"potentialAction\":[{\"@type\":\"SearchAction\",\"target\":{\"@type\":\"EntryPoint\",\"urlTemplate\":\"https:\\\/\\\/www.spyshop.info\\\/?s={search_term_string}\"},\"query-input\":{\"@type\":\"PropertyValueSpecification\",\"valueRequired\":true,\"valueName\":\"search_term_string\"}}],\"inLanguage\":\"en-US\"},{\"@type\":\"Organization\",\"@id\":\"https:\\\/\\\/www.spyshop.info\\\/#organization\",\"name\":\"SpyShop\",\"url\":\"https:\\\/\\\/www.spyshop.info\\\/\",\"logo\":{\"@type\":\"ImageObject\",\"inLanguage\":\"en-US\",\"@id\":\"https:\\\/\\\/www.spyshop.info\\\/#\\\/schema\\\/logo\\\/image\\\/\",\"url\":\"https:\\\/\\\/www.spyshop.info\\\/wp-content\\\/uploads\\\/2016\\\/11\\\/cropped-logo-spyshop-02-1-3.jpg\",\"contentUrl\":\"https:\\\/\\\/www.spyshop.info\\\/wp-content\\\/uploads\\\/2016\\\/11\\\/cropped-logo-spyshop-02-1-3.jpg\",\"width\":1522,\"height\":435,\"caption\":\"SpyShop\"},\"image\":{\"@id\":\"https:\\\/\\\/www.spyshop.info\\\/#\\\/schema\\\/logo\\\/image\\\/\"}}]}<\/script>\n<!-- \/ Yoast SEO plugin. -->","yoast_head_json":{"title":"Wall clock with disguised camera \u26a1 Camouflaged hidden cameras","description":"Wall clock with disguised camera and integrated recording. You can simply install and activate this device.","robots":{"index":"index","follow":"follow","max-snippet":"max-snippet:-1","max-image-preview":"max-image-preview:large","max-video-preview":"max-video-preview:-1"},"canonical":"https:\/\/www.spyshop.info\/en\/shop\/video-surveillance\/hidden-cameras-with-recording\/wall-clock-with-disguised-camera-and-integrated-recording\/","og_locale":"en_US","og_type":"article","og_title":"Wall clock with disguised camera \u26a1 Camouflaged hidden cameras","og_description":"Wall clock with disguised camera and integrated recording. You can simply install and activate this device.","og_url":"https:\/\/www.spyshop.info\/en\/shop\/video-surveillance\/hidden-cameras-with-recording\/wall-clock-with-disguised-camera-and-integrated-recording\/","og_site_name":"SpyShop","article_modified_time":"2020-01-21T09:41:18+00:00","og_image":[{"width":437,"height":424,"url":"https:\/\/www.spyshop.info\/wp-content\/uploads\/2018\/10\/1.jpg","type":"image\/jpeg"}],"twitter_card":"summary_large_image","twitter_misc":{"Est. reading time":"1 minute"},"schema":{"@context":"https:\/\/schema.org","@graph":[{"@type":"WebPage","@id":"https:\/\/www.spyshop.info\/en\/shop\/video-surveillance\/hidden-cameras-with-recording\/wall-clock-with-disguised-camera-and-integrated-recording\/","url":"https:\/\/www.spyshop.info\/en\/shop\/video-surveillance\/hidden-cameras-with-recording\/wall-clock-with-disguised-camera-and-integrated-recording\/","name":"Wall clock with disguised camera \u26a1 Camouflaged hidden cameras","isPartOf":{"@id":"https:\/\/www.spyshop.info\/#website"},"primaryImageOfPage":{"@id":"https:\/\/www.spyshop.info\/en\/shop\/video-surveillance\/hidden-cameras-with-recording\/wall-clock-with-disguised-camera-and-integrated-recording\/#primaryimage"},"image":{"@id":"https:\/\/www.spyshop.info\/en\/shop\/video-surveillance\/hidden-cameras-with-recording\/wall-clock-with-disguised-camera-and-integrated-recording\/#primaryimage"},"thumbnailUrl":"https:\/\/www.spyshop.info\/wp-content\/uploads\/2018\/10\/1.jpg","datePublished":"2018-10-03T08:51:16+00:00","dateModified":"2020-01-21T09:41:18+00:00","description":"Wall clock with disguised camera and integrated recording. You can simply install and activate this device.","breadcrumb":{"@id":"https:\/\/www.spyshop.info\/en\/shop\/video-surveillance\/hidden-cameras-with-recording\/wall-clock-with-disguised-camera-and-integrated-recording\/#breadcrumb"},"inLanguage":"en-US","potentialAction":[{"@type":"ReadAction","target":["https:\/\/www.spyshop.info\/en\/shop\/video-surveillance\/hidden-cameras-with-recording\/wall-clock-with-disguised-camera-and-integrated-recording\/"]}]},{"@type":"ImageObject","inLanguage":"en-US","@id":"https:\/\/www.spyshop.info\/en\/shop\/video-surveillance\/hidden-cameras-with-recording\/wall-clock-with-disguised-camera-and-integrated-recording\/#primaryimage","url":"https:\/\/www.spyshop.info\/wp-content\/uploads\/2018\/10\/1.jpg","contentUrl":"https:\/\/www.spyshop.info\/wp-content\/uploads\/2018\/10\/1.jpg","width":437,"height":424,"caption":"Video\u00fcberwachung | Wanduhr mit getarnter Kamera und integrierter Aufzeichnung"},{"@type":"BreadcrumbList","@id":"https:\/\/www.spyshop.info\/en\/shop\/video-surveillance\/hidden-cameras-with-recording\/wall-clock-with-disguised-camera-and-integrated-recording\/#breadcrumb","itemListElement":[{"@type":"ListItem","position":1,"name":"Startseite","item":"https:\/\/www.spyshop.info\/en\/"},{"@type":"ListItem","position":2,"name":"Shop","item":"https:\/\/www.spyshop.info\/en\/shop\/"},{"@type":"ListItem","position":3,"name":"Wall clock with disguised camera and integrated recording"}]},{"@type":"WebSite","@id":"https:\/\/www.spyshop.info\/#website","url":"https:\/\/www.spyshop.info\/","name":"SpyShop","description":"Abh\u00f6rger\u00e4te, GPS Sender, \u00dcberwachungskameras","publisher":{"@id":"https:\/\/www.spyshop.info\/#organization"},"potentialAction":[{"@type":"SearchAction","target":{"@type":"EntryPoint","urlTemplate":"https:\/\/www.spyshop.info\/?s={search_term_string}"},"query-input":{"@type":"PropertyValueSpecification","valueRequired":true,"valueName":"search_term_string"}}],"inLanguage":"en-US"},{"@type":"Organization","@id":"https:\/\/www.spyshop.info\/#organization","name":"SpyShop","url":"https:\/\/www.spyshop.info\/","logo":{"@type":"ImageObject","inLanguage":"en-US","@id":"https:\/\/www.spyshop.info\/#\/schema\/logo\/image\/","url":"https:\/\/www.spyshop.info\/wp-content\/uploads\/2016\/11\/cropped-logo-spyshop-02-1-3.jpg","contentUrl":"https:\/\/www.spyshop.info\/wp-content\/uploads\/2016\/11\/cropped-logo-spyshop-02-1-3.jpg","width":1522,"height":435,"caption":"SpyShop"},"image":{"@id":"https:\/\/www.spyshop.info\/#\/schema\/logo\/image\/"}}]}},"_links":{"self":[{"href":"https:\/\/www.spyshop.info\/en\/wp-json\/wp\/v2\/product\/2644","targetHints":{"allow":["GET"]}}],"collection":[{"href":"https:\/\/www.spyshop.info\/en\/wp-json\/wp\/v2\/product"}],"about":[{"href":"https:\/\/www.spyshop.info\/en\/wp-json\/wp\/v2\/types\/product"}],"version-history":[{"count":0,"href":"https:\/\/www.spyshop.info\/en\/wp-json\/wp\/v2\/product\/2644\/revisions"}],"wp:featuredmedia":[{"embeddable":true,"href":"https:\/\/www.spyshop.info\/en\/wp-json\/wp\/v2\/media\/2347"}],"wp:attachment":[{"href":"https:\/\/www.spyshop.info\/en\/wp-json\/wp\/v2\/media?parent=2644"}],"wp:term":[{"taxonomy":"product_brand","embeddable":true,"href":"https:\/\/www.spyshop.info\/en\/wp-json\/wp\/v2\/product_brand?post=2644"},{"taxonomy":"product_cat","embeddable":true,"href":"https:\/\/www.spyshop.info\/en\/wp-json\/wp\/v2\/product_cat?post=2644"},{"taxonomy":"product_tag","embeddable":true,"href":"https:\/\/www.spyshop.info\/en\/wp-json\/wp\/v2\/product_tag?post=2644"}],"curies":[{"name":"wp","href":"https:\/\/api.w.org\/{rel}","templated":true}]}}