{"id":264,"date":"2016-07-20T17:59:43","date_gmt":"2016-07-20T15:59:43","guid":{"rendered":"https:\/\/www.spyshop.info\/shop\/unkategorisiert\/gsm-ghost-sc-2\/"},"modified":"2019-05-05T10:09:29","modified_gmt":"2019-05-05T08:09:29","slug":"gsm-ghost-sc","status":"publish","type":"product","link":"https:\/\/www.spyshop.info\/en\/shop\/audio-surveillance\/gsm-bugs\/gsm-ghost-sc\/","title":{"rendered":"GSM gHost SC"},"content":{"rendered":"<p>The GSM gHost SC (super clear) is a professional listening device that is made of top quality materials. It is a combination of the latest hardware and software technology, especially crafted for perfect sound over long distances.\u00a0 The microphones are very small and very efficient. Those who are familiar with Knowles microphones know that they are the best available on the market.\u00a0 It can also be connected to a usual car battery, which makes this a very flexible listening device.<\/p>\n<p>The GSM gHost SC is a top of the market product, it comes at a significant price, but due to the high quality microphones and battery it is absolutely worth it.<\/p>\n<p><strong>FUNCTIONS:<\/strong><\/p>\n<ul>\n<li>\u00a0GSM bug working on all frequencies (quad band)<br \/>\n\u2022\u00a0\u00a0 \u00a0Sound enhancer in combination with Knowles microphone<br \/>\n\u2022\u00a0\u00a0 \u00a0Possibility to change the setting of sensitivity remotely<br \/>\n\u2022\u00a0\u00a0 \u00a0Sound detection (Adjustable sensitivity)<br \/>\n\u2022\u00a0\u00a0 \u00a0Phone number filter<br \/>\n\u2022\u00a0\u00a0 \u00a0Detection alarm (It has an integrated photo-sensor which is light perceptive, therefore when placed in a dark spot and discovered it will immediately notify the owner of the light change)<br \/>\n\u2022\u00a0\u00a0 \u00a0Password protection<br \/>\n\u2022\u00a0\u00a0 \u00a0External Knowles microphone (30 cm)<br \/>\n\u2022\u00a0\u00a0 \u00a0Miniature size (30x25x5 mm)<br \/>\n\u2022\u00a0\u00a0 \u00a0Extra high quality antenna<br \/>\n\u2022\u00a0\u00a0 \u00a0Intelligent sound filters (Sounds reduction like a car etc.)<\/li>\n<\/ul>\n<p>The GSM gHost is a professional device used for perfect sound surveillance. It is designed for the most advanced users, due the possibility of alarming its own detection.<\/p>\n<p><strong>Sound quality<\/strong><br \/>\nFor this product we have used the most advanced and sensitive microphones. If you have ever tried Knowles microphones you know that there is no comparison to them, they are simply the leader in the sound recording industry with regard to small sizes.<br \/>\nThe quality can further be enhanced by using one of the active filters or the sensitivity of the microphone itself.<\/p>\n<p><strong>Active filters<\/strong><br \/>\nGSM gHost SC has 2 active filters, which are used for the noise reduction of the surrounding environment.<\/p>\n<ul>\n<li>Engine filter: This filter is designed for car usage, with this you can filter the noise of your car engine and the sound becomes much clearer.<\/li>\n<li>Room filter:\u00a0 This filter is used for noise reduction in the room.<\/li>\n<\/ul>\n<p><strong>Detection Alarm<\/strong><br \/>\nThis is a speciality of our product, it is equipped with a photo sensor which can tell whether there is light or darkness around it. The usage is simple, if you have placed the device somewhere under a table you can easily know that the designated area is dark. When you the gHost is taken from its place it will notify you instantly of that.<\/p>\n<p><strong>Package contents:<\/strong><\/p>\n<ul>\n<li>\u00a0GSM gHost (SC)<\/li>\n<li>Battery<\/li>\n<li>Charging adapter<\/li>\n<li>Charging adapter for car battery<\/li>\n<\/ul>\n","protected":false},"excerpt":{"rendered":"<p>The GSM gHost SC (super clear) is a professional listening device that is made of top quality materials. It is a combination of the latest hardware and software technology, especially crafted for perfect sound over long distances.\u00a0 The microphones are very small and very efficient. Those who are familiar with Knowles microphones know that they are the best available on the market.\u00a0 It can also be connected to a usual car battery, which makes this a very flexible listening device. The GSM gHost SC is a top of the market product, it comes at a significant price, but due to the high quality microphones and battery it is absolutely worth it.<\/p>\n","protected":false},"featured_media":249,"template":"","meta":[],"product_brand":[],"product_cat":[188,192],"product_tag":[],"class_list":{"0":"post-264","1":"product","2":"type-product","3":"status-publish","4":"has-post-thumbnail","6":"product_cat-audio-surveillance","7":"product_cat-gsm-bugs","9":"first","10":"outofstock","11":"taxable","12":"shipping-taxable","13":"purchasable","14":"product-type-simple"},"yoast_head":"<!-- This site is optimized with the Yoast SEO plugin v27.5 - https:\/\/yoast.com\/product\/yoast-seo-wordpress\/ -->\n<title>GSM gHost SC - SpyShop<\/title>\n<meta name=\"robots\" content=\"index, follow, max-snippet:-1, max-image-preview:large, max-video-preview:-1\" \/>\n<link rel=\"canonical\" href=\"https:\/\/www.spyshop.info\/en\/shop\/audio-surveillance\/gsm-bugs\/gsm-ghost-sc\/\" \/>\n<meta property=\"og:locale\" content=\"en_US\" \/>\n<meta property=\"og:type\" content=\"article\" \/>\n<meta property=\"og:title\" content=\"GSM gHost SC - SpyShop\" \/>\n<meta property=\"og:description\" content=\"The GSM gHost SC (super clear) is a professional listening device that is made of top quality materials. It is a combination of the latest hardware and software technology, especially crafted for perfect sound over long distances.\u00a0 The microphones are very small and very efficient. Those who are familiar with Knowles microphones know that they are the best available on the market.\u00a0 It can also be connected to a usual car battery, which makes this a very flexible listening device. The GSM gHost SC is a top of the market product, it comes at a significant price, but due to the high quality microphones and battery it is absolutely worth it.\" \/>\n<meta property=\"og:url\" content=\"https:\/\/www.spyshop.info\/en\/shop\/audio-surveillance\/gsm-bugs\/gsm-ghost-sc\/\" \/>\n<meta property=\"og:site_name\" content=\"SpyShop\" \/>\n<meta property=\"article:modified_time\" content=\"2019-05-05T08:09:29+00:00\" \/>\n<meta property=\"og:image\" content=\"https:\/\/www.spyshop.info\/wp-content\/uploads\/2016\/07\/gsm-ghost-sc1.jpg\" \/>\n\t<meta property=\"og:image:width\" content=\"800\" \/>\n\t<meta property=\"og:image:height\" content=\"800\" \/>\n\t<meta property=\"og:image:type\" content=\"image\/jpeg\" \/>\n<meta name=\"twitter:card\" content=\"summary_large_image\" \/>\n<meta name=\"twitter:label1\" content=\"Est. reading time\" \/>\n\t<meta name=\"twitter:data1\" content=\"2 minutes\" \/>\n<script type=\"application\/ld+json\" class=\"yoast-schema-graph\">{\"@context\":\"https:\\\/\\\/schema.org\",\"@graph\":[{\"@type\":\"WebPage\",\"@id\":\"https:\\\/\\\/www.spyshop.info\\\/en\\\/shop\\\/audio-surveillance\\\/gsm-bugs\\\/gsm-ghost-sc\\\/\",\"url\":\"https:\\\/\\\/www.spyshop.info\\\/en\\\/shop\\\/audio-surveillance\\\/gsm-bugs\\\/gsm-ghost-sc\\\/\",\"name\":\"GSM gHost SC - SpyShop\",\"isPartOf\":{\"@id\":\"https:\\\/\\\/www.spyshop.info\\\/#website\"},\"primaryImageOfPage\":{\"@id\":\"https:\\\/\\\/www.spyshop.info\\\/en\\\/shop\\\/audio-surveillance\\\/gsm-bugs\\\/gsm-ghost-sc\\\/#primaryimage\"},\"image\":{\"@id\":\"https:\\\/\\\/www.spyshop.info\\\/en\\\/shop\\\/audio-surveillance\\\/gsm-bugs\\\/gsm-ghost-sc\\\/#primaryimage\"},\"thumbnailUrl\":\"https:\\\/\\\/www.spyshop.info\\\/wp-content\\\/uploads\\\/2016\\\/07\\\/gsm-ghost-sc1.jpg\",\"datePublished\":\"2016-07-20T15:59:43+00:00\",\"dateModified\":\"2019-05-05T08:09:29+00:00\",\"breadcrumb\":{\"@id\":\"https:\\\/\\\/www.spyshop.info\\\/en\\\/shop\\\/audio-surveillance\\\/gsm-bugs\\\/gsm-ghost-sc\\\/#breadcrumb\"},\"inLanguage\":\"en-US\",\"potentialAction\":[{\"@type\":\"ReadAction\",\"target\":[\"https:\\\/\\\/www.spyshop.info\\\/en\\\/shop\\\/audio-surveillance\\\/gsm-bugs\\\/gsm-ghost-sc\\\/\"]}]},{\"@type\":\"ImageObject\",\"inLanguage\":\"en-US\",\"@id\":\"https:\\\/\\\/www.spyshop.info\\\/en\\\/shop\\\/audio-surveillance\\\/gsm-bugs\\\/gsm-ghost-sc\\\/#primaryimage\",\"url\":\"https:\\\/\\\/www.spyshop.info\\\/wp-content\\\/uploads\\\/2016\\\/07\\\/gsm-ghost-sc1.jpg\",\"contentUrl\":\"https:\\\/\\\/www.spyshop.info\\\/wp-content\\\/uploads\\\/2016\\\/07\\\/gsm-ghost-sc1.jpg\",\"width\":800,\"height\":800,\"caption\":\"gsm-ghost-sc1\"},{\"@type\":\"BreadcrumbList\",\"@id\":\"https:\\\/\\\/www.spyshop.info\\\/en\\\/shop\\\/audio-surveillance\\\/gsm-bugs\\\/gsm-ghost-sc\\\/#breadcrumb\",\"itemListElement\":[{\"@type\":\"ListItem\",\"position\":1,\"name\":\"Startseite\",\"item\":\"https:\\\/\\\/www.spyshop.info\\\/en\\\/\"},{\"@type\":\"ListItem\",\"position\":2,\"name\":\"Shop\",\"item\":\"https:\\\/\\\/www.spyshop.info\\\/en\\\/shop\\\/\"},{\"@type\":\"ListItem\",\"position\":3,\"name\":\"GSM gHost SC\"}]},{\"@type\":\"WebSite\",\"@id\":\"https:\\\/\\\/www.spyshop.info\\\/#website\",\"url\":\"https:\\\/\\\/www.spyshop.info\\\/\",\"name\":\"SpyShop\",\"description\":\"Abh\u00f6rger\u00e4te, GPS Sender, \u00dcberwachungskameras\",\"publisher\":{\"@id\":\"https:\\\/\\\/www.spyshop.info\\\/#organization\"},\"potentialAction\":[{\"@type\":\"SearchAction\",\"target\":{\"@type\":\"EntryPoint\",\"urlTemplate\":\"https:\\\/\\\/www.spyshop.info\\\/?s={search_term_string}\"},\"query-input\":{\"@type\":\"PropertyValueSpecification\",\"valueRequired\":true,\"valueName\":\"search_term_string\"}}],\"inLanguage\":\"en-US\"},{\"@type\":\"Organization\",\"@id\":\"https:\\\/\\\/www.spyshop.info\\\/#organization\",\"name\":\"SpyShop\",\"url\":\"https:\\\/\\\/www.spyshop.info\\\/\",\"logo\":{\"@type\":\"ImageObject\",\"inLanguage\":\"en-US\",\"@id\":\"https:\\\/\\\/www.spyshop.info\\\/#\\\/schema\\\/logo\\\/image\\\/\",\"url\":\"https:\\\/\\\/www.spyshop.info\\\/wp-content\\\/uploads\\\/2016\\\/11\\\/cropped-logo-spyshop-02-1-3.jpg\",\"contentUrl\":\"https:\\\/\\\/www.spyshop.info\\\/wp-content\\\/uploads\\\/2016\\\/11\\\/cropped-logo-spyshop-02-1-3.jpg\",\"width\":1522,\"height\":435,\"caption\":\"SpyShop\"},\"image\":{\"@id\":\"https:\\\/\\\/www.spyshop.info\\\/#\\\/schema\\\/logo\\\/image\\\/\"}}]}<\/script>\n<!-- \/ Yoast SEO plugin. -->","yoast_head_json":{"title":"GSM gHost SC - SpyShop","robots":{"index":"index","follow":"follow","max-snippet":"max-snippet:-1","max-image-preview":"max-image-preview:large","max-video-preview":"max-video-preview:-1"},"canonical":"https:\/\/www.spyshop.info\/en\/shop\/audio-surveillance\/gsm-bugs\/gsm-ghost-sc\/","og_locale":"en_US","og_type":"article","og_title":"GSM gHost SC - SpyShop","og_description":"The GSM gHost SC (super clear) is a professional listening device that is made of top quality materials. It is a combination of the latest hardware and software technology, especially crafted for perfect sound over long distances.\u00a0 The microphones are very small and very efficient. Those who are familiar with Knowles microphones know that they are the best available on the market.\u00a0 It can also be connected to a usual car battery, which makes this a very flexible listening device. The GSM gHost SC is a top of the market product, it comes at a significant price, but due to the high quality microphones and battery it is absolutely worth it.","og_url":"https:\/\/www.spyshop.info\/en\/shop\/audio-surveillance\/gsm-bugs\/gsm-ghost-sc\/","og_site_name":"SpyShop","article_modified_time":"2019-05-05T08:09:29+00:00","og_image":[{"width":800,"height":800,"url":"https:\/\/www.spyshop.info\/wp-content\/uploads\/2016\/07\/gsm-ghost-sc1.jpg","type":"image\/jpeg"}],"twitter_card":"summary_large_image","twitter_misc":{"Est. reading time":"2 minutes"},"schema":{"@context":"https:\/\/schema.org","@graph":[{"@type":"WebPage","@id":"https:\/\/www.spyshop.info\/en\/shop\/audio-surveillance\/gsm-bugs\/gsm-ghost-sc\/","url":"https:\/\/www.spyshop.info\/en\/shop\/audio-surveillance\/gsm-bugs\/gsm-ghost-sc\/","name":"GSM gHost SC - SpyShop","isPartOf":{"@id":"https:\/\/www.spyshop.info\/#website"},"primaryImageOfPage":{"@id":"https:\/\/www.spyshop.info\/en\/shop\/audio-surveillance\/gsm-bugs\/gsm-ghost-sc\/#primaryimage"},"image":{"@id":"https:\/\/www.spyshop.info\/en\/shop\/audio-surveillance\/gsm-bugs\/gsm-ghost-sc\/#primaryimage"},"thumbnailUrl":"https:\/\/www.spyshop.info\/wp-content\/uploads\/2016\/07\/gsm-ghost-sc1.jpg","datePublished":"2016-07-20T15:59:43+00:00","dateModified":"2019-05-05T08:09:29+00:00","breadcrumb":{"@id":"https:\/\/www.spyshop.info\/en\/shop\/audio-surveillance\/gsm-bugs\/gsm-ghost-sc\/#breadcrumb"},"inLanguage":"en-US","potentialAction":[{"@type":"ReadAction","target":["https:\/\/www.spyshop.info\/en\/shop\/audio-surveillance\/gsm-bugs\/gsm-ghost-sc\/"]}]},{"@type":"ImageObject","inLanguage":"en-US","@id":"https:\/\/www.spyshop.info\/en\/shop\/audio-surveillance\/gsm-bugs\/gsm-ghost-sc\/#primaryimage","url":"https:\/\/www.spyshop.info\/wp-content\/uploads\/2016\/07\/gsm-ghost-sc1.jpg","contentUrl":"https:\/\/www.spyshop.info\/wp-content\/uploads\/2016\/07\/gsm-ghost-sc1.jpg","width":800,"height":800,"caption":"gsm-ghost-sc1"},{"@type":"BreadcrumbList","@id":"https:\/\/www.spyshop.info\/en\/shop\/audio-surveillance\/gsm-bugs\/gsm-ghost-sc\/#breadcrumb","itemListElement":[{"@type":"ListItem","position":1,"name":"Startseite","item":"https:\/\/www.spyshop.info\/en\/"},{"@type":"ListItem","position":2,"name":"Shop","item":"https:\/\/www.spyshop.info\/en\/shop\/"},{"@type":"ListItem","position":3,"name":"GSM gHost SC"}]},{"@type":"WebSite","@id":"https:\/\/www.spyshop.info\/#website","url":"https:\/\/www.spyshop.info\/","name":"SpyShop","description":"Abh\u00f6rger\u00e4te, GPS Sender, \u00dcberwachungskameras","publisher":{"@id":"https:\/\/www.spyshop.info\/#organization"},"potentialAction":[{"@type":"SearchAction","target":{"@type":"EntryPoint","urlTemplate":"https:\/\/www.spyshop.info\/?s={search_term_string}"},"query-input":{"@type":"PropertyValueSpecification","valueRequired":true,"valueName":"search_term_string"}}],"inLanguage":"en-US"},{"@type":"Organization","@id":"https:\/\/www.spyshop.info\/#organization","name":"SpyShop","url":"https:\/\/www.spyshop.info\/","logo":{"@type":"ImageObject","inLanguage":"en-US","@id":"https:\/\/www.spyshop.info\/#\/schema\/logo\/image\/","url":"https:\/\/www.spyshop.info\/wp-content\/uploads\/2016\/11\/cropped-logo-spyshop-02-1-3.jpg","contentUrl":"https:\/\/www.spyshop.info\/wp-content\/uploads\/2016\/11\/cropped-logo-spyshop-02-1-3.jpg","width":1522,"height":435,"caption":"SpyShop"},"image":{"@id":"https:\/\/www.spyshop.info\/#\/schema\/logo\/image\/"}}]}},"_links":{"self":[{"href":"https:\/\/www.spyshop.info\/en\/wp-json\/wp\/v2\/product\/264","targetHints":{"allow":["GET"]}}],"collection":[{"href":"https:\/\/www.spyshop.info\/en\/wp-json\/wp\/v2\/product"}],"about":[{"href":"https:\/\/www.spyshop.info\/en\/wp-json\/wp\/v2\/types\/product"}],"version-history":[{"count":0,"href":"https:\/\/www.spyshop.info\/en\/wp-json\/wp\/v2\/product\/264\/revisions"}],"wp:featuredmedia":[{"embeddable":true,"href":"https:\/\/www.spyshop.info\/en\/wp-json\/wp\/v2\/media\/249"}],"wp:attachment":[{"href":"https:\/\/www.spyshop.info\/en\/wp-json\/wp\/v2\/media?parent=264"}],"wp:term":[{"taxonomy":"product_brand","embeddable":true,"href":"https:\/\/www.spyshop.info\/en\/wp-json\/wp\/v2\/product_brand?post=264"},{"taxonomy":"product_cat","embeddable":true,"href":"https:\/\/www.spyshop.info\/en\/wp-json\/wp\/v2\/product_cat?post=264"},{"taxonomy":"product_tag","embeddable":true,"href":"https:\/\/www.spyshop.info\/en\/wp-json\/wp\/v2\/product_tag?post=264"}],"curies":[{"name":"wp","href":"https:\/\/api.w.org\/{rel}","templated":true}]}}