{"id":2638,"date":"2018-10-09T12:07:00","date_gmt":"2018-10-09T10:07:00","guid":{"rendered":"https:\/\/www.spyshop.info\/shop\/unkategorisiert\/4k-ultrahd-wifi-video-module\/"},"modified":"2019-06-28T13:21:25","modified_gmt":"2019-06-28T11:21:25","slug":"4k-ultrahd-wifi-video-module","status":"publish","type":"product","link":"https:\/\/www.spyshop.info\/en\/shop\/video-surveillance\/4k-ultrahd-wifi-video-module\/","title":{"rendered":"4k UltraHD WiFi Video Module"},"content":{"rendered":"<p>It is not always possible to place pre-exposed devices in a fixed position. You have to install the camera module. Whether in an over-wall junction box, a loudspeaker box, a double ceiling or a standing fan &#8211; creativity doesn\u2019t know any bounds. Now one of our manufacturers has launched a new camera module in Ultra HD quality on the market, so in 4k! Configure the module via the free app for iOS and Android, camouflage it and connect it to the existing WLan network or via our mobile router (article number VZB-0002). On request, we will synchronize the two devices for you free of charge, so you just have to disguise it and turn it on.<\/p>\n<p>Of course, the camera module also has a night vision function and of course you can also adjust the app in that way that you will be sent every movement by a sound and \/ or visual signal to the app of your smartphone. Internally, the module records on MicroSD card.<\/p>\n<p>Technical parameters:<\/p>\n<p>-) WiFi function: Remote viewing and control via PC or smartphone<\/p>\n<p>-) Compatible with iPhone, iPad, Androidphone and other computer products<\/p>\n<p>-) Mini Camcorder Audio &amp; Video Recorder<\/p>\n<p>-) Photo function.<\/p>\n<p>-) Night Vision: IR LEDs<\/p>\n<p>-) Motion Detector Video Recorder.<\/p>\n<p>-) Video resolution: 4K 4096 * 2160P<\/p>\n<p>-) Video format: H.264<\/p>\n<p>-) Videocoding: MOV<\/p>\n<p>-) Video frame rate: 30bps<\/p>\n<p>-) Automatic white balance<\/p>\n<p>-) Image format: JPG<\/p>\n<p>-) Imagescale: 4: 3<\/p>\n<p>-) Photo resolution: 4032 x 3024<\/p>\n<p>-) Microphone: built-in (synchronized recording of audio and video signals)<\/p>\n<p>-) Battery capacity: built-in 2.400mAh lithium battery<\/p>\n<p>-) Running time: 8 hours of video recording<\/p>\n<p>-) Charging current: DC-5V<\/p>\n<p>-) Charging time: 2-3 hours<\/p>\n<p>-) Interface type: mini 5-pin USB<\/p>\n<p>-) Color: Black<\/p>\n<p>-) Support system: Windows XP \/ Vista \/ 7\/8 \/ 8.1 \/ 10; Mac OS; Linux;<\/p>\n<p>-) Memory: MicroSD, 4GB \/ 8GB \/ 16GB \/ 32GB<\/p>\n","protected":false},"excerpt":{"rendered":"<p>The 4K video module delights the investigator with Ultra HD resolution, WiFi, motion detection, night vision and remote viewing via app for iOS and Android.<\/p>\n","protected":false},"featured_media":2435,"template":"","meta":[],"product_brand":[],"product_cat":[164,168],"product_tag":[],"class_list":{"0":"post-2638","1":"product","2":"type-product","3":"status-publish","4":"has-post-thumbnail","6":"product_cat-video-surveillance","7":"product_cat-hidden-wifi-radio-and-gsm-cameras","9":"first","10":"outofstock","11":"taxable","12":"shipping-taxable","13":"purchasable","14":"product-type-simple"},"yoast_head":"<!-- This site is optimized with the Yoast SEO plugin v27.4 - https:\/\/yoast.com\/product\/yoast-seo-wordpress\/ -->\n<title>4k UltraHD WiFi Video Module - SpyShop<\/title>\n<meta name=\"robots\" content=\"index, follow, max-snippet:-1, max-image-preview:large, max-video-preview:-1\" \/>\n<link rel=\"canonical\" href=\"https:\/\/www.spyshop.info\/en\/shop\/video-surveillance\/4k-ultrahd-wifi-video-module\/\" \/>\n<meta property=\"og:locale\" content=\"en_US\" \/>\n<meta property=\"og:type\" content=\"article\" \/>\n<meta property=\"og:title\" content=\"4k UltraHD WiFi Video Module - SpyShop\" \/>\n<meta property=\"og:description\" content=\"The 4K video module delights the investigator with Ultra HD resolution, WiFi, motion detection, night vision and remote viewing via app for iOS and Android.\" \/>\n<meta property=\"og:url\" content=\"https:\/\/www.spyshop.info\/en\/shop\/video-surveillance\/4k-ultrahd-wifi-video-module\/\" \/>\n<meta property=\"og:site_name\" content=\"SpyShop\" \/>\n<meta property=\"article:modified_time\" content=\"2019-06-28T11:21:25+00:00\" \/>\n<meta property=\"og:image\" content=\"https:\/\/www.spyshop.info\/wp-content\/uploads\/2018\/10\/3-4.jpg\" \/>\n\t<meta property=\"og:image:width\" content=\"1500\" \/>\n\t<meta property=\"og:image:height\" content=\"1500\" \/>\n\t<meta property=\"og:image:type\" content=\"image\/jpeg\" \/>\n<meta name=\"twitter:card\" content=\"summary_large_image\" \/>\n<meta name=\"twitter:label1\" content=\"Est. reading time\" \/>\n\t<meta name=\"twitter:data1\" content=\"2 minutes\" \/>\n<script type=\"application\/ld+json\" class=\"yoast-schema-graph\">{\"@context\":\"https:\\\/\\\/schema.org\",\"@graph\":[{\"@type\":\"WebPage\",\"@id\":\"https:\\\/\\\/www.spyshop.info\\\/en\\\/shop\\\/video-surveillance\\\/4k-ultrahd-wifi-video-module\\\/\",\"url\":\"https:\\\/\\\/www.spyshop.info\\\/en\\\/shop\\\/video-surveillance\\\/4k-ultrahd-wifi-video-module\\\/\",\"name\":\"4k UltraHD WiFi Video Module - SpyShop\",\"isPartOf\":{\"@id\":\"https:\\\/\\\/www.spyshop.info\\\/#website\"},\"primaryImageOfPage\":{\"@id\":\"https:\\\/\\\/www.spyshop.info\\\/en\\\/shop\\\/video-surveillance\\\/4k-ultrahd-wifi-video-module\\\/#primaryimage\"},\"image\":{\"@id\":\"https:\\\/\\\/www.spyshop.info\\\/en\\\/shop\\\/video-surveillance\\\/4k-ultrahd-wifi-video-module\\\/#primaryimage\"},\"thumbnailUrl\":\"https:\\\/\\\/www.spyshop.info\\\/wp-content\\\/uploads\\\/2018\\\/10\\\/3-4.jpg\",\"datePublished\":\"2018-10-09T10:07:00+00:00\",\"dateModified\":\"2019-06-28T11:21:25+00:00\",\"breadcrumb\":{\"@id\":\"https:\\\/\\\/www.spyshop.info\\\/en\\\/shop\\\/video-surveillance\\\/4k-ultrahd-wifi-video-module\\\/#breadcrumb\"},\"inLanguage\":\"en-US\",\"potentialAction\":[{\"@type\":\"ReadAction\",\"target\":[\"https:\\\/\\\/www.spyshop.info\\\/en\\\/shop\\\/video-surveillance\\\/4k-ultrahd-wifi-video-module\\\/\"]}]},{\"@type\":\"ImageObject\",\"inLanguage\":\"en-US\",\"@id\":\"https:\\\/\\\/www.spyshop.info\\\/en\\\/shop\\\/video-surveillance\\\/4k-ultrahd-wifi-video-module\\\/#primaryimage\",\"url\":\"https:\\\/\\\/www.spyshop.info\\\/wp-content\\\/uploads\\\/2018\\\/10\\\/3-4.jpg\",\"contentUrl\":\"https:\\\/\\\/www.spyshop.info\\\/wp-content\\\/uploads\\\/2018\\\/10\\\/3-4.jpg\",\"width\":1500,\"height\":1500,\"caption\":\"Getarnte Funkkameras | 4k-UltraHD WiFi Video-Modul\"},{\"@type\":\"BreadcrumbList\",\"@id\":\"https:\\\/\\\/www.spyshop.info\\\/en\\\/shop\\\/video-surveillance\\\/4k-ultrahd-wifi-video-module\\\/#breadcrumb\",\"itemListElement\":[{\"@type\":\"ListItem\",\"position\":1,\"name\":\"Startseite\",\"item\":\"https:\\\/\\\/www.spyshop.info\\\/en\\\/\"},{\"@type\":\"ListItem\",\"position\":2,\"name\":\"Shop\",\"item\":\"https:\\\/\\\/www.spyshop.info\\\/en\\\/shop\\\/\"},{\"@type\":\"ListItem\",\"position\":3,\"name\":\"4k UltraHD WiFi Video Module\"}]},{\"@type\":\"WebSite\",\"@id\":\"https:\\\/\\\/www.spyshop.info\\\/#website\",\"url\":\"https:\\\/\\\/www.spyshop.info\\\/\",\"name\":\"SpyShop\",\"description\":\"Abh\u00f6rger\u00e4te, GPS Sender, \u00dcberwachungskameras\",\"publisher\":{\"@id\":\"https:\\\/\\\/www.spyshop.info\\\/#organization\"},\"potentialAction\":[{\"@type\":\"SearchAction\",\"target\":{\"@type\":\"EntryPoint\",\"urlTemplate\":\"https:\\\/\\\/www.spyshop.info\\\/?s={search_term_string}\"},\"query-input\":{\"@type\":\"PropertyValueSpecification\",\"valueRequired\":true,\"valueName\":\"search_term_string\"}}],\"inLanguage\":\"en-US\"},{\"@type\":\"Organization\",\"@id\":\"https:\\\/\\\/www.spyshop.info\\\/#organization\",\"name\":\"SpyShop\",\"url\":\"https:\\\/\\\/www.spyshop.info\\\/\",\"logo\":{\"@type\":\"ImageObject\",\"inLanguage\":\"en-US\",\"@id\":\"https:\\\/\\\/www.spyshop.info\\\/#\\\/schema\\\/logo\\\/image\\\/\",\"url\":\"https:\\\/\\\/www.spyshop.info\\\/wp-content\\\/uploads\\\/2016\\\/11\\\/cropped-logo-spyshop-02-1-3.jpg\",\"contentUrl\":\"https:\\\/\\\/www.spyshop.info\\\/wp-content\\\/uploads\\\/2016\\\/11\\\/cropped-logo-spyshop-02-1-3.jpg\",\"width\":1522,\"height\":435,\"caption\":\"SpyShop\"},\"image\":{\"@id\":\"https:\\\/\\\/www.spyshop.info\\\/#\\\/schema\\\/logo\\\/image\\\/\"}}]}<\/script>\n<!-- \/ Yoast SEO plugin. -->","yoast_head_json":{"title":"4k UltraHD WiFi Video Module - SpyShop","robots":{"index":"index","follow":"follow","max-snippet":"max-snippet:-1","max-image-preview":"max-image-preview:large","max-video-preview":"max-video-preview:-1"},"canonical":"https:\/\/www.spyshop.info\/en\/shop\/video-surveillance\/4k-ultrahd-wifi-video-module\/","og_locale":"en_US","og_type":"article","og_title":"4k UltraHD WiFi Video Module - SpyShop","og_description":"The 4K video module delights the investigator with Ultra HD resolution, WiFi, motion detection, night vision and remote viewing via app for iOS and Android.","og_url":"https:\/\/www.spyshop.info\/en\/shop\/video-surveillance\/4k-ultrahd-wifi-video-module\/","og_site_name":"SpyShop","article_modified_time":"2019-06-28T11:21:25+00:00","og_image":[{"width":1500,"height":1500,"url":"https:\/\/www.spyshop.info\/wp-content\/uploads\/2018\/10\/3-4.jpg","type":"image\/jpeg"}],"twitter_card":"summary_large_image","twitter_misc":{"Est. reading time":"2 minutes"},"schema":{"@context":"https:\/\/schema.org","@graph":[{"@type":"WebPage","@id":"https:\/\/www.spyshop.info\/en\/shop\/video-surveillance\/4k-ultrahd-wifi-video-module\/","url":"https:\/\/www.spyshop.info\/en\/shop\/video-surveillance\/4k-ultrahd-wifi-video-module\/","name":"4k UltraHD WiFi Video Module - SpyShop","isPartOf":{"@id":"https:\/\/www.spyshop.info\/#website"},"primaryImageOfPage":{"@id":"https:\/\/www.spyshop.info\/en\/shop\/video-surveillance\/4k-ultrahd-wifi-video-module\/#primaryimage"},"image":{"@id":"https:\/\/www.spyshop.info\/en\/shop\/video-surveillance\/4k-ultrahd-wifi-video-module\/#primaryimage"},"thumbnailUrl":"https:\/\/www.spyshop.info\/wp-content\/uploads\/2018\/10\/3-4.jpg","datePublished":"2018-10-09T10:07:00+00:00","dateModified":"2019-06-28T11:21:25+00:00","breadcrumb":{"@id":"https:\/\/www.spyshop.info\/en\/shop\/video-surveillance\/4k-ultrahd-wifi-video-module\/#breadcrumb"},"inLanguage":"en-US","potentialAction":[{"@type":"ReadAction","target":["https:\/\/www.spyshop.info\/en\/shop\/video-surveillance\/4k-ultrahd-wifi-video-module\/"]}]},{"@type":"ImageObject","inLanguage":"en-US","@id":"https:\/\/www.spyshop.info\/en\/shop\/video-surveillance\/4k-ultrahd-wifi-video-module\/#primaryimage","url":"https:\/\/www.spyshop.info\/wp-content\/uploads\/2018\/10\/3-4.jpg","contentUrl":"https:\/\/www.spyshop.info\/wp-content\/uploads\/2018\/10\/3-4.jpg","width":1500,"height":1500,"caption":"Getarnte Funkkameras | 4k-UltraHD WiFi Video-Modul"},{"@type":"BreadcrumbList","@id":"https:\/\/www.spyshop.info\/en\/shop\/video-surveillance\/4k-ultrahd-wifi-video-module\/#breadcrumb","itemListElement":[{"@type":"ListItem","position":1,"name":"Startseite","item":"https:\/\/www.spyshop.info\/en\/"},{"@type":"ListItem","position":2,"name":"Shop","item":"https:\/\/www.spyshop.info\/en\/shop\/"},{"@type":"ListItem","position":3,"name":"4k UltraHD WiFi Video Module"}]},{"@type":"WebSite","@id":"https:\/\/www.spyshop.info\/#website","url":"https:\/\/www.spyshop.info\/","name":"SpyShop","description":"Abh\u00f6rger\u00e4te, GPS Sender, \u00dcberwachungskameras","publisher":{"@id":"https:\/\/www.spyshop.info\/#organization"},"potentialAction":[{"@type":"SearchAction","target":{"@type":"EntryPoint","urlTemplate":"https:\/\/www.spyshop.info\/?s={search_term_string}"},"query-input":{"@type":"PropertyValueSpecification","valueRequired":true,"valueName":"search_term_string"}}],"inLanguage":"en-US"},{"@type":"Organization","@id":"https:\/\/www.spyshop.info\/#organization","name":"SpyShop","url":"https:\/\/www.spyshop.info\/","logo":{"@type":"ImageObject","inLanguage":"en-US","@id":"https:\/\/www.spyshop.info\/#\/schema\/logo\/image\/","url":"https:\/\/www.spyshop.info\/wp-content\/uploads\/2016\/11\/cropped-logo-spyshop-02-1-3.jpg","contentUrl":"https:\/\/www.spyshop.info\/wp-content\/uploads\/2016\/11\/cropped-logo-spyshop-02-1-3.jpg","width":1522,"height":435,"caption":"SpyShop"},"image":{"@id":"https:\/\/www.spyshop.info\/#\/schema\/logo\/image\/"}}]}},"_links":{"self":[{"href":"https:\/\/www.spyshop.info\/en\/wp-json\/wp\/v2\/product\/2638","targetHints":{"allow":["GET"]}}],"collection":[{"href":"https:\/\/www.spyshop.info\/en\/wp-json\/wp\/v2\/product"}],"about":[{"href":"https:\/\/www.spyshop.info\/en\/wp-json\/wp\/v2\/types\/product"}],"version-history":[{"count":0,"href":"https:\/\/www.spyshop.info\/en\/wp-json\/wp\/v2\/product\/2638\/revisions"}],"wp:featuredmedia":[{"embeddable":true,"href":"https:\/\/www.spyshop.info\/en\/wp-json\/wp\/v2\/media\/2435"}],"wp:attachment":[{"href":"https:\/\/www.spyshop.info\/en\/wp-json\/wp\/v2\/media?parent=2638"}],"wp:term":[{"taxonomy":"product_brand","embeddable":true,"href":"https:\/\/www.spyshop.info\/en\/wp-json\/wp\/v2\/product_brand?post=2638"},{"taxonomy":"product_cat","embeddable":true,"href":"https:\/\/www.spyshop.info\/en\/wp-json\/wp\/v2\/product_cat?post=2638"},{"taxonomy":"product_tag","embeddable":true,"href":"https:\/\/www.spyshop.info\/en\/wp-json\/wp\/v2\/product_tag?post=2638"}],"curies":[{"name":"wp","href":"https:\/\/api.w.org\/{rel}","templated":true}]}}