{"id":2299,"date":"2018-09-28T08:43:23","date_gmt":"2018-09-28T06:43:23","guid":{"rendered":"https:\/\/www.spyshop.info\/shop\/unkategorisiert\/ultralife-wifi-pir-camera\/"},"modified":"2018-09-28T08:43:23","modified_gmt":"2018-09-28T06:43:23","slug":"ultralife-wifi-pir-camera","status":"publish","type":"product","link":"https:\/\/www.spyshop.info\/en\/shop\/video-surveillance\/ultralife-wifi-pir-camera\/","title":{"rendered":"UltraLife WiFi PIR camera"},"content":{"rendered":"<p>Hidden Wi-Fi camera with long stand-by time<\/p>\n<p>This is a Wi-Fi extension of our already popular\u00a0<strong>Stealthtronic UltraLife series<\/strong>which focuses on the highest possible standby time on a single battery charge. You will have the ability to view the picture online on your smartphone.<\/p>\n<p>This device is designed to\u00a0<strong>be used in offices or indoor spaces<\/strong>, as it does not have IP68 waterproof protection. Nonetheless, it will work in an outdoor environment as long as there is a protection from water exposure. It has got a virtually invisible pinhole camera and a PIR motion sensor.<\/p>\n<p>The Stronic UltraLife hidden camera in PIR is easy to install and mount onto a wall, the whole\u00a0<strong>set-up will take less than 5 minutes<\/strong>\u00a0of your time and you can start viewing the recordings. The sensor will activate itself on a distance up to 7 meters.<\/p>\n<p><strong>\u00a0<\/strong><\/p>\n<h3>Where can we use Stronic UltraLife Wi-Fi PIR?<\/h3>\n<ul>\n<li><strong>hidden monitoring<\/strong>of your commercial space<\/li>\n<li><strong>thief identification<\/strong>if you are losing stock, even though you have cameras installed, there are always blind spots<\/li>\n<\/ul>\n<h3>Function of StealthTronic Wi-Fi PIR<\/h3>\n<ul>\n<li><strong>Extremely long-lasting battery <\/strong><strong>the StealthTronic Wi-Fi PIR<\/strong>is equipped with a PIR sensor which has a consumption of only 1-2mAh, that is used in combination with a battery of\u00a0<strong>5500mAh Li-Pol<\/strong><\/li>\n<li><strong>Live Wi-Fi view<\/strong><strong><br \/>\n<\/strong>The integrated Wi-Fi module in the device itself will give you the possibility to see the online recordings at all times, be cautioned, as the device consumes energy while recordings are watched.<\/li>\n<li><strong>Fast activation time<\/strong><strong><br \/>\n<\/strong>The motion detection with PIR in this module is extremely fast, as the detection will occur in matters of seconds.<\/li>\n<li><strong>Mobile phone control<\/strong><strong><br \/>\n<\/strong>The application has a support of 4 cameras at the same time, which means that you can control up to 4 of them in the application. You can view videos as well as pictures.<\/li>\n<li><strong>HD Quality<\/strong><strong><br \/>\n<\/strong>The chip is CMOS with 1.3Mpix , the view angle is 70 degrees and it records audio as well as video.<\/li>\n<li><strong>Memory<\/strong><strong><br \/>\n<\/strong>The memory capacity is 32GB which will last for about 80 hours of usage. There is a function for automatic footage overwriting, which means that you will not have to worry about taking out the card. You can also swap the SD cards at your convenience, please make sure that the device is powered off.<\/li>\n<\/ul>\n<p>&nbsp;<\/p>\n<h2>Additional information<\/h2>\n<p>Before the 1st time of usage, please make sure that the device has got at least 6 hours of charge. Before dispatch from our company, we always charge the battery, but we still recommend giving it a first time full charge.<\/p>\n<h3>Camera activation<\/h3>\n<p>The\u00a0<strong>activation<\/strong>\u00a0will happen\u00a0<strong>within 1-2 seconds<\/strong>after the movement sensor has been activated. You can turn on push notification on your phone and you will immediately get an alert for movement. Once the movement is no longer present, the camera will put itself in a standby PIR silent mode again. You can connect at any instance to the camera and see the surroundings at your convenience, thanks to the low power consumption of the Wi-Fi module.<\/p>\n<h2>Package contents:<\/h2>\n<ul>\n<li>Stronic Ultralife PIR camera<\/li>\n<li>3M tape for easy placement<\/li>\n<li>DC 5V adaptor<\/li>\n<\/ul>\n","protected":false},"excerpt":{"rendered":"<p><strong>The PIR sensor with HD camera<\/strong>\u00a0lasts up to 180 days with a single charge. It is an extension of our popular UltraLife series, which focuses on long standby times achieved by PIR sensor technology. This device is using an Android\/iPhone app for viewing the data online.<\/p>\n","protected":false},"featured_media":2288,"template":"","meta":[],"product_brand":[],"product_cat":[164,168],"product_tag":[],"class_list":{"0":"post-2299","1":"product","2":"type-product","3":"status-publish","4":"has-post-thumbnail","6":"product_cat-video-surveillance","7":"product_cat-hidden-wifi-radio-and-gsm-cameras","9":"first","10":"outofstock","11":"taxable","12":"shipping-taxable","13":"purchasable","14":"product-type-simple"},"yoast_head":"<!-- This site is optimized with the Yoast SEO plugin v27.4 - https:\/\/yoast.com\/product\/yoast-seo-wordpress\/ -->\n<title>UltraLife WiFi PIR camera - SpyShop<\/title>\n<meta name=\"robots\" content=\"index, follow, max-snippet:-1, max-image-preview:large, max-video-preview:-1\" \/>\n<link rel=\"canonical\" href=\"https:\/\/www.spyshop.info\/en\/shop\/video-surveillance\/ultralife-wifi-pir-camera\/\" \/>\n<meta property=\"og:locale\" content=\"en_US\" \/>\n<meta property=\"og:type\" content=\"article\" \/>\n<meta property=\"og:title\" content=\"UltraLife WiFi PIR camera - SpyShop\" \/>\n<meta property=\"og:description\" content=\"The PIR sensor with HD camera\u00a0lasts up to 180 days with a single charge. It is an extension of our popular UltraLife series, which focuses on long standby times achieved by PIR sensor technology. This device is using an Android\/iPhone app for viewing the data online.\" \/>\n<meta property=\"og:url\" content=\"https:\/\/www.spyshop.info\/en\/shop\/video-surveillance\/ultralife-wifi-pir-camera\/\" \/>\n<meta property=\"og:site_name\" content=\"SpyShop\" \/>\n<meta property=\"og:image\" content=\"https:\/\/www.spyshop.info\/wp-content\/uploads\/2018\/09\/ultralife-wifi-pir-sensor-camera4.jpg\" \/>\n\t<meta property=\"og:image:width\" content=\"800\" \/>\n\t<meta property=\"og:image:height\" content=\"800\" \/>\n\t<meta property=\"og:image:type\" content=\"image\/jpeg\" \/>\n<meta name=\"twitter:card\" content=\"summary_large_image\" \/>\n<meta name=\"twitter:label1\" content=\"Est. reading time\" \/>\n\t<meta name=\"twitter:data1\" content=\"3 minutes\" \/>\n<script type=\"application\/ld+json\" class=\"yoast-schema-graph\">{\"@context\":\"https:\\\/\\\/schema.org\",\"@graph\":[{\"@type\":\"WebPage\",\"@id\":\"https:\\\/\\\/www.spyshop.info\\\/en\\\/shop\\\/video-surveillance\\\/ultralife-wifi-pir-camera\\\/\",\"url\":\"https:\\\/\\\/www.spyshop.info\\\/en\\\/shop\\\/video-surveillance\\\/ultralife-wifi-pir-camera\\\/\",\"name\":\"UltraLife WiFi PIR camera - SpyShop\",\"isPartOf\":{\"@id\":\"https:\\\/\\\/www.spyshop.info\\\/#website\"},\"primaryImageOfPage\":{\"@id\":\"https:\\\/\\\/www.spyshop.info\\\/en\\\/shop\\\/video-surveillance\\\/ultralife-wifi-pir-camera\\\/#primaryimage\"},\"image\":{\"@id\":\"https:\\\/\\\/www.spyshop.info\\\/en\\\/shop\\\/video-surveillance\\\/ultralife-wifi-pir-camera\\\/#primaryimage\"},\"thumbnailUrl\":\"https:\\\/\\\/www.spyshop.info\\\/wp-content\\\/uploads\\\/2018\\\/09\\\/ultralife-wifi-pir-sensor-camera4.jpg\",\"datePublished\":\"2018-09-28T06:43:23+00:00\",\"breadcrumb\":{\"@id\":\"https:\\\/\\\/www.spyshop.info\\\/en\\\/shop\\\/video-surveillance\\\/ultralife-wifi-pir-camera\\\/#breadcrumb\"},\"inLanguage\":\"en-US\",\"potentialAction\":[{\"@type\":\"ReadAction\",\"target\":[\"https:\\\/\\\/www.spyshop.info\\\/en\\\/shop\\\/video-surveillance\\\/ultralife-wifi-pir-camera\\\/\"]}]},{\"@type\":\"ImageObject\",\"inLanguage\":\"en-US\",\"@id\":\"https:\\\/\\\/www.spyshop.info\\\/en\\\/shop\\\/video-surveillance\\\/ultralife-wifi-pir-camera\\\/#primaryimage\",\"url\":\"https:\\\/\\\/www.spyshop.info\\\/wp-content\\\/uploads\\\/2018\\\/09\\\/ultralife-wifi-pir-sensor-camera4.jpg\",\"contentUrl\":\"https:\\\/\\\/www.spyshop.info\\\/wp-content\\\/uploads\\\/2018\\\/09\\\/ultralife-wifi-pir-sensor-camera4.jpg\",\"width\":800,\"height\":800,\"caption\":\"Getarnte Funkkamera | UltraLife WiFi PIR Kamera\"},{\"@type\":\"BreadcrumbList\",\"@id\":\"https:\\\/\\\/www.spyshop.info\\\/en\\\/shop\\\/video-surveillance\\\/ultralife-wifi-pir-camera\\\/#breadcrumb\",\"itemListElement\":[{\"@type\":\"ListItem\",\"position\":1,\"name\":\"Startseite\",\"item\":\"https:\\\/\\\/www.spyshop.info\\\/en\\\/\"},{\"@type\":\"ListItem\",\"position\":2,\"name\":\"Shop\",\"item\":\"https:\\\/\\\/www.spyshop.info\\\/en\\\/shop\\\/\"},{\"@type\":\"ListItem\",\"position\":3,\"name\":\"UltraLife WiFi PIR camera\"}]},{\"@type\":\"WebSite\",\"@id\":\"https:\\\/\\\/www.spyshop.info\\\/#website\",\"url\":\"https:\\\/\\\/www.spyshop.info\\\/\",\"name\":\"SpyShop\",\"description\":\"Abh\u00f6rger\u00e4te, GPS Sender, \u00dcberwachungskameras\",\"publisher\":{\"@id\":\"https:\\\/\\\/www.spyshop.info\\\/#organization\"},\"potentialAction\":[{\"@type\":\"SearchAction\",\"target\":{\"@type\":\"EntryPoint\",\"urlTemplate\":\"https:\\\/\\\/www.spyshop.info\\\/?s={search_term_string}\"},\"query-input\":{\"@type\":\"PropertyValueSpecification\",\"valueRequired\":true,\"valueName\":\"search_term_string\"}}],\"inLanguage\":\"en-US\"},{\"@type\":\"Organization\",\"@id\":\"https:\\\/\\\/www.spyshop.info\\\/#organization\",\"name\":\"SpyShop\",\"url\":\"https:\\\/\\\/www.spyshop.info\\\/\",\"logo\":{\"@type\":\"ImageObject\",\"inLanguage\":\"en-US\",\"@id\":\"https:\\\/\\\/www.spyshop.info\\\/#\\\/schema\\\/logo\\\/image\\\/\",\"url\":\"https:\\\/\\\/www.spyshop.info\\\/wp-content\\\/uploads\\\/2016\\\/11\\\/cropped-logo-spyshop-02-1-3.jpg\",\"contentUrl\":\"https:\\\/\\\/www.spyshop.info\\\/wp-content\\\/uploads\\\/2016\\\/11\\\/cropped-logo-spyshop-02-1-3.jpg\",\"width\":1522,\"height\":435,\"caption\":\"SpyShop\"},\"image\":{\"@id\":\"https:\\\/\\\/www.spyshop.info\\\/#\\\/schema\\\/logo\\\/image\\\/\"}}]}<\/script>\n<!-- \/ Yoast SEO plugin. -->","yoast_head_json":{"title":"UltraLife WiFi PIR camera - SpyShop","robots":{"index":"index","follow":"follow","max-snippet":"max-snippet:-1","max-image-preview":"max-image-preview:large","max-video-preview":"max-video-preview:-1"},"canonical":"https:\/\/www.spyshop.info\/en\/shop\/video-surveillance\/ultralife-wifi-pir-camera\/","og_locale":"en_US","og_type":"article","og_title":"UltraLife WiFi PIR camera - SpyShop","og_description":"The PIR sensor with HD camera\u00a0lasts up to 180 days with a single charge. It is an extension of our popular UltraLife series, which focuses on long standby times achieved by PIR sensor technology. This device is using an Android\/iPhone app for viewing the data online.","og_url":"https:\/\/www.spyshop.info\/en\/shop\/video-surveillance\/ultralife-wifi-pir-camera\/","og_site_name":"SpyShop","og_image":[{"width":800,"height":800,"url":"https:\/\/www.spyshop.info\/wp-content\/uploads\/2018\/09\/ultralife-wifi-pir-sensor-camera4.jpg","type":"image\/jpeg"}],"twitter_card":"summary_large_image","twitter_misc":{"Est. reading time":"3 minutes"},"schema":{"@context":"https:\/\/schema.org","@graph":[{"@type":"WebPage","@id":"https:\/\/www.spyshop.info\/en\/shop\/video-surveillance\/ultralife-wifi-pir-camera\/","url":"https:\/\/www.spyshop.info\/en\/shop\/video-surveillance\/ultralife-wifi-pir-camera\/","name":"UltraLife WiFi PIR camera - SpyShop","isPartOf":{"@id":"https:\/\/www.spyshop.info\/#website"},"primaryImageOfPage":{"@id":"https:\/\/www.spyshop.info\/en\/shop\/video-surveillance\/ultralife-wifi-pir-camera\/#primaryimage"},"image":{"@id":"https:\/\/www.spyshop.info\/en\/shop\/video-surveillance\/ultralife-wifi-pir-camera\/#primaryimage"},"thumbnailUrl":"https:\/\/www.spyshop.info\/wp-content\/uploads\/2018\/09\/ultralife-wifi-pir-sensor-camera4.jpg","datePublished":"2018-09-28T06:43:23+00:00","breadcrumb":{"@id":"https:\/\/www.spyshop.info\/en\/shop\/video-surveillance\/ultralife-wifi-pir-camera\/#breadcrumb"},"inLanguage":"en-US","potentialAction":[{"@type":"ReadAction","target":["https:\/\/www.spyshop.info\/en\/shop\/video-surveillance\/ultralife-wifi-pir-camera\/"]}]},{"@type":"ImageObject","inLanguage":"en-US","@id":"https:\/\/www.spyshop.info\/en\/shop\/video-surveillance\/ultralife-wifi-pir-camera\/#primaryimage","url":"https:\/\/www.spyshop.info\/wp-content\/uploads\/2018\/09\/ultralife-wifi-pir-sensor-camera4.jpg","contentUrl":"https:\/\/www.spyshop.info\/wp-content\/uploads\/2018\/09\/ultralife-wifi-pir-sensor-camera4.jpg","width":800,"height":800,"caption":"Getarnte Funkkamera | UltraLife WiFi PIR Kamera"},{"@type":"BreadcrumbList","@id":"https:\/\/www.spyshop.info\/en\/shop\/video-surveillance\/ultralife-wifi-pir-camera\/#breadcrumb","itemListElement":[{"@type":"ListItem","position":1,"name":"Startseite","item":"https:\/\/www.spyshop.info\/en\/"},{"@type":"ListItem","position":2,"name":"Shop","item":"https:\/\/www.spyshop.info\/en\/shop\/"},{"@type":"ListItem","position":3,"name":"UltraLife WiFi PIR camera"}]},{"@type":"WebSite","@id":"https:\/\/www.spyshop.info\/#website","url":"https:\/\/www.spyshop.info\/","name":"SpyShop","description":"Abh\u00f6rger\u00e4te, GPS Sender, \u00dcberwachungskameras","publisher":{"@id":"https:\/\/www.spyshop.info\/#organization"},"potentialAction":[{"@type":"SearchAction","target":{"@type":"EntryPoint","urlTemplate":"https:\/\/www.spyshop.info\/?s={search_term_string}"},"query-input":{"@type":"PropertyValueSpecification","valueRequired":true,"valueName":"search_term_string"}}],"inLanguage":"en-US"},{"@type":"Organization","@id":"https:\/\/www.spyshop.info\/#organization","name":"SpyShop","url":"https:\/\/www.spyshop.info\/","logo":{"@type":"ImageObject","inLanguage":"en-US","@id":"https:\/\/www.spyshop.info\/#\/schema\/logo\/image\/","url":"https:\/\/www.spyshop.info\/wp-content\/uploads\/2016\/11\/cropped-logo-spyshop-02-1-3.jpg","contentUrl":"https:\/\/www.spyshop.info\/wp-content\/uploads\/2016\/11\/cropped-logo-spyshop-02-1-3.jpg","width":1522,"height":435,"caption":"SpyShop"},"image":{"@id":"https:\/\/www.spyshop.info\/#\/schema\/logo\/image\/"}}]}},"_links":{"self":[{"href":"https:\/\/www.spyshop.info\/en\/wp-json\/wp\/v2\/product\/2299","targetHints":{"allow":["GET"]}}],"collection":[{"href":"https:\/\/www.spyshop.info\/en\/wp-json\/wp\/v2\/product"}],"about":[{"href":"https:\/\/www.spyshop.info\/en\/wp-json\/wp\/v2\/types\/product"}],"version-history":[{"count":0,"href":"https:\/\/www.spyshop.info\/en\/wp-json\/wp\/v2\/product\/2299\/revisions"}],"wp:featuredmedia":[{"embeddable":true,"href":"https:\/\/www.spyshop.info\/en\/wp-json\/wp\/v2\/media\/2288"}],"wp:attachment":[{"href":"https:\/\/www.spyshop.info\/en\/wp-json\/wp\/v2\/media?parent=2299"}],"wp:term":[{"taxonomy":"product_brand","embeddable":true,"href":"https:\/\/www.spyshop.info\/en\/wp-json\/wp\/v2\/product_brand?post=2299"},{"taxonomy":"product_cat","embeddable":true,"href":"https:\/\/www.spyshop.info\/en\/wp-json\/wp\/v2\/product_cat?post=2299"},{"taxonomy":"product_tag","embeddable":true,"href":"https:\/\/www.spyshop.info\/en\/wp-json\/wp\/v2\/product_tag?post=2299"}],"curies":[{"name":"wp","href":"https:\/\/api.w.org\/{rel}","templated":true}]}}