{"id":2278,"date":"2018-07-09T12:17:14","date_gmt":"2018-07-09T10:17:14","guid":{"rendered":"https:\/\/www.spyshop.info\/shop\/unkategorisiert\/sports-bracelet-with-integrated-1080p-fullhd-camera\/"},"modified":"2020-01-21T11:02:03","modified_gmt":"2020-01-21T10:02:03","slug":"sports-bracelet-with-integrated-1080p-fullhd-camera","status":"publish","type":"product","link":"https:\/\/www.spyshop.info\/en\/shop\/video-surveillance\/hidden-cameras-with-recording\/sports-bracelet-with-integrated-1080p-fullhd-camera\/","title":{"rendered":"Sports bracelet with integrated 1080p FullHD camera"},"content":{"rendered":"<p><span lang=\"EN\">Simply press the camera out of the rubber band, charge it, insert a microSD card and set the date and time. You get videos (1080p Full HD) with sound or photos. The bracelet displays date or time as desired. It&#8217;s hardly easier to record hidden videos.<\/span><\/p>\n<p><strong>Product features:<\/strong><br \/>\n-) photo shoot<br \/>\n-) Video recording with sound<br \/>\n-) Video resolution: 1920 x 1080 at 30 frames per second in Avi \/ M-Jpeg<br \/>\n-) Photo resolution: 2560 x 1440 pixels in Jpeg<br \/>\n-) Storage medium (not included): MicroSD card up to 32GB<br \/>\n-) Running time: 90 minutes<br \/>\n-) System: Windows ME, Windows 2000, Windows XP, Windows 7, Windows 8, Windows 10, MacOS, Linux<br \/>\n-) Battery: 350mAh<\/p>\n","protected":false},"excerpt":{"rendered":"<p>This completely hidden Full HD camera is camouflaged in a bracelet that looks like a heart rate monitor bracelet. Although it is not waterproof, it is not particularly noticeable during sports.<\/p>\n","protected":false},"featured_media":2184,"template":"","meta":[],"product_brand":[],"product_cat":[167,164],"product_tag":[],"class_list":{"0":"post-2278","1":"product","2":"type-product","3":"status-publish","4":"has-post-thumbnail","6":"product_cat-hidden-cameras-with-recording","7":"product_cat-video-surveillance","9":"first","10":"instock","11":"taxable","12":"shipping-taxable","13":"purchasable","14":"product-type-simple"},"yoast_head":"<!-- This site is optimized with the Yoast SEO plugin v27.5 - https:\/\/yoast.com\/product\/yoast-seo-wordpress\/ -->\n<title>Sports armband with integrated cam \u26a1 Camouflaged surveillance cameras<\/title>\n<meta name=\"description\" content=\"Sports armband with integrated 1080p FullHD camera. It is hardly easier to record covert videos.\" \/>\n<meta name=\"robots\" content=\"index, follow, max-snippet:-1, max-image-preview:large, max-video-preview:-1\" \/>\n<link rel=\"canonical\" href=\"https:\/\/www.spyshop.info\/en\/shop\/video-surveillance\/hidden-cameras-with-recording\/sports-bracelet-with-integrated-1080p-fullhd-camera\/\" \/>\n<meta property=\"og:locale\" content=\"en_US\" \/>\n<meta property=\"og:type\" content=\"article\" \/>\n<meta property=\"og:title\" content=\"Sports armband with integrated cam \u26a1 Camouflaged surveillance cameras\" \/>\n<meta property=\"og:description\" content=\"Sports armband with integrated 1080p FullHD camera. It is hardly easier to record covert videos.\" \/>\n<meta property=\"og:url\" content=\"https:\/\/www.spyshop.info\/en\/shop\/video-surveillance\/hidden-cameras-with-recording\/sports-bracelet-with-integrated-1080p-fullhd-camera\/\" \/>\n<meta property=\"og:site_name\" content=\"SpyShop\" \/>\n<meta property=\"article:modified_time\" content=\"2020-01-21T10:02:03+00:00\" \/>\n<meta property=\"og:image\" content=\"https:\/\/www.spyshop.info\/wp-content\/uploads\/2018\/07\/ArmbandCam1.jpg\" \/>\n\t<meta property=\"og:image:width\" content=\"5760\" \/>\n\t<meta property=\"og:image:height\" content=\"3840\" \/>\n\t<meta property=\"og:image:type\" content=\"image\/jpeg\" \/>\n<meta name=\"twitter:card\" content=\"summary_large_image\" \/>\n<meta name=\"twitter:label1\" content=\"Est. reading time\" \/>\n\t<meta name=\"twitter:data1\" content=\"1 minute\" \/>\n<script type=\"application\/ld+json\" class=\"yoast-schema-graph\">{\"@context\":\"https:\\\/\\\/schema.org\",\"@graph\":[{\"@type\":\"WebPage\",\"@id\":\"https:\\\/\\\/www.spyshop.info\\\/en\\\/shop\\\/video-surveillance\\\/hidden-cameras-with-recording\\\/sports-bracelet-with-integrated-1080p-fullhd-camera\\\/\",\"url\":\"https:\\\/\\\/www.spyshop.info\\\/en\\\/shop\\\/video-surveillance\\\/hidden-cameras-with-recording\\\/sports-bracelet-with-integrated-1080p-fullhd-camera\\\/\",\"name\":\"Sports armband with integrated cam \u26a1 Camouflaged surveillance cameras\",\"isPartOf\":{\"@id\":\"https:\\\/\\\/www.spyshop.info\\\/#website\"},\"primaryImageOfPage\":{\"@id\":\"https:\\\/\\\/www.spyshop.info\\\/en\\\/shop\\\/video-surveillance\\\/hidden-cameras-with-recording\\\/sports-bracelet-with-integrated-1080p-fullhd-camera\\\/#primaryimage\"},\"image\":{\"@id\":\"https:\\\/\\\/www.spyshop.info\\\/en\\\/shop\\\/video-surveillance\\\/hidden-cameras-with-recording\\\/sports-bracelet-with-integrated-1080p-fullhd-camera\\\/#primaryimage\"},\"thumbnailUrl\":\"https:\\\/\\\/www.spyshop.info\\\/wp-content\\\/uploads\\\/2018\\\/07\\\/ArmbandCam1.jpg\",\"datePublished\":\"2018-07-09T10:17:14+00:00\",\"dateModified\":\"2020-01-21T10:02:03+00:00\",\"description\":\"Sports armband with integrated 1080p FullHD camera. It is hardly easier to record covert videos.\",\"breadcrumb\":{\"@id\":\"https:\\\/\\\/www.spyshop.info\\\/en\\\/shop\\\/video-surveillance\\\/hidden-cameras-with-recording\\\/sports-bracelet-with-integrated-1080p-fullhd-camera\\\/#breadcrumb\"},\"inLanguage\":\"en-US\",\"potentialAction\":[{\"@type\":\"ReadAction\",\"target\":[\"https:\\\/\\\/www.spyshop.info\\\/en\\\/shop\\\/video-surveillance\\\/hidden-cameras-with-recording\\\/sports-bracelet-with-integrated-1080p-fullhd-camera\\\/\"]}]},{\"@type\":\"ImageObject\",\"inLanguage\":\"en-US\",\"@id\":\"https:\\\/\\\/www.spyshop.info\\\/en\\\/shop\\\/video-surveillance\\\/hidden-cameras-with-recording\\\/sports-bracelet-with-integrated-1080p-fullhd-camera\\\/#primaryimage\",\"url\":\"https:\\\/\\\/www.spyshop.info\\\/wp-content\\\/uploads\\\/2018\\\/07\\\/ArmbandCam1.jpg\",\"contentUrl\":\"https:\\\/\\\/www.spyshop.info\\\/wp-content\\\/uploads\\\/2018\\\/07\\\/ArmbandCam1.jpg\",\"width\":5760,\"height\":3840,\"caption\":\"Getarnte \u00dcberwachungskamera | Sportarmband mit integrierter 1080p-FullHD-Kamera\"},{\"@type\":\"BreadcrumbList\",\"@id\":\"https:\\\/\\\/www.spyshop.info\\\/en\\\/shop\\\/video-surveillance\\\/hidden-cameras-with-recording\\\/sports-bracelet-with-integrated-1080p-fullhd-camera\\\/#breadcrumb\",\"itemListElement\":[{\"@type\":\"ListItem\",\"position\":1,\"name\":\"Startseite\",\"item\":\"https:\\\/\\\/www.spyshop.info\\\/en\\\/\"},{\"@type\":\"ListItem\",\"position\":2,\"name\":\"Shop\",\"item\":\"https:\\\/\\\/www.spyshop.info\\\/en\\\/shop\\\/\"},{\"@type\":\"ListItem\",\"position\":3,\"name\":\"Sports bracelet with integrated 1080p FullHD camera\"}]},{\"@type\":\"WebSite\",\"@id\":\"https:\\\/\\\/www.spyshop.info\\\/#website\",\"url\":\"https:\\\/\\\/www.spyshop.info\\\/\",\"name\":\"SpyShop\",\"description\":\"Abh\u00f6rger\u00e4te, GPS Sender, \u00dcberwachungskameras\",\"publisher\":{\"@id\":\"https:\\\/\\\/www.spyshop.info\\\/#organization\"},\"potentialAction\":[{\"@type\":\"SearchAction\",\"target\":{\"@type\":\"EntryPoint\",\"urlTemplate\":\"https:\\\/\\\/www.spyshop.info\\\/?s={search_term_string}\"},\"query-input\":{\"@type\":\"PropertyValueSpecification\",\"valueRequired\":true,\"valueName\":\"search_term_string\"}}],\"inLanguage\":\"en-US\"},{\"@type\":\"Organization\",\"@id\":\"https:\\\/\\\/www.spyshop.info\\\/#organization\",\"name\":\"SpyShop\",\"url\":\"https:\\\/\\\/www.spyshop.info\\\/\",\"logo\":{\"@type\":\"ImageObject\",\"inLanguage\":\"en-US\",\"@id\":\"https:\\\/\\\/www.spyshop.info\\\/#\\\/schema\\\/logo\\\/image\\\/\",\"url\":\"https:\\\/\\\/www.spyshop.info\\\/wp-content\\\/uploads\\\/2016\\\/11\\\/cropped-logo-spyshop-02-1-3.jpg\",\"contentUrl\":\"https:\\\/\\\/www.spyshop.info\\\/wp-content\\\/uploads\\\/2016\\\/11\\\/cropped-logo-spyshop-02-1-3.jpg\",\"width\":1522,\"height\":435,\"caption\":\"SpyShop\"},\"image\":{\"@id\":\"https:\\\/\\\/www.spyshop.info\\\/#\\\/schema\\\/logo\\\/image\\\/\"}}]}<\/script>\n<!-- \/ Yoast SEO plugin. -->","yoast_head_json":{"title":"Sports armband with integrated cam \u26a1 Camouflaged surveillance cameras","description":"Sports armband with integrated 1080p FullHD camera. It is hardly easier to record covert videos.","robots":{"index":"index","follow":"follow","max-snippet":"max-snippet:-1","max-image-preview":"max-image-preview:large","max-video-preview":"max-video-preview:-1"},"canonical":"https:\/\/www.spyshop.info\/en\/shop\/video-surveillance\/hidden-cameras-with-recording\/sports-bracelet-with-integrated-1080p-fullhd-camera\/","og_locale":"en_US","og_type":"article","og_title":"Sports armband with integrated cam \u26a1 Camouflaged surveillance cameras","og_description":"Sports armband with integrated 1080p FullHD camera. It is hardly easier to record covert videos.","og_url":"https:\/\/www.spyshop.info\/en\/shop\/video-surveillance\/hidden-cameras-with-recording\/sports-bracelet-with-integrated-1080p-fullhd-camera\/","og_site_name":"SpyShop","article_modified_time":"2020-01-21T10:02:03+00:00","og_image":[{"width":5760,"height":3840,"url":"https:\/\/www.spyshop.info\/wp-content\/uploads\/2018\/07\/ArmbandCam1.jpg","type":"image\/jpeg"}],"twitter_card":"summary_large_image","twitter_misc":{"Est. reading time":"1 minute"},"schema":{"@context":"https:\/\/schema.org","@graph":[{"@type":"WebPage","@id":"https:\/\/www.spyshop.info\/en\/shop\/video-surveillance\/hidden-cameras-with-recording\/sports-bracelet-with-integrated-1080p-fullhd-camera\/","url":"https:\/\/www.spyshop.info\/en\/shop\/video-surveillance\/hidden-cameras-with-recording\/sports-bracelet-with-integrated-1080p-fullhd-camera\/","name":"Sports armband with integrated cam \u26a1 Camouflaged surveillance cameras","isPartOf":{"@id":"https:\/\/www.spyshop.info\/#website"},"primaryImageOfPage":{"@id":"https:\/\/www.spyshop.info\/en\/shop\/video-surveillance\/hidden-cameras-with-recording\/sports-bracelet-with-integrated-1080p-fullhd-camera\/#primaryimage"},"image":{"@id":"https:\/\/www.spyshop.info\/en\/shop\/video-surveillance\/hidden-cameras-with-recording\/sports-bracelet-with-integrated-1080p-fullhd-camera\/#primaryimage"},"thumbnailUrl":"https:\/\/www.spyshop.info\/wp-content\/uploads\/2018\/07\/ArmbandCam1.jpg","datePublished":"2018-07-09T10:17:14+00:00","dateModified":"2020-01-21T10:02:03+00:00","description":"Sports armband with integrated 1080p FullHD camera. It is hardly easier to record covert videos.","breadcrumb":{"@id":"https:\/\/www.spyshop.info\/en\/shop\/video-surveillance\/hidden-cameras-with-recording\/sports-bracelet-with-integrated-1080p-fullhd-camera\/#breadcrumb"},"inLanguage":"en-US","potentialAction":[{"@type":"ReadAction","target":["https:\/\/www.spyshop.info\/en\/shop\/video-surveillance\/hidden-cameras-with-recording\/sports-bracelet-with-integrated-1080p-fullhd-camera\/"]}]},{"@type":"ImageObject","inLanguage":"en-US","@id":"https:\/\/www.spyshop.info\/en\/shop\/video-surveillance\/hidden-cameras-with-recording\/sports-bracelet-with-integrated-1080p-fullhd-camera\/#primaryimage","url":"https:\/\/www.spyshop.info\/wp-content\/uploads\/2018\/07\/ArmbandCam1.jpg","contentUrl":"https:\/\/www.spyshop.info\/wp-content\/uploads\/2018\/07\/ArmbandCam1.jpg","width":5760,"height":3840,"caption":"Getarnte \u00dcberwachungskamera | Sportarmband mit integrierter 1080p-FullHD-Kamera"},{"@type":"BreadcrumbList","@id":"https:\/\/www.spyshop.info\/en\/shop\/video-surveillance\/hidden-cameras-with-recording\/sports-bracelet-with-integrated-1080p-fullhd-camera\/#breadcrumb","itemListElement":[{"@type":"ListItem","position":1,"name":"Startseite","item":"https:\/\/www.spyshop.info\/en\/"},{"@type":"ListItem","position":2,"name":"Shop","item":"https:\/\/www.spyshop.info\/en\/shop\/"},{"@type":"ListItem","position":3,"name":"Sports bracelet with integrated 1080p FullHD camera"}]},{"@type":"WebSite","@id":"https:\/\/www.spyshop.info\/#website","url":"https:\/\/www.spyshop.info\/","name":"SpyShop","description":"Abh\u00f6rger\u00e4te, GPS Sender, \u00dcberwachungskameras","publisher":{"@id":"https:\/\/www.spyshop.info\/#organization"},"potentialAction":[{"@type":"SearchAction","target":{"@type":"EntryPoint","urlTemplate":"https:\/\/www.spyshop.info\/?s={search_term_string}"},"query-input":{"@type":"PropertyValueSpecification","valueRequired":true,"valueName":"search_term_string"}}],"inLanguage":"en-US"},{"@type":"Organization","@id":"https:\/\/www.spyshop.info\/#organization","name":"SpyShop","url":"https:\/\/www.spyshop.info\/","logo":{"@type":"ImageObject","inLanguage":"en-US","@id":"https:\/\/www.spyshop.info\/#\/schema\/logo\/image\/","url":"https:\/\/www.spyshop.info\/wp-content\/uploads\/2016\/11\/cropped-logo-spyshop-02-1-3.jpg","contentUrl":"https:\/\/www.spyshop.info\/wp-content\/uploads\/2016\/11\/cropped-logo-spyshop-02-1-3.jpg","width":1522,"height":435,"caption":"SpyShop"},"image":{"@id":"https:\/\/www.spyshop.info\/#\/schema\/logo\/image\/"}}]}},"_links":{"self":[{"href":"https:\/\/www.spyshop.info\/en\/wp-json\/wp\/v2\/product\/2278","targetHints":{"allow":["GET"]}}],"collection":[{"href":"https:\/\/www.spyshop.info\/en\/wp-json\/wp\/v2\/product"}],"about":[{"href":"https:\/\/www.spyshop.info\/en\/wp-json\/wp\/v2\/types\/product"}],"version-history":[{"count":0,"href":"https:\/\/www.spyshop.info\/en\/wp-json\/wp\/v2\/product\/2278\/revisions"}],"wp:featuredmedia":[{"embeddable":true,"href":"https:\/\/www.spyshop.info\/en\/wp-json\/wp\/v2\/media\/2184"}],"wp:attachment":[{"href":"https:\/\/www.spyshop.info\/en\/wp-json\/wp\/v2\/media?parent=2278"}],"wp:term":[{"taxonomy":"product_brand","embeddable":true,"href":"https:\/\/www.spyshop.info\/en\/wp-json\/wp\/v2\/product_brand?post=2278"},{"taxonomy":"product_cat","embeddable":true,"href":"https:\/\/www.spyshop.info\/en\/wp-json\/wp\/v2\/product_cat?post=2278"},{"taxonomy":"product_tag","embeddable":true,"href":"https:\/\/www.spyshop.info\/en\/wp-json\/wp\/v2\/product_tag?post=2278"}],"curies":[{"name":"wp","href":"https:\/\/api.w.org\/{rel}","templated":true}]}}