{"id":2257,"date":"2018-06-12T09:37:41","date_gmt":"2018-06-12T07:37:41","guid":{"rendered":"https:\/\/www.spyshop.info\/shop\/unkategorisiert\/forensic-loupe-hs-111\/"},"modified":"2021-06-21T03:27:52","modified_gmt":"2021-06-21T01:27:52","slug":"forensic-loupe-hs-111","status":"publish","type":"product","link":"https:\/\/www.spyshop.info\/en\/shop\/other\/forensics\/forensic-loupe-hs-111\/","title":{"rendered":"Forensic Loupe HS-111"},"content":{"rendered":"<p>The HS-111 document validator has got a high quality look. The operation via standard batteries also makes its use independent of location. Even high-quality forgeries and falsifications can now be easily recognized. Different incident \/ grazing \/ oblique modes let you see the smallest details. Paper damage, printer falsifications, and deviations in the micro-typefaces as well as in flat and high-pressure printing or in the embossing stamp are no longer a problem for you.<\/p>\n<p>&nbsp;<\/p>\n<p>Technical parameters:<\/p>\n<p>&nbsp;<\/p>\n<p>-) 10x magnification<br \/>\n-) High quality optics<br \/>\n-) Multiple illumination in incident, oblique and grazing light<br \/>\n-) UV-A light (365nm) and UV-C light (254nm)<br \/>\n-) UV-C contrast filter<br \/>\n-) Operation via AAA batteries, USB cable or mains adapter<br \/>\n-) Size 90 x 46 x 62 mm<\/p>\n<p>&nbsp;<\/p>\n<p>&nbsp;<\/p>\n<p>Delivery contents:<\/p>\n<p>&nbsp;<\/p>\n<p>-) AAA batteries<\/p>\n<p>-) Belt bag<\/p>\n<p>-) USB cable<\/p>\n<p>-) Power adapter<br \/>\n-) Microfiber cloth<\/p>\n<p>-) Description<br \/>\n-) Forensic Loupe<\/p>\n","protected":false},"excerpt":{"rendered":"<p>Do you have documents, identity cards and banknotes where you need to check their authenticity?<br \/>\nThis HS series device will help you. Members of the executive and border guards, but also forensic experts are enthusiastic.<\/p>\n","protected":false},"featured_media":2112,"template":"","meta":[],"product_brand":[],"product_cat":[221,155],"product_tag":[],"class_list":{"0":"post-2257","1":"product","2":"type-product","3":"status-publish","4":"has-post-thumbnail","6":"product_cat-forensics","7":"product_cat-other","9":"first","10":"outofstock","11":"taxable","12":"shipping-taxable","13":"purchasable","14":"product-type-simple"},"yoast_head":"<!-- This site is optimized with the Yoast SEO plugin v27.4 - https:\/\/yoast.com\/product\/yoast-seo-wordpress\/ -->\n<title>Forensic Loupe HS-111 - SpyShop<\/title>\n<meta name=\"robots\" content=\"index, follow, max-snippet:-1, max-image-preview:large, max-video-preview:-1\" \/>\n<link rel=\"canonical\" href=\"https:\/\/www.spyshop.info\/en\/shop\/other\/forensics\/forensic-loupe-hs-111\/\" \/>\n<meta property=\"og:locale\" content=\"en_US\" \/>\n<meta property=\"og:type\" content=\"article\" \/>\n<meta property=\"og:title\" content=\"Forensic Loupe HS-111 - SpyShop\" \/>\n<meta property=\"og:description\" content=\"Do you have documents, identity cards and banknotes where you need to check their authenticity? This HS series device will help you. Members of the executive and border guards, but also forensic experts are enthusiastic.\" \/>\n<meta property=\"og:url\" content=\"https:\/\/www.spyshop.info\/en\/shop\/other\/forensics\/forensic-loupe-hs-111\/\" \/>\n<meta property=\"og:site_name\" content=\"SpyShop\" \/>\n<meta property=\"article:modified_time\" content=\"2021-06-21T01:27:52+00:00\" \/>\n<meta property=\"og:image\" content=\"https:\/\/www.spyshop.info\/wp-content\/uploads\/2018\/06\/HS111-1.png\" \/>\n\t<meta property=\"og:image:width\" content=\"315\" \/>\n\t<meta property=\"og:image:height\" content=\"210\" \/>\n\t<meta property=\"og:image:type\" content=\"image\/png\" \/>\n<meta name=\"twitter:card\" content=\"summary_large_image\" \/>\n<meta name=\"twitter:label1\" content=\"Est. reading time\" \/>\n\t<meta name=\"twitter:data1\" content=\"1 minute\" \/>\n<script type=\"application\/ld+json\" class=\"yoast-schema-graph\">{\"@context\":\"https:\\\/\\\/schema.org\",\"@graph\":[{\"@type\":\"WebPage\",\"@id\":\"https:\\\/\\\/www.spyshop.info\\\/en\\\/shop\\\/other\\\/forensics\\\/forensic-loupe-hs-111\\\/\",\"url\":\"https:\\\/\\\/www.spyshop.info\\\/en\\\/shop\\\/other\\\/forensics\\\/forensic-loupe-hs-111\\\/\",\"name\":\"Forensic Loupe HS-111 - SpyShop\",\"isPartOf\":{\"@id\":\"https:\\\/\\\/www.spyshop.info\\\/#website\"},\"primaryImageOfPage\":{\"@id\":\"https:\\\/\\\/www.spyshop.info\\\/en\\\/shop\\\/other\\\/forensics\\\/forensic-loupe-hs-111\\\/#primaryimage\"},\"image\":{\"@id\":\"https:\\\/\\\/www.spyshop.info\\\/en\\\/shop\\\/other\\\/forensics\\\/forensic-loupe-hs-111\\\/#primaryimage\"},\"thumbnailUrl\":\"https:\\\/\\\/www.spyshop.info\\\/wp-content\\\/uploads\\\/2018\\\/06\\\/HS111-1.png\",\"datePublished\":\"2018-06-12T07:37:41+00:00\",\"dateModified\":\"2021-06-21T01:27:52+00:00\",\"breadcrumb\":{\"@id\":\"https:\\\/\\\/www.spyshop.info\\\/en\\\/shop\\\/other\\\/forensics\\\/forensic-loupe-hs-111\\\/#breadcrumb\"},\"inLanguage\":\"en-US\",\"potentialAction\":[{\"@type\":\"ReadAction\",\"target\":[\"https:\\\/\\\/www.spyshop.info\\\/en\\\/shop\\\/other\\\/forensics\\\/forensic-loupe-hs-111\\\/\"]}]},{\"@type\":\"ImageObject\",\"inLanguage\":\"en-US\",\"@id\":\"https:\\\/\\\/www.spyshop.info\\\/en\\\/shop\\\/other\\\/forensics\\\/forensic-loupe-hs-111\\\/#primaryimage\",\"url\":\"https:\\\/\\\/www.spyshop.info\\\/wp-content\\\/uploads\\\/2018\\\/06\\\/HS111-1.png\",\"contentUrl\":\"https:\\\/\\\/www.spyshop.info\\\/wp-content\\\/uploads\\\/2018\\\/06\\\/HS111-1.png\",\"width\":315,\"height\":210,\"caption\":\"Forensik-Ausr\u00fcstung\"},{\"@type\":\"BreadcrumbList\",\"@id\":\"https:\\\/\\\/www.spyshop.info\\\/en\\\/shop\\\/other\\\/forensics\\\/forensic-loupe-hs-111\\\/#breadcrumb\",\"itemListElement\":[{\"@type\":\"ListItem\",\"position\":1,\"name\":\"Startseite\",\"item\":\"https:\\\/\\\/www.spyshop.info\\\/en\\\/\"},{\"@type\":\"ListItem\",\"position\":2,\"name\":\"Shop\",\"item\":\"https:\\\/\\\/www.spyshop.info\\\/en\\\/shop\\\/\"},{\"@type\":\"ListItem\",\"position\":3,\"name\":\"Forensic Loupe HS-111\"}]},{\"@type\":\"WebSite\",\"@id\":\"https:\\\/\\\/www.spyshop.info\\\/#website\",\"url\":\"https:\\\/\\\/www.spyshop.info\\\/\",\"name\":\"SpyShop\",\"description\":\"Abh\u00f6rger\u00e4te, GPS Sender, \u00dcberwachungskameras\",\"publisher\":{\"@id\":\"https:\\\/\\\/www.spyshop.info\\\/#organization\"},\"potentialAction\":[{\"@type\":\"SearchAction\",\"target\":{\"@type\":\"EntryPoint\",\"urlTemplate\":\"https:\\\/\\\/www.spyshop.info\\\/?s={search_term_string}\"},\"query-input\":{\"@type\":\"PropertyValueSpecification\",\"valueRequired\":true,\"valueName\":\"search_term_string\"}}],\"inLanguage\":\"en-US\"},{\"@type\":\"Organization\",\"@id\":\"https:\\\/\\\/www.spyshop.info\\\/#organization\",\"name\":\"SpyShop\",\"url\":\"https:\\\/\\\/www.spyshop.info\\\/\",\"logo\":{\"@type\":\"ImageObject\",\"inLanguage\":\"en-US\",\"@id\":\"https:\\\/\\\/www.spyshop.info\\\/#\\\/schema\\\/logo\\\/image\\\/\",\"url\":\"https:\\\/\\\/www.spyshop.info\\\/wp-content\\\/uploads\\\/2016\\\/11\\\/cropped-logo-spyshop-02-1-3.jpg\",\"contentUrl\":\"https:\\\/\\\/www.spyshop.info\\\/wp-content\\\/uploads\\\/2016\\\/11\\\/cropped-logo-spyshop-02-1-3.jpg\",\"width\":1522,\"height\":435,\"caption\":\"SpyShop\"},\"image\":{\"@id\":\"https:\\\/\\\/www.spyshop.info\\\/#\\\/schema\\\/logo\\\/image\\\/\"}}]}<\/script>\n<!-- \/ Yoast SEO plugin. -->","yoast_head_json":{"title":"Forensic Loupe HS-111 - SpyShop","robots":{"index":"index","follow":"follow","max-snippet":"max-snippet:-1","max-image-preview":"max-image-preview:large","max-video-preview":"max-video-preview:-1"},"canonical":"https:\/\/www.spyshop.info\/en\/shop\/other\/forensics\/forensic-loupe-hs-111\/","og_locale":"en_US","og_type":"article","og_title":"Forensic Loupe HS-111 - SpyShop","og_description":"Do you have documents, identity cards and banknotes where you need to check their authenticity? This HS series device will help you. Members of the executive and border guards, but also forensic experts are enthusiastic.","og_url":"https:\/\/www.spyshop.info\/en\/shop\/other\/forensics\/forensic-loupe-hs-111\/","og_site_name":"SpyShop","article_modified_time":"2021-06-21T01:27:52+00:00","og_image":[{"width":315,"height":210,"url":"https:\/\/www.spyshop.info\/wp-content\/uploads\/2018\/06\/HS111-1.png","type":"image\/png"}],"twitter_card":"summary_large_image","twitter_misc":{"Est. reading time":"1 minute"},"schema":{"@context":"https:\/\/schema.org","@graph":[{"@type":"WebPage","@id":"https:\/\/www.spyshop.info\/en\/shop\/other\/forensics\/forensic-loupe-hs-111\/","url":"https:\/\/www.spyshop.info\/en\/shop\/other\/forensics\/forensic-loupe-hs-111\/","name":"Forensic Loupe HS-111 - SpyShop","isPartOf":{"@id":"https:\/\/www.spyshop.info\/#website"},"primaryImageOfPage":{"@id":"https:\/\/www.spyshop.info\/en\/shop\/other\/forensics\/forensic-loupe-hs-111\/#primaryimage"},"image":{"@id":"https:\/\/www.spyshop.info\/en\/shop\/other\/forensics\/forensic-loupe-hs-111\/#primaryimage"},"thumbnailUrl":"https:\/\/www.spyshop.info\/wp-content\/uploads\/2018\/06\/HS111-1.png","datePublished":"2018-06-12T07:37:41+00:00","dateModified":"2021-06-21T01:27:52+00:00","breadcrumb":{"@id":"https:\/\/www.spyshop.info\/en\/shop\/other\/forensics\/forensic-loupe-hs-111\/#breadcrumb"},"inLanguage":"en-US","potentialAction":[{"@type":"ReadAction","target":["https:\/\/www.spyshop.info\/en\/shop\/other\/forensics\/forensic-loupe-hs-111\/"]}]},{"@type":"ImageObject","inLanguage":"en-US","@id":"https:\/\/www.spyshop.info\/en\/shop\/other\/forensics\/forensic-loupe-hs-111\/#primaryimage","url":"https:\/\/www.spyshop.info\/wp-content\/uploads\/2018\/06\/HS111-1.png","contentUrl":"https:\/\/www.spyshop.info\/wp-content\/uploads\/2018\/06\/HS111-1.png","width":315,"height":210,"caption":"Forensik-Ausr\u00fcstung"},{"@type":"BreadcrumbList","@id":"https:\/\/www.spyshop.info\/en\/shop\/other\/forensics\/forensic-loupe-hs-111\/#breadcrumb","itemListElement":[{"@type":"ListItem","position":1,"name":"Startseite","item":"https:\/\/www.spyshop.info\/en\/"},{"@type":"ListItem","position":2,"name":"Shop","item":"https:\/\/www.spyshop.info\/en\/shop\/"},{"@type":"ListItem","position":3,"name":"Forensic Loupe HS-111"}]},{"@type":"WebSite","@id":"https:\/\/www.spyshop.info\/#website","url":"https:\/\/www.spyshop.info\/","name":"SpyShop","description":"Abh\u00f6rger\u00e4te, GPS Sender, \u00dcberwachungskameras","publisher":{"@id":"https:\/\/www.spyshop.info\/#organization"},"potentialAction":[{"@type":"SearchAction","target":{"@type":"EntryPoint","urlTemplate":"https:\/\/www.spyshop.info\/?s={search_term_string}"},"query-input":{"@type":"PropertyValueSpecification","valueRequired":true,"valueName":"search_term_string"}}],"inLanguage":"en-US"},{"@type":"Organization","@id":"https:\/\/www.spyshop.info\/#organization","name":"SpyShop","url":"https:\/\/www.spyshop.info\/","logo":{"@type":"ImageObject","inLanguage":"en-US","@id":"https:\/\/www.spyshop.info\/#\/schema\/logo\/image\/","url":"https:\/\/www.spyshop.info\/wp-content\/uploads\/2016\/11\/cropped-logo-spyshop-02-1-3.jpg","contentUrl":"https:\/\/www.spyshop.info\/wp-content\/uploads\/2016\/11\/cropped-logo-spyshop-02-1-3.jpg","width":1522,"height":435,"caption":"SpyShop"},"image":{"@id":"https:\/\/www.spyshop.info\/#\/schema\/logo\/image\/"}}]}},"_links":{"self":[{"href":"https:\/\/www.spyshop.info\/en\/wp-json\/wp\/v2\/product\/2257","targetHints":{"allow":["GET"]}}],"collection":[{"href":"https:\/\/www.spyshop.info\/en\/wp-json\/wp\/v2\/product"}],"about":[{"href":"https:\/\/www.spyshop.info\/en\/wp-json\/wp\/v2\/types\/product"}],"version-history":[{"count":0,"href":"https:\/\/www.spyshop.info\/en\/wp-json\/wp\/v2\/product\/2257\/revisions"}],"wp:featuredmedia":[{"embeddable":true,"href":"https:\/\/www.spyshop.info\/en\/wp-json\/wp\/v2\/media\/2112"}],"wp:attachment":[{"href":"https:\/\/www.spyshop.info\/en\/wp-json\/wp\/v2\/media?parent=2257"}],"wp:term":[{"taxonomy":"product_brand","embeddable":true,"href":"https:\/\/www.spyshop.info\/en\/wp-json\/wp\/v2\/product_brand?post=2257"},{"taxonomy":"product_cat","embeddable":true,"href":"https:\/\/www.spyshop.info\/en\/wp-json\/wp\/v2\/product_cat?post=2257"},{"taxonomy":"product_tag","embeddable":true,"href":"https:\/\/www.spyshop.info\/en\/wp-json\/wp\/v2\/product_tag?post=2257"}],"curies":[{"name":"wp","href":"https:\/\/api.w.org\/{rel}","templated":true}]}}