{"id":2252,"date":"2018-06-13T08:45:06","date_gmt":"2018-06-13T06:45:06","guid":{"rendered":"https:\/\/www.spyshop.info\/shop\/unkategorisiert\/forensic-loupe-hs-520\/"},"modified":"2020-01-21T16:04:59","modified_gmt":"2020-01-21T15:04:59","slug":"forensic-loupe-hs-520","status":"publish","type":"product","link":"https:\/\/www.spyshop.info\/en\/shop\/other\/forensics\/forensic-loupe-hs-520\/","title":{"rendered":"Forensic Loupe HS-520"},"content":{"rendered":"<p>The HS-520 document validator has a high quality look. The operation is via USB cable. Even high-quality forgeries and falsifications can now be easily recognized.<br \/>\nDifferent incident \/ grazing \/ oblique modes let you see even the smallest details.<br \/>\nPaper damage, printer falsifications and deviations in the micro-typefaces as well as in flat and high-pressure printing or in the embossing stamp are no longer a problem for you.<br \/>\nConnect the device via USB cable to a PC \/ laptop. Without further installation of software the computer recognizes the magnifying glass as a camera and you see everything with the eye of the loupe on the monitor. Now you can not only identify forgeries \/ falsifications, but also save videos and photos from this investigation.\u00a0 So your proof is stored and memorized. This is a plug-and-play solution for the efficient use.<\/p>\n<p>&nbsp;<\/p>\n<p>Technical parameters:<\/p>\n<p>-) 30x magnification<br \/>\n-) High quality optics<br \/>\n-) Video image presentation on PC \/ Laptop<br \/>\n-) Storage of videos \/ photos<br \/>\n-) Multiple illumination in incident, oblique and grazing light<br \/>\n-) UV-A light (365nm)<br \/>\n-) UV-C light (254nm)<\/p>\n<p>-) IR light (850nm)<br \/>\n-) IR light (940nm)<br \/>\n-) Blue-Light (470nm)<br \/>\n-) Operation via USB cable<br \/>\n-) Size 90 x 46 x 62 mm<\/p>\n<p>&nbsp;<\/p>\n<p>&nbsp;<\/p>\n<p>Delivery contents:<\/p>\n<p>-) USB cable<br \/>\n-) Description<br \/>\n-) Forensic Loupe<\/p>\n","protected":false},"excerpt":{"rendered":"<p>Do you have documents, identity cards and banknotes of which you need to check their authenticity?<br \/>\nThis HS Series device will help you with remarkable 32X magnification and the ability to take photos \/ videos. Members of the executive and border guards, but also forensic experts are enthusiastic about this device.<\/p>\n","protected":false},"featured_media":2125,"template":"","meta":[],"product_brand":[],"product_cat":[221,155],"product_tag":[],"class_list":{"0":"post-2252","1":"product","2":"type-product","3":"status-publish","4":"has-post-thumbnail","6":"product_cat-forensics","7":"product_cat-other","9":"first","10":"instock","11":"taxable","12":"shipping-taxable","13":"purchasable","14":"product-type-simple"},"yoast_head":"<!-- This site is optimized with the Yoast SEO plugin v27.4 - https:\/\/yoast.com\/product\/yoast-seo-wordpress\/ -->\n<title>Forensic Loupe HS-520 - SpyShop<\/title>\n<meta name=\"robots\" content=\"index, follow, max-snippet:-1, max-image-preview:large, max-video-preview:-1\" \/>\n<link rel=\"canonical\" href=\"https:\/\/www.spyshop.info\/en\/shop\/other\/forensics\/forensic-loupe-hs-520\/\" \/>\n<meta property=\"og:locale\" content=\"en_US\" \/>\n<meta property=\"og:type\" content=\"article\" \/>\n<meta property=\"og:title\" content=\"Forensic Loupe HS-520 - SpyShop\" \/>\n<meta property=\"og:description\" content=\"Do you have documents, identity cards and banknotes of which you need to check their authenticity? This HS Series device will help you with remarkable 32X magnification and the ability to take photos \/ videos. Members of the executive and border guards, but also forensic experts are enthusiastic about this device.\" \/>\n<meta property=\"og:url\" content=\"https:\/\/www.spyshop.info\/en\/shop\/other\/forensics\/forensic-loupe-hs-520\/\" \/>\n<meta property=\"og:site_name\" content=\"SpyShop\" \/>\n<meta property=\"article:modified_time\" content=\"2020-01-21T15:04:59+00:00\" \/>\n<meta property=\"og:image\" content=\"https:\/\/www.spyshop.info\/wp-content\/uploads\/2018\/06\/HS525-1.png\" \/>\n\t<meta property=\"og:image:width\" content=\"312\" \/>\n\t<meta property=\"og:image:height\" content=\"208\" \/>\n\t<meta property=\"og:image:type\" content=\"image\/png\" \/>\n<meta name=\"twitter:card\" content=\"summary_large_image\" \/>\n<meta name=\"twitter:label1\" content=\"Est. reading time\" \/>\n\t<meta name=\"twitter:data1\" content=\"1 minute\" \/>\n<script type=\"application\/ld+json\" class=\"yoast-schema-graph\">{\"@context\":\"https:\\\/\\\/schema.org\",\"@graph\":[{\"@type\":\"WebPage\",\"@id\":\"https:\\\/\\\/www.spyshop.info\\\/en\\\/shop\\\/other\\\/forensics\\\/forensic-loupe-hs-520\\\/\",\"url\":\"https:\\\/\\\/www.spyshop.info\\\/en\\\/shop\\\/other\\\/forensics\\\/forensic-loupe-hs-520\\\/\",\"name\":\"Forensic Loupe HS-520 - SpyShop\",\"isPartOf\":{\"@id\":\"https:\\\/\\\/www.spyshop.info\\\/#website\"},\"primaryImageOfPage\":{\"@id\":\"https:\\\/\\\/www.spyshop.info\\\/en\\\/shop\\\/other\\\/forensics\\\/forensic-loupe-hs-520\\\/#primaryimage\"},\"image\":{\"@id\":\"https:\\\/\\\/www.spyshop.info\\\/en\\\/shop\\\/other\\\/forensics\\\/forensic-loupe-hs-520\\\/#primaryimage\"},\"thumbnailUrl\":\"https:\\\/\\\/www.spyshop.info\\\/wp-content\\\/uploads\\\/2018\\\/06\\\/HS525-1.png\",\"datePublished\":\"2018-06-13T06:45:06+00:00\",\"dateModified\":\"2020-01-21T15:04:59+00:00\",\"breadcrumb\":{\"@id\":\"https:\\\/\\\/www.spyshop.info\\\/en\\\/shop\\\/other\\\/forensics\\\/forensic-loupe-hs-520\\\/#breadcrumb\"},\"inLanguage\":\"en-US\",\"potentialAction\":[{\"@type\":\"ReadAction\",\"target\":[\"https:\\\/\\\/www.spyshop.info\\\/en\\\/shop\\\/other\\\/forensics\\\/forensic-loupe-hs-520\\\/\"]}]},{\"@type\":\"ImageObject\",\"inLanguage\":\"en-US\",\"@id\":\"https:\\\/\\\/www.spyshop.info\\\/en\\\/shop\\\/other\\\/forensics\\\/forensic-loupe-hs-520\\\/#primaryimage\",\"url\":\"https:\\\/\\\/www.spyshop.info\\\/wp-content\\\/uploads\\\/2018\\\/06\\\/HS525-1.png\",\"contentUrl\":\"https:\\\/\\\/www.spyshop.info\\\/wp-content\\\/uploads\\\/2018\\\/06\\\/HS525-1.png\",\"width\":312,\"height\":208},{\"@type\":\"BreadcrumbList\",\"@id\":\"https:\\\/\\\/www.spyshop.info\\\/en\\\/shop\\\/other\\\/forensics\\\/forensic-loupe-hs-520\\\/#breadcrumb\",\"itemListElement\":[{\"@type\":\"ListItem\",\"position\":1,\"name\":\"Startseite\",\"item\":\"https:\\\/\\\/www.spyshop.info\\\/en\\\/\"},{\"@type\":\"ListItem\",\"position\":2,\"name\":\"Shop\",\"item\":\"https:\\\/\\\/www.spyshop.info\\\/en\\\/shop\\\/\"},{\"@type\":\"ListItem\",\"position\":3,\"name\":\"Forensic Loupe HS-520\"}]},{\"@type\":\"WebSite\",\"@id\":\"https:\\\/\\\/www.spyshop.info\\\/#website\",\"url\":\"https:\\\/\\\/www.spyshop.info\\\/\",\"name\":\"SpyShop\",\"description\":\"Abh\u00f6rger\u00e4te, GPS Sender, \u00dcberwachungskameras\",\"publisher\":{\"@id\":\"https:\\\/\\\/www.spyshop.info\\\/#organization\"},\"potentialAction\":[{\"@type\":\"SearchAction\",\"target\":{\"@type\":\"EntryPoint\",\"urlTemplate\":\"https:\\\/\\\/www.spyshop.info\\\/?s={search_term_string}\"},\"query-input\":{\"@type\":\"PropertyValueSpecification\",\"valueRequired\":true,\"valueName\":\"search_term_string\"}}],\"inLanguage\":\"en-US\"},{\"@type\":\"Organization\",\"@id\":\"https:\\\/\\\/www.spyshop.info\\\/#organization\",\"name\":\"SpyShop\",\"url\":\"https:\\\/\\\/www.spyshop.info\\\/\",\"logo\":{\"@type\":\"ImageObject\",\"inLanguage\":\"en-US\",\"@id\":\"https:\\\/\\\/www.spyshop.info\\\/#\\\/schema\\\/logo\\\/image\\\/\",\"url\":\"https:\\\/\\\/www.spyshop.info\\\/wp-content\\\/uploads\\\/2016\\\/11\\\/cropped-logo-spyshop-02-1-3.jpg\",\"contentUrl\":\"https:\\\/\\\/www.spyshop.info\\\/wp-content\\\/uploads\\\/2016\\\/11\\\/cropped-logo-spyshop-02-1-3.jpg\",\"width\":1522,\"height\":435,\"caption\":\"SpyShop\"},\"image\":{\"@id\":\"https:\\\/\\\/www.spyshop.info\\\/#\\\/schema\\\/logo\\\/image\\\/\"}}]}<\/script>\n<!-- \/ Yoast SEO plugin. -->","yoast_head_json":{"title":"Forensic Loupe HS-520 - SpyShop","robots":{"index":"index","follow":"follow","max-snippet":"max-snippet:-1","max-image-preview":"max-image-preview:large","max-video-preview":"max-video-preview:-1"},"canonical":"https:\/\/www.spyshop.info\/en\/shop\/other\/forensics\/forensic-loupe-hs-520\/","og_locale":"en_US","og_type":"article","og_title":"Forensic Loupe HS-520 - SpyShop","og_description":"Do you have documents, identity cards and banknotes of which you need to check their authenticity? This HS Series device will help you with remarkable 32X magnification and the ability to take photos \/ videos. Members of the executive and border guards, but also forensic experts are enthusiastic about this device.","og_url":"https:\/\/www.spyshop.info\/en\/shop\/other\/forensics\/forensic-loupe-hs-520\/","og_site_name":"SpyShop","article_modified_time":"2020-01-21T15:04:59+00:00","og_image":[{"width":312,"height":208,"url":"https:\/\/www.spyshop.info\/wp-content\/uploads\/2018\/06\/HS525-1.png","type":"image\/png"}],"twitter_card":"summary_large_image","twitter_misc":{"Est. reading time":"1 minute"},"schema":{"@context":"https:\/\/schema.org","@graph":[{"@type":"WebPage","@id":"https:\/\/www.spyshop.info\/en\/shop\/other\/forensics\/forensic-loupe-hs-520\/","url":"https:\/\/www.spyshop.info\/en\/shop\/other\/forensics\/forensic-loupe-hs-520\/","name":"Forensic Loupe HS-520 - SpyShop","isPartOf":{"@id":"https:\/\/www.spyshop.info\/#website"},"primaryImageOfPage":{"@id":"https:\/\/www.spyshop.info\/en\/shop\/other\/forensics\/forensic-loupe-hs-520\/#primaryimage"},"image":{"@id":"https:\/\/www.spyshop.info\/en\/shop\/other\/forensics\/forensic-loupe-hs-520\/#primaryimage"},"thumbnailUrl":"https:\/\/www.spyshop.info\/wp-content\/uploads\/2018\/06\/HS525-1.png","datePublished":"2018-06-13T06:45:06+00:00","dateModified":"2020-01-21T15:04:59+00:00","breadcrumb":{"@id":"https:\/\/www.spyshop.info\/en\/shop\/other\/forensics\/forensic-loupe-hs-520\/#breadcrumb"},"inLanguage":"en-US","potentialAction":[{"@type":"ReadAction","target":["https:\/\/www.spyshop.info\/en\/shop\/other\/forensics\/forensic-loupe-hs-520\/"]}]},{"@type":"ImageObject","inLanguage":"en-US","@id":"https:\/\/www.spyshop.info\/en\/shop\/other\/forensics\/forensic-loupe-hs-520\/#primaryimage","url":"https:\/\/www.spyshop.info\/wp-content\/uploads\/2018\/06\/HS525-1.png","contentUrl":"https:\/\/www.spyshop.info\/wp-content\/uploads\/2018\/06\/HS525-1.png","width":312,"height":208},{"@type":"BreadcrumbList","@id":"https:\/\/www.spyshop.info\/en\/shop\/other\/forensics\/forensic-loupe-hs-520\/#breadcrumb","itemListElement":[{"@type":"ListItem","position":1,"name":"Startseite","item":"https:\/\/www.spyshop.info\/en\/"},{"@type":"ListItem","position":2,"name":"Shop","item":"https:\/\/www.spyshop.info\/en\/shop\/"},{"@type":"ListItem","position":3,"name":"Forensic Loupe HS-520"}]},{"@type":"WebSite","@id":"https:\/\/www.spyshop.info\/#website","url":"https:\/\/www.spyshop.info\/","name":"SpyShop","description":"Abh\u00f6rger\u00e4te, GPS Sender, \u00dcberwachungskameras","publisher":{"@id":"https:\/\/www.spyshop.info\/#organization"},"potentialAction":[{"@type":"SearchAction","target":{"@type":"EntryPoint","urlTemplate":"https:\/\/www.spyshop.info\/?s={search_term_string}"},"query-input":{"@type":"PropertyValueSpecification","valueRequired":true,"valueName":"search_term_string"}}],"inLanguage":"en-US"},{"@type":"Organization","@id":"https:\/\/www.spyshop.info\/#organization","name":"SpyShop","url":"https:\/\/www.spyshop.info\/","logo":{"@type":"ImageObject","inLanguage":"en-US","@id":"https:\/\/www.spyshop.info\/#\/schema\/logo\/image\/","url":"https:\/\/www.spyshop.info\/wp-content\/uploads\/2016\/11\/cropped-logo-spyshop-02-1-3.jpg","contentUrl":"https:\/\/www.spyshop.info\/wp-content\/uploads\/2016\/11\/cropped-logo-spyshop-02-1-3.jpg","width":1522,"height":435,"caption":"SpyShop"},"image":{"@id":"https:\/\/www.spyshop.info\/#\/schema\/logo\/image\/"}}]}},"_links":{"self":[{"href":"https:\/\/www.spyshop.info\/en\/wp-json\/wp\/v2\/product\/2252","targetHints":{"allow":["GET"]}}],"collection":[{"href":"https:\/\/www.spyshop.info\/en\/wp-json\/wp\/v2\/product"}],"about":[{"href":"https:\/\/www.spyshop.info\/en\/wp-json\/wp\/v2\/types\/product"}],"version-history":[{"count":0,"href":"https:\/\/www.spyshop.info\/en\/wp-json\/wp\/v2\/product\/2252\/revisions"}],"wp:featuredmedia":[{"embeddable":true,"href":"https:\/\/www.spyshop.info\/en\/wp-json\/wp\/v2\/media\/2125"}],"wp:attachment":[{"href":"https:\/\/www.spyshop.info\/en\/wp-json\/wp\/v2\/media?parent=2252"}],"wp:term":[{"taxonomy":"product_brand","embeddable":true,"href":"https:\/\/www.spyshop.info\/en\/wp-json\/wp\/v2\/product_brand?post=2252"},{"taxonomy":"product_cat","embeddable":true,"href":"https:\/\/www.spyshop.info\/en\/wp-json\/wp\/v2\/product_cat?post=2252"},{"taxonomy":"product_tag","embeddable":true,"href":"https:\/\/www.spyshop.info\/en\/wp-json\/wp\/v2\/product_tag?post=2252"}],"curies":[{"name":"wp","href":"https:\/\/api.w.org\/{rel}","templated":true}]}}