{"id":2250,"date":"2018-06-14T10:34:27","date_gmt":"2018-06-14T08:34:27","guid":{"rendered":"https:\/\/www.spyshop.info\/shop\/unkategorisiert\/pir-motion-detector-with-gsm-notification\/"},"modified":"2018-06-14T10:34:27","modified_gmt":"2018-06-14T08:34:27","slug":"pir-motion-detector-with-gsm-notification","status":"publish","type":"product","link":"https:\/\/www.spyshop.info\/en\/shop\/audio-surveillance\/gsm-bugs\/pir-motion-detector-with-gsm-notification\/","title":{"rendered":"PIR motion detector with GSM notification"},"content":{"rendered":"<p>Stick it tightly (for example with a double-sided adhesive tape) and it will alert you of any movement!<br \/>\nOf course, you can use the small device just to secure your home. But it also provides you really great and reliable service in the observation mission. If the observer does not know how the target person looks like, just place the device in the corridor near the apartment door.<br \/>\nIf the little assistant sends a motion message via SMS, the observer knows that the next person coming out of the door is his target person.<br \/>\nYou can be informed by SMS or voice call, but also listen to the environment of the device. If you use the device in a mobile way (such as in the hold of a truck), you can also query the approximate LBS position.<\/p>\n<p>Product features:<br \/>\n-) Motion notification by SMS or call<br \/>\n-) GSM frequencies: 850\/900\/1800\/1900 MHz<br \/>\n-) reacts to body heat (PIR sensor)<br \/>\n-) LBS location of the device<br \/>\n-) Switch off \/ on remotely via SMS command<br \/>\n-) coverage angle: 90 degrees<br \/>\n-) Detection range: 5 to 8 meters<br \/>\n-) Battery life: 3 to 5 days (depending on the movement frequency)<br \/>\n-) Size: 48 x 32 x 14 mm<\/p>\n<p>Delivery contents:<br \/>\n-) PIR detector<br \/>\n-) USB cable<br \/>\n-) charging plug<\/p>\n","protected":false},"excerpt":{"rendered":"<p>A small GSM device which offers an amazing performance!<\/p>\n","protected":false},"featured_media":2143,"template":"","meta":[],"product_brand":[],"product_cat":[188,192],"product_tag":[],"class_list":{"0":"post-2250","1":"product","2":"type-product","3":"status-publish","4":"has-post-thumbnail","6":"product_cat-audio-surveillance","7":"product_cat-gsm-bugs","9":"first","10":"instock","11":"taxable","12":"shipping-taxable","13":"purchasable","14":"product-type-simple"},"yoast_head":"<!-- This site is optimized with the Yoast SEO plugin v27.4 - https:\/\/yoast.com\/product\/yoast-seo-wordpress\/ -->\n<title>PIR motion detector with GSM notification - SpyShop<\/title>\n<meta name=\"robots\" content=\"index, follow, max-snippet:-1, max-image-preview:large, max-video-preview:-1\" \/>\n<link rel=\"canonical\" href=\"https:\/\/www.spyshop.info\/en\/shop\/audio-surveillance\/gsm-bugs\/pir-motion-detector-with-gsm-notification\/\" \/>\n<meta property=\"og:locale\" content=\"en_US\" \/>\n<meta property=\"og:type\" content=\"article\" \/>\n<meta property=\"og:title\" content=\"PIR motion detector with GSM notification - SpyShop\" \/>\n<meta property=\"og:description\" content=\"A small GSM device which offers an amazing performance!\" \/>\n<meta property=\"og:url\" content=\"https:\/\/www.spyshop.info\/en\/shop\/audio-surveillance\/gsm-bugs\/pir-motion-detector-with-gsm-notification\/\" \/>\n<meta property=\"og:site_name\" content=\"SpyShop\" \/>\n<meta property=\"og:image\" content=\"https:\/\/www.spyshop.info\/wp-content\/uploads\/2018\/06\/PIR-Melder-11.jpg\" \/>\n\t<meta property=\"og:image:width\" content=\"250\" \/>\n\t<meta property=\"og:image:height\" content=\"259\" \/>\n\t<meta property=\"og:image:type\" content=\"image\/jpeg\" \/>\n<meta name=\"twitter:card\" content=\"summary_large_image\" \/>\n<meta name=\"twitter:label1\" content=\"Est. reading time\" \/>\n\t<meta name=\"twitter:data1\" content=\"1 minute\" \/>\n<script type=\"application\/ld+json\" class=\"yoast-schema-graph\">{\"@context\":\"https:\\\/\\\/schema.org\",\"@graph\":[{\"@type\":\"WebPage\",\"@id\":\"https:\\\/\\\/www.spyshop.info\\\/en\\\/shop\\\/audio-surveillance\\\/gsm-bugs\\\/pir-motion-detector-with-gsm-notification\\\/\",\"url\":\"https:\\\/\\\/www.spyshop.info\\\/en\\\/shop\\\/audio-surveillance\\\/gsm-bugs\\\/pir-motion-detector-with-gsm-notification\\\/\",\"name\":\"PIR motion detector with GSM notification - SpyShop\",\"isPartOf\":{\"@id\":\"https:\\\/\\\/www.spyshop.info\\\/#website\"},\"primaryImageOfPage\":{\"@id\":\"https:\\\/\\\/www.spyshop.info\\\/en\\\/shop\\\/audio-surveillance\\\/gsm-bugs\\\/pir-motion-detector-with-gsm-notification\\\/#primaryimage\"},\"image\":{\"@id\":\"https:\\\/\\\/www.spyshop.info\\\/en\\\/shop\\\/audio-surveillance\\\/gsm-bugs\\\/pir-motion-detector-with-gsm-notification\\\/#primaryimage\"},\"thumbnailUrl\":\"https:\\\/\\\/www.spyshop.info\\\/wp-content\\\/uploads\\\/2018\\\/06\\\/PIR-Melder-11.jpg\",\"datePublished\":\"2018-06-14T08:34:27+00:00\",\"breadcrumb\":{\"@id\":\"https:\\\/\\\/www.spyshop.info\\\/en\\\/shop\\\/audio-surveillance\\\/gsm-bugs\\\/pir-motion-detector-with-gsm-notification\\\/#breadcrumb\"},\"inLanguage\":\"en-US\",\"potentialAction\":[{\"@type\":\"ReadAction\",\"target\":[\"https:\\\/\\\/www.spyshop.info\\\/en\\\/shop\\\/audio-surveillance\\\/gsm-bugs\\\/pir-motion-detector-with-gsm-notification\\\/\"]}]},{\"@type\":\"ImageObject\",\"inLanguage\":\"en-US\",\"@id\":\"https:\\\/\\\/www.spyshop.info\\\/en\\\/shop\\\/audio-surveillance\\\/gsm-bugs\\\/pir-motion-detector-with-gsm-notification\\\/#primaryimage\",\"url\":\"https:\\\/\\\/www.spyshop.info\\\/wp-content\\\/uploads\\\/2018\\\/06\\\/PIR-Melder-11.jpg\",\"contentUrl\":\"https:\\\/\\\/www.spyshop.info\\\/wp-content\\\/uploads\\\/2018\\\/06\\\/PIR-Melder-11.jpg\",\"width\":250,\"height\":259},{\"@type\":\"BreadcrumbList\",\"@id\":\"https:\\\/\\\/www.spyshop.info\\\/en\\\/shop\\\/audio-surveillance\\\/gsm-bugs\\\/pir-motion-detector-with-gsm-notification\\\/#breadcrumb\",\"itemListElement\":[{\"@type\":\"ListItem\",\"position\":1,\"name\":\"Startseite\",\"item\":\"https:\\\/\\\/www.spyshop.info\\\/en\\\/\"},{\"@type\":\"ListItem\",\"position\":2,\"name\":\"Shop\",\"item\":\"https:\\\/\\\/www.spyshop.info\\\/en\\\/shop\\\/\"},{\"@type\":\"ListItem\",\"position\":3,\"name\":\"PIR motion detector with GSM notification\"}]},{\"@type\":\"WebSite\",\"@id\":\"https:\\\/\\\/www.spyshop.info\\\/#website\",\"url\":\"https:\\\/\\\/www.spyshop.info\\\/\",\"name\":\"SpyShop\",\"description\":\"Abh\u00f6rger\u00e4te, GPS Sender, \u00dcberwachungskameras\",\"publisher\":{\"@id\":\"https:\\\/\\\/www.spyshop.info\\\/#organization\"},\"potentialAction\":[{\"@type\":\"SearchAction\",\"target\":{\"@type\":\"EntryPoint\",\"urlTemplate\":\"https:\\\/\\\/www.spyshop.info\\\/?s={search_term_string}\"},\"query-input\":{\"@type\":\"PropertyValueSpecification\",\"valueRequired\":true,\"valueName\":\"search_term_string\"}}],\"inLanguage\":\"en-US\"},{\"@type\":\"Organization\",\"@id\":\"https:\\\/\\\/www.spyshop.info\\\/#organization\",\"name\":\"SpyShop\",\"url\":\"https:\\\/\\\/www.spyshop.info\\\/\",\"logo\":{\"@type\":\"ImageObject\",\"inLanguage\":\"en-US\",\"@id\":\"https:\\\/\\\/www.spyshop.info\\\/#\\\/schema\\\/logo\\\/image\\\/\",\"url\":\"https:\\\/\\\/www.spyshop.info\\\/wp-content\\\/uploads\\\/2016\\\/11\\\/cropped-logo-spyshop-02-1-3.jpg\",\"contentUrl\":\"https:\\\/\\\/www.spyshop.info\\\/wp-content\\\/uploads\\\/2016\\\/11\\\/cropped-logo-spyshop-02-1-3.jpg\",\"width\":1522,\"height\":435,\"caption\":\"SpyShop\"},\"image\":{\"@id\":\"https:\\\/\\\/www.spyshop.info\\\/#\\\/schema\\\/logo\\\/image\\\/\"}}]}<\/script>\n<!-- \/ Yoast SEO plugin. -->","yoast_head_json":{"title":"PIR motion detector with GSM notification - SpyShop","robots":{"index":"index","follow":"follow","max-snippet":"max-snippet:-1","max-image-preview":"max-image-preview:large","max-video-preview":"max-video-preview:-1"},"canonical":"https:\/\/www.spyshop.info\/en\/shop\/audio-surveillance\/gsm-bugs\/pir-motion-detector-with-gsm-notification\/","og_locale":"en_US","og_type":"article","og_title":"PIR motion detector with GSM notification - SpyShop","og_description":"A small GSM device which offers an amazing performance!","og_url":"https:\/\/www.spyshop.info\/en\/shop\/audio-surveillance\/gsm-bugs\/pir-motion-detector-with-gsm-notification\/","og_site_name":"SpyShop","og_image":[{"width":250,"height":259,"url":"https:\/\/www.spyshop.info\/wp-content\/uploads\/2018\/06\/PIR-Melder-11.jpg","type":"image\/jpeg"}],"twitter_card":"summary_large_image","twitter_misc":{"Est. reading time":"1 minute"},"schema":{"@context":"https:\/\/schema.org","@graph":[{"@type":"WebPage","@id":"https:\/\/www.spyshop.info\/en\/shop\/audio-surveillance\/gsm-bugs\/pir-motion-detector-with-gsm-notification\/","url":"https:\/\/www.spyshop.info\/en\/shop\/audio-surveillance\/gsm-bugs\/pir-motion-detector-with-gsm-notification\/","name":"PIR motion detector with GSM notification - SpyShop","isPartOf":{"@id":"https:\/\/www.spyshop.info\/#website"},"primaryImageOfPage":{"@id":"https:\/\/www.spyshop.info\/en\/shop\/audio-surveillance\/gsm-bugs\/pir-motion-detector-with-gsm-notification\/#primaryimage"},"image":{"@id":"https:\/\/www.spyshop.info\/en\/shop\/audio-surveillance\/gsm-bugs\/pir-motion-detector-with-gsm-notification\/#primaryimage"},"thumbnailUrl":"https:\/\/www.spyshop.info\/wp-content\/uploads\/2018\/06\/PIR-Melder-11.jpg","datePublished":"2018-06-14T08:34:27+00:00","breadcrumb":{"@id":"https:\/\/www.spyshop.info\/en\/shop\/audio-surveillance\/gsm-bugs\/pir-motion-detector-with-gsm-notification\/#breadcrumb"},"inLanguage":"en-US","potentialAction":[{"@type":"ReadAction","target":["https:\/\/www.spyshop.info\/en\/shop\/audio-surveillance\/gsm-bugs\/pir-motion-detector-with-gsm-notification\/"]}]},{"@type":"ImageObject","inLanguage":"en-US","@id":"https:\/\/www.spyshop.info\/en\/shop\/audio-surveillance\/gsm-bugs\/pir-motion-detector-with-gsm-notification\/#primaryimage","url":"https:\/\/www.spyshop.info\/wp-content\/uploads\/2018\/06\/PIR-Melder-11.jpg","contentUrl":"https:\/\/www.spyshop.info\/wp-content\/uploads\/2018\/06\/PIR-Melder-11.jpg","width":250,"height":259},{"@type":"BreadcrumbList","@id":"https:\/\/www.spyshop.info\/en\/shop\/audio-surveillance\/gsm-bugs\/pir-motion-detector-with-gsm-notification\/#breadcrumb","itemListElement":[{"@type":"ListItem","position":1,"name":"Startseite","item":"https:\/\/www.spyshop.info\/en\/"},{"@type":"ListItem","position":2,"name":"Shop","item":"https:\/\/www.spyshop.info\/en\/shop\/"},{"@type":"ListItem","position":3,"name":"PIR motion detector with GSM notification"}]},{"@type":"WebSite","@id":"https:\/\/www.spyshop.info\/#website","url":"https:\/\/www.spyshop.info\/","name":"SpyShop","description":"Abh\u00f6rger\u00e4te, GPS Sender, \u00dcberwachungskameras","publisher":{"@id":"https:\/\/www.spyshop.info\/#organization"},"potentialAction":[{"@type":"SearchAction","target":{"@type":"EntryPoint","urlTemplate":"https:\/\/www.spyshop.info\/?s={search_term_string}"},"query-input":{"@type":"PropertyValueSpecification","valueRequired":true,"valueName":"search_term_string"}}],"inLanguage":"en-US"},{"@type":"Organization","@id":"https:\/\/www.spyshop.info\/#organization","name":"SpyShop","url":"https:\/\/www.spyshop.info\/","logo":{"@type":"ImageObject","inLanguage":"en-US","@id":"https:\/\/www.spyshop.info\/#\/schema\/logo\/image\/","url":"https:\/\/www.spyshop.info\/wp-content\/uploads\/2016\/11\/cropped-logo-spyshop-02-1-3.jpg","contentUrl":"https:\/\/www.spyshop.info\/wp-content\/uploads\/2016\/11\/cropped-logo-spyshop-02-1-3.jpg","width":1522,"height":435,"caption":"SpyShop"},"image":{"@id":"https:\/\/www.spyshop.info\/#\/schema\/logo\/image\/"}}]}},"_links":{"self":[{"href":"https:\/\/www.spyshop.info\/en\/wp-json\/wp\/v2\/product\/2250","targetHints":{"allow":["GET"]}}],"collection":[{"href":"https:\/\/www.spyshop.info\/en\/wp-json\/wp\/v2\/product"}],"about":[{"href":"https:\/\/www.spyshop.info\/en\/wp-json\/wp\/v2\/types\/product"}],"version-history":[{"count":0,"href":"https:\/\/www.spyshop.info\/en\/wp-json\/wp\/v2\/product\/2250\/revisions"}],"wp:featuredmedia":[{"embeddable":true,"href":"https:\/\/www.spyshop.info\/en\/wp-json\/wp\/v2\/media\/2143"}],"wp:attachment":[{"href":"https:\/\/www.spyshop.info\/en\/wp-json\/wp\/v2\/media?parent=2250"}],"wp:term":[{"taxonomy":"product_brand","embeddable":true,"href":"https:\/\/www.spyshop.info\/en\/wp-json\/wp\/v2\/product_brand?post=2250"},{"taxonomy":"product_cat","embeddable":true,"href":"https:\/\/www.spyshop.info\/en\/wp-json\/wp\/v2\/product_cat?post=2250"},{"taxonomy":"product_tag","embeddable":true,"href":"https:\/\/www.spyshop.info\/en\/wp-json\/wp\/v2\/product_tag?post=2250"}],"curies":[{"name":"wp","href":"https:\/\/api.w.org\/{rel}","templated":true}]}}