{"id":2249,"date":"2018-07-09T09:21:59","date_gmt":"2018-07-09T07:21:59","guid":{"rendered":"https:\/\/www.spyshop.info\/shop\/unkategorisiert\/powerbank-with-integrated-audio-recorder\/"},"modified":"2019-09-24T11:41:07","modified_gmt":"2019-09-24T09:41:07","slug":"powerbank-with-integrated-audio-recorder","status":"publish","type":"product","link":"https:\/\/www.spyshop.info\/en\/shop\/audio-surveillance\/recorders\/powerbank-with-integrated-audio-recorder\/","title":{"rendered":"Powerbank with integrated audio recorder"},"content":{"rendered":"<p>The device has a capacity of 4,000mAh and records in a quality of 192kbps at 44KHz.<br \/>\nThe duration is up to 160 hours. What more do you want in disguised version?<br \/>\nFob the device off the target person or charge with it your cell phone and then leave the device simply in your home \/ office. Everyone has already got used to it. Nobody will notice the device!<\/p>\n<p>&nbsp;<\/p>\n<p>Product features:<\/p>\n<p>Charger input DC 5V-1000mA charger<br \/>\nDC output DC 5V-1000mA (MAX)<br \/>\nAudio format Wav<br \/>\nAudio sampling rate 48 KHz<br \/>\nAudio bit rate 192Kbps<br \/>\nMemory 1GB-32GB microSD card, about 82MB per hour<br \/>\nBattery capacity 4000mAh,<\/p>\n<p>recording time approx. 150 hours<br \/>\nUSB type USB 2.0<br \/>\nOS Support Windows \/ Linux \/ Mac \/ Android<br \/>\nOS Charging time 8 to 9 hours<br \/>\nWorking temperature 0 &#8211; 45 \u00b0 C<br \/>\nWorking Humidity 20% &#8211; 80%<br \/>\nWeight Approx 150g<br \/>\nSize 88mm x 45mm x 21mm<\/p>\n","protected":false},"excerpt":{"rendered":"<p>With this power bank, you can easily charge your mobile phone, camera or the like on the go.<br \/>\nYou can also leave this little helper somewhere and it works for you!<\/p>\n","protected":false},"featured_media":2164,"template":"","meta":[],"product_brand":[],"product_cat":[188,190],"product_tag":[],"class_list":{"0":"post-2249","1":"product","2":"type-product","3":"status-publish","4":"has-post-thumbnail","6":"product_cat-audio-surveillance","7":"product_cat-recorders","9":"first","10":"outofstock","11":"taxable","12":"shipping-taxable","13":"purchasable","14":"product-type-simple"},"yoast_head":"<!-- This site is optimized with the Yoast SEO plugin v27.5 - https:\/\/yoast.com\/product\/yoast-seo-wordpress\/ -->\n<title>Powerbank with integrated audio recorder - SpyShop<\/title>\n<meta name=\"robots\" content=\"index, follow, max-snippet:-1, max-image-preview:large, max-video-preview:-1\" \/>\n<link rel=\"canonical\" href=\"https:\/\/www.spyshop.info\/en\/shop\/audio-surveillance\/recorders\/powerbank-with-integrated-audio-recorder\/\" \/>\n<meta property=\"og:locale\" content=\"en_US\" \/>\n<meta property=\"og:type\" content=\"article\" \/>\n<meta property=\"og:title\" content=\"Powerbank with integrated audio recorder - SpyShop\" \/>\n<meta property=\"og:description\" content=\"With this power bank, you can easily charge your mobile phone, camera or the like on the go. You can also leave this little helper somewhere and it works for you!\" \/>\n<meta property=\"og:url\" content=\"https:\/\/www.spyshop.info\/en\/shop\/audio-surveillance\/recorders\/powerbank-with-integrated-audio-recorder\/\" \/>\n<meta property=\"og:site_name\" content=\"SpyShop\" \/>\n<meta property=\"article:modified_time\" content=\"2019-09-24T09:41:07+00:00\" \/>\n<meta property=\"og:image\" content=\"https:\/\/www.spyshop.info\/wp-content\/uploads\/2018\/07\/Powerbank1.jpg\" \/>\n\t<meta property=\"og:image:width\" content=\"790\" \/>\n\t<meta property=\"og:image:height\" content=\"602\" \/>\n\t<meta property=\"og:image:type\" content=\"image\/jpeg\" \/>\n<meta name=\"twitter:card\" content=\"summary_large_image\" \/>\n<meta name=\"twitter:label1\" content=\"Est. reading time\" \/>\n\t<meta name=\"twitter:data1\" content=\"1 minute\" \/>\n<script type=\"application\/ld+json\" class=\"yoast-schema-graph\">{\"@context\":\"https:\\\/\\\/schema.org\",\"@graph\":[{\"@type\":\"WebPage\",\"@id\":\"https:\\\/\\\/www.spyshop.info\\\/en\\\/shop\\\/audio-surveillance\\\/recorders\\\/powerbank-with-integrated-audio-recorder\\\/\",\"url\":\"https:\\\/\\\/www.spyshop.info\\\/en\\\/shop\\\/audio-surveillance\\\/recorders\\\/powerbank-with-integrated-audio-recorder\\\/\",\"name\":\"Powerbank with integrated audio recorder - SpyShop\",\"isPartOf\":{\"@id\":\"https:\\\/\\\/www.spyshop.info\\\/#website\"},\"primaryImageOfPage\":{\"@id\":\"https:\\\/\\\/www.spyshop.info\\\/en\\\/shop\\\/audio-surveillance\\\/recorders\\\/powerbank-with-integrated-audio-recorder\\\/#primaryimage\"},\"image\":{\"@id\":\"https:\\\/\\\/www.spyshop.info\\\/en\\\/shop\\\/audio-surveillance\\\/recorders\\\/powerbank-with-integrated-audio-recorder\\\/#primaryimage\"},\"thumbnailUrl\":\"https:\\\/\\\/www.spyshop.info\\\/wp-content\\\/uploads\\\/2018\\\/07\\\/Powerbank1.jpg\",\"datePublished\":\"2018-07-09T07:21:59+00:00\",\"dateModified\":\"2019-09-24T09:41:07+00:00\",\"breadcrumb\":{\"@id\":\"https:\\\/\\\/www.spyshop.info\\\/en\\\/shop\\\/audio-surveillance\\\/recorders\\\/powerbank-with-integrated-audio-recorder\\\/#breadcrumb\"},\"inLanguage\":\"en-US\",\"potentialAction\":[{\"@type\":\"ReadAction\",\"target\":[\"https:\\\/\\\/www.spyshop.info\\\/en\\\/shop\\\/audio-surveillance\\\/recorders\\\/powerbank-with-integrated-audio-recorder\\\/\"]}]},{\"@type\":\"ImageObject\",\"inLanguage\":\"en-US\",\"@id\":\"https:\\\/\\\/www.spyshop.info\\\/en\\\/shop\\\/audio-surveillance\\\/recorders\\\/powerbank-with-integrated-audio-recorder\\\/#primaryimage\",\"url\":\"https:\\\/\\\/www.spyshop.info\\\/wp-content\\\/uploads\\\/2018\\\/07\\\/Powerbank1.jpg\",\"contentUrl\":\"https:\\\/\\\/www.spyshop.info\\\/wp-content\\\/uploads\\\/2018\\\/07\\\/Powerbank1.jpg\",\"width\":790,\"height\":602,\"caption\":\"Powerbank mit integriertem Audiorecorder\"},{\"@type\":\"BreadcrumbList\",\"@id\":\"https:\\\/\\\/www.spyshop.info\\\/en\\\/shop\\\/audio-surveillance\\\/recorders\\\/powerbank-with-integrated-audio-recorder\\\/#breadcrumb\",\"itemListElement\":[{\"@type\":\"ListItem\",\"position\":1,\"name\":\"Startseite\",\"item\":\"https:\\\/\\\/www.spyshop.info\\\/en\\\/\"},{\"@type\":\"ListItem\",\"position\":2,\"name\":\"Shop\",\"item\":\"https:\\\/\\\/www.spyshop.info\\\/en\\\/shop\\\/\"},{\"@type\":\"ListItem\",\"position\":3,\"name\":\"Powerbank with integrated audio recorder\"}]},{\"@type\":\"WebSite\",\"@id\":\"https:\\\/\\\/www.spyshop.info\\\/#website\",\"url\":\"https:\\\/\\\/www.spyshop.info\\\/\",\"name\":\"SpyShop\",\"description\":\"Abh\u00f6rger\u00e4te, GPS Sender, \u00dcberwachungskameras\",\"publisher\":{\"@id\":\"https:\\\/\\\/www.spyshop.info\\\/#organization\"},\"potentialAction\":[{\"@type\":\"SearchAction\",\"target\":{\"@type\":\"EntryPoint\",\"urlTemplate\":\"https:\\\/\\\/www.spyshop.info\\\/?s={search_term_string}\"},\"query-input\":{\"@type\":\"PropertyValueSpecification\",\"valueRequired\":true,\"valueName\":\"search_term_string\"}}],\"inLanguage\":\"en-US\"},{\"@type\":\"Organization\",\"@id\":\"https:\\\/\\\/www.spyshop.info\\\/#organization\",\"name\":\"SpyShop\",\"url\":\"https:\\\/\\\/www.spyshop.info\\\/\",\"logo\":{\"@type\":\"ImageObject\",\"inLanguage\":\"en-US\",\"@id\":\"https:\\\/\\\/www.spyshop.info\\\/#\\\/schema\\\/logo\\\/image\\\/\",\"url\":\"https:\\\/\\\/www.spyshop.info\\\/wp-content\\\/uploads\\\/2016\\\/11\\\/cropped-logo-spyshop-02-1-3.jpg\",\"contentUrl\":\"https:\\\/\\\/www.spyshop.info\\\/wp-content\\\/uploads\\\/2016\\\/11\\\/cropped-logo-spyshop-02-1-3.jpg\",\"width\":1522,\"height\":435,\"caption\":\"SpyShop\"},\"image\":{\"@id\":\"https:\\\/\\\/www.spyshop.info\\\/#\\\/schema\\\/logo\\\/image\\\/\"}}]}<\/script>\n<!-- \/ Yoast SEO plugin. -->","yoast_head_json":{"title":"Powerbank with integrated audio recorder - SpyShop","robots":{"index":"index","follow":"follow","max-snippet":"max-snippet:-1","max-image-preview":"max-image-preview:large","max-video-preview":"max-video-preview:-1"},"canonical":"https:\/\/www.spyshop.info\/en\/shop\/audio-surveillance\/recorders\/powerbank-with-integrated-audio-recorder\/","og_locale":"en_US","og_type":"article","og_title":"Powerbank with integrated audio recorder - SpyShop","og_description":"With this power bank, you can easily charge your mobile phone, camera or the like on the go. You can also leave this little helper somewhere and it works for you!","og_url":"https:\/\/www.spyshop.info\/en\/shop\/audio-surveillance\/recorders\/powerbank-with-integrated-audio-recorder\/","og_site_name":"SpyShop","article_modified_time":"2019-09-24T09:41:07+00:00","og_image":[{"width":790,"height":602,"url":"https:\/\/www.spyshop.info\/wp-content\/uploads\/2018\/07\/Powerbank1.jpg","type":"image\/jpeg"}],"twitter_card":"summary_large_image","twitter_misc":{"Est. reading time":"1 minute"},"schema":{"@context":"https:\/\/schema.org","@graph":[{"@type":"WebPage","@id":"https:\/\/www.spyshop.info\/en\/shop\/audio-surveillance\/recorders\/powerbank-with-integrated-audio-recorder\/","url":"https:\/\/www.spyshop.info\/en\/shop\/audio-surveillance\/recorders\/powerbank-with-integrated-audio-recorder\/","name":"Powerbank with integrated audio recorder - SpyShop","isPartOf":{"@id":"https:\/\/www.spyshop.info\/#website"},"primaryImageOfPage":{"@id":"https:\/\/www.spyshop.info\/en\/shop\/audio-surveillance\/recorders\/powerbank-with-integrated-audio-recorder\/#primaryimage"},"image":{"@id":"https:\/\/www.spyshop.info\/en\/shop\/audio-surveillance\/recorders\/powerbank-with-integrated-audio-recorder\/#primaryimage"},"thumbnailUrl":"https:\/\/www.spyshop.info\/wp-content\/uploads\/2018\/07\/Powerbank1.jpg","datePublished":"2018-07-09T07:21:59+00:00","dateModified":"2019-09-24T09:41:07+00:00","breadcrumb":{"@id":"https:\/\/www.spyshop.info\/en\/shop\/audio-surveillance\/recorders\/powerbank-with-integrated-audio-recorder\/#breadcrumb"},"inLanguage":"en-US","potentialAction":[{"@type":"ReadAction","target":["https:\/\/www.spyshop.info\/en\/shop\/audio-surveillance\/recorders\/powerbank-with-integrated-audio-recorder\/"]}]},{"@type":"ImageObject","inLanguage":"en-US","@id":"https:\/\/www.spyshop.info\/en\/shop\/audio-surveillance\/recorders\/powerbank-with-integrated-audio-recorder\/#primaryimage","url":"https:\/\/www.spyshop.info\/wp-content\/uploads\/2018\/07\/Powerbank1.jpg","contentUrl":"https:\/\/www.spyshop.info\/wp-content\/uploads\/2018\/07\/Powerbank1.jpg","width":790,"height":602,"caption":"Powerbank mit integriertem Audiorecorder"},{"@type":"BreadcrumbList","@id":"https:\/\/www.spyshop.info\/en\/shop\/audio-surveillance\/recorders\/powerbank-with-integrated-audio-recorder\/#breadcrumb","itemListElement":[{"@type":"ListItem","position":1,"name":"Startseite","item":"https:\/\/www.spyshop.info\/en\/"},{"@type":"ListItem","position":2,"name":"Shop","item":"https:\/\/www.spyshop.info\/en\/shop\/"},{"@type":"ListItem","position":3,"name":"Powerbank with integrated audio recorder"}]},{"@type":"WebSite","@id":"https:\/\/www.spyshop.info\/#website","url":"https:\/\/www.spyshop.info\/","name":"SpyShop","description":"Abh\u00f6rger\u00e4te, GPS Sender, \u00dcberwachungskameras","publisher":{"@id":"https:\/\/www.spyshop.info\/#organization"},"potentialAction":[{"@type":"SearchAction","target":{"@type":"EntryPoint","urlTemplate":"https:\/\/www.spyshop.info\/?s={search_term_string}"},"query-input":{"@type":"PropertyValueSpecification","valueRequired":true,"valueName":"search_term_string"}}],"inLanguage":"en-US"},{"@type":"Organization","@id":"https:\/\/www.spyshop.info\/#organization","name":"SpyShop","url":"https:\/\/www.spyshop.info\/","logo":{"@type":"ImageObject","inLanguage":"en-US","@id":"https:\/\/www.spyshop.info\/#\/schema\/logo\/image\/","url":"https:\/\/www.spyshop.info\/wp-content\/uploads\/2016\/11\/cropped-logo-spyshop-02-1-3.jpg","contentUrl":"https:\/\/www.spyshop.info\/wp-content\/uploads\/2016\/11\/cropped-logo-spyshop-02-1-3.jpg","width":1522,"height":435,"caption":"SpyShop"},"image":{"@id":"https:\/\/www.spyshop.info\/#\/schema\/logo\/image\/"}}]}},"_links":{"self":[{"href":"https:\/\/www.spyshop.info\/en\/wp-json\/wp\/v2\/product\/2249","targetHints":{"allow":["GET"]}}],"collection":[{"href":"https:\/\/www.spyshop.info\/en\/wp-json\/wp\/v2\/product"}],"about":[{"href":"https:\/\/www.spyshop.info\/en\/wp-json\/wp\/v2\/types\/product"}],"version-history":[{"count":0,"href":"https:\/\/www.spyshop.info\/en\/wp-json\/wp\/v2\/product\/2249\/revisions"}],"wp:featuredmedia":[{"embeddable":true,"href":"https:\/\/www.spyshop.info\/en\/wp-json\/wp\/v2\/media\/2164"}],"wp:attachment":[{"href":"https:\/\/www.spyshop.info\/en\/wp-json\/wp\/v2\/media?parent=2249"}],"wp:term":[{"taxonomy":"product_brand","embeddable":true,"href":"https:\/\/www.spyshop.info\/en\/wp-json\/wp\/v2\/product_brand?post=2249"},{"taxonomy":"product_cat","embeddable":true,"href":"https:\/\/www.spyshop.info\/en\/wp-json\/wp\/v2\/product_cat?post=2249"},{"taxonomy":"product_tag","embeddable":true,"href":"https:\/\/www.spyshop.info\/en\/wp-json\/wp\/v2\/product_tag?post=2249"}],"curies":[{"name":"wp","href":"https:\/\/api.w.org\/{rel}","templated":true}]}}