{"id":2247,"date":"2018-07-16T11:32:03","date_gmt":"2018-07-16T09:32:03","guid":{"rendered":"https:\/\/www.spyshop.info\/shop\/unkategorisiert\/powerbank-with-hd-camera-in-4k-with-ir-and-wifi\/"},"modified":"2020-01-21T10:58:09","modified_gmt":"2020-01-21T09:58:09","slug":"powerbank-with-hd-camera-in-4k-with-ir-and-wifi","status":"publish","type":"product","link":"https:\/\/www.spyshop.info\/en\/shop\/video-surveillance\/hidden-cameras-with-recording\/powerbank-with-hd-camera-in-4k-with-ir-and-wifi\/","title":{"rendered":"Powerbank with HD camera in 4k with IR and WiFi"},"content":{"rendered":"<p>Let&#8217;s start with the traditional function as a power bank. The charging capacity of 10,000 mAh provides power to your smartphone or digital camera several times (depending on your mobile phone model). A small display informs you about the remaining power capacity. Use a MicroUSB slot to charge the device.<br \/>\nThe camera, fully disguised, has an incredible HD quality of up to 4K &#8211; if you want to submit your surveillance videos to Hollywood.<\/p>\n<p>Of course, you can also choose a weaker setting, such as 1080p FullHD. Videos are recorded completely smoothly and the sound quality is excellent. In addition to the lens are 4 pieces of infrared LEDs in the range of 940nm, which thus provides completely invisible infrared light.<br \/>\nSo you are well supplied even in low light conditions. Internally you can also record on a microSD card. If you connect the camera to your WiFi network and leave it in the office or the apartment, you can look over the settings and change settings anytime from anywhere your smartphone has GSM accessibility via the free app for iOS or Android.<\/p>\n<p>Of course, you can also be informed by means of sound or screen signal on your mobile phone about movements. If you want, you can also record live videos on your smartphone.<br \/>\nThia powerbank is a useful everyday item with great monitoring capabilities.<\/p>\n<p>Product features:<\/p>\n<p>&nbsp;<\/p>\n<ul>\n<li>Viewing angle: 45 \u00b0<br \/>\n\u2022 Video resolutions: 3840 \u00d7 2160 (30 FPS), 1920 \u00d7 1080 (30 FPS), 1280 \u00d7 720 (30 FPS \/ 60 FPS)<br \/>\n\u2022 Storage medium: MicroSD card (recommended up to 64GB)<br \/>\n\u2022 2 USB charging slots for external devices<br \/>\n\u2022 Battery capacity: 10,000 mAh<br \/>\n\u2022 Battery charge: via micro-USB<br \/>\n\u2022 Dimensions: 145mm x 7.5mm x 10mm<br \/>\n\u2022 4 infrared LEDs in the 940nm range<br \/>\n\u2022 LED display for the charge level<br \/>\n\u2022 WiFi connectivity<br \/>\n\u2022 Free app for iOS and Android<br \/>\n\u2022 Recording time: 13 to 16 hours<\/li>\n<\/ul>\n","protected":false},"excerpt":{"rendered":"<p>Powerbanks for charging mobile phones while traveling are now quite usual everyday objects.<br \/>\nThis device is a highly professional product in video quality and runtime.<br \/>\nWiFi also offers live viewing from afar &#8211; wherever you are.<\/p>\n","protected":false},"featured_media":2230,"template":"","meta":[],"product_brand":[],"product_cat":[167,164,168],"product_tag":[],"class_list":{"0":"post-2247","1":"product","2":"type-product","3":"status-publish","4":"has-post-thumbnail","6":"product_cat-hidden-cameras-with-recording","7":"product_cat-video-surveillance","8":"product_cat-hidden-wifi-radio-and-gsm-cameras","10":"first","11":"outofstock","12":"taxable","13":"shipping-taxable","14":"purchasable","15":"product-type-simple"},"yoast_head":"<!-- This site is optimized with the Yoast SEO plugin v27.5 - https:\/\/yoast.com\/product\/yoast-seo-wordpress\/ -->\n<title>Powerbank with HD camera \u26a1 Camouflaged surveillance cameras<\/title>\n<meta name=\"description\" content=\"Power bank with HD camera in 4k as well as IR and WiFi. The camera, which is completely camouflaged, has incredible HD quality.\" \/>\n<meta name=\"robots\" content=\"index, follow, max-snippet:-1, max-image-preview:large, max-video-preview:-1\" \/>\n<link rel=\"canonical\" href=\"https:\/\/www.spyshop.info\/en\/shop\/video-surveillance\/hidden-cameras-with-recording\/powerbank-with-hd-camera-in-4k-with-ir-and-wifi\/\" \/>\n<meta property=\"og:locale\" content=\"en_US\" \/>\n<meta property=\"og:type\" content=\"article\" \/>\n<meta property=\"og:title\" content=\"Powerbank with HD camera \u26a1 Camouflaged surveillance cameras\" \/>\n<meta property=\"og:description\" content=\"Power bank with HD camera in 4k as well as IR and WiFi. The camera, which is completely camouflaged, has incredible HD quality.\" \/>\n<meta property=\"og:url\" content=\"https:\/\/www.spyshop.info\/en\/shop\/video-surveillance\/hidden-cameras-with-recording\/powerbank-with-hd-camera-in-4k-with-ir-and-wifi\/\" \/>\n<meta property=\"og:site_name\" content=\"SpyShop\" \/>\n<meta property=\"article:modified_time\" content=\"2020-01-21T09:58:09+00:00\" \/>\n<meta property=\"og:image\" content=\"https:\/\/www.spyshop.info\/wp-content\/uploads\/2018\/07\/4K-Powerbank-WiFi-1.jpg\" \/>\n\t<meta property=\"og:image:width\" content=\"1001\" \/>\n\t<meta property=\"og:image:height\" content=\"1001\" \/>\n\t<meta property=\"og:image:type\" content=\"image\/jpeg\" \/>\n<meta name=\"twitter:card\" content=\"summary_large_image\" \/>\n<meta name=\"twitter:label1\" content=\"Est. reading time\" \/>\n\t<meta name=\"twitter:data1\" content=\"1 minute\" \/>\n<script type=\"application\/ld+json\" class=\"yoast-schema-graph\">{\"@context\":\"https:\\\/\\\/schema.org\",\"@graph\":[{\"@type\":\"WebPage\",\"@id\":\"https:\\\/\\\/www.spyshop.info\\\/en\\\/shop\\\/video-surveillance\\\/hidden-cameras-with-recording\\\/powerbank-with-hd-camera-in-4k-with-ir-and-wifi\\\/\",\"url\":\"https:\\\/\\\/www.spyshop.info\\\/en\\\/shop\\\/video-surveillance\\\/hidden-cameras-with-recording\\\/powerbank-with-hd-camera-in-4k-with-ir-and-wifi\\\/\",\"name\":\"Powerbank with HD camera \u26a1 Camouflaged surveillance cameras\",\"isPartOf\":{\"@id\":\"https:\\\/\\\/www.spyshop.info\\\/#website\"},\"primaryImageOfPage\":{\"@id\":\"https:\\\/\\\/www.spyshop.info\\\/en\\\/shop\\\/video-surveillance\\\/hidden-cameras-with-recording\\\/powerbank-with-hd-camera-in-4k-with-ir-and-wifi\\\/#primaryimage\"},\"image\":{\"@id\":\"https:\\\/\\\/www.spyshop.info\\\/en\\\/shop\\\/video-surveillance\\\/hidden-cameras-with-recording\\\/powerbank-with-hd-camera-in-4k-with-ir-and-wifi\\\/#primaryimage\"},\"thumbnailUrl\":\"https:\\\/\\\/www.spyshop.info\\\/wp-content\\\/uploads\\\/2018\\\/07\\\/4K-Powerbank-WiFi-1.jpg\",\"datePublished\":\"2018-07-16T09:32:03+00:00\",\"dateModified\":\"2020-01-21T09:58:09+00:00\",\"description\":\"Power bank with HD camera in 4k as well as IR and WiFi. The camera, which is completely camouflaged, has incredible HD quality.\",\"breadcrumb\":{\"@id\":\"https:\\\/\\\/www.spyshop.info\\\/en\\\/shop\\\/video-surveillance\\\/hidden-cameras-with-recording\\\/powerbank-with-hd-camera-in-4k-with-ir-and-wifi\\\/#breadcrumb\"},\"inLanguage\":\"en-US\",\"potentialAction\":[{\"@type\":\"ReadAction\",\"target\":[\"https:\\\/\\\/www.spyshop.info\\\/en\\\/shop\\\/video-surveillance\\\/hidden-cameras-with-recording\\\/powerbank-with-hd-camera-in-4k-with-ir-and-wifi\\\/\"]}]},{\"@type\":\"ImageObject\",\"inLanguage\":\"en-US\",\"@id\":\"https:\\\/\\\/www.spyshop.info\\\/en\\\/shop\\\/video-surveillance\\\/hidden-cameras-with-recording\\\/powerbank-with-hd-camera-in-4k-with-ir-and-wifi\\\/#primaryimage\",\"url\":\"https:\\\/\\\/www.spyshop.info\\\/wp-content\\\/uploads\\\/2018\\\/07\\\/4K-Powerbank-WiFi-1.jpg\",\"contentUrl\":\"https:\\\/\\\/www.spyshop.info\\\/wp-content\\\/uploads\\\/2018\\\/07\\\/4K-Powerbank-WiFi-1.jpg\",\"width\":1001,\"height\":1001,\"caption\":\"Getarnte \u00dcberwachungskameras | Powerbank mit HD-Kamera in 4k sowie IR und WiFi\"},{\"@type\":\"BreadcrumbList\",\"@id\":\"https:\\\/\\\/www.spyshop.info\\\/en\\\/shop\\\/video-surveillance\\\/hidden-cameras-with-recording\\\/powerbank-with-hd-camera-in-4k-with-ir-and-wifi\\\/#breadcrumb\",\"itemListElement\":[{\"@type\":\"ListItem\",\"position\":1,\"name\":\"Startseite\",\"item\":\"https:\\\/\\\/www.spyshop.info\\\/en\\\/\"},{\"@type\":\"ListItem\",\"position\":2,\"name\":\"Shop\",\"item\":\"https:\\\/\\\/www.spyshop.info\\\/en\\\/shop\\\/\"},{\"@type\":\"ListItem\",\"position\":3,\"name\":\"Powerbank with HD camera in 4k with IR and WiFi\"}]},{\"@type\":\"WebSite\",\"@id\":\"https:\\\/\\\/www.spyshop.info\\\/#website\",\"url\":\"https:\\\/\\\/www.spyshop.info\\\/\",\"name\":\"SpyShop\",\"description\":\"Abh\u00f6rger\u00e4te, GPS Sender, \u00dcberwachungskameras\",\"publisher\":{\"@id\":\"https:\\\/\\\/www.spyshop.info\\\/#organization\"},\"potentialAction\":[{\"@type\":\"SearchAction\",\"target\":{\"@type\":\"EntryPoint\",\"urlTemplate\":\"https:\\\/\\\/www.spyshop.info\\\/?s={search_term_string}\"},\"query-input\":{\"@type\":\"PropertyValueSpecification\",\"valueRequired\":true,\"valueName\":\"search_term_string\"}}],\"inLanguage\":\"en-US\"},{\"@type\":\"Organization\",\"@id\":\"https:\\\/\\\/www.spyshop.info\\\/#organization\",\"name\":\"SpyShop\",\"url\":\"https:\\\/\\\/www.spyshop.info\\\/\",\"logo\":{\"@type\":\"ImageObject\",\"inLanguage\":\"en-US\",\"@id\":\"https:\\\/\\\/www.spyshop.info\\\/#\\\/schema\\\/logo\\\/image\\\/\",\"url\":\"https:\\\/\\\/www.spyshop.info\\\/wp-content\\\/uploads\\\/2016\\\/11\\\/cropped-logo-spyshop-02-1-3.jpg\",\"contentUrl\":\"https:\\\/\\\/www.spyshop.info\\\/wp-content\\\/uploads\\\/2016\\\/11\\\/cropped-logo-spyshop-02-1-3.jpg\",\"width\":1522,\"height\":435,\"caption\":\"SpyShop\"},\"image\":{\"@id\":\"https:\\\/\\\/www.spyshop.info\\\/#\\\/schema\\\/logo\\\/image\\\/\"}}]}<\/script>\n<!-- \/ Yoast SEO plugin. -->","yoast_head_json":{"title":"Powerbank with HD camera \u26a1 Camouflaged surveillance cameras","description":"Power bank with HD camera in 4k as well as IR and WiFi. The camera, which is completely camouflaged, has incredible HD quality.","robots":{"index":"index","follow":"follow","max-snippet":"max-snippet:-1","max-image-preview":"max-image-preview:large","max-video-preview":"max-video-preview:-1"},"canonical":"https:\/\/www.spyshop.info\/en\/shop\/video-surveillance\/hidden-cameras-with-recording\/powerbank-with-hd-camera-in-4k-with-ir-and-wifi\/","og_locale":"en_US","og_type":"article","og_title":"Powerbank with HD camera \u26a1 Camouflaged surveillance cameras","og_description":"Power bank with HD camera in 4k as well as IR and WiFi. The camera, which is completely camouflaged, has incredible HD quality.","og_url":"https:\/\/www.spyshop.info\/en\/shop\/video-surveillance\/hidden-cameras-with-recording\/powerbank-with-hd-camera-in-4k-with-ir-and-wifi\/","og_site_name":"SpyShop","article_modified_time":"2020-01-21T09:58:09+00:00","og_image":[{"width":1001,"height":1001,"url":"https:\/\/www.spyshop.info\/wp-content\/uploads\/2018\/07\/4K-Powerbank-WiFi-1.jpg","type":"image\/jpeg"}],"twitter_card":"summary_large_image","twitter_misc":{"Est. reading time":"1 minute"},"schema":{"@context":"https:\/\/schema.org","@graph":[{"@type":"WebPage","@id":"https:\/\/www.spyshop.info\/en\/shop\/video-surveillance\/hidden-cameras-with-recording\/powerbank-with-hd-camera-in-4k-with-ir-and-wifi\/","url":"https:\/\/www.spyshop.info\/en\/shop\/video-surveillance\/hidden-cameras-with-recording\/powerbank-with-hd-camera-in-4k-with-ir-and-wifi\/","name":"Powerbank with HD camera \u26a1 Camouflaged surveillance cameras","isPartOf":{"@id":"https:\/\/www.spyshop.info\/#website"},"primaryImageOfPage":{"@id":"https:\/\/www.spyshop.info\/en\/shop\/video-surveillance\/hidden-cameras-with-recording\/powerbank-with-hd-camera-in-4k-with-ir-and-wifi\/#primaryimage"},"image":{"@id":"https:\/\/www.spyshop.info\/en\/shop\/video-surveillance\/hidden-cameras-with-recording\/powerbank-with-hd-camera-in-4k-with-ir-and-wifi\/#primaryimage"},"thumbnailUrl":"https:\/\/www.spyshop.info\/wp-content\/uploads\/2018\/07\/4K-Powerbank-WiFi-1.jpg","datePublished":"2018-07-16T09:32:03+00:00","dateModified":"2020-01-21T09:58:09+00:00","description":"Power bank with HD camera in 4k as well as IR and WiFi. The camera, which is completely camouflaged, has incredible HD quality.","breadcrumb":{"@id":"https:\/\/www.spyshop.info\/en\/shop\/video-surveillance\/hidden-cameras-with-recording\/powerbank-with-hd-camera-in-4k-with-ir-and-wifi\/#breadcrumb"},"inLanguage":"en-US","potentialAction":[{"@type":"ReadAction","target":["https:\/\/www.spyshop.info\/en\/shop\/video-surveillance\/hidden-cameras-with-recording\/powerbank-with-hd-camera-in-4k-with-ir-and-wifi\/"]}]},{"@type":"ImageObject","inLanguage":"en-US","@id":"https:\/\/www.spyshop.info\/en\/shop\/video-surveillance\/hidden-cameras-with-recording\/powerbank-with-hd-camera-in-4k-with-ir-and-wifi\/#primaryimage","url":"https:\/\/www.spyshop.info\/wp-content\/uploads\/2018\/07\/4K-Powerbank-WiFi-1.jpg","contentUrl":"https:\/\/www.spyshop.info\/wp-content\/uploads\/2018\/07\/4K-Powerbank-WiFi-1.jpg","width":1001,"height":1001,"caption":"Getarnte \u00dcberwachungskameras | Powerbank mit HD-Kamera in 4k sowie IR und WiFi"},{"@type":"BreadcrumbList","@id":"https:\/\/www.spyshop.info\/en\/shop\/video-surveillance\/hidden-cameras-with-recording\/powerbank-with-hd-camera-in-4k-with-ir-and-wifi\/#breadcrumb","itemListElement":[{"@type":"ListItem","position":1,"name":"Startseite","item":"https:\/\/www.spyshop.info\/en\/"},{"@type":"ListItem","position":2,"name":"Shop","item":"https:\/\/www.spyshop.info\/en\/shop\/"},{"@type":"ListItem","position":3,"name":"Powerbank with HD camera in 4k with IR and WiFi"}]},{"@type":"WebSite","@id":"https:\/\/www.spyshop.info\/#website","url":"https:\/\/www.spyshop.info\/","name":"SpyShop","description":"Abh\u00f6rger\u00e4te, GPS Sender, \u00dcberwachungskameras","publisher":{"@id":"https:\/\/www.spyshop.info\/#organization"},"potentialAction":[{"@type":"SearchAction","target":{"@type":"EntryPoint","urlTemplate":"https:\/\/www.spyshop.info\/?s={search_term_string}"},"query-input":{"@type":"PropertyValueSpecification","valueRequired":true,"valueName":"search_term_string"}}],"inLanguage":"en-US"},{"@type":"Organization","@id":"https:\/\/www.spyshop.info\/#organization","name":"SpyShop","url":"https:\/\/www.spyshop.info\/","logo":{"@type":"ImageObject","inLanguage":"en-US","@id":"https:\/\/www.spyshop.info\/#\/schema\/logo\/image\/","url":"https:\/\/www.spyshop.info\/wp-content\/uploads\/2016\/11\/cropped-logo-spyshop-02-1-3.jpg","contentUrl":"https:\/\/www.spyshop.info\/wp-content\/uploads\/2016\/11\/cropped-logo-spyshop-02-1-3.jpg","width":1522,"height":435,"caption":"SpyShop"},"image":{"@id":"https:\/\/www.spyshop.info\/#\/schema\/logo\/image\/"}}]}},"_links":{"self":[{"href":"https:\/\/www.spyshop.info\/en\/wp-json\/wp\/v2\/product\/2247","targetHints":{"allow":["GET"]}}],"collection":[{"href":"https:\/\/www.spyshop.info\/en\/wp-json\/wp\/v2\/product"}],"about":[{"href":"https:\/\/www.spyshop.info\/en\/wp-json\/wp\/v2\/types\/product"}],"version-history":[{"count":0,"href":"https:\/\/www.spyshop.info\/en\/wp-json\/wp\/v2\/product\/2247\/revisions"}],"wp:featuredmedia":[{"embeddable":true,"href":"https:\/\/www.spyshop.info\/en\/wp-json\/wp\/v2\/media\/2230"}],"wp:attachment":[{"href":"https:\/\/www.spyshop.info\/en\/wp-json\/wp\/v2\/media?parent=2247"}],"wp:term":[{"taxonomy":"product_brand","embeddable":true,"href":"https:\/\/www.spyshop.info\/en\/wp-json\/wp\/v2\/product_brand?post=2247"},{"taxonomy":"product_cat","embeddable":true,"href":"https:\/\/www.spyshop.info\/en\/wp-json\/wp\/v2\/product_cat?post=2247"},{"taxonomy":"product_tag","embeddable":true,"href":"https:\/\/www.spyshop.info\/en\/wp-json\/wp\/v2\/product_tag?post=2247"}],"curies":[{"name":"wp","href":"https:\/\/api.w.org\/{rel}","templated":true}]}}