{"id":1941,"date":"2018-02-06T10:46:16","date_gmt":"2018-02-06T09:46:16","guid":{"rendered":"https:\/\/www.spyshop.info\/shop\/unkategorisiert\/wifi-board-camera-with-1080-full-hd\/"},"modified":"2020-01-21T11:43:30","modified_gmt":"2020-01-21T10:43:30","slug":"wifi-board-camera-with-1080-full-hd","status":"publish","type":"product","link":"https:\/\/www.spyshop.info\/en\/shop\/video-surveillance\/hidden-cameras-with-recording\/wifi-board-camera-with-1080-full-hd\/","title":{"rendered":"WiFi board camera with 1080 Full HD"},"content":{"rendered":"<p>All used cameras (of this manufacturer) in one app? No problem, the overview is guaranteed and in the usual quality. Notifications (visual or audible signal) with each movement and you can see which camera is currently reporting. This board can be camouflaged individually. In a loudspeaker box, in a ventilation grille etc&#8230;. There are no limits according to your creativity and your needs.<\/p>\n<p>Product features:<br \/>\nEasy to hide or camouflage<br \/>\nRemote control and viewing via app for iOS and Android<br \/>\n2.0 megapixel CMOS sensor<br \/>\nHD 1080P @ 30fps or 720P @ 60fps<br \/>\nPhoto resolution 4032&#215;3024<br \/>\nH.264 compression format<br \/>\nMotion sensor<br \/>\nVideo format AVI<br \/>\nViewing angle 90 degrees<br \/>\nMinimum lighting 1 Lux<br \/>\nVideo, audio, motion detection<br \/>\nPhotos in interval circuit<br \/>\nMemory Card: max 32GB microSD card<br \/>\n1200mAh battery<br \/>\nCharging time 2 to 3 hours<br \/>\nApproximately 3 hours recording time at full charge (with larger battery or continuous current accordingly more)<\/p>\n<p>ATTENTION: with the additional Powerbattery \u00a02.800mAh you can reach a runningtime more than doble time! \u00a0You find it in Videoaccessoires (Productnumber VZB-0001)!<\/p>\n<p>Delivery contents:<br \/>\n1 x camera<br \/>\n1 x user manual<br \/>\n1 x 5V500MA Power Adapter<br \/>\n1 x battery<br \/>\n1 x software on CD<br \/>\n1 x USB cable<\/p>\n","protected":false},"excerpt":{"rendered":"<p>If you are already convinced of the quality of devices such as the BlackBox-WiFi, the Turnable, the weather station, etc\u2026.: This Full HD board camera is produced by the same manufacturer and runs in the same app for iOS and Android.<\/p>\n","protected":false},"featured_media":1800,"template":"","meta":[],"product_brand":[],"product_cat":[167,164,168],"product_tag":[],"class_list":{"0":"post-1941","1":"product","2":"type-product","3":"status-publish","4":"has-post-thumbnail","6":"product_cat-hidden-cameras-with-recording","7":"product_cat-video-surveillance","8":"product_cat-hidden-wifi-radio-and-gsm-cameras","10":"first","11":"outofstock","12":"taxable","13":"shipping-taxable","14":"purchasable","15":"product-type-simple"},"yoast_head":"<!-- This site is optimized with the Yoast SEO plugin v27.4 - https:\/\/yoast.com\/product\/yoast-seo-wordpress\/ -->\n<title>WiFi circuit board camera \u26a1 Camouflaged surveillance camera<\/title>\n<meta name=\"description\" content=\"WiFi circuit board camera with 1080 Full HD. You can camouflage this board individually. In a loudspeaker box, in a ventilation grille etc.\" \/>\n<meta name=\"robots\" content=\"index, follow, max-snippet:-1, max-image-preview:large, max-video-preview:-1\" \/>\n<link rel=\"canonical\" href=\"https:\/\/www.spyshop.info\/en\/shop\/video-surveillance\/hidden-cameras-with-recording\/wifi-board-camera-with-1080-full-hd\/\" \/>\n<meta property=\"og:locale\" content=\"en_US\" \/>\n<meta property=\"og:type\" content=\"article\" \/>\n<meta property=\"og:title\" content=\"WiFi circuit board camera \u26a1 Camouflaged surveillance camera\" \/>\n<meta property=\"og:description\" content=\"WiFi circuit board camera with 1080 Full HD. You can camouflage this board individually. In a loudspeaker box, in a ventilation grille etc.\" \/>\n<meta property=\"og:url\" content=\"https:\/\/www.spyshop.info\/en\/shop\/video-surveillance\/hidden-cameras-with-recording\/wifi-board-camera-with-1080-full-hd\/\" \/>\n<meta property=\"og:site_name\" content=\"SpyShop\" \/>\n<meta property=\"article:modified_time\" content=\"2020-01-21T10:43:30+00:00\" \/>\n<meta property=\"og:image\" content=\"https:\/\/www.spyshop.info\/wp-content\/uploads\/2018\/02\/WiFi-Platine-1-.jpg\" \/>\n\t<meta property=\"og:image:width\" content=\"557\" \/>\n\t<meta property=\"og:image:height\" content=\"573\" \/>\n\t<meta property=\"og:image:type\" content=\"image\/jpeg\" \/>\n<meta name=\"twitter:card\" content=\"summary_large_image\" \/>\n<meta name=\"twitter:label1\" content=\"Est. reading time\" \/>\n\t<meta name=\"twitter:data1\" content=\"1 minute\" \/>\n<script type=\"application\/ld+json\" class=\"yoast-schema-graph\">{\"@context\":\"https:\\\/\\\/schema.org\",\"@graph\":[{\"@type\":\"WebPage\",\"@id\":\"https:\\\/\\\/www.spyshop.info\\\/en\\\/shop\\\/video-surveillance\\\/hidden-cameras-with-recording\\\/wifi-board-camera-with-1080-full-hd\\\/\",\"url\":\"https:\\\/\\\/www.spyshop.info\\\/en\\\/shop\\\/video-surveillance\\\/hidden-cameras-with-recording\\\/wifi-board-camera-with-1080-full-hd\\\/\",\"name\":\"WiFi circuit board camera \u26a1 Camouflaged surveillance camera\",\"isPartOf\":{\"@id\":\"https:\\\/\\\/www.spyshop.info\\\/#website\"},\"primaryImageOfPage\":{\"@id\":\"https:\\\/\\\/www.spyshop.info\\\/en\\\/shop\\\/video-surveillance\\\/hidden-cameras-with-recording\\\/wifi-board-camera-with-1080-full-hd\\\/#primaryimage\"},\"image\":{\"@id\":\"https:\\\/\\\/www.spyshop.info\\\/en\\\/shop\\\/video-surveillance\\\/hidden-cameras-with-recording\\\/wifi-board-camera-with-1080-full-hd\\\/#primaryimage\"},\"thumbnailUrl\":\"https:\\\/\\\/www.spyshop.info\\\/wp-content\\\/uploads\\\/2018\\\/02\\\/WiFi-Platine-1-.jpg\",\"datePublished\":\"2018-02-06T09:46:16+00:00\",\"dateModified\":\"2020-01-21T10:43:30+00:00\",\"description\":\"WiFi circuit board camera with 1080 Full HD. You can camouflage this board individually. In a loudspeaker box, in a ventilation grille etc.\",\"breadcrumb\":{\"@id\":\"https:\\\/\\\/www.spyshop.info\\\/en\\\/shop\\\/video-surveillance\\\/hidden-cameras-with-recording\\\/wifi-board-camera-with-1080-full-hd\\\/#breadcrumb\"},\"inLanguage\":\"en-US\",\"potentialAction\":[{\"@type\":\"ReadAction\",\"target\":[\"https:\\\/\\\/www.spyshop.info\\\/en\\\/shop\\\/video-surveillance\\\/hidden-cameras-with-recording\\\/wifi-board-camera-with-1080-full-hd\\\/\"]}]},{\"@type\":\"ImageObject\",\"inLanguage\":\"en-US\",\"@id\":\"https:\\\/\\\/www.spyshop.info\\\/en\\\/shop\\\/video-surveillance\\\/hidden-cameras-with-recording\\\/wifi-board-camera-with-1080-full-hd\\\/#primaryimage\",\"url\":\"https:\\\/\\\/www.spyshop.info\\\/wp-content\\\/uploads\\\/2018\\\/02\\\/WiFi-Platine-1-.jpg\",\"contentUrl\":\"https:\\\/\\\/www.spyshop.info\\\/wp-content\\\/uploads\\\/2018\\\/02\\\/WiFi-Platine-1-.jpg\",\"width\":557,\"height\":573},{\"@type\":\"BreadcrumbList\",\"@id\":\"https:\\\/\\\/www.spyshop.info\\\/en\\\/shop\\\/video-surveillance\\\/hidden-cameras-with-recording\\\/wifi-board-camera-with-1080-full-hd\\\/#breadcrumb\",\"itemListElement\":[{\"@type\":\"ListItem\",\"position\":1,\"name\":\"Startseite\",\"item\":\"https:\\\/\\\/www.spyshop.info\\\/en\\\/\"},{\"@type\":\"ListItem\",\"position\":2,\"name\":\"Shop\",\"item\":\"https:\\\/\\\/www.spyshop.info\\\/en\\\/shop\\\/\"},{\"@type\":\"ListItem\",\"position\":3,\"name\":\"WiFi board camera with 1080 Full HD\"}]},{\"@type\":\"WebSite\",\"@id\":\"https:\\\/\\\/www.spyshop.info\\\/#website\",\"url\":\"https:\\\/\\\/www.spyshop.info\\\/\",\"name\":\"SpyShop\",\"description\":\"Abh\u00f6rger\u00e4te, GPS Sender, \u00dcberwachungskameras\",\"publisher\":{\"@id\":\"https:\\\/\\\/www.spyshop.info\\\/#organization\"},\"potentialAction\":[{\"@type\":\"SearchAction\",\"target\":{\"@type\":\"EntryPoint\",\"urlTemplate\":\"https:\\\/\\\/www.spyshop.info\\\/?s={search_term_string}\"},\"query-input\":{\"@type\":\"PropertyValueSpecification\",\"valueRequired\":true,\"valueName\":\"search_term_string\"}}],\"inLanguage\":\"en-US\"},{\"@type\":\"Organization\",\"@id\":\"https:\\\/\\\/www.spyshop.info\\\/#organization\",\"name\":\"SpyShop\",\"url\":\"https:\\\/\\\/www.spyshop.info\\\/\",\"logo\":{\"@type\":\"ImageObject\",\"inLanguage\":\"en-US\",\"@id\":\"https:\\\/\\\/www.spyshop.info\\\/#\\\/schema\\\/logo\\\/image\\\/\",\"url\":\"https:\\\/\\\/www.spyshop.info\\\/wp-content\\\/uploads\\\/2016\\\/11\\\/cropped-logo-spyshop-02-1-3.jpg\",\"contentUrl\":\"https:\\\/\\\/www.spyshop.info\\\/wp-content\\\/uploads\\\/2016\\\/11\\\/cropped-logo-spyshop-02-1-3.jpg\",\"width\":1522,\"height\":435,\"caption\":\"SpyShop\"},\"image\":{\"@id\":\"https:\\\/\\\/www.spyshop.info\\\/#\\\/schema\\\/logo\\\/image\\\/\"}}]}<\/script>\n<!-- \/ Yoast SEO plugin. -->","yoast_head_json":{"title":"WiFi circuit board camera \u26a1 Camouflaged surveillance camera","description":"WiFi circuit board camera with 1080 Full HD. You can camouflage this board individually. In a loudspeaker box, in a ventilation grille etc.","robots":{"index":"index","follow":"follow","max-snippet":"max-snippet:-1","max-image-preview":"max-image-preview:large","max-video-preview":"max-video-preview:-1"},"canonical":"https:\/\/www.spyshop.info\/en\/shop\/video-surveillance\/hidden-cameras-with-recording\/wifi-board-camera-with-1080-full-hd\/","og_locale":"en_US","og_type":"article","og_title":"WiFi circuit board camera \u26a1 Camouflaged surveillance camera","og_description":"WiFi circuit board camera with 1080 Full HD. You can camouflage this board individually. In a loudspeaker box, in a ventilation grille etc.","og_url":"https:\/\/www.spyshop.info\/en\/shop\/video-surveillance\/hidden-cameras-with-recording\/wifi-board-camera-with-1080-full-hd\/","og_site_name":"SpyShop","article_modified_time":"2020-01-21T10:43:30+00:00","og_image":[{"width":557,"height":573,"url":"https:\/\/www.spyshop.info\/wp-content\/uploads\/2018\/02\/WiFi-Platine-1-.jpg","type":"image\/jpeg"}],"twitter_card":"summary_large_image","twitter_misc":{"Est. reading time":"1 minute"},"schema":{"@context":"https:\/\/schema.org","@graph":[{"@type":"WebPage","@id":"https:\/\/www.spyshop.info\/en\/shop\/video-surveillance\/hidden-cameras-with-recording\/wifi-board-camera-with-1080-full-hd\/","url":"https:\/\/www.spyshop.info\/en\/shop\/video-surveillance\/hidden-cameras-with-recording\/wifi-board-camera-with-1080-full-hd\/","name":"WiFi circuit board camera \u26a1 Camouflaged surveillance camera","isPartOf":{"@id":"https:\/\/www.spyshop.info\/#website"},"primaryImageOfPage":{"@id":"https:\/\/www.spyshop.info\/en\/shop\/video-surveillance\/hidden-cameras-with-recording\/wifi-board-camera-with-1080-full-hd\/#primaryimage"},"image":{"@id":"https:\/\/www.spyshop.info\/en\/shop\/video-surveillance\/hidden-cameras-with-recording\/wifi-board-camera-with-1080-full-hd\/#primaryimage"},"thumbnailUrl":"https:\/\/www.spyshop.info\/wp-content\/uploads\/2018\/02\/WiFi-Platine-1-.jpg","datePublished":"2018-02-06T09:46:16+00:00","dateModified":"2020-01-21T10:43:30+00:00","description":"WiFi circuit board camera with 1080 Full HD. You can camouflage this board individually. In a loudspeaker box, in a ventilation grille etc.","breadcrumb":{"@id":"https:\/\/www.spyshop.info\/en\/shop\/video-surveillance\/hidden-cameras-with-recording\/wifi-board-camera-with-1080-full-hd\/#breadcrumb"},"inLanguage":"en-US","potentialAction":[{"@type":"ReadAction","target":["https:\/\/www.spyshop.info\/en\/shop\/video-surveillance\/hidden-cameras-with-recording\/wifi-board-camera-with-1080-full-hd\/"]}]},{"@type":"ImageObject","inLanguage":"en-US","@id":"https:\/\/www.spyshop.info\/en\/shop\/video-surveillance\/hidden-cameras-with-recording\/wifi-board-camera-with-1080-full-hd\/#primaryimage","url":"https:\/\/www.spyshop.info\/wp-content\/uploads\/2018\/02\/WiFi-Platine-1-.jpg","contentUrl":"https:\/\/www.spyshop.info\/wp-content\/uploads\/2018\/02\/WiFi-Platine-1-.jpg","width":557,"height":573},{"@type":"BreadcrumbList","@id":"https:\/\/www.spyshop.info\/en\/shop\/video-surveillance\/hidden-cameras-with-recording\/wifi-board-camera-with-1080-full-hd\/#breadcrumb","itemListElement":[{"@type":"ListItem","position":1,"name":"Startseite","item":"https:\/\/www.spyshop.info\/en\/"},{"@type":"ListItem","position":2,"name":"Shop","item":"https:\/\/www.spyshop.info\/en\/shop\/"},{"@type":"ListItem","position":3,"name":"WiFi board camera with 1080 Full HD"}]},{"@type":"WebSite","@id":"https:\/\/www.spyshop.info\/#website","url":"https:\/\/www.spyshop.info\/","name":"SpyShop","description":"Abh\u00f6rger\u00e4te, GPS Sender, \u00dcberwachungskameras","publisher":{"@id":"https:\/\/www.spyshop.info\/#organization"},"potentialAction":[{"@type":"SearchAction","target":{"@type":"EntryPoint","urlTemplate":"https:\/\/www.spyshop.info\/?s={search_term_string}"},"query-input":{"@type":"PropertyValueSpecification","valueRequired":true,"valueName":"search_term_string"}}],"inLanguage":"en-US"},{"@type":"Organization","@id":"https:\/\/www.spyshop.info\/#organization","name":"SpyShop","url":"https:\/\/www.spyshop.info\/","logo":{"@type":"ImageObject","inLanguage":"en-US","@id":"https:\/\/www.spyshop.info\/#\/schema\/logo\/image\/","url":"https:\/\/www.spyshop.info\/wp-content\/uploads\/2016\/11\/cropped-logo-spyshop-02-1-3.jpg","contentUrl":"https:\/\/www.spyshop.info\/wp-content\/uploads\/2016\/11\/cropped-logo-spyshop-02-1-3.jpg","width":1522,"height":435,"caption":"SpyShop"},"image":{"@id":"https:\/\/www.spyshop.info\/#\/schema\/logo\/image\/"}}]}},"_links":{"self":[{"href":"https:\/\/www.spyshop.info\/en\/wp-json\/wp\/v2\/product\/1941","targetHints":{"allow":["GET"]}}],"collection":[{"href":"https:\/\/www.spyshop.info\/en\/wp-json\/wp\/v2\/product"}],"about":[{"href":"https:\/\/www.spyshop.info\/en\/wp-json\/wp\/v2\/types\/product"}],"version-history":[{"count":0,"href":"https:\/\/www.spyshop.info\/en\/wp-json\/wp\/v2\/product\/1941\/revisions"}],"wp:featuredmedia":[{"embeddable":true,"href":"https:\/\/www.spyshop.info\/en\/wp-json\/wp\/v2\/media\/1800"}],"wp:attachment":[{"href":"https:\/\/www.spyshop.info\/en\/wp-json\/wp\/v2\/media?parent=1941"}],"wp:term":[{"taxonomy":"product_brand","embeddable":true,"href":"https:\/\/www.spyshop.info\/en\/wp-json\/wp\/v2\/product_brand?post=1941"},{"taxonomy":"product_cat","embeddable":true,"href":"https:\/\/www.spyshop.info\/en\/wp-json\/wp\/v2\/product_cat?post=1941"},{"taxonomy":"product_tag","embeddable":true,"href":"https:\/\/www.spyshop.info\/en\/wp-json\/wp\/v2\/product_tag?post=1941"}],"curies":[{"name":"wp","href":"https:\/\/api.w.org\/{rel}","templated":true}]}}