{"id":1940,"date":"2018-02-08T15:05:14","date_gmt":"2018-02-08T14:05:14","guid":{"rendered":"https:\/\/www.spyshop.info\/shop\/unkategorisiert\/full-hd-camera-in-usb-charging-cable-for-ios\/"},"modified":"2020-01-21T11:06:59","modified_gmt":"2020-01-21T10:06:59","slug":"full-hd-camera-in-usb-charging-cable-for-ios","status":"publish","type":"product","link":"https:\/\/www.spyshop.info\/en\/shop\/video-surveillance\/hidden-cameras-with-recording\/full-hd-camera-in-usb-charging-cable-for-ios\/","title":{"rendered":"Full HD camera in USB charging cable for iOS"},"content":{"rendered":"<p>There is not much to say about this device. Simply plug it into your charging adapter and set in advance what quality (best 1080p Full HB) you want to record. Of course, this little monitoring helper also offers motion detection. It is therefore recorded only when moving and then the device goes to rest again. Since the camera is connected to the electric supply, no battery is required. That&#8217;s why the device is so small. Whether you want to know what&#8217;s going on in your office, in your hotel room, or in your bedroom, you&#8217;ll get to know. 16GB of memory ensures adequate recording space and the ring data storage ensures on request that the camera overwrites the oldest recordings when the memory is full. You can adjust it flexibly.  <\/p>\n<p>Parameter:<br \/>\nVideo format: AVI<br \/>\nVideo Coding: M-JPEG<br \/>\nVideo resolution: 1920 * 1080\/1280 * 720\/720 * 480 Playingsoftware: Video player software<br \/>\nRepresentation Proportion: 4: 3<br \/>\nMemory: 16GB<br \/>\nMotion detection<br \/>\nLoopvideorecording<br \/>\nSupports power banks<br \/>\n5V 500mAh<\/p>\n","protected":false},"excerpt":{"rendered":"<p>You do not have virtually any way to install a camouflaged camera? Every camouflage would attract attention? A permanently plugged charging adapter or the connected charging cable will hardly affect that. Watch in Full HD what happens during your absence.<\/p>\n","protected":false},"featured_media":1906,"template":"","meta":[],"product_brand":[],"product_cat":[167,164],"product_tag":[],"class_list":{"0":"post-1940","1":"product","2":"type-product","3":"status-publish","4":"has-post-thumbnail","6":"product_cat-hidden-cameras-with-recording","7":"product_cat-video-surveillance","9":"first","10":"outofstock","11":"taxable","12":"shipping-taxable","13":"purchasable","14":"product-type-simple"},"yoast_head":"<!-- This site is optimized with the Yoast SEO plugin v27.4 - https:\/\/yoast.com\/product\/yoast-seo-wordpress\/ -->\n<title>Camera in the USB charging cable for iOS \u26a1 Camouflaged surveillance camera<\/title>\n<meta name=\"description\" content=\"Full HD camera in the USB charging cable for iOS. A permanently connected charging adapter or connected charging cable will not be noticed.\" \/>\n<meta name=\"robots\" content=\"index, follow, max-snippet:-1, max-image-preview:large, max-video-preview:-1\" \/>\n<link rel=\"canonical\" href=\"https:\/\/www.spyshop.info\/en\/shop\/video-surveillance\/hidden-cameras-with-recording\/full-hd-camera-in-usb-charging-cable-for-ios\/\" \/>\n<meta property=\"og:locale\" content=\"en_US\" \/>\n<meta property=\"og:type\" content=\"article\" \/>\n<meta property=\"og:title\" content=\"Camera in the USB charging cable for iOS \u26a1 Camouflaged surveillance camera\" \/>\n<meta property=\"og:description\" content=\"Full HD camera in the USB charging cable for iOS. A permanently connected charging adapter or connected charging cable will not be noticed.\" \/>\n<meta property=\"og:url\" content=\"https:\/\/www.spyshop.info\/en\/shop\/video-surveillance\/hidden-cameras-with-recording\/full-hd-camera-in-usb-charging-cable-for-ios\/\" \/>\n<meta property=\"og:site_name\" content=\"SpyShop\" \/>\n<meta property=\"article:modified_time\" content=\"2020-01-21T10:06:59+00:00\" \/>\n<meta property=\"og:image\" content=\"https:\/\/www.spyshop.info\/wp-content\/uploads\/2018\/02\/LadeKabel-HD-1-1.jpg\" \/>\n\t<meta property=\"og:image:width\" content=\"2480\" \/>\n\t<meta property=\"og:image:height\" content=\"2343\" \/>\n\t<meta property=\"og:image:type\" content=\"image\/jpeg\" \/>\n<meta name=\"twitter:card\" content=\"summary_large_image\" \/>\n<meta name=\"twitter:label1\" content=\"Est. reading time\" \/>\n\t<meta name=\"twitter:data1\" content=\"1 minute\" \/>\n<script type=\"application\/ld+json\" class=\"yoast-schema-graph\">{\"@context\":\"https:\\\/\\\/schema.org\",\"@graph\":[{\"@type\":\"WebPage\",\"@id\":\"https:\\\/\\\/www.spyshop.info\\\/en\\\/shop\\\/video-surveillance\\\/hidden-cameras-with-recording\\\/full-hd-camera-in-usb-charging-cable-for-ios\\\/\",\"url\":\"https:\\\/\\\/www.spyshop.info\\\/en\\\/shop\\\/video-surveillance\\\/hidden-cameras-with-recording\\\/full-hd-camera-in-usb-charging-cable-for-ios\\\/\",\"name\":\"Camera in the USB charging cable for iOS \u26a1 Camouflaged surveillance camera\",\"isPartOf\":{\"@id\":\"https:\\\/\\\/www.spyshop.info\\\/#website\"},\"primaryImageOfPage\":{\"@id\":\"https:\\\/\\\/www.spyshop.info\\\/en\\\/shop\\\/video-surveillance\\\/hidden-cameras-with-recording\\\/full-hd-camera-in-usb-charging-cable-for-ios\\\/#primaryimage\"},\"image\":{\"@id\":\"https:\\\/\\\/www.spyshop.info\\\/en\\\/shop\\\/video-surveillance\\\/hidden-cameras-with-recording\\\/full-hd-camera-in-usb-charging-cable-for-ios\\\/#primaryimage\"},\"thumbnailUrl\":\"https:\\\/\\\/www.spyshop.info\\\/wp-content\\\/uploads\\\/2018\\\/02\\\/LadeKabel-HD-1-1.jpg\",\"datePublished\":\"2018-02-08T14:05:14+00:00\",\"dateModified\":\"2020-01-21T10:06:59+00:00\",\"description\":\"Full HD camera in the USB charging cable for iOS. A permanently connected charging adapter or connected charging cable will not be noticed.\",\"breadcrumb\":{\"@id\":\"https:\\\/\\\/www.spyshop.info\\\/en\\\/shop\\\/video-surveillance\\\/hidden-cameras-with-recording\\\/full-hd-camera-in-usb-charging-cable-for-ios\\\/#breadcrumb\"},\"inLanguage\":\"en-US\",\"potentialAction\":[{\"@type\":\"ReadAction\",\"target\":[\"https:\\\/\\\/www.spyshop.info\\\/en\\\/shop\\\/video-surveillance\\\/hidden-cameras-with-recording\\\/full-hd-camera-in-usb-charging-cable-for-ios\\\/\"]}]},{\"@type\":\"ImageObject\",\"inLanguage\":\"en-US\",\"@id\":\"https:\\\/\\\/www.spyshop.info\\\/en\\\/shop\\\/video-surveillance\\\/hidden-cameras-with-recording\\\/full-hd-camera-in-usb-charging-cable-for-ios\\\/#primaryimage\",\"url\":\"https:\\\/\\\/www.spyshop.info\\\/wp-content\\\/uploads\\\/2018\\\/02\\\/LadeKabel-HD-1-1.jpg\",\"contentUrl\":\"https:\\\/\\\/www.spyshop.info\\\/wp-content\\\/uploads\\\/2018\\\/02\\\/LadeKabel-HD-1-1.jpg\",\"width\":2480,\"height\":2343},{\"@type\":\"BreadcrumbList\",\"@id\":\"https:\\\/\\\/www.spyshop.info\\\/en\\\/shop\\\/video-surveillance\\\/hidden-cameras-with-recording\\\/full-hd-camera-in-usb-charging-cable-for-ios\\\/#breadcrumb\",\"itemListElement\":[{\"@type\":\"ListItem\",\"position\":1,\"name\":\"Startseite\",\"item\":\"https:\\\/\\\/www.spyshop.info\\\/en\\\/\"},{\"@type\":\"ListItem\",\"position\":2,\"name\":\"Shop\",\"item\":\"https:\\\/\\\/www.spyshop.info\\\/en\\\/shop\\\/\"},{\"@type\":\"ListItem\",\"position\":3,\"name\":\"Full HD camera in USB charging cable for iOS\"}]},{\"@type\":\"WebSite\",\"@id\":\"https:\\\/\\\/www.spyshop.info\\\/#website\",\"url\":\"https:\\\/\\\/www.spyshop.info\\\/\",\"name\":\"SpyShop\",\"description\":\"Abh\u00f6rger\u00e4te, GPS Sender, \u00dcberwachungskameras\",\"publisher\":{\"@id\":\"https:\\\/\\\/www.spyshop.info\\\/#organization\"},\"potentialAction\":[{\"@type\":\"SearchAction\",\"target\":{\"@type\":\"EntryPoint\",\"urlTemplate\":\"https:\\\/\\\/www.spyshop.info\\\/?s={search_term_string}\"},\"query-input\":{\"@type\":\"PropertyValueSpecification\",\"valueRequired\":true,\"valueName\":\"search_term_string\"}}],\"inLanguage\":\"en-US\"},{\"@type\":\"Organization\",\"@id\":\"https:\\\/\\\/www.spyshop.info\\\/#organization\",\"name\":\"SpyShop\",\"url\":\"https:\\\/\\\/www.spyshop.info\\\/\",\"logo\":{\"@type\":\"ImageObject\",\"inLanguage\":\"en-US\",\"@id\":\"https:\\\/\\\/www.spyshop.info\\\/#\\\/schema\\\/logo\\\/image\\\/\",\"url\":\"https:\\\/\\\/www.spyshop.info\\\/wp-content\\\/uploads\\\/2016\\\/11\\\/cropped-logo-spyshop-02-1-3.jpg\",\"contentUrl\":\"https:\\\/\\\/www.spyshop.info\\\/wp-content\\\/uploads\\\/2016\\\/11\\\/cropped-logo-spyshop-02-1-3.jpg\",\"width\":1522,\"height\":435,\"caption\":\"SpyShop\"},\"image\":{\"@id\":\"https:\\\/\\\/www.spyshop.info\\\/#\\\/schema\\\/logo\\\/image\\\/\"}}]}<\/script>\n<!-- \/ Yoast SEO plugin. -->","yoast_head_json":{"title":"Camera in the USB charging cable for iOS \u26a1 Camouflaged surveillance camera","description":"Full HD camera in the USB charging cable for iOS. A permanently connected charging adapter or connected charging cable will not be noticed.","robots":{"index":"index","follow":"follow","max-snippet":"max-snippet:-1","max-image-preview":"max-image-preview:large","max-video-preview":"max-video-preview:-1"},"canonical":"https:\/\/www.spyshop.info\/en\/shop\/video-surveillance\/hidden-cameras-with-recording\/full-hd-camera-in-usb-charging-cable-for-ios\/","og_locale":"en_US","og_type":"article","og_title":"Camera in the USB charging cable for iOS \u26a1 Camouflaged surveillance camera","og_description":"Full HD camera in the USB charging cable for iOS. A permanently connected charging adapter or connected charging cable will not be noticed.","og_url":"https:\/\/www.spyshop.info\/en\/shop\/video-surveillance\/hidden-cameras-with-recording\/full-hd-camera-in-usb-charging-cable-for-ios\/","og_site_name":"SpyShop","article_modified_time":"2020-01-21T10:06:59+00:00","og_image":[{"width":2480,"height":2343,"url":"https:\/\/www.spyshop.info\/wp-content\/uploads\/2018\/02\/LadeKabel-HD-1-1.jpg","type":"image\/jpeg"}],"twitter_card":"summary_large_image","twitter_misc":{"Est. reading time":"1 minute"},"schema":{"@context":"https:\/\/schema.org","@graph":[{"@type":"WebPage","@id":"https:\/\/www.spyshop.info\/en\/shop\/video-surveillance\/hidden-cameras-with-recording\/full-hd-camera-in-usb-charging-cable-for-ios\/","url":"https:\/\/www.spyshop.info\/en\/shop\/video-surveillance\/hidden-cameras-with-recording\/full-hd-camera-in-usb-charging-cable-for-ios\/","name":"Camera in the USB charging cable for iOS \u26a1 Camouflaged surveillance camera","isPartOf":{"@id":"https:\/\/www.spyshop.info\/#website"},"primaryImageOfPage":{"@id":"https:\/\/www.spyshop.info\/en\/shop\/video-surveillance\/hidden-cameras-with-recording\/full-hd-camera-in-usb-charging-cable-for-ios\/#primaryimage"},"image":{"@id":"https:\/\/www.spyshop.info\/en\/shop\/video-surveillance\/hidden-cameras-with-recording\/full-hd-camera-in-usb-charging-cable-for-ios\/#primaryimage"},"thumbnailUrl":"https:\/\/www.spyshop.info\/wp-content\/uploads\/2018\/02\/LadeKabel-HD-1-1.jpg","datePublished":"2018-02-08T14:05:14+00:00","dateModified":"2020-01-21T10:06:59+00:00","description":"Full HD camera in the USB charging cable for iOS. A permanently connected charging adapter or connected charging cable will not be noticed.","breadcrumb":{"@id":"https:\/\/www.spyshop.info\/en\/shop\/video-surveillance\/hidden-cameras-with-recording\/full-hd-camera-in-usb-charging-cable-for-ios\/#breadcrumb"},"inLanguage":"en-US","potentialAction":[{"@type":"ReadAction","target":["https:\/\/www.spyshop.info\/en\/shop\/video-surveillance\/hidden-cameras-with-recording\/full-hd-camera-in-usb-charging-cable-for-ios\/"]}]},{"@type":"ImageObject","inLanguage":"en-US","@id":"https:\/\/www.spyshop.info\/en\/shop\/video-surveillance\/hidden-cameras-with-recording\/full-hd-camera-in-usb-charging-cable-for-ios\/#primaryimage","url":"https:\/\/www.spyshop.info\/wp-content\/uploads\/2018\/02\/LadeKabel-HD-1-1.jpg","contentUrl":"https:\/\/www.spyshop.info\/wp-content\/uploads\/2018\/02\/LadeKabel-HD-1-1.jpg","width":2480,"height":2343},{"@type":"BreadcrumbList","@id":"https:\/\/www.spyshop.info\/en\/shop\/video-surveillance\/hidden-cameras-with-recording\/full-hd-camera-in-usb-charging-cable-for-ios\/#breadcrumb","itemListElement":[{"@type":"ListItem","position":1,"name":"Startseite","item":"https:\/\/www.spyshop.info\/en\/"},{"@type":"ListItem","position":2,"name":"Shop","item":"https:\/\/www.spyshop.info\/en\/shop\/"},{"@type":"ListItem","position":3,"name":"Full HD camera in USB charging cable for iOS"}]},{"@type":"WebSite","@id":"https:\/\/www.spyshop.info\/#website","url":"https:\/\/www.spyshop.info\/","name":"SpyShop","description":"Abh\u00f6rger\u00e4te, GPS Sender, \u00dcberwachungskameras","publisher":{"@id":"https:\/\/www.spyshop.info\/#organization"},"potentialAction":[{"@type":"SearchAction","target":{"@type":"EntryPoint","urlTemplate":"https:\/\/www.spyshop.info\/?s={search_term_string}"},"query-input":{"@type":"PropertyValueSpecification","valueRequired":true,"valueName":"search_term_string"}}],"inLanguage":"en-US"},{"@type":"Organization","@id":"https:\/\/www.spyshop.info\/#organization","name":"SpyShop","url":"https:\/\/www.spyshop.info\/","logo":{"@type":"ImageObject","inLanguage":"en-US","@id":"https:\/\/www.spyshop.info\/#\/schema\/logo\/image\/","url":"https:\/\/www.spyshop.info\/wp-content\/uploads\/2016\/11\/cropped-logo-spyshop-02-1-3.jpg","contentUrl":"https:\/\/www.spyshop.info\/wp-content\/uploads\/2016\/11\/cropped-logo-spyshop-02-1-3.jpg","width":1522,"height":435,"caption":"SpyShop"},"image":{"@id":"https:\/\/www.spyshop.info\/#\/schema\/logo\/image\/"}}]}},"_links":{"self":[{"href":"https:\/\/www.spyshop.info\/en\/wp-json\/wp\/v2\/product\/1940","targetHints":{"allow":["GET"]}}],"collection":[{"href":"https:\/\/www.spyshop.info\/en\/wp-json\/wp\/v2\/product"}],"about":[{"href":"https:\/\/www.spyshop.info\/en\/wp-json\/wp\/v2\/types\/product"}],"version-history":[{"count":0,"href":"https:\/\/www.spyshop.info\/en\/wp-json\/wp\/v2\/product\/1940\/revisions"}],"wp:featuredmedia":[{"embeddable":true,"href":"https:\/\/www.spyshop.info\/en\/wp-json\/wp\/v2\/media\/1906"}],"wp:attachment":[{"href":"https:\/\/www.spyshop.info\/en\/wp-json\/wp\/v2\/media?parent=1940"}],"wp:term":[{"taxonomy":"product_brand","embeddable":true,"href":"https:\/\/www.spyshop.info\/en\/wp-json\/wp\/v2\/product_brand?post=1940"},{"taxonomy":"product_cat","embeddable":true,"href":"https:\/\/www.spyshop.info\/en\/wp-json\/wp\/v2\/product_cat?post=1940"},{"taxonomy":"product_tag","embeddable":true,"href":"https:\/\/www.spyshop.info\/en\/wp-json\/wp\/v2\/product_tag?post=1940"}],"curies":[{"name":"wp","href":"https:\/\/api.w.org\/{rel}","templated":true}]}}