{"id":1938,"date":"2018-02-08T13:46:50","date_gmt":"2018-02-08T12:46:50","guid":{"rendered":"https:\/\/www.spyshop.info\/shop\/unkategorisiert\/smartphone-blocker-case-large\/"},"modified":"2019-01-12T14:18:58","modified_gmt":"2019-01-12T13:18:58","slug":"smartphone-blocker-case-large","status":"publish","type":"product","link":"https:\/\/www.spyshop.info\/en\/shop\/other\/counter-surveillance\/smartphone-blocker-case-large\/","title":{"rendered":"Smartphone Blocker Case large"},"content":{"rendered":"<p>Whether you as a forensic scientist have to secure a smartphone and want to block all signals until the examination in the lab, whether you need to protect yourself from silent pings, or whether you want to prevent that the mobile phones of conference participants are monitored by people standing outside of the conference room where they could have the possibility to listen. The blocker case will absolutely satisfy you. Once the smartphone is in the case, it is off from the mobile network &#8211; until it is taken out of the case again.  <\/p>\n<p>Parameter:<br \/>\n-) blocks all mobile signals and frequencies worldwide<br \/>\n-) Dimensions: 185 x 95 x 4mm<br \/>\n-) Colour: Black<\/p>\n","protected":false},"excerpt":{"rendered":"<p>There may be many reasons for the need to block your own smartphone or that of visitors. We offer you the solution.  <\/p>\n","protected":false},"featured_media":1882,"template":"","meta":[],"product_brand":[],"product_cat":[163,221,155],"product_tag":[],"class_list":{"0":"post-1938","1":"product","2":"type-product","3":"status-publish","4":"has-post-thumbnail","6":"product_cat-counter-surveillance","7":"product_cat-forensics","8":"product_cat-other","10":"first","11":"instock","12":"taxable","13":"shipping-taxable","14":"purchasable","15":"product-type-simple"},"yoast_head":"<!-- This site is optimized with the Yoast SEO plugin v27.5 - https:\/\/yoast.com\/product\/yoast-seo-wordpress\/ -->\n<title>Smartphone Blocker Case large - SpyShop<\/title>\n<meta name=\"robots\" content=\"index, follow, max-snippet:-1, max-image-preview:large, max-video-preview:-1\" \/>\n<link rel=\"canonical\" href=\"https:\/\/www.spyshop.info\/en\/shop\/other\/counter-surveillance\/smartphone-blocker-case-large\/\" \/>\n<meta property=\"og:locale\" content=\"en_US\" \/>\n<meta property=\"og:type\" content=\"article\" \/>\n<meta property=\"og:title\" content=\"Smartphone Blocker Case large - SpyShop\" \/>\n<meta property=\"og:description\" content=\"There may be many reasons for the need to block your own smartphone or that of visitors. We offer you the solution.\" \/>\n<meta property=\"og:url\" content=\"https:\/\/www.spyshop.info\/en\/shop\/other\/counter-surveillance\/smartphone-blocker-case-large\/\" \/>\n<meta property=\"og:site_name\" content=\"SpyShop\" \/>\n<meta property=\"article:modified_time\" content=\"2019-01-12T13:18:58+00:00\" \/>\n<meta property=\"og:image\" content=\"https:\/\/www.spyshop.info\/wp-content\/uploads\/2018\/02\/HBH-1-1.jpg\" \/>\n\t<meta property=\"og:image:width\" content=\"3072\" \/>\n\t<meta property=\"og:image:height\" content=\"2304\" \/>\n\t<meta property=\"og:image:type\" content=\"image\/jpeg\" \/>\n<meta name=\"twitter:card\" content=\"summary_large_image\" \/>\n<meta name=\"twitter:label1\" content=\"Est. reading time\" \/>\n\t<meta name=\"twitter:data1\" content=\"1 minute\" \/>\n<script type=\"application\/ld+json\" class=\"yoast-schema-graph\">{\"@context\":\"https:\\\/\\\/schema.org\",\"@graph\":[{\"@type\":\"WebPage\",\"@id\":\"https:\\\/\\\/www.spyshop.info\\\/en\\\/shop\\\/other\\\/counter-surveillance\\\/smartphone-blocker-case-large\\\/\",\"url\":\"https:\\\/\\\/www.spyshop.info\\\/en\\\/shop\\\/other\\\/counter-surveillance\\\/smartphone-blocker-case-large\\\/\",\"name\":\"Smartphone Blocker Case large - SpyShop\",\"isPartOf\":{\"@id\":\"https:\\\/\\\/www.spyshop.info\\\/#website\"},\"primaryImageOfPage\":{\"@id\":\"https:\\\/\\\/www.spyshop.info\\\/en\\\/shop\\\/other\\\/counter-surveillance\\\/smartphone-blocker-case-large\\\/#primaryimage\"},\"image\":{\"@id\":\"https:\\\/\\\/www.spyshop.info\\\/en\\\/shop\\\/other\\\/counter-surveillance\\\/smartphone-blocker-case-large\\\/#primaryimage\"},\"thumbnailUrl\":\"https:\\\/\\\/www.spyshop.info\\\/wp-content\\\/uploads\\\/2018\\\/02\\\/HBH-1-1.jpg\",\"datePublished\":\"2018-02-08T12:46:50+00:00\",\"dateModified\":\"2019-01-12T13:18:58+00:00\",\"breadcrumb\":{\"@id\":\"https:\\\/\\\/www.spyshop.info\\\/en\\\/shop\\\/other\\\/counter-surveillance\\\/smartphone-blocker-case-large\\\/#breadcrumb\"},\"inLanguage\":\"en-US\",\"potentialAction\":[{\"@type\":\"ReadAction\",\"target\":[\"https:\\\/\\\/www.spyshop.info\\\/en\\\/shop\\\/other\\\/counter-surveillance\\\/smartphone-blocker-case-large\\\/\"]}]},{\"@type\":\"ImageObject\",\"inLanguage\":\"en-US\",\"@id\":\"https:\\\/\\\/www.spyshop.info\\\/en\\\/shop\\\/other\\\/counter-surveillance\\\/smartphone-blocker-case-large\\\/#primaryimage\",\"url\":\"https:\\\/\\\/www.spyshop.info\\\/wp-content\\\/uploads\\\/2018\\\/02\\\/HBH-1-1.jpg\",\"contentUrl\":\"https:\\\/\\\/www.spyshop.info\\\/wp-content\\\/uploads\\\/2018\\\/02\\\/HBH-1-1.jpg\",\"width\":3072,\"height\":2304},{\"@type\":\"BreadcrumbList\",\"@id\":\"https:\\\/\\\/www.spyshop.info\\\/en\\\/shop\\\/other\\\/counter-surveillance\\\/smartphone-blocker-case-large\\\/#breadcrumb\",\"itemListElement\":[{\"@type\":\"ListItem\",\"position\":1,\"name\":\"Startseite\",\"item\":\"https:\\\/\\\/www.spyshop.info\\\/en\\\/\"},{\"@type\":\"ListItem\",\"position\":2,\"name\":\"Shop\",\"item\":\"https:\\\/\\\/www.spyshop.info\\\/en\\\/shop\\\/\"},{\"@type\":\"ListItem\",\"position\":3,\"name\":\"Smartphone Blocker Case large\"}]},{\"@type\":\"WebSite\",\"@id\":\"https:\\\/\\\/www.spyshop.info\\\/#website\",\"url\":\"https:\\\/\\\/www.spyshop.info\\\/\",\"name\":\"SpyShop\",\"description\":\"Abh\u00f6rger\u00e4te, GPS Sender, \u00dcberwachungskameras\",\"publisher\":{\"@id\":\"https:\\\/\\\/www.spyshop.info\\\/#organization\"},\"potentialAction\":[{\"@type\":\"SearchAction\",\"target\":{\"@type\":\"EntryPoint\",\"urlTemplate\":\"https:\\\/\\\/www.spyshop.info\\\/?s={search_term_string}\"},\"query-input\":{\"@type\":\"PropertyValueSpecification\",\"valueRequired\":true,\"valueName\":\"search_term_string\"}}],\"inLanguage\":\"en-US\"},{\"@type\":\"Organization\",\"@id\":\"https:\\\/\\\/www.spyshop.info\\\/#organization\",\"name\":\"SpyShop\",\"url\":\"https:\\\/\\\/www.spyshop.info\\\/\",\"logo\":{\"@type\":\"ImageObject\",\"inLanguage\":\"en-US\",\"@id\":\"https:\\\/\\\/www.spyshop.info\\\/#\\\/schema\\\/logo\\\/image\\\/\",\"url\":\"https:\\\/\\\/www.spyshop.info\\\/wp-content\\\/uploads\\\/2016\\\/11\\\/cropped-logo-spyshop-02-1-3.jpg\",\"contentUrl\":\"https:\\\/\\\/www.spyshop.info\\\/wp-content\\\/uploads\\\/2016\\\/11\\\/cropped-logo-spyshop-02-1-3.jpg\",\"width\":1522,\"height\":435,\"caption\":\"SpyShop\"},\"image\":{\"@id\":\"https:\\\/\\\/www.spyshop.info\\\/#\\\/schema\\\/logo\\\/image\\\/\"}}]}<\/script>\n<!-- \/ Yoast SEO plugin. -->","yoast_head_json":{"title":"Smartphone Blocker Case large - SpyShop","robots":{"index":"index","follow":"follow","max-snippet":"max-snippet:-1","max-image-preview":"max-image-preview:large","max-video-preview":"max-video-preview:-1"},"canonical":"https:\/\/www.spyshop.info\/en\/shop\/other\/counter-surveillance\/smartphone-blocker-case-large\/","og_locale":"en_US","og_type":"article","og_title":"Smartphone Blocker Case large - SpyShop","og_description":"There may be many reasons for the need to block your own smartphone or that of visitors. We offer you the solution.","og_url":"https:\/\/www.spyshop.info\/en\/shop\/other\/counter-surveillance\/smartphone-blocker-case-large\/","og_site_name":"SpyShop","article_modified_time":"2019-01-12T13:18:58+00:00","og_image":[{"width":3072,"height":2304,"url":"https:\/\/www.spyshop.info\/wp-content\/uploads\/2018\/02\/HBH-1-1.jpg","type":"image\/jpeg"}],"twitter_card":"summary_large_image","twitter_misc":{"Est. reading time":"1 minute"},"schema":{"@context":"https:\/\/schema.org","@graph":[{"@type":"WebPage","@id":"https:\/\/www.spyshop.info\/en\/shop\/other\/counter-surveillance\/smartphone-blocker-case-large\/","url":"https:\/\/www.spyshop.info\/en\/shop\/other\/counter-surveillance\/smartphone-blocker-case-large\/","name":"Smartphone Blocker Case large - SpyShop","isPartOf":{"@id":"https:\/\/www.spyshop.info\/#website"},"primaryImageOfPage":{"@id":"https:\/\/www.spyshop.info\/en\/shop\/other\/counter-surveillance\/smartphone-blocker-case-large\/#primaryimage"},"image":{"@id":"https:\/\/www.spyshop.info\/en\/shop\/other\/counter-surveillance\/smartphone-blocker-case-large\/#primaryimage"},"thumbnailUrl":"https:\/\/www.spyshop.info\/wp-content\/uploads\/2018\/02\/HBH-1-1.jpg","datePublished":"2018-02-08T12:46:50+00:00","dateModified":"2019-01-12T13:18:58+00:00","breadcrumb":{"@id":"https:\/\/www.spyshop.info\/en\/shop\/other\/counter-surveillance\/smartphone-blocker-case-large\/#breadcrumb"},"inLanguage":"en-US","potentialAction":[{"@type":"ReadAction","target":["https:\/\/www.spyshop.info\/en\/shop\/other\/counter-surveillance\/smartphone-blocker-case-large\/"]}]},{"@type":"ImageObject","inLanguage":"en-US","@id":"https:\/\/www.spyshop.info\/en\/shop\/other\/counter-surveillance\/smartphone-blocker-case-large\/#primaryimage","url":"https:\/\/www.spyshop.info\/wp-content\/uploads\/2018\/02\/HBH-1-1.jpg","contentUrl":"https:\/\/www.spyshop.info\/wp-content\/uploads\/2018\/02\/HBH-1-1.jpg","width":3072,"height":2304},{"@type":"BreadcrumbList","@id":"https:\/\/www.spyshop.info\/en\/shop\/other\/counter-surveillance\/smartphone-blocker-case-large\/#breadcrumb","itemListElement":[{"@type":"ListItem","position":1,"name":"Startseite","item":"https:\/\/www.spyshop.info\/en\/"},{"@type":"ListItem","position":2,"name":"Shop","item":"https:\/\/www.spyshop.info\/en\/shop\/"},{"@type":"ListItem","position":3,"name":"Smartphone Blocker Case large"}]},{"@type":"WebSite","@id":"https:\/\/www.spyshop.info\/#website","url":"https:\/\/www.spyshop.info\/","name":"SpyShop","description":"Abh\u00f6rger\u00e4te, GPS Sender, \u00dcberwachungskameras","publisher":{"@id":"https:\/\/www.spyshop.info\/#organization"},"potentialAction":[{"@type":"SearchAction","target":{"@type":"EntryPoint","urlTemplate":"https:\/\/www.spyshop.info\/?s={search_term_string}"},"query-input":{"@type":"PropertyValueSpecification","valueRequired":true,"valueName":"search_term_string"}}],"inLanguage":"en-US"},{"@type":"Organization","@id":"https:\/\/www.spyshop.info\/#organization","name":"SpyShop","url":"https:\/\/www.spyshop.info\/","logo":{"@type":"ImageObject","inLanguage":"en-US","@id":"https:\/\/www.spyshop.info\/#\/schema\/logo\/image\/","url":"https:\/\/www.spyshop.info\/wp-content\/uploads\/2016\/11\/cropped-logo-spyshop-02-1-3.jpg","contentUrl":"https:\/\/www.spyshop.info\/wp-content\/uploads\/2016\/11\/cropped-logo-spyshop-02-1-3.jpg","width":1522,"height":435,"caption":"SpyShop"},"image":{"@id":"https:\/\/www.spyshop.info\/#\/schema\/logo\/image\/"}}]}},"_links":{"self":[{"href":"https:\/\/www.spyshop.info\/en\/wp-json\/wp\/v2\/product\/1938","targetHints":{"allow":["GET"]}}],"collection":[{"href":"https:\/\/www.spyshop.info\/en\/wp-json\/wp\/v2\/product"}],"about":[{"href":"https:\/\/www.spyshop.info\/en\/wp-json\/wp\/v2\/types\/product"}],"version-history":[{"count":0,"href":"https:\/\/www.spyshop.info\/en\/wp-json\/wp\/v2\/product\/1938\/revisions"}],"wp:featuredmedia":[{"embeddable":true,"href":"https:\/\/www.spyshop.info\/en\/wp-json\/wp\/v2\/media\/1882"}],"wp:attachment":[{"href":"https:\/\/www.spyshop.info\/en\/wp-json\/wp\/v2\/media?parent=1938"}],"wp:term":[{"taxonomy":"product_brand","embeddable":true,"href":"https:\/\/www.spyshop.info\/en\/wp-json\/wp\/v2\/product_brand?post=1938"},{"taxonomy":"product_cat","embeddable":true,"href":"https:\/\/www.spyshop.info\/en\/wp-json\/wp\/v2\/product_cat?post=1938"},{"taxonomy":"product_tag","embeddable":true,"href":"https:\/\/www.spyshop.info\/en\/wp-json\/wp\/v2\/product_tag?post=1938"}],"curies":[{"name":"wp","href":"https:\/\/api.w.org\/{rel}","templated":true}]}}