{"id":1936,"date":"2018-02-06T16:03:20","date_gmt":"2018-02-06T15:03:20","guid":{"rendered":"https:\/\/www.spyshop.info\/shop\/unkategorisiert\/android-usb-charging-cable-with-integrated-audio-recorder\/"},"modified":"2021-04-21T16:31:14","modified_gmt":"2021-04-21T14:31:14","slug":"android-usb-charging-cable-with-integrated-audio-recorder","status":"publish","type":"product","link":"https:\/\/www.spyshop.info\/en\/shop\/audio-surveillance\/recorders\/android-usb-charging-cable-with-integrated-audio-recorder\/","title":{"rendered":"Android USB charging cable with integrated audio recorder"},"content":{"rendered":"<p>The USB charging cable fits into any USB slot. It is equipped with a highly sensitive microphone that records on the implanted 8GB microSD memory (not included) up to 5 days on audio files.<br \/>\nChange the SDmemory, attach to the PC \/ Mac and evaluate.<br \/>\nAudio monitoring can be so easy!<\/p>\n<p>Technical parameters:<br \/>\n-) high-quality recording, 128KBPS, MP3<br \/>\n-) no recognizable microphone!<br \/>\n-) records during charging (no internal battery!)<\/p>\n","protected":false},"excerpt":{"rendered":"<p>This USB charging cable is fully usable as such. But it has an excellent and hidden audio recorder. Just charge your smartphone with it and listen to what you might not have wanted to know&#8230;..<\/p>\n","protected":false},"featured_media":1838,"template":"","meta":[],"product_brand":[],"product_cat":[188,190],"product_tag":[],"class_list":{"0":"post-1936","1":"product","2":"type-product","3":"status-publish","4":"has-post-thumbnail","6":"product_cat-audio-surveillance","7":"product_cat-recorders","9":"first","10":"outofstock","11":"taxable","12":"shipping-taxable","13":"purchasable","14":"product-type-simple"},"yoast_head":"<!-- This site is optimized with the Yoast SEO plugin v27.4 - https:\/\/yoast.com\/product\/yoast-seo-wordpress\/ -->\n<title>Android USB charging cable with integrated audio recorder - SpyShop<\/title>\n<meta name=\"robots\" content=\"index, follow, max-snippet:-1, max-image-preview:large, max-video-preview:-1\" \/>\n<link rel=\"canonical\" href=\"https:\/\/www.spyshop.info\/en\/shop\/audio-surveillance\/recorders\/android-usb-charging-cable-with-integrated-audio-recorder\/\" \/>\n<meta property=\"og:locale\" content=\"en_US\" \/>\n<meta property=\"og:type\" content=\"article\" \/>\n<meta property=\"og:title\" content=\"Android USB charging cable with integrated audio recorder - SpyShop\" \/>\n<meta property=\"og:description\" content=\"This USB charging cable is fully usable as such. But it has an excellent and hidden audio recorder. Just charge your smartphone with it and listen to what you might not have wanted to know.....\" \/>\n<meta property=\"og:url\" content=\"https:\/\/www.spyshop.info\/en\/shop\/audio-surveillance\/recorders\/android-usb-charging-cable-with-integrated-audio-recorder\/\" \/>\n<meta property=\"og:site_name\" content=\"SpyShop\" \/>\n<meta property=\"article:modified_time\" content=\"2021-04-21T14:31:14+00:00\" \/>\n<meta property=\"og:image\" content=\"https:\/\/www.spyshop.info\/wp-content\/uploads\/2018\/02\/Audio-Lader1.jpg\" \/>\n\t<meta property=\"og:image:width\" content=\"750\" \/>\n\t<meta property=\"og:image:height\" content=\"750\" \/>\n\t<meta property=\"og:image:type\" content=\"image\/jpeg\" \/>\n<meta name=\"twitter:card\" content=\"summary_large_image\" \/>\n<script type=\"application\/ld+json\" class=\"yoast-schema-graph\">{\"@context\":\"https:\\\/\\\/schema.org\",\"@graph\":[{\"@type\":\"WebPage\",\"@id\":\"https:\\\/\\\/www.spyshop.info\\\/en\\\/shop\\\/audio-surveillance\\\/recorders\\\/android-usb-charging-cable-with-integrated-audio-recorder\\\/\",\"url\":\"https:\\\/\\\/www.spyshop.info\\\/en\\\/shop\\\/audio-surveillance\\\/recorders\\\/android-usb-charging-cable-with-integrated-audio-recorder\\\/\",\"name\":\"Android USB charging cable with integrated audio recorder - SpyShop\",\"isPartOf\":{\"@id\":\"https:\\\/\\\/www.spyshop.info\\\/#website\"},\"primaryImageOfPage\":{\"@id\":\"https:\\\/\\\/www.spyshop.info\\\/en\\\/shop\\\/audio-surveillance\\\/recorders\\\/android-usb-charging-cable-with-integrated-audio-recorder\\\/#primaryimage\"},\"image\":{\"@id\":\"https:\\\/\\\/www.spyshop.info\\\/en\\\/shop\\\/audio-surveillance\\\/recorders\\\/android-usb-charging-cable-with-integrated-audio-recorder\\\/#primaryimage\"},\"thumbnailUrl\":\"https:\\\/\\\/www.spyshop.info\\\/wp-content\\\/uploads\\\/2018\\\/02\\\/Audio-Lader1.jpg\",\"datePublished\":\"2018-02-06T15:03:20+00:00\",\"dateModified\":\"2021-04-21T14:31:14+00:00\",\"breadcrumb\":{\"@id\":\"https:\\\/\\\/www.spyshop.info\\\/en\\\/shop\\\/audio-surveillance\\\/recorders\\\/android-usb-charging-cable-with-integrated-audio-recorder\\\/#breadcrumb\"},\"inLanguage\":\"en-US\",\"potentialAction\":[{\"@type\":\"ReadAction\",\"target\":[\"https:\\\/\\\/www.spyshop.info\\\/en\\\/shop\\\/audio-surveillance\\\/recorders\\\/android-usb-charging-cable-with-integrated-audio-recorder\\\/\"]}]},{\"@type\":\"ImageObject\",\"inLanguage\":\"en-US\",\"@id\":\"https:\\\/\\\/www.spyshop.info\\\/en\\\/shop\\\/audio-surveillance\\\/recorders\\\/android-usb-charging-cable-with-integrated-audio-recorder\\\/#primaryimage\",\"url\":\"https:\\\/\\\/www.spyshop.info\\\/wp-content\\\/uploads\\\/2018\\\/02\\\/Audio-Lader1.jpg\",\"contentUrl\":\"https:\\\/\\\/www.spyshop.info\\\/wp-content\\\/uploads\\\/2018\\\/02\\\/Audio-Lader1.jpg\",\"width\":750,\"height\":750},{\"@type\":\"BreadcrumbList\",\"@id\":\"https:\\\/\\\/www.spyshop.info\\\/en\\\/shop\\\/audio-surveillance\\\/recorders\\\/android-usb-charging-cable-with-integrated-audio-recorder\\\/#breadcrumb\",\"itemListElement\":[{\"@type\":\"ListItem\",\"position\":1,\"name\":\"Startseite\",\"item\":\"https:\\\/\\\/www.spyshop.info\\\/en\\\/\"},{\"@type\":\"ListItem\",\"position\":2,\"name\":\"Shop\",\"item\":\"https:\\\/\\\/www.spyshop.info\\\/en\\\/shop\\\/\"},{\"@type\":\"ListItem\",\"position\":3,\"name\":\"Android USB charging cable with integrated audio recorder\"}]},{\"@type\":\"WebSite\",\"@id\":\"https:\\\/\\\/www.spyshop.info\\\/#website\",\"url\":\"https:\\\/\\\/www.spyshop.info\\\/\",\"name\":\"SpyShop\",\"description\":\"Abh\u00f6rger\u00e4te, GPS Sender, \u00dcberwachungskameras\",\"publisher\":{\"@id\":\"https:\\\/\\\/www.spyshop.info\\\/#organization\"},\"potentialAction\":[{\"@type\":\"SearchAction\",\"target\":{\"@type\":\"EntryPoint\",\"urlTemplate\":\"https:\\\/\\\/www.spyshop.info\\\/?s={search_term_string}\"},\"query-input\":{\"@type\":\"PropertyValueSpecification\",\"valueRequired\":true,\"valueName\":\"search_term_string\"}}],\"inLanguage\":\"en-US\"},{\"@type\":\"Organization\",\"@id\":\"https:\\\/\\\/www.spyshop.info\\\/#organization\",\"name\":\"SpyShop\",\"url\":\"https:\\\/\\\/www.spyshop.info\\\/\",\"logo\":{\"@type\":\"ImageObject\",\"inLanguage\":\"en-US\",\"@id\":\"https:\\\/\\\/www.spyshop.info\\\/#\\\/schema\\\/logo\\\/image\\\/\",\"url\":\"https:\\\/\\\/www.spyshop.info\\\/wp-content\\\/uploads\\\/2016\\\/11\\\/cropped-logo-spyshop-02-1-3.jpg\",\"contentUrl\":\"https:\\\/\\\/www.spyshop.info\\\/wp-content\\\/uploads\\\/2016\\\/11\\\/cropped-logo-spyshop-02-1-3.jpg\",\"width\":1522,\"height\":435,\"caption\":\"SpyShop\"},\"image\":{\"@id\":\"https:\\\/\\\/www.spyshop.info\\\/#\\\/schema\\\/logo\\\/image\\\/\"}}]}<\/script>\n<!-- \/ Yoast SEO plugin. -->","yoast_head_json":{"title":"Android USB charging cable with integrated audio recorder - SpyShop","robots":{"index":"index","follow":"follow","max-snippet":"max-snippet:-1","max-image-preview":"max-image-preview:large","max-video-preview":"max-video-preview:-1"},"canonical":"https:\/\/www.spyshop.info\/en\/shop\/audio-surveillance\/recorders\/android-usb-charging-cable-with-integrated-audio-recorder\/","og_locale":"en_US","og_type":"article","og_title":"Android USB charging cable with integrated audio recorder - SpyShop","og_description":"This USB charging cable is fully usable as such. But it has an excellent and hidden audio recorder. Just charge your smartphone with it and listen to what you might not have wanted to know.....","og_url":"https:\/\/www.spyshop.info\/en\/shop\/audio-surveillance\/recorders\/android-usb-charging-cable-with-integrated-audio-recorder\/","og_site_name":"SpyShop","article_modified_time":"2021-04-21T14:31:14+00:00","og_image":[{"width":750,"height":750,"url":"https:\/\/www.spyshop.info\/wp-content\/uploads\/2018\/02\/Audio-Lader1.jpg","type":"image\/jpeg"}],"twitter_card":"summary_large_image","schema":{"@context":"https:\/\/schema.org","@graph":[{"@type":"WebPage","@id":"https:\/\/www.spyshop.info\/en\/shop\/audio-surveillance\/recorders\/android-usb-charging-cable-with-integrated-audio-recorder\/","url":"https:\/\/www.spyshop.info\/en\/shop\/audio-surveillance\/recorders\/android-usb-charging-cable-with-integrated-audio-recorder\/","name":"Android USB charging cable with integrated audio recorder - SpyShop","isPartOf":{"@id":"https:\/\/www.spyshop.info\/#website"},"primaryImageOfPage":{"@id":"https:\/\/www.spyshop.info\/en\/shop\/audio-surveillance\/recorders\/android-usb-charging-cable-with-integrated-audio-recorder\/#primaryimage"},"image":{"@id":"https:\/\/www.spyshop.info\/en\/shop\/audio-surveillance\/recorders\/android-usb-charging-cable-with-integrated-audio-recorder\/#primaryimage"},"thumbnailUrl":"https:\/\/www.spyshop.info\/wp-content\/uploads\/2018\/02\/Audio-Lader1.jpg","datePublished":"2018-02-06T15:03:20+00:00","dateModified":"2021-04-21T14:31:14+00:00","breadcrumb":{"@id":"https:\/\/www.spyshop.info\/en\/shop\/audio-surveillance\/recorders\/android-usb-charging-cable-with-integrated-audio-recorder\/#breadcrumb"},"inLanguage":"en-US","potentialAction":[{"@type":"ReadAction","target":["https:\/\/www.spyshop.info\/en\/shop\/audio-surveillance\/recorders\/android-usb-charging-cable-with-integrated-audio-recorder\/"]}]},{"@type":"ImageObject","inLanguage":"en-US","@id":"https:\/\/www.spyshop.info\/en\/shop\/audio-surveillance\/recorders\/android-usb-charging-cable-with-integrated-audio-recorder\/#primaryimage","url":"https:\/\/www.spyshop.info\/wp-content\/uploads\/2018\/02\/Audio-Lader1.jpg","contentUrl":"https:\/\/www.spyshop.info\/wp-content\/uploads\/2018\/02\/Audio-Lader1.jpg","width":750,"height":750},{"@type":"BreadcrumbList","@id":"https:\/\/www.spyshop.info\/en\/shop\/audio-surveillance\/recorders\/android-usb-charging-cable-with-integrated-audio-recorder\/#breadcrumb","itemListElement":[{"@type":"ListItem","position":1,"name":"Startseite","item":"https:\/\/www.spyshop.info\/en\/"},{"@type":"ListItem","position":2,"name":"Shop","item":"https:\/\/www.spyshop.info\/en\/shop\/"},{"@type":"ListItem","position":3,"name":"Android USB charging cable with integrated audio recorder"}]},{"@type":"WebSite","@id":"https:\/\/www.spyshop.info\/#website","url":"https:\/\/www.spyshop.info\/","name":"SpyShop","description":"Abh\u00f6rger\u00e4te, GPS Sender, \u00dcberwachungskameras","publisher":{"@id":"https:\/\/www.spyshop.info\/#organization"},"potentialAction":[{"@type":"SearchAction","target":{"@type":"EntryPoint","urlTemplate":"https:\/\/www.spyshop.info\/?s={search_term_string}"},"query-input":{"@type":"PropertyValueSpecification","valueRequired":true,"valueName":"search_term_string"}}],"inLanguage":"en-US"},{"@type":"Organization","@id":"https:\/\/www.spyshop.info\/#organization","name":"SpyShop","url":"https:\/\/www.spyshop.info\/","logo":{"@type":"ImageObject","inLanguage":"en-US","@id":"https:\/\/www.spyshop.info\/#\/schema\/logo\/image\/","url":"https:\/\/www.spyshop.info\/wp-content\/uploads\/2016\/11\/cropped-logo-spyshop-02-1-3.jpg","contentUrl":"https:\/\/www.spyshop.info\/wp-content\/uploads\/2016\/11\/cropped-logo-spyshop-02-1-3.jpg","width":1522,"height":435,"caption":"SpyShop"},"image":{"@id":"https:\/\/www.spyshop.info\/#\/schema\/logo\/image\/"}}]}},"_links":{"self":[{"href":"https:\/\/www.spyshop.info\/en\/wp-json\/wp\/v2\/product\/1936","targetHints":{"allow":["GET"]}}],"collection":[{"href":"https:\/\/www.spyshop.info\/en\/wp-json\/wp\/v2\/product"}],"about":[{"href":"https:\/\/www.spyshop.info\/en\/wp-json\/wp\/v2\/types\/product"}],"version-history":[{"count":0,"href":"https:\/\/www.spyshop.info\/en\/wp-json\/wp\/v2\/product\/1936\/revisions"}],"wp:featuredmedia":[{"embeddable":true,"href":"https:\/\/www.spyshop.info\/en\/wp-json\/wp\/v2\/media\/1838"}],"wp:attachment":[{"href":"https:\/\/www.spyshop.info\/en\/wp-json\/wp\/v2\/media?parent=1936"}],"wp:term":[{"taxonomy":"product_brand","embeddable":true,"href":"https:\/\/www.spyshop.info\/en\/wp-json\/wp\/v2\/product_brand?post=1936"},{"taxonomy":"product_cat","embeddable":true,"href":"https:\/\/www.spyshop.info\/en\/wp-json\/wp\/v2\/product_cat?post=1936"},{"taxonomy":"product_tag","embeddable":true,"href":"https:\/\/www.spyshop.info\/en\/wp-json\/wp\/v2\/product_tag?post=1936"}],"curies":[{"name":"wp","href":"https:\/\/api.w.org\/{rel}","templated":true}]}}