{"id":1930,"date":"2017-09-03T11:14:42","date_gmt":"2017-09-03T09:14:42","guid":{"rendered":"https:\/\/www.spyshop.info\/shop\/unkategorisiert\/table-lamp-with-wi-fi-and-full-hd-resolution\/"},"modified":"2020-01-21T14:53:11","modified_gmt":"2020-01-21T13:53:11","slug":"table-lamp-with-wi-fi-and-full-hd-resolution","status":"publish","type":"product","link":"https:\/\/www.spyshop.info\/en\/shop\/video-surveillance\/hidden-cameras-with-recording\/table-lamp-with-wi-fi-and-full-hd-resolution\/","title":{"rendered":"Table lamp with Wi-Fi and Full HD resolution"},"content":{"rendered":"<p>The resolution of 1920 x 1080 pixels at 30 frames per second will convince you as well as the transfer functions of the device. Once the app has been installed for iOS or Android, the monitoring helper is quickly integrated and sends push messages to you when it comes in, informing you that something is about to happen. You can then open the app completely and follow everything live. Of course you can send all desired settings to the camera via the app. Of course there is also in-camera recording in perfect quality on the microSD card.<\/p>\n<p>Resolution: 5.0M CMOS camera<br \/>\nVideo: 1920 * 1080p H.264<br \/>\nCamera angle: 140 degrees<br \/>\nMotion detection distance: 6 meters<br \/>\n23 built-in LEDs<br \/>\nMicroSD card up to 32 GB<br \/>\nTaking photos<br \/>\nRecord videos<br \/>\nNight vision<br \/>\nSound recording<br \/>\nMotion alarm<br \/>\nZoom via app<\/p>\n","protected":false},"excerpt":{"rendered":"<p>Whether you set up the lamp at the bedside table or at the desk &#8211; you will not miss anything. By connecting to the power supply, the camera runs eternally and informs you via app for iOS and Android about the processes in its surrounding.<\/p>\n","protected":false},"featured_media":1495,"template":"","meta":[],"product_brand":[],"product_cat":[167,164,168],"product_tag":[],"class_list":{"0":"post-1930","1":"product","2":"type-product","3":"status-publish","4":"has-post-thumbnail","6":"product_cat-hidden-cameras-with-recording","7":"product_cat-video-surveillance","8":"product_cat-hidden-wifi-radio-and-gsm-cameras","10":"first","11":"outofstock","12":"taxable","13":"shipping-taxable","14":"purchasable","15":"product-type-simple"},"yoast_head":"<!-- This site is optimized with the Yoast SEO plugin v27.5 - https:\/\/yoast.com\/product\/yoast-seo-wordpress\/ -->\n<title>Table lamp with WiFi and Full HD \u26a1 Camouflaged surveillance cameras<\/title>\n<meta name=\"description\" content=\"Table lamp with WiFi and Full HD resolution. Whether you put the lamp on the bedside table or at the desk - you will never miss a thing.\" \/>\n<meta name=\"robots\" content=\"index, follow, max-snippet:-1, max-image-preview:large, max-video-preview:-1\" \/>\n<link rel=\"canonical\" href=\"https:\/\/www.spyshop.info\/en\/shop\/video-surveillance\/hidden-cameras-with-recording\/table-lamp-with-wi-fi-and-full-hd-resolution\/\" \/>\n<meta property=\"og:locale\" content=\"en_US\" \/>\n<meta property=\"og:type\" content=\"article\" \/>\n<meta property=\"og:title\" content=\"Table lamp with WiFi and Full HD \u26a1 Camouflaged surveillance cameras\" \/>\n<meta property=\"og:description\" content=\"Table lamp with WiFi and Full HD resolution. Whether you put the lamp on the bedside table or at the desk - you will never miss a thing.\" \/>\n<meta property=\"og:url\" content=\"https:\/\/www.spyshop.info\/en\/shop\/video-surveillance\/hidden-cameras-with-recording\/table-lamp-with-wi-fi-and-full-hd-resolution\/\" \/>\n<meta property=\"og:site_name\" content=\"SpyShop\" \/>\n<meta property=\"article:modified_time\" content=\"2020-01-21T13:53:11+00:00\" \/>\n<meta property=\"og:image\" content=\"https:\/\/www.spyshop.info\/wp-content\/uploads\/2017\/09\/WLamp1.jpg\" \/>\n\t<meta property=\"og:image:width\" content=\"700\" \/>\n\t<meta property=\"og:image:height\" content=\"700\" \/>\n\t<meta property=\"og:image:type\" content=\"image\/jpeg\" \/>\n<meta name=\"twitter:card\" content=\"summary_large_image\" \/>\n<meta name=\"twitter:label1\" content=\"Est. reading time\" \/>\n\t<meta name=\"twitter:data1\" content=\"1 minute\" \/>\n<script type=\"application\/ld+json\" class=\"yoast-schema-graph\">{\"@context\":\"https:\\\/\\\/schema.org\",\"@graph\":[{\"@type\":\"WebPage\",\"@id\":\"https:\\\/\\\/www.spyshop.info\\\/en\\\/shop\\\/video-surveillance\\\/hidden-cameras-with-recording\\\/table-lamp-with-wi-fi-and-full-hd-resolution\\\/\",\"url\":\"https:\\\/\\\/www.spyshop.info\\\/en\\\/shop\\\/video-surveillance\\\/hidden-cameras-with-recording\\\/table-lamp-with-wi-fi-and-full-hd-resolution\\\/\",\"name\":\"Table lamp with WiFi and Full HD \u26a1 Camouflaged surveillance cameras\",\"isPartOf\":{\"@id\":\"https:\\\/\\\/www.spyshop.info\\\/#website\"},\"primaryImageOfPage\":{\"@id\":\"https:\\\/\\\/www.spyshop.info\\\/en\\\/shop\\\/video-surveillance\\\/hidden-cameras-with-recording\\\/table-lamp-with-wi-fi-and-full-hd-resolution\\\/#primaryimage\"},\"image\":{\"@id\":\"https:\\\/\\\/www.spyshop.info\\\/en\\\/shop\\\/video-surveillance\\\/hidden-cameras-with-recording\\\/table-lamp-with-wi-fi-and-full-hd-resolution\\\/#primaryimage\"},\"thumbnailUrl\":\"https:\\\/\\\/www.spyshop.info\\\/wp-content\\\/uploads\\\/2017\\\/09\\\/WLamp1.jpg\",\"datePublished\":\"2017-09-03T09:14:42+00:00\",\"dateModified\":\"2020-01-21T13:53:11+00:00\",\"description\":\"Table lamp with WiFi and Full HD resolution. Whether you put the lamp on the bedside table or at the desk - you will never miss a thing.\",\"breadcrumb\":{\"@id\":\"https:\\\/\\\/www.spyshop.info\\\/en\\\/shop\\\/video-surveillance\\\/hidden-cameras-with-recording\\\/table-lamp-with-wi-fi-and-full-hd-resolution\\\/#breadcrumb\"},\"inLanguage\":\"en-US\",\"potentialAction\":[{\"@type\":\"ReadAction\",\"target\":[\"https:\\\/\\\/www.spyshop.info\\\/en\\\/shop\\\/video-surveillance\\\/hidden-cameras-with-recording\\\/table-lamp-with-wi-fi-and-full-hd-resolution\\\/\"]}]},{\"@type\":\"ImageObject\",\"inLanguage\":\"en-US\",\"@id\":\"https:\\\/\\\/www.spyshop.info\\\/en\\\/shop\\\/video-surveillance\\\/hidden-cameras-with-recording\\\/table-lamp-with-wi-fi-and-full-hd-resolution\\\/#primaryimage\",\"url\":\"https:\\\/\\\/www.spyshop.info\\\/wp-content\\\/uploads\\\/2017\\\/09\\\/WLamp1.jpg\",\"contentUrl\":\"https:\\\/\\\/www.spyshop.info\\\/wp-content\\\/uploads\\\/2017\\\/09\\\/WLamp1.jpg\",\"width\":700,\"height\":700},{\"@type\":\"BreadcrumbList\",\"@id\":\"https:\\\/\\\/www.spyshop.info\\\/en\\\/shop\\\/video-surveillance\\\/hidden-cameras-with-recording\\\/table-lamp-with-wi-fi-and-full-hd-resolution\\\/#breadcrumb\",\"itemListElement\":[{\"@type\":\"ListItem\",\"position\":1,\"name\":\"Startseite\",\"item\":\"https:\\\/\\\/www.spyshop.info\\\/en\\\/\"},{\"@type\":\"ListItem\",\"position\":2,\"name\":\"Shop\",\"item\":\"https:\\\/\\\/www.spyshop.info\\\/en\\\/shop\\\/\"},{\"@type\":\"ListItem\",\"position\":3,\"name\":\"Table lamp with Wi-Fi and Full HD resolution\"}]},{\"@type\":\"WebSite\",\"@id\":\"https:\\\/\\\/www.spyshop.info\\\/#website\",\"url\":\"https:\\\/\\\/www.spyshop.info\\\/\",\"name\":\"SpyShop\",\"description\":\"Abh\u00f6rger\u00e4te, GPS Sender, \u00dcberwachungskameras\",\"publisher\":{\"@id\":\"https:\\\/\\\/www.spyshop.info\\\/#organization\"},\"potentialAction\":[{\"@type\":\"SearchAction\",\"target\":{\"@type\":\"EntryPoint\",\"urlTemplate\":\"https:\\\/\\\/www.spyshop.info\\\/?s={search_term_string}\"},\"query-input\":{\"@type\":\"PropertyValueSpecification\",\"valueRequired\":true,\"valueName\":\"search_term_string\"}}],\"inLanguage\":\"en-US\"},{\"@type\":\"Organization\",\"@id\":\"https:\\\/\\\/www.spyshop.info\\\/#organization\",\"name\":\"SpyShop\",\"url\":\"https:\\\/\\\/www.spyshop.info\\\/\",\"logo\":{\"@type\":\"ImageObject\",\"inLanguage\":\"en-US\",\"@id\":\"https:\\\/\\\/www.spyshop.info\\\/#\\\/schema\\\/logo\\\/image\\\/\",\"url\":\"https:\\\/\\\/www.spyshop.info\\\/wp-content\\\/uploads\\\/2016\\\/11\\\/cropped-logo-spyshop-02-1-3.jpg\",\"contentUrl\":\"https:\\\/\\\/www.spyshop.info\\\/wp-content\\\/uploads\\\/2016\\\/11\\\/cropped-logo-spyshop-02-1-3.jpg\",\"width\":1522,\"height\":435,\"caption\":\"SpyShop\"},\"image\":{\"@id\":\"https:\\\/\\\/www.spyshop.info\\\/#\\\/schema\\\/logo\\\/image\\\/\"}}]}<\/script>\n<!-- \/ Yoast SEO plugin. -->","yoast_head_json":{"title":"Table lamp with WiFi and Full HD \u26a1 Camouflaged surveillance cameras","description":"Table lamp with WiFi and Full HD resolution. Whether you put the lamp on the bedside table or at the desk - you will never miss a thing.","robots":{"index":"index","follow":"follow","max-snippet":"max-snippet:-1","max-image-preview":"max-image-preview:large","max-video-preview":"max-video-preview:-1"},"canonical":"https:\/\/www.spyshop.info\/en\/shop\/video-surveillance\/hidden-cameras-with-recording\/table-lamp-with-wi-fi-and-full-hd-resolution\/","og_locale":"en_US","og_type":"article","og_title":"Table lamp with WiFi and Full HD \u26a1 Camouflaged surveillance cameras","og_description":"Table lamp with WiFi and Full HD resolution. Whether you put the lamp on the bedside table or at the desk - you will never miss a thing.","og_url":"https:\/\/www.spyshop.info\/en\/shop\/video-surveillance\/hidden-cameras-with-recording\/table-lamp-with-wi-fi-and-full-hd-resolution\/","og_site_name":"SpyShop","article_modified_time":"2020-01-21T13:53:11+00:00","og_image":[{"width":700,"height":700,"url":"https:\/\/www.spyshop.info\/wp-content\/uploads\/2017\/09\/WLamp1.jpg","type":"image\/jpeg"}],"twitter_card":"summary_large_image","twitter_misc":{"Est. reading time":"1 minute"},"schema":{"@context":"https:\/\/schema.org","@graph":[{"@type":"WebPage","@id":"https:\/\/www.spyshop.info\/en\/shop\/video-surveillance\/hidden-cameras-with-recording\/table-lamp-with-wi-fi-and-full-hd-resolution\/","url":"https:\/\/www.spyshop.info\/en\/shop\/video-surveillance\/hidden-cameras-with-recording\/table-lamp-with-wi-fi-and-full-hd-resolution\/","name":"Table lamp with WiFi and Full HD \u26a1 Camouflaged surveillance cameras","isPartOf":{"@id":"https:\/\/www.spyshop.info\/#website"},"primaryImageOfPage":{"@id":"https:\/\/www.spyshop.info\/en\/shop\/video-surveillance\/hidden-cameras-with-recording\/table-lamp-with-wi-fi-and-full-hd-resolution\/#primaryimage"},"image":{"@id":"https:\/\/www.spyshop.info\/en\/shop\/video-surveillance\/hidden-cameras-with-recording\/table-lamp-with-wi-fi-and-full-hd-resolution\/#primaryimage"},"thumbnailUrl":"https:\/\/www.spyshop.info\/wp-content\/uploads\/2017\/09\/WLamp1.jpg","datePublished":"2017-09-03T09:14:42+00:00","dateModified":"2020-01-21T13:53:11+00:00","description":"Table lamp with WiFi and Full HD resolution. Whether you put the lamp on the bedside table or at the desk - you will never miss a thing.","breadcrumb":{"@id":"https:\/\/www.spyshop.info\/en\/shop\/video-surveillance\/hidden-cameras-with-recording\/table-lamp-with-wi-fi-and-full-hd-resolution\/#breadcrumb"},"inLanguage":"en-US","potentialAction":[{"@type":"ReadAction","target":["https:\/\/www.spyshop.info\/en\/shop\/video-surveillance\/hidden-cameras-with-recording\/table-lamp-with-wi-fi-and-full-hd-resolution\/"]}]},{"@type":"ImageObject","inLanguage":"en-US","@id":"https:\/\/www.spyshop.info\/en\/shop\/video-surveillance\/hidden-cameras-with-recording\/table-lamp-with-wi-fi-and-full-hd-resolution\/#primaryimage","url":"https:\/\/www.spyshop.info\/wp-content\/uploads\/2017\/09\/WLamp1.jpg","contentUrl":"https:\/\/www.spyshop.info\/wp-content\/uploads\/2017\/09\/WLamp1.jpg","width":700,"height":700},{"@type":"BreadcrumbList","@id":"https:\/\/www.spyshop.info\/en\/shop\/video-surveillance\/hidden-cameras-with-recording\/table-lamp-with-wi-fi-and-full-hd-resolution\/#breadcrumb","itemListElement":[{"@type":"ListItem","position":1,"name":"Startseite","item":"https:\/\/www.spyshop.info\/en\/"},{"@type":"ListItem","position":2,"name":"Shop","item":"https:\/\/www.spyshop.info\/en\/shop\/"},{"@type":"ListItem","position":3,"name":"Table lamp with Wi-Fi and Full HD resolution"}]},{"@type":"WebSite","@id":"https:\/\/www.spyshop.info\/#website","url":"https:\/\/www.spyshop.info\/","name":"SpyShop","description":"Abh\u00f6rger\u00e4te, GPS Sender, \u00dcberwachungskameras","publisher":{"@id":"https:\/\/www.spyshop.info\/#organization"},"potentialAction":[{"@type":"SearchAction","target":{"@type":"EntryPoint","urlTemplate":"https:\/\/www.spyshop.info\/?s={search_term_string}"},"query-input":{"@type":"PropertyValueSpecification","valueRequired":true,"valueName":"search_term_string"}}],"inLanguage":"en-US"},{"@type":"Organization","@id":"https:\/\/www.spyshop.info\/#organization","name":"SpyShop","url":"https:\/\/www.spyshop.info\/","logo":{"@type":"ImageObject","inLanguage":"en-US","@id":"https:\/\/www.spyshop.info\/#\/schema\/logo\/image\/","url":"https:\/\/www.spyshop.info\/wp-content\/uploads\/2016\/11\/cropped-logo-spyshop-02-1-3.jpg","contentUrl":"https:\/\/www.spyshop.info\/wp-content\/uploads\/2016\/11\/cropped-logo-spyshop-02-1-3.jpg","width":1522,"height":435,"caption":"SpyShop"},"image":{"@id":"https:\/\/www.spyshop.info\/#\/schema\/logo\/image\/"}}]}},"_links":{"self":[{"href":"https:\/\/www.spyshop.info\/en\/wp-json\/wp\/v2\/product\/1930","targetHints":{"allow":["GET"]}}],"collection":[{"href":"https:\/\/www.spyshop.info\/en\/wp-json\/wp\/v2\/product"}],"about":[{"href":"https:\/\/www.spyshop.info\/en\/wp-json\/wp\/v2\/types\/product"}],"version-history":[{"count":0,"href":"https:\/\/www.spyshop.info\/en\/wp-json\/wp\/v2\/product\/1930\/revisions"}],"wp:featuredmedia":[{"embeddable":true,"href":"https:\/\/www.spyshop.info\/en\/wp-json\/wp\/v2\/media\/1495"}],"wp:attachment":[{"href":"https:\/\/www.spyshop.info\/en\/wp-json\/wp\/v2\/media?parent=1930"}],"wp:term":[{"taxonomy":"product_brand","embeddable":true,"href":"https:\/\/www.spyshop.info\/en\/wp-json\/wp\/v2\/product_brand?post=1930"},{"taxonomy":"product_cat","embeddable":true,"href":"https:\/\/www.spyshop.info\/en\/wp-json\/wp\/v2\/product_cat?post=1930"},{"taxonomy":"product_tag","embeddable":true,"href":"https:\/\/www.spyshop.info\/en\/wp-json\/wp\/v2\/product_tag?post=1930"}],"curies":[{"name":"wp","href":"https:\/\/api.w.org\/{rel}","templated":true}]}}