{"id":1926,"date":"2017-09-05T11:49:56","date_gmt":"2017-09-05T09:49:56","guid":{"rendered":"https:\/\/www.spyshop.info\/shop\/unkategorisiert\/bug-finder-handset\/"},"modified":"2019-01-12T14:18:58","modified_gmt":"2019-01-12T13:18:58","slug":"bug-finder-handset","status":"publish","type":"product","link":"https:\/\/www.spyshop.info\/en\/shop\/other\/counter-surveillance\/bug-finder-handset\/","title":{"rendered":"Bug finder handset"},"content":{"rendered":"<p>Protect yourself effectively against radio and GSM listening devices (bugs). Due to the high frequency range (20 MHz to 6 GHz) nothing escapes the little helper! You can use the controller of the device to control the sensitivity and you will be informed after finding a listening device by sound and LED signals. Once this is the case, move  always closer in the direction from which the signals are displayed. So you have quickly discovered the &#8220;listener&#8221; and can make it harmless. Since GPS locators also send their position signals via the GSM network, you will quickly find what you are looking for \u2013 also on your vehicle- if there should a tracker be located on it.<\/p>\n<p>Characteristics:<\/p>\n<p>Frequency range: 1 MHz &#8211; 8 GHz<br \/>\nMain frequency range: 20 MHz &#8211; 6 GHz<br \/>\nRadius: up to 30 meters<br \/>\nFrequency range: 20-6000 MHz, GSM800, GSM900, GSM1800, GSM1900, PHS1900, CDMA850, 3G and WiFi, Bluetooth<br \/>\nSensitivity: &lt;0.05mw<br \/>\nDynamic range: 70dB<br \/>\nIndicator Modes: 9 levels of LED lights and sound<br \/>\nPower: 9V battery<br \/>\nDimensions: 120x62x22mm<\/p>\n","protected":false},"excerpt":{"rendered":"<p>If you suspect that your premises are bugged, you can quickly bring clarity to yourself. The device is easy to use and covers a large frequency range.<\/p>\n","protected":false},"featured_media":1588,"template":"","meta":[],"product_brand":[],"product_cat":[163,155],"product_tag":[],"class_list":{"0":"post-1926","1":"product","2":"type-product","3":"status-publish","4":"has-post-thumbnail","6":"product_cat-counter-surveillance","7":"product_cat-other","9":"first","10":"outofstock","11":"taxable","12":"shipping-taxable","13":"purchasable","14":"product-type-simple"},"yoast_head":"<!-- This site is optimized with the Yoast SEO plugin v27.3 - https:\/\/yoast.com\/product\/yoast-seo-wordpress\/ -->\n<title>Bug finder handset - SpyShop<\/title>\n<meta name=\"robots\" content=\"index, follow, max-snippet:-1, max-image-preview:large, max-video-preview:-1\" \/>\n<link rel=\"canonical\" href=\"https:\/\/www.spyshop.info\/en\/shop\/other\/counter-surveillance\/bug-finder-handset\/\" \/>\n<meta property=\"og:locale\" content=\"en_US\" \/>\n<meta property=\"og:type\" content=\"article\" \/>\n<meta property=\"og:title\" content=\"Bug finder handset - SpyShop\" \/>\n<meta property=\"og:description\" content=\"If you suspect that your premises are bugged, you can quickly bring clarity to yourself. The device is easy to use and covers a large frequency range.\" \/>\n<meta property=\"og:url\" content=\"https:\/\/www.spyshop.info\/en\/shop\/other\/counter-surveillance\/bug-finder-handset\/\" \/>\n<meta property=\"og:site_name\" content=\"SpyShop\" \/>\n<meta property=\"article:modified_time\" content=\"2019-01-12T13:18:58+00:00\" \/>\n<meta property=\"og:image\" content=\"https:\/\/www.spyshop.info\/wp-content\/uploads\/2017\/09\/WZF0071.jpg\" \/>\n\t<meta property=\"og:image:width\" content=\"2224\" \/>\n\t<meta property=\"og:image:height\" content=\"2930\" \/>\n\t<meta property=\"og:image:type\" content=\"image\/jpeg\" \/>\n<meta name=\"twitter:card\" content=\"summary_large_image\" \/>\n<meta name=\"twitter:label1\" content=\"Est. reading time\" \/>\n\t<meta name=\"twitter:data1\" content=\"1 minute\" \/>\n<script type=\"application\/ld+json\" class=\"yoast-schema-graph\">{\"@context\":\"https:\\\/\\\/schema.org\",\"@graph\":[{\"@type\":\"WebPage\",\"@id\":\"https:\\\/\\\/www.spyshop.info\\\/en\\\/shop\\\/other\\\/counter-surveillance\\\/bug-finder-handset\\\/\",\"url\":\"https:\\\/\\\/www.spyshop.info\\\/en\\\/shop\\\/other\\\/counter-surveillance\\\/bug-finder-handset\\\/\",\"name\":\"Bug finder handset - SpyShop\",\"isPartOf\":{\"@id\":\"https:\\\/\\\/www.spyshop.info\\\/#website\"},\"primaryImageOfPage\":{\"@id\":\"https:\\\/\\\/www.spyshop.info\\\/en\\\/shop\\\/other\\\/counter-surveillance\\\/bug-finder-handset\\\/#primaryimage\"},\"image\":{\"@id\":\"https:\\\/\\\/www.spyshop.info\\\/en\\\/shop\\\/other\\\/counter-surveillance\\\/bug-finder-handset\\\/#primaryimage\"},\"thumbnailUrl\":\"https:\\\/\\\/www.spyshop.info\\\/wp-content\\\/uploads\\\/2017\\\/09\\\/WZF0071.jpg\",\"datePublished\":\"2017-09-05T09:49:56+00:00\",\"dateModified\":\"2019-01-12T13:18:58+00:00\",\"breadcrumb\":{\"@id\":\"https:\\\/\\\/www.spyshop.info\\\/en\\\/shop\\\/other\\\/counter-surveillance\\\/bug-finder-handset\\\/#breadcrumb\"},\"inLanguage\":\"en-US\",\"potentialAction\":[{\"@type\":\"ReadAction\",\"target\":[\"https:\\\/\\\/www.spyshop.info\\\/en\\\/shop\\\/other\\\/counter-surveillance\\\/bug-finder-handset\\\/\"]}]},{\"@type\":\"ImageObject\",\"inLanguage\":\"en-US\",\"@id\":\"https:\\\/\\\/www.spyshop.info\\\/en\\\/shop\\\/other\\\/counter-surveillance\\\/bug-finder-handset\\\/#primaryimage\",\"url\":\"https:\\\/\\\/www.spyshop.info\\\/wp-content\\\/uploads\\\/2017\\\/09\\\/WZF0071.jpg\",\"contentUrl\":\"https:\\\/\\\/www.spyshop.info\\\/wp-content\\\/uploads\\\/2017\\\/09\\\/WZF0071.jpg\",\"width\":2224,\"height\":2930},{\"@type\":\"BreadcrumbList\",\"@id\":\"https:\\\/\\\/www.spyshop.info\\\/en\\\/shop\\\/other\\\/counter-surveillance\\\/bug-finder-handset\\\/#breadcrumb\",\"itemListElement\":[{\"@type\":\"ListItem\",\"position\":1,\"name\":\"Startseite\",\"item\":\"https:\\\/\\\/www.spyshop.info\\\/en\\\/\"},{\"@type\":\"ListItem\",\"position\":2,\"name\":\"Shop\",\"item\":\"https:\\\/\\\/www.spyshop.info\\\/en\\\/shop\\\/\"},{\"@type\":\"ListItem\",\"position\":3,\"name\":\"Bug finder handset\"}]},{\"@type\":\"WebSite\",\"@id\":\"https:\\\/\\\/www.spyshop.info\\\/#website\",\"url\":\"https:\\\/\\\/www.spyshop.info\\\/\",\"name\":\"SpyShop\",\"description\":\"Abh\u00f6rger\u00e4te, GPS Sender, \u00dcberwachungskameras\",\"publisher\":{\"@id\":\"https:\\\/\\\/www.spyshop.info\\\/#organization\"},\"potentialAction\":[{\"@type\":\"SearchAction\",\"target\":{\"@type\":\"EntryPoint\",\"urlTemplate\":\"https:\\\/\\\/www.spyshop.info\\\/?s={search_term_string}\"},\"query-input\":{\"@type\":\"PropertyValueSpecification\",\"valueRequired\":true,\"valueName\":\"search_term_string\"}}],\"inLanguage\":\"en-US\"},{\"@type\":\"Organization\",\"@id\":\"https:\\\/\\\/www.spyshop.info\\\/#organization\",\"name\":\"SpyShop\",\"url\":\"https:\\\/\\\/www.spyshop.info\\\/\",\"logo\":{\"@type\":\"ImageObject\",\"inLanguage\":\"en-US\",\"@id\":\"https:\\\/\\\/www.spyshop.info\\\/#\\\/schema\\\/logo\\\/image\\\/\",\"url\":\"https:\\\/\\\/www.spyshop.info\\\/wp-content\\\/uploads\\\/2016\\\/11\\\/cropped-logo-spyshop-02-1-3.jpg\",\"contentUrl\":\"https:\\\/\\\/www.spyshop.info\\\/wp-content\\\/uploads\\\/2016\\\/11\\\/cropped-logo-spyshop-02-1-3.jpg\",\"width\":1522,\"height\":435,\"caption\":\"SpyShop\"},\"image\":{\"@id\":\"https:\\\/\\\/www.spyshop.info\\\/#\\\/schema\\\/logo\\\/image\\\/\"}}]}<\/script>\n<!-- \/ Yoast SEO plugin. -->","yoast_head_json":{"title":"Bug finder handset - SpyShop","robots":{"index":"index","follow":"follow","max-snippet":"max-snippet:-1","max-image-preview":"max-image-preview:large","max-video-preview":"max-video-preview:-1"},"canonical":"https:\/\/www.spyshop.info\/en\/shop\/other\/counter-surveillance\/bug-finder-handset\/","og_locale":"en_US","og_type":"article","og_title":"Bug finder handset - SpyShop","og_description":"If you suspect that your premises are bugged, you can quickly bring clarity to yourself. The device is easy to use and covers a large frequency range.","og_url":"https:\/\/www.spyshop.info\/en\/shop\/other\/counter-surveillance\/bug-finder-handset\/","og_site_name":"SpyShop","article_modified_time":"2019-01-12T13:18:58+00:00","og_image":[{"width":2224,"height":2930,"url":"https:\/\/www.spyshop.info\/wp-content\/uploads\/2017\/09\/WZF0071.jpg","type":"image\/jpeg"}],"twitter_card":"summary_large_image","twitter_misc":{"Est. reading time":"1 minute"},"schema":{"@context":"https:\/\/schema.org","@graph":[{"@type":"WebPage","@id":"https:\/\/www.spyshop.info\/en\/shop\/other\/counter-surveillance\/bug-finder-handset\/","url":"https:\/\/www.spyshop.info\/en\/shop\/other\/counter-surveillance\/bug-finder-handset\/","name":"Bug finder handset - SpyShop","isPartOf":{"@id":"https:\/\/www.spyshop.info\/#website"},"primaryImageOfPage":{"@id":"https:\/\/www.spyshop.info\/en\/shop\/other\/counter-surveillance\/bug-finder-handset\/#primaryimage"},"image":{"@id":"https:\/\/www.spyshop.info\/en\/shop\/other\/counter-surveillance\/bug-finder-handset\/#primaryimage"},"thumbnailUrl":"https:\/\/www.spyshop.info\/wp-content\/uploads\/2017\/09\/WZF0071.jpg","datePublished":"2017-09-05T09:49:56+00:00","dateModified":"2019-01-12T13:18:58+00:00","breadcrumb":{"@id":"https:\/\/www.spyshop.info\/en\/shop\/other\/counter-surveillance\/bug-finder-handset\/#breadcrumb"},"inLanguage":"en-US","potentialAction":[{"@type":"ReadAction","target":["https:\/\/www.spyshop.info\/en\/shop\/other\/counter-surveillance\/bug-finder-handset\/"]}]},{"@type":"ImageObject","inLanguage":"en-US","@id":"https:\/\/www.spyshop.info\/en\/shop\/other\/counter-surveillance\/bug-finder-handset\/#primaryimage","url":"https:\/\/www.spyshop.info\/wp-content\/uploads\/2017\/09\/WZF0071.jpg","contentUrl":"https:\/\/www.spyshop.info\/wp-content\/uploads\/2017\/09\/WZF0071.jpg","width":2224,"height":2930},{"@type":"BreadcrumbList","@id":"https:\/\/www.spyshop.info\/en\/shop\/other\/counter-surveillance\/bug-finder-handset\/#breadcrumb","itemListElement":[{"@type":"ListItem","position":1,"name":"Startseite","item":"https:\/\/www.spyshop.info\/en\/"},{"@type":"ListItem","position":2,"name":"Shop","item":"https:\/\/www.spyshop.info\/en\/shop\/"},{"@type":"ListItem","position":3,"name":"Bug finder handset"}]},{"@type":"WebSite","@id":"https:\/\/www.spyshop.info\/#website","url":"https:\/\/www.spyshop.info\/","name":"SpyShop","description":"Abh\u00f6rger\u00e4te, GPS Sender, \u00dcberwachungskameras","publisher":{"@id":"https:\/\/www.spyshop.info\/#organization"},"potentialAction":[{"@type":"SearchAction","target":{"@type":"EntryPoint","urlTemplate":"https:\/\/www.spyshop.info\/?s={search_term_string}"},"query-input":{"@type":"PropertyValueSpecification","valueRequired":true,"valueName":"search_term_string"}}],"inLanguage":"en-US"},{"@type":"Organization","@id":"https:\/\/www.spyshop.info\/#organization","name":"SpyShop","url":"https:\/\/www.spyshop.info\/","logo":{"@type":"ImageObject","inLanguage":"en-US","@id":"https:\/\/www.spyshop.info\/#\/schema\/logo\/image\/","url":"https:\/\/www.spyshop.info\/wp-content\/uploads\/2016\/11\/cropped-logo-spyshop-02-1-3.jpg","contentUrl":"https:\/\/www.spyshop.info\/wp-content\/uploads\/2016\/11\/cropped-logo-spyshop-02-1-3.jpg","width":1522,"height":435,"caption":"SpyShop"},"image":{"@id":"https:\/\/www.spyshop.info\/#\/schema\/logo\/image\/"}}]}},"_links":{"self":[{"href":"https:\/\/www.spyshop.info\/en\/wp-json\/wp\/v2\/product\/1926","targetHints":{"allow":["GET"]}}],"collection":[{"href":"https:\/\/www.spyshop.info\/en\/wp-json\/wp\/v2\/product"}],"about":[{"href":"https:\/\/www.spyshop.info\/en\/wp-json\/wp\/v2\/types\/product"}],"version-history":[{"count":0,"href":"https:\/\/www.spyshop.info\/en\/wp-json\/wp\/v2\/product\/1926\/revisions"}],"wp:featuredmedia":[{"embeddable":true,"href":"https:\/\/www.spyshop.info\/en\/wp-json\/wp\/v2\/media\/1588"}],"wp:attachment":[{"href":"https:\/\/www.spyshop.info\/en\/wp-json\/wp\/v2\/media?parent=1926"}],"wp:term":[{"taxonomy":"product_brand","embeddable":true,"href":"https:\/\/www.spyshop.info\/en\/wp-json\/wp\/v2\/product_brand?post=1926"},{"taxonomy":"product_cat","embeddable":true,"href":"https:\/\/www.spyshop.info\/en\/wp-json\/wp\/v2\/product_cat?post=1926"},{"taxonomy":"product_tag","embeddable":true,"href":"https:\/\/www.spyshop.info\/en\/wp-json\/wp\/v2\/product_tag?post=1926"}],"curies":[{"name":"wp","href":"https:\/\/api.w.org\/{rel}","templated":true}]}}