{"id":1921,"date":"2018-01-28T17:45:51","date_gmt":"2018-01-28T16:45:51","guid":{"rendered":"https:\/\/www.spyshop.info\/shop\/unkategorisiert\/usb-stick-audio-recorder-with-vox-control\/"},"modified":"2019-09-24T11:49:27","modified_gmt":"2019-09-24T09:49:27","slug":"usb-stick-audio-recorder-with-vox-control","status":"publish","type":"product","link":"https:\/\/www.spyshop.info\/en\/shop\/audio-surveillance\/recorders\/usb-stick-audio-recorder-with-vox-control\/","title":{"rendered":"USB stick audio recorder with Vox control"},"content":{"rendered":"<p>The USB stick is equipped with a highly sensitive audio recorder, which turns on when it there are sounds or noises and then it falls back into sleep mode. The quality of 192kbps at 48khz is considerable. At this price it is a completely unbeatable device!<\/p>\n<p>Technical parameters:<br \/>\n-) high-quality recording, 192KBPS, 48KHZsampling rate;<br \/>\n-) Voice Operated Recording, sound (&gt; 40dB)<br \/>\n-) no recognizable microphones!<br \/>\n-) concealed recording without light<br \/>\n-) 20-30 hours recording time after full charge<br \/>\n-) also absorbs during the charging process<br \/>\n-) Recording time: 20-30 hours<br \/>\n-) Storage: 8GB equals 90 hours<br \/>\n-) System: USB2.0 plug and play; win98 or higher without driver<br \/>\n-) Built-in battery: 100mA-3.7V lithium battery;<br \/>\n-) Charging time: 2 hours<br \/>\n-) Recording sampling rates: 48KHZ<br \/>\n-) Bit rate: 192KBPS<br \/>\n-) Format: WAV audio file format<br \/>\n-) VOX recorder:&gt; 40dB<br \/>\n-) Size: 64 X 21 X 7mm<br \/>\n-) Weight: 16g<\/p>\n","protected":false},"excerpt":{"rendered":"<p>This USB stick is fully usable as USB stick and also looks like a usual USB stick. But it includes an excellent and hidden audio recorder. Just hang it on the keychain and leave it lying &#8230;.. if you do not need the keys anymore &#8230;. \ud83d\ude09  <\/p>\n","protected":false},"featured_media":1720,"template":"","meta":[],"product_brand":[],"product_cat":[188,190],"product_tag":[],"class_list":{"0":"post-1921","1":"product","2":"type-product","3":"status-publish","4":"has-post-thumbnail","6":"product_cat-audio-surveillance","7":"product_cat-recorders","9":"first","10":"instock","11":"taxable","12":"shipping-taxable","13":"purchasable","14":"product-type-simple"},"yoast_head":"<!-- This site is optimized with the Yoast SEO plugin v27.5 - https:\/\/yoast.com\/product\/yoast-seo-wordpress\/ -->\n<title>USB Stick Audio Recorder with Vox Control - SpyShop<\/title>\n<meta name=\"description\" content=\"This USB stick is fully usable as such. He looks like a normal USB stick. But he has an excellent, hidden audio recorder.\" \/>\n<meta name=\"robots\" content=\"index, follow, max-snippet:-1, max-image-preview:large, max-video-preview:-1\" \/>\n<link rel=\"canonical\" href=\"https:\/\/www.spyshop.info\/shop\/audioueberwachung\/aufnahmegeraete\/usb-stick-audio-recorder-mit-vox-steuerung\/\" \/>\n<meta property=\"og:locale\" content=\"en_US\" \/>\n<meta property=\"og:type\" content=\"article\" \/>\n<meta property=\"og:title\" content=\"USB Stick Audio Recorder with Vox Control - SpyShop\" \/>\n<meta property=\"og:description\" content=\"This USB stick is fully usable as such. He looks like a normal USB stick. But he has an excellent, hidden audio recorder.\" \/>\n<meta property=\"og:url\" content=\"https:\/\/www.spyshop.info\/shop\/audioueberwachung\/aufnahmegeraete\/usb-stick-audio-recorder-mit-vox-steuerung\/\" \/>\n<meta property=\"og:site_name\" content=\"SpyShop\" \/>\n<meta property=\"article:modified_time\" content=\"2019-09-24T09:49:27+00:00\" \/>\n<meta property=\"og:image\" content=\"https:\/\/www.spyshop.info\/wp-content\/uploads\/2018\/01\/USB-A1-1.jpg\" \/>\n\t<meta property=\"og:image:width\" content=\"1832\" \/>\n\t<meta property=\"og:image:height\" content=\"1502\" \/>\n\t<meta property=\"og:image:type\" content=\"image\/jpeg\" \/>\n<meta name=\"twitter:card\" content=\"summary_large_image\" \/>\n<meta name=\"twitter:label1\" content=\"Est. reading time\" \/>\n\t<meta name=\"twitter:data1\" content=\"1 minute\" \/>\n<script type=\"application\/ld+json\" class=\"yoast-schema-graph\">{\"@context\":\"https:\\\/\\\/schema.org\",\"@graph\":[{\"@type\":\"WebPage\",\"@id\":\"https:\\\/\\\/www.spyshop.info\\\/shop\\\/audioueberwachung\\\/aufnahmegeraete\\\/usb-stick-audio-recorder-mit-vox-steuerung\\\/\",\"url\":\"https:\\\/\\\/www.spyshop.info\\\/shop\\\/audioueberwachung\\\/aufnahmegeraete\\\/usb-stick-audio-recorder-mit-vox-steuerung\\\/\",\"name\":\"USB Stick Audio Recorder with Vox Control - SpyShop\",\"isPartOf\":{\"@id\":\"https:\\\/\\\/www.spyshop.info\\\/#website\"},\"primaryImageOfPage\":{\"@id\":\"https:\\\/\\\/www.spyshop.info\\\/shop\\\/audioueberwachung\\\/aufnahmegeraete\\\/usb-stick-audio-recorder-mit-vox-steuerung\\\/#primaryimage\"},\"image\":{\"@id\":\"https:\\\/\\\/www.spyshop.info\\\/shop\\\/audioueberwachung\\\/aufnahmegeraete\\\/usb-stick-audio-recorder-mit-vox-steuerung\\\/#primaryimage\"},\"thumbnailUrl\":\"https:\\\/\\\/www.spyshop.info\\\/wp-content\\\/uploads\\\/2018\\\/01\\\/USB-A1-1.jpg\",\"datePublished\":\"2018-01-28T16:45:51+00:00\",\"dateModified\":\"2019-09-24T09:49:27+00:00\",\"description\":\"This USB stick is fully usable as such. He looks like a normal USB stick. But he has an excellent, hidden audio recorder.\",\"breadcrumb\":{\"@id\":\"https:\\\/\\\/www.spyshop.info\\\/shop\\\/audioueberwachung\\\/aufnahmegeraete\\\/usb-stick-audio-recorder-mit-vox-steuerung\\\/#breadcrumb\"},\"inLanguage\":\"en-US\",\"potentialAction\":[{\"@type\":\"ReadAction\",\"target\":[\"https:\\\/\\\/www.spyshop.info\\\/shop\\\/audioueberwachung\\\/aufnahmegeraete\\\/usb-stick-audio-recorder-mit-vox-steuerung\\\/\"]}]},{\"@type\":\"ImageObject\",\"inLanguage\":\"en-US\",\"@id\":\"https:\\\/\\\/www.spyshop.info\\\/shop\\\/audioueberwachung\\\/aufnahmegeraete\\\/usb-stick-audio-recorder-mit-vox-steuerung\\\/#primaryimage\",\"url\":\"https:\\\/\\\/www.spyshop.info\\\/wp-content\\\/uploads\\\/2018\\\/01\\\/USB-A1-1.jpg\",\"contentUrl\":\"https:\\\/\\\/www.spyshop.info\\\/wp-content\\\/uploads\\\/2018\\\/01\\\/USB-A1-1.jpg\",\"width\":1832,\"height\":1502},{\"@type\":\"BreadcrumbList\",\"@id\":\"https:\\\/\\\/www.spyshop.info\\\/shop\\\/audioueberwachung\\\/aufnahmegeraete\\\/usb-stick-audio-recorder-mit-vox-steuerung\\\/#breadcrumb\",\"itemListElement\":[{\"@type\":\"ListItem\",\"position\":1,\"name\":\"Startseite\",\"item\":\"https:\\\/\\\/www.spyshop.info\\\/en\\\/\"},{\"@type\":\"ListItem\",\"position\":2,\"name\":\"Shop\",\"item\":\"https:\\\/\\\/www.spyshop.info\\\/en\\\/shop\\\/\"},{\"@type\":\"ListItem\",\"position\":3,\"name\":\"USB stick audio recorder with Vox control\"}]},{\"@type\":\"WebSite\",\"@id\":\"https:\\\/\\\/www.spyshop.info\\\/#website\",\"url\":\"https:\\\/\\\/www.spyshop.info\\\/\",\"name\":\"SpyShop\",\"description\":\"Abh\u00f6rger\u00e4te, GPS Sender, \u00dcberwachungskameras\",\"publisher\":{\"@id\":\"https:\\\/\\\/www.spyshop.info\\\/#organization\"},\"potentialAction\":[{\"@type\":\"SearchAction\",\"target\":{\"@type\":\"EntryPoint\",\"urlTemplate\":\"https:\\\/\\\/www.spyshop.info\\\/?s={search_term_string}\"},\"query-input\":{\"@type\":\"PropertyValueSpecification\",\"valueRequired\":true,\"valueName\":\"search_term_string\"}}],\"inLanguage\":\"en-US\"},{\"@type\":\"Organization\",\"@id\":\"https:\\\/\\\/www.spyshop.info\\\/#organization\",\"name\":\"SpyShop\",\"url\":\"https:\\\/\\\/www.spyshop.info\\\/\",\"logo\":{\"@type\":\"ImageObject\",\"inLanguage\":\"en-US\",\"@id\":\"https:\\\/\\\/www.spyshop.info\\\/#\\\/schema\\\/logo\\\/image\\\/\",\"url\":\"https:\\\/\\\/www.spyshop.info\\\/wp-content\\\/uploads\\\/2016\\\/11\\\/cropped-logo-spyshop-02-1-3.jpg\",\"contentUrl\":\"https:\\\/\\\/www.spyshop.info\\\/wp-content\\\/uploads\\\/2016\\\/11\\\/cropped-logo-spyshop-02-1-3.jpg\",\"width\":1522,\"height\":435,\"caption\":\"SpyShop\"},\"image\":{\"@id\":\"https:\\\/\\\/www.spyshop.info\\\/#\\\/schema\\\/logo\\\/image\\\/\"}}]}<\/script>\n<!-- \/ Yoast SEO plugin. -->","yoast_head_json":{"title":"USB Stick Audio Recorder with Vox Control - SpyShop","description":"This USB stick is fully usable as such. He looks like a normal USB stick. But he has an excellent, hidden audio recorder.","robots":{"index":"index","follow":"follow","max-snippet":"max-snippet:-1","max-image-preview":"max-image-preview:large","max-video-preview":"max-video-preview:-1"},"canonical":"https:\/\/www.spyshop.info\/shop\/audioueberwachung\/aufnahmegeraete\/usb-stick-audio-recorder-mit-vox-steuerung\/","og_locale":"en_US","og_type":"article","og_title":"USB Stick Audio Recorder with Vox Control - SpyShop","og_description":"This USB stick is fully usable as such. He looks like a normal USB stick. But he has an excellent, hidden audio recorder.","og_url":"https:\/\/www.spyshop.info\/shop\/audioueberwachung\/aufnahmegeraete\/usb-stick-audio-recorder-mit-vox-steuerung\/","og_site_name":"SpyShop","article_modified_time":"2019-09-24T09:49:27+00:00","og_image":[{"width":1832,"height":1502,"url":"https:\/\/www.spyshop.info\/wp-content\/uploads\/2018\/01\/USB-A1-1.jpg","type":"image\/jpeg"}],"twitter_card":"summary_large_image","twitter_misc":{"Est. reading time":"1 minute"},"schema":{"@context":"https:\/\/schema.org","@graph":[{"@type":"WebPage","@id":"https:\/\/www.spyshop.info\/shop\/audioueberwachung\/aufnahmegeraete\/usb-stick-audio-recorder-mit-vox-steuerung\/","url":"https:\/\/www.spyshop.info\/shop\/audioueberwachung\/aufnahmegeraete\/usb-stick-audio-recorder-mit-vox-steuerung\/","name":"USB Stick Audio Recorder with Vox Control - SpyShop","isPartOf":{"@id":"https:\/\/www.spyshop.info\/#website"},"primaryImageOfPage":{"@id":"https:\/\/www.spyshop.info\/shop\/audioueberwachung\/aufnahmegeraete\/usb-stick-audio-recorder-mit-vox-steuerung\/#primaryimage"},"image":{"@id":"https:\/\/www.spyshop.info\/shop\/audioueberwachung\/aufnahmegeraete\/usb-stick-audio-recorder-mit-vox-steuerung\/#primaryimage"},"thumbnailUrl":"https:\/\/www.spyshop.info\/wp-content\/uploads\/2018\/01\/USB-A1-1.jpg","datePublished":"2018-01-28T16:45:51+00:00","dateModified":"2019-09-24T09:49:27+00:00","description":"This USB stick is fully usable as such. He looks like a normal USB stick. But he has an excellent, hidden audio recorder.","breadcrumb":{"@id":"https:\/\/www.spyshop.info\/shop\/audioueberwachung\/aufnahmegeraete\/usb-stick-audio-recorder-mit-vox-steuerung\/#breadcrumb"},"inLanguage":"en-US","potentialAction":[{"@type":"ReadAction","target":["https:\/\/www.spyshop.info\/shop\/audioueberwachung\/aufnahmegeraete\/usb-stick-audio-recorder-mit-vox-steuerung\/"]}]},{"@type":"ImageObject","inLanguage":"en-US","@id":"https:\/\/www.spyshop.info\/shop\/audioueberwachung\/aufnahmegeraete\/usb-stick-audio-recorder-mit-vox-steuerung\/#primaryimage","url":"https:\/\/www.spyshop.info\/wp-content\/uploads\/2018\/01\/USB-A1-1.jpg","contentUrl":"https:\/\/www.spyshop.info\/wp-content\/uploads\/2018\/01\/USB-A1-1.jpg","width":1832,"height":1502},{"@type":"BreadcrumbList","@id":"https:\/\/www.spyshop.info\/shop\/audioueberwachung\/aufnahmegeraete\/usb-stick-audio-recorder-mit-vox-steuerung\/#breadcrumb","itemListElement":[{"@type":"ListItem","position":1,"name":"Startseite","item":"https:\/\/www.spyshop.info\/en\/"},{"@type":"ListItem","position":2,"name":"Shop","item":"https:\/\/www.spyshop.info\/en\/shop\/"},{"@type":"ListItem","position":3,"name":"USB stick audio recorder with Vox control"}]},{"@type":"WebSite","@id":"https:\/\/www.spyshop.info\/#website","url":"https:\/\/www.spyshop.info\/","name":"SpyShop","description":"Abh\u00f6rger\u00e4te, GPS Sender, \u00dcberwachungskameras","publisher":{"@id":"https:\/\/www.spyshop.info\/#organization"},"potentialAction":[{"@type":"SearchAction","target":{"@type":"EntryPoint","urlTemplate":"https:\/\/www.spyshop.info\/?s={search_term_string}"},"query-input":{"@type":"PropertyValueSpecification","valueRequired":true,"valueName":"search_term_string"}}],"inLanguage":"en-US"},{"@type":"Organization","@id":"https:\/\/www.spyshop.info\/#organization","name":"SpyShop","url":"https:\/\/www.spyshop.info\/","logo":{"@type":"ImageObject","inLanguage":"en-US","@id":"https:\/\/www.spyshop.info\/#\/schema\/logo\/image\/","url":"https:\/\/www.spyshop.info\/wp-content\/uploads\/2016\/11\/cropped-logo-spyshop-02-1-3.jpg","contentUrl":"https:\/\/www.spyshop.info\/wp-content\/uploads\/2016\/11\/cropped-logo-spyshop-02-1-3.jpg","width":1522,"height":435,"caption":"SpyShop"},"image":{"@id":"https:\/\/www.spyshop.info\/#\/schema\/logo\/image\/"}}]}},"_links":{"self":[{"href":"https:\/\/www.spyshop.info\/en\/wp-json\/wp\/v2\/product\/1921","targetHints":{"allow":["GET"]}}],"collection":[{"href":"https:\/\/www.spyshop.info\/en\/wp-json\/wp\/v2\/product"}],"about":[{"href":"https:\/\/www.spyshop.info\/en\/wp-json\/wp\/v2\/types\/product"}],"version-history":[{"count":0,"href":"https:\/\/www.spyshop.info\/en\/wp-json\/wp\/v2\/product\/1921\/revisions"}],"wp:featuredmedia":[{"embeddable":true,"href":"https:\/\/www.spyshop.info\/en\/wp-json\/wp\/v2\/media\/1720"}],"wp:attachment":[{"href":"https:\/\/www.spyshop.info\/en\/wp-json\/wp\/v2\/media?parent=1921"}],"wp:term":[{"taxonomy":"product_brand","embeddable":true,"href":"https:\/\/www.spyshop.info\/en\/wp-json\/wp\/v2\/product_brand?post=1921"},{"taxonomy":"product_cat","embeddable":true,"href":"https:\/\/www.spyshop.info\/en\/wp-json\/wp\/v2\/product_cat?post=1921"},{"taxonomy":"product_tag","embeddable":true,"href":"https:\/\/www.spyshop.info\/en\/wp-json\/wp\/v2\/product_tag?post=1921"}],"curies":[{"name":"wp","href":"https:\/\/api.w.org\/{rel}","templated":true}]}}