{"id":1920,"date":"2017-09-03T13:38:14","date_gmt":"2017-09-03T11:38:14","guid":{"rendered":"https:\/\/www.spyshop.info\/shop\/unkategorisiert\/disguised-camcorder-in-a-power-bank-with-full-hd-night-vision-and-display\/"},"modified":"2020-01-21T14:38:57","modified_gmt":"2020-01-21T13:38:57","slug":"disguised-camcorder-in-a-power-bank-with-full-hd-night-vision-and-display","status":"publish","type":"product","link":"https:\/\/www.spyshop.info\/en\/shop\/video-surveillance\/hidden-cameras-with-recording\/disguised-camcorder-in-a-power-bank-with-full-hd-night-vision-and-display\/","title":{"rendered":"Disguised camcorder in a power bank with full HD, night vision and display"},"content":{"rendered":"<p>Power banks for charging smartphones and other devices are now commonplace in everyday life. Whether you have the device lying on the table in front of you in a bar, or in the office, at the conference table &#8211; nobody will suspect. In low light conditions, infrared LEDs, which are invisible to the human eye, provide better images. You can also view the recordings immediately via the integrated display or evaluate the inserted MicroSD card via PC \/ Mac.<\/p>\n<p>HD 1080P video mobile power camera, 8000mAh battery, 2.0inch LCD<br \/>\nVideo resolution: 1920X1080 \/ 1080P, 1440X1080 \/ 720P, 1280X720 \/ WVGA, 848X480 \/ VGA<br \/>\nRing data memory \/ Duration of each recording: off \/ 1 minute \/ 2 minutes \/ 3 minutes \/ 5 minutes \/ 10 minutes.<br \/>\nAudio: off \/ on<br \/>\nRecording time: off \/ on.<br \/>\nScreenprotection selectable<br \/>\nLanguages: English \/ Chinese \/ Chinese \/ Japanese \/ Korean \/ Russian<br \/>\nNight vision: off \/ on.<br \/>\nMemory can be formatted in the device<br \/>\nStorage Type: MicroSD card<br \/>\nUp to: 32GB<br \/>\nFiles in the device can be deleted<br \/>\nRecording time: up to 8 hours<\/p>\n","protected":false},"excerpt":{"rendered":"<p>This power bank, which you can also use to charge mobile phones, has it all. 8.000mAh provide full power and if you are not sure whether it is well placed for your desired shots, just turn on the built-in LCD screen briefly, look at the current image, correct the positioning and then let the device just do its job.<\/p>\n","protected":false},"featured_media":1543,"template":"","meta":[],"product_brand":[],"product_cat":[167,164],"product_tag":[],"class_list":{"0":"post-1920","1":"product","2":"type-product","3":"status-publish","4":"has-post-thumbnail","6":"product_cat-hidden-cameras-with-recording","7":"product_cat-video-surveillance","9":"first","10":"instock","11":"taxable","12":"shipping-taxable","13":"purchasable","14":"product-type-simple"},"yoast_head":"<!-- This site is optimized with the Yoast SEO plugin v27.4 - https:\/\/yoast.com\/product\/yoast-seo-wordpress\/ -->\n<title>Camouflaged camcorder - Powerbank \u26a1 Camouflaged surveillance cameras<\/title>\n<meta name=\"description\" content=\"Camouflaged camcorder in the power bank with full HD, night vision and display. This power bank can take razor-sharp pictures.\" \/>\n<meta name=\"robots\" content=\"index, follow, max-snippet:-1, max-image-preview:large, max-video-preview:-1\" \/>\n<link rel=\"canonical\" href=\"https:\/\/www.spyshop.info\/en\/shop\/video-surveillance\/hidden-cameras-with-recording\/disguised-camcorder-in-a-power-bank-with-full-hd-night-vision-and-display\/\" \/>\n<meta property=\"og:locale\" content=\"en_US\" \/>\n<meta property=\"og:type\" content=\"article\" \/>\n<meta property=\"og:title\" content=\"Camouflaged camcorder - Powerbank \u26a1 Camouflaged surveillance cameras\" \/>\n<meta property=\"og:description\" content=\"Camouflaged camcorder in the power bank with full HD, night vision and display. This power bank can take razor-sharp pictures.\" \/>\n<meta property=\"og:url\" content=\"https:\/\/www.spyshop.info\/en\/shop\/video-surveillance\/hidden-cameras-with-recording\/disguised-camcorder-in-a-power-bank-with-full-hd-night-vision-and-display\/\" \/>\n<meta property=\"og:site_name\" content=\"SpyShop\" \/>\n<meta property=\"article:modified_time\" content=\"2020-01-21T13:38:57+00:00\" \/>\n<meta property=\"og:image\" content=\"https:\/\/www.spyshop.info\/wp-content\/uploads\/2017\/09\/PowTankLCD1.jpg\" \/>\n\t<meta property=\"og:image:width\" content=\"750\" \/>\n\t<meta property=\"og:image:height\" content=\"750\" \/>\n\t<meta property=\"og:image:type\" content=\"image\/jpeg\" \/>\n<meta name=\"twitter:card\" content=\"summary_large_image\" \/>\n<meta name=\"twitter:label1\" content=\"Est. reading time\" \/>\n\t<meta name=\"twitter:data1\" content=\"1 minute\" \/>\n<script type=\"application\/ld+json\" class=\"yoast-schema-graph\">{\"@context\":\"https:\\\/\\\/schema.org\",\"@graph\":[{\"@type\":\"WebPage\",\"@id\":\"https:\\\/\\\/www.spyshop.info\\\/en\\\/shop\\\/video-surveillance\\\/hidden-cameras-with-recording\\\/disguised-camcorder-in-a-power-bank-with-full-hd-night-vision-and-display\\\/\",\"url\":\"https:\\\/\\\/www.spyshop.info\\\/en\\\/shop\\\/video-surveillance\\\/hidden-cameras-with-recording\\\/disguised-camcorder-in-a-power-bank-with-full-hd-night-vision-and-display\\\/\",\"name\":\"Camouflaged camcorder - Powerbank \u26a1 Camouflaged surveillance cameras\",\"isPartOf\":{\"@id\":\"https:\\\/\\\/www.spyshop.info\\\/#website\"},\"primaryImageOfPage\":{\"@id\":\"https:\\\/\\\/www.spyshop.info\\\/en\\\/shop\\\/video-surveillance\\\/hidden-cameras-with-recording\\\/disguised-camcorder-in-a-power-bank-with-full-hd-night-vision-and-display\\\/#primaryimage\"},\"image\":{\"@id\":\"https:\\\/\\\/www.spyshop.info\\\/en\\\/shop\\\/video-surveillance\\\/hidden-cameras-with-recording\\\/disguised-camcorder-in-a-power-bank-with-full-hd-night-vision-and-display\\\/#primaryimage\"},\"thumbnailUrl\":\"https:\\\/\\\/www.spyshop.info\\\/wp-content\\\/uploads\\\/2017\\\/09\\\/PowTankLCD1.jpg\",\"datePublished\":\"2017-09-03T11:38:14+00:00\",\"dateModified\":\"2020-01-21T13:38:57+00:00\",\"description\":\"Camouflaged camcorder in the power bank with full HD, night vision and display. This power bank can take razor-sharp pictures.\",\"breadcrumb\":{\"@id\":\"https:\\\/\\\/www.spyshop.info\\\/en\\\/shop\\\/video-surveillance\\\/hidden-cameras-with-recording\\\/disguised-camcorder-in-a-power-bank-with-full-hd-night-vision-and-display\\\/#breadcrumb\"},\"inLanguage\":\"en-US\",\"potentialAction\":[{\"@type\":\"ReadAction\",\"target\":[\"https:\\\/\\\/www.spyshop.info\\\/en\\\/shop\\\/video-surveillance\\\/hidden-cameras-with-recording\\\/disguised-camcorder-in-a-power-bank-with-full-hd-night-vision-and-display\\\/\"]}]},{\"@type\":\"ImageObject\",\"inLanguage\":\"en-US\",\"@id\":\"https:\\\/\\\/www.spyshop.info\\\/en\\\/shop\\\/video-surveillance\\\/hidden-cameras-with-recording\\\/disguised-camcorder-in-a-power-bank-with-full-hd-night-vision-and-display\\\/#primaryimage\",\"url\":\"https:\\\/\\\/www.spyshop.info\\\/wp-content\\\/uploads\\\/2017\\\/09\\\/PowTankLCD1.jpg\",\"contentUrl\":\"https:\\\/\\\/www.spyshop.info\\\/wp-content\\\/uploads\\\/2017\\\/09\\\/PowTankLCD1.jpg\",\"width\":750,\"height\":750},{\"@type\":\"BreadcrumbList\",\"@id\":\"https:\\\/\\\/www.spyshop.info\\\/en\\\/shop\\\/video-surveillance\\\/hidden-cameras-with-recording\\\/disguised-camcorder-in-a-power-bank-with-full-hd-night-vision-and-display\\\/#breadcrumb\",\"itemListElement\":[{\"@type\":\"ListItem\",\"position\":1,\"name\":\"Startseite\",\"item\":\"https:\\\/\\\/www.spyshop.info\\\/en\\\/\"},{\"@type\":\"ListItem\",\"position\":2,\"name\":\"Shop\",\"item\":\"https:\\\/\\\/www.spyshop.info\\\/en\\\/shop\\\/\"},{\"@type\":\"ListItem\",\"position\":3,\"name\":\"Disguised camcorder in a power bank with full HD, night vision and display\"}]},{\"@type\":\"WebSite\",\"@id\":\"https:\\\/\\\/www.spyshop.info\\\/#website\",\"url\":\"https:\\\/\\\/www.spyshop.info\\\/\",\"name\":\"SpyShop\",\"description\":\"Abh\u00f6rger\u00e4te, GPS Sender, \u00dcberwachungskameras\",\"publisher\":{\"@id\":\"https:\\\/\\\/www.spyshop.info\\\/#organization\"},\"potentialAction\":[{\"@type\":\"SearchAction\",\"target\":{\"@type\":\"EntryPoint\",\"urlTemplate\":\"https:\\\/\\\/www.spyshop.info\\\/?s={search_term_string}\"},\"query-input\":{\"@type\":\"PropertyValueSpecification\",\"valueRequired\":true,\"valueName\":\"search_term_string\"}}],\"inLanguage\":\"en-US\"},{\"@type\":\"Organization\",\"@id\":\"https:\\\/\\\/www.spyshop.info\\\/#organization\",\"name\":\"SpyShop\",\"url\":\"https:\\\/\\\/www.spyshop.info\\\/\",\"logo\":{\"@type\":\"ImageObject\",\"inLanguage\":\"en-US\",\"@id\":\"https:\\\/\\\/www.spyshop.info\\\/#\\\/schema\\\/logo\\\/image\\\/\",\"url\":\"https:\\\/\\\/www.spyshop.info\\\/wp-content\\\/uploads\\\/2016\\\/11\\\/cropped-logo-spyshop-02-1-3.jpg\",\"contentUrl\":\"https:\\\/\\\/www.spyshop.info\\\/wp-content\\\/uploads\\\/2016\\\/11\\\/cropped-logo-spyshop-02-1-3.jpg\",\"width\":1522,\"height\":435,\"caption\":\"SpyShop\"},\"image\":{\"@id\":\"https:\\\/\\\/www.spyshop.info\\\/#\\\/schema\\\/logo\\\/image\\\/\"}}]}<\/script>\n<!-- \/ Yoast SEO plugin. -->","yoast_head_json":{"title":"Camouflaged camcorder - Powerbank \u26a1 Camouflaged surveillance cameras","description":"Camouflaged camcorder in the power bank with full HD, night vision and display. This power bank can take razor-sharp pictures.","robots":{"index":"index","follow":"follow","max-snippet":"max-snippet:-1","max-image-preview":"max-image-preview:large","max-video-preview":"max-video-preview:-1"},"canonical":"https:\/\/www.spyshop.info\/en\/shop\/video-surveillance\/hidden-cameras-with-recording\/disguised-camcorder-in-a-power-bank-with-full-hd-night-vision-and-display\/","og_locale":"en_US","og_type":"article","og_title":"Camouflaged camcorder - Powerbank \u26a1 Camouflaged surveillance cameras","og_description":"Camouflaged camcorder in the power bank with full HD, night vision and display. This power bank can take razor-sharp pictures.","og_url":"https:\/\/www.spyshop.info\/en\/shop\/video-surveillance\/hidden-cameras-with-recording\/disguised-camcorder-in-a-power-bank-with-full-hd-night-vision-and-display\/","og_site_name":"SpyShop","article_modified_time":"2020-01-21T13:38:57+00:00","og_image":[{"width":750,"height":750,"url":"https:\/\/www.spyshop.info\/wp-content\/uploads\/2017\/09\/PowTankLCD1.jpg","type":"image\/jpeg"}],"twitter_card":"summary_large_image","twitter_misc":{"Est. reading time":"1 minute"},"schema":{"@context":"https:\/\/schema.org","@graph":[{"@type":"WebPage","@id":"https:\/\/www.spyshop.info\/en\/shop\/video-surveillance\/hidden-cameras-with-recording\/disguised-camcorder-in-a-power-bank-with-full-hd-night-vision-and-display\/","url":"https:\/\/www.spyshop.info\/en\/shop\/video-surveillance\/hidden-cameras-with-recording\/disguised-camcorder-in-a-power-bank-with-full-hd-night-vision-and-display\/","name":"Camouflaged camcorder - Powerbank \u26a1 Camouflaged surveillance cameras","isPartOf":{"@id":"https:\/\/www.spyshop.info\/#website"},"primaryImageOfPage":{"@id":"https:\/\/www.spyshop.info\/en\/shop\/video-surveillance\/hidden-cameras-with-recording\/disguised-camcorder-in-a-power-bank-with-full-hd-night-vision-and-display\/#primaryimage"},"image":{"@id":"https:\/\/www.spyshop.info\/en\/shop\/video-surveillance\/hidden-cameras-with-recording\/disguised-camcorder-in-a-power-bank-with-full-hd-night-vision-and-display\/#primaryimage"},"thumbnailUrl":"https:\/\/www.spyshop.info\/wp-content\/uploads\/2017\/09\/PowTankLCD1.jpg","datePublished":"2017-09-03T11:38:14+00:00","dateModified":"2020-01-21T13:38:57+00:00","description":"Camouflaged camcorder in the power bank with full HD, night vision and display. This power bank can take razor-sharp pictures.","breadcrumb":{"@id":"https:\/\/www.spyshop.info\/en\/shop\/video-surveillance\/hidden-cameras-with-recording\/disguised-camcorder-in-a-power-bank-with-full-hd-night-vision-and-display\/#breadcrumb"},"inLanguage":"en-US","potentialAction":[{"@type":"ReadAction","target":["https:\/\/www.spyshop.info\/en\/shop\/video-surveillance\/hidden-cameras-with-recording\/disguised-camcorder-in-a-power-bank-with-full-hd-night-vision-and-display\/"]}]},{"@type":"ImageObject","inLanguage":"en-US","@id":"https:\/\/www.spyshop.info\/en\/shop\/video-surveillance\/hidden-cameras-with-recording\/disguised-camcorder-in-a-power-bank-with-full-hd-night-vision-and-display\/#primaryimage","url":"https:\/\/www.spyshop.info\/wp-content\/uploads\/2017\/09\/PowTankLCD1.jpg","contentUrl":"https:\/\/www.spyshop.info\/wp-content\/uploads\/2017\/09\/PowTankLCD1.jpg","width":750,"height":750},{"@type":"BreadcrumbList","@id":"https:\/\/www.spyshop.info\/en\/shop\/video-surveillance\/hidden-cameras-with-recording\/disguised-camcorder-in-a-power-bank-with-full-hd-night-vision-and-display\/#breadcrumb","itemListElement":[{"@type":"ListItem","position":1,"name":"Startseite","item":"https:\/\/www.spyshop.info\/en\/"},{"@type":"ListItem","position":2,"name":"Shop","item":"https:\/\/www.spyshop.info\/en\/shop\/"},{"@type":"ListItem","position":3,"name":"Disguised camcorder in a power bank with full HD, night vision and display"}]},{"@type":"WebSite","@id":"https:\/\/www.spyshop.info\/#website","url":"https:\/\/www.spyshop.info\/","name":"SpyShop","description":"Abh\u00f6rger\u00e4te, GPS Sender, \u00dcberwachungskameras","publisher":{"@id":"https:\/\/www.spyshop.info\/#organization"},"potentialAction":[{"@type":"SearchAction","target":{"@type":"EntryPoint","urlTemplate":"https:\/\/www.spyshop.info\/?s={search_term_string}"},"query-input":{"@type":"PropertyValueSpecification","valueRequired":true,"valueName":"search_term_string"}}],"inLanguage":"en-US"},{"@type":"Organization","@id":"https:\/\/www.spyshop.info\/#organization","name":"SpyShop","url":"https:\/\/www.spyshop.info\/","logo":{"@type":"ImageObject","inLanguage":"en-US","@id":"https:\/\/www.spyshop.info\/#\/schema\/logo\/image\/","url":"https:\/\/www.spyshop.info\/wp-content\/uploads\/2016\/11\/cropped-logo-spyshop-02-1-3.jpg","contentUrl":"https:\/\/www.spyshop.info\/wp-content\/uploads\/2016\/11\/cropped-logo-spyshop-02-1-3.jpg","width":1522,"height":435,"caption":"SpyShop"},"image":{"@id":"https:\/\/www.spyshop.info\/#\/schema\/logo\/image\/"}}]}},"_links":{"self":[{"href":"https:\/\/www.spyshop.info\/en\/wp-json\/wp\/v2\/product\/1920","targetHints":{"allow":["GET"]}}],"collection":[{"href":"https:\/\/www.spyshop.info\/en\/wp-json\/wp\/v2\/product"}],"about":[{"href":"https:\/\/www.spyshop.info\/en\/wp-json\/wp\/v2\/types\/product"}],"version-history":[{"count":0,"href":"https:\/\/www.spyshop.info\/en\/wp-json\/wp\/v2\/product\/1920\/revisions"}],"wp:featuredmedia":[{"embeddable":true,"href":"https:\/\/www.spyshop.info\/en\/wp-json\/wp\/v2\/media\/1543"}],"wp:attachment":[{"href":"https:\/\/www.spyshop.info\/en\/wp-json\/wp\/v2\/media?parent=1920"}],"wp:term":[{"taxonomy":"product_brand","embeddable":true,"href":"https:\/\/www.spyshop.info\/en\/wp-json\/wp\/v2\/product_brand?post=1920"},{"taxonomy":"product_cat","embeddable":true,"href":"https:\/\/www.spyshop.info\/en\/wp-json\/wp\/v2\/product_cat?post=1920"},{"taxonomy":"product_tag","embeddable":true,"href":"https:\/\/www.spyshop.info\/en\/wp-json\/wp\/v2\/product_tag?post=1920"}],"curies":[{"name":"wp","href":"https:\/\/api.w.org\/{rel}","templated":true}]}}