{"id":1918,"date":"2017-09-05T10:15:27","date_gmt":"2017-09-05T08:15:27","guid":{"rendered":"https:\/\/www.spyshop.info\/shop\/unkategorisiert\/pocket-sized-camera-lens-finder\/"},"modified":"2020-01-21T15:55:23","modified_gmt":"2020-01-21T14:55:23","slug":"pocket-sized-camera-lens-finder","status":"publish","type":"product","link":"https:\/\/www.spyshop.info\/en\/shop\/other\/counter-surveillance\/pocket-sized-camera-lens-finder\/","title":{"rendered":"Pocket-sized camera lens finder"},"content":{"rendered":"<p>Without technical precognition, you can use the device immediately as soon as you have charged it. Switch on the device, select the light frequency of the diodes via the switch on the back and hold the device in front of the eye. As soon as you look through the round window and move around with the device in the room, you will see every camera lens through the reflection, even when it is really well camouflaged in an everyday object. There is no easier way to protect yourself and your privacy.<\/p>\n<p>Technical specifications:<br \/>\n\u2022 Detects CCD and CMOS cameras<br \/>\n\u2022 Built-in, extremely bright LEDs up to 110000 CMD brightness<br \/>\n\u2022 Mini size, barely larger than a matchbox (42x48x9mm)<br \/>\n\u2022 5 modes for the light intervals, easy to use<br \/>\n\u2022 Built-in, strong and rechargeable Lion battery<br \/>\n\u2022 Power: built-in battery 3.7V 500mA<br \/>\n\u2022 Charge: 5-6VDC 500mA<br \/>\n\u2022 Power consumption: less than 100mA<\/p>\n<p>Scope of Delivery:<\/p>\n<p>\u2022 Camera Finder<br \/>\n\u2022 Charger<\/p>\n","protected":false},"excerpt":{"rendered":"<p>You are not sure if you are being watched by hidden cameras? We have a reliable but simple solution for you. Soon you can sleep peacefully again!<\/p>\n","protected":false},"featured_media":1575,"template":"","meta":[],"product_brand":[],"product_cat":[163,155],"product_tag":[],"class_list":{"0":"post-1918","1":"product","2":"type-product","3":"status-publish","4":"has-post-thumbnail","6":"product_cat-counter-surveillance","7":"product_cat-other","9":"first","10":"outofstock","11":"taxable","12":"shipping-taxable","13":"purchasable","14":"product-type-simple"},"yoast_head":"<!-- This site is optimized with the Yoast SEO plugin v27.4 - https:\/\/yoast.com\/product\/yoast-seo-wordpress\/ -->\n<title>Pocket-sized camera lens finder - SpyShop<\/title>\n<meta name=\"description\" content=\"Not sure if you are being monitored by hidden cameras? We have a reliable but simple solution for you. Soon you can sleep peacefully again!\" \/>\n<meta name=\"robots\" content=\"index, follow, max-snippet:-1, max-image-preview:large, max-video-preview:-1\" \/>\n<link rel=\"canonical\" href=\"https:\/\/www.spyshop.info\/en\/shop\/other\/counter-surveillance\/pocket-sized-camera-lens-finder\/\" \/>\n<meta property=\"og:locale\" content=\"en_US\" \/>\n<meta property=\"og:type\" content=\"article\" \/>\n<meta property=\"og:title\" content=\"Pocket-sized camera lens finder - SpyShop\" \/>\n<meta property=\"og:description\" content=\"Not sure if you are being monitored by hidden cameras? We have a reliable but simple solution for you. Soon you can sleep peacefully again!\" \/>\n<meta property=\"og:url\" content=\"https:\/\/www.spyshop.info\/en\/shop\/other\/counter-surveillance\/pocket-sized-camera-lens-finder\/\" \/>\n<meta property=\"og:site_name\" content=\"SpyShop\" \/>\n<meta property=\"article:modified_time\" content=\"2020-01-21T14:55:23+00:00\" \/>\n<meta property=\"og:image\" content=\"https:\/\/www.spyshop.info\/wp-content\/uploads\/2017\/09\/LFB1.jpg\" \/>\n\t<meta property=\"og:image:width\" content=\"3072\" \/>\n\t<meta property=\"og:image:height\" content=\"2304\" \/>\n\t<meta property=\"og:image:type\" content=\"image\/jpeg\" \/>\n<meta name=\"twitter:card\" content=\"summary_large_image\" \/>\n<meta name=\"twitter:label1\" content=\"Est. reading time\" \/>\n\t<meta name=\"twitter:data1\" content=\"1 minute\" \/>\n<script type=\"application\/ld+json\" class=\"yoast-schema-graph\">{\"@context\":\"https:\\\/\\\/schema.org\",\"@graph\":[{\"@type\":\"WebPage\",\"@id\":\"https:\\\/\\\/www.spyshop.info\\\/en\\\/shop\\\/other\\\/counter-surveillance\\\/pocket-sized-camera-lens-finder\\\/\",\"url\":\"https:\\\/\\\/www.spyshop.info\\\/en\\\/shop\\\/other\\\/counter-surveillance\\\/pocket-sized-camera-lens-finder\\\/\",\"name\":\"Pocket-sized camera lens finder - SpyShop\",\"isPartOf\":{\"@id\":\"https:\\\/\\\/www.spyshop.info\\\/#website\"},\"primaryImageOfPage\":{\"@id\":\"https:\\\/\\\/www.spyshop.info\\\/en\\\/shop\\\/other\\\/counter-surveillance\\\/pocket-sized-camera-lens-finder\\\/#primaryimage\"},\"image\":{\"@id\":\"https:\\\/\\\/www.spyshop.info\\\/en\\\/shop\\\/other\\\/counter-surveillance\\\/pocket-sized-camera-lens-finder\\\/#primaryimage\"},\"thumbnailUrl\":\"https:\\\/\\\/www.spyshop.info\\\/wp-content\\\/uploads\\\/2017\\\/09\\\/LFB1.jpg\",\"datePublished\":\"2017-09-05T08:15:27+00:00\",\"dateModified\":\"2020-01-21T14:55:23+00:00\",\"description\":\"Not sure if you are being monitored by hidden cameras? We have a reliable but simple solution for you. Soon you can sleep peacefully again!\",\"breadcrumb\":{\"@id\":\"https:\\\/\\\/www.spyshop.info\\\/en\\\/shop\\\/other\\\/counter-surveillance\\\/pocket-sized-camera-lens-finder\\\/#breadcrumb\"},\"inLanguage\":\"en-US\",\"potentialAction\":[{\"@type\":\"ReadAction\",\"target\":[\"https:\\\/\\\/www.spyshop.info\\\/en\\\/shop\\\/other\\\/counter-surveillance\\\/pocket-sized-camera-lens-finder\\\/\"]}]},{\"@type\":\"ImageObject\",\"inLanguage\":\"en-US\",\"@id\":\"https:\\\/\\\/www.spyshop.info\\\/en\\\/shop\\\/other\\\/counter-surveillance\\\/pocket-sized-camera-lens-finder\\\/#primaryimage\",\"url\":\"https:\\\/\\\/www.spyshop.info\\\/wp-content\\\/uploads\\\/2017\\\/09\\\/LFB1.jpg\",\"contentUrl\":\"https:\\\/\\\/www.spyshop.info\\\/wp-content\\\/uploads\\\/2017\\\/09\\\/LFB1.jpg\",\"width\":3072,\"height\":2304},{\"@type\":\"BreadcrumbList\",\"@id\":\"https:\\\/\\\/www.spyshop.info\\\/en\\\/shop\\\/other\\\/counter-surveillance\\\/pocket-sized-camera-lens-finder\\\/#breadcrumb\",\"itemListElement\":[{\"@type\":\"ListItem\",\"position\":1,\"name\":\"Startseite\",\"item\":\"https:\\\/\\\/www.spyshop.info\\\/en\\\/\"},{\"@type\":\"ListItem\",\"position\":2,\"name\":\"Shop\",\"item\":\"https:\\\/\\\/www.spyshop.info\\\/en\\\/shop\\\/\"},{\"@type\":\"ListItem\",\"position\":3,\"name\":\"Pocket-sized camera lens finder\"}]},{\"@type\":\"WebSite\",\"@id\":\"https:\\\/\\\/www.spyshop.info\\\/#website\",\"url\":\"https:\\\/\\\/www.spyshop.info\\\/\",\"name\":\"SpyShop\",\"description\":\"Abh\u00f6rger\u00e4te, GPS Sender, \u00dcberwachungskameras\",\"publisher\":{\"@id\":\"https:\\\/\\\/www.spyshop.info\\\/#organization\"},\"potentialAction\":[{\"@type\":\"SearchAction\",\"target\":{\"@type\":\"EntryPoint\",\"urlTemplate\":\"https:\\\/\\\/www.spyshop.info\\\/?s={search_term_string}\"},\"query-input\":{\"@type\":\"PropertyValueSpecification\",\"valueRequired\":true,\"valueName\":\"search_term_string\"}}],\"inLanguage\":\"en-US\"},{\"@type\":\"Organization\",\"@id\":\"https:\\\/\\\/www.spyshop.info\\\/#organization\",\"name\":\"SpyShop\",\"url\":\"https:\\\/\\\/www.spyshop.info\\\/\",\"logo\":{\"@type\":\"ImageObject\",\"inLanguage\":\"en-US\",\"@id\":\"https:\\\/\\\/www.spyshop.info\\\/#\\\/schema\\\/logo\\\/image\\\/\",\"url\":\"https:\\\/\\\/www.spyshop.info\\\/wp-content\\\/uploads\\\/2016\\\/11\\\/cropped-logo-spyshop-02-1-3.jpg\",\"contentUrl\":\"https:\\\/\\\/www.spyshop.info\\\/wp-content\\\/uploads\\\/2016\\\/11\\\/cropped-logo-spyshop-02-1-3.jpg\",\"width\":1522,\"height\":435,\"caption\":\"SpyShop\"},\"image\":{\"@id\":\"https:\\\/\\\/www.spyshop.info\\\/#\\\/schema\\\/logo\\\/image\\\/\"}}]}<\/script>\n<!-- \/ Yoast SEO plugin. -->","yoast_head_json":{"title":"Pocket-sized camera lens finder - SpyShop","description":"Not sure if you are being monitored by hidden cameras? We have a reliable but simple solution for you. Soon you can sleep peacefully again!","robots":{"index":"index","follow":"follow","max-snippet":"max-snippet:-1","max-image-preview":"max-image-preview:large","max-video-preview":"max-video-preview:-1"},"canonical":"https:\/\/www.spyshop.info\/en\/shop\/other\/counter-surveillance\/pocket-sized-camera-lens-finder\/","og_locale":"en_US","og_type":"article","og_title":"Pocket-sized camera lens finder - SpyShop","og_description":"Not sure if you are being monitored by hidden cameras? We have a reliable but simple solution for you. Soon you can sleep peacefully again!","og_url":"https:\/\/www.spyshop.info\/en\/shop\/other\/counter-surveillance\/pocket-sized-camera-lens-finder\/","og_site_name":"SpyShop","article_modified_time":"2020-01-21T14:55:23+00:00","og_image":[{"width":3072,"height":2304,"url":"https:\/\/www.spyshop.info\/wp-content\/uploads\/2017\/09\/LFB1.jpg","type":"image\/jpeg"}],"twitter_card":"summary_large_image","twitter_misc":{"Est. reading time":"1 minute"},"schema":{"@context":"https:\/\/schema.org","@graph":[{"@type":"WebPage","@id":"https:\/\/www.spyshop.info\/en\/shop\/other\/counter-surveillance\/pocket-sized-camera-lens-finder\/","url":"https:\/\/www.spyshop.info\/en\/shop\/other\/counter-surveillance\/pocket-sized-camera-lens-finder\/","name":"Pocket-sized camera lens finder - SpyShop","isPartOf":{"@id":"https:\/\/www.spyshop.info\/#website"},"primaryImageOfPage":{"@id":"https:\/\/www.spyshop.info\/en\/shop\/other\/counter-surveillance\/pocket-sized-camera-lens-finder\/#primaryimage"},"image":{"@id":"https:\/\/www.spyshop.info\/en\/shop\/other\/counter-surveillance\/pocket-sized-camera-lens-finder\/#primaryimage"},"thumbnailUrl":"https:\/\/www.spyshop.info\/wp-content\/uploads\/2017\/09\/LFB1.jpg","datePublished":"2017-09-05T08:15:27+00:00","dateModified":"2020-01-21T14:55:23+00:00","description":"Not sure if you are being monitored by hidden cameras? We have a reliable but simple solution for you. Soon you can sleep peacefully again!","breadcrumb":{"@id":"https:\/\/www.spyshop.info\/en\/shop\/other\/counter-surveillance\/pocket-sized-camera-lens-finder\/#breadcrumb"},"inLanguage":"en-US","potentialAction":[{"@type":"ReadAction","target":["https:\/\/www.spyshop.info\/en\/shop\/other\/counter-surveillance\/pocket-sized-camera-lens-finder\/"]}]},{"@type":"ImageObject","inLanguage":"en-US","@id":"https:\/\/www.spyshop.info\/en\/shop\/other\/counter-surveillance\/pocket-sized-camera-lens-finder\/#primaryimage","url":"https:\/\/www.spyshop.info\/wp-content\/uploads\/2017\/09\/LFB1.jpg","contentUrl":"https:\/\/www.spyshop.info\/wp-content\/uploads\/2017\/09\/LFB1.jpg","width":3072,"height":2304},{"@type":"BreadcrumbList","@id":"https:\/\/www.spyshop.info\/en\/shop\/other\/counter-surveillance\/pocket-sized-camera-lens-finder\/#breadcrumb","itemListElement":[{"@type":"ListItem","position":1,"name":"Startseite","item":"https:\/\/www.spyshop.info\/en\/"},{"@type":"ListItem","position":2,"name":"Shop","item":"https:\/\/www.spyshop.info\/en\/shop\/"},{"@type":"ListItem","position":3,"name":"Pocket-sized camera lens finder"}]},{"@type":"WebSite","@id":"https:\/\/www.spyshop.info\/#website","url":"https:\/\/www.spyshop.info\/","name":"SpyShop","description":"Abh\u00f6rger\u00e4te, GPS Sender, \u00dcberwachungskameras","publisher":{"@id":"https:\/\/www.spyshop.info\/#organization"},"potentialAction":[{"@type":"SearchAction","target":{"@type":"EntryPoint","urlTemplate":"https:\/\/www.spyshop.info\/?s={search_term_string}"},"query-input":{"@type":"PropertyValueSpecification","valueRequired":true,"valueName":"search_term_string"}}],"inLanguage":"en-US"},{"@type":"Organization","@id":"https:\/\/www.spyshop.info\/#organization","name":"SpyShop","url":"https:\/\/www.spyshop.info\/","logo":{"@type":"ImageObject","inLanguage":"en-US","@id":"https:\/\/www.spyshop.info\/#\/schema\/logo\/image\/","url":"https:\/\/www.spyshop.info\/wp-content\/uploads\/2016\/11\/cropped-logo-spyshop-02-1-3.jpg","contentUrl":"https:\/\/www.spyshop.info\/wp-content\/uploads\/2016\/11\/cropped-logo-spyshop-02-1-3.jpg","width":1522,"height":435,"caption":"SpyShop"},"image":{"@id":"https:\/\/www.spyshop.info\/#\/schema\/logo\/image\/"}}]}},"_links":{"self":[{"href":"https:\/\/www.spyshop.info\/en\/wp-json\/wp\/v2\/product\/1918","targetHints":{"allow":["GET"]}}],"collection":[{"href":"https:\/\/www.spyshop.info\/en\/wp-json\/wp\/v2\/product"}],"about":[{"href":"https:\/\/www.spyshop.info\/en\/wp-json\/wp\/v2\/types\/product"}],"version-history":[{"count":0,"href":"https:\/\/www.spyshop.info\/en\/wp-json\/wp\/v2\/product\/1918\/revisions"}],"wp:featuredmedia":[{"embeddable":true,"href":"https:\/\/www.spyshop.info\/en\/wp-json\/wp\/v2\/media\/1575"}],"wp:attachment":[{"href":"https:\/\/www.spyshop.info\/en\/wp-json\/wp\/v2\/media?parent=1918"}],"wp:term":[{"taxonomy":"product_brand","embeddable":true,"href":"https:\/\/www.spyshop.info\/en\/wp-json\/wp\/v2\/product_brand?post=1918"},{"taxonomy":"product_cat","embeddable":true,"href":"https:\/\/www.spyshop.info\/en\/wp-json\/wp\/v2\/product_cat?post=1918"},{"taxonomy":"product_tag","embeddable":true,"href":"https:\/\/www.spyshop.info\/en\/wp-json\/wp\/v2\/product_tag?post=1918"}],"curies":[{"name":"wp","href":"https:\/\/api.w.org\/{rel}","templated":true}]}}