{"id":1489,"date":"2017-08-10T12:42:49","date_gmt":"2017-08-10T10:42:49","guid":{"rendered":"https:\/\/www.spyshop.info\/shop\/unkategorisiert\/ball-pen-camera-with-2k-full-hd-resolution\/"},"modified":"2020-01-21T15:04:23","modified_gmt":"2020-01-21T14:04:23","slug":"ball-pen-camera-with-2k-full-hd-resolution","status":"publish","type":"product","link":"https:\/\/www.spyshop.info\/en\/shop\/video-surveillance\/hidden-cameras-with-recording\/ball-pen-camera-with-2k-full-hd-resolution\/","title":{"rendered":"Ball pen camera with 2K full HD resolution"},"content":{"rendered":"<p>The resolution of 2304 x 1296 pixels at 30 frames per second has completely convinced us after detailed tests. The built-in rechargeable battery ensures a recording time of up to 60 minutes. The integrated memory of 16GB is read out by connecting the camera via USB to the computer. Do you want to record enquiries \/ questionings or witnesses or perhaps important meetings? With the 2K-Pen you will be really satisfied. Picture and sound are in immaculate quality!<\/p>\n<p>\u2022 Viewing angle: 65 \u00b0<br \/>\n\u2022 Minimum lighting: 1 lux<br \/>\n\u2022 Video format: MOV<br \/>\n\u2022 Video Compression: H.264<br \/>\n\u2022 Video resolutions: 30fps \/ 60fps, 1280&#215;720 (30fps), 1920 x 1080 (30fps)<br \/>\n\u2022 Photo resolution: 4352 x 3264 (JPG)<br \/>\n\u2022 Memory: 16 GB integrated<br \/>\n\u2022 USB interface: 2.0<br \/>\n\u2022 Battery capacity: 380mAh, up to 60 minutes running time<br \/>\n\u2022 Battery charging: via USB<br \/>\n\u2022 Dimensions: approx. 155 mm (length) x 15 mm (diameter)<br \/>\n\u2022 Weight: approx. 50g<\/p>\n","protected":false},"excerpt":{"rendered":"<p>For a long time we have refused to include ball-point cameras into our product range. The present one has, however, convinced even professional investigators so that we offer the ball pen camera from now on.<\/p>\n","protected":false},"featured_media":1442,"template":"","meta":[],"product_brand":[],"product_cat":[167,164],"product_tag":[],"class_list":{"0":"post-1489","1":"product","2":"type-product","3":"status-publish","4":"has-post-thumbnail","6":"product_cat-hidden-cameras-with-recording","7":"product_cat-video-surveillance","9":"first","10":"outofstock","11":"taxable","12":"shipping-taxable","13":"purchasable","14":"product-type-simple"},"yoast_head":"<!-- This site is optimized with the Yoast SEO plugin v27.5 - https:\/\/yoast.com\/product\/yoast-seo-wordpress\/ -->\n<title>Ballpoint pen camera with 2K full HD resolution - SpyShop<\/title>\n<meta name=\"description\" content=\"For a long time we didn&#039;t want to include ballpoint pen cameras in our range. But the present one has even convinced professional investigators to such an extent that we are now offering it.\" \/>\n<meta name=\"robots\" content=\"index, follow, max-snippet:-1, max-image-preview:large, max-video-preview:-1\" \/>\n<link rel=\"canonical\" href=\"https:\/\/www.spyshop.info\/en\/shop\/video-surveillance\/hidden-cameras-with-recording\/ball-pen-camera-with-2k-full-hd-resolution\/\" \/>\n<meta property=\"og:locale\" content=\"en_US\" \/>\n<meta property=\"og:type\" content=\"article\" \/>\n<meta property=\"og:title\" content=\"Ballpoint pen camera with 2K full HD resolution - SpyShop\" \/>\n<meta property=\"og:description\" content=\"For a long time we didn&#039;t want to include ballpoint pen cameras in our range. But the present one has even convinced professional investigators to such an extent that we are now offering it.\" \/>\n<meta property=\"og:url\" content=\"https:\/\/www.spyshop.info\/en\/shop\/video-surveillance\/hidden-cameras-with-recording\/ball-pen-camera-with-2k-full-hd-resolution\/\" \/>\n<meta property=\"og:site_name\" content=\"SpyShop\" \/>\n<meta property=\"article:modified_time\" content=\"2020-01-21T14:04:23+00:00\" \/>\n<meta property=\"og:image\" content=\"https:\/\/www.spyshop.info\/wp-content\/uploads\/2017\/08\/Pen2K1.jpg\" \/>\n\t<meta property=\"og:image:width\" content=\"8000\" \/>\n\t<meta property=\"og:image:height\" content=\"5000\" \/>\n\t<meta property=\"og:image:type\" content=\"image\/jpeg\" \/>\n<meta name=\"twitter:card\" content=\"summary_large_image\" \/>\n<meta name=\"twitter:label1\" content=\"Est. reading time\" \/>\n\t<meta name=\"twitter:data1\" content=\"1 minute\" \/>\n<script type=\"application\/ld+json\" class=\"yoast-schema-graph\">{\"@context\":\"https:\\\/\\\/schema.org\",\"@graph\":[{\"@type\":\"WebPage\",\"@id\":\"https:\\\/\\\/www.spyshop.info\\\/en\\\/shop\\\/video-surveillance\\\/hidden-cameras-with-recording\\\/ball-pen-camera-with-2k-full-hd-resolution\\\/\",\"url\":\"https:\\\/\\\/www.spyshop.info\\\/en\\\/shop\\\/video-surveillance\\\/hidden-cameras-with-recording\\\/ball-pen-camera-with-2k-full-hd-resolution\\\/\",\"name\":\"Ballpoint pen camera with 2K full HD resolution - SpyShop\",\"isPartOf\":{\"@id\":\"https:\\\/\\\/www.spyshop.info\\\/#website\"},\"primaryImageOfPage\":{\"@id\":\"https:\\\/\\\/www.spyshop.info\\\/en\\\/shop\\\/video-surveillance\\\/hidden-cameras-with-recording\\\/ball-pen-camera-with-2k-full-hd-resolution\\\/#primaryimage\"},\"image\":{\"@id\":\"https:\\\/\\\/www.spyshop.info\\\/en\\\/shop\\\/video-surveillance\\\/hidden-cameras-with-recording\\\/ball-pen-camera-with-2k-full-hd-resolution\\\/#primaryimage\"},\"thumbnailUrl\":\"https:\\\/\\\/www.spyshop.info\\\/wp-content\\\/uploads\\\/2017\\\/08\\\/Pen2K1.jpg\",\"datePublished\":\"2017-08-10T10:42:49+00:00\",\"dateModified\":\"2020-01-21T14:04:23+00:00\",\"description\":\"For a long time we didn't want to include ballpoint pen cameras in our range. But the present one has even convinced professional investigators to such an extent that we are now offering it.\",\"breadcrumb\":{\"@id\":\"https:\\\/\\\/www.spyshop.info\\\/en\\\/shop\\\/video-surveillance\\\/hidden-cameras-with-recording\\\/ball-pen-camera-with-2k-full-hd-resolution\\\/#breadcrumb\"},\"inLanguage\":\"en-US\",\"potentialAction\":[{\"@type\":\"ReadAction\",\"target\":[\"https:\\\/\\\/www.spyshop.info\\\/en\\\/shop\\\/video-surveillance\\\/hidden-cameras-with-recording\\\/ball-pen-camera-with-2k-full-hd-resolution\\\/\"]}]},{\"@type\":\"ImageObject\",\"inLanguage\":\"en-US\",\"@id\":\"https:\\\/\\\/www.spyshop.info\\\/en\\\/shop\\\/video-surveillance\\\/hidden-cameras-with-recording\\\/ball-pen-camera-with-2k-full-hd-resolution\\\/#primaryimage\",\"url\":\"https:\\\/\\\/www.spyshop.info\\\/wp-content\\\/uploads\\\/2017\\\/08\\\/Pen2K1.jpg\",\"contentUrl\":\"https:\\\/\\\/www.spyshop.info\\\/wp-content\\\/uploads\\\/2017\\\/08\\\/Pen2K1.jpg\",\"width\":8000,\"height\":5000},{\"@type\":\"BreadcrumbList\",\"@id\":\"https:\\\/\\\/www.spyshop.info\\\/en\\\/shop\\\/video-surveillance\\\/hidden-cameras-with-recording\\\/ball-pen-camera-with-2k-full-hd-resolution\\\/#breadcrumb\",\"itemListElement\":[{\"@type\":\"ListItem\",\"position\":1,\"name\":\"Startseite\",\"item\":\"https:\\\/\\\/www.spyshop.info\\\/en\\\/\"},{\"@type\":\"ListItem\",\"position\":2,\"name\":\"Shop\",\"item\":\"https:\\\/\\\/www.spyshop.info\\\/en\\\/shop\\\/\"},{\"@type\":\"ListItem\",\"position\":3,\"name\":\"Ball pen camera with 2K full HD resolution\"}]},{\"@type\":\"WebSite\",\"@id\":\"https:\\\/\\\/www.spyshop.info\\\/#website\",\"url\":\"https:\\\/\\\/www.spyshop.info\\\/\",\"name\":\"SpyShop\",\"description\":\"Abh\u00f6rger\u00e4te, GPS Sender, \u00dcberwachungskameras\",\"publisher\":{\"@id\":\"https:\\\/\\\/www.spyshop.info\\\/#organization\"},\"potentialAction\":[{\"@type\":\"SearchAction\",\"target\":{\"@type\":\"EntryPoint\",\"urlTemplate\":\"https:\\\/\\\/www.spyshop.info\\\/?s={search_term_string}\"},\"query-input\":{\"@type\":\"PropertyValueSpecification\",\"valueRequired\":true,\"valueName\":\"search_term_string\"}}],\"inLanguage\":\"en-US\"},{\"@type\":\"Organization\",\"@id\":\"https:\\\/\\\/www.spyshop.info\\\/#organization\",\"name\":\"SpyShop\",\"url\":\"https:\\\/\\\/www.spyshop.info\\\/\",\"logo\":{\"@type\":\"ImageObject\",\"inLanguage\":\"en-US\",\"@id\":\"https:\\\/\\\/www.spyshop.info\\\/#\\\/schema\\\/logo\\\/image\\\/\",\"url\":\"https:\\\/\\\/www.spyshop.info\\\/wp-content\\\/uploads\\\/2016\\\/11\\\/cropped-logo-spyshop-02-1-3.jpg\",\"contentUrl\":\"https:\\\/\\\/www.spyshop.info\\\/wp-content\\\/uploads\\\/2016\\\/11\\\/cropped-logo-spyshop-02-1-3.jpg\",\"width\":1522,\"height\":435,\"caption\":\"SpyShop\"},\"image\":{\"@id\":\"https:\\\/\\\/www.spyshop.info\\\/#\\\/schema\\\/logo\\\/image\\\/\"}}]}<\/script>\n<!-- \/ Yoast SEO plugin. -->","yoast_head_json":{"title":"Ballpoint pen camera with 2K full HD resolution - SpyShop","description":"For a long time we didn't want to include ballpoint pen cameras in our range. But the present one has even convinced professional investigators to such an extent that we are now offering it.","robots":{"index":"index","follow":"follow","max-snippet":"max-snippet:-1","max-image-preview":"max-image-preview:large","max-video-preview":"max-video-preview:-1"},"canonical":"https:\/\/www.spyshop.info\/en\/shop\/video-surveillance\/hidden-cameras-with-recording\/ball-pen-camera-with-2k-full-hd-resolution\/","og_locale":"en_US","og_type":"article","og_title":"Ballpoint pen camera with 2K full HD resolution - SpyShop","og_description":"For a long time we didn't want to include ballpoint pen cameras in our range. But the present one has even convinced professional investigators to such an extent that we are now offering it.","og_url":"https:\/\/www.spyshop.info\/en\/shop\/video-surveillance\/hidden-cameras-with-recording\/ball-pen-camera-with-2k-full-hd-resolution\/","og_site_name":"SpyShop","article_modified_time":"2020-01-21T14:04:23+00:00","og_image":[{"width":8000,"height":5000,"url":"https:\/\/www.spyshop.info\/wp-content\/uploads\/2017\/08\/Pen2K1.jpg","type":"image\/jpeg"}],"twitter_card":"summary_large_image","twitter_misc":{"Est. reading time":"1 minute"},"schema":{"@context":"https:\/\/schema.org","@graph":[{"@type":"WebPage","@id":"https:\/\/www.spyshop.info\/en\/shop\/video-surveillance\/hidden-cameras-with-recording\/ball-pen-camera-with-2k-full-hd-resolution\/","url":"https:\/\/www.spyshop.info\/en\/shop\/video-surveillance\/hidden-cameras-with-recording\/ball-pen-camera-with-2k-full-hd-resolution\/","name":"Ballpoint pen camera with 2K full HD resolution - SpyShop","isPartOf":{"@id":"https:\/\/www.spyshop.info\/#website"},"primaryImageOfPage":{"@id":"https:\/\/www.spyshop.info\/en\/shop\/video-surveillance\/hidden-cameras-with-recording\/ball-pen-camera-with-2k-full-hd-resolution\/#primaryimage"},"image":{"@id":"https:\/\/www.spyshop.info\/en\/shop\/video-surveillance\/hidden-cameras-with-recording\/ball-pen-camera-with-2k-full-hd-resolution\/#primaryimage"},"thumbnailUrl":"https:\/\/www.spyshop.info\/wp-content\/uploads\/2017\/08\/Pen2K1.jpg","datePublished":"2017-08-10T10:42:49+00:00","dateModified":"2020-01-21T14:04:23+00:00","description":"For a long time we didn't want to include ballpoint pen cameras in our range. But the present one has even convinced professional investigators to such an extent that we are now offering it.","breadcrumb":{"@id":"https:\/\/www.spyshop.info\/en\/shop\/video-surveillance\/hidden-cameras-with-recording\/ball-pen-camera-with-2k-full-hd-resolution\/#breadcrumb"},"inLanguage":"en-US","potentialAction":[{"@type":"ReadAction","target":["https:\/\/www.spyshop.info\/en\/shop\/video-surveillance\/hidden-cameras-with-recording\/ball-pen-camera-with-2k-full-hd-resolution\/"]}]},{"@type":"ImageObject","inLanguage":"en-US","@id":"https:\/\/www.spyshop.info\/en\/shop\/video-surveillance\/hidden-cameras-with-recording\/ball-pen-camera-with-2k-full-hd-resolution\/#primaryimage","url":"https:\/\/www.spyshop.info\/wp-content\/uploads\/2017\/08\/Pen2K1.jpg","contentUrl":"https:\/\/www.spyshop.info\/wp-content\/uploads\/2017\/08\/Pen2K1.jpg","width":8000,"height":5000},{"@type":"BreadcrumbList","@id":"https:\/\/www.spyshop.info\/en\/shop\/video-surveillance\/hidden-cameras-with-recording\/ball-pen-camera-with-2k-full-hd-resolution\/#breadcrumb","itemListElement":[{"@type":"ListItem","position":1,"name":"Startseite","item":"https:\/\/www.spyshop.info\/en\/"},{"@type":"ListItem","position":2,"name":"Shop","item":"https:\/\/www.spyshop.info\/en\/shop\/"},{"@type":"ListItem","position":3,"name":"Ball pen camera with 2K full HD resolution"}]},{"@type":"WebSite","@id":"https:\/\/www.spyshop.info\/#website","url":"https:\/\/www.spyshop.info\/","name":"SpyShop","description":"Abh\u00f6rger\u00e4te, GPS Sender, \u00dcberwachungskameras","publisher":{"@id":"https:\/\/www.spyshop.info\/#organization"},"potentialAction":[{"@type":"SearchAction","target":{"@type":"EntryPoint","urlTemplate":"https:\/\/www.spyshop.info\/?s={search_term_string}"},"query-input":{"@type":"PropertyValueSpecification","valueRequired":true,"valueName":"search_term_string"}}],"inLanguage":"en-US"},{"@type":"Organization","@id":"https:\/\/www.spyshop.info\/#organization","name":"SpyShop","url":"https:\/\/www.spyshop.info\/","logo":{"@type":"ImageObject","inLanguage":"en-US","@id":"https:\/\/www.spyshop.info\/#\/schema\/logo\/image\/","url":"https:\/\/www.spyshop.info\/wp-content\/uploads\/2016\/11\/cropped-logo-spyshop-02-1-3.jpg","contentUrl":"https:\/\/www.spyshop.info\/wp-content\/uploads\/2016\/11\/cropped-logo-spyshop-02-1-3.jpg","width":1522,"height":435,"caption":"SpyShop"},"image":{"@id":"https:\/\/www.spyshop.info\/#\/schema\/logo\/image\/"}}]}},"_links":{"self":[{"href":"https:\/\/www.spyshop.info\/en\/wp-json\/wp\/v2\/product\/1489","targetHints":{"allow":["GET"]}}],"collection":[{"href":"https:\/\/www.spyshop.info\/en\/wp-json\/wp\/v2\/product"}],"about":[{"href":"https:\/\/www.spyshop.info\/en\/wp-json\/wp\/v2\/types\/product"}],"version-history":[{"count":0,"href":"https:\/\/www.spyshop.info\/en\/wp-json\/wp\/v2\/product\/1489\/revisions"}],"wp:featuredmedia":[{"embeddable":true,"href":"https:\/\/www.spyshop.info\/en\/wp-json\/wp\/v2\/media\/1442"}],"wp:attachment":[{"href":"https:\/\/www.spyshop.info\/en\/wp-json\/wp\/v2\/media?parent=1489"}],"wp:term":[{"taxonomy":"product_brand","embeddable":true,"href":"https:\/\/www.spyshop.info\/en\/wp-json\/wp\/v2\/product_brand?post=1489"},{"taxonomy":"product_cat","embeddable":true,"href":"https:\/\/www.spyshop.info\/en\/wp-json\/wp\/v2\/product_cat?post=1489"},{"taxonomy":"product_tag","embeddable":true,"href":"https:\/\/www.spyshop.info\/en\/wp-json\/wp\/v2\/product_tag?post=1489"}],"curies":[{"name":"wp","href":"https:\/\/api.w.org\/{rel}","templated":true}]}}