{"id":1422,"date":"2017-08-09T17:31:47","date_gmt":"2017-08-09T15:31:47","guid":{"rendered":"https:\/\/www.spyshop.info\/shop\/unkategorisiert\/full-hd-camera-with-wifi-in-tableclock-oval-camouflaged-and-integrated-recording\/"},"modified":"2020-01-21T15:16:24","modified_gmt":"2020-01-21T14:16:24","slug":"full-hd-camera-with-wifi-in-tableclock-oval-camouflaged-and-integrated-recording","status":"publish","type":"product","link":"https:\/\/www.spyshop.info\/en\/shop\/video-surveillance\/hidden-cameras-with-recording\/full-hd-camera-with-wifi-in-tableclock-oval-camouflaged-and-integrated-recording\/","title":{"rendered":"Full-HD-Camera with WiFi in Tableclock (oval) camouflaged and integrated recording"},"content":{"rendered":"<p>You can simply set up and activate this device. As soon as you have adjusted all the basic settings and set them to motion detection, the unit records video and audio data in full quality. After that you can simply remove the MicroSD card and read the data from the computer. The device can also stay permanently connected to the power supply and has a ring data memory, which means that the oldest video \/ audio data is overwritten when the memory card is full. In addition, you can get a live insight or change the settings via iOS or Android app at any time.<\/p>\n<p>Pixel 1 million CMOS<br \/>\nVideo Resolution 1920*1080<br \/>\nPhoto Resolution 4032*3024<br \/>\nVideo format AVI<br \/>\nH.264 compressed format<br \/>\nFrames 30fps<br \/>\nVisual angle 140\u00b0<br \/>\nNight vision leds 10 invsiable night vision<br \/>\nMotion detection record<br \/>\nMinimum illumination 1LUX<br \/>\nBattery capacity 2400MA<br \/>\nContinuous recording time 24 hours above<br \/>\nMemory card TF card<br \/>\nMemory card max support 128GB<br \/>\nRecording: 1mins\/ around 20 MB<br \/>\nCharging time About 5-6hours<br \/>\nWorking time About 3-4 hours<br \/>\nCompressed format H.264<br \/>\nPlay software VLCPlayer\/SMPlayer<br \/>\nComputer operation system Windows<br \/>\nMobile phone operation system Android\/iOS<br \/>\nWeb browser IE7 and above, Chrome, Firefox, Safari etc.<\/p>\n<p>Packing List<br \/>\n1 x Wifi camera Unit<br \/>\n1 x USB cable<br \/>\n1 x 5V 2A AC Power adapter<br \/>\n1 x User manual<br \/>\n1 x CD driver<br \/>\n1 x 2400MA Rechargeble Li-battery<br \/>\nProduct size: 8.2*8.2*8.2CM)<br \/>\nColor box Size: 16*10*10CM)<br \/>\nEinheitsgewicht: 0.55(KG)<\/p>\n","protected":false},"excerpt":{"rendered":"<p>This product is an HD (1080p @ 25FPS) camera monitoring module with TF card storage. It is a multifunctional high-tech product that includes monitoring functions such as video recording, photos, motion detection, and so on. Via App (iOS or Android), you can access the camera at any time (remote control and live image).<\/p>\n","protected":false},"featured_media":1413,"template":"","meta":[],"product_brand":[],"product_cat":[167,164,168],"product_tag":[],"class_list":{"0":"post-1422","1":"product","2":"type-product","3":"status-publish","4":"has-post-thumbnail","6":"product_cat-hidden-cameras-with-recording","7":"product_cat-video-surveillance","8":"product_cat-hidden-wifi-radio-and-gsm-cameras","10":"first","11":"outofstock","12":"taxable","13":"shipping-taxable","14":"purchasable","15":"product-type-simple"},"yoast_head":"<!-- This site is optimized with the Yoast SEO plugin v27.3 - https:\/\/yoast.com\/product\/yoast-seo-wordpress\/ -->\n<title>Full HD camera with WiFi camouflaged in table clock - SpyShop<\/title>\n<meta name=\"description\" content=\"Full HD camera with WiFi camouflaged in table clock (oval). As soon as motion detection is set, the device records video and audio data.\" \/>\n<meta name=\"robots\" content=\"index, follow, max-snippet:-1, max-image-preview:large, max-video-preview:-1\" \/>\n<link rel=\"canonical\" href=\"https:\/\/www.spyshop.info\/en\/shop\/video-surveillance\/hidden-cameras-with-recording\/full-hd-camera-with-wifi-in-tableclock-oval-camouflaged-and-integrated-recording\/\" \/>\n<meta property=\"og:locale\" content=\"en_US\" \/>\n<meta property=\"og:type\" content=\"article\" \/>\n<meta property=\"og:title\" content=\"Full HD camera with WiFi camouflaged in table clock - SpyShop\" \/>\n<meta property=\"og:description\" content=\"Full HD camera with WiFi camouflaged in table clock (oval). As soon as motion detection is set, the device records video and audio data.\" \/>\n<meta property=\"og:url\" content=\"https:\/\/www.spyshop.info\/en\/shop\/video-surveillance\/hidden-cameras-with-recording\/full-hd-camera-with-wifi-in-tableclock-oval-camouflaged-and-integrated-recording\/\" \/>\n<meta property=\"og:site_name\" content=\"SpyShop\" \/>\n<meta property=\"article:modified_time\" content=\"2020-01-21T14:16:24+00:00\" \/>\n<meta property=\"og:image\" content=\"https:\/\/www.spyshop.info\/wp-content\/uploads\/2017\/08\/WiFiOval1.png\" \/>\n\t<meta property=\"og:image:width\" content=\"557\" \/>\n\t<meta property=\"og:image:height\" content=\"272\" \/>\n\t<meta property=\"og:image:type\" content=\"image\/png\" \/>\n<meta name=\"twitter:card\" content=\"summary_large_image\" \/>\n<meta name=\"twitter:label1\" content=\"Est. reading time\" \/>\n\t<meta name=\"twitter:data1\" content=\"1 minute\" \/>\n<script type=\"application\/ld+json\" class=\"yoast-schema-graph\">{\"@context\":\"https:\\\/\\\/schema.org\",\"@graph\":[{\"@type\":\"WebPage\",\"@id\":\"https:\\\/\\\/www.spyshop.info\\\/en\\\/shop\\\/video-surveillance\\\/hidden-cameras-with-recording\\\/full-hd-camera-with-wifi-in-tableclock-oval-camouflaged-and-integrated-recording\\\/\",\"url\":\"https:\\\/\\\/www.spyshop.info\\\/en\\\/shop\\\/video-surveillance\\\/hidden-cameras-with-recording\\\/full-hd-camera-with-wifi-in-tableclock-oval-camouflaged-and-integrated-recording\\\/\",\"name\":\"Full HD camera with WiFi camouflaged in table clock - SpyShop\",\"isPartOf\":{\"@id\":\"https:\\\/\\\/www.spyshop.info\\\/#website\"},\"primaryImageOfPage\":{\"@id\":\"https:\\\/\\\/www.spyshop.info\\\/en\\\/shop\\\/video-surveillance\\\/hidden-cameras-with-recording\\\/full-hd-camera-with-wifi-in-tableclock-oval-camouflaged-and-integrated-recording\\\/#primaryimage\"},\"image\":{\"@id\":\"https:\\\/\\\/www.spyshop.info\\\/en\\\/shop\\\/video-surveillance\\\/hidden-cameras-with-recording\\\/full-hd-camera-with-wifi-in-tableclock-oval-camouflaged-and-integrated-recording\\\/#primaryimage\"},\"thumbnailUrl\":\"https:\\\/\\\/www.spyshop.info\\\/wp-content\\\/uploads\\\/2017\\\/08\\\/WiFiOval1.png\",\"datePublished\":\"2017-08-09T15:31:47+00:00\",\"dateModified\":\"2020-01-21T14:16:24+00:00\",\"description\":\"Full HD camera with WiFi camouflaged in table clock (oval). As soon as motion detection is set, the device records video and audio data.\",\"breadcrumb\":{\"@id\":\"https:\\\/\\\/www.spyshop.info\\\/en\\\/shop\\\/video-surveillance\\\/hidden-cameras-with-recording\\\/full-hd-camera-with-wifi-in-tableclock-oval-camouflaged-and-integrated-recording\\\/#breadcrumb\"},\"inLanguage\":\"en-US\",\"potentialAction\":[{\"@type\":\"ReadAction\",\"target\":[\"https:\\\/\\\/www.spyshop.info\\\/en\\\/shop\\\/video-surveillance\\\/hidden-cameras-with-recording\\\/full-hd-camera-with-wifi-in-tableclock-oval-camouflaged-and-integrated-recording\\\/\"]}]},{\"@type\":\"ImageObject\",\"inLanguage\":\"en-US\",\"@id\":\"https:\\\/\\\/www.spyshop.info\\\/en\\\/shop\\\/video-surveillance\\\/hidden-cameras-with-recording\\\/full-hd-camera-with-wifi-in-tableclock-oval-camouflaged-and-integrated-recording\\\/#primaryimage\",\"url\":\"https:\\\/\\\/www.spyshop.info\\\/wp-content\\\/uploads\\\/2017\\\/08\\\/WiFiOval1.png\",\"contentUrl\":\"https:\\\/\\\/www.spyshop.info\\\/wp-content\\\/uploads\\\/2017\\\/08\\\/WiFiOval1.png\",\"width\":557,\"height\":272},{\"@type\":\"BreadcrumbList\",\"@id\":\"https:\\\/\\\/www.spyshop.info\\\/en\\\/shop\\\/video-surveillance\\\/hidden-cameras-with-recording\\\/full-hd-camera-with-wifi-in-tableclock-oval-camouflaged-and-integrated-recording\\\/#breadcrumb\",\"itemListElement\":[{\"@type\":\"ListItem\",\"position\":1,\"name\":\"Startseite\",\"item\":\"https:\\\/\\\/www.spyshop.info\\\/en\\\/\"},{\"@type\":\"ListItem\",\"position\":2,\"name\":\"Shop\",\"item\":\"https:\\\/\\\/www.spyshop.info\\\/en\\\/shop\\\/\"},{\"@type\":\"ListItem\",\"position\":3,\"name\":\"Full-HD-Camera with WiFi in Tableclock (oval) camouflaged and integrated recording\"}]},{\"@type\":\"WebSite\",\"@id\":\"https:\\\/\\\/www.spyshop.info\\\/#website\",\"url\":\"https:\\\/\\\/www.spyshop.info\\\/\",\"name\":\"SpyShop\",\"description\":\"Abh\u00f6rger\u00e4te, GPS Sender, \u00dcberwachungskameras\",\"publisher\":{\"@id\":\"https:\\\/\\\/www.spyshop.info\\\/#organization\"},\"potentialAction\":[{\"@type\":\"SearchAction\",\"target\":{\"@type\":\"EntryPoint\",\"urlTemplate\":\"https:\\\/\\\/www.spyshop.info\\\/?s={search_term_string}\"},\"query-input\":{\"@type\":\"PropertyValueSpecification\",\"valueRequired\":true,\"valueName\":\"search_term_string\"}}],\"inLanguage\":\"en-US\"},{\"@type\":\"Organization\",\"@id\":\"https:\\\/\\\/www.spyshop.info\\\/#organization\",\"name\":\"SpyShop\",\"url\":\"https:\\\/\\\/www.spyshop.info\\\/\",\"logo\":{\"@type\":\"ImageObject\",\"inLanguage\":\"en-US\",\"@id\":\"https:\\\/\\\/www.spyshop.info\\\/#\\\/schema\\\/logo\\\/image\\\/\",\"url\":\"https:\\\/\\\/www.spyshop.info\\\/wp-content\\\/uploads\\\/2016\\\/11\\\/cropped-logo-spyshop-02-1-3.jpg\",\"contentUrl\":\"https:\\\/\\\/www.spyshop.info\\\/wp-content\\\/uploads\\\/2016\\\/11\\\/cropped-logo-spyshop-02-1-3.jpg\",\"width\":1522,\"height\":435,\"caption\":\"SpyShop\"},\"image\":{\"@id\":\"https:\\\/\\\/www.spyshop.info\\\/#\\\/schema\\\/logo\\\/image\\\/\"}}]}<\/script>\n<!-- \/ Yoast SEO plugin. -->","yoast_head_json":{"title":"Full HD camera with WiFi camouflaged in table clock - SpyShop","description":"Full HD camera with WiFi camouflaged in table clock (oval). As soon as motion detection is set, the device records video and audio data.","robots":{"index":"index","follow":"follow","max-snippet":"max-snippet:-1","max-image-preview":"max-image-preview:large","max-video-preview":"max-video-preview:-1"},"canonical":"https:\/\/www.spyshop.info\/en\/shop\/video-surveillance\/hidden-cameras-with-recording\/full-hd-camera-with-wifi-in-tableclock-oval-camouflaged-and-integrated-recording\/","og_locale":"en_US","og_type":"article","og_title":"Full HD camera with WiFi camouflaged in table clock - SpyShop","og_description":"Full HD camera with WiFi camouflaged in table clock (oval). As soon as motion detection is set, the device records video and audio data.","og_url":"https:\/\/www.spyshop.info\/en\/shop\/video-surveillance\/hidden-cameras-with-recording\/full-hd-camera-with-wifi-in-tableclock-oval-camouflaged-and-integrated-recording\/","og_site_name":"SpyShop","article_modified_time":"2020-01-21T14:16:24+00:00","og_image":[{"width":557,"height":272,"url":"https:\/\/www.spyshop.info\/wp-content\/uploads\/2017\/08\/WiFiOval1.png","type":"image\/png"}],"twitter_card":"summary_large_image","twitter_misc":{"Est. reading time":"1 minute"},"schema":{"@context":"https:\/\/schema.org","@graph":[{"@type":"WebPage","@id":"https:\/\/www.spyshop.info\/en\/shop\/video-surveillance\/hidden-cameras-with-recording\/full-hd-camera-with-wifi-in-tableclock-oval-camouflaged-and-integrated-recording\/","url":"https:\/\/www.spyshop.info\/en\/shop\/video-surveillance\/hidden-cameras-with-recording\/full-hd-camera-with-wifi-in-tableclock-oval-camouflaged-and-integrated-recording\/","name":"Full HD camera with WiFi camouflaged in table clock - SpyShop","isPartOf":{"@id":"https:\/\/www.spyshop.info\/#website"},"primaryImageOfPage":{"@id":"https:\/\/www.spyshop.info\/en\/shop\/video-surveillance\/hidden-cameras-with-recording\/full-hd-camera-with-wifi-in-tableclock-oval-camouflaged-and-integrated-recording\/#primaryimage"},"image":{"@id":"https:\/\/www.spyshop.info\/en\/shop\/video-surveillance\/hidden-cameras-with-recording\/full-hd-camera-with-wifi-in-tableclock-oval-camouflaged-and-integrated-recording\/#primaryimage"},"thumbnailUrl":"https:\/\/www.spyshop.info\/wp-content\/uploads\/2017\/08\/WiFiOval1.png","datePublished":"2017-08-09T15:31:47+00:00","dateModified":"2020-01-21T14:16:24+00:00","description":"Full HD camera with WiFi camouflaged in table clock (oval). As soon as motion detection is set, the device records video and audio data.","breadcrumb":{"@id":"https:\/\/www.spyshop.info\/en\/shop\/video-surveillance\/hidden-cameras-with-recording\/full-hd-camera-with-wifi-in-tableclock-oval-camouflaged-and-integrated-recording\/#breadcrumb"},"inLanguage":"en-US","potentialAction":[{"@type":"ReadAction","target":["https:\/\/www.spyshop.info\/en\/shop\/video-surveillance\/hidden-cameras-with-recording\/full-hd-camera-with-wifi-in-tableclock-oval-camouflaged-and-integrated-recording\/"]}]},{"@type":"ImageObject","inLanguage":"en-US","@id":"https:\/\/www.spyshop.info\/en\/shop\/video-surveillance\/hidden-cameras-with-recording\/full-hd-camera-with-wifi-in-tableclock-oval-camouflaged-and-integrated-recording\/#primaryimage","url":"https:\/\/www.spyshop.info\/wp-content\/uploads\/2017\/08\/WiFiOval1.png","contentUrl":"https:\/\/www.spyshop.info\/wp-content\/uploads\/2017\/08\/WiFiOval1.png","width":557,"height":272},{"@type":"BreadcrumbList","@id":"https:\/\/www.spyshop.info\/en\/shop\/video-surveillance\/hidden-cameras-with-recording\/full-hd-camera-with-wifi-in-tableclock-oval-camouflaged-and-integrated-recording\/#breadcrumb","itemListElement":[{"@type":"ListItem","position":1,"name":"Startseite","item":"https:\/\/www.spyshop.info\/en\/"},{"@type":"ListItem","position":2,"name":"Shop","item":"https:\/\/www.spyshop.info\/en\/shop\/"},{"@type":"ListItem","position":3,"name":"Full-HD-Camera with WiFi in Tableclock (oval) camouflaged and integrated recording"}]},{"@type":"WebSite","@id":"https:\/\/www.spyshop.info\/#website","url":"https:\/\/www.spyshop.info\/","name":"SpyShop","description":"Abh\u00f6rger\u00e4te, GPS Sender, \u00dcberwachungskameras","publisher":{"@id":"https:\/\/www.spyshop.info\/#organization"},"potentialAction":[{"@type":"SearchAction","target":{"@type":"EntryPoint","urlTemplate":"https:\/\/www.spyshop.info\/?s={search_term_string}"},"query-input":{"@type":"PropertyValueSpecification","valueRequired":true,"valueName":"search_term_string"}}],"inLanguage":"en-US"},{"@type":"Organization","@id":"https:\/\/www.spyshop.info\/#organization","name":"SpyShop","url":"https:\/\/www.spyshop.info\/","logo":{"@type":"ImageObject","inLanguage":"en-US","@id":"https:\/\/www.spyshop.info\/#\/schema\/logo\/image\/","url":"https:\/\/www.spyshop.info\/wp-content\/uploads\/2016\/11\/cropped-logo-spyshop-02-1-3.jpg","contentUrl":"https:\/\/www.spyshop.info\/wp-content\/uploads\/2016\/11\/cropped-logo-spyshop-02-1-3.jpg","width":1522,"height":435,"caption":"SpyShop"},"image":{"@id":"https:\/\/www.spyshop.info\/#\/schema\/logo\/image\/"}}]}},"_links":{"self":[{"href":"https:\/\/www.spyshop.info\/en\/wp-json\/wp\/v2\/product\/1422","targetHints":{"allow":["GET"]}}],"collection":[{"href":"https:\/\/www.spyshop.info\/en\/wp-json\/wp\/v2\/product"}],"about":[{"href":"https:\/\/www.spyshop.info\/en\/wp-json\/wp\/v2\/types\/product"}],"version-history":[{"count":0,"href":"https:\/\/www.spyshop.info\/en\/wp-json\/wp\/v2\/product\/1422\/revisions"}],"wp:featuredmedia":[{"embeddable":true,"href":"https:\/\/www.spyshop.info\/en\/wp-json\/wp\/v2\/media\/1413"}],"wp:attachment":[{"href":"https:\/\/www.spyshop.info\/en\/wp-json\/wp\/v2\/media?parent=1422"}],"wp:term":[{"taxonomy":"product_brand","embeddable":true,"href":"https:\/\/www.spyshop.info\/en\/wp-json\/wp\/v2\/product_brand?post=1422"},{"taxonomy":"product_cat","embeddable":true,"href":"https:\/\/www.spyshop.info\/en\/wp-json\/wp\/v2\/product_cat?post=1422"},{"taxonomy":"product_tag","embeddable":true,"href":"https:\/\/www.spyshop.info\/en\/wp-json\/wp\/v2\/product_tag?post=1422"}],"curies":[{"name":"wp","href":"https:\/\/api.w.org\/{rel}","templated":true}]}}