{"id":1389,"date":"2017-07-07T12:28:41","date_gmt":"2017-07-07T10:28:41","guid":{"rendered":"https:\/\/www.spyshop.info\/shop\/unkategorisiert\/ios-charging-station-with-hidden-1080p-camcorder-and-wifi\/"},"modified":"2018-08-15T11:24:51","modified_gmt":"2018-08-15T09:24:51","slug":"ios-charging-station-with-hidden-1080p-camcorder-and-wifi","status":"publish","type":"product","link":"https:\/\/www.spyshop.info\/en\/shop\/video-surveillance\/hidden-cameras-with-recording\/ios-charging-station-with-hidden-1080p-camcorder-and-wifi\/","title":{"rendered":"iOS charging station with hidden 1080p camcorder and WiFi"},"content":{"rendered":"<p>With the iOS charging station, you get the sharpest videos in full-HD and a view angle of 110 degrees in the simplest way. The sound is also recorded. With the included remote control, you switch on or off or activate continuous recording or motion detection. The device is compatible with microSD cards with a size of up to 128GB (64GB recommended). So you have all the video data on the card during long absence and you read it out via a video player. Via the free app for iOS or Android you can control the device from anywhere or watch live what is happening in the surrounding. This is a top device in perfectly harmless camouflage.<\/p>\n<p>Contents:<br \/>\ncharging station<br \/>\ncharging cable<br \/>\ncharging plug<br \/>\ninstructions for use<\/p>\n<p>Video Image Sensor 5.0 Megapixel FHD<br \/>\nVideo compression H.264 high profile, JPEG snapshot<br \/>\nLens 2.8mm<br \/>\nMin. Illumination 0.1 Lux<br \/>\nFrame rate 30fps<br \/>\nResolution 1920x1080P<br \/>\nVideo adjustment Brightness, contrast, &amp; saturation<br \/>\nVideo bit rate 32Kpbs ~ 4 Mbps<br \/>\nIR cut filter Yes<br \/>\nMicrophone Built-in (for audio monitoring and 2-way audio communication). Effective up to 5m (16ft)<br \/>\n2-way audio Yes<br \/>\nRecording &amp; Playback Recording mode Motion detection, manual<br \/>\nStorage Record to local SD (up to 64GB, not included); record to remote PC; video or snapshot<br \/>\nBackup Remote back up to PC<br \/>\nPlayback Playback via SD reader; real time remote playback; remotely download and playback<br \/>\nAlarm Motion detection VMD (video motion detection)<br \/>\nAlarm reactions Record video to SD<br \/>\nNetwork Wireless network Wi-Fi 802.11 b\/g\/n<br \/>\nIP mode Dynamic IP address; static IP address<br \/>\nOnline users 3 users at the same time<br \/>\nMobile surveillance iPhone, Android<br \/>\nRemote access Yes<br \/>\nOthers Onvif Optional<br \/>\nPower USB 5V 2A<\/p>\n","protected":false},"excerpt":{"rendered":"<p>You are not sure what happens in your office or in your hotel room during your absence? Just place the mobile charging station in the place that should be monitored and evaluate the recordings after monitoring. Via the free app for iOS or Android you can control the device from anywhere or watch live what is happening in the surrounding. device also functions as a mobile charging station.<\/p>\n","protected":false},"featured_media":1374,"template":"","meta":[],"product_brand":[],"product_cat":[167,164,168],"product_tag":[],"class_list":{"0":"post-1389","1":"product","2":"type-product","3":"status-publish","4":"has-post-thumbnail","6":"product_cat-hidden-cameras-with-recording","7":"product_cat-video-surveillance","8":"product_cat-hidden-wifi-radio-and-gsm-cameras","10":"first","11":"outofstock","12":"taxable","13":"shipping-taxable","14":"purchasable","15":"product-type-simple"},"yoast_head":"<!-- This site is optimized with the Yoast SEO plugin v27.5 - https:\/\/yoast.com\/product\/yoast-seo-wordpress\/ -->\n<title>iOS charging station with hidden 1080p camcorder and WiFi - SpyShop<\/title>\n<meta name=\"robots\" content=\"index, follow, max-snippet:-1, max-image-preview:large, max-video-preview:-1\" \/>\n<link rel=\"canonical\" href=\"https:\/\/www.spyshop.info\/en\/shop\/video-surveillance\/hidden-cameras-with-recording\/ios-charging-station-with-hidden-1080p-camcorder-and-wifi\/\" \/>\n<meta property=\"og:locale\" content=\"en_US\" \/>\n<meta property=\"og:type\" content=\"article\" \/>\n<meta property=\"og:title\" content=\"iOS charging station with hidden 1080p camcorder and WiFi - SpyShop\" \/>\n<meta property=\"og:description\" content=\"You are not sure what happens in your office or in your hotel room during your absence? Just place the mobile charging station in the place that should be monitored and evaluate the recordings after monitoring. Via the free app for iOS or Android you can control the device from anywhere or watch live what is happening in the surrounding. device also functions as a mobile charging station.\" \/>\n<meta property=\"og:url\" content=\"https:\/\/www.spyshop.info\/en\/shop\/video-surveillance\/hidden-cameras-with-recording\/ios-charging-station-with-hidden-1080p-camcorder-and-wifi\/\" \/>\n<meta property=\"og:site_name\" content=\"SpyShop\" \/>\n<meta property=\"article:modified_time\" content=\"2018-08-15T09:24:51+00:00\" \/>\n<meta property=\"og:image\" content=\"https:\/\/www.spyshop.info\/wp-content\/uploads\/2017\/07\/1080pw-1-1.jpg\" \/>\n\t<meta property=\"og:image:width\" content=\"800\" \/>\n\t<meta property=\"og:image:height\" content=\"800\" \/>\n\t<meta property=\"og:image:type\" content=\"image\/jpeg\" \/>\n<meta name=\"twitter:card\" content=\"summary_large_image\" \/>\n<meta name=\"twitter:label1\" content=\"Est. reading time\" \/>\n\t<meta name=\"twitter:data1\" content=\"1 minute\" \/>\n<script type=\"application\/ld+json\" class=\"yoast-schema-graph\">{\"@context\":\"https:\\\/\\\/schema.org\",\"@graph\":[{\"@type\":\"WebPage\",\"@id\":\"https:\\\/\\\/www.spyshop.info\\\/en\\\/shop\\\/video-surveillance\\\/hidden-cameras-with-recording\\\/ios-charging-station-with-hidden-1080p-camcorder-and-wifi\\\/\",\"url\":\"https:\\\/\\\/www.spyshop.info\\\/en\\\/shop\\\/video-surveillance\\\/hidden-cameras-with-recording\\\/ios-charging-station-with-hidden-1080p-camcorder-and-wifi\\\/\",\"name\":\"iOS charging station with hidden 1080p camcorder and WiFi - SpyShop\",\"isPartOf\":{\"@id\":\"https:\\\/\\\/www.spyshop.info\\\/#website\"},\"primaryImageOfPage\":{\"@id\":\"https:\\\/\\\/www.spyshop.info\\\/en\\\/shop\\\/video-surveillance\\\/hidden-cameras-with-recording\\\/ios-charging-station-with-hidden-1080p-camcorder-and-wifi\\\/#primaryimage\"},\"image\":{\"@id\":\"https:\\\/\\\/www.spyshop.info\\\/en\\\/shop\\\/video-surveillance\\\/hidden-cameras-with-recording\\\/ios-charging-station-with-hidden-1080p-camcorder-and-wifi\\\/#primaryimage\"},\"thumbnailUrl\":\"https:\\\/\\\/www.spyshop.info\\\/wp-content\\\/uploads\\\/2017\\\/07\\\/1080pw-1-1.jpg\",\"datePublished\":\"2017-07-07T10:28:41+00:00\",\"dateModified\":\"2018-08-15T09:24:51+00:00\",\"breadcrumb\":{\"@id\":\"https:\\\/\\\/www.spyshop.info\\\/en\\\/shop\\\/video-surveillance\\\/hidden-cameras-with-recording\\\/ios-charging-station-with-hidden-1080p-camcorder-and-wifi\\\/#breadcrumb\"},\"inLanguage\":\"en-US\",\"potentialAction\":[{\"@type\":\"ReadAction\",\"target\":[\"https:\\\/\\\/www.spyshop.info\\\/en\\\/shop\\\/video-surveillance\\\/hidden-cameras-with-recording\\\/ios-charging-station-with-hidden-1080p-camcorder-and-wifi\\\/\"]}]},{\"@type\":\"ImageObject\",\"inLanguage\":\"en-US\",\"@id\":\"https:\\\/\\\/www.spyshop.info\\\/en\\\/shop\\\/video-surveillance\\\/hidden-cameras-with-recording\\\/ios-charging-station-with-hidden-1080p-camcorder-and-wifi\\\/#primaryimage\",\"url\":\"https:\\\/\\\/www.spyshop.info\\\/wp-content\\\/uploads\\\/2017\\\/07\\\/1080pw-1-1.jpg\",\"contentUrl\":\"https:\\\/\\\/www.spyshop.info\\\/wp-content\\\/uploads\\\/2017\\\/07\\\/1080pw-1-1.jpg\",\"width\":800,\"height\":800},{\"@type\":\"BreadcrumbList\",\"@id\":\"https:\\\/\\\/www.spyshop.info\\\/en\\\/shop\\\/video-surveillance\\\/hidden-cameras-with-recording\\\/ios-charging-station-with-hidden-1080p-camcorder-and-wifi\\\/#breadcrumb\",\"itemListElement\":[{\"@type\":\"ListItem\",\"position\":1,\"name\":\"Startseite\",\"item\":\"https:\\\/\\\/www.spyshop.info\\\/en\\\/\"},{\"@type\":\"ListItem\",\"position\":2,\"name\":\"Shop\",\"item\":\"https:\\\/\\\/www.spyshop.info\\\/en\\\/shop\\\/\"},{\"@type\":\"ListItem\",\"position\":3,\"name\":\"iOS charging station with hidden 1080p camcorder and WiFi\"}]},{\"@type\":\"WebSite\",\"@id\":\"https:\\\/\\\/www.spyshop.info\\\/#website\",\"url\":\"https:\\\/\\\/www.spyshop.info\\\/\",\"name\":\"SpyShop\",\"description\":\"Abh\u00f6rger\u00e4te, GPS Sender, \u00dcberwachungskameras\",\"publisher\":{\"@id\":\"https:\\\/\\\/www.spyshop.info\\\/#organization\"},\"potentialAction\":[{\"@type\":\"SearchAction\",\"target\":{\"@type\":\"EntryPoint\",\"urlTemplate\":\"https:\\\/\\\/www.spyshop.info\\\/?s={search_term_string}\"},\"query-input\":{\"@type\":\"PropertyValueSpecification\",\"valueRequired\":true,\"valueName\":\"search_term_string\"}}],\"inLanguage\":\"en-US\"},{\"@type\":\"Organization\",\"@id\":\"https:\\\/\\\/www.spyshop.info\\\/#organization\",\"name\":\"SpyShop\",\"url\":\"https:\\\/\\\/www.spyshop.info\\\/\",\"logo\":{\"@type\":\"ImageObject\",\"inLanguage\":\"en-US\",\"@id\":\"https:\\\/\\\/www.spyshop.info\\\/#\\\/schema\\\/logo\\\/image\\\/\",\"url\":\"https:\\\/\\\/www.spyshop.info\\\/wp-content\\\/uploads\\\/2016\\\/11\\\/cropped-logo-spyshop-02-1-3.jpg\",\"contentUrl\":\"https:\\\/\\\/www.spyshop.info\\\/wp-content\\\/uploads\\\/2016\\\/11\\\/cropped-logo-spyshop-02-1-3.jpg\",\"width\":1522,\"height\":435,\"caption\":\"SpyShop\"},\"image\":{\"@id\":\"https:\\\/\\\/www.spyshop.info\\\/#\\\/schema\\\/logo\\\/image\\\/\"}}]}<\/script>\n<!-- \/ Yoast SEO plugin. -->","yoast_head_json":{"title":"iOS charging station with hidden 1080p camcorder and WiFi - SpyShop","robots":{"index":"index","follow":"follow","max-snippet":"max-snippet:-1","max-image-preview":"max-image-preview:large","max-video-preview":"max-video-preview:-1"},"canonical":"https:\/\/www.spyshop.info\/en\/shop\/video-surveillance\/hidden-cameras-with-recording\/ios-charging-station-with-hidden-1080p-camcorder-and-wifi\/","og_locale":"en_US","og_type":"article","og_title":"iOS charging station with hidden 1080p camcorder and WiFi - SpyShop","og_description":"You are not sure what happens in your office or in your hotel room during your absence? Just place the mobile charging station in the place that should be monitored and evaluate the recordings after monitoring. Via the free app for iOS or Android you can control the device from anywhere or watch live what is happening in the surrounding. device also functions as a mobile charging station.","og_url":"https:\/\/www.spyshop.info\/en\/shop\/video-surveillance\/hidden-cameras-with-recording\/ios-charging-station-with-hidden-1080p-camcorder-and-wifi\/","og_site_name":"SpyShop","article_modified_time":"2018-08-15T09:24:51+00:00","og_image":[{"width":800,"height":800,"url":"https:\/\/www.spyshop.info\/wp-content\/uploads\/2017\/07\/1080pw-1-1.jpg","type":"image\/jpeg"}],"twitter_card":"summary_large_image","twitter_misc":{"Est. reading time":"1 minute"},"schema":{"@context":"https:\/\/schema.org","@graph":[{"@type":"WebPage","@id":"https:\/\/www.spyshop.info\/en\/shop\/video-surveillance\/hidden-cameras-with-recording\/ios-charging-station-with-hidden-1080p-camcorder-and-wifi\/","url":"https:\/\/www.spyshop.info\/en\/shop\/video-surveillance\/hidden-cameras-with-recording\/ios-charging-station-with-hidden-1080p-camcorder-and-wifi\/","name":"iOS charging station with hidden 1080p camcorder and WiFi - SpyShop","isPartOf":{"@id":"https:\/\/www.spyshop.info\/#website"},"primaryImageOfPage":{"@id":"https:\/\/www.spyshop.info\/en\/shop\/video-surveillance\/hidden-cameras-with-recording\/ios-charging-station-with-hidden-1080p-camcorder-and-wifi\/#primaryimage"},"image":{"@id":"https:\/\/www.spyshop.info\/en\/shop\/video-surveillance\/hidden-cameras-with-recording\/ios-charging-station-with-hidden-1080p-camcorder-and-wifi\/#primaryimage"},"thumbnailUrl":"https:\/\/www.spyshop.info\/wp-content\/uploads\/2017\/07\/1080pw-1-1.jpg","datePublished":"2017-07-07T10:28:41+00:00","dateModified":"2018-08-15T09:24:51+00:00","breadcrumb":{"@id":"https:\/\/www.spyshop.info\/en\/shop\/video-surveillance\/hidden-cameras-with-recording\/ios-charging-station-with-hidden-1080p-camcorder-and-wifi\/#breadcrumb"},"inLanguage":"en-US","potentialAction":[{"@type":"ReadAction","target":["https:\/\/www.spyshop.info\/en\/shop\/video-surveillance\/hidden-cameras-with-recording\/ios-charging-station-with-hidden-1080p-camcorder-and-wifi\/"]}]},{"@type":"ImageObject","inLanguage":"en-US","@id":"https:\/\/www.spyshop.info\/en\/shop\/video-surveillance\/hidden-cameras-with-recording\/ios-charging-station-with-hidden-1080p-camcorder-and-wifi\/#primaryimage","url":"https:\/\/www.spyshop.info\/wp-content\/uploads\/2017\/07\/1080pw-1-1.jpg","contentUrl":"https:\/\/www.spyshop.info\/wp-content\/uploads\/2017\/07\/1080pw-1-1.jpg","width":800,"height":800},{"@type":"BreadcrumbList","@id":"https:\/\/www.spyshop.info\/en\/shop\/video-surveillance\/hidden-cameras-with-recording\/ios-charging-station-with-hidden-1080p-camcorder-and-wifi\/#breadcrumb","itemListElement":[{"@type":"ListItem","position":1,"name":"Startseite","item":"https:\/\/www.spyshop.info\/en\/"},{"@type":"ListItem","position":2,"name":"Shop","item":"https:\/\/www.spyshop.info\/en\/shop\/"},{"@type":"ListItem","position":3,"name":"iOS charging station with hidden 1080p camcorder and WiFi"}]},{"@type":"WebSite","@id":"https:\/\/www.spyshop.info\/#website","url":"https:\/\/www.spyshop.info\/","name":"SpyShop","description":"Abh\u00f6rger\u00e4te, GPS Sender, \u00dcberwachungskameras","publisher":{"@id":"https:\/\/www.spyshop.info\/#organization"},"potentialAction":[{"@type":"SearchAction","target":{"@type":"EntryPoint","urlTemplate":"https:\/\/www.spyshop.info\/?s={search_term_string}"},"query-input":{"@type":"PropertyValueSpecification","valueRequired":true,"valueName":"search_term_string"}}],"inLanguage":"en-US"},{"@type":"Organization","@id":"https:\/\/www.spyshop.info\/#organization","name":"SpyShop","url":"https:\/\/www.spyshop.info\/","logo":{"@type":"ImageObject","inLanguage":"en-US","@id":"https:\/\/www.spyshop.info\/#\/schema\/logo\/image\/","url":"https:\/\/www.spyshop.info\/wp-content\/uploads\/2016\/11\/cropped-logo-spyshop-02-1-3.jpg","contentUrl":"https:\/\/www.spyshop.info\/wp-content\/uploads\/2016\/11\/cropped-logo-spyshop-02-1-3.jpg","width":1522,"height":435,"caption":"SpyShop"},"image":{"@id":"https:\/\/www.spyshop.info\/#\/schema\/logo\/image\/"}}]}},"_links":{"self":[{"href":"https:\/\/www.spyshop.info\/en\/wp-json\/wp\/v2\/product\/1389","targetHints":{"allow":["GET"]}}],"collection":[{"href":"https:\/\/www.spyshop.info\/en\/wp-json\/wp\/v2\/product"}],"about":[{"href":"https:\/\/www.spyshop.info\/en\/wp-json\/wp\/v2\/types\/product"}],"version-history":[{"count":0,"href":"https:\/\/www.spyshop.info\/en\/wp-json\/wp\/v2\/product\/1389\/revisions"}],"wp:featuredmedia":[{"embeddable":true,"href":"https:\/\/www.spyshop.info\/en\/wp-json\/wp\/v2\/media\/1374"}],"wp:attachment":[{"href":"https:\/\/www.spyshop.info\/en\/wp-json\/wp\/v2\/media?parent=1389"}],"wp:term":[{"taxonomy":"product_brand","embeddable":true,"href":"https:\/\/www.spyshop.info\/en\/wp-json\/wp\/v2\/product_brand?post=1389"},{"taxonomy":"product_cat","embeddable":true,"href":"https:\/\/www.spyshop.info\/en\/wp-json\/wp\/v2\/product_cat?post=1389"},{"taxonomy":"product_tag","embeddable":true,"href":"https:\/\/www.spyshop.info\/en\/wp-json\/wp\/v2\/product_tag?post=1389"}],"curies":[{"name":"wp","href":"https:\/\/api.w.org\/{rel}","templated":true}]}}