{"id":1267,"date":"2017-07-07T09:56:24","date_gmt":"2017-07-07T07:56:59","guid":{"rendered":"https:\/\/www.spyshop.info\/?post_type=product&#038;p=1267"},"modified":"2018-06-13T19:47:50","modified_gmt":"2018-06-13T17:47:50","slug":"bc-720w-pir-camera-module-with-recording-and-wlan","status":"publish","type":"product","link":"https:\/\/www.spyshop.info\/en\/shop\/video-surveillance\/hidden-cameras-with-recording\/bc-720w-pir-camera-module-with-recording-and-wlan\/","title":{"rendered":"BC-720W PIR camera module with recording and WLan"},"content":{"rendered":"<p>With this PIR camera module you are able to place a surveillance recorder into an object of your choice. With the module you get the sharpest videos in HD and a viewing angle of 50 degrees in the simplest way. The sound is also recorded. The device is suitable for microSD cards up to 64GB. So you have all the video data on the card during long absence and you read it out via a video player. This PIR module remains much longer online than a conventional module with motion detection!<br \/>\nVia the free app for iOS or Android you can control the device from anywhere or watch live what is happening in the surrounding.<br \/>\nThis is a top device in perfectly harmless camouflage according to your personal choice.<\/p>\n<p>Technical parameters:<\/p>\n<p>Specifications:<br \/>\nVideo<br \/>\nAudio\tImage Sensor\t1.0 Megapixel HD<br \/>\n\tVideo compression\tH.264 high profile, JPEG snapshot<br \/>\n\tSignal system\tNTSC\/Pal selectable<br \/>\n\tLens\t0.6 mm<br \/>\n\tMin. Illumination\t1.5 Lux<br \/>\n\tFrame rate\t30fps NTSC, 25fps Pal<br \/>\n\tResolution\t1280x720P<br \/>\n\tVideo bit rate\t32Mbps ~ 2.5 Mbps<br \/>\n\tIR cut filter\tYes<br \/>\n\tMicrophone\tBuilt-in (for audio monitoring). Effective up to 5m (16ft)<br \/>\n\tAudio compression\tG711<br \/>\n\t2-way audio\tYes<br \/>\nRecording &amp; Playback\tRecording mode\tMotion detection, manual<br \/>\n\tStorage\tRecord to local SD (up to 32GB, not included); record to remote PC; video or snapshot<br \/>\n\tPlayback\tPlayback via SD reader; real time remote playback<br \/>\nAlarm\tMotion detection\tVMD (video motion detection)<br \/>\n\tWireless network\tWi-Fi 802.11 b\/g\/n<br \/>\n\tView Angle\t50 degree<br \/>\n\tIP mode\tDynamic IP address; static IP address<br \/>\n\tOnline users\t10 users at the same time<br \/>\n\tMobile surveillance\tiPhone, Android<br \/>\n\tPush Alarm\tSupport<br \/>\n\tRemote access\tYes<br \/>\nOthers\tOnvif\tSupport<br \/>\n\tPower\tUSB 5V<br \/>\n\twifi camera board Funtion<br \/>\nwith audio video voice recorder wifi camera board, night vision, taking photo<\/p>\n","protected":false},"excerpt":{"rendered":"<p>Special situations require special tasks. You cannot find a device from our assortment, which you can camouflage well at your site? Then you are in the same situation like some investigators. 720p HD with WLan. Do you want to know more? Then continue reading!<\/p>\n","protected":false},"featured_media":1254,"template":"","meta":[],"product_brand":[],"product_cat":[167,164,168],"product_tag":[],"class_list":{"0":"post-1267","1":"product","2":"type-product","3":"status-publish","4":"has-post-thumbnail","6":"product_cat-hidden-cameras-with-recording","7":"product_cat-video-surveillance","8":"product_cat-hidden-wifi-radio-and-gsm-cameras","10":"first","11":"outofstock","12":"taxable","13":"shipping-taxable","14":"purchasable","15":"product-type-simple"},"yoast_head":"<!-- This site is optimized with the Yoast SEO plugin v27.4 - https:\/\/yoast.com\/product\/yoast-seo-wordpress\/ -->\n<title>BC-720W PIR camera module with recording and WLan - SpyShop<\/title>\n<meta name=\"robots\" content=\"index, follow, max-snippet:-1, max-image-preview:large, max-video-preview:-1\" \/>\n<link rel=\"canonical\" href=\"https:\/\/www.spyshop.info\/en\/shop\/video-surveillance\/hidden-cameras-with-recording\/bc-720w-pir-camera-module-with-recording-and-wlan\/\" \/>\n<meta property=\"og:locale\" content=\"en_US\" \/>\n<meta property=\"og:type\" content=\"article\" \/>\n<meta property=\"og:title\" content=\"BC-720W PIR camera module with recording and WLan - SpyShop\" \/>\n<meta property=\"og:description\" content=\"Special situations require special tasks. You cannot find a device from our assortment, which you can camouflage well at your site? Then you are in the same situation like some investigators. 720p HD with WLan. Do you want to know more? Then continue reading!\" \/>\n<meta property=\"og:url\" content=\"https:\/\/www.spyshop.info\/en\/shop\/video-surveillance\/hidden-cameras-with-recording\/bc-720w-pir-camera-module-with-recording-and-wlan\/\" \/>\n<meta property=\"og:site_name\" content=\"SpyShop\" \/>\n<meta property=\"article:modified_time\" content=\"2018-06-13T17:47:50+00:00\" \/>\n<meta property=\"og:image\" content=\"https:\/\/www.spyshop.info\/wp-content\/uploads\/2017\/07\/BC-720W-01.jpg\" \/>\n\t<meta property=\"og:image:width\" content=\"1029\" \/>\n\t<meta property=\"og:image:height\" content=\"683\" \/>\n\t<meta property=\"og:image:type\" content=\"image\/jpeg\" \/>\n<meta name=\"twitter:card\" content=\"summary_large_image\" \/>\n<meta name=\"twitter:label1\" content=\"Est. reading time\" \/>\n\t<meta name=\"twitter:data1\" content=\"1 minute\" \/>\n<script type=\"application\/ld+json\" class=\"yoast-schema-graph\">{\"@context\":\"https:\\\/\\\/schema.org\",\"@graph\":[{\"@type\":\"WebPage\",\"@id\":\"https:\\\/\\\/www.spyshop.info\\\/en\\\/shop\\\/video-surveillance\\\/hidden-cameras-with-recording\\\/bc-720w-pir-camera-module-with-recording-and-wlan\\\/\",\"url\":\"https:\\\/\\\/www.spyshop.info\\\/en\\\/shop\\\/video-surveillance\\\/hidden-cameras-with-recording\\\/bc-720w-pir-camera-module-with-recording-and-wlan\\\/\",\"name\":\"BC-720W PIR camera module with recording and WLan - SpyShop\",\"isPartOf\":{\"@id\":\"https:\\\/\\\/www.spyshop.info\\\/#website\"},\"primaryImageOfPage\":{\"@id\":\"https:\\\/\\\/www.spyshop.info\\\/en\\\/shop\\\/video-surveillance\\\/hidden-cameras-with-recording\\\/bc-720w-pir-camera-module-with-recording-and-wlan\\\/#primaryimage\"},\"image\":{\"@id\":\"https:\\\/\\\/www.spyshop.info\\\/en\\\/shop\\\/video-surveillance\\\/hidden-cameras-with-recording\\\/bc-720w-pir-camera-module-with-recording-and-wlan\\\/#primaryimage\"},\"thumbnailUrl\":\"https:\\\/\\\/www.spyshop.info\\\/wp-content\\\/uploads\\\/2017\\\/07\\\/BC-720W-01.jpg\",\"datePublished\":\"2017-07-07T07:56:59+00:00\",\"dateModified\":\"2018-06-13T17:47:50+00:00\",\"breadcrumb\":{\"@id\":\"https:\\\/\\\/www.spyshop.info\\\/en\\\/shop\\\/video-surveillance\\\/hidden-cameras-with-recording\\\/bc-720w-pir-camera-module-with-recording-and-wlan\\\/#breadcrumb\"},\"inLanguage\":\"en-US\",\"potentialAction\":[{\"@type\":\"ReadAction\",\"target\":[\"https:\\\/\\\/www.spyshop.info\\\/en\\\/shop\\\/video-surveillance\\\/hidden-cameras-with-recording\\\/bc-720w-pir-camera-module-with-recording-and-wlan\\\/\"]}]},{\"@type\":\"ImageObject\",\"inLanguage\":\"en-US\",\"@id\":\"https:\\\/\\\/www.spyshop.info\\\/en\\\/shop\\\/video-surveillance\\\/hidden-cameras-with-recording\\\/bc-720w-pir-camera-module-with-recording-and-wlan\\\/#primaryimage\",\"url\":\"https:\\\/\\\/www.spyshop.info\\\/wp-content\\\/uploads\\\/2017\\\/07\\\/BC-720W-01.jpg\",\"contentUrl\":\"https:\\\/\\\/www.spyshop.info\\\/wp-content\\\/uploads\\\/2017\\\/07\\\/BC-720W-01.jpg\",\"width\":1029,\"height\":683},{\"@type\":\"BreadcrumbList\",\"@id\":\"https:\\\/\\\/www.spyshop.info\\\/en\\\/shop\\\/video-surveillance\\\/hidden-cameras-with-recording\\\/bc-720w-pir-camera-module-with-recording-and-wlan\\\/#breadcrumb\",\"itemListElement\":[{\"@type\":\"ListItem\",\"position\":1,\"name\":\"Startseite\",\"item\":\"https:\\\/\\\/www.spyshop.info\\\/en\\\/\"},{\"@type\":\"ListItem\",\"position\":2,\"name\":\"Shop\",\"item\":\"https:\\\/\\\/www.spyshop.info\\\/en\\\/shop\\\/\"},{\"@type\":\"ListItem\",\"position\":3,\"name\":\"BC-720W PIR camera module with recording and WLan\"}]},{\"@type\":\"WebSite\",\"@id\":\"https:\\\/\\\/www.spyshop.info\\\/#website\",\"url\":\"https:\\\/\\\/www.spyshop.info\\\/\",\"name\":\"SpyShop\",\"description\":\"Abh\u00f6rger\u00e4te, GPS Sender, \u00dcberwachungskameras\",\"publisher\":{\"@id\":\"https:\\\/\\\/www.spyshop.info\\\/#organization\"},\"potentialAction\":[{\"@type\":\"SearchAction\",\"target\":{\"@type\":\"EntryPoint\",\"urlTemplate\":\"https:\\\/\\\/www.spyshop.info\\\/?s={search_term_string}\"},\"query-input\":{\"@type\":\"PropertyValueSpecification\",\"valueRequired\":true,\"valueName\":\"search_term_string\"}}],\"inLanguage\":\"en-US\"},{\"@type\":\"Organization\",\"@id\":\"https:\\\/\\\/www.spyshop.info\\\/#organization\",\"name\":\"SpyShop\",\"url\":\"https:\\\/\\\/www.spyshop.info\\\/\",\"logo\":{\"@type\":\"ImageObject\",\"inLanguage\":\"en-US\",\"@id\":\"https:\\\/\\\/www.spyshop.info\\\/#\\\/schema\\\/logo\\\/image\\\/\",\"url\":\"https:\\\/\\\/www.spyshop.info\\\/wp-content\\\/uploads\\\/2016\\\/11\\\/cropped-logo-spyshop-02-1-3.jpg\",\"contentUrl\":\"https:\\\/\\\/www.spyshop.info\\\/wp-content\\\/uploads\\\/2016\\\/11\\\/cropped-logo-spyshop-02-1-3.jpg\",\"width\":1522,\"height\":435,\"caption\":\"SpyShop\"},\"image\":{\"@id\":\"https:\\\/\\\/www.spyshop.info\\\/#\\\/schema\\\/logo\\\/image\\\/\"}}]}<\/script>\n<!-- \/ Yoast SEO plugin. -->","yoast_head_json":{"title":"BC-720W PIR camera module with recording and WLan - SpyShop","robots":{"index":"index","follow":"follow","max-snippet":"max-snippet:-1","max-image-preview":"max-image-preview:large","max-video-preview":"max-video-preview:-1"},"canonical":"https:\/\/www.spyshop.info\/en\/shop\/video-surveillance\/hidden-cameras-with-recording\/bc-720w-pir-camera-module-with-recording-and-wlan\/","og_locale":"en_US","og_type":"article","og_title":"BC-720W PIR camera module with recording and WLan - SpyShop","og_description":"Special situations require special tasks. You cannot find a device from our assortment, which you can camouflage well at your site? Then you are in the same situation like some investigators. 720p HD with WLan. Do you want to know more? Then continue reading!","og_url":"https:\/\/www.spyshop.info\/en\/shop\/video-surveillance\/hidden-cameras-with-recording\/bc-720w-pir-camera-module-with-recording-and-wlan\/","og_site_name":"SpyShop","article_modified_time":"2018-06-13T17:47:50+00:00","og_image":[{"width":1029,"height":683,"url":"https:\/\/www.spyshop.info\/wp-content\/uploads\/2017\/07\/BC-720W-01.jpg","type":"image\/jpeg"}],"twitter_card":"summary_large_image","twitter_misc":{"Est. reading time":"1 minute"},"schema":{"@context":"https:\/\/schema.org","@graph":[{"@type":"WebPage","@id":"https:\/\/www.spyshop.info\/en\/shop\/video-surveillance\/hidden-cameras-with-recording\/bc-720w-pir-camera-module-with-recording-and-wlan\/","url":"https:\/\/www.spyshop.info\/en\/shop\/video-surveillance\/hidden-cameras-with-recording\/bc-720w-pir-camera-module-with-recording-and-wlan\/","name":"BC-720W PIR camera module with recording and WLan - SpyShop","isPartOf":{"@id":"https:\/\/www.spyshop.info\/#website"},"primaryImageOfPage":{"@id":"https:\/\/www.spyshop.info\/en\/shop\/video-surveillance\/hidden-cameras-with-recording\/bc-720w-pir-camera-module-with-recording-and-wlan\/#primaryimage"},"image":{"@id":"https:\/\/www.spyshop.info\/en\/shop\/video-surveillance\/hidden-cameras-with-recording\/bc-720w-pir-camera-module-with-recording-and-wlan\/#primaryimage"},"thumbnailUrl":"https:\/\/www.spyshop.info\/wp-content\/uploads\/2017\/07\/BC-720W-01.jpg","datePublished":"2017-07-07T07:56:59+00:00","dateModified":"2018-06-13T17:47:50+00:00","breadcrumb":{"@id":"https:\/\/www.spyshop.info\/en\/shop\/video-surveillance\/hidden-cameras-with-recording\/bc-720w-pir-camera-module-with-recording-and-wlan\/#breadcrumb"},"inLanguage":"en-US","potentialAction":[{"@type":"ReadAction","target":["https:\/\/www.spyshop.info\/en\/shop\/video-surveillance\/hidden-cameras-with-recording\/bc-720w-pir-camera-module-with-recording-and-wlan\/"]}]},{"@type":"ImageObject","inLanguage":"en-US","@id":"https:\/\/www.spyshop.info\/en\/shop\/video-surveillance\/hidden-cameras-with-recording\/bc-720w-pir-camera-module-with-recording-and-wlan\/#primaryimage","url":"https:\/\/www.spyshop.info\/wp-content\/uploads\/2017\/07\/BC-720W-01.jpg","contentUrl":"https:\/\/www.spyshop.info\/wp-content\/uploads\/2017\/07\/BC-720W-01.jpg","width":1029,"height":683},{"@type":"BreadcrumbList","@id":"https:\/\/www.spyshop.info\/en\/shop\/video-surveillance\/hidden-cameras-with-recording\/bc-720w-pir-camera-module-with-recording-and-wlan\/#breadcrumb","itemListElement":[{"@type":"ListItem","position":1,"name":"Startseite","item":"https:\/\/www.spyshop.info\/en\/"},{"@type":"ListItem","position":2,"name":"Shop","item":"https:\/\/www.spyshop.info\/en\/shop\/"},{"@type":"ListItem","position":3,"name":"BC-720W PIR camera module with recording and WLan"}]},{"@type":"WebSite","@id":"https:\/\/www.spyshop.info\/#website","url":"https:\/\/www.spyshop.info\/","name":"SpyShop","description":"Abh\u00f6rger\u00e4te, GPS Sender, \u00dcberwachungskameras","publisher":{"@id":"https:\/\/www.spyshop.info\/#organization"},"potentialAction":[{"@type":"SearchAction","target":{"@type":"EntryPoint","urlTemplate":"https:\/\/www.spyshop.info\/?s={search_term_string}"},"query-input":{"@type":"PropertyValueSpecification","valueRequired":true,"valueName":"search_term_string"}}],"inLanguage":"en-US"},{"@type":"Organization","@id":"https:\/\/www.spyshop.info\/#organization","name":"SpyShop","url":"https:\/\/www.spyshop.info\/","logo":{"@type":"ImageObject","inLanguage":"en-US","@id":"https:\/\/www.spyshop.info\/#\/schema\/logo\/image\/","url":"https:\/\/www.spyshop.info\/wp-content\/uploads\/2016\/11\/cropped-logo-spyshop-02-1-3.jpg","contentUrl":"https:\/\/www.spyshop.info\/wp-content\/uploads\/2016\/11\/cropped-logo-spyshop-02-1-3.jpg","width":1522,"height":435,"caption":"SpyShop"},"image":{"@id":"https:\/\/www.spyshop.info\/#\/schema\/logo\/image\/"}}]}},"_links":{"self":[{"href":"https:\/\/www.spyshop.info\/en\/wp-json\/wp\/v2\/product\/1267","targetHints":{"allow":["GET"]}}],"collection":[{"href":"https:\/\/www.spyshop.info\/en\/wp-json\/wp\/v2\/product"}],"about":[{"href":"https:\/\/www.spyshop.info\/en\/wp-json\/wp\/v2\/types\/product"}],"version-history":[{"count":0,"href":"https:\/\/www.spyshop.info\/en\/wp-json\/wp\/v2\/product\/1267\/revisions"}],"wp:featuredmedia":[{"embeddable":true,"href":"https:\/\/www.spyshop.info\/en\/wp-json\/wp\/v2\/media\/1254"}],"wp:attachment":[{"href":"https:\/\/www.spyshop.info\/en\/wp-json\/wp\/v2\/media?parent=1267"}],"wp:term":[{"taxonomy":"product_brand","embeddable":true,"href":"https:\/\/www.spyshop.info\/en\/wp-json\/wp\/v2\/product_brand?post=1267"},{"taxonomy":"product_cat","embeddable":true,"href":"https:\/\/www.spyshop.info\/en\/wp-json\/wp\/v2\/product_cat?post=1267"},{"taxonomy":"product_tag","embeddable":true,"href":"https:\/\/www.spyshop.info\/en\/wp-json\/wp\/v2\/product_tag?post=1267"}],"curies":[{"name":"wp","href":"https:\/\/api.w.org\/{rel}","templated":true}]}}