{"id":1193,"date":"2017-07-05T14:27:15","date_gmt":"2017-07-05T12:27:15","guid":{"rendered":"https:\/\/www.spyshop.info\/shop\/unkategorisiert\/gtracker-gt-f-2\/"},"modified":"2019-05-05T09:59:52","modified_gmt":"2019-05-05T07:59:52","slug":"gtracker-gt-f","status":"publish","type":"product","link":"https:\/\/www.spyshop.info\/en\/shop\/gps-surveillance\/gps-trackers\/gtracker-gt-f\/","title":{"rendered":"Gtracker GT-F"},"content":{"rendered":"<p>Of course, you can also locate the transmitter via P2P, by SMS. It is much more comfortable, however, if you use our Gtracker location portal (including free app).<br \/>\nIn this case, you have then not only point locations, but also current, second-to-moment movements as well as past driving books. We will gladly configure a SIM card for you and deliver the device with it. It is working worldwide.<br \/>\nYou can also connect a microphone to the GT-F, block the fuel supply from afar and other functions, such as a fuel gauge to stop fuel theft in your vehicle fleet.<\/p>\n<p>Further features:<\/p>\n<p>-) Settings remotely changeable via SMS<br \/>\n-) Geofencing (you define a circumference if you want an incoming or outgoing station in this area to be signaled with notification)<br \/>\n-) Movement alarm<br \/>\n-) Alarm in case of speed violation<br \/>\n-) Sleep mode during non-movement<br \/>\n-) Possibility to connect a microphone in order to be able to listen to the transmitter environment<\/p>\n<p>Technical parameters:<\/p>\n<p>Content Specs.<br \/>\nDim. 94mm x 45mm x 10mm<br \/>\nWeight 85g<br \/>\nNetwork GSM\/GPRS<br \/>\nBand 850\/900\/1800\/1900Mhz<br \/>\nGPS chip UBLOX<br \/>\nGPS sensitivity -159dBm<br \/>\nGPS accuracy 10m<br \/>\nTime To First Fix Cold status 35-80s<br \/>\nWarm status 35s<br \/>\nHot status 1s<br \/>\nvoltage input 9\uff0d75V input<\/p>\n<p>Battery Build-in 3.7V 370mAh Li-ion battery<br \/>\nStorage Temp. -40\u00b0C to +85\u00b0C<br \/>\nOperation Temp. -20\u00b0C to +55\u00b0C<br \/>\nHumidity 5%&#8211;95% non-condensing<\/p>\n","protected":false},"excerpt":{"rendered":"<p>The Gtracker GT-F is the fix-mounting device in the family of our mobile GPS transmitters. The device is connected to the car battery and also has an internal buffer battery. If the battery of the vehicle should be disconnected in the course of theft, the unit goes on transmitting. The device size also allows the installation in motorcycles.<\/p>\n","protected":false},"featured_media":1186,"template":"","meta":[],"product_brand":[],"product_cat":[152,153],"product_tag":[],"class_list":{"0":"post-1193","1":"product","2":"type-product","3":"status-publish","4":"has-post-thumbnail","6":"product_cat-gps-surveillance","7":"product_cat-gps-trackers","9":"first","10":"instock","11":"taxable","12":"shipping-taxable","13":"purchasable","14":"product-type-simple"},"yoast_head":"<!-- This site is optimized with the Yoast SEO plugin v27.6 - https:\/\/yoast.com\/product\/yoast-seo-wordpress\/ -->\n<title>Gtracker GT-F - SpyShop<\/title>\n<meta name=\"robots\" content=\"index, follow, max-snippet:-1, max-image-preview:large, max-video-preview:-1\" \/>\n<link rel=\"canonical\" href=\"https:\/\/www.spyshop.info\/en\/shop\/gps-surveillance\/gps-trackers\/gtracker-gt-f\/\" \/>\n<meta property=\"og:locale\" content=\"en_US\" \/>\n<meta property=\"og:type\" content=\"article\" \/>\n<meta property=\"og:title\" content=\"Gtracker GT-F - SpyShop\" \/>\n<meta property=\"og:description\" content=\"The Gtracker GT-F is the fix-mounting device in the family of our mobile GPS transmitters. The device is connected to the car battery and also has an internal buffer battery. If the battery of the vehicle should be disconnected in the course of theft, the unit goes on transmitting. The device size also allows the installation in motorcycles.\" \/>\n<meta property=\"og:url\" content=\"https:\/\/www.spyshop.info\/en\/shop\/gps-surveillance\/gps-trackers\/gtracker-gt-f\/\" \/>\n<meta property=\"og:site_name\" content=\"SpyShop\" \/>\n<meta property=\"article:modified_time\" content=\"2019-05-05T07:59:52+00:00\" \/>\n<meta property=\"og:image\" content=\"https:\/\/www.spyshop.info\/wp-content\/uploads\/2017\/07\/LK206.jpg\" \/>\n\t<meta property=\"og:image:width\" content=\"750\" \/>\n\t<meta property=\"og:image:height\" content=\"700\" \/>\n\t<meta property=\"og:image:type\" content=\"image\/jpeg\" \/>\n<meta name=\"twitter:card\" content=\"summary_large_image\" \/>\n<meta name=\"twitter:label1\" content=\"Est. reading time\" \/>\n\t<meta name=\"twitter:data1\" content=\"1 minute\" \/>\n<script type=\"application\/ld+json\" class=\"yoast-schema-graph\">{\"@context\":\"https:\\\/\\\/schema.org\",\"@graph\":[{\"@type\":\"WebPage\",\"@id\":\"https:\\\/\\\/www.spyshop.info\\\/en\\\/shop\\\/gps-surveillance\\\/gps-trackers\\\/gtracker-gt-f\\\/\",\"url\":\"https:\\\/\\\/www.spyshop.info\\\/en\\\/shop\\\/gps-surveillance\\\/gps-trackers\\\/gtracker-gt-f\\\/\",\"name\":\"Gtracker GT-F - SpyShop\",\"isPartOf\":{\"@id\":\"https:\\\/\\\/www.spyshop.info\\\/#website\"},\"primaryImageOfPage\":{\"@id\":\"https:\\\/\\\/www.spyshop.info\\\/en\\\/shop\\\/gps-surveillance\\\/gps-trackers\\\/gtracker-gt-f\\\/#primaryimage\"},\"image\":{\"@id\":\"https:\\\/\\\/www.spyshop.info\\\/en\\\/shop\\\/gps-surveillance\\\/gps-trackers\\\/gtracker-gt-f\\\/#primaryimage\"},\"thumbnailUrl\":\"https:\\\/\\\/www.spyshop.info\\\/wp-content\\\/uploads\\\/2017\\\/07\\\/LK206.jpg\",\"datePublished\":\"2017-07-05T12:27:15+00:00\",\"dateModified\":\"2019-05-05T07:59:52+00:00\",\"breadcrumb\":{\"@id\":\"https:\\\/\\\/www.spyshop.info\\\/en\\\/shop\\\/gps-surveillance\\\/gps-trackers\\\/gtracker-gt-f\\\/#breadcrumb\"},\"inLanguage\":\"en-US\",\"potentialAction\":[{\"@type\":\"ReadAction\",\"target\":[\"https:\\\/\\\/www.spyshop.info\\\/en\\\/shop\\\/gps-surveillance\\\/gps-trackers\\\/gtracker-gt-f\\\/\"]}]},{\"@type\":\"ImageObject\",\"inLanguage\":\"en-US\",\"@id\":\"https:\\\/\\\/www.spyshop.info\\\/en\\\/shop\\\/gps-surveillance\\\/gps-trackers\\\/gtracker-gt-f\\\/#primaryimage\",\"url\":\"https:\\\/\\\/www.spyshop.info\\\/wp-content\\\/uploads\\\/2017\\\/07\\\/LK206.jpg\",\"contentUrl\":\"https:\\\/\\\/www.spyshop.info\\\/wp-content\\\/uploads\\\/2017\\\/07\\\/LK206.jpg\",\"width\":750,\"height\":700},{\"@type\":\"BreadcrumbList\",\"@id\":\"https:\\\/\\\/www.spyshop.info\\\/en\\\/shop\\\/gps-surveillance\\\/gps-trackers\\\/gtracker-gt-f\\\/#breadcrumb\",\"itemListElement\":[{\"@type\":\"ListItem\",\"position\":1,\"name\":\"Startseite\",\"item\":\"https:\\\/\\\/www.spyshop.info\\\/en\\\/\"},{\"@type\":\"ListItem\",\"position\":2,\"name\":\"Shop\",\"item\":\"https:\\\/\\\/www.spyshop.info\\\/en\\\/shop\\\/\"},{\"@type\":\"ListItem\",\"position\":3,\"name\":\"Gtracker GT-F\"}]},{\"@type\":\"WebSite\",\"@id\":\"https:\\\/\\\/www.spyshop.info\\\/#website\",\"url\":\"https:\\\/\\\/www.spyshop.info\\\/\",\"name\":\"SpyShop\",\"description\":\"Abh\u00f6rger\u00e4te, GPS Sender, \u00dcberwachungskameras\",\"publisher\":{\"@id\":\"https:\\\/\\\/www.spyshop.info\\\/#organization\"},\"potentialAction\":[{\"@type\":\"SearchAction\",\"target\":{\"@type\":\"EntryPoint\",\"urlTemplate\":\"https:\\\/\\\/www.spyshop.info\\\/?s={search_term_string}\"},\"query-input\":{\"@type\":\"PropertyValueSpecification\",\"valueRequired\":true,\"valueName\":\"search_term_string\"}}],\"inLanguage\":\"en-US\"},{\"@type\":\"Organization\",\"@id\":\"https:\\\/\\\/www.spyshop.info\\\/#organization\",\"name\":\"SpyShop\",\"url\":\"https:\\\/\\\/www.spyshop.info\\\/\",\"logo\":{\"@type\":\"ImageObject\",\"inLanguage\":\"en-US\",\"@id\":\"https:\\\/\\\/www.spyshop.info\\\/#\\\/schema\\\/logo\\\/image\\\/\",\"url\":\"https:\\\/\\\/www.spyshop.info\\\/wp-content\\\/uploads\\\/2016\\\/11\\\/cropped-logo-spyshop-02-1-3.jpg\",\"contentUrl\":\"https:\\\/\\\/www.spyshop.info\\\/wp-content\\\/uploads\\\/2016\\\/11\\\/cropped-logo-spyshop-02-1-3.jpg\",\"width\":1522,\"height\":435,\"caption\":\"SpyShop\"},\"image\":{\"@id\":\"https:\\\/\\\/www.spyshop.info\\\/#\\\/schema\\\/logo\\\/image\\\/\"}}]}<\/script>\n<!-- \/ Yoast SEO plugin. -->","yoast_head_json":{"title":"Gtracker GT-F - SpyShop","robots":{"index":"index","follow":"follow","max-snippet":"max-snippet:-1","max-image-preview":"max-image-preview:large","max-video-preview":"max-video-preview:-1"},"canonical":"https:\/\/www.spyshop.info\/en\/shop\/gps-surveillance\/gps-trackers\/gtracker-gt-f\/","og_locale":"en_US","og_type":"article","og_title":"Gtracker GT-F - SpyShop","og_description":"The Gtracker GT-F is the fix-mounting device in the family of our mobile GPS transmitters. The device is connected to the car battery and also has an internal buffer battery. If the battery of the vehicle should be disconnected in the course of theft, the unit goes on transmitting. The device size also allows the installation in motorcycles.","og_url":"https:\/\/www.spyshop.info\/en\/shop\/gps-surveillance\/gps-trackers\/gtracker-gt-f\/","og_site_name":"SpyShop","article_modified_time":"2019-05-05T07:59:52+00:00","og_image":[{"width":750,"height":700,"url":"https:\/\/www.spyshop.info\/wp-content\/uploads\/2017\/07\/LK206.jpg","type":"image\/jpeg"}],"twitter_card":"summary_large_image","twitter_misc":{"Est. reading time":"1 minute"},"schema":{"@context":"https:\/\/schema.org","@graph":[{"@type":"WebPage","@id":"https:\/\/www.spyshop.info\/en\/shop\/gps-surveillance\/gps-trackers\/gtracker-gt-f\/","url":"https:\/\/www.spyshop.info\/en\/shop\/gps-surveillance\/gps-trackers\/gtracker-gt-f\/","name":"Gtracker GT-F - SpyShop","isPartOf":{"@id":"https:\/\/www.spyshop.info\/#website"},"primaryImageOfPage":{"@id":"https:\/\/www.spyshop.info\/en\/shop\/gps-surveillance\/gps-trackers\/gtracker-gt-f\/#primaryimage"},"image":{"@id":"https:\/\/www.spyshop.info\/en\/shop\/gps-surveillance\/gps-trackers\/gtracker-gt-f\/#primaryimage"},"thumbnailUrl":"https:\/\/www.spyshop.info\/wp-content\/uploads\/2017\/07\/LK206.jpg","datePublished":"2017-07-05T12:27:15+00:00","dateModified":"2019-05-05T07:59:52+00:00","breadcrumb":{"@id":"https:\/\/www.spyshop.info\/en\/shop\/gps-surveillance\/gps-trackers\/gtracker-gt-f\/#breadcrumb"},"inLanguage":"en-US","potentialAction":[{"@type":"ReadAction","target":["https:\/\/www.spyshop.info\/en\/shop\/gps-surveillance\/gps-trackers\/gtracker-gt-f\/"]}]},{"@type":"ImageObject","inLanguage":"en-US","@id":"https:\/\/www.spyshop.info\/en\/shop\/gps-surveillance\/gps-trackers\/gtracker-gt-f\/#primaryimage","url":"https:\/\/www.spyshop.info\/wp-content\/uploads\/2017\/07\/LK206.jpg","contentUrl":"https:\/\/www.spyshop.info\/wp-content\/uploads\/2017\/07\/LK206.jpg","width":750,"height":700},{"@type":"BreadcrumbList","@id":"https:\/\/www.spyshop.info\/en\/shop\/gps-surveillance\/gps-trackers\/gtracker-gt-f\/#breadcrumb","itemListElement":[{"@type":"ListItem","position":1,"name":"Startseite","item":"https:\/\/www.spyshop.info\/en\/"},{"@type":"ListItem","position":2,"name":"Shop","item":"https:\/\/www.spyshop.info\/en\/shop\/"},{"@type":"ListItem","position":3,"name":"Gtracker GT-F"}]},{"@type":"WebSite","@id":"https:\/\/www.spyshop.info\/#website","url":"https:\/\/www.spyshop.info\/","name":"SpyShop","description":"Abh\u00f6rger\u00e4te, GPS Sender, \u00dcberwachungskameras","publisher":{"@id":"https:\/\/www.spyshop.info\/#organization"},"potentialAction":[{"@type":"SearchAction","target":{"@type":"EntryPoint","urlTemplate":"https:\/\/www.spyshop.info\/?s={search_term_string}"},"query-input":{"@type":"PropertyValueSpecification","valueRequired":true,"valueName":"search_term_string"}}],"inLanguage":"en-US"},{"@type":"Organization","@id":"https:\/\/www.spyshop.info\/#organization","name":"SpyShop","url":"https:\/\/www.spyshop.info\/","logo":{"@type":"ImageObject","inLanguage":"en-US","@id":"https:\/\/www.spyshop.info\/#\/schema\/logo\/image\/","url":"https:\/\/www.spyshop.info\/wp-content\/uploads\/2016\/11\/cropped-logo-spyshop-02-1-3.jpg","contentUrl":"https:\/\/www.spyshop.info\/wp-content\/uploads\/2016\/11\/cropped-logo-spyshop-02-1-3.jpg","width":1522,"height":435,"caption":"SpyShop"},"image":{"@id":"https:\/\/www.spyshop.info\/#\/schema\/logo\/image\/"}}]}},"_links":{"self":[{"href":"https:\/\/www.spyshop.info\/en\/wp-json\/wp\/v2\/product\/1193","targetHints":{"allow":["GET"]}}],"collection":[{"href":"https:\/\/www.spyshop.info\/en\/wp-json\/wp\/v2\/product"}],"about":[{"href":"https:\/\/www.spyshop.info\/en\/wp-json\/wp\/v2\/types\/product"}],"version-history":[{"count":0,"href":"https:\/\/www.spyshop.info\/en\/wp-json\/wp\/v2\/product\/1193\/revisions"}],"wp:featuredmedia":[{"embeddable":true,"href":"https:\/\/www.spyshop.info\/en\/wp-json\/wp\/v2\/media\/1186"}],"wp:attachment":[{"href":"https:\/\/www.spyshop.info\/en\/wp-json\/wp\/v2\/media?parent=1193"}],"wp:term":[{"taxonomy":"product_brand","embeddable":true,"href":"https:\/\/www.spyshop.info\/en\/wp-json\/wp\/v2\/product_brand?post=1193"},{"taxonomy":"product_cat","embeddable":true,"href":"https:\/\/www.spyshop.info\/en\/wp-json\/wp\/v2\/product_cat?post=1193"},{"taxonomy":"product_tag","embeddable":true,"href":"https:\/\/www.spyshop.info\/en\/wp-json\/wp\/v2\/product_tag?post=1193"}],"curies":[{"name":"wp","href":"https:\/\/api.w.org\/{rel}","templated":true}]}}